{"id":60,"date":"2025-09-05T00:55:51","date_gmt":"2025-09-05T00:55:51","guid":{"rendered":"https:\/\/vignettego.com\/highway-vignette-europe\/otoyol-e-vinyetleri-avrupa-2025-gezginin-rehberi-acik-insani-abartisiz\/"},"modified":"2026-01-05T22:13:36","modified_gmt":"2026-01-05T22:13:36","slug":"otoyol-e-vinyetleri-avrupa-2025-gezginin-rehberi-acik-insani-abartisiz","status":"publish","type":"page","link":"https:\/\/vignettego.com\/highway-vignette-europe\/tr\/","title":{"rendered":"Otoyol E-Vinyetleri Avrupa: 2025 Gezginin Rehberi (a\u00e7\u0131k, insani, abart\u0131s\u0131z)"},"content":{"rendered":"\n<p><em>Avrupa <a href=\"https:\/\/vignettego.com\/\">Otoyol Vinyeti<\/a>: Nerede \u0130htiyac\u0131n\u0131z Var ve Nas\u0131l Sat\u0131n Alabilirsiniz (2026 K\u0131lavuzu)<\/em><\/p>\n\n<p>Avrupa&#8217;da bir yolculu\u011fa \u00e7\u0131kmay\u0131 planl\u0131yorsan\u0131z, kula\u011fa s\u00fcsl\u00fc gelen ama asl\u0131nda sadece &#8220;\u00f6n \u00f6demeli yol eri\u015fimi&#8221; anlam\u0131na gelen bir kelimeyle hemen kar\u015f\u0131la\u015facaks\u0131n\u0131z: <strong><a href=\"https:\/\/vignettego.com\/\">vinyet<\/a><\/strong>.  <\/p>\n\n<p>Bunu, belirli otoyollar\u0131 belirli bir s\u00fcre boyunca kullanman\u0131za izin veren, plakan\u0131za ba\u011fl\u0131 dijital bir ge\u00e7i\u015f kart\u0131 olarak d\u00fc\u015f\u00fcn\u00fcn. Fikir basit, uygulama zor, \u00e7\u00fcnk\u00fc kurallar \u00fclkeden \u00fclkeye de\u011fi\u015fiyor. <\/p>\n\n<div style=\"height:30px\" aria-hidden=\"true\" class=\"wp-block-spacer\"><\/div>\n\n<div class=\"wp-block-buttons is-content-justification-center is-layout-flex wp-container-core-buttons-is-layout-a89b3969 wp-block-buttons-is-layout-flex\">\n<div class=\"wp-block-button\"><a class=\"wp-block-button__link wp-element-button\" href=\"https:\/\/vignettego.com\/\">VignetteGo&#8217;yu ke\u015ffedin<\/a><\/div>\n<\/div>\n\n<div style=\"height:30px\" aria-hidden=\"true\" class=\"wp-block-spacer\"><\/div>\n\n<p>A\u015fa\u011f\u0131da, vinyetlerin nerede kullan\u0131ld\u0131\u011f\u0131n\u0131, do\u011fru olan\u0131 nas\u0131l sat\u0131n alaca\u011f\u0131n\u0131z\u0131, ne kadar dayand\u0131klar\u0131n\u0131 ve ac\u0131 verici cezalardan nas\u0131l ka\u00e7\u0131naca\u011f\u0131n\u0131z\u0131 anlaman\u0131za yard\u0131mc\u0131 olacak samimi, sa\u00e7ma olmayan bir rehber bulunmaktad\u0131r. Ayr\u0131ca motoru \u00e7al\u0131\u015ft\u0131rmadan \u00f6nce takip edebilece\u011finiz kolay bir kontrol listesi de verece\u011fim. <\/p>\n\n<p><\/p>\n\n<hr class=\"wp-block-separator has-alpha-channel-opacity\"\/>\n\n<h2 class=\"wp-block-heading\">TL;DR (h\u0131zl\u0131 cevap)<\/h2>\n\n<ul class=\"wp-block-list\">\n<li><strong>AB&#8217;de <a href=\"https:\/\/vignettego.com\/\">otoyol vinyetine<\/a> ihtiya\u00e7 duydu\u011funuz yerler (binek ara\u00e7lar, M1 \u2264 3,5t):<\/strong> <strong>Avusturya, \u00c7ekya, Macaristan, Romanya, Slovakya, Slovenya, Bulgaristan.<\/strong><br\/>(\u0130svi\u00e7re de vinyet kullan\u0131yor, ancak AB&#8217;de de\u011fil).<\/li>\n\n\n\n<li><strong>Vinyet kullanmad\u0131\u011f\u0131n\u0131z yerler:<\/strong> Di\u011fer AB \u00fclkelerinin \u00e7o\u011funda gi\u015feler <strong>, serbest<a href=\"https:\/\/vignettego.com\/\">ge\u00e7i\u015f<\/a> \u00fccretleri veya<\/strong> otomobiller i\u00e7in <strong>\u00fccret al\u0131nmamaktad\u0131r<\/strong> (\u00f6rne\u011fin Fransa, \u0130talya, \u0130spanya, Portekiz, H\u0131rvatistan, Polonya, \u0130rlanda&#8217;n\u0131n M50&#8217;si, Danimarka\/\u0130sve\u00e7 k\u00f6pr\u00fcleri).<\/li>\n\n\n\n<li><strong>Vinyetlerin s\u00fcresi:<\/strong> genellikle <strong>k\u0131sa s\u00fcreli<\/strong> (yakla\u015f\u0131k bir hafta\/10 g\u00fcn), <strong>ayl\u0131k<\/strong> ve <strong>y\u0131ll\u0131k<\/strong> se\u00e7enekler. Baz\u0131 yerler <strong>1 g\u00fcnl\u00fck<\/strong> veya <strong>hafta sonu<\/strong> se\u00e7enekleri de sunmaktad\u0131r. <\/li>\n\n\n\n<li><strong>Nas\u0131l sat\u0131n al\u0131n\u0131r:<\/strong> Birka\u00e7 dakika i\u00e7inde \u00e7evrimi\u00e7i. <strong>\u00dclkenizi<\/strong>, <strong>arac\u0131n\u0131z\u0131<\/strong>, <strong>ba\u015flang\u0131\u00e7 tarihinizi<\/strong> ve <strong>ge\u00e7erlilik<\/strong> s\u00fcrenizi se\u00e7eceksiniz. Ge\u00e7i\u015f kart\u0131n\u0131z <strong>plakan\u0131za<\/strong> ba\u011fl\u0131d\u0131r.  <\/li>\n\n\n\n<li><strong>Ka\u00e7\u0131n\u0131lmas\u0131 gereken en b\u00fcy\u00fck hatalar:<\/strong> yanl\u0131\u015f plaka dizesi, yanl\u0131\u015f ba\u015flang\u0131\u00e7 tarihi\/saati veya bir vinyetin birden fazla \u00fclkede \u00e7al\u0131\u015ft\u0131\u011f\u0131n\u0131 varsaymak (\u00e7al\u0131\u015fmaz).<\/li>\n<\/ul>\n\n<div style=\"height:30px\" aria-hidden=\"true\" class=\"wp-block-spacer\"><\/div>\n\n<div class=\"wp-block-buttons is-content-justification-center is-layout-flex wp-container-core-buttons-is-layout-a89b3969 wp-block-buttons-is-layout-flex\">\n<div class=\"wp-block-button\"><a class=\"wp-block-button__link wp-element-button\" href=\"https:\/\/vignettego.com\/\">\u015eimdi Ba\u015flay\u0131n &#8211; VignetteGo<\/a><\/div>\n<\/div>\n\n<div style=\"height:30px\" aria-hidden=\"true\" class=\"wp-block-spacer\"><\/div>\n\n<hr class=\"wp-block-separator has-alpha-channel-opacity\"\/>\n\n<h2 class=\"wp-block-heading\">Vinyet tam olarak nedir?<\/h2>\n\n<p><strong>Vinyet<\/strong>, <strong>zamana dayal\u0131<\/strong> bir <a href=\"https:\/\/vignettego.com\/\">otoyol ge\u00e7i\u015f kart\u0131d\u0131r<\/a>. Kilometre ya da b\u00f6l\u00fcm ba\u015f\u0131na \u00fccret alan otoyol gi\u015felerinin aksine, vinyet ge\u00e7erlilik s\u00fcresi boyunca (baz\u0131 yerel istisnalar d\u0131\u015f\u0131nda) ilgili a\u011f \u00fczerinde s\u0131n\u0131rs\u0131z seyahat imkan\u0131 sa\u011flar. G\u00fcn\u00fcm\u00fczde \u00e7o\u011funlukla <strong>dijitaldir<\/strong>, bu nedenle plakan\u0131z\u0131 kontrol <strong>eden etiket uygulay\u0131c\u0131<\/strong>kameralar yoktur.  <\/p>\n\n<p>\u00d6nemli noktalar:<\/p>\n\n<ul class=\"wp-block-list\">\n<li><strong>Plakan\u0131zla ba\u011flant\u0131l\u0131:<\/strong> karakterleri ve \u00fclke kodunu \u00fc\u00e7 kez kontrol edin.<\/li>\n\n\n\n<li><strong>Zaman kutulu:<\/strong> ge\u00e7erlili\u011fin ne zaman ba\u015flayaca\u011f\u0131n\u0131 siz se\u00e7ersiniz (hemen veya ileri bir tarih).<\/li>\n\n\n\n<li><strong>Ara\u00e7 s\u0131n\u0131f\u0131 \u00f6nemlidir:<\/strong> a\u015fa\u011f\u0131daki kurallar\u0131n \u00e7o\u011funda standart bir binek otomobil (M1 \u2264 3,5 t) varsay\u0131lmaktad\u0131r.<\/li>\n<\/ul>\n\n<p><\/p>\n\n<hr class=\"wp-block-separator has-alpha-channel-opacity\"\/>\n\n<h2 class=\"wp-block-heading\">\u0130htiya\u00e7 duyaca\u011f\u0131n\u0131z yerler (binek ara\u00e7lar)<\/h2>\n\n<p><strong>Otomobiller i\u00e7in vinyet sistemi kullanan AB \u00fclkeleri:<\/strong><\/p>\n\n<ul class=\"wp-block-list\">\n<li><strong>Avusturya (AT)<\/strong><\/li>\n\n\n\n<li><strong>\u00c7ekya (CZ)<\/strong><\/li>\n\n\n\n<li><strong>Macaristan (HU)<\/strong><\/li>\n\n\n\n<li><strong>Romanya (RO)<\/strong> (genellikle <em><a href=\"https:\/\/vignettego.com\/\">roviniet\u0103<\/a><\/em>)<\/li>\n\n\n\n<li><strong>Slovakya (SK)<\/strong><\/li>\n\n\n\n<li><strong>Slovenya (SI)<\/strong><\/li>\n\n\n\n<li><strong>Bulgaristan (BG)<\/strong><\/li>\n<\/ul>\n\n<p><strong>AB \u00fcyesi de\u011fil ama yayg\u0131n olarak kullan\u0131l\u0131yor:<\/strong><\/p>\n\n<ul class=\"wp-block-list\">\n<li><strong>\u0130svi\u00e7re (CH)<\/strong> &#8211; vinyet gereklidir (dijital se\u00e7enek mevcuttur).<\/li>\n<\/ul>\n\n<div style=\"height:30px\" aria-hidden=\"true\" class=\"wp-block-spacer\"><\/div>\n\n<div class=\"wp-block-buttons is-content-justification-center is-layout-flex wp-container-core-buttons-is-layout-a89b3969 wp-block-buttons-is-layout-flex\">\n<div class=\"wp-block-button\"><a class=\"wp-block-button__link wp-element-button\" href=\"https:\/\/vignettego.com\/\">VignetteGo&#8217;yu deneyin<\/a><\/div>\n<\/div>\n\n<div style=\"height:30px\" aria-hidden=\"true\" class=\"wp-block-spacer\"><\/div>\n\n<p>Di\u011fer herkes i\u00e7in <strong>gi\u015feler<\/strong> (biletli giri\u015f\/\u00e7\u0131k\u0131\u015f veya bariyersiz kamera ge\u00e7i\u015f <strong>\u00fccretleri), k\u00f6pr\u00fc \u00fccretleri<\/strong> veya otoyollarda otomobiller i\u00e7in <strong>\u00fccret<\/strong> al\u0131nmamas\u0131n\u0131 bekleyin.<\/p>\n\n<blockquote class=\"wp-block-quote is-layout-flow wp-block-quote-is-layout-flow\">\n<p><strong>Dikkat:<\/strong> Bir \u00fclke i\u00e7in sat\u0131n al\u0131nan <a href=\"https:\/\/vignettego.com\/\">e-vinyet<\/a> ba\u015fka bir \u00fclkeyi kapsamaz <strong>.<\/strong> Be\u015f vinyet \u00fclkesini mi ge\u00e7iyorsunuz? Be\u015f ayr\u0131 vinyete ihtiyac\u0131n\u0131z var.  <\/p>\n<\/blockquote>\n\n<hr class=\"wp-block-separator has-alpha-channel-opacity\"\/>\n\n<h2 class=\"wp-block-heading\">Tipik ge\u00e7erlilik se\u00e7enekleri ve ne anlama geldikleri<\/h2>\n\n<p>Teklifler \u00fclkeye g\u00f6re de\u011fi\u015fir, ancak otomobiller i\u00e7in genellikle g\u00f6r\u00fcrs\u00fcn\u00fcz:<\/p>\n\n<ul class=\"wp-block-list\">\n<li><strong>K\u0131sa s\u00fcreli<\/strong>: yakla\u015f\u0131k <strong>7-10 g\u00fcn<\/strong> (tatiller veya hafta sonu gezileri i\u00e7in harika)<\/li>\n\n\n\n<li><strong>Ayl\u0131k<\/strong>: Se\u00e7ti\u011finiz ba\u015flang\u0131\u00e7 tarihinden itibaren ~30<strong>g\u00fcn<\/strong> <\/li>\n\n\n\n<li><strong>Y\u0131ll\u0131k<\/strong>: takvim y\u0131l\u0131 veya ba\u015flang\u0131\u00e7tan itibaren 12 ay (\u00fclkeye g\u00f6re de\u011fi\u015fir)<\/li>\n\n\n\n<li><strong>Ara s\u0131ra ekstralar<\/strong>: Mevcut oldu\u011funda <strong>1 g\u00fcnl\u00fck<\/strong> veya <strong>hafta sonu<\/strong> kartlar\u0131<\/li>\n<\/ul>\n\n<p><strong>Profesyonel ipucu:<\/strong> Seyahatiniz aylar\u0131 kaps\u0131yorsa (\u00f6rne\u011fin, Haziran sonu \u2192 Temmuz ba\u015f\u0131), iki k\u0131sa d\u00f6nem ile bir ayl\u0131k d\u00f6nemi kar\u015f\u0131la\u015ft\u0131r\u0131n &#8211; fiyatlar sizi \u015fa\u015f\u0131rtabilir.<\/p>\n\n<div style=\"height:30px\" aria-hidden=\"true\" class=\"wp-block-spacer\"><\/div>\n\n<div class=\"wp-block-buttons is-content-justification-center is-layout-flex wp-container-core-buttons-is-layout-a89b3969 wp-block-buttons-is-layout-flex\">\n<div class=\"wp-block-button\"><a class=\"wp-block-button__link wp-element-button\" href=\"https:\/\/vignettego.com\/\">VignetteGo ile Ba\u015flay\u0131n<\/a><\/div>\n<\/div>\n\n<div style=\"height:30px\" aria-hidden=\"true\" class=\"wp-block-spacer\"><\/div>\n\n<hr class=\"wp-block-separator has-alpha-channel-opacity\"\/>\n\n<h2 class=\"wp-block-heading\">Fiyatland\u0131rma nas\u0131l \u00e7al\u0131\u015f\u0131r (sade \u0130ngilizce)<\/h2>\n\n<ul class=\"wp-block-list\">\n<li><a href=\"https:\/\/vignettego.com\/\">Vinyetler<\/a> bir zaman aral\u0131\u011f\u0131 i\u00e7in <strong>sabit \u00fccretlerdir<\/strong>.<\/li>\n\n\n\n<li>Fiyatlar <strong>\u00fclkeye<\/strong> ve bazen de <strong>ara\u00e7 s\u0131n\u0131f\u0131na<\/strong> (araba ve kamyonet, r\u00f6mork kurallar\u0131, vb.) g\u00f6re farkl\u0131l\u0131k g\u00f6sterir.<\/li>\n\n\n\n<li>Genellikle <strong>yerel para biriminde<\/strong> \u00f6deme yapars\u0131n\u0131z; \u00e7ok \u00fclkeli bir hizmet arac\u0131l\u0131\u011f\u0131yla sat\u0131n almak, <strong>para biriminizi<\/strong> netlik a\u00e7\u0131s\u0131ndan g\u00f6sterebilir.<\/li>\n<\/ul>\n\n<p>Tam say\u0131lar\u0131 ezberlemek yerine (de\u011fi\u015firler), <strong>\u00f6nce s\u00fcreye<\/strong> karar verin ve rotan\u0131zdaki her \u00fclke i\u00e7in e\u015fle\u015fen se\u00e7ene\u011fi sat\u0131n al\u0131n.<\/p>\n\n<p><\/p>\n\n<hr class=\"wp-block-separator has-alpha-channel-opacity\"\/>\n\n<h2 class=\"wp-block-heading\">Sat\u0131n alma: sadece i\u015fe yarayan bir ad\u0131m ad\u0131m<\/h2>\n\n<ol class=\"wp-block-list\">\n<li><strong>\u00dclkelerinizi listeleyin<\/strong> (sadece vinyeti olanlar\u0131).<\/li>\n\n\n\n<li>Her biri i\u00e7in <strong>ge\u00e7erlilik<\/strong> s\u00fcresini (k\u0131sa vadeli\/ayl\u0131k\/y\u0131ll\u0131k) ve <strong>ba\u015flang\u0131\u00e7 tarihini<\/strong> se\u00e7in.<\/li>\n\n\n\n<li><strong>Plaka \u00fclkesini<\/strong> (\u00f6rn. CZ\/DE\/AT) ve <strong>plaka dizisini<\/strong> tam olarak ruhsat\u0131n\u0131zdaki gibi girin.<\/li>\n\n\n\n<li><strong>Ki\u015fi e-postas\u0131<\/strong> ve <strong>telefonu<\/strong> ekleyin (makbuzlar ve uyar\u0131lar i\u00e7in).<\/li>\n\n\n\n<li>G\u00fcvenli bir \u015fekilde \u00f6deme yap\u0131n ve <strong>onay\u0131<\/strong>kontrol edin &#8211; <strong>plaka<\/strong> ve <strong>tarihlerin<\/strong> do\u011fru oldu\u011fundan emin olun.<\/li>\n\n\n\n<li>Onaylar\u0131n\u0131z\u0131 <strong>kaydedin\/yazd\u0131r\u0131n<\/strong> (PDF&#8217;ler\/makbuzlar).<\/li>\n\n\n\n<li>Planlar\u0131n\u0131z de\u011fi\u015firse, vinyetinizin <strong>ayarlan\u0131p ayarlanamayaca\u011f\u0131n\u0131 veya iade<\/strong> edilip edilemeyece\u011fini kontrol edin (kurallar de\u011fi\u015fiklik g\u00f6sterebilir).<\/li>\n<\/ol>\n\n<div style=\"height:30px\" aria-hidden=\"true\" class=\"wp-block-spacer\"><\/div>\n\n<div class=\"wp-block-buttons is-content-justification-center is-layout-flex wp-container-core-buttons-is-layout-a89b3969 wp-block-buttons-is-layout-flex\">\n<div class=\"wp-block-button\"><a class=\"wp-block-button__link wp-element-button\" href=\"https:\/\/vignettego.com\/\">VignetteGo&#8217;yu deneyin<\/a><\/div>\n<\/div>\n\n<div style=\"height:30px\" aria-hidden=\"true\" class=\"wp-block-spacer\"><\/div>\n\n<hr class=\"wp-block-separator has-alpha-channel-opacity\"\/>\n\n<h2 class=\"wp-block-heading\">S\u0131k kar\u015f\u0131la\u015f\u0131lan hatalar (b\u00f6ylece zor yoldan \u00f6\u011frenmezsiniz)<\/h2>\n\n<ul class=\"wp-block-list\">\n<li><strong>Yanl\u0131\u015f plaka<\/strong>: &#8220;0 &#8220;a kar\u015f\u0131 &#8220;O&#8221;, fazladan bo\u015fluk, yanl\u0131\u015f \u00fclke kodu-kameralar yaz\u0131m hatas\u0131 oldu\u011funu umursamayacakt\u0131r.<\/li>\n\n\n\n<li><strong>Ba\u015flang\u0131\u00e7 tarihi\/saat uyu\u015fmazl\u0131\u011f\u0131<\/strong>: <em>yar\u0131na<\/em> ayarlanm\u0131\u015f bir <a href=\"https:\/\/vignettego.com\/\">evignette<\/a> sizi <em>bug\u00fcn<\/em> korumayacakt\u0131r.<\/li>\n\n\n\n<li><strong>Bir ge\u00e7i\u015f kart\u0131n\u0131n her yerde \u00e7al\u0131\u015ft\u0131\u011f\u0131n\u0131 varsayarsak: \u00e7al\u0131\u015fmaz<\/strong>. \u00dclke ba\u015f\u0131na sat\u0131n al\u0131n. <\/li>\n\n\n\n<li><strong>Kiral\u0131k<\/strong> ara\u00e7 kullanma: son plaka numaras\u0131n\u0131 teyit edin (baz\u0131 acenteler ara\u00e7lar\u0131 son dakikada de\u011fi\u015ftirir).<\/li>\n\n\n\n<li><strong>Birden fazla s\u00fcr\u00fcc\u00fc<\/strong>: vinyet ki\u015fiyi de\u011fil <strong>arabay\u0131<\/strong> takip eder.<\/li>\n\n\n\n<li><strong>R\u00f6morklar\/\u00e7at\u0131 kutular\u0131<\/strong>: baz\u0131 \u00fclkelerde \u00f6zel s\u0131n\u0131flar vard\u0131r &#8211; sat\u0131n almadan \u00f6nce kurallar\u0131 inceleyin.<\/li>\n<\/ul>\n\n<div style=\"height:30px\" aria-hidden=\"true\" class=\"wp-block-spacer\"><\/div>\n\n<div class=\"wp-block-buttons is-content-justification-center is-layout-flex wp-container-core-buttons-is-layout-a89b3969 wp-block-buttons-is-layout-flex\">\n<div class=\"wp-block-button\"><a class=\"wp-block-button__link wp-element-button\" href=\"https:\/\/vignettego.com\/\">\u015eimdi Ba\u015flay\u0131n &#8211; VignetteGo<\/a><\/div>\n<\/div>\n\n<div style=\"height:30px\" aria-hidden=\"true\" class=\"wp-block-spacer\"><\/div>\n\n<hr class=\"wp-block-separator has-alpha-channel-opacity\"\/>\n\n<h2 class=\"wp-block-heading\"><a href=\"https:\/\/vignettego.com\/\">Vinyetler<\/a> vs. \u00fccretli yollar vs. \u015fehir \u00fccretleri<\/h2>\n\n<ul class=\"wp-block-list\">\n<li><strong>Vinyet<\/strong>: bir otoyol a\u011f\u0131 i\u00e7in zamana dayal\u0131 ge\u00e7i\u015f (Avrupa&#8217;n\u0131n &#8220;abonelik&#8221; modeli).<\/li>\n\n\n\n<li><strong>\u00dccretli yollar<\/strong>: mesafe\/kesitler i\u00e7in \u00f6deme (\u00f6rne\u011fin, \u0130talya, Fransa, \u0130spanya, H\u0131rvatistan\/Polonya&#8217;n\u0131n baz\u0131 b\u00f6lgeleri).<\/li>\n\n\n\n<li><strong>Serbest ge\u00e7i\u015f \u00fccretleri<\/strong>: gi\u015fe yok-kameralar plakan\u0131z\u0131 okuyor, <strong>sonra online \u00f6deme<\/strong> yap\u0131yorsunuz (\u00f6rne\u011fin, \u0130rlanda&#8217;n\u0131n M50&#8217;si, belirli Frans\u0131z\/Portekiz hatlar\u0131).<\/li>\n\n\n\n<li><strong>\u015eehir\/LEZ \u00fccr<\/strong>etleri: ayr\u0131 \u015fehir \u00fccretleri veya \u00e7evre <strong>b\u00f6lgeleri<\/strong> &#8211; vinyet kapsam\u0131nda de\u011fildir.<\/li>\n<\/ul>\n\n<p>Uzun bir seyahat planlarken, bir <strong>kar\u0131\u015f\u0131ma<\/strong> ihtiyac\u0131n\u0131z olabilir: bir \u00fclke i\u00e7in bir vinyet, ba\u015fka bir \u00fclkede bir <strong>k\u00f6pr\u00fc \u00fccreti<\/strong> ve var\u0131\u015fta bir <strong>\u015fehir \u00fccreti<\/strong>.<\/p>\n\n<p><\/p>\n\n<hr class=\"wp-block-separator has-alpha-channel-opacity\"\/>\n\n<h2 class=\"wp-block-heading\">Basit yolculuk \u00f6ncesi kontrol listesi (bunu kopyala\/yap\u0131\u015ft\u0131r)<\/h2>\n\n<ul class=\"wp-block-list\">\n<li><strong>\u00dclke listesi<\/strong> ile haritalanm\u0131\u015f rota<\/li>\n\n\n\n<li>Her vinyet \u00fclkesi i\u00e7in: <strong>s\u00fcre<\/strong> + se\u00e7ilen <strong>ba\u015flang\u0131\u00e7 tarihi<\/strong> <\/li>\n\n\n\n<li><strong>Plaka \u00fclkesi<\/strong> + <strong>tam plaka<\/strong> onayland\u0131 (foto\u011fraf yard\u0131mc\u0131 olur)<\/li>\n\n\n\n<li>Onaylar ve hat\u0131rlatmalar i\u00e7in <strong>e-posta ve telefon<\/strong> eklendi<\/li>\n\n\n\n<li>Telefona \/ buluta kaydedilen PDF&#8217;ler<\/li>\n\n\n\n<li>Kiral\u0131yorsan\u0131z: s\u0131n\u0131r\u0131 ge\u00e7meden \u00f6nce <strong>son plakay\u0131<\/strong> teyit edin<\/li>\n\n\n\n<li>Beklenmedik ge\u00e7i\u015f \u00fccretleri veya k\u00f6pr\u00fcler i\u00e7in <strong>k\u00fc\u00e7\u00fck bir nakit\/kart<\/strong> tamponu bulundurun<\/li>\n<\/ul>\n\n<div style=\"height:30px\" aria-hidden=\"true\" class=\"wp-block-spacer\"><\/div>\n\n<div class=\"wp-block-buttons is-content-justification-center is-layout-flex wp-container-core-buttons-is-layout-a89b3969 wp-block-buttons-is-layout-flex\">\n<div class=\"wp-block-button\"><a class=\"wp-block-button__link wp-element-button\" href=\"https:\/\/vignettego.com\/\">VignetteGo ile Ba\u015flay\u0131n<\/a><\/div>\n<\/div>\n\n<div style=\"height:30px\" aria-hidden=\"true\" class=\"wp-block-spacer\"><\/div>\n\n<hr class=\"wp-block-separator has-alpha-channel-opacity\"\/>\n\n<h2 class=\"wp-block-heading\">SSS (insanlar\u0131n her zaman sordu\u011fu \u015feyler)<\/h2>\n\n<p><strong>Bir &#8220;<a href=\"https:\/\/vignettego.com\/\">AB vinyeti<\/a>&#8221; t\u00fcm Avrupa i\u00e7in ge\u00e7erli midir?<\/strong><br\/>Hay\u0131r. Vinyetler <strong>\u00fclkeye \u00f6zeldir<\/strong>. <\/p>\n\n<p><strong>Tarihleri de\u011fi\u015ftirebilir miyim veya para iadesi alabilir miyim?<\/strong><br\/>Bazen, ancak kurallar de\u011fi\u015fir. Baz\u0131 dijital ge\u00e7i\u015fler <strong>gelecekteki ba\u015flang\u0131\u00e7 tarihlerine<\/strong> ve s\u0131n\u0131rl\u0131 de\u011fi\u015fikliklere izin verir; di\u011ferleri ise bir kez etkin oldu\u011funda <strong>nihaidir<\/strong>. Her zaman ilgili \u00fclkenin ko\u015fullar\u0131n\u0131 kontrol edin.  <\/p>\n\n<p><strong>Motosikletlerin vinyetlere ihtiyac\u0131 var m\u0131?<\/strong><br\/>Genellikle evet (bazen daha d\u00fc\u015f\u00fck bir fiyata), ancak ayr\u0131nt\u0131lar \u00fclkeye g\u00f6re de\u011fi\u015fir.<\/p>\n\n<p><strong>Ge\u00e7erli bir vinyet olmadan ara\u00e7 kullan\u0131rsam ne olur?<\/strong><br\/>Otomatik uygulama ve yol kenar\u0131 kontrolleri <strong>, yerinde \u00fccretler veya para cezalar\u0131<\/strong>ile sonu\u00e7lanabilir <strong>&#8211; genellikle<\/strong>vinyetin kendisinden \u00e7ok daha y\u00fcksektir.<\/p>\n\n<p><strong> <a href=\"https:\/\/vignettego.com\/\">Vinyetler<\/a> \u015fehir s\u0131k\u0131\u015f\u0131kl\u0131\u011f\u0131n\u0131 veya d\u00fc\u015f\u00fck emisyon b\u00f6lgelerini kapsar m\u0131?<\/strong><br\/>Hay\u0131r. Bunlar kendi kurallar\u0131 olan ayr\u0131 yerel \u00fccretlerdir. <\/p>\n\n<p><\/p>\n\n<hr class=\"wp-block-separator has-alpha-channel-opacity\"\/>\n\n<h2 class=\"wp-block-heading\">Son s\u00f6z<\/h2>\n\n<p>\u015eablonu \u00f6\u011frendikten sonra vinyetler kolayd\u0131r: <strong>\u00fclke \u2192 ge\u00e7erlilik \u2192 plaka \u2192 ba\u015flang\u0131\u00e7 tarihi \u2192 onay<\/strong>. Rotan\u0131zdaki her vinyet \u00fclkesi i\u00e7in bunu yap\u0131n ve alt\u0131n de\u011ferindesiniz.   <\/p>\n\n<p>Birden fazla \u00fclkeyi tek seferde idare etmek i\u00e7in tek bir yer istiyorsan\u0131z, <strong>\u00e7oklu dil, \u00e7oklu para birimi<\/strong> destekleyen, <strong>PDF onaylar\u0131<\/strong> g\u00f6nderen ve &#8211; ideal olarak &#8211; ge\u00e7i\u015f kart\u0131n\u0131z\u0131n s\u00fcresi dolmadan \u00f6nce size hat\u0131rlatan bir hizmet kullan\u0131n.<\/p>\n\n<p>VignetteGo.com&#8217;u deneyebilirsiniz:<\/p>\n\n<div style=\"height:30px\" aria-hidden=\"true\" class=\"wp-block-spacer\"><\/div>\n\n<div class=\"wp-block-buttons is-content-justification-center is-layout-flex wp-container-core-buttons-is-layout-a89b3969 wp-block-buttons-is-layout-flex\">\n<div class=\"wp-block-button\"><a class=\"wp-block-button__link wp-element-button\" href=\"https:\/\/vignettego.com\/\">VignetteGo&#8217;yu ke\u015ffedin<\/a><\/div>\n<\/div>\n\n<div style=\"height:30px\" aria-hidden=\"true\" class=\"wp-block-spacer\"><\/div>\n\n<h2 class=\"wp-block-heading\">Etiketler:<\/h2>\n\n<p class=\"has-medium-font-size\">vinyet, ge\u00e7i\u015f \u00fccreti, \u00fccretli yol, \u00fccretli ge\u00e7it, gi\u015fe, \u00fccretli kart, \u00fccretli ge\u00e7i\u015f, \u00fccretli etiket, \u00fccretli bilet, yol vergisi, yol \u00fccreti, yol ge\u00e7i\u015fi, etiket, izin, ge\u00e7i\u015f, evinyet, e-vinyet, \u00fccretli <a href=\"https:\/\/vignettego.com\/\">etiket<\/a>, <a href=\"https:\/\/vignettego.com\/\">otoyol<\/a> ge\u00e7i\u015fi, otoyol ge\u00e7i\u015fi, karayolu ge\u00e7i\u015fi<\/p>\n\n<p><\/p>\n","protected":false},"excerpt":{"rendered":"<p>Avrupa Otoyol Vinyeti: Nerede \u0130htiyac\u0131n\u0131z Var ve Nas\u0131l Sat\u0131n Alabilirsiniz (2026 K\u0131lavuzu) Avrupa&#8217;da bir yolculu\u011fa \u00e7\u0131kmay\u0131 planl\u0131yorsan\u0131z, kula\u011fa s\u00fcsl\u00fc gelen ama asl\u0131nda sadece &#8220;\u00f6n \u00f6demeli yol eri\u015fimi&#8221; anlam\u0131na gelen bir kelimeyle hemen kar\u015f\u0131la\u015facaks\u0131n\u0131z: vinyet. Bunu, belirli otoyollar\u0131 belirli bir s\u00fcre boyunca kullanman\u0131za izin veren, plakan\u0131za ba\u011fl\u0131 dijital bir ge\u00e7i\u015f kart\u0131 olarak d\u00fc\u015f\u00fcn\u00fcn. Fikir basit, uygulama [&hellip;]<\/p>\n","protected":false},"author":1,"featured_media":62,"parent":0,"menu_order":0,"comment_status":"open","ping_status":"closed","template":"","meta":{"footnotes":""},"class_list":["post-60","page","type-page","status-publish","has-post-thumbnail","hentry"],"_links":{"self":[{"href":"https:\/\/vignettego.com\/highway-vignette-europe\/tr\/wp-json\/wp\/v2\/pages\/60","targetHints":{"allow":["GET"]}}],"collection":[{"href":"https:\/\/vignettego.com\/highway-vignette-europe\/tr\/wp-json\/wp\/v2\/pages"}],"about":[{"href":"https:\/\/vignettego.com\/highway-vignette-europe\/tr\/wp-json\/wp\/v2\/types\/page"}],"author":[{"embeddable":true,"href":"https:\/\/vignettego.com\/highway-vignette-europe\/tr\/wp-json\/wp\/v2\/users\/1"}],"replies":[{"embeddable":true,"href":"https:\/\/vignettego.com\/highway-vignette-europe\/tr\/wp-json\/wp\/v2\/comments?post=60"}],"version-history":[{"count":1,"href":"https:\/\/vignettego.com\/highway-vignette-europe\/tr\/wp-json\/wp\/v2\/pages\/60\/revisions"}],"predecessor-version":[{"id":65,"href":"https:\/\/vignettego.com\/highway-vignette-europe\/tr\/wp-json\/wp\/v2\/pages\/60\/revisions\/65"}],"wp:featuredmedia":[{"embeddable":true,"href":"https:\/\/vignettego.com\/highway-vignette-europe\/tr\/wp-json\/wp\/v2\/media\/62"}],"wp:attachment":[{"href":"https:\/\/vignettego.com\/highway-vignette-europe\/tr\/wp-json\/wp\/v2\/media?parent=60"}],"curies":[{"name":"wp","href":"https:\/\/api.w.org\/{rel}","templated":true}]}}