{"id":1185,"date":"2026-01-04T01:40:21","date_gmt":"2026-01-04T01:40:21","guid":{"rendered":"https:\/\/vignettego.com\/highway-vignette-europe\/moldova-yol-vinyet-2026\/"},"modified":"2026-01-04T12:42:06","modified_gmt":"2026-01-04T12:42:06","slug":"moldova-yol-vinyet-2026","status":"publish","type":"page","link":"https:\/\/vignettego.com\/highway-vignette-europe\/tr\/moldova-yol-vinyet-2026\/","title":{"rendered":"Moldova Yol K\u0131yas\u0131 2026: Tam Vinieta Rehberi"},"content":{"rendered":"\n<script type=\"application\/ld+json\">{\n    \"@context\": \"https:\/\/schema.org\",\n    \"@graph\": [\n        {\n            \"@type\": \"Article\",\n            \"@id\": \"https:\/\/vignettego.com\/highway-vignette-europe\/moldova-highway-vignette-guide\/#article\",\n            \"headline\": \"Moldova Road Vignette 2026: Complete Vinieta Guide\",\n            \"description\": \"Everything about the Moldovan road vignette system (Vinieta). Learn about pricing, validity, where to buy, road conditions, and travel tips for driving in Moldova.\",\n            \"image\": \"https:\/\/vignettego.com\/highway-vignette-europe\/wp-content\/uploads\/2026\/09\/Highway-Vignette-Europe.jpg\",\n            \"datePublished\": \"2026-01-04\",\n            \"dateModified\": \"2026-01-04\",\n            \"author\": {\"@type\": \"Organization\", \"name\": \"VignetteGo\", \"url\": \"https:\/\/vignettego.com\"},\n            \"publisher\": {\"@type\": \"Organization\", \"name\": \"VignetteGo\"},\n            \"mainEntityOfPage\": {\"@type\": \"WebPage\", \"@id\": \"https:\/\/vignettego.com\/highway-vignette-europe\/moldova-highway-vignette-guide\/\"},\n            \"articleSection\": \"Highway Vignettes\",\n            \"keywords\": [\"Moldova vignette\", \"Vinieta Moldova\", \"Moldova road toll\", \"Moldovan road pass\", \"driving in Moldova\"],\n            \"inLanguage\": \"en\",\n            \"speakable\": {\"@type\": \"SpeakableSpecification\", \"cssSelector\": [\".article-intro\", \"#faq-section\"]}\n        },\n        {\n            \"@type\": \"BreadcrumbList\",\n            \"itemListElement\": [\n                {\"@type\": \"ListItem\", \"position\": 1, \"name\": \"VignetteGo\", \"item\": \"https:\/\/vignettego.com\/\"},\n                {\"@type\": \"ListItem\", \"position\": 2, \"name\": \"Highway Vignette Europe\", \"item\": \"https:\/\/vignettego.com\/highway-vignette-europe\/\"},\n                {\"@type\": \"ListItem\", \"position\": 3, \"name\": \"Moldova Guide\", \"item\": \"https:\/\/vignettego.com\/highway-vignette-europe\/moldova-highway-vignette-guide\/\"}\n            ]\n        },\n        {\n            \"@type\": \"FAQPage\",\n            \"mainEntity\": [\n                {\"@type\": \"Question\", \"name\": \"How much does the Moldovan road vignette cost?\", \"acceptedAnswer\": {\"@type\": \"Answer\", \"text\": \"The Moldovan vinieta costs approximately EUR 4-5 for 7 days, EUR 6-8 for 15 days, and EUR 15-20 for an annual vignette. This makes it one of Europe most affordable road toll systems.\"}},\n                {\"@type\": \"Question\", \"name\": \"Do I need a vignette to drive in Moldova?\", \"acceptedAnswer\": {\"@type\": \"Answer\", \"text\": \"Yes, all foreign-registered vehicles require a valid road vignette (vinieta rutier\u0103) to drive on Moldovan national roads. The vignette can be purchased online or at border crossings.\"}},\n                {\"@type\": \"Question\", \"name\": \"Can I buy the Moldovan vignette online?\", \"acceptedAnswer\": {\"@type\": \"Answer\", \"text\": \"Yes, you can purchase the Moldovan vinieta online through VignetteGo or official Moldovan portals. The vignette is valid immediately after purchase and is linked to your license plate.\"}},\n                {\"@type\": \"Question\", \"name\": \"What are the road conditions like in Moldova?\", \"acceptedAnswer\": {\"@type\": \"Answer\", \"text\": \"Main roads in Moldova are generally acceptable but can be rough in places. Rural roads often have potholes. Drive carefully, especially at night, and be aware of horse-drawn carts in rural areas.\"}},\n                {\"@type\": \"Question\", \"name\": \"Is Moldova safe for road trips?\", \"acceptedAnswer\": {\"@type\": \"Answer\", \"text\": \"Yes, Moldova is generally safe for tourists. The main concerns are road conditions and the unrecognized region of Transnistria. Stick to main routes and purchase comprehensive insurance.\"}}\n            ]\n        }\n    ]\n}\n<\/script>\n\n<figure class=\"wp-block-image aligncenter size-large\"><img decoding=\"async\" src=\"https:\/\/vignettego.com\/highway-vignette-europe\/wp-content\/uploads\/2026\/09\/Highway-Vignette-Europe.jpg\" alt=\"Moldova Yol Vignette 2026 - Moldova'daki Vinieta sistemi i&#xE7;in tam rehber\" style=\"width:100%; height:auto; margin-bottom:20px;\"\/><\/figure>\n\n<p class=\"article-intro\">Moldova, Avrupa&#8217;n\u0131n en az ziyaret edilen \u00fclkelerinden biri olmaya devam ediyor\u2014ancak macerac\u0131 gezginler d\u00fcnya standartlar\u0131nda \u015farap b\u00f6lgelerini, benzersiz Sovyet miras\u0131n\u0131, s\u0131cak misafirperverli\u011fini ve \u015fa\u015f\u0131rt\u0131c\u0131 derecede zengin k\u00fclt\u00fcr\u00fcn\u00fc ke\u015ffettik\u00e7e bu h\u0131zla de\u011fi\u015fiyor. Bu gizli hazineye bir yol gezisi planl\u0131yorsan\u0131z, yerel olarak <strong>vinieta rutier\u0103<\/strong> olarak <strong>adland\u0131r\u0131lan Moldova yol vignette sistemini<\/strong> anlaman\u0131z gerekir. Bu kapsaml\u0131 rehber, 2026&#8217;da Moldova&#8217;da s\u00fcr\u00fc\u015f hakk\u0131nda bilmeniz gereken her \u015feyi kapsar; vinyet sat\u0131n almaktan k\u0131rsal yollarda gezinmeye ve gizli hazinelerini ke\u015ffetmeye kadar.  <\/p>\n\n<div style=\"height:25px\" aria-hidden=\"true\" class=\"wp-block-spacer\"><\/div>\n\n<div class=\"wp-block-buttons is-content-justification-center is-layout-flex wp-container-core-buttons-is-layout-a89b3969 wp-block-buttons-is-layout-flex\">\n<div class=\"wp-block-button\"><a class=\"wp-block-button__link wp-element-button\" href=\"https:\/\/vignettego.com\/\" style=\"background-color:#0066cc;color:#ffffff;padding:15px 30px;font-size:18px;border-radius:8px;\">\ud83d\ude97 Moldova Vinieta&#8217;n\u0131z\u0131 VignetteGo&#8217;dan al\u0131n<\/a><\/div>\n<\/div>\n\n<div style=\"height:25px\" aria-hidden=\"true\" class=\"wp-block-spacer\"><\/div>\n\n<h2 class=\"wp-block-heading\">\ud83c\uddf2\ud83c\udde9 Moldova Vinietas\u0131 nedir?<\/h2>\n\n<p>Moldova, Moldova ulusal yollar\u0131n\u0131 kullanan t\u00fcm yabanc\u0131 kay\u0131tl\u0131 ara\u00e7lar i\u00e7in <strong>elektronik bir yol vignette sistemi<\/strong> (vinieta rutier\u0103) i\u015fletmektedir. Vignette, size k\u0131rsal yol a\u011f\u0131n\u0131 kullanma hakk\u0131 veren zaman bazl\u0131 bir \u00fccrettir. \u00c7o\u011fu modern Avrupa sistemi gibi, <strong>Moldova vinietas\u0131 tamamen dijitaldir<\/strong>\u2014plakan\u0131z bir veritaban\u0131na kaydedilir ve denetim organlar\u0131 taraf\u0131ndan kontrol edilir.  <\/p>\n\n<p>Sistem, yabanc\u0131 ziyaret\u00e7iler i\u00e7in daha eri\u015filebilir hale getirmek amac\u0131yla son y\u0131llarda modernize edilmi\u015ftir. Art\u0131k Moldova&#8217;ya varmadan \u00f6nce vinyet foto\u011fraf\u0131n\u0131z\u0131 \u00e7evrimi\u00e7i sat\u0131n alarak s\u0131n\u0131r ge\u00e7i\u015flerinde olas\u0131 gecikmeleri ortadan kald\u0131rabilirsiniz. K\u0131sa g\u00f6r\u00fcnt\u00fc, sat\u0131n al\u0131nd\u0131\u011f\u0131nda veya belirtti\u011finiz ba\u015flang\u0131\u00e7 tarihinden itibaren ge\u00e7erli olur.  <\/p>\n\n<h2 class=\"wp-block-heading\">\ud83d\udccb Moldova Vignette Fiyatland\u0131rmas\u0131 2026<\/h2>\n\n<p>Moldova, Avrupa&#8217;n\u0131n en uygun fiyatl\u0131 yol ge\u00e7i\u015f \u00fccretlerinden baz\u0131lar\u0131n\u0131 sunar ve bu da onu yol gezileri i\u00e7in b\u00fct\u00e7eye uygun bir destinasyon haline getirir. \u0130\u015fte mevcut fiyatland\u0131rma se\u00e7enekleri: <\/p>\n\n<figure class=\"wp-block-table\"><table><thead><tr><th>Ge\u00e7erlilik S\u00fcresi<\/th><th>Arabalar (3.5t&#8217;ye kadar)<\/th><th>Yakla\u015f\u0131k EUR <\/th><\/tr><\/thead><tbody><tr><td><strong>7 G\u00fcn<\/strong><\/td><td>80-100 MDL<\/td><td>~EUR 4-5<\/td><\/tr><tr><td><strong>15 G\u00fcn<\/strong><\/td><td>120-150 MDL<\/td><td>~EUR 6-8<\/td><\/tr><tr><td><strong>30 G\u00fcn<\/strong><\/td><td>200-250 MDL<\/td><td>~EUR 10-13<\/td><\/tr><tr><td><strong>Y\u0131ll\u0131k<\/strong><\/td><td>300-400 MDL<\/td><td>~EUR 15-20<\/td><\/tr><\/tbody><\/table><\/figure>\n\n<p><strong>Not:<\/strong> Fiyatlar g\u00f6stergedir ve biraz de\u011fi\u015fiklik g\u00f6sterebilir. Moldova Leu (MDL) d\u00f6viz kuru dalgalan\u0131r, ancak 1 EUR yakla\u015f\u0131k 19-20 MDL tutar\u0131ndad\u0131r. <\/p>\n\n<div style=\"height:25px\" aria-hidden=\"true\" class=\"wp-block-spacer\"><\/div>\n\n<div class=\"wp-block-buttons is-content-justification-center is-layout-flex wp-container-core-buttons-is-layout-a89b3969 wp-block-buttons-is-layout-flex\">\n<div class=\"wp-block-button\"><a class=\"wp-block-button__link wp-element-button\" href=\"https:\/\/vignettego.com\/\" style=\"background-color:#28a745;color:#ffffff;padding:15px 30px;font-size:18px;border-radius:8px;\">\u2705 Avrupa Vinyetleri \u2013 Moldova Dahil \u2013 VignetteGo&#8217;da al\u0131n<\/a><\/div>\n<\/div>\n\n<div style=\"height:25px\" aria-hidden=\"true\" class=\"wp-block-spacer\"><\/div>\n\n<h2 class=\"wp-block-heading\">\ud83d\udee3\ufe0f Moldova Yol A\u011f\u0131<\/h2>\n\n<p>Moldova, nispeten basit bir yol a\u011f\u0131na sahip k\u00fc\u00e7\u00fck bir \u00fclkedir (yakla\u015f\u0131k Bel\u00e7ika b\u00fcy\u00fckl\u00fc\u011f\u00fcnde). Geleneksel anlamda otoyol yoktur\u2014bunun yerine \u00fclke ulusal yollara (M-yollar\u0131na) ve b\u00f6lgesel yollara (R-yollar\u0131) dayan\u0131r. Ana g\u00fczergahlar \u015funlard\u0131r:  <\/p>\n\n<h3 class=\"wp-block-heading\">M1 \u2013 Ana Do\u011fu-Bat\u0131 G\u00fczergah\u0131<\/h3>\n\n<p><strong>Romanya s\u0131n\u0131r\u0131n\u0131 (Leu\u0219eni) Ki\u015finyau&#8217;ya ve oradan Ukrayna s\u0131n\u0131r\u0131na<\/strong> ba\u011flayan ana uluslararas\u0131 g\u00fczergah. Buras\u0131 uluslararas\u0131 trafik i\u00e7in ana arteridir ve genellikle makul bir durumdad\u0131r. Moldova boyunca toplam uzunluk: yakla\u015f\u0131k 180 km.  <\/p>\n\n<h3 class=\"wp-block-heading\">M2 \u2013 Kuzey G\u00fczergah\u0131<\/h3>\n\n<p><strong>Chi\u0219in\u0103u&#8217;dan kuzeye B\u0103l\u021bi&#8217;ye<\/strong> (Moldova&#8217;n\u0131n ikinci b\u00fcy\u00fck \u015fehri) kadar uzan\u0131r ve Ukrayna s\u0131n\u0131r\u0131na kadar devam eder. Kuzey Ukrayna&#8217;ya giden veya giden yolcular i\u00e7in \u00f6nemlidir. Uzunluk: yakla\u015f\u0131k 140 km.  <\/p>\n\n<h3 class=\"wp-block-heading\">M3 \u2013 G\u00fcney G\u00fczergah\u0131<\/h3>\n\n<p><strong>Ki\u015finyau&#8217;yu g\u00fcney Gagauz \u00d6zerk B\u00f6lgesi<\/strong> ile ve Romanya s\u0131n\u0131r\u0131 olan Giurgiule\u0219ti (Moldova&#8217;n\u0131n k\u00fc\u00e7\u00fck Tuna liman\u0131) ile ba\u011flar. Bu g\u00fczergah, g\u00fcney Romanya \u00fczerinden B\u00fckre\u015f&#8217;e gidip gelen yolcular taraf\u0131ndan kullan\u0131lmaktad\u0131r. <\/p>\n\n<h3 class=\"wp-block-heading\">M4 \u2013 \u015earap Yolu<\/h3>\n\n<p>Chi\u0219in\u0103u&#8217;yu Orhei&#8217;ye (\u00fcnl\u00fc Orheiul Vechi ma\u011fara manast\u0131r\u0131n\u0131n evi) ve \u00f6tesine ba\u011flar. Buras\u0131, \u015farap b\u00f6lgelerini ve tarihi yerleri ziyaret etmek i\u00e7in pop\u00fcler bir turistik g\u00fczergaht\u0131r. <\/p>\n\n<h2 class=\"wp-block-heading\">\ud83d\udcbb Moldova Vinieta&#8217;s\u0131n\u0131 Nas\u0131l Sat\u0131n Al\u0131rs\u0131n\u0131z<\/h2>\n\n<p>Moldova vinyetinizi sat\u0131n almak olduk\u00e7a kolayd\u0131r. \u0130\u015fte se\u00e7enekleriniz: <\/p>\n\n<h3 class=\"wp-block-heading\">Se\u00e7enek 1: VignetteGo \u00fczerinden \u00e7evrimi\u00e7i (\u00d6nerilir)<\/h3>\n\n<ol class=\"wp-block-list\">\n<li>Ziyaret <a href=\"https:\/\/vignettego.com\/\" title=\"Moldova vinyeti &#xE7;evrimi&#xE7;i sat&#x131;n al&#x131;n\">VignetteGo.com<\/a><\/li>\n<li>Moldova&#8217;y\u0131 ve istedi\u011finiz ge\u00e7erlilik s\u00fcresini se\u00e7in<\/li>\n<li>Ara\u00e7 tescil (plaka) bilgilerinizi girin<\/li>\n<li>Tam g\u00fcvenli \u00f6deme<\/li>\n<li>An\u0131nda onay al\u0131n\u2014hemen ge\u00e7erli!<\/li>\n<\/ol>\n\n<p><strong>Neden VignetteGo?<\/strong>  \u00c7ok dilli destek, kolay aray\u00fcz, ayn\u0131 i\u015flemde Romanya ve di\u011fer \u00fclkeler i\u00e7in vinyet sat\u0131n alma imkan\u0131 (\u00e7o\u011fu Moldova seyahati i\u00e7in \u015fart) ve g\u00fcvenilir m\u00fc\u015fteri deste\u011fi.<\/p>\n\n<h3 class=\"wp-block-heading\">Se\u00e7enek 2: S\u0131n\u0131r Ge\u00e7i\u015flerinde<\/h3>\n\n<p>K\u0131sa g\u00f6r\u00fcnt\u00fcler Moldova s\u0131n\u0131r ge\u00e7i\u015f noktalar\u0131ndan sat\u0131n al\u0131nabilir. Ancak bu, kuyruklar ve potansiyel ileti\u015fim zorluklar\u0131 i\u00e7erebilir. \u00d6nceden \u00e7evrimi\u00e7i sat\u0131n almak kesinlikle tavsiye edilir.  <\/p>\n\n<h3 class=\"wp-block-heading\">Se\u00e7enek 3: Benzin istasyonlar\u0131 ve postaneler<\/h3>\n\n<p>Moldova s\u0131n\u0131rlar\u0131nda k\u0131sa filmler Petrom ve Lukoil benzin istasyonlar\u0131nda ve b\u00fcy\u00fck \u015fehirlerdeki postanelerde sat\u0131n al\u0131nabilir.<\/p>\n\n<div style=\"height:25px\" aria-hidden=\"true\" class=\"wp-block-spacer\"><\/div>\n\n<div class=\"wp-block-buttons is-content-justification-center is-layout-flex wp-container-core-buttons-is-layout-a89b3969 wp-block-buttons-is-layout-flex\">\n<div class=\"wp-block-button\"><a class=\"wp-block-button__link wp-element-button\" href=\"https:\/\/vignettego.com\/\" style=\"background-color:#ff6600;color:#ffffff;padding:15px 30px;font-size:18px;border-radius:8px;\">\ud83d\uded2 Moldova Vinietan\u0131z\u0131 Hemen Sat\u0131n Al\u0131n \u2013 S\u0131n\u0131r Gecikmelerinden Ka\u00e7\u0131n\u0131n<\/a><\/div>\n<\/div>\n\n<div style=\"height:25px\" aria-hidden=\"true\" class=\"wp-block-spacer\"><\/div>\n\n<h2 class=\"wp-block-heading\">\ud83d\uddfa\ufe0f Moldova&#8217;ya Arabayla Ula\u015f\u0131m<\/h2>\n\n<p>\u00c7o\u011fu ziyaret\u00e7i Moldova&#8217;ya Romanya veya Ukrayna&#8217;dan arabayla ula\u015f\u0131r. \u0130\u015fte ana g\u00fczergahlar ve s\u0131n\u0131r ge\u00e7i\u015fleri: <\/p>\n\n<h3 class=\"wp-block-heading\">Romanya&#8217;dan (En Yayg\u0131n G\u00fczergah)<\/h3>\n\n<p><strong>B\u00fckre\u015f&#8217;ten Ki\u015finyau&#8217;ya:<\/strong> Albi\u021ba-Leu\u0219eni s\u0131n\u0131r kap\u0131s\u0131 \u00fczerinden ~450 km, 7-8 saat. Bu en pop\u00fcler g\u00fczergah olup, s\u0131n\u0131r ge\u00e7i\u015fi genellikle olduk\u00e7a etkilidir. <\/p>\n\n<p><strong>Alternatif ge\u00e7i\u015fler:<\/strong><\/p>\n\n<ul class=\"wp-block-list\">\n<li><strong>Sculeni:<\/strong> Kuzey ge\u00e7i\u015fi, B\u0103l\u021bi&#8217;ye ula\u015fmak i\u00e7in iyi<\/li>\n<li><strong>Giurgiule\u0219ti:<\/strong> Tuna&#8217;da g\u00fcney ge\u00e7i\u015fi<\/li>\n<li><strong>Gala\u021bi-Giurgiule\u0219ti:<\/strong> Feribot ge\u00e7i\u015fi (mevsimlik)<\/li>\n<\/ul>\n\n<p><strong>\u00d6nemli:<\/strong> Romanya yolculu\u011fu i\u00e7in hem <a href=\"https:\/\/vignettego.com\/highway-vignette-europe\/tr\/romanya-otoyol-vinyet-2026\/\">bir Romanya Rovinieta<\/a> hem de Moldova Vinieta&#8217;s\u0131na ihtiyac\u0131n\u0131z olacak. Her ikisini <a href=\"https:\/\/vignettego.com\/\" title=\"Avrupa vinyetleri\">de VignetteGo&#8217;da<\/a> tek bir i\u015flemde sat\u0131n al\u0131n. <\/p>\n\n<h3 class=\"wp-block-heading\">Ukrayna&#8217;dan<\/h3>\n\n<p>Ukrayna ile Moldova aras\u0131nda birka\u00e7 s\u0131n\u0131r ge\u00e7i\u015fi bulunmaktad\u0131r; ana ge\u00e7itler g\u00fcneyde Palanca&#8217;da, \u00e7e\u015fitli ge\u00e7i\u015fler ise Tiraspol yak\u0131nlar\u0131nda (Transnistria&#8217;y\u0131 unutmay\u0131n\u2014a\u015fa\u011f\u0131ya bak\u0131n\u0131z).<\/p>\n\n<h2 class=\"wp-block-heading\">\u26a0\ufe0f \u00d6zel Not: Transnistria<\/h2>\n\n<p>Moldova&#8217;n\u0131n Diniester Nehri&#8217;nin do\u011fusundaki dar bir \u015feridi, tan\u0131nmayan ayr\u0131l\u0131k b\u00f6lgesi <strong>Transnistria<\/strong> (resmi ad\u0131yla Pridnestrovian Moldovya Cumhuriyeti) taraf\u0131ndan kontrol edilmektedir. Turist ziyaretleri m\u00fcmk\u00fcn ve genel olarak g\u00fcvenli olsa da, dikkat edin: <\/p>\n\n<ul class=\"wp-block-list\">\n<li>S\u0131n\u0131rda kay\u0131t yapt\u0131rman\u0131z gerekecek ve g\u00f6\u00e7 kart\u0131 alabilirsiniz<\/li>\n<li>B\u00f6lge kendi para birimini kullan\u0131yor ve kendi kurallar\u0131na sahip<\/li>\n<li>Seyahat sigortan\u0131z bu b\u00f6lgeyi kar\u015f\u0131lamayabilir<\/li>\n<li>Baz\u0131 \u00fclkeler oraya seyahat etmemeyi \u00f6neriyor<\/li>\n<\/ul>\n\n<p>E\u011fer sadece ge\u00e7iyorsan\u0131z (\u00f6rne\u011fin, Ukrayna&#8217;dan Ki\u015finyau&#8217;ya en k\u0131sa g\u00fczergahla araba kullan\u0131yorsan\u0131z), k\u0131sa bir s\u00fcreli\u011fine Transnistria&#8217;y\u0131 ge\u00e7eceksiniz. Bu genellikle sorunsuz olsa da, yolculu\u011funuza zaman ekleyebilir. <\/p>\n\n<div style=\"height:25px\" aria-hidden=\"true\" class=\"wp-block-spacer\"><\/div>\n\n<div class=\"wp-block-buttons is-content-justification-center is-layout-flex wp-container-core-buttons-is-layout-a89b3969 wp-block-buttons-is-layout-flex\">\n<div class=\"wp-block-button\"><a class=\"wp-block-button__link wp-element-button\" href=\"https:\/\/vignettego.com\/\" style=\"background-color:#9c27b0;color:#ffffff;padding:15px 30px;font-size:18px;border-radius:8px;\">\ud83c\udf0d VignetteGo ile Do\u011fu Avrupa Yol Gezinizi Planlay\u0131n<\/a><\/div>\n<\/div>\n\n<div style=\"height:25px\" aria-hidden=\"true\" class=\"wp-block-spacer\"><\/div>\n\n<h2 class=\"wp-block-heading\">\ud83d\udca1 2026 i\u00e7in Moldova S\u00fcr\u00fc\u015f \u0130pu\u00e7lar\u0131<\/h2>\n\n<h3 class=\"wp-block-heading\">Yol Ko\u015fullar\u0131<\/h3>\n\n<p>De\u011fi\u015fken yol ko\u015fullar\u0131na haz\u0131rl\u0131kl\u0131 olun. Ana yollar (M-yollar\u0131) genellikle kabul edilebilir, ancak \u015funlar\u0131 bekliyorsunuz: <\/p>\n\n<ul class=\"wp-block-list\">\n<li>Ana yollarda bile \u00e7ukurlar<\/li>\n<li>B\u00f6lgesel yollarda engebeli y\u00fczeyler<\/li>\n<li>K\u0131rsal yollarda gece s\u0131n\u0131rl\u0131 ayd\u0131nlatma<\/li>\n<li>K\u0131rsal alanlarda at arabalar\u0131 ve tar\u0131m ara\u00e7lar\u0131<\/li>\n<\/ul>\n\n<p><strong>Tavsiye:<\/strong> M\u00fcmk\u00fcn oldu\u011funda, \u00f6zellikle yabanc\u0131 g\u00fczergahlarda g\u00fcnd\u00fcz saatlerinde s\u00fcr\u00fc\u015f yap\u0131n.<\/p>\n\n<h3 class=\"wp-block-heading\">Para Birimi ve \u00d6demeler<\/h3>\n\n<p>Moldova, <strong>Moldovan Leu (MDL)<\/strong> kullan\u0131r. Ki\u015finyov&#8217;da kredi kartlar\u0131 giderek daha fazla kabul edilse de, k\u0131rsal alanlar, daha k\u00fc\u00e7\u00fck restoranlar ve baz\u0131 benzin istasyonlar\u0131 i\u00e7in nakit ta\u015f\u0131nmaktad\u0131r. \u015eehirlerde ATM&#8217;ler mevcuttur. D\u00f6viz kuru: yakla\u015f\u0131k 1 EUR = 19-20 MDL.   <\/p>\n\n<h3 class=\"wp-block-heading\">H\u0131z S\u0131n\u0131rlar\u0131<\/h3>\n\n<ul class=\"wp-block-list\">\n<li><strong>Ulusal yollar:<\/strong> 90 km\/s<\/li>\n<li><strong>Kentsel alanlar:<\/strong> 50 km\/s<\/li>\n<li><strong>Konut b\u00f6lgeleri:<\/strong> 20-30 km\/s<\/li>\n<\/ul>\n\n<h3 class=\"wp-block-heading\">Yak\u0131t<\/h3>\n\n<p>Moldova&#8217;da yak\u0131t fiyatlar\u0131 \u0131l\u0131m. Ba\u015fl\u0131ca benzin istasyonu zincirleri aras\u0131nda Petrom, Lukoil ve Bemol bulunmaktad\u0131r. \u015eehirlerdeki benzin istasyonlar\u0131 moderndir ve kartlar\u0131 kabul eder; K\u0131rsal istasyonlar daha temel olabilir.  <\/p>\n\n<h3 class=\"wp-block-heading\">Gerekli Belgeler<\/h3>\n\n<ul class=\"wp-block-list\">\n<li>Ge\u00e7erli ehliyet (AB ehliyeti kabul edilir; di\u011ferleri uluslararas\u0131 izin gerektirebilir)<\/li>\n<li>Ara\u00e7 kay\u0131t belgesi<\/li>\n<li>Ge\u00e7erli sigorta (Ye\u015fil Kart \u00f6nerilir)<\/li>\n<li>Ge\u00e7erli vinieta<\/li>\n<li>S\u0131n\u0131r ge\u00e7i\u015fleri i\u00e7in pasaport<\/li>\n<\/ul>\n\n<h2 class=\"wp-block-heading\" id=\"faq-section\">\u2753 S\u0131k\u00e7a Sorulan Sorular<\/h2>\n\n<h3 class=\"wp-block-heading\">Moldova turistler i\u00e7in g\u00fcvenli mi?<\/h3>\n\n<p>Evet, Moldova genellikle turistler i\u00e7in g\u00fcvenlidir. K\u00fc\u00e7\u00fck su\u00e7lar var (her yerde oldu\u011fu gibi), ancak turistlere y\u00f6nelik \u015fiddet su\u00e7lar\u0131 nadirdir. Ana endi\u015feler yol g\u00fcvenli\u011fi (k\u00f6t\u00fc yol ko\u015fullar\u0131, agresif s\u00fcr\u00fcc\u00fcler) ve Transnistria&#8217;daki \u00e7\u00f6z\u00fclememi\u015f durumdur.  <\/p>\n\n<h3 class=\"wp-block-heading\">Moldova&#8217;y\u0131 ziyaret etmek i\u00e7in vizeye ihtiyac\u0131m var m\u0131?<\/h3>\n\n<p>AB vatanda\u015flar\u0131, Amerikal\u0131lar, Kanadal\u0131lar, Avustralyal\u0131lar ve daha bir\u00e7ok ki\u015fi Moldova&#8217;y\u0131 90 g\u00fcne kadar vizesiz ziyaret edebilir. Seyahat etmeden \u00f6nce vatanda\u015fl\u0131\u011f\u0131n\u0131z\u0131n g\u00fcncel gereksinimlerini kontrol edin. <\/p>\n\n<h3 class=\"wp-block-heading\">Moldova&#8217;da g\u00f6r\u00fclecek ne var?<\/h3>\n\n<p>Moldova&#8217;n\u0131n en \u00f6nemli cazibe merkezleri \u015funlard\u0131r:<\/p>\n\n<ul class=\"wp-block-list\">\n<li><strong>\u015earap mahzenleri:<\/strong> Mile\u0219tii Mici (d\u00fcnyan\u0131n en b\u00fcy\u00fck \u015farap mahzeni), Cricova (yeralt\u0131 \u015farap \u015fehri)<\/li>\n<li><strong>Orheiul Vechi:<\/strong> Muhte\u015fem ma\u011fara manast\u0131r kompleksi<\/li>\n<li><strong>Chi\u0219in\u0103u:<\/strong> Parklar, m\u00fczeler ve kafelerle ye\u015fil ba\u015fkent<\/li>\n<li><strong>Soroca:<\/strong> Tarihi kale ve Roman toplulu\u011fu<\/li>\n<li><strong>Transnistria:<\/strong> Zaman kaps\u00fcl\u00fc Sovyet b\u00f6lgesi (macerac\u0131 gezginler i\u00e7in)<\/li>\n<\/ul>\n\n<h3 class=\"wp-block-heading\">Moldova&#8217;y\u0131 ziyaret etmek i\u00e7in en iyi zaman nedir?<\/h3>\n\n<p>En iyi zaman <strong>May\u0131s-Ekim<\/strong> ay\u0131d\u0131r; Eyl\u00fcl-Ekim \u00f6zellikle \u00fcz\u00fcm hasad\u0131 ve \u015farap festivallerinde g\u00fczeldir. Yazlar s\u0131cak olabilir; K\u0131\u015flar so\u011fuktur. <\/p>\n\n<div style=\"height:25px\" aria-hidden=\"true\" class=\"wp-block-spacer\"><\/div>\n\n<div class=\"wp-block-buttons is-content-justification-center is-layout-flex wp-container-core-buttons-is-layout-a89b3969 wp-block-buttons-is-layout-flex\">\n<div class=\"wp-block-button\"><a class=\"wp-block-button__link wp-element-button\" href=\"https:\/\/vignettego.com\/\" style=\"background-color:#e91e63;color:#ffffff;padding:15px 30px;font-size:18px;border-radius:8px;\">\ud83d\ude97 Avrupa Karayolu vinyetlerinizi VignetteGo \u2192&#8217;dan al\u0131n<\/a><\/div>\n<\/div>\n\n<div style=\"height:25px\" aria-hidden=\"true\" class=\"wp-block-spacer\"><\/div>\n\n<h2 class=\"wp-block-heading\">\ud83c\udf77 Neden Moldova&#8217;y\u0131 Ziyaret Etmeli?<\/h2>\n\n<p>Moldova, Avrupa&#8217;n\u0131n hi\u00e7bir yerinde olmayan benzersiz bir seyahat deneyimi sunuyor:<\/p>\n\n<ul class=\"wp-block-list\">\n<li><strong>D\u00fcnya Standartlar\u0131nda \u015earap:<\/strong> D\u00fcnyan\u0131n en eski \u015farap b\u00f6lgelerinden biri ve inan\u0131lmaz yeralt\u0131 mahzenlerine sahip<\/li>\n<li><strong>Otantik K\u00fclt\u00fcr:<\/strong> Geleneksel k\u00f6yler, s\u0131cak misafirperverlik ve ger\u00e7ek deneyimler<\/li>\n<li><strong>Yoldan Uzak:<\/strong> \u00c7ok az turist ger\u00e7ek etkile\u015fim demektir<\/li>\n<li><strong>B\u00fct\u00e7e Dostu:<\/strong> Avrupa&#8217;n\u0131n en uygun fiyatl\u0131 destinasyonlar\u0131ndan biri<\/li>\n<li><strong>Benzersiz Tarih:<\/strong> Romanya, Rus ve Sovyet etkilerinin b\u00fcy\u00fcleyici bir kar\u0131\u015f\u0131m\u0131<\/li>\n<li><strong>Dost Arkada\u015f Kesimli \u0130nsanlar:<\/strong> Moldoval\u0131lar misafirperverlikleriyle tan\u0131n\u0131r<\/li>\n<\/ul>\n\n<h2 class=\"wp-block-heading\">\ud83d\udccd Sonu\u00e7<\/h2>\n\n<p>Moldova, ke\u015ffedilmeyi bekleyen de\u011feri az de\u011fer verilen bir m\u00fccevher. Yol vignette sistemi basit ve uygun fiyatl\u0131\u2014bir haftal\u0131k bilet i\u00e7in sadece birka\u00e7 euro. \u0130nan\u0131lmaz derecede <a href=\"https:\/\/vignettego.com\/highway-vignette-europe\/tr\/romanya-otoyol-vinyet-2026\/\">ucuz Romanya Rovinieta<\/a> ile birle\u015fince, bu Avrupa&#8217;n\u0131n bu k\u00f6\u015fesini minimal b\u00fct\u00e7eyle ke\u015ffedebilirsiniz.  <\/p>\n\n<p>En pratik deneyim i\u00e7in, seyahatinizden \u00f6nce Moldova <a href=\"https:\/\/vignettego.com\/\" title=\"VignetteGo - Avrupa otoyol k&#x131;sa g&#xF6;r&#xFC;nt&#xFC;leri\">vinietan\u0131z\u0131 VignetteGo&#8217;dan<\/a> sat\u0131n al\u0131n. Tek bir i\u015flemle Moldova, Romanya ve rotan\u0131zdaki di\u011fer \u00fclkeler i\u00e7in vinyetler elde edebilirsiniz. <\/p>\n\n<p><strong>Moldova&#8217;y\u0131 Ke\u015ffedin! \ud83c\uddf2\ud83c\udde9\ud83c\udf77 <\/strong><\/p>\n\n<p><strong>\u0130lgili Rehberler:<\/strong> <a href=\"https:\/\/vignettego.com\/highway-vignette-europe\/tr\/romanya-otoyol-vinyet-2026\/\">Romania Rovinieta<\/a> | <a href=\"https:\/\/vignettego.com\/highway-vignette-europe\/tr\/bulgaristan-otoyol-vinyet-2026\/\">Bulgaristan E-Vignette<\/a> | <a href=\"https:\/\/vignettego.com\/\">T\u00fcm Avrupa Vignetleri<\/a><\/p>\n","protected":false},"excerpt":{"rendered":"<p>Moldova, Avrupa&#8217;n\u0131n en az ziyaret edilen \u00fclkelerinden biri olmaya devam ediyor\u2014ancak macerac\u0131 gezginler d\u00fcnya standartlar\u0131nda \u015farap b\u00f6lgelerini, benzersiz Sovyet miras\u0131n\u0131, s\u0131cak misafirperverli\u011fini ve \u015fa\u015f\u0131rt\u0131c\u0131 derecede zengin k\u00fclt\u00fcr\u00fcn\u00fc ke\u015ffettik\u00e7e bu h\u0131zla de\u011fi\u015fiyor. Bu gizli hazineye bir yol gezisi planl\u0131yorsan\u0131z, yerel olarak vinieta rutier\u0103 olarak adland\u0131r\u0131lan Moldova yol vignette sistemini anlaman\u0131z gerekir. Bu kapsaml\u0131 rehber, 2026&#8217;da Moldova&#8217;da [&hellip;]<\/p>\n","protected":false},"author":0,"featured_media":0,"parent":0,"menu_order":0,"comment_status":"closed","ping_status":"closed","template":"","meta":{"footnotes":""},"class_list":["post-1185","page","type-page","status-publish","hentry"],"_links":{"self":[{"href":"https:\/\/vignettego.com\/highway-vignette-europe\/tr\/wp-json\/wp\/v2\/pages\/1185","targetHints":{"allow":["GET"]}}],"collection":[{"href":"https:\/\/vignettego.com\/highway-vignette-europe\/tr\/wp-json\/wp\/v2\/pages"}],"about":[{"href":"https:\/\/vignettego.com\/highway-vignette-europe\/tr\/wp-json\/wp\/v2\/types\/page"}],"replies":[{"embeddable":true,"href":"https:\/\/vignettego.com\/highway-vignette-europe\/tr\/wp-json\/wp\/v2\/comments?post=1185"}],"version-history":[{"count":3,"href":"https:\/\/vignettego.com\/highway-vignette-europe\/tr\/wp-json\/wp\/v2\/pages\/1185\/revisions"}],"predecessor-version":[{"id":1336,"href":"https:\/\/vignettego.com\/highway-vignette-europe\/tr\/wp-json\/wp\/v2\/pages\/1185\/revisions\/1336"}],"wp:attachment":[{"href":"https:\/\/vignettego.com\/highway-vignette-europe\/tr\/wp-json\/wp\/v2\/media?parent=1185"}],"curies":[{"name":"wp","href":"https:\/\/api.w.org\/{rel}","templated":true}]}}