{"id":1183,"date":"2026-01-04T01:38:57","date_gmt":"2026-01-04T01:38:57","guid":{"rendered":"https:\/\/vignettego.com\/highway-vignette-europe\/hirvatistan-otoyol-gecis-2026\/"},"modified":"2026-01-04T12:50:10","modified_gmt":"2026-01-04T12:50:10","slug":"hirvatistan-otoyol-gecis-2026","status":"publish","type":"page","link":"https:\/\/vignettego.com\/highway-vignette-europe\/tr\/hirvatistan-otoyol-gecis-2026\/","title":{"rendered":"H\u0131rvatistan Karayolu Vignette 2026: Tam ENC ve Dijital \u00dccret Rehberi"},"content":{"rendered":"\n<script type=\"application\/ld+json\">{\n    \"@context\": \"https:\/\/schema.org\",\n    \"@graph\": [\n        {\n            \"@type\": \"Article\",\n            \"@id\": \"https:\/\/vignettego.com\/highway-vignette-europe\/croatia-highway-vignette-guide\/#article\",\n            \"headline\": \"Croatia Highway Vignette 2026: Complete ENC & Digital Toll Guide\",\n            \"description\": \"Everything about Croatian highway tolls, ENC electronic system, and digital vignette options. Learn about toll prices, the stunning A1 coastal motorway, and how to reach Dubrovnik, Split, and other destinations.\",\n            \"image\": \"https:\/\/vignettego.com\/highway-vignette-europe\/wp-content\/uploads\/2026\/09\/Highway-Vignette-Europe.jpg\",\n            \"datePublished\": \"2026-01-04\",\n            \"dateModified\": \"2026-01-04\",\n            \"author\": {\"@type\": \"Organization\", \"name\": \"VignetteGo\", \"url\": \"https:\/\/vignettego.com\"},\n            \"publisher\": {\"@type\": \"Organization\", \"name\": \"VignetteGo\"},\n            \"mainEntityOfPage\": {\"@type\": \"WebPage\", \"@id\": \"https:\/\/vignettego.com\/highway-vignette-europe\/croatia-highway-vignette-guide\/\"},\n            \"articleSection\": \"Highway Vignettes\",\n            \"keywords\": [\"Croatia toll\", \"Croatia highway\", \"ENC Croatia\", \"Croatian motorway\", \"A1 Croatia\", \"Dubrovnik road trip\", \"Split highway\"],\n            \"inLanguage\": \"en\",\n            \"speakable\": {\"@type\": \"SpeakableSpecification\", \"cssSelector\": [\".article-intro\", \"#faq-section\"]}\n        },\n        {\n            \"@type\": \"BreadcrumbList\",\n            \"itemListElement\": [\n                {\"@type\": \"ListItem\", \"position\": 1, \"name\": \"VignetteGo\", \"item\": \"https:\/\/vignettego.com\/\"},\n                {\"@type\": \"ListItem\", \"position\": 2, \"name\": \"Highway Vignette Europe\", \"item\": \"https:\/\/vignettego.com\/highway-vignette-europe\/\"},\n                {\"@type\": \"ListItem\", \"position\": 3, \"name\": \"Croatia Guide\", \"item\": \"https:\/\/vignettego.com\/highway-vignette-europe\/croatia-highway-vignette-guide\/\"}\n            ]\n        },\n        {\n            \"@type\": \"FAQPage\",\n            \"mainEntity\": [\n                {\"@type\": \"Question\", \"name\": \"Does Croatia use vignettes or toll booths?\", \"acceptedAnswer\": {\"@type\": \"Answer\", \"text\": \"Croatia traditionally uses a distance-based toll system with toll booths, but now also offers digital vignette options (E-Vinjeta) for certain sections. Many visitors use a combination of both or the ENC electronic device.\"}},\n                {\"@type\": \"Question\", \"name\": \"How much does the Croatian motorway toll cost?\", \"acceptedAnswer\": {\"@type\": \"Answer\", \"text\": \"Croatian tolls are distance-based. Zagreb to Split costs approximately EUR 25, Zagreb to Rijeka about EUR 8, and Split to Dubrovnik around EUR 12. The A1 motorway to the coast is the main toll route.\"}},\n                {\"@type\": \"Question\", \"name\": \"What is the ENC system in Croatia?\", \"acceptedAnswer\": {\"@type\": \"Answer\", \"text\": \"ENC (Elektroni\u010dka Naplata Cestarine) is Croatia electronic toll collection device. It provides faster passage through dedicated ENC lanes and often offers discounts. Available at toll plazas and service areas.\"}},\n                {\"@type\": \"Question\", \"name\": \"Can I pay Croatian tolls with credit card?\", \"acceptedAnswer\": {\"@type\": \"Answer\", \"text\": \"Yes, credit and debit cards are accepted at Croatian toll booths. Cash payment in EUR is also widely accepted since Croatia adopted the Euro in January 2023.\"}},\n                {\"@type\": \"Question\", \"name\": \"Is there a digital vignette for Croatia?\", \"acceptedAnswer\": {\"@type\": \"Answer\", \"text\": \"Yes, Croatia now offers E-Vinjeta (electronic vignettes) for certain motorway sections, providing an alternative to traditional toll booth payment. These can be purchased online.\"}}\n            ]\n        }\n    ]\n}\n<\/script>\n\n<figure class=\"wp-block-image aligncenter size-large\"><img decoding=\"async\" src=\"https:\/\/vignettego.com\/highway-vignette-europe\/wp-content\/uploads\/2026\/09\/Highway-Vignette-Europe.jpg\" alt=\"H&#x131;rvatistan Karayolu &#xDC;creti 2026 - H&#x131;rvatistan otoyol &#xFC;cret sistemi i&#xE7;in tam rehber\" style=\"width:100%; height:auto; margin-bottom:20px;\"\/><\/figure>\n\n<p class=\"article-intro\">H\u0131rvatistan, Avrupa&#8217;n\u0131n en pop\u00fcler yaz destinasyonlar\u0131ndan biridir; muhte\u015fem Adriyatik k\u0131y\u0131lar\u0131, kristal berrakl\u0131\u011f\u0131 sular\u0131, Dubrovnik ve Split gibi tarihi \u015fehirleri ve g\u00fczel adalar\u0131yla \u00fcnl\u00fcd\u00fcr. H\u0131rvatistan&#8217;a arabayla gitmek, Dubrovnik&#8217;in antik surlar\u0131ndan Zr\u0107e&#8217;nin parti plajlar\u0131na, Plitvice G\u00f6lleri&#8217;nin \u015felalelerinden b\u00fcy\u00fcleyici \u0130stria&#8217;ya kadar inan\u0131lmaz olanaklar\u0131n \u00f6n\u00fcn\u00fc a\u00e7\u0131yor. Bu rehber, 2026 y\u0131l\u0131nda H\u0131rvatistan otoyol \u00fccret sistemi hakk\u0131nda <strong>ENC elektronik sistemi<\/strong>, <strong>dijital vignette se\u00e7enekleri<\/strong> ve H\u0131rvatistan yolculuklar\u0131n\u0131z i\u00e7in pratik ipu\u00e7lar\u0131 dahil olmak \u00fczere her \u015feyi a\u00e7\u0131klar.  <\/p>\n\n<div style=\"height:25px\" aria-hidden=\"true\" class=\"wp-block-spacer\"><\/div>\n\n<div class=\"wp-block-buttons is-content-justification-center is-layout-flex wp-container-core-buttons-is-layout-a89b3969 wp-block-buttons-is-layout-flex\">\n<div class=\"wp-block-button\"><a class=\"wp-block-button__link wp-element-button\" href=\"https:\/\/vignettego.com\/\" style=\"background-color:#0066cc;color:#ffffff;padding:15px 30px;font-size:18px;border-radius:8px;\">\ud83d\ude97 H\u0131rvat\u00e7a Dijital Vinyetinizi VignetteGo&#8217;dan Al\u0131n<\/a><\/div>\n<\/div>\n\n<div style=\"height:25px\" aria-hidden=\"true\" class=\"wp-block-spacer\"><\/div>\n\n<h2 class=\"wp-block-heading\">\ud83c\udded\ud83c\uddf7 H\u0131rvatistan \u00dccret Sistemi A\u00e7\u0131klan\u0131yor<\/h2>\n\n<p>Zamana dayal\u0131 k\u0131sa filmler kullanan \u00e7o\u011fu Orta Avrupa \u00fclkesinin aksine, H\u0131rvatistan geleneksel olarak fiziksel gi\u015fe binal\u0131 <strong>mesafe tabanl\u0131 bir \u00fccret sistemi<\/strong> i\u015fletmi\u015ftir. Otoyola girerken bilet al\u0131rs\u0131n\u0131z ve \u00e7\u0131k\u0131\u015f s\u0131ras\u0131nda kat etti\u011finiz mesafeye g\u00f6re \u00f6deme yapars\u0131n\u0131z. Ancak H\u0131rvatistan, baz\u0131 otoyol b\u00f6l\u00fcmleri i\u00e7in <strong>dijital vinyet se\u00e7enekleri (E-Vinjeta<\/strong> ) da sunarak yolculara daha fazla esneklik sa\u011fl\u0131yor.  <\/p>\n\n<p>H\u0131rvatistan otoyol a\u011f\u0131 <strong>HAC (Hrvatske Autoceste)<\/strong> ve <strong>AZM (Autocesta Zagreb-Macelj)<\/strong> taraf\u0131ndan y\u00f6netilmektedir. Ocak 2023&#8217;ten bu yana H\u0131rvatistan, <strong>para birimi olarak Euro&#8217;yu (EUR)<\/strong> benimsedi ve bu da AB ziyaret\u00e7ileri i\u00e7in \u00f6demeleri kolayla\u015ft\u0131rd\u0131. <\/p>\n\n<h2 class=\"wp-block-heading\">\ud83d\udccb H\u0131rvatistan Ge\u00e7i\u015f \u00dccretleri Se\u00e7enekleri<\/h2>\n\n<h3 class=\"wp-block-heading\">Se\u00e7enek 1: Geleneksel \u00dccretli Gi\u015feler (En Yayg\u0131n Olanlar)<\/h3>\n\n<p>Giri\u015fte bilet al\u0131n, \u00e7\u0131k\u0131\u015fta \u00f6deyin. Kabul edilen \u00f6deme: <\/p>\n\n<ul class=\"wp-block-list\">\n<li><strong>Nakit:<\/strong> EUR (H\u0131rvat Kuna&#8217;s\u0131na art\u0131k gerek yok)<\/li>\n<li><strong>Kredi \/ Banka kartlar\u0131:<\/strong> Visa, Mastercard yayg\u0131n olarak kabul g\u00f6r\u00fcyor<\/li>\n<li><strong>ENC Cihaz\u0131:<\/strong> Elektronik \u00f6deme (a\u015fa\u011f\u0131ya bak\u0131n\u0131z)<\/li>\n<\/ul>\n\n<h3 class=\"wp-block-heading\">Se\u00e7enek 2: ENC Elektronik Cihaz\u0131<\/h3>\n\n<p><strong>ENC (Elektroni\u010dka Naplata Cestarine),<\/strong> H\u0131rvatistan&#8217;\u0131n elektronik \u00fccret toplama sistemidir. Faydalar: <\/p>\n\n<ul class=\"wp-block-list\">\n<li>\u00d6zel ENC \u015feritlerinden daha h\u0131zl\u0131 ge\u00e7i\u015f<\/li>\n<li>Ge\u00e7i\u015f \u00fccretlerinde olas\u0131 indirimler<\/li>\n<li>\u00dccret gi\u015ftelerinde durmana gerek yok<\/li>\n<li>\u00dccret noktalar\u0131nda ve servis alanlar\u0131nda sat\u0131n al\u0131nabilir<\/li>\n<\/ul>\n\n<p>ENC cihaz\u0131 k\u00fc\u00e7\u00fck bir depozito gerektiriyor ve krediyle doldurulabilir. S\u0131k ziyaret\u00e7iler i\u00e7in \u015fiddetle tavsiye edilir. <\/p>\n\n<h3 class=\"wp-block-heading\">Se\u00e7enek 3: Dijital Vignette (E-Vinjeta)<\/h3>\n\n<p>H\u0131rvatistan art\u0131k baz\u0131 otoyol b\u00f6l\u00fcmleri i\u00e7in <strong>E-Vinjeta<\/strong> (elektronik vinyetler) sunuyor; b\u00f6ylece gi\u015fe gi\u015ftelerini tamamen atlayabilirsiniz. <a href=\"https:\/\/vignettego.com\/\" title=\"H&#x131;rvat dijital sahnesi\">VignetteGo&#8217;da<\/a> mevcuttur. <\/p>\n\n<div style=\"height:25px\" aria-hidden=\"true\" class=\"wp-block-spacer\"><\/div>\n\n<div class=\"wp-block-buttons is-content-justification-center is-layout-flex wp-container-core-buttons-is-layout-a89b3969 wp-block-buttons-is-layout-flex\">\n<div class=\"wp-block-button\"><a class=\"wp-block-button__link wp-element-button\" href=\"https:\/\/vignettego.com\/\" style=\"background-color:#28a745;color:#ffffff;padding:15px 30px;font-size:18px;border-radius:8px;\">\u2705 Avrupa Vinyetleri \u2013 T\u00fcm \u00dclkeler \u2013 VignetteGo&#8217;da al\u0131n<\/a><\/div>\n<\/div>\n\n<div style=\"height:25px\" aria-hidden=\"true\" class=\"wp-block-spacer\"><\/div>\n\n<h2 class=\"wp-block-heading\">\ud83d\udcb0 H\u0131rvatistan Karayolu \u00dccret Fiyatlar\u0131 2026<\/h2>\n\n<p>H\u0131rvatistan ge\u00e7i\u015f \u00fccretleri mesafeye ba\u011fl\u0131d\u0131r, bu y\u00fczden maliyet g\u00fczergah\u0131n\u0131za ba\u011fl\u0131d\u0131r. \u0130\u015fte yayg\u0131n g\u00fczergahlar i\u00e7in yakla\u015f\u0131k fiyatlar (Kategori I &#8211; normal arabalar): <\/p>\n\n<figure class=\"wp-block-table\"><table><thead><tr><th>G\u00fczergah<\/th><th>Mesafe<\/th><th>Yakla\u015f\u0131k \u00dccret <\/th><\/tr><\/thead><tbody><tr><td><strong>Zagreb \u2013 B\u00f6l\u00fcnme<\/strong><\/td><td>~400 km<\/td><td>~EUR 25<\/td><\/tr><tr><td><strong>Zagreb \u2013 Rijeka<\/strong><\/td><td>~170 km<\/td><td>~EUR 8<\/td><\/tr><tr><td><strong>Zagreb \u2013 Zadar<\/strong><\/td><td>~280 km<\/td><td>~EUR 17<\/td><\/tr><tr><td><strong>B\u00f6l\u00fcnme \u2013 Dubrovnik<\/strong><\/td><td>~220 km<\/td><td>~EUR 12<\/td><\/tr><tr><td><strong>Zagreb \u2013 Dubrovnik<\/strong><\/td><td>~600 km<\/td><td>~EUR 35<\/td><\/tr><tr><td><strong>Ljubljana \u2013 Zagreb<\/strong><\/td><td>~140 km<\/td><td>~EUR 7<\/td><\/tr><\/tbody><\/table><\/figure>\n\n<p><strong>Not:<\/strong> Fiyatlar g\u00f6stergedir. Ger\u00e7ek \u00fccretler, belirli giri\u015f\/\u00e7\u0131k\u0131\u015f noktalar\u0131na ve ara\u00e7 kategorisine ba\u011fl\u0131 olarak biraz de\u011fi\u015fiklik g\u00f6sterebilir. <\/p>\n\n<h2 class=\"wp-block-heading\">\ud83d\udee3\ufe0f H\u0131rvat Otoyol A\u011f\u0131<\/h2>\n\n<p>H\u0131rvatistan, b\u00fcy\u00fck \u015fehirleri ve k\u0131y\u0131 boyunca birbirine ba\u011flayan m\u00fckemmel bir otoyol a\u011f\u0131na sahiptir. Ana g\u00fczergahlar \u015funlard\u0131r: <\/p>\n\n<h3 class=\"wp-block-heading\">A1 \u2013 Dalma\u00e7ya Otoyolu<\/h3>\n\n<p><strong>Zagreb&#8217;i Split&#8217;e ba\u011flayan ve Dubrovnik&#8217;e<\/strong> do\u011fru devam eden en \u00f6nemli turistik g\u00fczergah. Bu muhte\u015fem otoyol, Adriyatik k\u0131y\u0131s\u0131na paralel olarak uzan\u0131r ve t\u00fcm \u00f6nemli k\u0131y\u0131 destinasyonlar\u0131na eri\u015fim sa\u011flar. Toplam uzunlu\u011fu: yakla\u015f\u0131k 550 km. Dinar Alpleri boyunca birka\u00e7 etkileyici k\u00f6pr\u00fc ve t\u00fcnel i\u00e7erir.   <\/p>\n\n<h3 class=\"wp-block-heading\">A2 \u2013 Zagreb&#8217;ten Macelj&#8217;e (Slovenya s\u0131n\u0131r\u0131)<\/h3>\n\n<p>Zagreb&#8217;i Slovenya&#8217;ya ba\u011flar, Ljubljana&#8217;ya ve \u00f6tesine devam eder. Orta Avrupa&#8217;dan gelen yolcular\u0131n ana g\u00fczergah\u0131. Uzunluk: H\u0131rvatistan&#8217;da yakla\u015f\u0131k 60 km.  <\/p>\n\n<h3 class=\"wp-block-heading\">A3 \u2013 Bregana&#8217;dan Lipovac&#8217;a<\/h3>\n\n<p>Slovenya s\u0131n\u0131r\u0131n\u0131 (Bregana) Zagreb \u00fczerinden S\u0131rp s\u0131n\u0131r\u0131na (Lipovac) ba\u011flayan do\u011fu-bat\u0131 g\u00fczergah\u0131. Avrupa E70 koridorunun bir par\u00e7as\u0131. Uzunluk: yakla\u015f\u0131k 300 km.  <\/p>\n\n<h3 class=\"wp-block-heading\">A4 \u2013 Zagreb&#8217;ten Gori\u010dan&#8217;a (Macaristan s\u0131n\u0131r\u0131)<\/h3>\n\n<p>Zagreb&#8217;i Macaristan&#8217;a ba\u011flar; bu, Budape\u015fte&#8217;den gelen yolcular\u0131n ana g\u00fczergah\u0131d\u0131r. Uzunluk: yakla\u015f\u0131k 97 km. <\/p>\n\n<h3 class=\"wp-block-heading\">A6 \u2013 Rijeka \u00c7evre Yolu<\/h3>\n\n<p>Bosiljevo&#8217;daki A1&#8217;i Rijeka ve \u0130striya yar\u0131madas\u0131na ba\u011flar. Zagreb&#8217;ten Istria&#8217;ya ula\u015fmak i\u00e7in vazge\u00e7ilmez. <\/p>\n\n<h3 class=\"wp-block-heading\">A7\/A8\/A9 \u2013 \u0130striya Y<\/h3>\n\n<p>\u0130striya yar\u0131madas\u0131na hizmet veren otoyollar a\u011f\u0131, Rijeka&#8217;y\u0131 Pula ve di\u011fer \u0130striya destinasyonlar\u0131na ba\u011flamaktad\u0131r. Genel olarak A1&#8217;den daha az trafik var. <\/p>\n\n<div style=\"height:25px\" aria-hidden=\"true\" class=\"wp-block-spacer\"><\/div>\n\n<div class=\"wp-block-buttons is-content-justification-center is-layout-flex wp-container-core-buttons-is-layout-a89b3969 wp-block-buttons-is-layout-flex\">\n<div class=\"wp-block-button\"><a class=\"wp-block-button__link wp-element-button\" href=\"https:\/\/vignettego.com\/\" style=\"background-color:#ff6600;color:#ffffff;padding:15px 30px;font-size:18px;border-radius:8px;\">\ud83d\uded2 Avrupa K\u0131sa Sahnelerinizi VignetteGo&#8217;da Hemen Al\u0131n<\/a><\/div>\n<\/div>\n\n<div style=\"height:25px\" aria-hidden=\"true\" class=\"wp-block-spacer\"><\/div>\n\n<h2 class=\"wp-block-heading\">\ud83d\uddfa\ufe0f Pop\u00fcler H\u0131rvat Yol Gezisi Rotalar\u0131<\/h2>\n\n<h3 class=\"wp-block-heading\">Zagreb&#8217;ten Split&#8217;e (A1 Dalma\u00e7ya Otoyolu)<\/h3>\n\n<p><strong>Mesafe:<\/strong> ~400 km | <strong>S\u00fcre:<\/strong> 4-4,5 saat | <strong>\u00dccret:<\/strong> ~EUR 25<\/p>\n\n<p>Klasik H\u0131rvat yol gezisi rotas\u0131. A1, m\u00fckemmel hizmet alanlar\u0131na sahip modern ve iyi bak\u0131ml\u0131 bir otoyoldur. H\u0131rvatistan&#8217;\u0131n en g\u00fczel do\u011fal cazibe merkezlerinden biri olan Plitvice G\u00f6lleri Milli Park\u0131&#8217;nda (Gornja Plo\u010da \u00e7\u0131k\u0131\u015f\u0131) durmay\u0131 d\u00fc\u015f\u00fcn\u00fcn.  <\/p>\n\n<h3 class=\"wp-block-heading\">Zagreb&#8217;ten Dubrovnik&#8217;e<\/h3>\n\n<p><strong>Mesafe:<\/strong> ~600 km | <strong>S\u00fcre:<\/strong> 5.5-6 saat | <strong>\u00dccret:<\/strong> ~EUR 35<\/p>\n\n<p>Muhte\u015fem surlarla \u00e7evrili Dubrovnik \u015fehrinde sona eren nihai H\u0131rvat yolculuk. Bu g\u00fczergah\u0131n k\u0131sa bir s\u00fcre <strong>Bosna-Hersek&#8217;ten<\/strong> Neum koridorundan ge\u00e7ti\u011fini unutmay\u0131n (\u00fccret yok ama pasaport ta\u015f\u0131r). Alternatif olarak, tamamen H\u0131rvatistan&#8217;da kalmak i\u00e7in Pelje\u0161ac K\u00f6pr\u00fcs\u00fc&#8217;nden ge\u00e7ebilirsiniz.  <\/p>\n\n<h3 class=\"wp-block-heading\">Ljubljana (Slovenya) &#8211; Zagreb<\/h3>\n\n<p><strong>Mesafe:<\/strong> ~140 km | <strong>S\u00fcre:<\/strong> 1,5-2 saat | <strong>\u00dccret:<\/strong> ~EUR 7 (H\u0131rvatistan) + Slovence vinyet<\/p>\n\n<p>Orta Avrupa&#8217;dan ana g\u00fczergah. Yolculu\u011fun Slovenya k\u0131sm\u0131 i\u00e7in bir <a href=\"https:\/\/vignettego.com\/highway-vignette-europe\/tr\/slovenya-otoyol-vinyet-2026\/\">Slovenya E-Vinjeta<\/a> arac\u0131na ihtiyac\u0131n\u0131z olacak. <\/p>\n\n<h3 class=\"wp-block-heading\">\u0130striya K\u0131y\u0131s\u0131 Turu<\/h3>\n\n<p><strong>Rota:<\/strong> Rijeka \u2192 Opatija \u2192 Pula \u2192 Rovinj \u2192 Pore\u010d \u2192 Rijeka&#8217;ya geri d\u00f6nd\u00fc<\/p>\n\n<p>\u0130talyan etkili mutfa\u011f\u0131, tepe k\u00f6yleri ve b\u00fcy\u00fcleyici k\u0131y\u0131 kasabalar\u0131yla g\u00fczel \u0130striya yar\u0131madas\u0131n\u0131 ke\u015ffedin. Dalma\u00e7ya k\u0131y\u0131s\u0131ndan daha az kalabal\u0131k. <\/p>\n\n<h2 class=\"wp-block-heading\">\ud83d\udca1 2026 i\u00e7in H\u0131rvatistan S\u00fcr\u00fc\u015f \u0130pu\u00e7lar\u0131<\/h2>\n\n<h3 class=\"wp-block-heading\">Para birimi<\/h3>\n\n<p>Ocak 2023&#8217;ten itibaren H\u0131rvatistan, <strong>Euro (EUR)<\/strong> kullan\u0131yor. Ba\u015fka bir Euro B\u00f6lgesi \u00fclkesinden geliyorsan\u0131z para takas etmenize gerek yok. Kredi kartlar\u0131 yayg\u0131n olarak kabul g\u00f6rmektedir.  <\/p>\n\n<h3 class=\"wp-block-heading\">H\u0131z S\u0131n\u0131rlar\u0131<\/h3>\n\n<ul class=\"wp-block-list\">\n<li><strong>Otoyollar:<\/strong> 130 km\/s<\/li>\n<li><strong>Ulusal yollar:<\/strong> 90 km\/s<\/li>\n<li><strong>Kentsel alanlar:<\/strong> 50 km\/s<\/li>\n<\/ul>\n\n<h3 class=\"wp-block-heading\">Yaz Trafi\u011fi<\/h3>\n\n<p><strong>Uyar\u0131:<\/strong> K\u0131y\u0131ya giden A1, Temmuz ve A\u011fustos aylar\u0131nda, \u00f6zellikle Cumartesi g\u00fcnleri (haftal\u0131k kiralamalar i\u00e7in ge\u00e7i\u015f g\u00fcn\u00fc) <strong>son derece yo\u011fun trafik<\/strong> ya\u015far. En k\u00f6t\u00fc trafikten ka\u00e7\u0131nmak i\u00e7in sabah erken veya ak\u015fam ge\u00e7 saatlerde seyahat edin. <\/p>\n\n<h3 class=\"wp-block-heading\">Gerekli Ekipman<\/h3>\n\n<ul class=\"wp-block-list\">\n<li>Uyar\u0131 \u00fc\u00e7geni<\/li>\n<li>Yans\u0131t\u0131c\u0131 yelek<\/li>\n<li>\u0130lk yard\u0131m \u00e7antas\u0131<\/li>\n<li>S\u00fcr\u00fc\u015f s\u0131ras\u0131nda farlar her zaman a\u00e7\u0131k<\/li>\n<\/ul>\n\n<h2 class=\"wp-block-heading\" id=\"faq-section\">\u2753 S\u0131k\u00e7a Sorulan Sorular<\/h2>\n\n<h3 class=\"wp-block-heading\">H\u0131rvatistan&#8217;da bir vinyet mi gerekiyor yoksa \u00fccret mi \u00f6demeli miyim?<\/h3>\n\n<p>Her iki sistemi de kullanabilirsiniz. Geleneksel gi\u015fe gi\u015fteleri mesafeye dayal\u0131 \u00fccret uygulamal\u0131 bir \u015fekilde \u00e7al\u0131\u015f\u0131r. Alternatif olarak, baz\u0131 b\u00f6l\u00fcmler i\u00e7in dijital vinyetler (E-Vinjeta) art\u0131k mevcuttur.  <\/p>\n\n<h3 class=\"wp-block-heading\">H\u0131rvatistan&#8217;dan ayr\u0131lmadan Dubrovnik&#8217;e arabayla gidebilir miyim?<\/h3>\n\n<p>Evet! 2022&#8217;de Pelje\u0161ac K\u00f6pr\u00fcs\u00fc&#8217;n\u00fcn a\u00e7\u0131lmas\u0131ndan bu yana, art\u0131k Split&#8217;ten Dubrovnik&#8217;e Bosna-Hersek Neum koridorundan ge\u00e7meden arabayla gidebilirsiniz. <\/p>\n\n<h3 class=\"wp-block-heading\">ENC cihaz\u0131 de\u011fer mi?<\/h3>\n\n<p>S\u0131k s\u0131k gelen veya birka\u00e7 hafta kalanlar i\u00e7in evet. Tek bir yolculuk i\u00e7in gi\u015fte veya dijital sahneler daha pratiktir. <\/p>\n\n<div style=\"height:25px\" aria-hidden=\"true\" class=\"wp-block-spacer\"><\/div>\n\n<div class=\"wp-block-buttons is-content-justification-center is-layout-flex wp-container-core-buttons-is-layout-a89b3969 wp-block-buttons-is-layout-flex\">\n<div class=\"wp-block-button\"><a class=\"wp-block-button__link wp-element-button\" href=\"https:\/\/vignettego.com\/\" style=\"background-color:#e91e63;color:#ffffff;padding:15px 30px;font-size:18px;border-radius:8px;\">\ud83d\ude97 Avrupa Karayolu vinyetlerinizi VignetteGo \u2192&#8217;dan al\u0131n<\/a><\/div>\n<\/div>\n\n<div style=\"height:25px\" aria-hidden=\"true\" class=\"wp-block-spacer\"><\/div>\n\n<h2 class=\"wp-block-heading\">\ud83c\udfd6\ufe0f Neden H\u0131rvatistan&#8217;\u0131 ziyaret etmeli?<\/h2>\n\n<ul class=\"wp-block-list\">\n<li><strong>Muhte\u015fem K\u0131y\u0131 \u015eeridi:<\/strong> 1.000&#8217;den fazla ada ve kristal berrakl\u0131\u011f\u0131 Adriyatik sular\u0131<\/li>\n<li><strong>Tarihi \u015eehirler:<\/strong> Dubrovnik, Split, Zadar\u2014UNESCO D\u00fcnya Miras\u0131 alanlar\u0131<\/li>\n<li><strong>Game of Thrones Mekanlar\u0131:<\/strong> Dubrovnik, Kral \u015eehri olarak hizmet veriyordu<\/li>\n<li><strong>Plitvice G\u00f6lleri:<\/strong> \u015eelalelerle muhte\u015fem bir ulusal park<\/li>\n<li><strong>\u0130stria:<\/strong> \u0130talyan etkili mutfak, tr\u00fcf avc\u0131l\u0131\u011f\u0131, tepe k\u00f6yleri<\/li>\n<li><strong>Parti Sahnesi:<\/strong> Zr\u0107e Plaj\u0131, &#8220;H\u0131rvat \u0130bizas\u0131&#8221;d\u0131r<\/li>\n<\/ul>\n\n<h2 class=\"wp-block-heading\">\ud83d\udccd Sonu\u00e7<\/h2>\n\n<p>H\u0131rvatistan, dramatik A1 otoyolundan k\u0131vr\u0131ml\u0131 k\u0131y\u0131 yollar\u0131na ve b\u00fcy\u00fcleyici \u0130striya k\u00f6ylerine kadar Avrupa&#8217;n\u0131n en tatmin edici yolculuklar\u0131ndan baz\u0131lar\u0131n\u0131 sunuyor. \u0130ster geleneksel gi\u015fte, ister ENC elektronik sistemini, ister yeni dijital vignette se\u00e7eneklerini tercih edin, H\u0131rvatistan&#8217;da arabayla dola\u015fmak olduk\u00e7a kolayd\u0131r. <\/p>\n\n<p>Orta Avrupa&#8217;dan H\u0131rvatistan&#8217;a ula\u015fmak i\u00e7in muhtemelen <a href=\"https:\/\/vignettego.com\/highway-vignette-europe\/tr\/slovenya-otoyol-vinyet-2026\/\">Slovenya<\/a> veya <a href=\"https:\/\/vignettego.com\/highway-vignette-europe\/tr\/macaristan-otoyol-vinyet-2026\/\">Macaristan&#8217;dan<\/a> ge\u00e7eceksiniz. T\u00fcm vinyetlerinizi <a href=\"https:\/\/vignettego.com\/\" title=\"VignetteGo - Avrupa otoyol k&#x131;sa g&#xF6;r&#xFC;nt&#xFC;leri\">VignetteGo&#8217;da<\/a> bir yere toplay\u0131n. <\/p>\n\n<p><strong>H\u0131rvatistan k\u0131y\u0131lar\u0131n\u0131n tad\u0131n\u0131 \u00e7\u0131kar\u0131n! \ud83c\udded\ud83c\uddf7\ud83c\udfd6\ufe0f <\/strong><\/p>\n\n<p><strong>\u0130lgili Rehberler:<\/strong> <a href=\"https:\/\/vignettego.com\/highway-vignette-europe\/tr\/slovenya-otoyol-vinyet-2026\/\">Slovenya E-Vinjeta<\/a> | <a href=\"https:\/\/vignettego.com\/highway-vignette-europe\/tr\/macaristan-otoyol-vinyet-2026\/\">Macaristan E-Matrica<\/a> | <a href=\"https:\/\/vignettego.com\/\">T\u00fcm Avrupa Vignetleri<\/a><\/p>\n","protected":false},"excerpt":{"rendered":"<p>H\u0131rvatistan, Avrupa&#8217;n\u0131n en pop\u00fcler yaz destinasyonlar\u0131ndan biridir; muhte\u015fem Adriyatik k\u0131y\u0131lar\u0131, kristal berrakl\u0131\u011f\u0131 sular\u0131, Dubrovnik ve Split gibi tarihi \u015fehirleri ve g\u00fczel adalar\u0131yla \u00fcnl\u00fcd\u00fcr. H\u0131rvatistan&#8217;a arabayla gitmek, Dubrovnik&#8217;in antik surlar\u0131ndan Zr\u0107e&#8217;nin parti plajlar\u0131na, Plitvice G\u00f6lleri&#8217;nin \u015felalelerinden b\u00fcy\u00fcleyici \u0130stria&#8217;ya kadar inan\u0131lmaz olanaklar\u0131n \u00f6n\u00fcn\u00fc a\u00e7\u0131yor. Bu rehber, 2026 y\u0131l\u0131nda H\u0131rvatistan otoyol \u00fccret sistemi hakk\u0131nda ENC elektronik sistemi, dijital [&hellip;]<\/p>\n","protected":false},"author":0,"featured_media":0,"parent":0,"menu_order":0,"comment_status":"closed","ping_status":"closed","template":"","meta":{"footnotes":""},"class_list":["post-1183","page","type-page","status-publish","hentry"],"_links":{"self":[{"href":"https:\/\/vignettego.com\/highway-vignette-europe\/tr\/wp-json\/wp\/v2\/pages\/1183","targetHints":{"allow":["GET"]}}],"collection":[{"href":"https:\/\/vignettego.com\/highway-vignette-europe\/tr\/wp-json\/wp\/v2\/pages"}],"about":[{"href":"https:\/\/vignettego.com\/highway-vignette-europe\/tr\/wp-json\/wp\/v2\/types\/page"}],"replies":[{"embeddable":true,"href":"https:\/\/vignettego.com\/highway-vignette-europe\/tr\/wp-json\/wp\/v2\/comments?post=1183"}],"version-history":[{"count":3,"href":"https:\/\/vignettego.com\/highway-vignette-europe\/tr\/wp-json\/wp\/v2\/pages\/1183\/revisions"}],"predecessor-version":[{"id":1514,"href":"https:\/\/vignettego.com\/highway-vignette-europe\/tr\/wp-json\/wp\/v2\/pages\/1183\/revisions\/1514"}],"wp:attachment":[{"href":"https:\/\/vignettego.com\/highway-vignette-europe\/tr\/wp-json\/wp\/v2\/media?parent=1183"}],"curies":[{"name":"wp","href":"https:\/\/api.w.org\/{rel}","templated":true}]}}