{"id":1181,"date":"2026-01-04T01:37:39","date_gmt":"2026-01-04T01:37:39","guid":{"rendered":"https:\/\/vignettego.com\/highway-vignette-europe\/macaristan-otoyol-vinyet-2026\/"},"modified":"2026-01-04T12:49:44","modified_gmt":"2026-01-04T12:49:44","slug":"macaristan-otoyol-vinyet-2026","status":"publish","type":"page","link":"https:\/\/vignettego.com\/highway-vignette-europe\/tr\/macaristan-otoyol-vinyet-2026\/","title":{"rendered":"Macaristan Karayolu Vignette 2026: Tam E-Matrica Rehberi"},"content":{"rendered":"\n<script type=\"application\/ld+json\">{\n    \"@context\": \"https:\/\/schema.org\",\n    \"@graph\": [\n        {\n            \"@type\": \"Article\",\n            \"@id\": \"https:\/\/vignettego.com\/highway-vignette-europe\/hungary-highway-vignette-guide\/#article\",\n            \"headline\": \"Hungary Highway Vignette 2026: Complete E-Matrica Guide\",\n            \"description\": \"Everything about the Hungarian E-Matrica system 2026: prices, validity, how to buy online, and essential tips for driving on Hungarian motorways. Your complete guide to the electronic vignette.\",\n            \"image\": \"https:\/\/vignettego.com\/highway-vignette-europe\/wp-content\/uploads\/2026\/09\/Highway-Vignette-Europe.jpg\",\n            \"datePublished\": \"2026-01-04\",\n            \"dateModified\": \"2026-01-04\",\n            \"author\": {\"@type\": \"Organization\", \"name\": \"VignetteGo\", \"url\": \"https:\/\/vignettego.com\"},\n            \"publisher\": {\"@type\": \"Organization\", \"name\": \"VignetteGo\"},\n            \"mainEntityOfPage\": {\"@type\": \"WebPage\", \"@id\": \"https:\/\/vignettego.com\/highway-vignette-europe\/hungary-highway-vignette-guide\/\"},\n            \"articleSection\": \"Highway Vignettes\",\n            \"keywords\": [\"Hungary vignette\", \"E-Matrica\", \"Hungarian motorway\", \"Budapest driving\", \"M1 motorway\", \"Hungary toll\"],\n            \"inLanguage\": \"en\",\n            \"speakable\": {\"@type\": \"SpeakableSpecification\", \"cssSelector\": [\".article-intro\", \"#faq-section\"]}\n        },\n        {\n            \"@type\": \"BreadcrumbList\",\n            \"itemListElement\": [\n                {\"@type\": \"ListItem\", \"position\": 1, \"name\": \"VignetteGo\", \"item\": \"https:\/\/vignettego.com\/\"},\n                {\"@type\": \"ListItem\", \"position\": 2, \"name\": \"Highway Vignette Europe\", \"item\": \"https:\/\/vignettego.com\/highway-vignette-europe\/\"},\n                {\"@type\": \"ListItem\", \"position\": 3, \"name\": \"Hungary Guide\", \"item\": \"https:\/\/vignettego.com\/highway-vignette-europe\/hungary-highway-vignette-guide\/\"}\n            ]\n        },\n        {\n            \"@type\": \"FAQPage\",\n            \"mainEntity\": [\n                {\"@type\": \"Question\", \"name\": \"How much does a Hungarian E-Matrica cost?\", \"acceptedAnswer\": {\"@type\": \"Answer\", \"text\": \"For 2026, the D1 category (standard cars) costs approximately: 10-day regional HUF 4,270, 10-day national HUF 5,950, monthly HUF 6,590, and annual HUF 57,420. Prices may be adjusted.\"}},\n                {\"@type\": \"Question\", \"name\": \"Can I buy the Hungarian E-Matrica online?\", \"acceptedAnswer\": {\"@type\": \"Answer\", \"text\": \"Yes, you can purchase the E-Matrica online at VignetteGo or the official Hungarian motorway website. Registration is linked to your license plate, so no physical sticker is needed.\"}},\n                {\"@type\": \"Question\", \"name\": \"What is the difference between regional and national E-Matrica?\", \"acceptedAnswer\": {\"@type\": \"Answer\", \"text\": \"Regional E-Matrica (D1 REGIONAL) covers only the main transit routes (M1, M5, M7 etc.), while National E-Matrica (D1) covers the entire motorway network including all M and R roads.\"}},\n                {\"@type\": \"Question\", \"name\": \"What if I drive without a vignette in Hungary?\", \"acceptedAnswer\": {\"@type\": \"Answer\", \"text\": \"Fines for driving without a valid E-Matrica are significant\u2014from HUF 14,875 to HUF 88,500 depending on vehicle category. Enforcement is done via cameras, so non-compliance is easily detected.\"}},\n                {\"@type\": \"Question\", \"name\": \"Do I need a vignette for all roads in Hungary?\", \"acceptedAnswer\": {\"@type\": \"Answer\", \"text\": \"No, only motorways (M roads) and expressways (R roads) require a vignette. Regular national roads and local roads are free to use.\"}}\n            ]\n        }\n    ]\n}\n<\/script>\n\n<figure class=\"wp-block-image aligncenter size-large\"><img decoding=\"async\" src=\"https:\/\/vignettego.com\/highway-vignette-europe\/wp-content\/uploads\/2026\/09\/Highway-Vignette-Europe.jpg\" alt=\"Macaristan E-Matrica 2026 - Macar karayolu vinyeti i&#xE7;in tam rehber\" style=\"width:100%; height:auto; margin-bottom:20px;\"\/><\/figure>\n\n<p class=\"article-intro\">Macaristan, Orta Avrupa&#8217;n\u0131n kav\u015fa\u011f\u0131nda yer almakta olup, Balkanlar, Avusturya, Slovakya veya Romanya&#8217;ya giden yolcular i\u00e7in \u00f6nemli bir ge\u00e7i\u015f \u00fclkesi haline gelmektedir. Budape\u015fte&#8217;deki muhte\u015fem Parlamento binas\u0131ndan H\u00e9v\u00edz&#8217;in termal hamamlar\u0131na, Tokaj&#8217;\u0131n \u015farap \u00fclkesine ve geni\u015f Puszta ovalar\u0131na kadar Macaristan, zengin k\u00fclt\u00fcrel deneyimler sunar. Bu rehber, 2026 <strong>i\u00e7in Macar E-Matrica (elektronik vignette)<\/strong> hakk\u0131nda her \u015feyi kaps\u0131yor: fiyatlar, ge\u00e7erlilik t\u00fcrleri, nereden sat\u0131n al\u0131naca\u011f\u0131 ve Macar otoyollar\u0131nda s\u00fcr\u00fc\u015f i\u00e7in temel ipu\u00e7lar\u0131.  <\/p>\n\n<div style=\"height:25px\" aria-hidden=\"true\" class=\"wp-block-spacer\"><\/div>\n\n<div class=\"wp-block-buttons is-content-justification-center is-layout-flex wp-container-core-buttons-is-layout-a89b3969 wp-block-buttons-is-layout-flex\">\n<div class=\"wp-block-button\"><a class=\"wp-block-button__link wp-element-button\" href=\"https:\/\/vignettego.com\/\" style=\"background-color:#0066cc;color:#ffffff;padding:15px 30px;font-size:18px;border-radius:8px;\">\ud83d\ude97 Macar E-Matrica&#8217;n\u0131z\u0131 VignetteGo&#8217;dan al\u0131n<\/a><\/div>\n<\/div>\n\n<div style=\"height:25px\" aria-hidden=\"true\" class=\"wp-block-spacer\"><\/div>\n\n<h2 class=\"wp-block-heading\">\ud83c\udded\ud83c\uddfa Macar E-Matrica nedir?<\/h2>\n\n<p>Macaristan, 2008 y\u0131l\u0131nda tamamen <strong>elektronik vignette sistemini (E-Matrica)<\/strong> benimseyen ilk Avrupa \u00fclkelerinden biriydi. Fiziksel bir \u00e7\u0131kartmaya gerek yoktur\u2014ara\u00e7 plakan\u0131z ulusal \u00fccret veri taban\u0131nda kay\u0131tl\u0131d\u0131r ve otoyollar \u00fczerindeki kamera sistemleri otomatik olarak vignette durumunuzu do\u011frular. <\/p>\n\n<p>E-Matrica sistemi, t\u00fcm Macar <strong>otoyollar\u0131n\u0131 (M yollar\u0131)<\/strong> ve <strong>ekspres yollar\u0131 (R yollar\u0131)<\/strong> kapsar. Normal ulusal yollar (1-9 numaral\u0131 birincil yollar, 10-99 numaral\u0131 ikincil yollar vb.) vignette olmadan \u00fccretsizdir. <\/p>\n\n<h2 class=\"wp-block-heading\">\ud83d\udcb0 E-Matrica Fiyatlar\u0131 2026<\/h2>\n\n<p>Fiyatlar Macar Forint (HUF) cinsindendir. Macaristan kendi para birimini kullan\u0131r ve Euro&#8217;yu benimsememi\u015ftir. Mevcut d\u00f6viz kuru yakla\u015f\u0131k EUR 1 = HUF 400&#8217;d\u00fcr.  <\/p>\n\n<h3 class=\"wp-block-heading\">D1 Kategorisi (3,5 tona kadar otomobiller)<\/h3>\n\n<figure class=\"wp-block-table\"><table><thead><tr><th>Vignette Tipi<\/th><th>Fiyat (HUF)<\/th><th>Yakla\u015f\u0131k EUR <\/th><\/tr><\/thead><tbody><tr><td><strong>10 G\u00fcnl\u00fck B\u00f6lgesel Yar\u0131\u015f<\/strong><\/td><td>HUF 4.270<\/td><td>~EUR 11<\/td><\/tr><tr><td><strong>10 G\u00fcnl\u00fck Ulusal<\/strong><\/td><td>HUF 5.950<\/td><td>~EUR 15<\/td><\/tr><tr><td><strong>Ayl\u0131k Ulusal<\/strong><\/td><td>HUF 6.590<\/td><td>~EUR 16<\/td><\/tr><tr><td><strong>Y\u0131ll\u0131k Ulusal<\/strong><\/td><td>HUF 57.420<\/td><td>~EUR 143<\/td><\/tr><\/tbody><\/table><\/figure>\n\n<h3 class=\"wp-block-heading\">B\u00f6lgesel vs Ulusal E-Matrica<\/h3>\n\n<p><strong>B\u00f6lgesel E-Matrica (D1 B\u00d6LGESEL):<\/strong> Sadece ana toplu ta\u015f\u0131ma koridorlar\u0131n\u0131 kapsar:<\/p>\n\n<ul class=\"wp-block-list\">\n<li>M1 (Viyana-Budape\u015fte)<\/li>\n<li>M5 (Budape\u015fte-Szeged-S\u0131rbistan s\u0131n\u0131r\u0131)<\/li>\n<li>M7 (Budape\u015fte-Balaton G\u00f6l\u00fc-H\u0131rvatistan s\u0131n\u0131r\u0131)<\/li>\n<li>M3 (Budape\u015fte-Debrecen-Ukrayna s\u0131n\u0131r\u0131) \u2013 se\u00e7ilmi\u015f b\u00f6l\u00fcmler<\/li>\n<li>M15, M30, M31, M35 \u2013 se\u00e7ilmi\u015f b\u00f6l\u00fcmler<\/li>\n<\/ul>\n\n<p><strong>Ulusal E-Matrica (D1):<\/strong> T\u00fcm <strong>otoyol a\u011f\u0131n\u0131<\/strong> kapsar, bunlar aras\u0131nda:<\/p>\n\n<ul class=\"wp-block-list\">\n<li>T\u00fcm M-yollar\u0131 (M0, M1, M2, M3, M4, M5, M6, M7, M15, M30, M31, M35, M43, M44, M70, M85, M86)<\/li>\n<li>T\u00fcm R-yollar\u0131 (ekspres yollar)<\/li>\n<\/ul>\n\n<p><strong>\u0130pucu:<\/strong> Ana transit koridorlar\u0131n\u0131n \u00f6tesinde Macaristan&#8217;\u0131 ke\u015ffetmeyi planl\u0131yorsan\u0131z (\u00f6rne\u011fin Balaton G\u00f6l\u00fc tatil k\u00f6ylerini, P\u00e9cs&#8217;i, Tokaj b\u00f6lgesini ziyaret etmek), National E-Matrica&#8217;y\u0131 edinin.<\/p>\n\n<h2 class=\"wp-block-heading\">\ud83d\uded2 Macar E-Matrica&#8217;y\u0131 Nereden Sat\u0131n Alabilirsiniz<\/h2>\n\n<h3 class=\"wp-block-heading\">\u00c7evrimi\u00e7i (Tavsiye edilir)<\/h3>\n\n<p>En kolay sat\u0131n alma yolu, seyahatinizden \u00f6nce \u00e7evrimi\u00e7i olmakt\u0131r:<\/p>\n\n<ul class=\"wp-block-list\">\n<li><strong><a href=\"https:\/\/vignettego.com\/\">VignetteGo<\/a><\/strong> \u2013 An\u0131nda onayla h\u0131zl\u0131 sat\u0131n alma<\/li>\n<li>Resmi Macar otoyolu web sitesi (ematrica.nemzetiutdij.hu)<\/li>\n<\/ul>\n\n<p>\u00c7evrimi\u00e7i sat\u0131n alma avantajlar\u0131: s\u0131n\u0131r benzin istasyonlar\u0131nda beklemek zorunda kalmamak, an\u0131nda aktivasyon, telefonda dijital onay.<\/p>\n\n<h3 class=\"wp-block-heading\">Fiziksel Sat\u0131n Alma Puanlar\u0131<\/h3>\n\n<ul class=\"wp-block-list\">\n<li>Macaristan genelinde benzin istasyonlar\u0131 (MOL, Shell, OMV)<\/li>\n<li>S\u0131n\u0131r ge\u00e7i\u015f noktalar\u0131<\/li>\n<li>Postane Ofisleri<\/li>\n<li>M\u00fc\u015fteri hizmetleri merkezleri<\/li>\n<\/ul>\n\n<div style=\"height:25px\" aria-hidden=\"true\" class=\"wp-block-spacer\"><\/div>\n\n<div class=\"wp-block-buttons is-content-justification-center is-layout-flex wp-container-core-buttons-is-layout-a89b3969 wp-block-buttons-is-layout-flex\">\n<div class=\"wp-block-button\"><a class=\"wp-block-button__link wp-element-button\" href=\"https:\/\/vignettego.com\/\" style=\"background-color:#28a745;color:#ffffff;padding:15px 30px;font-size:18px;border-radius:8px;\">\u2705 Avrupa Vinyetleri \u2013 8 \u00dclke \u2013 VignetteGo&#8217;da al\u0131n<\/a><\/div>\n<\/div>\n\n<div style=\"height:25px\" aria-hidden=\"true\" class=\"wp-block-spacer\"><\/div>\n\n<h2 class=\"wp-block-heading\">\ud83d\udee3\ufe0f Macar Karayolu A\u011f\u0131<\/h2>\n\n<p>Macaristan otoyol a\u011f\u0131 Budape\u015fte&#8217;den bir y\u0131ld\u0131z gibi yay\u0131l\u0131yor ve ba\u015fkenti t\u00fcm kom\u015fu \u00fclkelere ba\u011fl\u0131yor.<\/p>\n\n<h3 class=\"wp-block-heading\">M0 \u2013 Budape\u015fte \u00c7evre Yolu<\/h3>\n\n<p>Budape\u015fte \u00e7evresindeki y\u00f6rge otoyolu, t\u00fcm ana radyal otoyollar\u0131 birbirine ba\u011fl\u0131yor. Macaristan&#8217;dan ge\u00e7erken \u015fehir merkezi trafi\u011finden ka\u00e7\u0131nmak i\u00e7in vazge\u00e7ilmezdir. <\/p>\n\n<h3 class=\"wp-block-heading\">M1 \u2013 Budape\u015fte&#8217;den Viyana&#8217;ya<\/h3>\n\n<p>Budape\u015fte&#8217;yi Viyana&#8217;ya Gy\u0151r \u00fczerinden ba\u011flayan <strong>Avusturya&#8217;ya<\/strong> giden ana koridor. Toplam uzunluk: yakla\u015f\u0131k 170 km. Hegyeshalom\/Nickelsdorf&#8217;ta Avusturya&#8217;ya ge\u00e7er. Devam etmek i\u00e7in bir <a href=\"https:\/\/vignettego.com\/highway-vignette-europe\/tr\/avusturya-otoyol-vinyet-2026\/\">Avusturya vinyetine<\/a> ihtiyac\u0131n\u0131z olacak.   <\/p>\n\n<h3 class=\"wp-block-heading\">M3 \u2013 Budape\u015fte-Ukrayna S\u0131n\u0131r\u0131<\/h3>\n\n<p>Kuzeydo\u011fu koridoru, <strong>Ukrayna ve Slovakya&#8217;ya<\/strong> do\u011fru, Debrecen&#8217;den ge\u00e7er. Tokaj \u015farap b\u00f6lgesine ve Hortobagy Ulusal Park\u0131&#8217;na eri\u015fim. <\/p>\n\n<h3 class=\"wp-block-heading\">M5 \u2013 Budape\u015fte-S\u0131rbistan S\u0131n\u0131r\u0131<\/h3>\n\n<p><strong>S\u0131rbistan&#8217;a<\/strong> do\u011fru g\u00fcney koridoru ile Szeged&#8217;e ba\u011flan\u0131r ve Subotica\/Belgrad&#8217;a devam eder. Toplam uzunlu\u011fu: yakla\u015f\u0131k 156 km. <\/p>\n\n<h3 class=\"wp-block-heading\">M6 \u2013 Budape\u015fte-H\u0131rvatistan s\u0131n\u0131r\u0131<\/h3>\n\n<p><strong>H\u0131rvatistan&#8217;a (Barcs)<\/strong> do\u011fru g\u00fcneybat\u0131 koridoru, P\u00e9cs&#8217;ten ge\u00e7er. Slovenya&#8217;dan ka\u00e7\u0131narak H\u0131rvatistan k\u0131y\u0131s\u0131na alternatif bir g\u00fczergah. <\/p>\n\n<h3 class=\"wp-block-heading\">M7 \u2013 Budape\u015fte&#8217;den Lake Balaton\/H\u0131rvatistan&#8217;a<\/h3>\n\n<p><strong>Balaton G\u00f6l\u00fc&#8217;ne<\/strong> ve <strong>H\u0131rvatistan&#8217;a (Letenye)<\/strong> devam eden ana tatil g\u00fczergah\u0131. Yaz hafta sonlar\u0131nda a\u015f\u0131r\u0131 yo\u011fun oluyor. Toplam uzunluk: yakla\u015f\u0131k 232 km.  <\/p>\n\n<h3 class=\"wp-block-heading\">M15 \u2013 Rajka&#8217;dan Bratislava&#8217;ya<\/h3>\n\n<p>M1&#8217;den ayr\u0131lan k\u0131sa otoyol, <strong>Slovakya<\/strong> ve Bratislava&#8217;ya ba\u011flan\u0131r. Devam etmek i\u00e7in bir <a href=\"https:\/\/vignettego.com\/highway-vignette-europe\/tr\/slovakya-otoyol-vinyet-2026\/\">Slovak\u00e7a k\u0131sa<\/a> sahneye ihtiyac\u0131n\u0131z olacak. <\/p>\n\n<h3 class=\"wp-block-heading\">M70 \u2013 Letenye&#8217;den Slovenya S\u0131n\u0131r\u0131na<\/h3>\n\n<p><strong>Slovenya&#8217;ya<\/strong> ba\u011flanan k\u0131sa otoyol, Slovenya A5 olarak devam ediyor. Devam etmek i\u00e7in bir <a href=\"https:\/\/vignettego.com\/highway-vignette-europe\/tr\/slovenya-otoyol-vinyet-2026\/\">Slovenya E-Vinjeta&#8217;s\u0131na<\/a> ihtiyac\u0131n\u0131z olacak. <\/p>\n\n<h2 class=\"wp-block-heading\">\ud83d\uddfa\ufe0f Macaristan \u00fczerinden pop\u00fcler g\u00fczergahlar<\/h2>\n\n<h3 class=\"wp-block-heading\">Viyana&#8217;dan Budape\u015fte&#8217;ye (M1)<\/h3>\n\n<p><strong>Mesafe:<\/strong> ~250 km | <strong>S\u00fcre:<\/strong> 2,5-3 saat | <strong>Gerekli vinyetler:<\/strong> Avusturya + Macar<\/p>\n\n<p>Klasik Orta Avrupa rotas\u0131. M\u00fckemmel otoyol ko\u015fullar\u0131. G\u00fczel bir barok \u015fehir olan Gy\u0151r&#8217;de durmay\u0131 d\u00fc\u015f\u00fcn\u00fcn.  <\/p>\n\n<h3 class=\"wp-block-heading\">Budape\u015fte&#8217;den Balaton G\u00f6l\u00fc&#8217;ne (M7)<\/h3>\n\n<p><strong>Mesafe:<\/strong> ~100 km (Si\u00f3fok&#8217;a) | <strong>S\u00fcre:<\/strong> 1-1,5 saat<\/p>\n\n<p>Orta Avrupa&#8217;n\u0131n en b\u00fcy\u00fck g\u00f6l\u00fc ve Macaristan, yaz aylar\u0131nda en \u00f6nemli destinasyondur. M7 yaz Cuma ve Pazar g\u00fcnleri a\u015f\u0131r\u0131 trafik oluyor. <\/p>\n\n<h3 class=\"wp-block-heading\">Budape\u015fte&#8217;den H\u0131rvatistan K\u0131y\u0131s\u0131na (M7\/M70 \u00fczerinden)<\/h3>\n\n<p><strong>Rota:<\/strong> Budape\u015fte \u2192 Balaton G\u00f6l\u00fc \u2192 Letenye \u2192 Zagreb \u2192 Split<\/p>\n\n<p>Macaristan ve Slovenya \u00fczerinden H\u0131rvatistan&#8217;a alternatif bir g\u00fczergah. Gerekli vinyetler: Macar E-Matrica + <a href=\"https:\/\/vignettego.com\/highway-vignette-europe\/tr\/slovenya-otoyol-vinyet-2026\/\">Sloven E-Vinjeta<\/a> + <a href=\"https:\/\/vignettego.com\/highway-vignette-europe\/tr\/hirvatistan-otoyol-gecis-2026\/\">H\u0131rvat ge\u00e7i\u015f \u00fccretleri<\/a>. <\/p>\n\n<h3 class=\"wp-block-heading\">Viyana&#8217;dan Romanya&#8217;ya (M1, M0, M5, M43 \u00fczerinden)<\/h3>\n\n<p><strong>Rota:<\/strong> Viyana \u2192 Budape\u015fte \u2192 Szeged \u2192 Arad (Romanya)<\/p>\n\n<p>Bat\u0131 Avrupa&#8217;dan Romanya&#8217;ya ana g\u00fczergah. K\u00fc\u00e7\u00fck par\u00e7alar gereken: Avusturya + <a href=\"https:\/\/vignettego.com\/highway-vignette-europe\/tr\/romanya-otoyol-vinyet-2026\/\">Macarca + Rumence Rovinieta<\/a>. <\/p>\n\n<div style=\"height:25px\" aria-hidden=\"true\" class=\"wp-block-spacer\"><\/div>\n\n<div class=\"wp-block-buttons is-content-justification-center is-layout-flex wp-container-core-buttons-is-layout-a89b3969 wp-block-buttons-is-layout-flex\">\n<div class=\"wp-block-button\"><a class=\"wp-block-button__link wp-element-button\" href=\"https:\/\/vignettego.com\/\" style=\"background-color:#ff6600;color:#ffffff;padding:15px 30px;font-size:18px;border-radius:8px;\">\ud83d\uded2 T\u00fcm Avrupa Vignette&#8217;lerini VignetteGo&#8217;dan sipari\u015f edin<\/a><\/div>\n<\/div>\n\n<div style=\"height:25px\" aria-hidden=\"true\" class=\"wp-block-spacer\"><\/div>\n\n<h2 class=\"wp-block-heading\">\u26a0\ufe0f \u00d6nemli E-Matrica Kurallar\u0131<\/h2>\n\n<h3 class=\"wp-block-heading\">Ge\u00e7erlilik S\u00fcresi<\/h3>\n\n<ul class=\"wp-block-list\">\n<li><strong>10 G\u00fcn:<\/strong> Sat\u0131n alma g\u00fcn\u00fc dahil 10 g\u00fcn ard\u0131\u015f\u0131k ge\u00e7erlidir<\/li>\n<li><strong>Ayl\u0131k:<\/strong> Ayn\u0131 tarihe kadar ge\u00e7erli olan bir sonraki ay<\/li>\n<li><strong>Y\u0131ll\u0131k:<\/strong> 1 Ocak&#8217;tan 31 Aral\u0131k&#8217;a kadar bir takvim y\u0131l\u0131 boyunca, y\u0131l ortas\u0131nda al\u0131nm\u0131\u015fsa sat\u0131n alma tarihinden itibaren ge\u00e7erlidir<\/li>\n<\/ul>\n\n<h3 class=\"wp-block-heading\">Plaka Tescil<\/h3>\n\n<p>E-Matrica <strong>tam<\/strong> olarak plaka numaran\u0131za ve <strong>\u00fclke koduna<\/strong> kay\u0131tl\u0131d\u0131r. Al\u0131\u015fveri\u015f yaparken yaz\u0131m hatalar\u0131n\u0131 tekrar kontrol edin! Hatalar yeni bir vinyet sat\u0131n almay\u0131 gerektirir.  <\/p>\n\n<h3 class=\"wp-block-heading\">Uyumsuzluk Cezalar\u0131<\/h3>\n\n<ul class=\"wp-block-list\">\n<li><strong>D1 kategorisi (arabalar):<\/strong> HUF 14.875&#8217;ten HUF&#8217;8.500&#8217;e kadar<\/li>\n<li><strong>Yerinde \u00f6deme:<\/strong> Genellikle 60 g\u00fcn i\u00e7inde \u00f6denirse daha d\u00fc\u015f\u00fck olur<\/li>\n<li>Otomatik kamera sistemleri (ANPR) ile uygulama<\/li>\n<\/ul>\n\n<h2 class=\"wp-block-heading\">\ud83d\udca1 2026 i\u00e7in Macaristan S\u00fcr\u00fc\u015f \u0130pu\u00e7lar\u0131<\/h2>\n\n<h3 class=\"wp-block-heading\">Para birimi<\/h3>\n\n<p>Macaristan <strong>ise Macar Forint (HUF)<\/strong> kullan\u0131r. Euro fiyatlar\u0131 sadece baz\u0131 s\u0131n\u0131r benzin istasyonlar\u0131nda yayg\u0131n olarak kabul edilmektedir. Kredi kartlar\u0131 neredeyse her yerde kabul ediliyor.  <\/p>\n\n<h3 class=\"wp-block-heading\">H\u0131z S\u0131n\u0131rlar\u0131<\/h3>\n\n<ul class=\"wp-block-list\">\n<li><strong>Otoyollar:<\/strong> 130 km\/s<\/li>\n<li><strong>Otoyollar:<\/strong> 110 km\/s<\/li>\n<li><strong>Ana yollar:<\/strong> 90 km\/s<\/li>\n<li><strong>Kentsel alanlar:<\/strong> 50 km\/s<\/li>\n<\/ul>\n\n<h3 class=\"wp-block-heading\">Gerekli Ekipman<\/h3>\n\n<ul class=\"wp-block-list\">\n<li>Uyar\u0131 \u00fc\u00e7geni<\/li>\n<li>Yans\u0131t\u0131c\u0131 yelek<\/li>\n<li>\u0130lk yard\u0131m \u00e7antas\u0131<\/li>\n<li><strong>Farlar:<\/strong> Her zaman d\u0131\u015f mekanlarda olmak gerekir<\/li>\n<\/ul>\n\n<h3 class=\"wp-block-heading\">S\u0131f\u0131r Tolerans Alkol Politikas\u0131<\/h3>\n\n<p>Macaristan&#8217;da alkoll\u00fc ara\u00e7 kullanmaya <strong>kar\u015f\u0131 s\u0131f\u0131r tolerans<\/strong> politikas\u0131 var. Kan alkol s\u0131n\u0131r\u0131 %0,0&#8217;d\u0131r. Cezalar a\u011f\u0131rd\u0131r.  <\/p>\n\n<h2 class=\"wp-block-heading\" id=\"faq-section\">\u2753 S\u0131k\u00e7a Sorulan Sorular<\/h2>\n\n<h3 class=\"wp-block-heading\">M0 \u00e7evre yolu i\u00e7in bir vinyet ihtiyac\u0131m var m\u0131?<\/h3>\n\n<p>Evet, M0 Budape\u015fte \u00e7evre yolu ge\u00e7erli bir E-Matrica gerektiriyor.<\/p>\n\n<h3 class=\"wp-block-heading\">Lake Balaton i\u00e7in b\u00f6lgesel vinyet kullanabilir miyim?<\/h3>\n\n<p>Evet, M7 Lake Balaton&#8217;a giden yol b\u00f6lgesel E-Matrica taraf\u0131ndan kapsan\u0131yor. Ancak, ana M7 koridorunun \u00f6tesine ke\u015fif yapmay\u0131 planl\u0131yorsan\u0131z, ulusal vignette edin. <\/p>\n\n<h3 class=\"wp-block-heading\">Macaristan&#8217;da araba kiralarsam ne olur?<\/h3>\n\n<p>Kira \u015firketinizle ileti\u015fime ge\u00e7in\u2014baz\u0131lar\u0131 E-Matrica i\u00e7erir, baz\u0131lar\u0131 ise ayr\u0131 sat\u0131n alman\u0131z\u0131 gerektirir. Arac\u0131 almadan \u00f6nce do\u011frulay\u0131n. <\/p>\n\n<div style=\"height:25px\" aria-hidden=\"true\" class=\"wp-block-spacer\"><\/div>\n\n<div class=\"wp-block-buttons is-content-justification-center is-layout-flex wp-container-core-buttons-is-layout-a89b3969 wp-block-buttons-is-layout-flex\">\n<div class=\"wp-block-button\"><a class=\"wp-block-button__link wp-element-button\" href=\"https:\/\/vignettego.com\/\" style=\"background-color:#e91e63;color:#ffffff;padding:15px 30px;font-size:18px;border-radius:8px;\">\ud83d\ude97 Avrupa Karayolu vinyetlerinizi VignetteGo \u2192&#8217;dan al\u0131n<\/a><\/div>\n<\/div>\n\n<div style=\"height:25px\" aria-hidden=\"true\" class=\"wp-block-spacer\"><\/div>\n\n<h2 class=\"wp-block-heading\">\ud83c\udff0 Neden Macaristan&#8217;\u0131 ziyaret etmeli?<\/h2>\n\n<ul class=\"wp-block-list\">\n<li><strong>Budape\u015fte:<\/strong> Muhte\u015fem mimariyle &#8220;Do\u011fu&#8217;nun Parisi&#8221;<\/li>\n<li><strong>Termal Banyolar:<\/strong> Macaristan&#8217;da 1.000&#8217;den fazla do\u011fal kapl\u0131ca bulunmaktad\u0131r<\/li>\n<li><strong>Balaton G\u00f6l\u00fc:<\/strong> Orta Avrupa&#8217;n\u0131n en b\u00fcy\u00fck g\u00f6l\u00fc, yaz i\u00e7in m\u00fckemmel<\/li>\n<li><strong>Tokaj \u015earap B\u00f6lgesi:<\/strong> UNESCO D\u00fcnya Miras\u0131 tatl\u0131 \u015faraplar\u0131<\/li>\n<li><strong>Hortobagy:<\/strong> Geni\u015f Macar ovalar\u0131, geleneksel s\u00fcvariler<\/li>\n<li><strong>Eger:<\/strong> Tarihi \u015farap kasabas\u0131, Osmanl\u0131 kalesi<\/li>\n<\/ul>\n\n<h2 class=\"wp-block-heading\">\ud83d\udccd Sonu\u00e7<\/h2>\n\n<p>Macaristan&#8217;\u0131n iyi korunan otoyol a\u011f\u0131, bu b\u00fcy\u00fcleyici \u00fclkeden ke\u015ffetmeyi veya ge\u00e7i\u015fi kolayla\u015ft\u0131r\u0131yor. E-Matrica sistemi basittir\u2014seyahatinizden \u00f6nce \u00e7evrimi\u00e7i sat\u0131n al\u0131n ve sorunsuz s\u00fcr\u00fc\u015f keyfini \u00e7\u0131kar\u0131n. <\/p>\n\n<p>\u00c7ok \u00fclkeli yolculuklar i\u00e7in, Macar E-Matrica&#8217;n\u0131z\u0131 <a href=\"https:\/\/vignettego.com\/highway-vignette-europe\/tr\/avusturya-otoyol-vinyet-2026\/\">Avusturya<\/a>, <a href=\"https:\/\/vignettego.com\/highway-vignette-europe\/tr\/slovakya-otoyol-vinyet-2026\/\">Slovakya<\/a>, <a href=\"https:\/\/vignettego.com\/highway-vignette-europe\/tr\/slovenya-otoyol-vinyet-2026\/\">Slovenya<\/a> ve <a href=\"https:\/\/vignettego.com\/highway-vignette-europe\/tr\/romanya-otoyol-vinyet-2026\/\">Romanya<\/a> i\u00e7in k\u00fc\u00e7\u00fck hikayelerle birle\u015ftirin. T\u00fcm vinyetlerinizi <a href=\"https:\/\/vignettego.com\/\" title=\"VignetteGo - Avrupa otoyol k&#x131;sa g&#xF6;r&#xFC;nt&#xFC;leri\">VignetteGo&#8217;da<\/a> bir yere toplay\u0131n. <\/p>\n\n<p><strong>Macaristan&#8217;\u0131n tad\u0131n\u0131 \u00e7\u0131kar\u0131n! \ud83c\udded\ud83c\uddfa\ud83c\udff0 <\/strong><\/p>\n\n<p><strong>\u0130lgili Rehberler:<\/strong> <a href=\"https:\/\/vignettego.com\/highway-vignette-europe\/tr\/avusturya-otoyol-vinyet-2026\/\">Avusturya Dijital Vignette<\/a> | <a href=\"https:\/\/vignettego.com\/highway-vignette-europe\/tr\/slovakya-otoyol-vinyet-2026\/\">Slovakya Vignette<\/a> | <a href=\"https:\/\/vignettego.com\/\">T\u00fcm Avrupa Vignetleri<\/a><\/p>\n","protected":false},"excerpt":{"rendered":"<p>Macaristan, Orta Avrupa&#8217;n\u0131n kav\u015fa\u011f\u0131nda yer almakta olup, Balkanlar, Avusturya, Slovakya veya Romanya&#8217;ya giden yolcular i\u00e7in \u00f6nemli bir ge\u00e7i\u015f \u00fclkesi haline gelmektedir. Budape\u015fte&#8217;deki muhte\u015fem Parlamento binas\u0131ndan H\u00e9v\u00edz&#8217;in termal hamamlar\u0131na, Tokaj&#8217;\u0131n \u015farap \u00fclkesine ve geni\u015f Puszta ovalar\u0131na kadar Macaristan, zengin k\u00fclt\u00fcrel deneyimler sunar. Bu rehber, 2026 i\u00e7in Macar E-Matrica (elektronik vignette) hakk\u0131nda her \u015feyi kaps\u0131yor: fiyatlar, ge\u00e7erlilik [&hellip;]<\/p>\n","protected":false},"author":0,"featured_media":0,"parent":0,"menu_order":0,"comment_status":"closed","ping_status":"closed","template":"","meta":{"footnotes":""},"class_list":["post-1181","page","type-page","status-publish","hentry"],"_links":{"self":[{"href":"https:\/\/vignettego.com\/highway-vignette-europe\/tr\/wp-json\/wp\/v2\/pages\/1181","targetHints":{"allow":["GET"]}}],"collection":[{"href":"https:\/\/vignettego.com\/highway-vignette-europe\/tr\/wp-json\/wp\/v2\/pages"}],"about":[{"href":"https:\/\/vignettego.com\/highway-vignette-europe\/tr\/wp-json\/wp\/v2\/types\/page"}],"replies":[{"embeddable":true,"href":"https:\/\/vignettego.com\/highway-vignette-europe\/tr\/wp-json\/wp\/v2\/comments?post=1181"}],"version-history":[{"count":3,"href":"https:\/\/vignettego.com\/highway-vignette-europe\/tr\/wp-json\/wp\/v2\/pages\/1181\/revisions"}],"predecessor-version":[{"id":1484,"href":"https:\/\/vignettego.com\/highway-vignette-europe\/tr\/wp-json\/wp\/v2\/pages\/1181\/revisions\/1484"}],"wp:attachment":[{"href":"https:\/\/vignettego.com\/highway-vignette-europe\/tr\/wp-json\/wp\/v2\/media?parent=1181"}],"curies":[{"name":"wp","href":"https:\/\/api.w.org\/{rel}","templated":true}]}}