{"id":1179,"date":"2026-01-04T01:13:10","date_gmt":"2026-01-04T01:13:10","guid":{"rendered":"https:\/\/vignettego.com\/highway-vignette-europe\/slovakya-otoyol-vinyet-2026\/"},"modified":"2026-01-04T12:49:43","modified_gmt":"2026-01-04T12:49:43","slug":"slovakya-otoyol-vinyet-2026","status":"publish","type":"page","link":"https:\/\/vignettego.com\/highway-vignette-europe\/tr\/slovakya-otoyol-vinyet-2026\/","title":{"rendered":"Slovakya Karayolu Vignette 2026: Tam Dia\u013eni\u010dn\u00e1 Zn\u00e1mka Rehberi"},"content":{"rendered":"\n<script type=\"application\/ld+json\">{\n    \"@context\": \"https:\/\/schema.org\",\n    \"@graph\": [\n        {\n            \"@type\": \"Article\",\n            \"@id\": \"https:\/\/vignettego.com\/highway-vignette-europe\/slovakia-highway-vignette-guide\/#article\",\n            \"headline\": \"Slovakia Highway Vignette 2026: Complete E-Znamka Guide\",\n            \"description\": \"Everything about the Slovak E-Znamka system 2026: prices, validity, how to buy online, and essential tips for driving on Slovak motorways. Your complete guide to the electronic vignette.\",\n            \"image\": \"https:\/\/vignettego.com\/highway-vignette-europe\/wp-content\/uploads\/2026\/09\/Highway-Vignette-Europe.jpg\",\n            \"datePublished\": \"2026-01-04\",\n            \"dateModified\": \"2026-01-04\",\n            \"author\": {\"@type\": \"Organization\", \"name\": \"VignetteGo\", \"url\": \"https:\/\/vignettego.com\"},\n            \"publisher\": {\"@type\": \"Organization\", \"name\": \"VignetteGo\"},\n            \"mainEntityOfPage\": {\"@type\": \"WebPage\", \"@id\": \"https:\/\/vignettego.com\/highway-vignette-europe\/slovakia-highway-vignette-guide\/\"},\n            \"articleSection\": \"Highway Vignettes\",\n            \"keywords\": [\"Slovakia vignette\", \"E-Znamka\", \"Slovak motorway\", \"Bratislava driving\", \"High Tatras road trip\", \"Slovakia toll\"],\n            \"inLanguage\": \"en\",\n            \"speakable\": {\"@type\": \"SpeakableSpecification\", \"cssSelector\": [\".article-intro\", \"#faq-section\"]}\n        },\n        {\n            \"@type\": \"BreadcrumbList\",\n            \"itemListElement\": [\n                {\"@type\": \"ListItem\", \"position\": 1, \"name\": \"VignetteGo\", \"item\": \"https:\/\/vignettego.com\/\"},\n                {\"@type\": \"ListItem\", \"position\": 2, \"name\": \"Highway Vignette Europe\", \"item\": \"https:\/\/vignettego.com\/highway-vignette-europe\/\"},\n                {\"@type\": \"ListItem\", \"position\": 3, \"name\": \"Slovakia Guide\", \"item\": \"https:\/\/vignettego.com\/highway-vignette-europe\/slovakia-highway-vignette-guide\/\"}\n            ]\n        },\n        {\n            \"@type\": \"FAQPage\",\n            \"mainEntity\": [\n                {\"@type\": \"Question\", \"name\": \"How much does a Slovak E-Znamka cost?\", \"acceptedAnswer\": {\"@type\": \"Answer\", \"text\": \"For 2026, prices are approximately: 10-day vignette EUR 12, 30-day vignette EUR 17, and annual vignette EUR 60 for vehicles up to 3.5 tonnes. Prices may be adjusted annually.\"}},\n                {\"@type\": \"Question\", \"name\": \"Can I buy the Slovak E-Znamka online?\", \"acceptedAnswer\": {\"@type\": \"Answer\", \"text\": \"Yes, you can purchase the E-Znamka online at VignetteGo or the official Slovak eznamka.sk website. Registration is linked to your license plate, so no physical sticker is needed.\"}},\n                {\"@type\": \"Question\", \"name\": \"Do I need a vignette for all roads in Slovakia?\", \"acceptedAnswer\": {\"@type\": \"Answer\", \"text\": \"No, only motorways (dia\u013enice - D roads) and expressways (r\u00fdchlostn\u00e9 cesty - R roads) require a vignette. Regular national roads (cesty I., II., III. triedy) are free.\"}},\n                {\"@type\": \"Question\", \"name\": \"What if I drive without a vignette in Slovakia?\", \"acceptedAnswer\": {\"@type\": \"Answer\", \"text\": \"Fines for driving without a valid E-Znamka range from EUR 100 to EUR 500. Enforcement is done via cameras, so non-compliance is easily detected.\"}},\n                {\"@type\": \"Question\", \"name\": \"Is the Slovak vignette valid immediately after purchase?\", \"acceptedAnswer\": {\"@type\": \"Answer\", \"text\": \"Yes, the E-Znamka is valid immediately from the time of purchase, or you can select a future start date when buying online.\"}}\n            ]\n        }\n    ]\n}\n<\/script>\n\n<figure class=\"wp-block-image aligncenter size-large\"><img decoding=\"async\" src=\"https:\/\/vignettego.com\/highway-vignette-europe\/wp-content\/uploads\/2026\/09\/Highway-Vignette-Europe.jpg\" alt=\"Slovakya E-Znamka 2026 - Slovak karayolu vinyet i&#xE7;in tam rehber\" style=\"width:100%; height:auto; margin-bottom:20px;\"\/><\/figure>\n\n<p class=\"article-intro\">Slovakya, Orta Avrupa&#8217;da gizli bir m\u00fccevherdir; Y\u00fcksek Tatra da\u011flar\u0131&#8217;nda muhte\u015fem da\u011f manzaralar\u0131, Bardejov ve Levo\u010da gibi b\u00fcy\u00fcleyici orta\u00e7a\u011f kasabalar\u0131, gizemli kaleler ve m\u00fckemmel termal kapl\u0131calar sunar. \u0130ster Slovakya&#8217;dan Polonya, Ukrayna veya Macaristan&#8217;a ge\u00e7iyor olun, ister bu g\u00fczel \u00fclkeyi ke\u015ffedin, <strong>Slovak\u00e7a E-Znamka&#8217;ya (elektronik vinyet)<\/strong> ihtiyac\u0131n\u0131z olacak. Bu rehber, 2026 i\u00e7in Slovak vignette sistemi hakk\u0131nda her \u015feyi kaps\u0131yor: fiyatlar, ge\u00e7erlilik, nereden sat\u0131n al\u0131naca\u011f\u0131 ve Slovak otoyollar\u0131nda s\u00fcr\u00fc\u015f i\u00e7in temel ipu\u00e7lar\u0131.  <\/p>\n\n<div style=\"height:25px\" aria-hidden=\"true\" class=\"wp-block-spacer\"><\/div>\n\n<div class=\"wp-block-buttons is-content-justification-center is-layout-flex wp-container-core-buttons-is-layout-a89b3969 wp-block-buttons-is-layout-flex\">\n<div class=\"wp-block-button\"><a class=\"wp-block-button__link wp-element-button\" href=\"https:\/\/vignettego.com\/\" style=\"background-color:#0066cc;color:#ffffff;padding:15px 30px;font-size:18px;border-radius:8px;\">\ud83d\ude97 Slovak E-Znamka&#8217;n\u0131z\u0131 VignetteGo&#8217;dan Al\u0131n<\/a><\/div>\n<\/div>\n\n<div style=\"height:25px\" aria-hidden=\"true\" class=\"wp-block-spacer\"><\/div>\n\n<h2 class=\"wp-block-heading\">\ud83c\uddf8\ud83c\uddf0 Slovak E-Znamka nedir?<\/h2>\n\n<p>Slovakya, 2016 y\u0131l\u0131nda fiziksel \u00e7\u0131kartma vinyetlerinden tamamen <strong>elektronik bir sisteme (E-Znamka)<\/strong> ge\u00e7ti. Art\u0131k eski \u00e7\u0131kartmalar\u0131 \u00f6n cam\u0131n\u0131zdan kaz\u0131mak yok! E-Znamka, ara\u00e7 plakan\u0131za ba\u011fl\u0131d\u0131r ve merkezi bir veritaban\u0131nda kay\u0131tl\u0131d\u0131r. Otoyollar boyunca kamera sistemleri vignette durumunuzu otomatik olarak do\u011frular.   <\/p>\n\n<p>Sistem, <strong>Ulusal Otoyol \u015eirketi (NDS \u2013 N\u00e1rodn\u00e1 dia\u013eni\u010dn\u00e1 spolo\u010dnos\u0165)<\/strong> taraf\u0131ndan y\u00f6netilmektedir. E-Znamka, t\u00fcm otoyollarda (dia\u013enice &#8211; D yollar\u0131) ve ekspres yollarda (r\u00fdchlostn\u00e9 cesty &#8211; R yollar\u0131) gereklidir, ancak normal ulusal yollarda de\u011fil. <\/p>\n\n<h2 class=\"wp-block-heading\">\ud83d\udcb0 E-Znamka Fiyatlar\u0131 2026<\/h2>\n\n<p>Slovakya, para birimi olarak Euro (EUR) kullanarak, di\u011fer Euro B\u00f6lgesi \u00fclkelerinden gelen ziyaret\u00e7iler i\u00e7in \u00f6demeleri kolayla\u015ft\u0131rmaktad\u0131r.<\/p>\n\n<figure class=\"wp-block-table\"><table><thead><tr><th>Vignette Tipi<\/th><th>3.5t&#8217;ye kadar ara\u00e7lar<\/th><\/tr><\/thead><tbody><tr><td><strong>10 G\u00fcn<\/strong><\/td><td>EUR 12<\/td><\/tr><tr><td><strong>30 G\u00fcn<\/strong><\/td><td>EUR 17<\/td><\/tr><tr><td><strong>365-Day (Y\u0131ll\u0131k)<\/strong><\/td><td>EUR 60<\/td><\/tr><\/tbody><\/table><\/figure>\n\n<p><strong>Not:<\/strong> Fiyatlar 3,5 tona kadar olan ara\u00e7lar i\u00e7indir. Daha b\u00fcy\u00fck ara\u00e7lar elektronik \u00fccret sistemi kapsam\u0131nda yer al\u0131r ve kilometre ba\u015f\u0131na \u00f6deme yapar. <\/p>\n\n<h2 class=\"wp-block-heading\">\ud83d\uded2 Slovak E-Znamka&#8217;s\u0131n\u0131 Nereden Sat\u0131n Alabilir<\/h2>\n\n<h3 class=\"wp-block-heading\">\u00c7evrimi\u00e7i (Tavsiye edilir)<\/h3>\n\n<p>En kolay sat\u0131n alma yolu, seyahatinizden \u00f6nce \u00e7evrimi\u00e7i olmakt\u0131r:<\/p>\n\n<ul class=\"wp-block-list\">\n<li><strong><a href=\"https:\/\/vignettego.com\/\">VignetteGo<\/a><\/strong> \u2013 An\u0131nda onayla h\u0131zl\u0131 sat\u0131n alma<\/li>\n<li>Resmi Slovak eznamka.sk web sitesi<\/li>\n<\/ul>\n\n<p>Online sat\u0131n alma avantajlar\u0131: s\u0131n\u0131r benzin istasyonlar\u0131nda beklemek olmaz, an\u0131nda aktivasyon, telefonda dijital onay, gelecekteki ba\u015flang\u0131\u00e7 tarihini se\u00e7me imkan\u0131.<\/p>\n\n<h3 class=\"wp-block-heading\">Fiziksel Sat\u0131n Alma Puanlar\u0131<\/h3>\n\n<ul class=\"wp-block-list\">\n<li>Slovakya genelinde benzin istasyonlar\u0131 (OMV, Shell, Slovnaft)<\/li>\n<li>S\u0131n\u0131r ge\u00e7i\u015f noktalar\u0131<\/li>\n<li>Postane Ofisleri<\/li>\n<li>NDS m\u00fc\u015fteri hizmetleri merkezleri<\/li>\n<\/ul>\n\n<div style=\"height:25px\" aria-hidden=\"true\" class=\"wp-block-spacer\"><\/div>\n\n<div class=\"wp-block-buttons is-content-justification-center is-layout-flex wp-container-core-buttons-is-layout-a89b3969 wp-block-buttons-is-layout-flex\">\n<div class=\"wp-block-button\"><a class=\"wp-block-button__link wp-element-button\" href=\"https:\/\/vignettego.com\/\" style=\"background-color:#28a745;color:#ffffff;padding:15px 30px;font-size:18px;border-radius:8px;\">\u2705 Avrupa Vinyetleri \u2013 8 \u00dclke \u2013 VignetteGo&#8217;da al\u0131n<\/a><\/div>\n<\/div>\n\n<div style=\"height:25px\" aria-hidden=\"true\" class=\"wp-block-spacer\"><\/div>\n\n<h2 class=\"wp-block-heading\">\ud83d\udee3\ufe0f Slovak Karayolu A\u011f\u0131<\/h2>\n\n<p>Slovakya otoyol a\u011f\u0131, ba\u015fkent Bratislava&#8217;y\u0131 b\u00fcy\u00fck \u015fehirler ve kom\u015fu \u00fclkelere ba\u011flamaktad\u0131r. A\u011f, \u00f6zellikle D1&#8217;den Ko\u0161ice&#8217;ye kadar geni\u015fletilmeye devam etmektedir. <\/p>\n\n<h3 class=\"wp-block-heading\">D1 \u2013 Bratislava&#8217;dan Ko\u0161ice&#8217;ye (Ana Koridor)<\/h3>\n\n<p><strong>Bratislava&#8217;y\u0131<\/strong> <strong>Ko\u0161ice&#8217;ye<\/strong> ba\u011flayan ana do\u011fu-bat\u0131 koridorudur ve \u017dilina ile Y\u00fcksek Tatralar b\u00f6lgesinden ge\u00e7mektedir. Bu, Slovak otoyol a\u011f\u0131n\u0131n belkemi\u011fidir. Not: Baz\u0131 b\u00f6l\u00fcmler h\u00e2l\u00e2 in\u015faat a\u015famas\u0131nda olup, normal yollarla y\u00f6nlendirme yap\u0131lmas\u0131 gerekmektedir. Tamamland\u0131\u011f\u0131nda toplam uzunluk: yakla\u015f\u0131k 450 km.   <\/p>\n\n<h3 class=\"wp-block-heading\">D2 \u2013 Bratislava&#8217;dan \u00c7ekya&#8217;ya S\u0131n\u0131r<\/h3>\n\n<p>Bratislava&#8217;y\u0131 kuzeye <strong>\u00c7ek Cumhuriyeti&#8217;ne<\/strong> ba\u011flar, Brno ve Prag&#8217;a do\u011fru devam eder. \u00c7ekya&#8217;dan gelen veya oraya giden yolcular i\u00e7in <a href=\"https:\/\/vignettego.com\/highway-vignette-europe\/tr\/cek-cumhuriyeti-karayolu-kisalari-2026-nihai-e-znamka-rehberi\/\">vazge\u00e7ilmezdir. Toplam uzunluk: yakla\u015f\u0131k 60 km.<\/a>  <\/p>\n\n<h3 class=\"wp-block-heading\">D3 \u2013 \u017dilina&#8217;dan Polonya&#8217;ya S\u0131n\u0131r<\/h3>\n\n<p>\u017dilina&#8217;y\u0131 <strong>Polonya s\u0131n\u0131r\u0131 olan Skalit\u00e9&#8217;ye<\/strong> ba\u011flar, Krak\u00f3w&#8217;a kadar devam eder. G\u00fcney Polonya&#8217;ya giden yolcular i\u00e7in pop\u00fcler bir g\u00fczergah. Toplam uzunluk: yakla\u015f\u0131k 60 km.  <\/p>\n\n<h3 class=\"wp-block-heading\">D4 \u2013 Bratislava \u00c7evre Yolu<\/h3>\n\n<p>Bratislava \u00e7evresindeki \u00e7evre yolu, D1, D2 ve Avusturya ile Macaristan&#8217;a giden g\u00fczergahlar\u0131 birbirine ba\u011fl\u0131yordu. Bratislava \u015fehir merkezi trafi\u011finden ka\u00e7\u0131nmak i\u00e7in vazge\u00e7ilmez. <\/p>\n\n<h3 class=\"wp-block-heading\">R Otoyollar\u0131<\/h3>\n\n<p>Slovakya&#8217;da ayr\u0131ca vignette gerektiren birka\u00e7 ekspres yol (R yolu) vard\u0131r:<\/p>\n\n<ul class=\"wp-block-list\">\n<li><strong>R1:<\/strong> Trnava&#8217;dan Bansk\u00e1 Bystrica&#8217;ya<\/li>\n<li><strong>R2:<\/strong> Ko\u0161ice bypass<\/li>\n<li><strong>R3:<\/strong> \u017dilina&#8217;dan Martin&#8217;e<\/li>\n<li><strong>R4:<\/strong> Ko\u0161ice&#8217;den Macaristan s\u0131n\u0131r\u0131na<\/li>\n<li><strong>R6:<\/strong> Belu\u0161a&#8217;dan \u00c7ekya&#8217;ya s\u0131n\u0131r<\/li>\n<\/ul>\n\n<h2 class=\"wp-block-heading\">\ud83d\uddfa\ufe0f Slovakya&#8217;dan Pop\u00fcler G\u00fczergahlar<\/h2>\n\n<h3 class=\"wp-block-heading\">Viyana&#8217;dan Bratislava&#8217;ya<\/h3>\n\n<p><strong>Mesafe:<\/strong> ~65 km | <strong>S\u00fcre:<\/strong> 45-60 dakika | <strong>Gerekli vinyetler:<\/strong> Avusturya + Slovak<\/p>\n\n<p>\u0130ki ba\u015fkent \u015fa\u015f\u0131rt\u0131c\u0131 derecede yak\u0131n\u2014Avrupa&#8217;daki en k\u0131sa sermaye-sermaye mesafelerinden biri. D4 \u00e7evre yolu do\u011frudan bir ba\u011flant\u0131 sa\u011flar. <\/p>\n\n<h3 class=\"wp-block-heading\">Bratislava&#8217;dan Prag&#8217;a (D2 ve \u00c7ek otoyollar\u0131 \u00fczerinden)<\/h3>\n\n<p><strong>Mesafe:<\/strong> ~330 km | <strong>S\u00fcre:<\/strong> 3,5-4 saat | <strong>Gerekli vinyetler:<\/strong> Slovak\u00e7a + <a href=\"https:\/\/vignettego.com\/highway-vignette-europe\/tr\/cek-cumhuriyeti-karayolu-kisalari-2026-nihai-e-znamka-rehberi\/\">\u00c7ek\u00e7e<\/a><\/p>\n\n<p>\u0130ki ba\u015fkent aras\u0131nda Brno \u00fczerinden do\u011frudan otoyol ba\u011flant\u0131s\u0131. Yol ko\u015fullar\u0131 m\u00fckemmel. <\/p>\n\n<h3 class=\"wp-block-heading\">Bratislava&#8217;dan Budape\u015fte&#8217;ye (Macaristan \u00fczerinden)<\/h3>\n\n<p><strong>Mesafe:<\/strong> ~200 km | <strong>S\u00fcre:<\/strong> 2-2,5 saat | <strong>Gerekli vinyetler:<\/strong> Slovak + <a href=\"https:\/\/vignettego.com\/highway-vignette-europe\/tr\/macaristan-otoyol-vinyet-2026\/\">Macar E-Matrica<\/a><\/p>\n\n<p>\u0130ki ba\u015fkent aras\u0131nda D2 ve Macar M15\/M1 \u00fczerinden h\u0131zl\u0131 ba\u011flant\u0131 sa\u011flan\u0131yor.<\/p>\n\n<h3 class=\"wp-block-heading\">Bratislava&#8217;dan Y\u00fcksek Tatras&#8217;a (D1 \u00fczerinden)<\/h3>\n\n<p><strong>Mesafe:<\/strong> ~330 km | <strong>S\u00fcre:<\/strong> 4-4,5 saat<\/p>\n\n<p>Not: D1 tam olarak tamamlanmam\u0131\u015f, bu y\u00fczden normal yollarda baz\u0131 b\u00f6l\u00fcmler bekleyin. Muhte\u015fem da\u011f manzaralar\u0131 sizi bekliyor! <\/p>\n\n<h3 class=\"wp-block-heading\">Krak\u00f3w&#8217;dan Bratislava&#8217;ya (Polonya-Slovakya \u00fczerinden)<\/h3>\n\n<p><strong>Mesafe:<\/strong> ~300 km | <strong>S\u00fcre:<\/strong> 3,5-4 saat | <strong>Gerekli vinyetler:<\/strong> Slovak (Polonya otoyollar\u0131 kilometre ba\u015f\u0131na \u00fccret kullan\u0131r)<\/p>\n\n<p>D3 \u00fczerinden \u017dilina&#8217;dan veya Trsten\u00e1 s\u0131n\u0131r kap\u0131s\u0131ndan ge\u00e7er.<\/p>\n\n<div style=\"height:25px\" aria-hidden=\"true\" class=\"wp-block-spacer\"><\/div>\n\n<div class=\"wp-block-buttons is-content-justification-center is-layout-flex wp-container-core-buttons-is-layout-a89b3969 wp-block-buttons-is-layout-flex\">\n<div class=\"wp-block-button\"><a class=\"wp-block-button__link wp-element-button\" href=\"https:\/\/vignettego.com\/\" style=\"background-color:#ff6600;color:#ffffff;padding:15px 30px;font-size:18px;border-radius:8px;\">\ud83d\uded2 T\u00fcm Avrupa Vignette&#8217;lerini VignetteGo&#8217;dan sipari\u015f edin<\/a><\/div>\n<\/div>\n\n<div style=\"height:25px\" aria-hidden=\"true\" class=\"wp-block-spacer\"><\/div>\n\n<h2 class=\"wp-block-heading\">\u26a0\ufe0f \u00d6nemli E-Znamka Kurallar\u0131<\/h2>\n\n<h3 class=\"wp-block-heading\">Ge\u00e7erlilik S\u00fcresi<\/h3>\n\n<ul class=\"wp-block-list\">\n<li><strong>10 G\u00fcn:<\/strong> Se\u00e7ilen ba\u015flang\u0131\u00e7 tarihinden itibaren ard\u0131\u015f\u0131k 10 g\u00fcn ge\u00e7erlidir<\/li>\n<li><strong>30 G\u00fcn:<\/strong> Se\u00e7ilen ba\u015flang\u0131\u00e7 tarihinden itibaren 30 g\u00fcn ard\u0131\u015f\u0131k ge\u00e7erlidir<\/li>\n<li><strong>365-G\u00fcn:<\/strong> Se\u00e7ilen ba\u015flang\u0131\u00e7 tarihinden itibaren bir y\u0131l ge\u00e7erlidir<\/li>\n<\/ul>\n\n<h3 class=\"wp-block-heading\">Plaka Tescil<\/h3>\n\n<p>E-Znamka, <strong>tam<\/strong> olarak plaka numaran\u0131z ve <strong>\u00fclke koduna<\/strong> kay\u0131tl\u0131d\u0131r. Al\u0131\u015fveri\u015f yaparken yaz\u0131m hatalar\u0131n\u0131 tekrar kontrol edin! Hatalar yeni bir vinyet sat\u0131n almay\u0131 gerektirir.  <\/p>\n\n<h3 class=\"wp-block-heading\">Uyumsuzluk Cezalar\u0131<\/h3>\n\n<ul class=\"wp-block-list\">\n<li><strong>Standart ceza:<\/strong> EUR 100 ile EUR 500<\/li>\n<li><strong>Azalt\u0131lm\u0131\u015f ceza:<\/strong> E\u011fer 15 g\u00fcn i\u00e7inde \u00f6denirse<\/li>\n<li>Otomatik kamera sistemleri (ANPR) ile uygulama<\/li>\n<\/ul>\n\n<h2 class=\"wp-block-heading\">\ud83d\udca1 2026 i\u00e7in Slovakya S\u00fcr\u00fc\u015f \u0130pu\u00e7lar\u0131<\/h2>\n\n<h3 class=\"wp-block-heading\">H\u0131z S\u0131n\u0131rlar\u0131<\/h3>\n\n<ul class=\"wp-block-list\">\n<li><strong>Otoyollar:<\/strong> 130 km\/s<\/li>\n<li><strong>Otoyollar:<\/strong> 130 km\/s<\/li>\n<li><strong>\u0130n\u015fap alanlar\u0131n d\u0131\u015f\u0131ndaki ana yollar:<\/strong> 90 km\/s<\/li>\n<li><strong>Kentsel alanlar:<\/strong> 50 km\/s<\/li>\n<\/ul>\n\n<h3 class=\"wp-block-heading\">Gerekli Ekipman<\/h3>\n\n<ul class=\"wp-block-list\">\n<li>Uyar\u0131 \u00fc\u00e7geni<\/li>\n<li>Yans\u0131t\u0131c\u0131 yelek<\/li>\n<li>\u0130lk yard\u0131m \u00e7antas\u0131<\/li>\n<li><strong>Farlar:<\/strong> S\u00fcr\u00fc\u015f s\u0131ras\u0131nda (g\u00fcnd\u00fcz ve gece) her zaman a\u00e7\u0131k olmal\u0131<\/li>\n<li><strong>K\u0131\u015f ekipmanlar\u0131:<\/strong> 15 Kas\u0131m &#8211; 31 Mart ko\u015fullar gerektirdi\u011finde k\u0131\u015f lastikleri zorunlu<\/li>\n<\/ul>\n\n<h3 class=\"wp-block-heading\">S\u0131f\u0131r Tolerans Alkol Politikas\u0131<\/h3>\n\n<p>Slovakya&#8217;da alkoll\u00fc ara\u00e7 kullanmaya <strong>kar\u015f\u0131 s\u0131f\u0131r tolerans<\/strong> politikas\u0131 vard\u0131r. Kan alkol s\u0131n\u0131r\u0131 %0,0&#8217;d\u0131r. Cezalar a\u011f\u0131rd\u0131r.  <\/p>\n\n<h2 class=\"wp-block-heading\" id=\"faq-section\">\u2753 S\u0131k\u00e7a Sorulan Sorular<\/h2>\n\n<h3 class=\"wp-block-heading\">D1 otoyolu tamamland\u0131 m\u0131?<\/h3>\n\n<p>Hay\u0131r, \u017dilina ile Ko\u0161ice aras\u0131ndaki D1&#8217;in baz\u0131 b\u00f6l\u00fcmleri h\u00e2l\u00e2 in\u015fa edilme a\u015famas\u0131nda. Navigasyon uygulamalar\u0131 gerekti\u011finde sizi alternatif yollardan y\u00f6nlendirir. <\/p>\n\n<h3 class=\"wp-block-heading\">Avusturya&#8217;dan Macaristan&#8217;a Slovakya \u00fczerinden ge\u00e7mek i\u00e7in bir vinyet mi gerekiyor?<\/h3>\n\n<p>Evet, e\u011fer Slovak otoyollar\u0131n\u0131 kullan\u0131yorsan\u0131z. Viyana&#8217;dan Budape\u015fte&#8217;ye Bratislava \u00fczerinden giden g\u00fczergah, Slovak b\u00f6l\u00fcm\u00fc i\u00e7in Slovak E-Znamka gerektirir. <\/p>\n\n<h3 class=\"wp-block-heading\">Bratislava \u015fehir merkezi ne durumda?<\/h3>\n\n<p>Bratislava&#8217;da d\u00fczenli yollar i\u00e7in vignette gerekmez. Sadece otoyol b\u00f6l\u00fcmleri (D1, D2, D4) bir vinyet gerektirir. <\/p>\n\n<h3 class=\"wp-block-heading\">Vignette sat\u0131n almamak i\u00e7in normal yollar\u0131 kullanabilir miyim?<\/h3>\n\n<p>Evet, ama \u00f6zellikle uzun yolculuklar i\u00e7in seyahat s\u00fcresini \u00f6nemli \u00f6l\u00e7\u00fcde art\u0131r\u0131r. \u00d6rne\u011fin, Bratislava&#8217;dan \u017dilina&#8217;ya D1&#8217;de 2 saat s\u00fcr\u00fcyorken, normal yollarda 3,5+ saat s\u00fcr\u00fcyor. <\/p>\n\n<div style=\"height:25px\" aria-hidden=\"true\" class=\"wp-block-spacer\"><\/div>\n\n<div class=\"wp-block-buttons is-content-justification-center is-layout-flex wp-container-core-buttons-is-layout-a89b3969 wp-block-buttons-is-layout-flex\">\n<div class=\"wp-block-button\"><a class=\"wp-block-button__link wp-element-button\" href=\"https:\/\/vignettego.com\/\" style=\"background-color:#e91e63;color:#ffffff;padding:15px 30px;font-size:18px;border-radius:8px;\">\ud83d\ude97 Avrupa Karayolu vinyetlerinizi VignetteGo \u2192&#8217;dan al\u0131n<\/a><\/div>\n<\/div>\n\n<div style=\"height:25px\" aria-hidden=\"true\" class=\"wp-block-spacer\"><\/div>\n\n<h2 class=\"wp-block-heading\">\ud83c\udfd4\ufe0f Neden Slovakya&#8217;y\u0131 Ziyaret Etmeli?<\/h2>\n\n<ul class=\"wp-block-list\">\n<li><strong>Y\u00fcksek Tatralar:<\/strong> D\u00fcnyan\u0131n en k\u00fc\u00e7\u00fck y\u00fcksek da\u011flar\u0131\u2014muhte\u015fem Alp manzaralar\u0131<\/li>\n<li><strong>Bratislava:<\/strong> Canl\u0131 bir Eski \u015eehir ve Tuna Nehri kenar\u0131na sahip b\u00fcy\u00fcleyici bir ba\u015fkent<\/li>\n<li><strong>Spi\u0161 Kalesi:<\/strong> Orta Avrupa&#8217;n\u0131n en b\u00fcy\u00fck kale komplekslerinden biri (UNESCO)<\/li>\n<li><strong>Ah\u015fap Kiliseler:<\/strong> Do\u011fu Slovakya&#8217;da UNESCO listesinde yer alan benzersiz ah\u015fap kiliseler<\/li>\n<li><strong>Termal Spa:<\/strong> Pie\u0161\u0165any, Tren\u010dianske Teplice gibi m\u00fckemmel termal tatil merkezleri<\/li>\n<li><strong>Slovak Cenneti:<\/strong> Bo\u011fazlar, \u015felaleler ve via ferrata patikalar\u0131yla muhte\u015fem bir ulusal park<\/li>\n<li><strong>\u015earap B\u00f6lgesi:<\/strong> Az bilinen \u015farap b\u00f6lgeleri, \u00f6zellikle do\u011fudaki Tokaj<\/li>\n<\/ul>\n\n<h2 class=\"wp-block-heading\">\ud83d\udccd Sonu\u00e7<\/h2>\n\n<p>Slovakya, do\u011fal g\u00fczellik, zengin tarih ve Orta Avrupa cazibesinin m\u00fckemmel bir birle\u015fimini sunar. E-Znamka sistemi basittir\u2014seyahatinizden \u00f6nce \u00e7evrimi\u00e7i sat\u0131n al\u0131n ve Slovakya otoyollar\u0131nda sorunsuz s\u00fcr\u00fc\u015f\u00fcn tad\u0131n\u0131 \u00e7\u0131kar\u0131n. <\/p>\n\n<p>\u00c7ok \u00fclkeli yolculuklar i\u00e7in Slovak E-Znamka&#8217;n\u0131z\u0131 <a href=\"https:\/\/vignettego.com\/highway-vignette-europe\/tr\/cek-cumhuriyeti-karayolu-kisalari-2026-nihai-e-znamka-rehberi\/\">\u00c7ekya,<\/a> <a href=\"https:\/\/vignettego.com\/highway-vignette-europe\/tr\/avusturya-otoyol-vinyet-2026\/\">Avusturya<\/a>, <a href=\"https:\/\/vignettego.com\/highway-vignette-europe\/tr\/macaristan-otoyol-vinyet-2026\/\">Macaristan<\/a> ve <a href=\"https:\/\/vignettego.com\/highway-vignette-europe\/tr\/slovenya-otoyol-vinyet-2026\/\">Slovenya<\/a> i\u00e7in vinyetlerle birle\u015ftirin. T\u00fcm vinyetlerinizi <a href=\"https:\/\/vignettego.com\/\" title=\"VignetteGo - Avrupa otoyol k&#x131;sa g&#xF6;r&#xFC;nt&#xFC;leri\">VignetteGo&#8217;da<\/a> bir yere toplay\u0131n. <\/p>\n\n<p><strong>Slovakya&#8217;n\u0131n tad\u0131n\u0131 \u00e7\u0131kar\u0131n! \ud83c\uddf8\ud83c\uddf0\ud83c\udfd4\ufe0f <\/strong><\/p>\n\n<p><strong>\u0130lgili Rehberler:<\/strong> <a href=\"https:\/\/vignettego.com\/highway-vignette-europe\/tr\/cek-cumhuriyeti-karayolu-kisalari-2026-nihai-e-znamka-rehberi\/\">\u00c7ek\u00e7e E-Znamka<\/a> | <a href=\"https:\/\/vignettego.com\/highway-vignette-europe\/tr\/macaristan-otoyol-vinyet-2026\/\">Macaristan E-Matrica<\/a> | <a href=\"https:\/\/vignettego.com\/\">T\u00fcm Avrupa Vignetleri<\/a><\/p>\n","protected":false},"excerpt":{"rendered":"<p>Slovakya, Orta Avrupa&#8217;da gizli bir m\u00fccevherdir; Y\u00fcksek Tatra da\u011flar\u0131&#8217;nda muhte\u015fem da\u011f manzaralar\u0131, Bardejov ve Levo\u010da gibi b\u00fcy\u00fcleyici orta\u00e7a\u011f kasabalar\u0131, gizemli kaleler ve m\u00fckemmel termal kapl\u0131calar sunar. \u0130ster Slovakya&#8217;dan Polonya, Ukrayna veya Macaristan&#8217;a ge\u00e7iyor olun, ister bu g\u00fczel \u00fclkeyi ke\u015ffedin, Slovak\u00e7a E-Znamka&#8217;ya (elektronik vinyet) ihtiyac\u0131n\u0131z olacak. Bu rehber, 2026 i\u00e7in Slovak vignette sistemi hakk\u0131nda her \u015feyi [&hellip;]<\/p>\n","protected":false},"author":0,"featured_media":0,"parent":0,"menu_order":0,"comment_status":"closed","ping_status":"closed","template":"","meta":{"footnotes":""},"class_list":["post-1179","page","type-page","status-publish","hentry"],"_links":{"self":[{"href":"https:\/\/vignettego.com\/highway-vignette-europe\/tr\/wp-json\/wp\/v2\/pages\/1179","targetHints":{"allow":["GET"]}}],"collection":[{"href":"https:\/\/vignettego.com\/highway-vignette-europe\/tr\/wp-json\/wp\/v2\/pages"}],"about":[{"href":"https:\/\/vignettego.com\/highway-vignette-europe\/tr\/wp-json\/wp\/v2\/types\/page"}],"replies":[{"embeddable":true,"href":"https:\/\/vignettego.com\/highway-vignette-europe\/tr\/wp-json\/wp\/v2\/comments?post=1179"}],"version-history":[{"count":3,"href":"https:\/\/vignettego.com\/highway-vignette-europe\/tr\/wp-json\/wp\/v2\/pages\/1179\/revisions"}],"predecessor-version":[{"id":1474,"href":"https:\/\/vignettego.com\/highway-vignette-europe\/tr\/wp-json\/wp\/v2\/pages\/1179\/revisions\/1474"}],"wp:attachment":[{"href":"https:\/\/vignettego.com\/highway-vignette-europe\/tr\/wp-json\/wp\/v2\/media?parent=1179"}],"curies":[{"name":"wp","href":"https:\/\/api.w.org\/{rel}","templated":true}]}}