{"id":200,"date":"2025-09-30T22:27:07","date_gmt":"2025-09-30T22:27:07","guid":{"rendered":"https:\/\/vignettego.com\/highway-vignette-europe\/schweizisk-motorvagsvinjett-den-kompletta-guiden\/"},"modified":"2025-09-30T23:11:26","modified_gmt":"2025-09-30T23:11:26","slug":"schweizisk-motorvagsvinjett-den-kompletta-guiden","status":"publish","type":"page","link":"https:\/\/vignettego.com\/highway-vignette-europe\/sv\/schweizisk-motorvagsvinjett-den-kompletta-guiden\/","title":{"rendered":"Schweizisk motorv\u00e4gsvinjett: Den kompletta guiden"},"content":{"rendered":"\n<p><strong>Att k\u00f6ra genom Schweiz \u00e4r en av de mest hisnande v\u00e4gupplevelserna i Europa.<\/strong> <\/p>\n\n<p>Landet \u00e4r k\u00e4nt f\u00f6r sina perfekta v\u00e4gar, imponerande tunnlar och natursk\u00f6na alplandskap som g\u00f6r varje resa of\u00f6rgl\u00f6mlig.  <\/p>\n\n<p>Men innan du ger dig ut p\u00e5 en schweizisk motorv\u00e4g finns det ett viktigt krav som du m\u00e5ste k\u00e4nna till: den <strong>\n  <a href=\"https:\/\/vignettego.com\/\" data-type=\"link\" data-id=\"https:\/\/vignettego.com\/\">Schweiziska motorv\u00e4gsvinjetten<\/a>\n<\/strong>.<\/p>\n\n<div style=\"height:40px\" aria-hidden=\"true\" class=\"wp-block-spacer\"><\/div>\n\n<div class=\"wp-block-buttons is-content-justification-center is-layout-flex wp-container-core-buttons-is-layout-a89b3969 wp-block-buttons-is-layout-flex\">\n<div class=\"wp-block-button\"><a class=\"wp-block-button__link has-text-align-center wp-element-button\" href=\"https:\/\/vignettego.com\/\">Schweizisk vinjett Snabb<\/a><\/div>\n<\/div>\n\n<div style=\"height:40px\" aria-hidden=\"true\" class=\"wp-block-spacer\"><\/div>\n\n<p>Denna omfattande guide f\u00f6rklarar allt du beh\u00f6ver veta om det schweiziska v\u00e4gtullsystemet f\u00f6r motorv\u00e4gar &#8211; inklusive hur vinjetten fungerar, hur mycket den kostar, var du kan k\u00f6pa den, hur du undviker b\u00f6ter och anv\u00e4ndbara tips f\u00f6r att g\u00f6ra din resa smidig och stressfri.  <\/p>\n\n<p>Oavsett om du planerar en bilresa genom Europa eller bara passerar genom <strong>Schweiz<\/strong> p\u00e5 v\u00e4g till Italien eller Frankrike, kommer du att spara tid, pengar och potentiell huvudv\u00e4rk om du f\u00f6rst\u00e5r vinjettsystemet.<\/p>\n\n<h2 class=\"wp-block-heading\">Vad \u00e4r den schweiziska motorv\u00e4gsvinjetten?<\/h2>\n\n<p><strong>Den schweiziska motorv\u00e4gsvinjetten \u00e4r ett obligatoriskt v\u00e4gtullkort som kr\u00e4vs f\u00f6r alla fordon upp till 3,5 ton, inklusive personbilar, sk\u00e5pbilar, motorcyklar och husbilar, som anv\u00e4nder schweiziska motorv\u00e4gar<em>(Autobahnen)<\/em> och motortrafikleder<em>(Autostrassen<\/em>).  <\/strong><\/p>\n\n<p>Till skillnad fr\u00e5n m\u00e5nga europeiska l\u00e4nder som tar ut v\u00e4gtullar baserat p\u00e5 tillryggalagd str\u00e4cka eller specifika v\u00e4gavsnitt, anv\u00e4nder Schweiz ett enkelt <strong>\n  <em>\u00e5rligt vinjettsystem<\/em>\n<\/strong>. N\u00e4r vinjetten har k\u00f6pts till\u00e5ter den obegr\u00e4nsad k\u00f6rning p\u00e5 landets motorv\u00e4gsn\u00e4t under hela giltighetstiden. <\/p>\n\n<p>Systemet \u00e4r enkelt: om du planerar att k\u00f6ra p\u00e5 en motorv\u00e4g, \u00e4ven en kort str\u00e4cka, m\u00e5ste du ha en giltig <a href=\"https:\/\/vignettego.com\/\">vinjett<\/a>. Underl\u00e5tenhet att visa upp en s\u00e5dan kan leda till betydande b\u00f6ter. <\/p>\n\n<h3 class=\"wp-block-heading\">Nyckelfakta vid en \u00f6verblick<\/h3>\n\n<ul class=\"wp-block-list\">\n<li>Obligatoriskt f\u00f6r alla fordon upp till 3,5 ton som anv\u00e4nder motorv\u00e4gar eller motortrafikleder<\/li>\n\n\n\n<li>Giltig f\u00f6r hela det schweiziska motorv\u00e4gsn\u00e4tet &#8211; en vinjett t\u00e4cker alla str\u00e4ckor<\/li>\n\n\n\n<li>Fast \u00e5rsavgift ist\u00e4llet f\u00f6r v\u00e4gtullar per kilometer<\/li>\n\n\n\n<li>Fordon \u00f6ver 3,5 ton omfattas av en separat avgift f\u00f6r tunga fordon (LSVA)<\/li>\n<\/ul>\n\n<h2 class=\"wp-block-heading\">Schweiziskt vinjettpris f\u00f6r 2026<\/h2>\n\n<p>Schweiz v\u00e4gtullsystem \u00e4r uppfriskande enkelt. Det finns bara en typ av <em>vinjett<\/em> f\u00f6r privata fordon, och den \u00e4r giltig i ett helt \u00e5r: <\/p>\n\n<figure class=\"wp-block-table\"><table class=\"has-fixed-layout\"><thead><tr><th>Fordonstyp<\/th><th>Pris<\/th><th>Giltighet<\/th><\/tr><\/thead><tbody><tr><td>Bilar, sk\u00e5pbilar och husbilar (\u2264 3,5 ton)<\/td><td>CHF 40 (cirka 42 euro)<\/td><td>1 kalender\u00e5r (fr\u00e5n den 1 december till den 31 januari p\u00e5f\u00f6ljande \u00e5r)<\/td><\/tr><tr><td>Motorcyklar<\/td><td>CHF 40 (cirka 42 euro)<\/td><td>1 kalender\u00e5r (fr\u00e5n den 1 december till den 31 januari p\u00e5f\u00f6ljande \u00e5r)<\/td><\/tr><\/tbody><\/table><\/figure>\n\n<p>Det finns inga korttidsalternativ som 7-dagars eller 1-m\u00e5naders pass. \u00c4ven om du reser in i landet f\u00f6r en enda dag m\u00e5ste du k\u00f6pa en <a href=\"https:\/\/vignettego.com\/\">\u00e5rsvinjett<\/a>.   <\/p>\n\n<p>Det kan tyckas dyrt f\u00f6r korta bes\u00f6k, men det blir mycket prisv\u00e4rt om du planerar flera resor eller en l\u00e4ngre vistelse.<\/p>\n\n<div style=\"height:40px\" aria-hidden=\"true\" class=\"wp-block-spacer\"><\/div>\n\n<h2 class=\"wp-block-heading\">Var och hur man k\u00f6per den schweiziska vinjetten<\/h2>\n\n<p>Du kan k\u00f6pa din <strong>\n  <em>\n    <a href=\"https:\/\/vignettego.com\/\">Schweizisk motorv\u00e4gsvinjett<\/a>\n  <\/em>\n<\/strong> p\u00e5 tv\u00e5 huvudsakliga s\u00e4tt: som en traditionell fysisk dekal eller som en digital vinjett kopplad till ditt fordons registreringsskylt. B\u00e5da alternativen \u00e4r giltiga och juridiskt erk\u00e4nda. <\/p>\n\n<h3 class=\"wp-block-heading\">1. Fysisk klisterm\u00e4rkesvinjett<\/h3>\n\n<p>Den traditionella vinjetten \u00e4r ett litet sj\u00e4lvh\u00e4ftande klisterm\u00e4rke som m\u00e5ste f\u00e4stas p\u00e5 fordonets vindruta. Det \u00e4r fortfarande ett popul\u00e4rt alternativ f\u00f6r m\u00e5nga f\u00f6rare och finns i stor utstr\u00e4ckning i hela Europa. <\/p>\n\n<p><strong>Var man kan k\u00f6pa klisterm\u00e4rket Vinjett:<\/strong><\/p>\n\n<ul class=\"wp-block-list\">\n<li>Vid schweiziska gr\u00e4ns\u00f6verg\u00e5ngar och tullkontor<\/li>\n\n\n\n<li>P\u00e5 bensinstationer n\u00e4ra den schweiziska gr\u00e4nsen (i Tyskland, \u00d6sterrike, Italien och Frankrike)<\/li>\n\n\n\n<li>Hos schweiziska postkontor och motororganisationer<\/li>\n\n\n\n<li>Fr\u00e5n bilklubbar som ADAC eller \u00d6AMTC<\/li>\n<\/ul>\n\n<div style=\"height:40px\" aria-hidden=\"true\" class=\"wp-block-spacer\"><\/div>\n\n<div class=\"wp-block-buttons is-content-justification-center is-layout-flex wp-container-core-buttons-is-layout-a89b3969 wp-block-buttons-is-layout-flex\">\n<div class=\"wp-block-button\"><a class=\"wp-block-button__link wp-element-button\" href=\"https:\/\/vignettego.com\/\">VignetteGO &#8211; f\u00e5 Vignette snabbt<\/a><\/div>\n<\/div>\n\n<div style=\"height:40px\" aria-hidden=\"true\" class=\"wp-block-spacer\"><\/div>\n\n<p><strong>S\u00e5 h\u00e4r applicerar du den:<\/strong> Dra av skyddsskiktet och klistra vinjetten p\u00e5 insidan av vindrutan, helst i det \u00f6vre v\u00e4nstra h\u00f6rnet eller bakom backspegeln. N\u00e4r dekalen har tagits bort kan den inte \u00e5teranv\u00e4ndas eller \u00f6verf\u00f6ras till ett annat fordon. <\/p>\n\n<h3 class=\"wp-block-heading\">2. Digital vinjett (rekommenderas)<\/h3>\n\n<p>Sedan 2023 har Schweiz erbjudit ett <a href=\"https:\/\/vignettego.com\/\">digitalt vinjettalternativ<\/a>. Denna version \u00e4r kopplad till din registreringsskylt och eliminerar behovet av en fysisk dekal. Det \u00e4r en bekv\u00e4m l\u00f6sning, s\u00e4rskilt f\u00f6r dem som ofta byter fordon eller vill slippa besv\u00e4ret med att applicera och ta bort klisterm\u00e4rket.  <\/p>\n\n<p><strong>F\u00f6rdelar med den digitala vinjetten:<\/strong><\/p>\n\n<ul class=\"wp-block-list\">\n<li>Snabbt och enkelt onlinek\u00f6p &#8211; slutf\u00f6r processen p\u00e5 n\u00e5gra minuter<\/li>\n\n\n\n<li>Inget behov av att f\u00e4sta eller ta bort n\u00e5got fr\u00e5n vindrutan<\/li>\n\n\n\n<li>Kan enkelt uppdateras om du byter vindruta eller registreringsskylt<\/li>\n\n\n\n<li>Alternativ f\u00f6r automatisk f\u00f6rnyelse tillg\u00e4ngliga<\/li>\n<\/ul>\n\n<p><strong>Var kan man k\u00f6pa det online:<\/strong> Ett av de enklaste s\u00e4tten \u00e4r via den officiella schweiziska plattformen eller via betrodda onlineleverant\u00f6rer. Om du vill spara tid och undvika k\u00f6er vid gr\u00e4nsen kan du <a href=\"https:\/\/vignettego.com\/\" target=\"_blank\" rel=\"noreferrer noopener\">k\u00f6pa din schweiziska vinjett online h\u00e4r<\/a> p\u00e5 bara n\u00e5gra minuter. <\/p>\n\n<p><a href=\"https:\/\/vignettego.com\/\" target=\"_blank\" rel=\"noreferrer noopener\">K\u00f6p din schweiziska vinjett online nu<\/a><\/p>\n\n<div style=\"height:40px\" aria-hidden=\"true\" class=\"wp-block-spacer\"><\/div>\n\n<h2 class=\"wp-block-heading\">Fysiskt eller digitalt: Vilket b\u00f6r du v\u00e4lja?<\/h2>\n\n<p><strong>B\u00e5da alternativen ger samma lagliga r\u00e4tt att anv\u00e4nda schweiziska motorv\u00e4gar, men den digitala vinjetten blir alltmer popul\u00e4r p\u00e5 grund av sin bekv\u00e4mlighet.  <\/strong><\/p>\n\n<p>Om du hyr en bil i Schweiz ing\u00e5r det n\u00e4stan alltid en vinjett i bilen. Om du hyr utomlands och planerar att k\u00f6ra in i Schweiz b\u00f6r du dock kontrollera om fordonet redan har en vinjett &#8211; de flesta har inte det. <\/p>\n\n<p>Om du v\u00e4rdes\u00e4tter flexibilitet och enkelhet \u00e4r den digitala vinjetten det b\u00e4ttre valet. Om du \u00e5 andra sidan f\u00f6redrar att k\u00f6pa den p\u00e5 plats eller inte vill ange dina nummerpl\u00e5tsuppgifter online, \u00e4r den fysiska versionen fortfarande ett s\u00e4kert alternativ. <\/p>\n\n<h2 class=\"wp-block-heading\">Giltighetstid och f\u00f6rnyelse<\/h2>\n\n<p>En annan f\u00f6rdel med det schweiziska systemet \u00e4r den gener\u00f6sa giltighetstiden. Varje vinjett \u00e4r giltig i 14 m\u00e5nader, inte bara 12. Det betyder att du kan anv\u00e4nda den under tv\u00e5 vintrar eller tv\u00e5 somrar om du planerar dina resor klokt.  <\/p>\n\n<ul class=\"wp-block-list\">\n<li><strong>Startdatum:<\/strong> 1 december f\u00f6reg\u00e5ende \u00e5r<\/li>\n\n\n\n<li><strong>Slutdatum:<\/strong> 31 januari p\u00e5f\u00f6ljande \u00e5r<\/li>\n<\/ul>\n\n<p>Vinjetten f\u00f6r 2026 \u00e4r t.ex. giltig fr\u00e5n den 1 december 2024 till den 31 januari 2026. Om du k\u00f6per den tidigt f\u00e5r du effektivt tv\u00e5 extra m\u00e5nader utan extra kostnad. <\/p>\n\n<div style=\"height:40px\" aria-hidden=\"true\" class=\"wp-block-spacer\"><\/div>\n\n<div class=\"wp-block-buttons is-content-justification-center is-layout-flex wp-container-core-buttons-is-layout-a89b3969 wp-block-buttons-is-layout-flex\">\n<div class=\"wp-block-button\"><a class=\"wp-block-button__link wp-element-button\" href=\"https:\/\/vignettego.com\/\">E-vinjetter f\u00f6r motorv\u00e4gar<\/a><\/div>\n<\/div>\n\n<div style=\"height:40px\" aria-hidden=\"true\" class=\"wp-block-spacer\"><\/div>\n\n<h2 class=\"wp-block-heading\">Beh\u00f6ver utl\u00e4ndska f\u00f6rare en vinjett?<\/h2>\n\n<p><strong>Ja, vinjettkravet g\u00e4ller f\u00f6r alla fordon, oavsett var de \u00e4r registrerade.   <\/strong><\/p>\n\n<p>Om du k\u00f6r in i Schweiz fr\u00e5n ett grannland m\u00e5ste du k\u00f6pa en vinjett innan eller direkt n\u00e4r du k\u00f6r in p\u00e5 motorv\u00e4gsn\u00e4tet. Polisen kontrollerar ofta fordon n\u00e4ra gr\u00e4ns\u00f6verg\u00e5ngar, motorv\u00e4gspassager och rastplatser. <\/p>\n\n<p>\u00c4ven om du bara ska passera genom Schweiz i en timme beh\u00f6ver du en vinjett. Att f\u00f6rs\u00f6ka k\u00f6ra utan vinjett \u00e4r inte v\u00e4rt risken &#8211; b\u00f6terna \u00e4r h\u00f6ga och kontrollen av efterlevnaden \u00e4r strikt. <\/p>\n\n<p><a href=\"https:\/\/vignettego.com\/\" target=\"_blank\" rel=\"noreferrer noopener\">K\u00f6p Swiss Vignette p\u00e5 n\u00e5gra minuter<\/a><\/p>\n\n<div style=\"height:39px\" aria-hidden=\"true\" class=\"wp-block-spacer\"><\/div>\n\n<h2 class=\"wp-block-heading\">B\u00f6ter och p\u00e5f\u00f6ljder f\u00f6r k\u00f6rning utan vinjett<\/h2>\n\n<p><strong>Att k\u00f6ra p\u00e5 schweiziska motorv\u00e4gar utan giltig vinjett betraktas som en allvarlig trafikf\u00f6rseelse.  <\/strong><\/p>\n\n<p>Myndigheterna uppr\u00e4tth\u00e5ller vinjettkravet strikt och b\u00f6terna \u00e4r h\u00f6ga f\u00f6r att avskr\u00e4cka fr\u00e5n \u00f6vertr\u00e4delser. Om du stoppas av polisen eller ertappas vid en v\u00e4gkontroll utan vinjett kommer du att f\u00e5 betala: <\/p>\n\n<ul class=\"wp-block-list\">\n<li>Standardb\u00f6ter p\u00e5 <strong>200 CHF<\/strong> (cirka 210 euro)<\/li>\n\n\n\n<li>Omedelbar skyldighet att <a href=\"https:\/\/vignettego.com\/\">k\u00f6pa en vinjett<\/a> p\u00e5 plats<\/li>\n<\/ul>\n\n<p>Det finns ingen respitperiod och inga undantag. Kravet b\u00f6rjar g\u00e4lla s\u00e5 snart du k\u00f6r in p\u00e5 en motorv\u00e4g eller motortrafikled. \u00c4ven om du bara k\u00f6r en kilometer utan vinjett \u00e4r du skyldig att betala hela b\u00f6tesbeloppet.    <\/p>\n\n<p>Det \u00e4r v\u00e4rt att notera att b\u00f6ter utf\u00e4rdas inte bara vid gr\u00e4ns\u00f6verg\u00e5ngarna utan \u00e4ven djupt inne i landet, d\u00e4r slumpm\u00e4ssiga v\u00e4gkontroller \u00e4r vanliga.<\/p>\n\n<p>Eftersom kostnaden f\u00f6r vinjetten \u00e4r s\u00e5 l\u00e5g j\u00e4mf\u00f6rt med straffavgiften \u00e4r det alltid klokare att k\u00f6pa en i f\u00f6rv\u00e4g. Att k\u00f6pa online f\u00f6re resan \u00e4r det enklaste s\u00e4ttet att undvika on\u00f6diga problem. <\/p>\n\n<p><a href=\"https:\/\/vignettego.com\/\" target=\"_blank\" rel=\"noreferrer noopener\">K\u00f6p din schweiziska vinjett och undvik b\u00f6ter<\/a><\/p>\n\n<div style=\"height:40px\" aria-hidden=\"true\" class=\"wp-block-spacer\"><\/div>\n\n<h2 class=\"wp-block-heading\">S\u00e4rskilda v\u00e4gtullar och undantag<\/h2>\n\n<p><strong>Vinjetten p\u00e5 40 CHF t\u00e4cker n\u00e4stan hela det schweiziska motorv\u00e4gsn\u00e4tet, men det finns n\u00e5gra tunnlar och bergsv\u00e4gar d\u00e4r ytterligare v\u00e4gtullar g\u00e4ller.  <\/strong><\/p>\n\n<p>Det handlar vanligtvis om l\u00e5nga och dyra infrastrukturprojekt som kr\u00e4ver separata underh\u00e5llsavgifter.<\/p>\n\n<figure class=\"wp-block-table\"><table class=\"has-fixed-layout\"><thead><tr><th>V\u00e4g \/ Tunnel<\/th><th>Ytterligare avgift<\/th><th>Anteckningar<\/th><\/tr><\/thead><tbody><tr><td>Stora Sankt Bernhardstunneln (gr\u00e4nsen mot Italien)<\/td><td>~CHF 30<\/td><td>Betalas vid betalstation eller online<\/td><\/tr><tr><td>Munt la Schera-tunneln (till Livigno, Italien)<\/td><td>~CHF 15-30<\/td><td>S\u00e4songsbunden v\u00e4g, v\u00e4gtullarna varierar beroende p\u00e5 \u00e5rstid<\/td><\/tr><tr><td>San Bernardino Pass<\/td><td>Ing\u00e5r<\/td><td>Ingen extra v\u00e4gtull, men v\u00e4derberoende<\/td><\/tr><\/tbody><\/table><\/figure>\n\n<p>Fordon \u00f6ver 3,5 ton, t.ex. tunga husbilar, lastbilar eller bussar, omfattas av en <strong>avgift f\u00f6r tunga fordon (Heavy Vehicle Fee, LSVA)<\/strong>. Denna skatt ber\u00e4knas utifr\u00e5n avst\u00e5nd, vikt och utsl\u00e4ppskategori och betalas vanligtvis separat via transportf\u00f6retag eller vid tullkontor. <\/p>\n\n<div style=\"height:40px\" aria-hidden=\"true\" class=\"wp-block-spacer\"><\/div>\n\n<div class=\"wp-block-buttons is-content-justification-center is-layout-flex wp-container-core-buttons-is-layout-a89b3969 wp-block-buttons-is-layout-flex\">\n<div class=\"wp-block-button\"><a class=\"wp-block-button__link wp-element-button\">Den mest betrodda tj\u00e4nsten f\u00f6r e-vinjetter i Europa<\/a><\/div>\n<\/div>\n\n<div style=\"height:40px\" aria-hidden=\"true\" class=\"wp-block-spacer\"><\/div>\n\n<h2 class=\"wp-block-heading\">K\u00f6rtips f\u00f6r Schweiz<\/h2>\n\n<p><strong>Schweiz \u00e4r k\u00e4nt f\u00f6r sina strikta trafikregler och v\u00e4l underh\u00e5llna infrastruktur.  <\/strong><\/p>\n\n<p>Att f\u00f6lja reglerna h\u00e5ller dig inte bara s\u00e4ker utan hj\u00e4lper dig ocks\u00e5 att undvika kostsamma b\u00f6ter. H\u00e4r \u00e4r n\u00e5gra anv\u00e4ndbara tips innan du ger dig ut p\u00e5 v\u00e4garna: <\/p>\n\n<ul class=\"wp-block-list\">\n<li><strong>Hastighetsbegr\u00e4nsningar:<\/strong> 120 km\/h p\u00e5 motorv\u00e4gar, 100 km\/h p\u00e5 tv\u00e5filiga v\u00e4gar, 80 km\/h p\u00e5 landsv\u00e4gar, 50 km\/h i t\u00e4torter.<\/li>\n\n\n\n<li><strong>Vinterd\u00e4ck:<\/strong> Inget lagkrav men rekommenderas starkt fr\u00e5n november till mars, s\u00e4rskilt i bergstrakter.<\/li>\n\n\n\n<li><strong>Ljus:<\/strong> Halvljus \u00e4r obligatoriskt under dagtid.<\/li>\n\n\n\n<li><strong>Mobiltelefoner:<\/strong> Att anv\u00e4nda en telefon utan handsfree \u00e4r olagligt och leder till h\u00f6ga b\u00f6ter.<\/li>\n\n\n\n<li><strong>Alkoholgr\u00e4ns<\/strong>: 0,5 \u2030 (l\u00e4gre f\u00f6r nya f\u00f6rare och yrkesf\u00f6rare).<\/li>\n\n\n\n<li><strong>Parkering:<\/strong> Parkeringsreglerna f\u00f6ljs strikt. Anv\u00e4nd alltid markerade platser och var uppm\u00e4rksam p\u00e5 tidsbegr\u00e4nsningar. <\/li>\n<\/ul>\n\n<p>Schweiz har ocks\u00e5 n\u00e5gra av de mest natursk\u00f6na v\u00e4garna i Europa, till exempel Furkapasset, Gotthardpasset och Berninav\u00e4gen.  <\/p>\n\n<p>\u00c4ven om dessa v\u00e4gar kanske inte kr\u00e4ver en vinjett om de inte ing\u00e5r i motorv\u00e4gsn\u00e4tet, st\u00e4ngs de ofta p\u00e5 vintern p\u00e5 grund av sn\u00f6, s\u00e5 kontrollera alltid s\u00e4songsf\u00f6rh\u00e5llandena innan du reser.<\/p>\n\n<div style=\"height:40px\" aria-hidden=\"true\" class=\"wp-block-spacer\"><\/div>\n\n<h2 class=\"wp-block-heading\">Alternativa strategier f\u00f6r korta resor<\/h2>\n\n<p>Om du planerar att resa genom Schweiz och tycker att 40 CHF \u00e4r f\u00f6r mycket f\u00f6r en kort resa, finns det n\u00e5gra alternativ &#8211; \u00e4ven om varje alternativ inneb\u00e4r kompromisser:<\/p>\n\n<ul class=\"wp-block-list\">\n<li><strong>Anv\u00e4nd v\u00e4gar som inte \u00e4r motorv\u00e4gar:<\/strong> V\u00e4gar markerade med bl\u00e5 skyltar \u00e4r avgiftsfria, men de \u00e4r l\u00e5ngsammare och g\u00e5r ofta genom st\u00e4der och byar.<\/li>\n\n\n\n<li><strong>Parkera och \u00e5k:<\/strong> Parkera bilen n\u00e4ra gr\u00e4nsen och ta dig in i Schweiz med t\u00e5g. Det schweiziska j\u00e4rnv\u00e4gsn\u00e4tet \u00e4r snabbt, p\u00e5litligt och t\u00e4cker \u00e4ven avl\u00e4gsna bergsst\u00e4der. <\/li>\n\n\n\n<li><strong>G\u00f6r det till en del av en resa:<\/strong> Om du \u00e4nd\u00e5 betalar f\u00f6r vinjetten kan du planera in stopp i schweiziska st\u00e4der eller naturattraktioner f\u00f6r att f\u00e5 ut mer av ditt bes\u00f6k.<\/li>\n<\/ul>\n\n<p>I slut\u00e4ndan \u00e4r vinjetten p\u00e5 40 CHF ett l\u00e5gt pris f\u00f6r obegr\u00e4nsad tillg\u00e5ng till ett av v\u00e4rldens b\u00e4sta v\u00e4gn\u00e4t. F\u00f6r de flesta resen\u00e4rer \u00e4r det v\u00e4l v\u00e4rt investeringen. <\/p>\n\n<div style=\"height:40px\" aria-hidden=\"true\" class=\"wp-block-spacer\"><\/div>\n\n<h2 class=\"wp-block-heading\">Vanliga fr\u00e5gor och svar (FAQ)<\/h2>\n\n<h3 class=\"wp-block-heading\">Beh\u00f6ver jag en vinjett om jag bara k\u00f6r p\u00e5 sekund\u00e4ra v\u00e4gar?<\/h3>\n\n<p>Vinjett kr\u00e4vs endast f\u00f6r motorv\u00e4gar och motortrafikleder, som \u00e4r markerade med gr\u00f6na skyltar med vita siffror. V\u00e4gar som \u00e4r markerade med bl\u00e5 skyltar \u00e4r fria att anv\u00e4nda utan vinjett.  <\/p>\n\n<h3 class=\"wp-block-heading\">Kan jag \u00f6verf\u00f6ra min vinjett till ett annat fordon?<\/h3>\n\n<p>Nej, b\u00e5de de fysiska och digitala vinjetterna \u00e4r knutna till ett specifikt fordon. De fysiska vinjetterna f\u00f6rst\u00f6rs n\u00e4r de tas bort och de digitala vinjetterna \u00e4r kopplade till den registreringsskylt som anges vid k\u00f6pet.  <\/p>\n\n<h3 class=\"wp-block-heading\">Vad h\u00e4nder om jag \u00e4ndrar min registreringsskylt?<\/h3>\n\n<p>Om du har en digital vinjett kan du vanligtvis uppdatera registreringsuppgifterna online. Om du har en fysisk vinjett m\u00e5ste du k\u00f6pa en ny. <\/p>\n\n<h3 class=\"wp-block-heading\">\u00c4r hyrbilar i Schweiz redan utrustade med en vinjett?<\/h3>\n\n<p>De flesta hyrbilar som h\u00e4mtas ut i Schweiz inkluderar en vinjett i priset. Men fordon som hyrs utanf\u00f6r Schweiz g\u00f6r det vanligtvis inte. Kontrollera alltid med uthyrningsfirman i f\u00f6rv\u00e4g.  <\/p>\n\n<h3 class=\"wp-block-heading\">Erbjuder Schweiz korttidsvinjetter f\u00f6r turister?<\/h3>\n\n<p>Nej. Till skillnad fr\u00e5n \u00d6sterrike och Slovenien erbjuder Schweiz endast en \u00e5rsvinjett. \u00c4ven om du bara \u00e4r p\u00e5 bes\u00f6k en dag m\u00e5ste du k\u00f6pa ett hel\u00e5rskort.  <\/p>\n\n<div style=\"height:40px\" aria-hidden=\"true\" class=\"wp-block-spacer\"><\/div>\n\n<h2 class=\"wp-block-heading\">Slutliga tankar: En liten investering f\u00f6r en f\u00f6rstklassig k\u00f6rupplevelse<\/h2>\n\n<p>Den schweiziska motorv\u00e4gsvinjetten \u00e4r ett av de enklaste och mest kostnadseffektiva v\u00e4gtullssystemen i Europa. F\u00f6r en fast avgift p\u00e5 40 CHF per \u00e5r f\u00e5r du obegr\u00e4nsad tillg\u00e5ng till ett v\u00e4gn\u00e4t som \u00e4r s\u00e4kert, snabbt och natursk\u00f6nt.   <\/p>\n\n<p>Bekv\u00e4mligheten med att inte beh\u00f6va stanna vid v\u00e4gtullar och kvaliteten p\u00e5 den schweiziska infrastrukturen g\u00f6r den till en viktig del av alla roadtrips i regionen.<\/p>\n\n<p>Oavsett om du utforskar pittoreska alpbyar, k\u00f6r till skidorter i v\u00e4rldsklass eller bara korsar landet som en del av en st\u00f6rre europeisk resa, erbjuder vinjetten sinnesfrid och en problemfri upplevelse.  <\/p>\n\n<p><strong>Riskera inte b\u00f6ter eller f\u00f6rseningar &#8211; skaffa din vinjett innan du reser och njut av Schweiz v\u00e4gar p\u00e5 det s\u00e4tt som de var t\u00e4nkta att upplevas.<\/strong><\/p>\n\n<p><a href=\"https:\/\/vignettego.com\/\" target=\"_blank\" rel=\"noreferrer noopener\">K\u00f6p din schweiziska vinjett online idag<\/a><\/p>\n\n<p>K\u00f6p din officiella schweiziska motorv\u00e4gsvinjett online p\u00e5 <a href=\"https:\/\/vignettego.com\/\" target=\"_blank\" rel=\"noreferrer noopener\">VignetteGo<\/a> och var redo att ge dig ut p\u00e5 v\u00e4garna p\u00e5 bara n\u00e5gra minuter.<\/p>\n\n<div style=\"height:40px\" aria-hidden=\"true\" class=\"wp-block-spacer\"><\/div>\n\n<div class=\"wp-block-buttons is-content-justification-center is-layout-flex wp-container-core-buttons-is-layout-a89b3969 wp-block-buttons-is-layout-flex\">\n<div class=\"wp-block-button\"><a class=\"wp-block-button__link wp-element-button\" href=\"https:\/\/vignettego.com\/\">Prova VignetteGO.com<\/a><\/div>\n<\/div>\n\n<div style=\"height:40px\" aria-hidden=\"true\" class=\"wp-block-spacer\"><\/div>\n\n<p><strong>TAGS:<\/strong><\/p>\n\n<p class=\"has-medium-font-size\">Schweizisk motorv\u00e4gsvinjett, Schweiz motorv\u00e4gsavgift, K\u00f6p schweizisk vinjett online, Schweizisk v\u00e4gskatt 2026, Schweiz k\u00f6rguide, Motorv\u00e4gspass Schweiz, Schweizisk motorv\u00e4gsdekal, <a href=\"https:\/\/vignettego.com\/\">Digital vinjett<\/a> Schweiz, Schweiziska v\u00e4gtullar f\u00f6rklarade, Schweiz bilresetips, Schweiz bilresa, Schweiz k\u00f6rregler, Vinjettkostnad Schweiz, Var man kan k\u00f6pa schweizisk vinjett, Undvik schweiziska vinjettb\u00f6ter, Schweiziskt motorv\u00e4gsn\u00e4t, \u00c5rlig vinjett Schweiz, Schweiziskt motorv\u00e4gstillst\u00e5nd, Schweiz resa med bil<\/p>\n\n<p><\/p>\n","protected":false},"excerpt":{"rendered":"<p>Att k\u00f6ra genom Schweiz \u00e4r en av de mest hisnande v\u00e4gupplevelserna i Europa. Landet \u00e4r k\u00e4nt f\u00f6r sina perfekta v\u00e4gar, imponerande tunnlar och natursk\u00f6na alplandskap som g\u00f6r varje resa of\u00f6rgl\u00f6mlig. Men innan du ger dig ut p\u00e5 en schweizisk motorv\u00e4g finns det ett viktigt krav som du m\u00e5ste k\u00e4nna till: den Schweiziska motorv\u00e4gsvinjetten . Denna [&hellip;]<\/p>\n","protected":false},"author":1,"featured_media":86,"parent":0,"menu_order":0,"comment_status":"closed","ping_status":"closed","template":"","meta":{"footnotes":""},"class_list":["post-200","page","type-page","status-publish","has-post-thumbnail","hentry"],"_links":{"self":[{"href":"https:\/\/vignettego.com\/highway-vignette-europe\/sv\/wp-json\/wp\/v2\/pages\/200","targetHints":{"allow":["GET"]}}],"collection":[{"href":"https:\/\/vignettego.com\/highway-vignette-europe\/sv\/wp-json\/wp\/v2\/pages"}],"about":[{"href":"https:\/\/vignettego.com\/highway-vignette-europe\/sv\/wp-json\/wp\/v2\/types\/page"}],"author":[{"embeddable":true,"href":"https:\/\/vignettego.com\/highway-vignette-europe\/sv\/wp-json\/wp\/v2\/users\/1"}],"replies":[{"embeddable":true,"href":"https:\/\/vignettego.com\/highway-vignette-europe\/sv\/wp-json\/wp\/v2\/comments?post=200"}],"version-history":[{"count":1,"href":"https:\/\/vignettego.com\/highway-vignette-europe\/sv\/wp-json\/wp\/v2\/pages\/200\/revisions"}],"predecessor-version":[{"id":202,"href":"https:\/\/vignettego.com\/highway-vignette-europe\/sv\/wp-json\/wp\/v2\/pages\/200\/revisions\/202"}],"wp:featuredmedia":[{"embeddable":true,"href":"https:\/\/vignettego.com\/highway-vignette-europe\/sv\/wp-json\/wp\/v2\/media\/86"}],"wp:attachment":[{"href":"https:\/\/vignettego.com\/highway-vignette-europe\/sv\/wp-json\/wp\/v2\/media?parent=200"}],"curies":[{"name":"wp","href":"https:\/\/api.w.org\/{rel}","templated":true}]}}