{"id":1170,"date":"2026-01-04T01:41:02","date_gmt":"2026-01-04T01:41:02","guid":{"rendered":"https:\/\/vignettego.com\/highway-vignette-europe\/bulgarien-motorvagsvinjett-2026\/"},"modified":"2026-01-04T12:42:21","modified_gmt":"2026-01-04T12:42:21","slug":"bulgarien-motorvagsvinjett-2026","status":"publish","type":"page","link":"https:\/\/vignettego.com\/highway-vignette-europe\/sv\/bulgarien-motorvagsvinjett-2026\/","title":{"rendered":"Bulgaria Highway Vignette 2026: Komplett guide f\u00f6r e-vignett"},"content":{"rendered":"\n<script type=\"application\/ld+json\">{\n    \"@context\": \"https:\/\/schema.org\",\n    \"@graph\": [\n        {\n            \"@type\": \"Article\",\n            \"@id\": \"https:\/\/vignettego.com\/highway-vignette-europe\/bulgaria-highway-vignette-guide\/#article\",\n            \"headline\": \"Bulgaria Highway Vignette 2026: Complete E-Vignette Guide\",\n            \"description\": \"Everything about Bulgarian electronic highway vignettes (E-Vignette). Learn about the unique weekend vignette option, pricing, validity periods, motorway network, and how to avoid fines in Bulgaria.\",\n            \"image\": \"https:\/\/vignettego.com\/highway-vignette-europe\/wp-content\/uploads\/2026\/09\/Highway-Vignette-Europe.jpg\",\n            \"datePublished\": \"2026-01-04\",\n            \"dateModified\": \"2026-01-04\",\n            \"author\": {\"@type\": \"Organization\", \"name\": \"VignetteGo\", \"url\": \"https:\/\/vignettego.com\"},\n            \"publisher\": {\"@type\": \"Organization\", \"name\": \"VignetteGo\"},\n            \"mainEntityOfPage\": {\"@type\": \"WebPage\", \"@id\": \"https:\/\/vignettego.com\/highway-vignette-europe\/bulgaria-highway-vignette-guide\/\"},\n            \"articleSection\": \"Highway Vignettes\",\n            \"keywords\": [\"Bulgarian vignette\", \"E-Vignette Bulgaria\", \"Bulgaria highway toll\", \"Bulgarian motorway pass\", \"Bulgaria Autobahn toll\", \"weekend vignette Bulgaria\"],\n            \"inLanguage\": \"en\",\n            \"speakable\": {\"@type\": \"SpeakableSpecification\", \"cssSelector\": [\".article-intro\", \"#faq-section\"]}\n        },\n        {\n            \"@type\": \"BreadcrumbList\",\n            \"itemListElement\": [\n                {\"@type\": \"ListItem\", \"position\": 1, \"name\": \"VignetteGo\", \"item\": \"https:\/\/vignettego.com\/\"},\n                {\"@type\": \"ListItem\", \"position\": 2, \"name\": \"Highway Vignette Europe\", \"item\": \"https:\/\/vignettego.com\/highway-vignette-europe\/\"},\n                {\"@type\": \"ListItem\", \"position\": 3, \"name\": \"Bulgaria Guide\", \"item\": \"https:\/\/vignettego.com\/highway-vignette-europe\/bulgaria-highway-vignette-guide\/\"}\n            ]\n        },\n        {\n            \"@type\": \"FAQPage\",\n            \"mainEntity\": [\n                {\"@type\": \"Question\", \"name\": \"How much does the Bulgarian highway vignette cost?\", \"acceptedAnswer\": {\"@type\": \"Answer\", \"text\": \"The Bulgarian e-vignette costs approximately BGN 15 (~EUR 7.50) for 7 days, BGN 30 (~EUR 15) for one month, and BGN 97 (~EUR 50) for one year. There is also a unique weekend vignette for BGN 10 (~EUR 5).\"}},\n                {\"@type\": \"Question\", \"name\": \"What is the Bulgarian weekend vignette?\", \"acceptedAnswer\": {\"@type\": \"Answer\", \"text\": \"Bulgaria offers a unique weekend vignette valid from Friday 12:00 to Sunday 23:59 for just BGN 10 (~EUR 5). Perfect for quick beach trips to the Black Sea coast.\"}},\n                {\"@type\": \"Question\", \"name\": \"Can I buy Bulgarian e-vignette online?\", \"acceptedAnswer\": {\"@type\": \"Answer\", \"text\": \"Yes, you can purchase the Bulgarian e-vignette online through VignetteGo or the official bgtoll.bg website. The vignette is valid immediately after purchase.\"}},\n                {\"@type\": \"Question\", \"name\": \"What are the fines for driving without a vignette in Bulgaria?\", \"acceptedAnswer\": {\"@type\": \"Answer\", \"text\": \"Driving without a valid e-vignette in Bulgaria can result in fines of BGN 300 (~EUR 150) for first offenses, and up to BGN 3,000 (~EUR 1,500) for repeat violations.\"}},\n                {\"@type\": \"Question\", \"name\": \"Which roads require a vignette in Bulgaria?\", \"acceptedAnswer\": {\"@type\": \"Answer\", \"text\": \"All Bulgarian motorways (avtomaistrali) and first-class national roads require a valid e-vignette. This includes the A1 Trakiya, A2 Hemus, and A3 Struma motorways.\"}}\n            ]\n        }\n    ]\n}\n<\/script>\n\n<figure class=\"wp-block-image aligncenter size-large\"><img decoding=\"async\" src=\"https:\/\/vignettego.com\/highway-vignette-europe\/wp-content\/uploads\/2026\/09\/Highway-Vignette-Europe.jpg\" alt=\"Bulgariska E-Vignetten 2026 - Komplett guide till elektroniska motorv&#xE4;gsvignetter i Bulgarien\" style=\"width:100%; height:auto; margin-bottom:20px;\"\/><\/figure>\n\n<p class=\"article-intro\">Planerar du en roadtrip till Bulgarien 2026? Oavsett om du \u00e4r p\u00e5 v\u00e4g till de soliga str\u00e4nderna vid Svarta havet, utforskar forntida thrakiska ruiner, uppt\u00e4cker Sofias livfulla kultur eller \u00e5ker skidor i de fantastiska bergsresorterna, \u00e4r det avg\u00f6rande att f\u00f6rst\u00e5 det bulgariska v\u00e4gtullsystemet. Bulgarien driver ett helt <strong>elektroniskt vinjettersystem (e-vignett)<\/strong> med n\u00e5gra unika alternativ, inklusive en budgetv\u00e4nlig <strong>helgvignett<\/strong> \u2013 perfekt f\u00f6r snabba resor. Denna omfattande guide t\u00e4cker allt du beh\u00f6ver veta om bulgariska avgiftsv\u00e4gar, priss\u00e4ttning, ink\u00f6psalternativ och hur du undviker kostsamma b\u00f6ter.   <\/p>\n\n<div style=\"height:25px\" aria-hidden=\"true\" class=\"wp-block-spacer\"><\/div>\n\n<div class=\"wp-block-buttons is-content-justification-center is-layout-flex wp-container-core-buttons-is-layout-a89b3969 wp-block-buttons-is-layout-flex\">\n<div class=\"wp-block-button\"><a class=\"wp-block-button__link wp-element-button\" href=\"https:\/\/vignettego.com\/\" style=\"background-color:#0066cc;color:#ffffff;padding:15px 30px;font-size:18px;border-radius:8px;\">\ud83d\ude97 F\u00e5 din bulgariska e-vignett p\u00e5 VignetteGo<\/a><\/div>\n<\/div>\n\n<div style=\"height:25px\" aria-hidden=\"true\" class=\"wp-block-spacer\"><\/div>\n\n<h2 class=\"wp-block-heading\">\ud83c\udde7\ud83c\uddec Vad \u00e4r den bulgariska e-vignetten?<\/h2>\n\n<p>Bulgarien \u00f6vergick till ett helt <strong>elektroniskt avgiftssystem<\/strong> f\u00f6r personbilar 2019, vilket eliminerade behovet av fysiska klisterm\u00e4rkesvinjetter. Den <strong>bulgariska e-vignetten<\/strong> (bulgariska: \u0435\u043b\u0435\u043a\u0442\u0440\u043e\u043d\u043d\u0430 \u0432\u0438\u043d\u0435\u0442\u043a\u0430) \u00e4r en digital auktorisation som till\u00e5ter ditt fordon att anv\u00e4nda avgiftsv\u00e4gar \u00f6ver hela landet. Ditt registreringsnummer registreras i en central databas och verifieras automatiskt av \u00f6vervakningskameror placerade l\u00e4ngs alla avgiftsv\u00e4gar.  <\/p>\n\n<p>Systemet f\u00f6rvaltas av <strong>Road Infrastructure Agency (RIA)<\/strong> via den officiella bgtoll.bg portalen. E-vignettsystemet erbjuder flera f\u00f6rdelar j\u00e4mf\u00f6rt med det gamla fysiska klisterm\u00e4rkessystemet: inget behov av att visa n\u00e5got p\u00e5 vindrutan, omedelbar aktivering, enkel onlinek\u00f6p och ingen risk f\u00f6r skador eller st\u00f6ld p\u00e5 klisterm\u00e4rket. <\/p>\n\n<h2 class=\"wp-block-heading\">\ud83d\udccb Bulgariska e-vignettpriser 2026<\/h2>\n\n<p>Bulgarien erbjuder n\u00e5gra av de mest prisv\u00e4rda v\u00e4gtullarna i Europa, med flera giltighetsalternativ f\u00f6r att passa olika resebehov. H\u00e4r \u00e4r den kompletta priss\u00e4ttningsstrukturen f\u00f6r 2026: <\/p>\n\n<figure class=\"wp-block-table\"><table><thead><tr><th>Giltighetsperiod<\/th><th>Kategori 3 (Bilar upp till 3,5 ton)<\/th><th>Kategori 2 (Motorcyklar)<\/th><th>Ungef\u00e4r. EUR <\/th><\/tr><\/thead><tbody><tr><td><strong>\ud83c\udf89 Helg<\/strong><\/td><td>BGN 10<\/td><td>BGN 5<\/td><td>~5 EUR 5<\/td><\/tr><tr><td><strong>7 dagar<\/strong><\/td><td>BGN 15<\/td><td>BGN 8<\/td><td>~EUR 7,50<\/td><\/tr><tr><td><strong>1 m\u00e5nad<\/strong><\/td><td>BGN 30<\/td><td>BGN 15<\/td><td>~15 EUR 15<\/td><\/tr><tr><td><strong>3 m\u00e5nader<\/strong><\/td><td>BGN 54<\/td><td>BGN 27<\/td><td>~EUR 27<\/td><\/tr><tr><td><strong>\u00c5rlig<\/strong><\/td><td>BGN 97<\/td><td>50 BGN<\/td><td>~50 EUR 50<\/td><\/tr><\/tbody><\/table><\/figure>\n\n<h3 class=\"wp-block-heading\">\ud83c\udf89 Den unika helgvignetten<\/h3>\n\n<p>Bulgarien \u00e4r ett av f\u00e5 europeiska l\u00e4nder som erbjuder en <strong>helgvignett<\/strong> \u2013 ett utm\u00e4rkt alternativ f\u00f6r snabba resor! Denna speciella vinjett g\u00e4ller fr\u00e5n <strong>fredag 12:00 till s\u00f6ndag 23:59<\/strong>, perfekt f\u00f6r helgresor till Svarta havets kust eller bergsresorter. F\u00f6r endast 10 BGN (ungef\u00e4r 5 EUR) erbjuder den ett exceptionellt prisv\u00e4rd f\u00f6r korta resor.  <\/p>\n\n<div style=\"height:25px\" aria-hidden=\"true\" class=\"wp-block-spacer\"><\/div>\n\n<div class=\"wp-block-buttons is-content-justification-center is-layout-flex wp-container-core-buttons-is-layout-a89b3969 wp-block-buttons-is-layout-flex\">\n<div class=\"wp-block-button\"><a class=\"wp-block-button__link wp-element-button\" href=\"https:\/\/vignettego.com\/\" style=\"background-color:#28a745;color:#ffffff;padding:15px 30px;font-size:18px;border-radius:8px;\">\u2705 F\u00e5 europeiska vinjetter f\u00f6r 8 l\u00e4nder p\u00e5 VignetteGo<\/a><\/div>\n<\/div>\n\n<div style=\"height:25px\" aria-hidden=\"true\" class=\"wp-block-spacer\"><\/div>\n\n<h2 class=\"wp-block-heading\">\ud83d\udee3\ufe0f Bulgariska motorv\u00e4gsn\u00e4tet<\/h2>\n\n<p>Bulgarien har snabbt ut\u00f6kat sitt motorv\u00e4gsn\u00e4t under de senaste \u00e5ren. H\u00e4r \u00e4r huvudv\u00e4garna d\u00e4r du beh\u00f6ver en giltig e-vinjnett: <\/p>\n\n<h3 class=\"wp-block-heading\">A1 Trakiya-motorv\u00e4gen (\u0410\u0432\u0442\u043e\u043c\u0430\u0433\u0438\u0441\u0442\u0440\u0430\u043b\u0430 \u0422\u0440\u0430\u043a\u0438\u044f)<\/h3>\n\n<p>Den viktigaste motorv\u00e4gen i Bulgarien, som f\u00f6rbinder <strong>Sofia med Burgas<\/strong> vid Svarta havets kust via Plovdiv. Total l\u00e4ngd: cirka 360 km. Detta \u00e4r huvudv\u00e4gen f\u00f6r strandsemesterfirare som bes\u00f6ker popul\u00e4ra resorter som Sunny Beach, Nessebar och Sozopol. Motorv\u00e4gen passerar genom den vackra Thrakiska dalen och erbjuder natursk\u00f6na vyer \u00f6ver Balkan- och Rodopbergen.   <\/p>\n\n<h3 class=\"wp-block-heading\">A2 Hemusmotorv\u00e4gen (\u0410\u0432\u0442\u043e\u043c\u0430\u0433\u0438\u0441\u0442\u0440\u0430\u043b\u0430 \u0425\u0435\u043c\u0443\u0441)<\/h3>\n\n<p>F\u00f6rbinder <strong>Sofia med Varna<\/strong>, Bulgariens n\u00e4st st\u00f6rsta stad och en stor hamn vid Svarta havet. F\u00f6r n\u00e4rvarande under uppbyggnad p\u00e5 vissa str\u00e4ckor, men n\u00e4r den \u00e4r klar kommer den att vara cirka 430 km. V\u00e4gen passerar genom den historiska staden Veliko Tarnovo. Detta \u00e4r den f\u00f6redragna rutten f\u00f6r resen\u00e4rer som ska till Golden Sands, Albena och andra norra Svarta havets resorter.   <\/p>\n\n<h3 class=\"wp-block-heading\">A3 Struma-motorv\u00e4gen (\u0410\u0432\u0442\u043e\u043c\u0430\u0433\u0438\u0441\u0442\u0440\u0430\u043b\u0430 \u0421\u0442\u0440\u0443\u043c\u0430)<\/h3>\n\n<p>G\u00e5r fr\u00e5n <strong>Sofia till den grekiska gr\u00e4nsen<\/strong> via Blagoevgrad, l\u00e4ngs Strumaflodens dalg\u00e5ng. Ungef\u00e4r 150 km f\u00e4rdigst\u00e4lld. Denna motorv\u00e4g \u00e4r oumb\u00e4rlig f\u00f6r resen\u00e4rer som ska till Grekland eller de sydv\u00e4stra bulgariska bergen, inklusive den popul\u00e4ra skidorten Bansko.  <\/p>\n\n<h3 class=\"wp-block-heading\">A4 Maritsa motorv\u00e4g (\u0410\u0432\u0442\u043e\u043c\u0430\u0433\u0438\u0441\u0442\u0440\u0430\u043b\u0430 \u041c\u0430\u0440\u0438\u0446\u0430)<\/h3>\n\n<p>F\u00f6rbinder <strong>Plovdiv med den turkiska gr\u00e4nsen<\/strong> vid Kapitan Andreevo. Ungef\u00e4r 117 km. Detta \u00e4r huvudrutten f\u00f6r resen\u00e4rer som ska till Istanbul och Turkiet.  <\/p>\n\n<h2 class=\"wp-block-heading\">\ud83d\udcbb Hur man k\u00f6per bulgarisk e-vinjett<\/h2>\n\n<p>Att k\u00f6pa en bulgarisk e-vignett \u00e4r enkelt. H\u00e4r \u00e4r dina alternativ: <\/p>\n\n<h3 class=\"wp-block-heading\">Alternativ 1: Online via VignetteGo (rekommenderas)<\/h3>\n\n<ol class=\"wp-block-list\">\n<li>Bes\u00f6k <a href=\"https:\/\/vignettego.com\/\" title=\"K&#xF6;p bulgariska e-vinjetter online\">VignetteGo.com<\/a><\/li>\n<li>V\u00e4lj Bulgarien och \u00f6nskad giltighetsperiod<\/li>\n<li>Ange dina fordonsregistreringsuppgifter (registreringsnummer)<\/li>\n<li>Fullst\u00e4ndig s\u00e4ker betalning<\/li>\n<li>F\u00e5 omedelbar bekr\u00e4ftelse \u2013 din vinjett \u00e4r omedelbart g\u00e4ld!<\/li>\n<\/ol>\n\n<p><strong>F\u00f6rdelar med VignetteGo:<\/strong> Flerspr\u00e5kig support, enkelt gr\u00e4nssnitt, m\u00f6jlighet att k\u00f6pa vignetter f\u00f6r flera europeiska l\u00e4nder i en och samma transaktion, kundsupport dygnet runt och omedelbar digital leverans.<\/p>\n\n<h3 class=\"wp-block-heading\">Alternativ 2: Officiell bgtoll.bg webbplats<\/h3>\n\n<p>Den officiella bulgariska v\u00e4gtullsportalen p\u00e5 bgtoll.bg erbjuder direktk\u00f6p. Finns p\u00e5 bulgariska och engelska. <\/p>\n\n<h3 class=\"wp-block-heading\">Alternativ 3: Fysiska f\u00f6rs\u00e4ljningsst\u00e4llen<\/h3>\n\n<p>E-vignetter kan ocks\u00e5 k\u00f6pas p\u00e5:<\/p>\n\n<ul class=\"wp-block-list\">\n<li>Gr\u00e4ns\u00f6verg\u00e5ngar<\/li>\n<li>Bensinstationer \u00f6ver hela Bulgarien<\/li>\n<li>Postkontor<\/li>\n<li>OMV-, Shell- och Lukoil-stationerna<\/li>\n<\/ul>\n\n<div style=\"height:25px\" aria-hidden=\"true\" class=\"wp-block-spacer\"><\/div>\n\n<div class=\"wp-block-buttons is-content-justification-center is-layout-flex wp-container-core-buttons-is-layout-a89b3969 wp-block-buttons-is-layout-flex\">\n<div class=\"wp-block-button\"><a class=\"wp-block-button__link wp-element-button\" href=\"https:\/\/vignettego.com\/\" style=\"background-color:#ff6600;color:#ffffff;padding:15px 30px;font-size:18px;border-radius:8px;\">\ud83d\uded2 K\u00f6p bulgarisk e-vignett nu \u2013 omedelbar leverans<\/a><\/div>\n<\/div>\n\n<div style=\"height:25px\" aria-hidden=\"true\" class=\"wp-block-spacer\"><\/div>\n\n<h2 class=\"wp-block-heading\">\u26a0\ufe0f B\u00f6ter f\u00f6r k\u00f6rning utan vignett i Bulgarien<\/h2>\n\n<p>De bulgariska myndigheterna tar avgifts\u00f6vertr\u00e4delser p\u00e5 st\u00f6rsta allvar. Om du blir p\u00e5kommen med att k\u00f6ra p\u00e5 avgiftsbelagda v\u00e4gar utan giltig e-vignett riskerar du betydande p\u00e5f\u00f6ljder: <\/p>\n\n<ul class=\"wp-block-list\">\n<li><strong>F\u00f6rsta \u00f6vertr\u00e4delsen:<\/strong> 300 BGN (~150 EUR)<\/li>\n<li><strong>Upprepade \u00f6vertr\u00e4delser:<\/strong> Upp till 3 000 BGN (~1 500 EUR)<\/li>\n<li><strong>Kommersiella fordon:<\/strong> H\u00f6gre b\u00f6ter g\u00e4ller<\/li>\n<\/ul>\n\n<p><strong>Viktigt:<\/strong> Tillsyn sker automatiskt via kameror som l\u00e4ser registreringsskyltar. Du kanske inte stoppas omedelbart\u2014b\u00f6ter kan utf\u00e4rdas dagar eller veckor efter \u00f6vertr\u00e4delsen och kan skickas till ditt hemland. Med en helgvignett som kostar bara 5 euro finns det absolut ingen anledning att riskera en b\u00f6ter p\u00e5 150+ EUR!  <\/p>\n\n<h2 class=\"wp-block-heading\">\ud83d\uddfa\ufe0f Popul\u00e4ra bulgariska roadtrip-rutter<\/h2>\n\n<h3 class=\"wp-block-heading\">Sofia till Sunny Beach \/ Burgas (Svarta havskusten)<\/h3>\n\n<p><strong>Avst\u00e5nd:<\/strong> ~400 km | <strong>Varaktighet:<\/strong> 4\u20134,5 timmar | <strong>Rutt:<\/strong> A1 Trakiya-motorv\u00e4gen<\/p>\n\n<p>Den mest popul\u00e4ra rutten f\u00f6r strandsemester. Motorv\u00e4gen A1 erbjuder utm\u00e4rkta v\u00e4gf\u00f6rh\u00e5llanden hela v\u00e4gen \u00e4nda till kusten. Stanna till i <strong>Plovdiv<\/strong> l\u00e4ngs v\u00e4gen f\u00f6r att utforska en av Europas \u00e4ldsta kontinuerligt bebodda st\u00e4der, med sin vackra gamla stan och romerska amfiteater.  <\/p>\n\n<h3 class=\"wp-block-heading\">Sofia till Varna \/ Gyllene Sandar<\/h3>\n\n<p><strong>Avst\u00e5nd:<\/strong> ~450 km | <strong>Varaktighet:<\/strong> 5-6 timmar | <strong>Rutt:<\/strong> A2 Hemus (delvis) + E85<\/p>\n\n<p>\u00c5k till Bulgariens norra Svartahavskust och semesterorterna runt Varna. \u00d6verv\u00e4g att stanna till i <strong>Veliko Tarnovo<\/strong>, den medeltida huvudstaden med sin imponerande f\u00e4stning Tsarevets. <\/p>\n\n<h3 class=\"wp-block-heading\">Sofia till Bansko (skidort)<\/h3>\n\n<p><strong>Distans:<\/strong> ~160 km | <strong>Varaktighet:<\/strong> 2\u20132,5 timmar | <strong>Rutt:<\/strong> A3 Struma + lokala v\u00e4gar<\/p>\n\n<p>Bulgariens fr\u00e4msta skiddestination erbjuder utm\u00e4rkta backar och betydligt l\u00e4gre priser \u00e4n v\u00e4steuropeiska skidorter. Den charmiga gamla staden Bansko har traditionella v\u00e4rdshus (mehanas) med levande folkmusik. <\/p>\n\n<h3 class=\"wp-block-heading\">Sofia till Plovdiv<\/h3>\n\n<p><strong>Distans:<\/strong> ~150 km | <strong>Varaktighet:<\/strong> 1,5\u20132 timmar | <strong>Rutt:<\/strong> A1 Trakiya<\/p>\n\n<p>En snabb resa till Bulgariens n\u00e4st st\u00f6rsta stad och Europas kulturhuvudstad 2019. Missa inte den romerska stadion, antika teatern och den f\u00e4rgglada gamla stan. <\/p>\n\n<div style=\"height:25px\" aria-hidden=\"true\" class=\"wp-block-spacer\"><\/div>\n\n<div class=\"wp-block-buttons is-content-justification-center is-layout-flex wp-container-core-buttons-is-layout-a89b3969 wp-block-buttons-is-layout-flex\">\n<div class=\"wp-block-button\"><a class=\"wp-block-button__link wp-element-button\" href=\"https:\/\/vignettego.com\/\" style=\"background-color:#9c27b0;color:#ffffff;padding:15px 30px;font-size:18px;border-radius:8px;\">\ud83c\udf0d Planera din europeiska roadtrip med VignetteGo<\/a><\/div>\n<\/div>\n\n<div style=\"height:25px\" aria-hidden=\"true\" class=\"wp-block-spacer\"><\/div>\n\n<h2 class=\"wp-block-heading\">\ud83d\udca1 Tips f\u00f6r bulgarisk k\u00f6rning f\u00f6r 2026<\/h2>\n\n<h3 class=\"wp-block-heading\">Valuta och betalningar<\/h3>\n\n<p>Bulgarien anv\u00e4nder <strong>den bulgariska lev (BGN).<\/strong> \u00c4ven om Bulgarien \u00e4r EU-medlem har landet \u00e4nnu inte antagit euron. Kreditkort accepteras i stor utstr\u00e4ckning p\u00e5 bensinstationer och i st\u00e4der, men b\u00e4r med sig viss kontanter f\u00f6r mindre verksamheter och avgifter vid fysiska ink\u00f6psst\u00e4llen. V\u00e4xelkurs: cirka 1 EUR = 1,95 BGN.   <\/p>\n\n<h3 class=\"wp-block-heading\">Hastighetsbegr\u00e4nsningar<\/h3>\n\n<ul class=\"wp-block-list\">\n<li><strong>Motorv\u00e4gar:<\/strong> 140 km\/h<\/li>\n<li><strong>Huvudv\u00e4gar utanf\u00f6r st\u00e4der:<\/strong> 90 km\/h<\/li>\n<li><strong>Stadsomr\u00e5den:<\/strong> 50 km\/h<\/li>\n<li><strong>Bostadsomr\u00e5den:<\/strong> 20\u201330 km\/h<\/li>\n<\/ul>\n\n<p><strong>Notera:<\/strong> Fartkameror \u00e4r vanliga p\u00e5 bulgariska motorv\u00e4gar. B\u00f6ter f\u00f6r fortk\u00f6rning kan vara betydande. <\/p>\n\n<h3 class=\"wp-block-heading\">Br\u00e4nslepriser<\/h3>\n\n<p>Bulgarien har n\u00e5gra av de l\u00e4gsta br\u00e4nslepriserna i EU, vilket g\u00f6r landet till ett prisv\u00e4rt land f\u00f6r bilresor. Stora br\u00e4nslekedjor inkluderar OMV, Shell, Lukoil och Petrol. <\/p>\n\n<h3 class=\"wp-block-heading\">V\u00e4gf\u00f6rh\u00e5llanden<\/h3>\n\n<p>Motorv\u00e4garna \u00e4r generellt i utm\u00e4rkt skick. Sekund\u00e4ra v\u00e4gar varierar i kvalitet \u2013 vissa bergsv\u00e4gar kan vara utmanande, s\u00e4rskilt p\u00e5 vintern. Vinterd\u00e4ck \u00e4r obligatoriska fr\u00e5n 15 november till 1 mars.  <\/p>\n\n<h2 class=\"wp-block-heading\" id=\"faq-section\">\u2753 Vanliga fr\u00e5gor<\/h2>\n\n<h3 class=\"wp-block-heading\">Hur l\u00e4nge \u00e4r den bulgariska e-vinjnetten giltig?<\/h3>\n\n<p>Giltigheten beror p\u00e5 vilken typ du k\u00f6per: helg (fredag middag till s\u00f6ndag midnatt), 7 dagar, 1 m\u00e5nad, 3 m\u00e5nader eller \u00e5rlig. Vinjnetten blir aktuell omedelbart vid k\u00f6p eller fr\u00e5n ett angivet startdatum. <\/p>\n\n<h3 class=\"wp-block-heading\">Kan jag anv\u00e4nda den bulgariska vinjnetten i andra l\u00e4nder?<\/h3>\n\n<p>Nej, den bulgariska e-vinjnetten g\u00e4ller endast i Bulgarien. F\u00f6r resor genom flera l\u00e4nder, bes\u00f6k <a href=\"https:\/\/vignettego.com\/\" title=\"Vignetter om europeiska motorv&#xE4;gar\">VignetteGo<\/a> f\u00f6r att k\u00f6pa vinjetter f\u00f6r alla l\u00e4nder p\u00e5 din rutt. <\/p>\n\n<h3 class=\"wp-block-heading\">Vad h\u00e4nder om jag anger fel registreringsnummer?<\/h3>\n\n<p>Dubbelkolla dina registreringsuppgifter innan du bekr\u00e4ftar k\u00f6pet. Om du g\u00f6r ett misstag kan du beh\u00f6va k\u00f6pa en ny vinjett \u2013 \u00e5terbetalningar f\u00f6r felaktig data \u00e4r i allm\u00e4nhet inte m\u00f6jliga. <\/p>\n\n<h3 class=\"wp-block-heading\">Finns det n\u00e5gra avgiftsfria alternativ i Bulgarien?<\/h3>\n\n<p>Ja, du kan anv\u00e4nda sekund\u00e4ra v\u00e4gar (klass II och III) utan vinjetter, men dessa \u00e4r l\u00e5ngsammare och ofta i s\u00e4mre skick. F\u00f6r alla betydande str\u00e4ckor \u00e4r motorv\u00e4garna med vinjett betydligt snabbare och s\u00e4krare. <\/p>\n\n<h3 class=\"wp-block-heading\">Beh\u00f6ver jag n\u00e5got mer f\u00f6r att k\u00f6ra i Bulgarien?<\/h3>\n\n<p>F\u00f6rutom e-vignetten, se till att du har: giltigt k\u00f6rkort, registreringsbevis, f\u00f6rs\u00e4kringsbevis (Green Card), varningstriangel, f\u00f6rsta hj\u00e4lpen-kit och reflektiv v\u00e4st. Str\u00e5lkastarna m\u00e5ste vara t\u00e4nda hela tiden under k\u00f6rning. <\/p>\n\n<div style=\"height:25px\" aria-hidden=\"true\" class=\"wp-block-spacer\"><\/div>\n\n<div class=\"wp-block-buttons is-content-justification-center is-layout-flex wp-container-core-buttons-is-layout-a89b3969 wp-block-buttons-is-layout-flex\">\n<div class=\"wp-block-button\"><a class=\"wp-block-button__link wp-element-button\" href=\"https:\/\/vignettego.com\/\" style=\"background-color:#e91e63;color:#ffffff;padding:15px 30px;font-size:18px;border-radius:8px;\">\ud83d\ude97 F\u00e5 dina europeiska motorv\u00e4gsvignetter p\u00e5 VignetteGo \u2192<\/a><\/div>\n<\/div>\n\n<div style=\"height:25px\" aria-hidden=\"true\" class=\"wp-block-spacer\"><\/div>\n\n<h2 class=\"wp-block-heading\">\ud83c\udfd6\ufe0f Varf\u00f6r bes\u00f6ka Bulgarien?<\/h2>\n\n<p>Bulgarien erbjuder otroligt v\u00e4rde f\u00f6r resen\u00e4rer, med fantastisk natursk\u00f6nhet, rik historia och varm g\u00e4stfrihet \u2013 allt till priser betydligt l\u00e4gre \u00e4n V\u00e4steuropa. H\u00e4r \u00e4r vad som g\u00f6r Bulgarien speciellt: <\/p>\n\n<ul class=\"wp-block-list\">\n<li><strong>Svartahavskusten:<\/strong> Vackra str\u00e4nder, livliga resorter som Sunny Beach och Golden Sands, och historiska st\u00e4der som Nessebar (UNESCO v\u00e4rldsarv)<\/li>\n<li><strong>Bergsresorter:<\/strong> Prisv\u00e4rd skid\u00e5kning i Bansko, Borovets och Pamporovo<\/li>\n<li><strong>Forntida historia:<\/strong> Thrakiska gravar, romerska ruiner, medeltida f\u00e4stningar<\/li>\n<li><strong>Vinlandet:<\/strong> Bulgarien \u00e4r en av v\u00e4rldens \u00e4ldsta vinproducerande regioner<\/li>\n<li><strong>Sofia:<\/strong> En dynamisk huvudstad med en fascinerande blandning av antik, ottomansk, sovjetisk och modern arkitektur<\/li>\n<li><strong>Prisv\u00e4rda priser:<\/strong> En av de mest budgetv\u00e4nliga destinationerna i EU<\/li>\n<\/ul>\n\n<h2 class=\"wp-block-heading\">\ud83d\udccd Slutsats<\/h2>\n\n<p>Bulgariens elektroniska vinjettersystem \u00e4r enkelt och prisv\u00e4rt. Med alternativ som str\u00e4cker sig fr\u00e5n ett helgpass p\u00e5 5 euro till en \u00e5rlig vinjett f\u00f6r 50 euro kan du utforska detta vackra land utan att spr\u00e4cka budgeten. Det unika helgvignettalternativet g\u00f6r Bulgarien perfekt f\u00f6r spontana utflykter till Svartahavskusten.  <\/p>\n\n<p>F\u00f6r den mest bekv\u00e4ma k\u00f6pupplevelsen och f\u00f6r att f\u00e5 vinjetter f\u00f6r flera europeiska l\u00e4nder i en och samma transaktion, anv\u00e4nd <a href=\"https:\/\/vignettego.com\/\" title=\"VignetteGo &#x2013; Din k&#xE4;lla f&#xF6;r europeiska motorv&#xE4;gsvinjetter\">VignetteGo<\/a>. K\u00f6pet tar bara n\u00e5gra minuter, och din vinjett \u00e4r omedelbar v\u00e4rdefull. <\/p>\n\n<p><strong>Njut av din bulgariska roadtrip! \ud83c\udde7\ud83c\uddec\ud83c\udfd6\ufe0f <\/strong><\/p>\n\n<p><strong>Relaterade guider:<\/strong> <a href=\"https:\/\/vignettego.com\/highway-vignette-europe\/sv\/rumanien-motorvagsvinjett-2026\/\">Rum\u00e4nien Rovinieta<\/a> | <a href=\"https:\/\/vignettego.com\/highway-vignette-europe\/sv\/ungern-motorvagsvinjett-2026\/\">Ungern E-Matrica<\/a> | <a href=\"https:\/\/vignettego.com\/\">Alla europeiska vinjetter<\/a><\/p>\n","protected":false},"excerpt":{"rendered":"<p>Planerar du en roadtrip till Bulgarien 2026? Oavsett om du \u00e4r p\u00e5 v\u00e4g till de soliga str\u00e4nderna vid Svarta havet, utforskar forntida thrakiska ruiner, uppt\u00e4cker Sofias livfulla kultur eller \u00e5ker skidor i de fantastiska bergsresorterna, \u00e4r det avg\u00f6rande att f\u00f6rst\u00e5 det bulgariska v\u00e4gtullsystemet. Bulgarien driver ett helt elektroniskt vinjettersystem (e-vignett) med n\u00e5gra unika alternativ, inklusive [&hellip;]<\/p>\n","protected":false},"author":0,"featured_media":0,"parent":0,"menu_order":0,"comment_status":"closed","ping_status":"closed","template":"","meta":{"footnotes":""},"class_list":["post-1170","page","type-page","status-publish","hentry"],"_links":{"self":[{"href":"https:\/\/vignettego.com\/highway-vignette-europe\/sv\/wp-json\/wp\/v2\/pages\/1170","targetHints":{"allow":["GET"]}}],"collection":[{"href":"https:\/\/vignettego.com\/highway-vignette-europe\/sv\/wp-json\/wp\/v2\/pages"}],"about":[{"href":"https:\/\/vignettego.com\/highway-vignette-europe\/sv\/wp-json\/wp\/v2\/types\/page"}],"replies":[{"embeddable":true,"href":"https:\/\/vignettego.com\/highway-vignette-europe\/sv\/wp-json\/wp\/v2\/comments?post=1170"}],"version-history":[{"count":3,"href":"https:\/\/vignettego.com\/highway-vignette-europe\/sv\/wp-json\/wp\/v2\/pages\/1170\/revisions"}],"predecessor-version":[{"id":1355,"href":"https:\/\/vignettego.com\/highway-vignette-europe\/sv\/wp-json\/wp\/v2\/pages\/1170\/revisions\/1355"}],"wp:attachment":[{"href":"https:\/\/vignettego.com\/highway-vignette-europe\/sv\/wp-json\/wp\/v2\/media?parent=1170"}],"curies":[{"name":"wp","href":"https:\/\/api.w.org\/{rel}","templated":true}]}}