{"id":1168,"date":"2026-01-04T01:39:43","date_gmt":"2026-01-04T01:39:43","guid":{"rendered":"https:\/\/vignettego.com\/highway-vignette-europe\/rumanien-motorvagsvinjett-2026\/"},"modified":"2026-01-04T12:41:53","modified_gmt":"2026-01-04T12:41:53","slug":"rumanien-motorvagsvinjett-2026","status":"publish","type":"page","link":"https:\/\/vignettego.com\/highway-vignette-europe\/sv\/rumanien-motorvagsvinjett-2026\/","title":{"rendered":"Rum\u00e4nien Highway Vignette 2026: Komplett Rovinieta-guide"},"content":{"rendered":"\n<script type=\"application\/ld+json\">{\n    \"@context\": \"https:\/\/schema.org\",\n    \"@graph\": [\n        {\n            \"@type\": \"Article\",\n            \"@id\": \"https:\/\/vignettego.com\/highway-vignette-europe\/romania-highway-vignette-guide\/#article\",\n            \"headline\": \"Romania Highway Vignette 2026: Complete Rovinieta Guide\",\n            \"description\": \"Everything about Romanian electronic highway vignettes (Rovinieta). Europe most affordable toll system! Learn about pricing, validity, Transylvania routes, and the famous Transf\u0103g\u0103r\u0103\u0219an road.\",\n            \"image\": \"https:\/\/vignettego.com\/highway-vignette-europe\/wp-content\/uploads\/2026\/09\/Highway-Vignette-Europe.jpg\",\n            \"datePublished\": \"2026-01-04\",\n            \"dateModified\": \"2026-01-04\",\n            \"author\": {\"@type\": \"Organization\", \"name\": \"VignetteGo\", \"url\": \"https:\/\/vignettego.com\"},\n            \"publisher\": {\"@type\": \"Organization\", \"name\": \"VignetteGo\"},\n            \"mainEntityOfPage\": {\"@type\": \"WebPage\", \"@id\": \"https:\/\/vignettego.com\/highway-vignette-europe\/romania-highway-vignette-guide\/\"},\n            \"articleSection\": \"Highway Vignettes\",\n            \"keywords\": [\"Romania vignette\", \"Rovinieta\", \"Romania highway toll\", \"Romanian motorway pass\", \"Transylvania road trip\", \"Transfagarasan\"],\n            \"inLanguage\": \"en\",\n            \"speakable\": {\"@type\": \"SpeakableSpecification\", \"cssSelector\": [\".article-intro\", \"#faq-section\"]}\n        },\n        {\n            \"@type\": \"BreadcrumbList\",\n            \"itemListElement\": [\n                {\"@type\": \"ListItem\", \"position\": 1, \"name\": \"VignetteGo\", \"item\": \"https:\/\/vignettego.com\/\"},\n                {\"@type\": \"ListItem\", \"position\": 2, \"name\": \"Highway Vignette Europe\", \"item\": \"https:\/\/vignettego.com\/highway-vignette-europe\/\"},\n                {\"@type\": \"ListItem\", \"position\": 3, \"name\": \"Romania Guide\", \"item\": \"https:\/\/vignettego.com\/highway-vignette-europe\/romania-highway-vignette-guide\/\"}\n            ]\n        },\n        {\n            \"@type\": \"FAQPage\",\n            \"mainEntity\": [\n                {\"@type\": \"Question\", \"name\": \"How much does the Romanian Rovinieta cost?\", \"acceptedAnswer\": {\"@type\": \"Answer\", \"text\": \"The Romanian Rovinieta is Europe cheapest highway vignette! A 7-day vignette costs approximately EUR 3.50, 30-day costs EUR 7, and annual costs just EUR 28.\"}},\n                {\"@type\": \"Question\", \"name\": \"Where can I buy the Romanian Rovinieta?\", \"acceptedAnswer\": {\"@type\": \"Answer\", \"text\": \"You can buy the Rovinieta online at VignetteGo or the official roviniete.ro website, or at gas stations and border crossings in Romania. Online purchase is recommended for convenience.\"}},\n                {\"@type\": \"Question\", \"name\": \"Is the Transf\u0103g\u0103r\u0103\u0219an road toll-free?\", \"acceptedAnswer\": {\"@type\": \"Answer\", \"text\": \"Yes, the Transf\u0103g\u0103r\u0103\u0219an (DN7C) is a national road, not a motorway, so no Rovinieta is needed specifically for it. However, you will likely use toll roads to reach it, so a Rovinieta is still recommended.\"}},\n                {\"@type\": \"Question\", \"name\": \"What are the fines for driving without Rovinieta?\", \"acceptedAnswer\": {\"@type\": \"Answer\", \"text\": \"Fines for driving without a valid Rovinieta range from EUR 50-200 depending on how far you traveled without one. With a 7-day vignette costing just EUR 3.50, there is no reason to risk a fine.\"}},\n                {\"@type\": \"Question\", \"name\": \"Which roads require Rovinieta in Romania?\", \"acceptedAnswer\": {\"@type\": \"Answer\", \"text\": \"The Rovinieta is required on all national roads (DN roads) and motorways (autostrada) in Romania. This includes the A1, A2, A3, A10, and all DN-numbered roads.\"}}\n            ]\n        }\n    ]\n}\n<\/script>\n\n<figure class=\"wp-block-image aligncenter size-large\"><img decoding=\"async\" src=\"https:\/\/vignettego.com\/highway-vignette-europe\/wp-content\/uploads\/2026\/09\/Highway-Vignette-Europe.jpg\" alt=\"Rum&#xE4;nien Rovinieta 2026 - Komplett guide till rum&#xE4;nska motorv&#xE4;gsvignettsystem\" style=\"width:100%; height:auto; margin-bottom:20px;\"\/><\/figure>\n\n<p class=\"article-intro\">Rum\u00e4nien erbjuder n\u00e5gra av Europas mest spektakul\u00e4ra resm\u00e5l \u2013 fr\u00e5n de legendariska slotten i Transsylvanien till de fantastiska Svartahavsstr\u00e4nderna, de majest\u00e4tiska Karpaterna till det unika Donaudeltat. Och h\u00e4r \u00e4r de b\u00e4sta nyheterna: Rum\u00e4nien har <strong>Europas mest prisv\u00e4rda motorv\u00e4gsvignett,<\/strong> kallad <strong>Rovinieta<\/strong>. F\u00f6r bara n\u00e5gra euro f\u00f6r en vecka \u00e4r det otroligt budgetv\u00e4nligt att utforska Rum\u00e4nien med bil. Denna omfattande guide t\u00e4cker allt du beh\u00f6ver veta om rum\u00e4nska avgiftsv\u00e4gar \u00e5r 2026, inklusive den ber\u00f6mda Transf\u0103g\u0103r\u0103\u0219an \u2013 en av v\u00e4rldens b\u00e4sta bilv\u00e4gar.   <\/p>\n\n<div style=\"height:25px\" aria-hidden=\"true\" class=\"wp-block-spacer\"><\/div>\n\n<div class=\"wp-block-buttons is-content-justification-center is-layout-flex wp-container-core-buttons-is-layout-a89b3969 wp-block-buttons-is-layout-flex\">\n<div class=\"wp-block-button\"><a class=\"wp-block-button__link wp-element-button\" href=\"https:\/\/vignettego.com\/\" style=\"background-color:#0066cc;color:#ffffff;padding:15px 30px;font-size:18px;border-radius:8px;\">\ud83d\ude97 F\u00e5 din rum\u00e4nska Rovinieta p\u00e5 VignetteGo<\/a><\/div>\n<\/div>\n\n<div style=\"height:25px\" aria-hidden=\"true\" class=\"wp-block-spacer\"><\/div>\n\n<h2 class=\"wp-block-heading\">\ud83c\uddf7\ud83c\uddf4 Vad \u00e4r den rum\u00e4nska rovinieta?<\/h2>\n\n<p>Rum\u00e4nien driver ett <strong>tidsbaserat elektroniskt tullsystem<\/strong> kallat <strong>Rovinieta<\/strong> (fr\u00e5n &#8220;v\u00e4gvignett&#8221; p\u00e5 rum\u00e4nska). Systemet \u00e4r helt digitalt \u2013 din registreringsskylt registreras i en central databas och verifieras av \u00f6vervakningskameror \u00f6ver hela landet. Ingen fysisk klisterlapp beh\u00f6vs; Allt \u00e4r elektroniskt.  <\/p>\n\n<p>Rovinieta t\u00e4cker alla nationella v\u00e4gar (DN &#8211; drum na\u021bional) och motorv\u00e4gar (autostrad\u0103) i Rum\u00e4nien. Systemet f\u00f6rvaltas av CNAIR (Compania Na\u021bional\u0103 de Administrare a Infrastructurii Rutiere), och vinjetter kan k\u00f6pas online, vilket g\u00f6r det mycket bekv\u00e4mt f\u00f6r bes\u00f6kare. <\/p>\n\n<h2 class=\"wp-block-heading\">\ud83d\udccb Rum\u00e4nska Rovinieta Priser 2026 \ud83d\udcb0 BILLIGAST I EUROPA!<\/h2>\n\n<p>Rum\u00e4nien erbjuder de <strong>mest prisv\u00e4rda motorv\u00e4gsvignettpriserna i hela Europa<\/strong>. H\u00e4r \u00e4r varf\u00f6r Rum\u00e4nien borde ligga h\u00f6gst upp p\u00e5 varje budgetlista f\u00f6r roadtripper: <\/p>\n\n<figure class=\"wp-block-table\"><table><thead><tr><th>Giltighetsperiod<\/th><th>Bilar (upp till 3,5 ton)<\/th><th>Motorcyklar<\/th><\/tr><\/thead><tbody><tr><td><strong>7 dagar<\/strong><\/td><td>~EUR 3,50<\/td><td>~\u20ac 1,80<\/td><\/tr><tr><td><strong>30 dagar<\/strong><\/td><td>~EUR 7,00<\/td><td>~EUR 3,50<\/td><\/tr><tr><td><strong>90 dagar<\/strong><\/td><td>~13,00 EUR<\/td><td>~EUR 6,50<\/td><\/tr><tr><td><strong>\u00c5rlig<\/strong><\/td><td>~\u20ac 28,00<\/td><td>~\u20ac 14,00<\/td><\/tr><\/tbody><\/table><\/figure>\n\n<p><strong>Ja, du l\u00e4ste r\u00e4tt!<\/strong>  En vecka med obegr\u00e4nsad k\u00f6rning p\u00e5 alla rum\u00e4nska riksv\u00e4gar och motorv\u00e4gar f\u00f6r bara 3,50 euro. J\u00e4mf\u00f6r detta med Schweiz (40 euro f\u00f6r den \u00e5rliga vignetten, inga kortare alternativ) eller \u00d6sterrike (11,50 euro f\u00f6r 10 dagar), s\u00e5 f\u00f6rst\u00e5r du varf\u00f6r Rum\u00e4nien \u00e4r en dr\u00f6m f\u00f6r roadtrippers. <\/p>\n\n<div style=\"height:25px\" aria-hidden=\"true\" class=\"wp-block-spacer\"><\/div>\n\n<div class=\"wp-block-buttons is-content-justification-center is-layout-flex wp-container-core-buttons-is-layout-a89b3969 wp-block-buttons-is-layout-flex\">\n<div class=\"wp-block-button\"><a class=\"wp-block-button__link wp-element-button\" href=\"https:\/\/vignettego.com\/\" style=\"background-color:#28a745;color:#ffffff;padding:15px 30px;font-size:18px;border-radius:8px;\">\u2705 F\u00e5 dina europeiska vinjetter \u2013 i alla l\u00e4nder \u2013 p\u00e5 VignetteGo<\/a><\/div>\n<\/div>\n\n<div style=\"height:25px\" aria-hidden=\"true\" class=\"wp-block-spacer\"><\/div>\n\n<h2 class=\"wp-block-heading\">\ud83d\udee3\ufe0f Rum\u00e4nska v\u00e4gn\u00e4tet<\/h2>\n\n<p>Rum\u00e4nien har snabbt ut\u00f6kat sitt motorv\u00e4gsn\u00e4t, \u00e4ven om stora delar av landet fortfarande trafikeras av nationella v\u00e4gar (DN-v\u00e4gar). H\u00e4r \u00e4r huvudrutterna: <\/p>\n\n<h3 class=\"wp-block-heading\">A1 \u2013 Bukarest till Pite\u0219ti och vidare<\/h3>\n\n<p>Den \u00e4ldsta rum\u00e4nska motorv\u00e4gen, som f\u00f6rbinder <strong>Bukarest med Pite\u0219ti<\/strong> (ungef\u00e4r 110 km). F\u00f6rl\u00e4ngningar mot Sibiu p\u00e5g\u00e5r. Detta \u00e4r huvudv\u00e4gen mot Transsylvanien fr\u00e5n Bukarest, med anslutning till DN7 och DN1 f\u00f6r vidare resa.  <\/p>\n\n<h3 class=\"wp-block-heading\">A2 \u2013 Bukarest till Constan\u021ba (Solmotorv\u00e4gen)<\/h3>\n\n<p><strong>Autostrada Soarelui<\/strong> (Solmotorv\u00e4gen) f\u00f6rbinder <strong>Bukarest med Constan\u021ba<\/strong> och Svarta havets kust. Ungef\u00e4r 200 km. Detta \u00e4r huvudv\u00e4gen f\u00f6r strandsemestrar till Mamaia, Constan\u021ba, Vama Veche och andra kustorter.  <\/p>\n\n<h3 class=\"wp-block-heading\">A3 \u2013 Transsylvaniens motorv\u00e4g (under byggnation)<\/h3>\n\n<p>N\u00e4r den \u00e4r klar kommer den att f\u00f6rbinda Bukarest med Bra\u0219ov och forts\u00e4tta genom Transsylvanien till den ungerska gr\u00e4nsen. F\u00f6r n\u00e4rvarande \u00e4r flera sektioner \u00f6ppna, bland annat runt Turda och Cluj-Napoca. <\/p>\n\n<h3 class=\"wp-block-heading\">A10 \u2013 Sebe\u0219 till Turda<\/h3>\n\n<p>En del av den framtida Transsylvanien-korridoren, som f\u00f6rbinder viktiga st\u00e4der i centrala Rum\u00e4nien.<\/p>\n\n<h3 class=\"wp-block-heading\">DN1 \u2013 Den klassiska Transsylvanienrutten<\/h3>\n\n<p>Den legendariska <strong>DN1 (E60)<\/strong> f\u00f6rbinder Bukarest med Bra\u0219ov och forts\u00e4tter genom Transsylvaniens hj\u00e4rta till Sibiu, Alba Iulia, Cluj-Napoca och vidare till Ungern. Denna historiska v\u00e4g passerar genom fantastisk bergslandskap och medeltida st\u00e4der. <\/p>\n\n<h2 class=\"wp-block-heading\">\ud83c\udfd4\ufe0f Transf\u0103g\u0103r\u0103\u0219an \u2013 V\u00e4rldens b\u00e4sta bilv\u00e4g<\/h2>\n\n<p><strong>Transf\u0103g\u0103r\u0103\u0219an-motorv\u00e4gen (DN7C)<\/strong> har kallats &#8220;v\u00e4rldens b\u00e4sta v\u00e4g&#8221; av Top Gear. Denna spektakul\u00e4ra bergsv\u00e4g korsar F\u0103g\u0103ra\u0219-bergen p\u00e5 2 042 meters h\u00f6jd och bjuder p\u00e5 dramatiska h\u00e5rn\u00e5lskurvor, tunnlar och hisnande vyer. <\/p>\n\n<p><strong>Viktig information:<\/strong><\/p>\n\n<ul class=\"wp-block-list\">\n<li><strong>L\u00e4ngd:<\/strong> Ungef\u00e4r 90 km bergsv\u00e4g<\/li>\n<li><strong>\u00d6ppna:<\/strong> Vanligtvis fr\u00e5n slutet av juni till slutet av oktober (v\u00e4derberoende beroende p\u00e5 v\u00e4dret)<\/li>\n<li><strong>Rutt:<\/strong> F\u00f6rbinder Curtea de Arge\u0219 med Sibiu via F\u0103g\u0103ra\u0219-bergen<\/li>\n<li><strong>H\u00f6jdpunkter:<\/strong> B\u00e2lea-sj\u00f6n (glaci\u00e4rsj\u00f6 p\u00e5 toppen), B\u00e2lea-vattenfallet, fantastisk alpin natur<\/li>\n<li><strong>Avgift:<\/strong> Transf\u0103g\u0103r\u0103\u0219an \u00e4r en nationell v\u00e4g (DN), s\u00e5 det finns ingen extra tull bortom Rovinieta<\/li>\n<\/ul>\n\n<p><strong>Proffstips:<\/strong> V\u00e4gen \u00e4r mycket popul\u00e4r p\u00e5 sommaren. B\u00f6rja tidigt p\u00e5 morgonen f\u00f6r att undvika folkmassor och njuta av det b\u00e4sta fotoljuset. <\/p>\n\n<div style=\"height:25px\" aria-hidden=\"true\" class=\"wp-block-spacer\"><\/div>\n\n<div class=\"wp-block-buttons is-content-justification-center is-layout-flex wp-container-core-buttons-is-layout-a89b3969 wp-block-buttons-is-layout-flex\">\n<div class=\"wp-block-button\"><a class=\"wp-block-button__link wp-element-button\" href=\"https:\/\/vignettego.com\/\" style=\"background-color:#ff6600;color:#ffffff;padding:15px 30px;font-size:18px;border-radius:8px;\">\ud83d\uded2 K\u00f6p rum\u00e4nska Rovinieta nu \u2013 bara 3,50 euro f\u00f6r 7 dagar!<\/a><\/div>\n<\/div>\n\n<div style=\"height:25px\" aria-hidden=\"true\" class=\"wp-block-spacer\"><\/div>\n\n<h2 class=\"wp-block-heading\">\ud83d\udcbb Hur man k\u00f6per rum\u00e4nsk Rovinieta<\/h2>\n\n<p>Att k\u00f6pa en rum\u00e4nsk Rovinieta \u00e4r enkelt:<\/p>\n\n<h3 class=\"wp-block-heading\">Alternativ 1: Online via VignetteGo (rekommenderas)<\/h3>\n\n<ol class=\"wp-block-list\">\n<li>Bes\u00f6k <a href=\"https:\/\/vignettego.com\/\" title=\"K&#xF6;p rum&#xE4;nsk Rovinieta online\">VignetteGo.com<\/a><\/li>\n<li>V\u00e4lj Rum\u00e4nien och din \u00f6nskade giltighetsperiod<\/li>\n<li>Ange dina fordonsregistreringsuppgifter (registreringsnummer)<\/li>\n<li>Fullst\u00e4ndig s\u00e4ker betalning<\/li>\n<li>F\u00e5 omedelbar bekr\u00e4ftelse \u2013 giltigt omedelbart!<\/li>\n<\/ol>\n\n<h3 class=\"wp-block-heading\">Alternativ 2: Officiell roviniete.ro webbplats<\/h3>\n\n<p>Den officiella rum\u00e4nska v\u00e4gmyndighetens webbplats erbjuder direktk\u00f6p p\u00e5 rum\u00e4nska och engelska.<\/p>\n\n<h3 class=\"wp-block-heading\">Alternativ 3: Fysiska f\u00f6rs\u00e4ljningsst\u00e4llen<\/h3>\n\n<p>Rovinieta kan k\u00f6pas vid gr\u00e4ns\u00f6verg\u00e5ngar, bensinstationer (Petrom, OMV, Mol, Rompetrol) och rum\u00e4nska postkontor.<\/p>\n\n<h2 class=\"wp-block-heading\">\u26a0\ufe0f B\u00f6ter f\u00f6r k\u00f6rning utan Rovinieta<\/h2>\n\n<p>Trots det otroligt l\u00e5ga priset f\u00f6rs\u00f6ker vissa resen\u00e4rer undvika att k\u00f6pa Rovinieta. Detta \u00e4r ett misstag \u2013 b\u00f6ter verkst\u00e4lls: <\/p>\n\n<ul class=\"wp-block-list\">\n<li><strong>Standardb\u00f6ter:<\/strong> 50\u2013200 euro beroende p\u00e5 f\u00e4rdstr\u00e4ckan<\/li>\n<li><strong>Tillsyn:<\/strong> Automatiska kamerasystem \u00f6ver hela landet<\/li>\n<\/ul>\n\n<p><strong>Med ett veckopass som kostar 3,50 euro j\u00e4mf\u00f6rt med en potentiell b\u00f6ter p\u00e5 200 euro \u00e4r valet sj\u00e4lvklart!<\/strong><\/p>\n\n<h2 class=\"wp-block-heading\">\ud83d\uddfa\ufe0f Popul\u00e4ra rum\u00e4nska roadtrip-rutter<\/h2>\n\n<h3 class=\"wp-block-heading\">Bukarest till Bra\u0219ov (Porten till Transsylvanien)<\/h3>\n\n<p><strong>Avst\u00e5nd:<\/strong> ~170 km | <strong>Varaktighet:<\/strong> 2,5\u20133 timmar | <strong>Rutt:<\/strong> DN1 eller A3 (d\u00e4r det finns tillg\u00e4ngligt)<\/p>\n\n<p>Den klassiska v\u00e4gen in i Transsylvanien. Bra\u0219ov \u00e4r en fantastisk medeltida stad omgiven av berg, perfekt som bas f\u00f6r att utforska slott (Bran, Pele\u0219) och Karpaterna. <\/p>\n\n<h3 class=\"wp-block-heading\">Bukarest till Constan\u021ba (Svarta havet)<\/h3>\n\n<p><strong>Avst\u00e5nd:<\/strong> ~225 km | <strong>Varaktighet:<\/strong> 2,5 timmar | <strong>Rutt:<\/strong> A2 (Solmotorv\u00e4gen)<\/p>\n\n<p>\u00c5k till Svarta havets kust p\u00e5 Rum\u00e4niens nyaste motorv\u00e4g. Constan\u021ba \u00e4r en gammal hamnstad; n\u00e4rliggande Mamaia \u00e4r landets fr\u00e4msta strandresort. <\/p>\n\n<h3 class=\"wp-block-heading\">Transylvania slottsbana<\/h3>\n\n<p><strong>Rutt:<\/strong> Bra\u0219ov \u2192 Bran-slottet \u2192 R\u00e2\u0219nov \u2192 Pele\u0219-slottet (Sinaia) \u2192 tillbaka till Bra\u0219ov<\/p>\n\n<p>Bes\u00f6k Draculas ber\u00f6mda slott (Bran), det fantastiska Pele\u0219-slottet och den medeltida f\u00e4stningen R\u00e2\u0219nov \u2013 allt under en dagsutflykt fr\u00e5n Bra\u0219ov.<\/p>\n\n<h3 class=\"wp-block-heading\">Komplett Transsylvanien-turn\u00e9<\/h3>\n\n<p><strong>Rutt:<\/strong> Bukarest \u2192 Bra\u0219ov \u2192 Sighi\u0219oara \u2192 Sibiu \u2192 Transf\u0103g\u0103r\u0103\u0219an \u2192 Bukarest<\/p>\n\n<p>En 5\u20137 dagar l\u00e5ng rundtur som t\u00e4cker det b\u00e4sta av Transsylvanien: medeltida st\u00e4der, bergslandskap och den legendariska Transf\u0103g\u0103r\u0103\u0219an-v\u00e4gen.<\/p>\n\n<div style=\"height:25px\" aria-hidden=\"true\" class=\"wp-block-spacer\"><\/div>\n\n<div class=\"wp-block-buttons is-content-justification-center is-layout-flex wp-container-core-buttons-is-layout-a89b3969 wp-block-buttons-is-layout-flex\">\n<div class=\"wp-block-button\"><a class=\"wp-block-button__link wp-element-button\" href=\"https:\/\/vignettego.com\/\" style=\"background-color:#9c27b0;color:#ffffff;padding:15px 30px;font-size:18px;border-radius:8px;\">\ud83c\udf0d Planera ditt rum\u00e4nska \u00e4ventyr med VignetteGo<\/a><\/div>\n<\/div>\n\n<div style=\"height:25px\" aria-hidden=\"true\" class=\"wp-block-spacer\"><\/div>\n\n<h2 class=\"wp-block-heading\">\ud83d\udca1 K\u00f6rtips f\u00f6r Rum\u00e4nien f\u00f6r 2026<\/h2>\n\n<h3 class=\"wp-block-heading\">Valuta<\/h3>\n\n<p>Rum\u00e4nien anv\u00e4nder <strong>rum\u00e4nska Leu (RON),<\/strong> men <strong>Euro accepteras allm\u00e4nt<\/strong> p\u00e5 bensinstationer, hotell och turistomr\u00e5den. Kreditkort accepteras n\u00e4stan \u00f6verallt i st\u00e4derna. V\u00e4xelkurs: cirka 1 EUR = 5 RON.  <\/p>\n\n<h3 class=\"wp-block-heading\">Hastighetsbegr\u00e4nsningar<\/h3>\n\n<ul class=\"wp-block-list\">\n<li><strong>Motorv\u00e4gar:<\/strong> 130 km\/h<\/li>\n<li><strong>Nationella v\u00e4gar (utanf\u00f6r st\u00e4der):<\/strong> 90\u2013100 km\/h<\/li>\n<li><strong>Stadsomr\u00e5den:<\/strong> 50 km\/h<\/li>\n<\/ul>\n\n<h3 class=\"wp-block-heading\">V\u00e4gf\u00f6rh\u00e5llanden<\/h3>\n\n<p>Motorv\u00e4garna \u00e4r utm\u00e4rkta. Nationella v\u00e4gar varierar fr\u00e5n bra till oj\u00e4mna, s\u00e4rskilt p\u00e5 landsbygden. Bergsv\u00e4gar kan vara utmanande \u2013 k\u00f6r f\u00f6rsiktigt och respektera v\u00e4derf\u00f6rh\u00e5llanden.  <\/p>\n\n<h3 class=\"wp-block-heading\">Br\u00e4nsle<\/h3>\n\n<p>Br\u00e4nsle \u00e4r billigare \u00e4n i V\u00e4steuropa. Stora kedjor inkluderar Petrom, OMV, Mol, Rompetrol och Lukoil. <\/p>\n\n<h2 class=\"wp-block-heading\" id=\"faq-section\">\u2753 Vanliga fr\u00e5gor<\/h2>\n\n<h3 class=\"wp-block-heading\">\u00c4r den rum\u00e4nska Rovinieta verkligen s\u00e5 billig?<\/h3>\n\n<p>Ja! Med cirka 3,50 euro f\u00f6r 7 dagar har Rum\u00e4nien de billigaste v\u00e4gtullarna i Europa. \u00c4ven den \u00e5rliga vinjnetten (28 EUR) kostar mindre \u00e4n m\u00e5nga l\u00e4nders kortsiktiga alternativ.  <\/p>\n\n<h3 class=\"wp-block-heading\">N\u00e4r kan jag k\u00f6ra Transf\u0103g\u0103r\u0103\u0219an?<\/h3>\n\n<p>Vanligtvis sent i juni till slutet av oktober, beroende p\u00e5 v\u00e4der. Den h\u00f6ga delen (\u00f6ver 1 800 m) \u00e4r st\u00e4ngd p\u00e5 vintern p\u00e5 grund av sn\u00f6. Kontrollera aktuell status innan du planerar.  <\/p>\n\n<h3 class=\"wp-block-heading\">Kan jag anv\u00e4nda den rum\u00e4nska vinjetten i Moldavien?<\/h3>\n\n<p>Nej, du beh\u00f6ver en separat <a href=\"https:\/\/vignettego.com\/highway-vignette-europe\/sv\/moldavien-vagvinjett-2026\/\">moldavisk viniet<\/a> f\u00f6r Moldavien. K\u00f6p b\u00e5da p\u00e5 <a href=\"https:\/\/vignettego.com\/\" title=\"Europeiska vinjetter\">VignetteGo<\/a>. <\/p>\n\n<div style=\"height:25px\" aria-hidden=\"true\" class=\"wp-block-spacer\"><\/div>\n\n<div class=\"wp-block-buttons is-content-justification-center is-layout-flex wp-container-core-buttons-is-layout-a89b3969 wp-block-buttons-is-layout-flex\">\n<div class=\"wp-block-button\"><a class=\"wp-block-button__link wp-element-button\" href=\"https:\/\/vignettego.com\/\" style=\"background-color:#e91e63;color:#ffffff;padding:15px 30px;font-size:18px;border-radius:8px;\">\ud83d\ude97 F\u00e5 dina europeiska motorv\u00e4gsvignetter p\u00e5 VignetteGo \u2192<\/a><\/div>\n<\/div>\n\n<div style=\"height:25px\" aria-hidden=\"true\" class=\"wp-block-spacer\"><\/div>\n\n<h2 class=\"wp-block-heading\">\ud83c\udff0 Varf\u00f6r bes\u00f6ka Rum\u00e4nien?<\/h2>\n\n<ul class=\"wp-block-list\">\n<li><strong>Transsylvanien:<\/strong> Medeltida st\u00e4der, slott och bergslandskap<\/li>\n<li><strong>Transf\u0103g\u0103r\u0103\u0219an:<\/strong> En av v\u00e4rldens b\u00e4sta k\u00f6rv\u00e4gar<\/li>\n<li><strong>Svartahavskusten:<\/strong> Vackra str\u00e4nder och forntida st\u00e4der<\/li>\n<li><strong>Donaudeltat:<\/strong> UNESCO-biosf\u00e4rreservat, fantastisk f\u00e5gelsk\u00e5dning<\/li>\n<li><strong>Prisv\u00e4rt:<\/strong> Bra v\u00e4rde f\u00f6r boende, mat och resor<\/li>\n<li><strong>Rik kultur:<\/strong> Fascinerande blandning av latinska, slaviska och ottomanska influenser<\/li>\n<\/ul>\n\n<h2 class=\"wp-block-heading\">\ud83d\udccd Slutsats<\/h2>\n\n<p>Rum\u00e4nien erbjuder ett fantastiskt v\u00e4rde f\u00f6r bilresor \u2013 fr\u00e5n de billigaste v\u00e4gtullarna i Europa till fantastisk natur och rik kultur. Oavsett om du jagar Dracula-legender i Transsylvanien, er\u00f6vrar Transf\u0103g\u0103r\u0103\u0219an eller kopplar av p\u00e5 Svarta havets str\u00e4nder, erbjuder Rum\u00e4nien of\u00f6rgl\u00f6mliga upplevelser. <\/p>\n\n<p>Skaffa din Rovinieta p\u00e5 <a href=\"https:\/\/vignettego.com\/\" title=\"VignetteGo - Europeisk motorv&#xE4;gsvignetter\">VignetteGo<\/a> \u2013 det tar n\u00e5gra minuter och kostar mindre \u00e4n en kaffe!<\/p>\n\n<p><strong>Njut av Rum\u00e4nien! \ud83c\uddf7\ud83c\uddf4\ud83c\udfd4\ufe0f <\/strong><\/p>\n\n<p><strong>Relaterade guider:<\/strong> <a href=\"https:\/\/vignettego.com\/highway-vignette-europe\/sv\/ungern-motorvagsvinjett-2026\/\">Ungern E-Matrica<\/a> | <a href=\"https:\/\/vignettego.com\/highway-vignette-europe\/sv\/bulgarien-motorvagsvinjett-2026\/\">Bulgaria E-Vignette<\/a> | <a href=\"https:\/\/vignettego.com\/highway-vignette-europe\/sv\/moldavien-vagvinjett-2026\/\">Moldova Vinieta<\/a> | <a href=\"https:\/\/vignettego.com\/\">Alla europeiska vinjetter<\/a><\/p>\n","protected":false},"excerpt":{"rendered":"<p>Rum\u00e4nien erbjuder n\u00e5gra av Europas mest spektakul\u00e4ra resm\u00e5l \u2013 fr\u00e5n de legendariska slotten i Transsylvanien till de fantastiska Svartahavsstr\u00e4nderna, de majest\u00e4tiska Karpaterna till det unika Donaudeltat. Och h\u00e4r \u00e4r de b\u00e4sta nyheterna: Rum\u00e4nien har Europas mest prisv\u00e4rda motorv\u00e4gsvignett, kallad Rovinieta. F\u00f6r bara n\u00e5gra euro f\u00f6r en vecka \u00e4r det otroligt budgetv\u00e4nligt att utforska Rum\u00e4nien med [&hellip;]<\/p>\n","protected":false},"author":0,"featured_media":0,"parent":0,"menu_order":0,"comment_status":"closed","ping_status":"closed","template":"","meta":{"footnotes":""},"class_list":["post-1168","page","type-page","status-publish","hentry"],"_links":{"self":[{"href":"https:\/\/vignettego.com\/highway-vignette-europe\/sv\/wp-json\/wp\/v2\/pages\/1168","targetHints":{"allow":["GET"]}}],"collection":[{"href":"https:\/\/vignettego.com\/highway-vignette-europe\/sv\/wp-json\/wp\/v2\/pages"}],"about":[{"href":"https:\/\/vignettego.com\/highway-vignette-europe\/sv\/wp-json\/wp\/v2\/types\/page"}],"replies":[{"embeddable":true,"href":"https:\/\/vignettego.com\/highway-vignette-europe\/sv\/wp-json\/wp\/v2\/comments?post=1168"}],"version-history":[{"count":3,"href":"https:\/\/vignettego.com\/highway-vignette-europe\/sv\/wp-json\/wp\/v2\/pages\/1168\/revisions"}],"predecessor-version":[{"id":1324,"href":"https:\/\/vignettego.com\/highway-vignette-europe\/sv\/wp-json\/wp\/v2\/pages\/1168\/revisions\/1324"}],"wp:attachment":[{"href":"https:\/\/vignettego.com\/highway-vignette-europe\/sv\/wp-json\/wp\/v2\/media?parent=1168"}],"curies":[{"name":"wp","href":"https:\/\/api.w.org\/{rel}","templated":true}]}}