{"id":1167,"date":"2026-01-04T01:38:57","date_gmt":"2026-01-04T01:38:57","guid":{"rendered":"https:\/\/vignettego.com\/highway-vignette-europe\/kroatien-motorvagsavgift-2026\/"},"modified":"2026-01-04T12:49:24","modified_gmt":"2026-01-04T12:49:24","slug":"kroatien-motorvagsavgift-2026","status":"publish","type":"page","link":"https:\/\/vignettego.com\/highway-vignette-europe\/sv\/kroatien-motorvagsavgift-2026\/","title":{"rendered":"Croatia Highway Vignette 2026: Komplett ENC &amp; Digital Toll Guide"},"content":{"rendered":"\n<script type=\"application\/ld+json\">{\n    \"@context\": \"https:\/\/schema.org\",\n    \"@graph\": [\n        {\n            \"@type\": \"Article\",\n            \"@id\": \"https:\/\/vignettego.com\/highway-vignette-europe\/croatia-highway-vignette-guide\/#article\",\n            \"headline\": \"Croatia Highway Vignette 2026: Complete ENC & Digital Toll Guide\",\n            \"description\": \"Everything about Croatian highway tolls, ENC electronic system, and digital vignette options. Learn about toll prices, the stunning A1 coastal motorway, and how to reach Dubrovnik, Split, and other destinations.\",\n            \"image\": \"https:\/\/vignettego.com\/highway-vignette-europe\/wp-content\/uploads\/2026\/09\/Highway-Vignette-Europe.jpg\",\n            \"datePublished\": \"2026-01-04\",\n            \"dateModified\": \"2026-01-04\",\n            \"author\": {\"@type\": \"Organization\", \"name\": \"VignetteGo\", \"url\": \"https:\/\/vignettego.com\"},\n            \"publisher\": {\"@type\": \"Organization\", \"name\": \"VignetteGo\"},\n            \"mainEntityOfPage\": {\"@type\": \"WebPage\", \"@id\": \"https:\/\/vignettego.com\/highway-vignette-europe\/croatia-highway-vignette-guide\/\"},\n            \"articleSection\": \"Highway Vignettes\",\n            \"keywords\": [\"Croatia toll\", \"Croatia highway\", \"ENC Croatia\", \"Croatian motorway\", \"A1 Croatia\", \"Dubrovnik road trip\", \"Split highway\"],\n            \"inLanguage\": \"en\",\n            \"speakable\": {\"@type\": \"SpeakableSpecification\", \"cssSelector\": [\".article-intro\", \"#faq-section\"]}\n        },\n        {\n            \"@type\": \"BreadcrumbList\",\n            \"itemListElement\": [\n                {\"@type\": \"ListItem\", \"position\": 1, \"name\": \"VignetteGo\", \"item\": \"https:\/\/vignettego.com\/\"},\n                {\"@type\": \"ListItem\", \"position\": 2, \"name\": \"Highway Vignette Europe\", \"item\": \"https:\/\/vignettego.com\/highway-vignette-europe\/\"},\n                {\"@type\": \"ListItem\", \"position\": 3, \"name\": \"Croatia Guide\", \"item\": \"https:\/\/vignettego.com\/highway-vignette-europe\/croatia-highway-vignette-guide\/\"}\n            ]\n        },\n        {\n            \"@type\": \"FAQPage\",\n            \"mainEntity\": [\n                {\"@type\": \"Question\", \"name\": \"Does Croatia use vignettes or toll booths?\", \"acceptedAnswer\": {\"@type\": \"Answer\", \"text\": \"Croatia traditionally uses a distance-based toll system with toll booths, but now also offers digital vignette options (E-Vinjeta) for certain sections. Many visitors use a combination of both or the ENC electronic device.\"}},\n                {\"@type\": \"Question\", \"name\": \"How much does the Croatian motorway toll cost?\", \"acceptedAnswer\": {\"@type\": \"Answer\", \"text\": \"Croatian tolls are distance-based. Zagreb to Split costs approximately EUR 25, Zagreb to Rijeka about EUR 8, and Split to Dubrovnik around EUR 12. The A1 motorway to the coast is the main toll route.\"}},\n                {\"@type\": \"Question\", \"name\": \"What is the ENC system in Croatia?\", \"acceptedAnswer\": {\"@type\": \"Answer\", \"text\": \"ENC (Elektroni\u010dka Naplata Cestarine) is Croatia electronic toll collection device. It provides faster passage through dedicated ENC lanes and often offers discounts. Available at toll plazas and service areas.\"}},\n                {\"@type\": \"Question\", \"name\": \"Can I pay Croatian tolls with credit card?\", \"acceptedAnswer\": {\"@type\": \"Answer\", \"text\": \"Yes, credit and debit cards are accepted at Croatian toll booths. Cash payment in EUR is also widely accepted since Croatia adopted the Euro in January 2023.\"}},\n                {\"@type\": \"Question\", \"name\": \"Is there a digital vignette for Croatia?\", \"acceptedAnswer\": {\"@type\": \"Answer\", \"text\": \"Yes, Croatia now offers E-Vinjeta (electronic vignettes) for certain motorway sections, providing an alternative to traditional toll booth payment. These can be purchased online.\"}}\n            ]\n        }\n    ]\n}\n<\/script>\n\n<figure class=\"wp-block-image aligncenter size-large\"><img decoding=\"async\" src=\"https:\/\/vignettego.com\/highway-vignette-europe\/wp-content\/uploads\/2026\/09\/Highway-Vignette-Europe.jpg\" alt=\"Kroatien motorv&#xE4;gsavgift 2026 - Komplett guide till det kroatiska motorv&#xE4;gsavgiftssystemet\" style=\"width:100%; height:auto; margin-bottom:20px;\"\/><\/figure>\n\n<p class=\"article-intro\">Kroatien \u00e4r en av Europas mest popul\u00e4ra sommardestinationer, k\u00e4nd f\u00f6r sin fantastiska Adriatiska kust, kristallklara vatten, historiska st\u00e4der som Dubrovnik och Split samt vackra \u00f6ar. Att k\u00f6ra till Kroatien \u00f6ppnar otroliga m\u00f6jligheter\u2014fr\u00e5n Dubrovniks gamla murar till feststr\u00e4nderna i Zr\u0107e, vattenfallen vid Plitvicesj\u00f6arna till charmiga Istrien. Denna guide f\u00f6rklarar allt om Kroatiens v\u00e4gtullssystem \u00e5r 2026, inklusive <strong>ENC:s elektroniska system<\/strong>, <strong>digitala vinjetteralternativ<\/strong> och praktiska tips f\u00f6r din kroatiska roadtrip.  <\/p>\n\n<div style=\"height:25px\" aria-hidden=\"true\" class=\"wp-block-spacer\"><\/div>\n\n<div class=\"wp-block-buttons is-content-justification-center is-layout-flex wp-container-core-buttons-is-layout-a89b3969 wp-block-buttons-is-layout-flex\">\n<div class=\"wp-block-button\"><a class=\"wp-block-button__link wp-element-button\" href=\"https:\/\/vignettego.com\/\" style=\"background-color:#0066cc;color:#ffffff;padding:15px 30px;font-size:18px;border-radius:8px;\">\ud83d\ude97 F\u00e5 din kroatiska digitala vinjett p\u00e5 VignetteGo<\/a><\/div>\n<\/div>\n\n<div style=\"height:25px\" aria-hidden=\"true\" class=\"wp-block-spacer\"><\/div>\n\n<h2 class=\"wp-block-heading\">\ud83c\udded\ud83c\uddf7 F\u00f6rklarat kroatiskt avgiftssystem<\/h2>\n\n<p>Till skillnad fr\u00e5n de flesta centraleuropeiska l\u00e4nder som anv\u00e4nder tidsbaserade vinjetter har Kroatien traditionellt haft ett <strong>distansbaserat avgiftssystem<\/strong> med fysiska tullstationer. Du tar en b\u00f6ter n\u00e4r du k\u00f6r in p\u00e5 motorv\u00e4gen och betalar baserat p\u00e5 den str\u00e4cka du f\u00e4rdats n\u00e4r du k\u00f6r av. Kroatien erbjuder dock nu \u00e4ven <strong>digitala vinjetteralternativ (E-Vinjeta)<\/strong> f\u00f6r vissa motorv\u00e4gsstr\u00e4ckor, vilket ger resen\u00e4rer st\u00f6rre flexibilitet.  <\/p>\n\n<p>Det kroatiska motorv\u00e4gsn\u00e4tet f\u00f6rvaltas av <strong>HAC (Hrvatske Autoceste)<\/strong> och <strong>AZM (Autocesta Zagreb-Macelj).<\/strong> Sedan januari 2023 har Kroatien antagit <strong>euron (EUR)<\/strong> som valuta, vilket g\u00f6r betalningar enklare f\u00f6r EU-bes\u00f6kare. <\/p>\n\n<h2 class=\"wp-block-heading\">\ud83d\udccb Kroatiska betalningsalternativ f\u00f6r avgifter<\/h2>\n\n<h3 class=\"wp-block-heading\">Alternativ 1: Traditionella tullstationer (vanligast)<\/h3>\n\n<p>Ta en biljett vid ing\u00e5ngen, betala vid utg\u00e5ngen. Betalning accepteras: <\/p>\n\n<ul class=\"wp-block-list\">\n<li><strong>Kontanter:<\/strong> EUR (beh\u00f6vs inte l\u00e4ngre kroatisk kuna)<\/li>\n<li><strong>Kredit-\/betalkort:<\/strong> Visa och Mastercard \u00e4r allm\u00e4nt accepterat<\/li>\n<li><strong>ENC-enhet:<\/strong> Elektronisk betalning (se nedan)<\/li>\n<\/ul>\n\n<h3 class=\"wp-block-heading\">Alternativ 2: ENC elektronisk enhet<\/h3>\n\n<p><strong>ENC (Elektroni\u010dka Naplata Cestarine)<\/strong> \u00e4r ett elektroniskt avgiftsuppb\u00f6rdssystem i Kroatien. F\u00f6rdelar: <\/p>\n\n<ul class=\"wp-block-list\">\n<li>Snabbare passage genom dedikerade ENC-filer<\/li>\n<li>Potentiella rabatter p\u00e5 avgifter<\/li>\n<li>Ingen anledning att stanna vid betalstationer<\/li>\n<li>Finns att k\u00f6pa vid tullstationer och serviceomr\u00e5den<\/li>\n<\/ul>\n\n<p>ENC-enheten kostar en liten deposition och kan kompletteras med kredit. F\u00f6r frekventa bes\u00f6kare rekommenderas den starkt. <\/p>\n\n<h3 class=\"wp-block-heading\">Alternativ 3: Digital vinjett (E-Vinjeta)<\/h3>\n\n<p>Kroatien erbjuder nu <strong>E-Vinjeta<\/strong> (elektroniska vinjetter) f\u00f6r vissa motorv\u00e4gsstr\u00e4ckor, vilket g\u00f6r att du kan undvika tullstationer helt. Finns p\u00e5 <a href=\"https:\/\/vignettego.com\/\" title=\"Kroatisk digital vinjett\">VignetteGo<\/a>. <\/p>\n\n<div style=\"height:25px\" aria-hidden=\"true\" class=\"wp-block-spacer\"><\/div>\n\n<div class=\"wp-block-buttons is-content-justification-center is-layout-flex wp-container-core-buttons-is-layout-a89b3969 wp-block-buttons-is-layout-flex\">\n<div class=\"wp-block-button\"><a class=\"wp-block-button__link wp-element-button\" href=\"https:\/\/vignettego.com\/\" style=\"background-color:#28a745;color:#ffffff;padding:15px 30px;font-size:18px;border-radius:8px;\">\u2705 F\u00e5 europeiska vinjetter \u2013 Alla l\u00e4nder \u2013 p\u00e5 VignetteGo<\/a><\/div>\n<\/div>\n\n<div style=\"height:25px\" aria-hidden=\"true\" class=\"wp-block-spacer\"><\/div>\n\n<h2 class=\"wp-block-heading\">\ud83d\udcb0 Kroatiska motorv\u00e4gsavgifter 2026<\/h2>\n\n<p>Kroatiska avgifter \u00e4r distansbaserade, s\u00e5 kostnaden beror p\u00e5 din rutt. H\u00e4r \u00e4r ungef\u00e4rliga priser f\u00f6r vanliga linjer (Kategori I \u2013 vanliga vagnar): <\/p>\n\n<figure class=\"wp-block-table\"><table><thead><tr><th>Str\u00e4ckning<\/th><th>Avst\u00e5nd<\/th><th>Ungef\u00e4rligt avgiftsbelopp <\/th><\/tr><\/thead><tbody><tr><td><strong>Zagreb \u2013 Split<\/strong><\/td><td>~400 km<\/td><td>~25 EUR 25<\/td><\/tr><tr><td><strong>Zagreb \u2013 Rijeka<\/strong><\/td><td>~170 km<\/td><td>~EUR 8<\/td><\/tr><tr><td><strong>Zagreb \u2013 Zadar<\/strong><\/td><td>~280 km<\/td><td>~EUR 17<\/td><\/tr><tr><td><strong>Split \u2013 Dubrovnik<\/strong><\/td><td>~220 km<\/td><td>~12 EUR 12<\/td><\/tr><tr><td><strong>Zagreb \u2013 Dubrovnik<\/strong><\/td><td>~600 km<\/td><td>~35 EUR 35<\/td><\/tr><tr><td><strong>Ljubljana \u2013 Zagreb<\/strong><\/td><td>~140 km<\/td><td>~ EUR 7<\/td><\/tr><\/tbody><\/table><\/figure>\n\n<p><strong>Notera:<\/strong> Priserna \u00e4r indikativa. De faktiska avgifterna kan variera n\u00e5got beroende p\u00e5 specifika in- och utg\u00e5ngspunkter och fordonskategori. <\/p>\n\n<h2 class=\"wp-block-heading\">\ud83d\udee3\ufe0f Kroatiska motorv\u00e4gsn\u00e4tet<\/h2>\n\n<p>Kroatien har ett utm\u00e4rkt motorv\u00e4gsn\u00e4t som f\u00f6rbinder st\u00f6rre st\u00e4der och kusten. H\u00e4r \u00e4r huvudrutterna: <\/p>\n\n<h3 class=\"wp-block-heading\">A1 \u2013 Dalmatiska motorv\u00e4gen<\/h3>\n\n<p>Den viktigaste turistv\u00e4gen, som f\u00f6rbinder <strong>Zagreb med Split och forts\u00e4tter mot Dubrovnik<\/strong>. Denna fantastiska motorv\u00e4g l\u00f6per parallellt med Adriatiska kusten och erbjuder tillg\u00e5ng till alla st\u00f6rre kustdestinationer. Total l\u00e4ngd: cirka 550 km. Har flera imponerande broar och tunnlar genom Dinariska Alperna.   <\/p>\n\n<h3 class=\"wp-block-heading\">A2 \u2013 Zagreb till Macelj (Sloveniens gr\u00e4ns)<\/h3>\n\n<p>F\u00f6rbinder Zagreb med Slovenien och forts\u00e4tter till Ljubljana och vidare. Huvudv\u00e4gen f\u00f6r resen\u00e4rer som kommer fr\u00e5n Centraleuropa. L\u00e4ngd: cirka 60 km i Kroatien.  <\/p>\n\n<h3 class=\"wp-block-heading\">A3 \u2013 Bregana till lipovac<\/h3>\n\n<p>\u00d6st-v\u00e4st-rutten som f\u00f6rbinder den slovenska gr\u00e4nsen (Bregana) via Zagreb med den serbiska gr\u00e4nsen (Lipovac). En del av den europeiska E70-korridoren. L\u00e4ngd: cirka 300 km.  <\/p>\n\n<h3 class=\"wp-block-heading\">A4 \u2013 Zagreb till Gori\u010dan (Ungerns gr\u00e4ns)<\/h3>\n\n<p>F\u00f6rbinder Zagreb med Ungern, huvudv\u00e4gen f\u00f6r resen\u00e4rer fr\u00e5n Budapest. L\u00e4ngd: cirka 97 km. <\/p>\n\n<h3 class=\"wp-block-heading\">A6 \u2013 Rijeka f\u00f6rbifart<\/h3>\n\n<p>F\u00f6rbinder A1 vid Bosiljevo med Rijeka och Istriens halv\u00f6. Avg\u00f6rande f\u00f6r att n\u00e5 Istrien fr\u00e5n Zagreb. <\/p>\n\n<h3 class=\"wp-block-heading\">A7\/A8\/A9 \u2013 Istrien Y<\/h3>\n\n<p>N\u00e4tverk av motorv\u00e4gar som betj\u00e4nar Istriens halv\u00f6 och f\u00f6rbinder Rijeka med Pula och andra istriska destinationer. Generellt mindre trafik \u00e4n A1. <\/p>\n\n<div style=\"height:25px\" aria-hidden=\"true\" class=\"wp-block-spacer\"><\/div>\n\n<div class=\"wp-block-buttons is-content-justification-center is-layout-flex wp-container-core-buttons-is-layout-a89b3969 wp-block-buttons-is-layout-flex\">\n<div class=\"wp-block-button\"><a class=\"wp-block-button__link wp-element-button\" href=\"https:\/\/vignettego.com\/\" style=\"background-color:#ff6600;color:#ffffff;padding:15px 30px;font-size:18px;border-radius:8px;\">\ud83d\uded2 F\u00e5 dina europeiska vinjetter nu p\u00e5 VignetteGo<\/a><\/div>\n<\/div>\n\n<div style=\"height:25px\" aria-hidden=\"true\" class=\"wp-block-spacer\"><\/div>\n\n<h2 class=\"wp-block-heading\">\ud83d\uddfa\ufe0f Popul\u00e4ra kroatiska roadtrip-rutter<\/h2>\n\n<h3 class=\"wp-block-heading\">Zagreb till Split (A1 Dalmatiska motorv\u00e4gen)<\/h3>\n\n<p><strong>Avst\u00e5nd:<\/strong> ~400 km | <strong>Varaktighet:<\/strong> 4\u20134,5 timmar | <strong>V\u00e4gtull:<\/strong> ~25 EUR<\/p>\n\n<p>Den klassiska kroatiska roadtrip-rutten. A1 \u00e4r en modern, v\u00e4lunderh\u00e5llen motorv\u00e4g med utm\u00e4rkta serviceomr\u00e5den. \u00d6verv\u00e4g att stanna till vid nationalparken Plitvicesj\u00f6arna (avfart Gornja Plo\u010da) \u2013 en av Kroatiens vackraste naturattraktioner.  <\/p>\n\n<h3 class=\"wp-block-heading\">Zagreb till Dubrovnik<\/h3>\n\n<p><strong>Distans:<\/strong> ~600 km | <strong>Varaktighet:<\/strong> 5,5\u20136 timmar | <strong>Avgift:<\/strong> ~35 EUR<\/p>\n\n<p>Den ultimata kroatiska roadtrippen, som slutar i den fantastiska bef\u00e4sta staden Dubrovnik. Observera att denna rutt kortvarigt passerar genom <strong>Bosnien och Hercegovina<\/strong> vid Neum-korridoren (ingen avgift, men ha pass). Alternativt kan du ta Pelje\u0161acbron f\u00f6r att stanna helt i Kroatien.  <\/p>\n\n<h3 class=\"wp-block-heading\">Ljubljana (Slovenien) till Zagreb<\/h3>\n\n<p><strong>Avst\u00e5nd:<\/strong> ~140 km | <strong>Varaktighet:<\/strong> 1,5\u20132 timmar | <strong>Avgift:<\/strong> ~EUR 7 (Kroatien) + slovensk vinjett<\/p>\n\n<p>Huvudv\u00e4gen fr\u00e5n Centraleuropa. Du beh\u00f6ver en <a href=\"https:\/\/vignettego.com\/highway-vignette-europe\/sv\/slovenien-motorvagsvinjett-2026\/\">slovensk E-Vinjeta<\/a> f\u00f6r den slovenska delen av resan. <\/p>\n\n<h3 class=\"wp-block-heading\">Istriens kustresa<\/h3>\n\n<p><strong>Rutt:<\/strong> Rijeka \u2192 Opatija \u2192 Pula \u2192 Rovinj \u2192 Pore\u010d \u2192 tillbaka till Rijeka<\/p>\n\n<p>Utforska den vackra istriska halv\u00f6n med sin italienskinspirerade mat, byar p\u00e5 kullar och charmiga kustst\u00e4der. Mindre tr\u00e5ngt \u00e4n Dalmatiens kust. <\/p>\n\n<h2 class=\"wp-block-heading\">\ud83d\udca1 Kroatien k\u00f6rtips f\u00f6r 2026<\/h2>\n\n<h3 class=\"wp-block-heading\">Valuta<\/h3>\n\n<p>Sedan januari 2023 anv\u00e4nder Kroatien <strong>euron (EUR).<\/strong> Det finns ingen anledning att v\u00e4xla pengar om du kommer fr\u00e5n ett annat euroland. Kreditkort accepteras i stor utstr\u00e4ckning.  <\/p>\n\n<h3 class=\"wp-block-heading\">Hastighetsbegr\u00e4nsningar<\/h3>\n\n<ul class=\"wp-block-list\">\n<li><strong>Motorv\u00e4gar:<\/strong> 130 km\/h<\/li>\n<li><strong>Nationella v\u00e4gar:<\/strong> 90 km\/h<\/li>\n<li><strong>Stadsomr\u00e5den:<\/strong> 50 km\/h<\/li>\n<\/ul>\n\n<h3 class=\"wp-block-heading\">Sommartrafik<\/h3>\n\n<p><strong>Varning:<\/strong> A1 till kusten har <strong>extremt tung trafik<\/strong> under juli och augusti, s\u00e4rskilt p\u00e5 l\u00f6rdagar (bytesdag f\u00f6r veckouthyrning). Resa tidigt p\u00e5 morgonen eller sent p\u00e5 kv\u00e4llen f\u00f6r att undvika den v\u00e4rsta tr\u00e4ngseln. <\/p>\n\n<h3 class=\"wp-block-heading\">N\u00f6dv\u00e4ndig utrustning<\/h3>\n\n<ul class=\"wp-block-list\">\n<li>Varningstriangel<\/li>\n<li>Reflekterande v\u00e4st<\/li>\n<li>F\u00f6rsta hj\u00e4lpen-l\u00e5da<\/li>\n<li>Str\u00e5lkastarna \u00e4r p\u00e5 hela tiden under k\u00f6rning<\/li>\n<\/ul>\n\n<h2 class=\"wp-block-heading\" id=\"faq-section\">\u2753 Vanliga fr\u00e5gor<\/h2>\n\n<h3 class=\"wp-block-heading\">Beh\u00f6ver jag en vinjett eller betala vid tullstationer i Kroatien?<\/h3>\n\n<p>Du kan anv\u00e4nda vilket system som helst. Traditionella tullstationer arbetar p\u00e5 distansbaserad pay-as-you-go-basis. Alternativt finns digitala vinjetter (E-Vinjeta) nu tillg\u00e4ngliga f\u00f6r vissa sektioner.  <\/p>\n\n<h3 class=\"wp-block-heading\">Kan jag k\u00f6ra till Dubrovnik utan att l\u00e4mna Kroatien?<\/h3>\n\n<p>Ja! Sedan \u00f6ppnandet av Pelje\u0161acbron 2022 kan du nu k\u00f6ra fr\u00e5n Split till Dubrovnik utan att beh\u00f6va passera Bosnien-Hercegovina Neum-korridoren. <\/p>\n\n<h3 class=\"wp-block-heading\">\u00c4r ENC-enheten v\u00e4rd det?<\/h3>\n\n<p>F\u00f6r frekventa bes\u00f6kare eller de som stannar flera veckor, ja. F\u00f6r en enda resa \u00e4r avgiftsstationer eller digitala vinjetter mer praktiska. <\/p>\n\n<div style=\"height:25px\" aria-hidden=\"true\" class=\"wp-block-spacer\"><\/div>\n\n<div class=\"wp-block-buttons is-content-justification-center is-layout-flex wp-container-core-buttons-is-layout-a89b3969 wp-block-buttons-is-layout-flex\">\n<div class=\"wp-block-button\"><a class=\"wp-block-button__link wp-element-button\" href=\"https:\/\/vignettego.com\/\" style=\"background-color:#e91e63;color:#ffffff;padding:15px 30px;font-size:18px;border-radius:8px;\">\ud83d\ude97 F\u00e5 dina europeiska motorv\u00e4gsvignetter p\u00e5 VignetteGo \u2192<\/a><\/div>\n<\/div>\n\n<div style=\"height:25px\" aria-hidden=\"true\" class=\"wp-block-spacer\"><\/div>\n\n<h2 class=\"wp-block-heading\">\ud83c\udfd6\ufe0f Varf\u00f6r bes\u00f6ka Kroatien?<\/h2>\n\n<ul class=\"wp-block-list\">\n<li><strong>Fantastisk kustlinje:<\/strong> \u00d6ver 1 000 \u00f6ar och kristallklart Adriatiska vatten<\/li>\n<li><strong>Historiska st\u00e4der:<\/strong> Dubrovnik, Split, Zadar\u2014UNESCO:s v\u00e4rldsarv<\/li>\n<li><strong>Game of Thrones-platser:<\/strong> Dubrovnik tj\u00e4nade som Kungshamn<\/li>\n<li><strong>Plitvicesj\u00f6arna:<\/strong> Spektakul\u00e4r nationalpark med forsande vattenfall<\/li>\n<li><strong>Istrien:<\/strong> Italienskinspirerad mat, tryffeljakt, byar p\u00e5 h\u00f6jder<\/li>\n<li><strong>Festscen:<\/strong> Zr\u0107e-stranden \u00e4r &#8220;Kroatiska Ibiza&#8221;<\/li>\n<\/ul>\n\n<h2 class=\"wp-block-heading\">\ud83d\udccd Slutsats<\/h2>\n\n<p>Kroatien erbjuder n\u00e5gra av Europas mest givande bilresor, fr\u00e5n den dramatiska motorv\u00e4gen A1 till de slingrande kustv\u00e4garna och charmiga istriska byarna. Oavsett om du f\u00f6redrar traditionella avgiftsstationer, ENC:s elektroniska system eller de nya digitala vinjetteralternativen \u00e4r det enkelt att ta sig runt i Kroatien med bil. <\/p>\n\n<p>F\u00f6r att n\u00e5 Kroatien fr\u00e5n Centraleuropa kommer du troligen att passera genom <a href=\"https:\/\/vignettego.com\/highway-vignette-europe\/sv\/slovenien-motorvagsvinjett-2026\/\">Slovenien<\/a> eller <a href=\"https:\/\/vignettego.com\/highway-vignette-europe\/sv\/ungern-motorvagsvinjett-2026\/\">Ungern<\/a>. F\u00e5 alla dina vinjetter samlade p\u00e5 ett st\u00e4lle p\u00e5 <a href=\"https:\/\/vignettego.com\/\" title=\"VignetteGo - Europeisk motorv&#xE4;gsvignetter\">VignetteGo<\/a>. <\/p>\n\n<p><strong>Njut av den kroatiska kusten! \ud83c\udded\ud83c\uddf7\ud83c\udfd6\ufe0f <\/strong><\/p>\n\n<p><strong>Relaterade guider:<\/strong> <a href=\"https:\/\/vignettego.com\/highway-vignette-europe\/sv\/slovenien-motorvagsvinjett-2026\/\">Slovenia E-Vinjeta<\/a> | <a href=\"https:\/\/vignettego.com\/highway-vignette-europe\/sv\/ungern-motorvagsvinjett-2026\/\">Ungern E-Matrica<\/a> | <a href=\"https:\/\/vignettego.com\/\">Alla europeiska vinjetter<\/a><\/p>\n","protected":false},"excerpt":{"rendered":"<p>Kroatien \u00e4r en av Europas mest popul\u00e4ra sommardestinationer, k\u00e4nd f\u00f6r sin fantastiska Adriatiska kust, kristallklara vatten, historiska st\u00e4der som Dubrovnik och Split samt vackra \u00f6ar. Att k\u00f6ra till Kroatien \u00f6ppnar otroliga m\u00f6jligheter\u2014fr\u00e5n Dubrovniks gamla murar till feststr\u00e4nderna i Zr\u0107e, vattenfallen vid Plitvicesj\u00f6arna till charmiga Istrien. Denna guide f\u00f6rklarar allt om Kroatiens v\u00e4gtullssystem \u00e5r 2026, inklusive [&hellip;]<\/p>\n","protected":false},"author":0,"featured_media":0,"parent":0,"menu_order":0,"comment_status":"closed","ping_status":"closed","template":"","meta":{"footnotes":""},"class_list":["post-1167","page","type-page","status-publish","hentry"],"_links":{"self":[{"href":"https:\/\/vignettego.com\/highway-vignette-europe\/sv\/wp-json\/wp\/v2\/pages\/1167","targetHints":{"allow":["GET"]}}],"collection":[{"href":"https:\/\/vignettego.com\/highway-vignette-europe\/sv\/wp-json\/wp\/v2\/pages"}],"about":[{"href":"https:\/\/vignettego.com\/highway-vignette-europe\/sv\/wp-json\/wp\/v2\/types\/page"}],"replies":[{"embeddable":true,"href":"https:\/\/vignettego.com\/highway-vignette-europe\/sv\/wp-json\/wp\/v2\/comments?post=1167"}],"version-history":[{"count":3,"href":"https:\/\/vignettego.com\/highway-vignette-europe\/sv\/wp-json\/wp\/v2\/pages\/1167\/revisions"}],"predecessor-version":[{"id":1459,"href":"https:\/\/vignettego.com\/highway-vignette-europe\/sv\/wp-json\/wp\/v2\/pages\/1167\/revisions\/1459"}],"wp:attachment":[{"href":"https:\/\/vignettego.com\/highway-vignette-europe\/sv\/wp-json\/wp\/v2\/media?parent=1167"}],"curies":[{"name":"wp","href":"https:\/\/api.w.org\/{rel}","templated":true}]}}