{"id":1166,"date":"2026-01-04T01:38:16","date_gmt":"2026-01-04T01:38:16","guid":{"rendered":"https:\/\/vignettego.com\/highway-vignette-europe\/slovenien-motorvagsvinjett-2026\/"},"modified":"2026-01-04T12:49:58","modified_gmt":"2026-01-04T12:49:58","slug":"slovenien-motorvagsvinjett-2026","status":"publish","type":"page","link":"https:\/\/vignettego.com\/highway-vignette-europe\/sv\/slovenien-motorvagsvinjett-2026\/","title":{"rendered":"Sloveniens motorv\u00e4gsvignett 2026: Komplett E-Vinjeta-guide"},"content":{"rendered":"\n<script type=\"application\/ld+json\">{\n    \"@context\": \"https:\/\/schema.org\",\n    \"@graph\": [\n        {\n            \"@type\": \"Article\",\n            \"@id\": \"https:\/\/vignettego.com\/highway-vignette-europe\/slovenia-highway-vignette-guide\/#article\",\n            \"headline\": \"Slovenia Highway Vignette 2026: Complete E-Vinjeta Guide\",\n            \"description\": \"Everything about the Slovenian E-Vinjeta 2026: prices, validity, how to buy online, and essential tips for driving on Slovenian motorways. Your complete guide to the electronic vignette system.\",\n            \"image\": \"https:\/\/vignettego.com\/highway-vignette-europe\/wp-content\/uploads\/2026\/09\/Highway-Vignette-Europe.jpg\",\n            \"datePublished\": \"2026-01-04\",\n            \"dateModified\": \"2026-01-04\",\n            \"author\": {\"@type\": \"Organization\", \"name\": \"VignetteGo\", \"url\": \"https:\/\/vignettego.com\"},\n            \"publisher\": {\"@type\": \"Organization\", \"name\": \"VignetteGo\"},\n            \"mainEntityOfPage\": {\"@type\": \"WebPage\", \"@id\": \"https:\/\/vignettego.com\/highway-vignette-europe\/slovenia-highway-vignette-guide\/\"},\n            \"articleSection\": \"Highway Vignettes\",\n            \"keywords\": [\"Slovenia vignette\", \"E-Vinjeta\", \"Slovenian motorway\", \"Ljubljana driving\", \"Bled road trip\", \"Slovenia toll\"],\n            \"inLanguage\": \"en\",\n            \"speakable\": {\"@type\": \"SpeakableSpecification\", \"cssSelector\": [\".article-intro\", \"#faq-section\"]}\n        },\n        {\n            \"@type\": \"BreadcrumbList\",\n            \"itemListElement\": [\n                {\"@type\": \"ListItem\", \"position\": 1, \"name\": \"VignetteGo\", \"item\": \"https:\/\/vignettego.com\/\"},\n                {\"@type\": \"ListItem\", \"position\": 2, \"name\": \"Highway Vignette Europe\", \"item\": \"https:\/\/vignettego.com\/highway-vignette-europe\/\"},\n                {\"@type\": \"ListItem\", \"position\": 3, \"name\": \"Slovenia Guide\", \"item\": \"https:\/\/vignettego.com\/highway-vignette-europe\/slovenia-highway-vignette-guide\/\"}\n            ]\n        },\n        {\n            \"@type\": \"FAQPage\",\n            \"mainEntity\": [\n                {\"@type\": \"Question\", \"name\": \"How much does a Slovenian E-Vinjeta cost?\", \"acceptedAnswer\": {\"@type\": \"Answer\", \"text\": \"For 2026, prices are: 7-day vignette EUR 16, 30-day vignette EUR 32, and annual vignette EUR 117 for standard vehicles (class 2A). These are approximate prices and may be adjusted.\"}},\n                {\"@type\": \"Question\", \"name\": \"Can I buy the Slovenian E-Vinjeta online?\", \"acceptedAnswer\": {\"@type\": \"Answer\", \"text\": \"Yes, you can purchase the E-Vinjeta online at VignetteGo or the official DARS website. Registration is linked to your license plate, so no physical sticker is needed.\"}},\n                {\"@type\": \"Question\", \"name\": \"Do I need a vignette for all roads in Slovenia?\", \"acceptedAnswer\": {\"@type\": \"Answer\", \"text\": \"No, only motorways (avtoceste) and expressways (hitre ceste) require a vignette. Regular national and local roads are free to use.\"}},\n                {\"@type\": \"Question\", \"name\": \"What if I drive without a vignette in Slovenia?\", \"acceptedAnswer\": {\"@type\": \"Answer\", \"text\": \"Fines for driving without a valid E-Vinjeta are significant\u2014EUR 300 to 800 for cars. Enforcement is done via cameras, so non-compliance is easily detected.\"}},\n                {\"@type\": \"Question\", \"name\": \"How long is the Slovenian vignette valid?\", \"acceptedAnswer\": {\"@type\": \"Answer\", \"text\": \"The 7-day E-Vinjeta is valid for 7 consecutive days from your chosen start date. The 30-day is valid for 30 days, and the annual runs from purchase date for one year.\"}}\n            ]\n        }\n    ]\n}\n<\/script>\n\n<figure class=\"wp-block-image aligncenter size-large\"><img decoding=\"async\" src=\"https:\/\/vignettego.com\/highway-vignette-europe\/wp-content\/uploads\/2026\/09\/Highway-Vignette-Europe.jpg\" alt=\"Slovenia E-Vinjeta 2026 - Komplett guide till slovenska motorv&#xE4;gsvignett\" style=\"width:100%; height:auto; margin-bottom:20px;\"\/><\/figure>\n\n<p class=\"article-intro\">Slovenien m\u00e5 vara litet, men erbjuder en otrolig variation av landskap\u2014fr\u00e5n de fantastiska Julianska Alperna och den smaragdgr\u00f6na sj\u00f6n Bled till Medelhavskusten och de vidstr\u00e4ckta karstgrottorna. Denna alpina nation \u00e4r ett viktigt transitland f\u00f6r resen\u00e4rer som reser mellan Centraleuropa och Adriatiska havet. Denna guide t\u00e4cker allt om den <strong>slovenska E-Vinjeta (elektronisk vinjetter)<\/strong> f\u00f6r 2026: priser, giltighet, var man kan k\u00f6pa och viktiga tips f\u00f6r din slovenska roadtrip.  <\/p>\n\n<div style=\"height:25px\" aria-hidden=\"true\" class=\"wp-block-spacer\"><\/div>\n\n<div class=\"wp-block-buttons is-content-justification-center is-layout-flex wp-container-core-buttons-is-layout-a89b3969 wp-block-buttons-is-layout-flex\">\n<div class=\"wp-block-button\"><a class=\"wp-block-button__link wp-element-button\" href=\"https:\/\/vignettego.com\/\" style=\"background-color:#0066cc;color:#ffffff;padding:15px 30px;font-size:18px;border-radius:8px;\">\ud83d\ude97 Skaffa din slovenska e-vinjeta p\u00e5 VignetteGo<\/a><\/div>\n<\/div>\n\n<div style=\"height:25px\" aria-hidden=\"true\" class=\"wp-block-spacer\"><\/div>\n\n<h2 class=\"wp-block-heading\">\ud83c\uddf8\ud83c\uddee Vad \u00e4r den slovenska E-Vinjeta?<\/h2>\n\n<p>Slovenien \u00f6vergick fr\u00e5n fysiska klisterm\u00e4rkesvinjetter till ett helt <strong>elektroniskt system (E-Vinjeta)<\/strong> \u00e5r 2022. Inga fler skrapande gamla klisterm\u00e4rken fr\u00e5n vindrutan! E-Vinjeta \u00e4r kopplad till ditt fordons registreringsnummer och registreras i en central databas. Kamerasystem l\u00e4ngs motorv\u00e4garna verifierar automatiskt din vinjetterstatus.   <\/p>\n\n<p>Systemet f\u00f6rvaltas av <strong>DARS (Dru\u017eba za avtoceste v Republiki Sloveniji),<\/strong> det statliga motorv\u00e4gsf\u00f6retaget. E-Vinjeta kr\u00e4vs p\u00e5 alla motorv\u00e4gar (avtoceste) och motorv\u00e4gar (hitre ceste), men inte p\u00e5 vanliga v\u00e4gar. <\/p>\n\n<h2 class=\"wp-block-heading\">\ud83d\udcb0 E-Vinjeta-priser 2026<\/h2>\n\n<figure class=\"wp-block-table\"><table><thead><tr><th>Vignetttyp<\/th><th>Klass 2A (vagnar &lt;1,3 m)<\/th><th>Klass 2B (st\u00f6rre fordon)<\/th><\/tr><\/thead><tbody><tr><td><strong>7-dagars<\/strong><\/td><td>16 EUR<\/td><td>32 EUR<\/td><\/tr><tr><td><strong>30-dagars<\/strong><\/td><td>32 EUR<\/td><td>EUR 64<\/td><\/tr><tr><td><strong>\u00c5rlig<\/strong><\/td><td>117 EUR<\/td><td>234 EUR<\/td><\/tr><\/tbody><\/table><\/figure>\n\n<p><strong>Fordonsklassificering:<\/strong><\/p>\n\n<ul class=\"wp-block-list\">\n<li><strong>Klass 2A:<\/strong> Fordon med axelh\u00f6jd upp till 1,30 m (de flesta standardbilar)<\/li>\n<li><strong>Klass 2B:<\/strong> Fordon med axelh\u00f6jd mellan 1,30 m och 1,60 m (st\u00f6rre SUV:ar, sm\u00e5 sk\u00e5pbilar)<\/li>\n<\/ul>\n\n<p><strong>Tips:<\/strong> Om du \u00e4r os\u00e4ker p\u00e5 din fordonsklass, m\u00e4t h\u00f6jden fr\u00e5n marken till mitten av framhjulet \u2013 detta \u00e4r din axelh\u00f6jd.<\/p>\n\n<h2 class=\"wp-block-heading\">\ud83d\uded2 Var kan man k\u00f6pa den slovenska E-Vinjeta<\/h2>\n\n<h3 class=\"wp-block-heading\">Online (Rekommenderas)<\/h3>\n\n<p>Det enklaste s\u00e4ttet att k\u00f6pa \u00e4r online innan din resa:<\/p>\n\n<ul class=\"wp-block-list\">\n<li><strong><a href=\"https:\/\/vignettego.com\/\">VignetteGo<\/a><\/strong> \u2013 Snabbk\u00f6p med omedelbar bekr\u00e4ftelse<\/li>\n<li>Officiell DARS e-vinjeta.si webbplats<\/li>\n<\/ul>\n\n<p>F\u00f6rdelar med onlinek\u00f6p: ingen v\u00e4ntan vid gr\u00e4nsbensinstationer, omedelbar aktivering, digital bekr\u00e4ftelse p\u00e5 din telefon.<\/p>\n\n<h3 class=\"wp-block-heading\">Fysiska k\u00f6ppo\u00e4ng<\/h3>\n\n<ul class=\"wp-block-list\">\n<li>Bensinstationer (bensin, OMV, MOL) \u00f6ver hela Slovenien<\/li>\n<li>Gr\u00e4ns\u00f6verg\u00e5ngar<\/li>\n<li>Postkontor<\/li>\n<li>DARS kundcenter<\/li>\n<\/ul>\n\n<div style=\"height:25px\" aria-hidden=\"true\" class=\"wp-block-spacer\"><\/div>\n\n<div class=\"wp-block-buttons is-content-justification-center is-layout-flex wp-container-core-buttons-is-layout-a89b3969 wp-block-buttons-is-layout-flex\">\n<div class=\"wp-block-button\"><a class=\"wp-block-button__link wp-element-button\" href=\"https:\/\/vignettego.com\/\" style=\"background-color:#28a745;color:#ffffff;padding:15px 30px;font-size:18px;border-radius:8px;\">\u2705 F\u00e5 dina europeiska vinjetter \u2013 8 l\u00e4nder \u2013 p\u00e5 VignetteGo<\/a><\/div>\n<\/div>\n\n<div style=\"height:25px\" aria-hidden=\"true\" class=\"wp-block-spacer\"><\/div>\n\n<h2 class=\"wp-block-heading\">\ud83d\udee3\ufe0f Slovenska motorv\u00e4gsn\u00e4tet<\/h2>\n\n<p>Sloveniens motorv\u00e4gsn\u00e4t bildar ett karakteristiskt korsm\u00f6nster, med Ljubljana i centrum:<\/p>\n\n<h3 class=\"wp-block-heading\">A1 \u2013 \u0160entilj till Koper (Nord-Syd)<\/h3>\n\n<p>Str\u00e4cker sig fr\u00e5n den <strong>\u00f6sterrikiska gr\u00e4nsen (\u0160entilj\/Spielfeld)<\/strong> genom Maribor och Ljubljana till <strong>Adriatiska kusten (Koper).<\/strong> Detta \u00e4r huvudv\u00e4gen fr\u00e5n \u00d6sterrike till Kroatiens kust via Slovenien. Total l\u00e4ngd: cirka 173 km.  <\/p>\n\n<h3 class=\"wp-block-heading\">A2 \u2013 Karavanke till Obre\u017eje (\u00f6st-v\u00e4st)<\/h3>\n\n<p>F\u00f6rbinder <strong>Karavanketunneln (\u00f6sterrikisk gr\u00e4ns)<\/strong> genom Ljubljana med den <strong>kroatiska gr\u00e4nsen (Obre\u017eje)<\/strong> mot Zagreb. Huvudtransitkorridoren fr\u00e5n \u00d6sterrike till Kroatien. Total l\u00e4ngd: cirka 173 km.  <\/p>\n\n<h3 class=\"wp-block-heading\">A3 \u2013 Ljubljana f\u00f6rbifart<\/h3>\n\n<p>Ringv\u00e4gen runt Ljubljana, som f\u00f6rbinder motorv\u00e4garna A1 och A2. Avg\u00f6rande f\u00f6r att undvika trafik i stadens centrum. <\/p>\n\n<h3 class=\"wp-block-heading\">A4 \u2013 Slivnica till Gru\u0161kovje<\/h3>\n\n<p>F\u00f6rbinder Maribor med den kroatiska gr\u00e4nsen vid Gru\u0161kovje och forts\u00e4tter mot Zagreb som ett alternativ till A2-rutten.<\/p>\n\n<h3 class=\"wp-block-heading\">A5 \u2013 Maribor till Ungerska gr\u00e4nsen<\/h3>\n\n<p>F\u00f6rbinder Maribor med Ungern, anv\u00e4ndbart f\u00f6r resen\u00e4rer som kommer fr\u00e5n Budapest via den ungerska M70.<\/p>\n\n<h2 class=\"wp-block-heading\">\ud83d\uddfa\ufe0f Popul\u00e4ra rutter genom Slovenien<\/h2>\n\n<h3 class=\"wp-block-heading\">Wien till Kroatiens kust (via A2)<\/h3>\n\n<p><strong>Rutt:<\/strong> Wien \u2192 Graz \u2192 Maribor \u2192 Ljubljana \u2192 Zagreb \u2192 Split\/Rijeka<\/p>\n\n<p>Den klassiska rutten fr\u00e5n Centraleuropa till Adriatiska havet. Du beh\u00f6ver: <a href=\"https:\/\/vignettego.com\/highway-vignette-europe\/sv\/osterrike-motorvagsvinjett-2026\/\">\u00f6sterrikisk vinjett<\/a> + slovenska E-Vinjeta + <a href=\"https:\/\/vignettego.com\/highway-vignette-europe\/sv\/kroatien-motorvagsavgift-2026\/\">kroatiska avgifter<\/a>. <\/p>\n\n<h3 class=\"wp-block-heading\">M\u00fcnchen till Kroatiens kust (via Karavanke)<\/h3>\n\n<p><strong>Rutt:<\/strong> M\u00fcnchen \u2192 Salzburg \u2192 Villach \u2192 Karavanke-tunneln \u2192 Ljubljana \u2192 Zagreb<\/p>\n\n<p>Popul\u00e4r rutt fr\u00e5n Tyskland. Du beh\u00f6ver: \u00f6sterrikisk vinjett + slovenska E-Vinjeta + kroatiska avgifter. <\/p>\n\n<h3 class=\"wp-block-heading\">Budapest till Ljubljana<\/h3>\n\n<p><strong>Rutt:<\/strong> Budapest \u2192 via M70 \u2192 Maribor \u2192 Ljubljana<\/p>\n\n<p>Direkt v\u00e4g fr\u00e5n Ungern. Du beh\u00f6ver: <a href=\"https:\/\/vignettego.com\/highway-vignette-europe\/sv\/ungern-motorvagsvinjett-2026\/\">Ungerska E-Matrica<\/a> + Slovenska E-Vinjeta. <\/p>\n\n<div style=\"height:25px\" aria-hidden=\"true\" class=\"wp-block-spacer\"><\/div>\n\n<div class=\"wp-block-buttons is-content-justification-center is-layout-flex wp-container-core-buttons-is-layout-a89b3969 wp-block-buttons-is-layout-flex\">\n<div class=\"wp-block-button\"><a class=\"wp-block-button__link wp-element-button\" href=\"https:\/\/vignettego.com\/\" style=\"background-color:#ff6600;color:#ffffff;padding:15px 30px;font-size:18px;border-radius:8px;\">\ud83d\uded2 Best\u00e4ll alla europeiska vinjetter p\u00e5 VignetteGo<\/a><\/div>\n<\/div>\n\n<div style=\"height:25px\" aria-hidden=\"true\" class=\"wp-block-spacer\"><\/div>\n\n<h2 class=\"wp-block-heading\">\u26a0\ufe0f Viktiga regler f\u00f6r E-Vinjeta<\/h2>\n\n<h3 class=\"wp-block-heading\">Giltighetsstarttid<\/h3>\n\n<p>N\u00e4r du handlar online kan du v\u00e4lja ett <strong>framtida startdatum<\/strong>. Vinjnetten blir giltig klockan 00:00 p\u00e5 det valda datumet. Perfekt f\u00f6r att planera i f\u00f6rv\u00e4g!  <\/p>\n\n<h3 class=\"wp-block-heading\">Registreringsskylt<\/h3>\n\n<p>E-Vinjeta \u00e4r registrerad p\u00e5 ditt <strong>exakta registreringsnummer<\/strong>. Dubbelkolla efter stavfel n\u00e4r du k\u00f6per! Misstag kan inte enkelt r\u00e4ttas till.  <\/p>\n\n<h3 class=\"wp-block-heading\">B\u00f6ter f\u00f6r bristande efterlevnad<\/h3>\n\n<ul class=\"wp-block-list\">\n<li><strong>Standardb\u00f6ter:<\/strong> 300\u2013800 euro f\u00f6r personbilar<\/li>\n<li><strong>Betalning p\u00e5 plats:<\/strong> Vanligtvis l\u00e4gre om det betalas direkt<\/li>\n<li>Tillsyn via automatiska kamerasystem (ANPR)<\/li>\n<\/ul>\n\n<h3 class=\"wp-block-heading\">Vilka v\u00e4gar kr\u00e4ver vignett?<\/h3>\n\n<p>Endast v\u00e4gar markerade med motorv\u00e4gsskylten (gr\u00f6n med vit &#8220;A&#8221;-beteckning) kr\u00e4ver en vinjnett. Vanliga v\u00e4gar (gulmarkerade nationella v\u00e4gar) \u00e4r gratis. <\/p>\n\n<h2 class=\"wp-block-heading\">\ud83d\udca1 Sloveniens k\u00f6rtips f\u00f6r 2026<\/h2>\n\n<h3 class=\"wp-block-heading\">Hastighetsbegr\u00e4nsningar<\/h3>\n\n<ul class=\"wp-block-list\">\n<li><strong>Motorv\u00e4gar:<\/strong> 130 km\/h<\/li>\n<li><strong>Motorv\u00e4gar:<\/strong> 110 km\/h<\/li>\n<li><strong>Nationella v\u00e4gar:<\/strong> 90 km\/h<\/li>\n<li><strong>Stadsomr\u00e5den:<\/strong> 50 km\/h<\/li>\n<\/ul>\n\n<h3 class=\"wp-block-heading\">N\u00f6dv\u00e4ndig utrustning<\/h3>\n\n<ul class=\"wp-block-list\">\n<li>Varningstriangel<\/li>\n<li>Reflektiv v\u00e4st (i fordonet, inte bagageutrymmet)<\/li>\n<li>F\u00f6rsta hj\u00e4lpen-l\u00e5da<\/li>\n<li><strong>Str\u00e5lkastare:<\/strong> M\u00e5ste vara p\u00e5 hela tiden n\u00e4r du k\u00f6r<\/li>\n<li><strong>Vinterutrustning:<\/strong> 15 november &#8211; 15 mars kr\u00e4vs vinterd\u00e4ck eller kedjor<\/li>\n<\/ul>\n\n<h3 class=\"wp-block-heading\">Tips om Karavanke-tunneln<\/h3>\n\n<p>Karavanketunneln som f\u00f6rbinder \u00d6sterrike och Slovenien kan ha <strong>betydande f\u00f6rseningar<\/strong> under sommarhelgerna. \u00d6verv\u00e4g att resa tidigt p\u00e5 morgonen eller sent p\u00e5 kv\u00e4llen. Kontrollera trafikstatus p\u00e5 <a href=\"https:\/\/www.promet.si\/en\" target=\"_blank\" rel=\"noopener\">promet.si<\/a>.  <\/p>\n\n<h2 class=\"wp-block-heading\" id=\"faq-section\">\u2753 Vanliga fr\u00e5gor<\/h2>\n\n<h3 class=\"wp-block-heading\">Kan jag anv\u00e4nda vanliga v\u00e4gar f\u00f6r att undvika att k\u00f6pa en vinjnett?<\/h3>\n\n<p>Tekniskt sett ja, men det \u00f6kar restiden avsev\u00e4rt. Till exempel tar Ljubljana till Koper 1 timme p\u00e5 motorv\u00e4gen j\u00e4mf\u00f6rt med 2+ timmar p\u00e5 vanliga v\u00e4gar. <\/p>\n\n<h3 class=\"wp-block-heading\">Beh\u00f6ver motorcyklar en vinjett i vinjetter?<\/h3>\n\n<p>Ja, motorcyklar (klass 1) kr\u00e4ver en separat vinjetterkategori till reducerade priser.<\/p>\n\n<h3 class=\"wp-block-heading\">Vad h\u00e4nder om jag hyr en bil i Slovenien?<\/h3>\n\n<p>De flesta uthyrningsf\u00f6retag inkluderar E-Vinjeta i hyrbilen eller erbjuder den som ett till\u00e4gg. Kontrollera innan du h\u00e4mtar fordonet. <\/p>\n\n<h3 class=\"wp-block-heading\">T\u00e4cker E-Vinjeta Karavanke-tunneln?<\/h3>\n\n<p>Ja, Karavanketunneln mellan \u00d6sterrike och Slovenien t\u00e4cks av den slovenska E-Vinjeta p\u00e5 den slovenska sidan. Du beh\u00f6ver ocks\u00e5 en \u00f6sterrikisk vinjett f\u00f6r den \u00f6sterrikiska sidan. <\/p>\n\n<div style=\"height:25px\" aria-hidden=\"true\" class=\"wp-block-spacer\"><\/div>\n\n<div class=\"wp-block-buttons is-content-justification-center is-layout-flex wp-container-core-buttons-is-layout-a89b3969 wp-block-buttons-is-layout-flex\">\n<div class=\"wp-block-button\"><a class=\"wp-block-button__link wp-element-button\" href=\"https:\/\/vignettego.com\/\" style=\"background-color:#e91e63;color:#ffffff;padding:15px 30px;font-size:18px;border-radius:8px;\">\ud83d\ude97 F\u00e5 dina europeiska motorv\u00e4gsvignetter p\u00e5 VignetteGo \u2192<\/a><\/div>\n<\/div>\n\n<div style=\"height:25px\" aria-hidden=\"true\" class=\"wp-block-spacer\"><\/div>\n\n<h2 class=\"wp-block-heading\">\ud83c\udfd4\ufe0f Varf\u00f6r bes\u00f6ka Slovenien?<\/h2>\n\n<ul class=\"wp-block-list\">\n<li><strong>Sj\u00f6n Bled:<\/strong> Den ikoniska \u00f6-kyrkan i alpin milj\u00f6<\/li>\n<li><strong>Ljubljana:<\/strong> Charmig huvudstad med bilfri gamla stan<\/li>\n<li><strong>Postojna-grottan:<\/strong> Ett av Europas st\u00f6rsta grottsystem<\/li>\n<li><strong>Julianska Alperna:<\/strong> Spektakul\u00e4r bergsutsikt, Triglav nationalpark<\/li>\n<li><strong>Piran:<\/strong> Vacker venetiansk kuststad<\/li>\n<li><strong>So\u010da-dalen:<\/strong> Emerald River, perfekt f\u00f6r \u00e4ventyrssporter<\/li>\n<li><strong>Vinregioner:<\/strong> Utm\u00e4rkta lokala viner, s\u00e4rskilt fr\u00e5n Gori\u0161ka Brda<\/li>\n<\/ul>\n\n<h2 class=\"wp-block-heading\">\ud83d\udccd Slutsats<\/h2>\n\n<p>Sloveniens kompakta storlek g\u00f6r det enkelt att utforska med bil, och E-Vinjeta-systemet \u00e4r enkelt att anv\u00e4nda. Oavsett om du passerar p\u00e5 v\u00e4g till Kroatien eller utforskar Sloveniens fantastiska landskap, s\u00e4kerst\u00e4ller r\u00e4tt vinjett en smidig resa. <\/p>\n\n<p>F\u00f6r resor \u00f6ver flera l\u00e4nder, kombinera din slovenska E-Vinjeta med vinjetter f\u00f6r <a href=\"https:\/\/vignettego.com\/highway-vignette-europe\/sv\/osterrike-motorvagsvinjett-2026\/\">\u00d6sterrike<\/a>, <a href=\"https:\/\/vignettego.com\/highway-vignette-europe\/sv\/ungern-motorvagsvinjett-2026\/\">Ungern<\/a> och <a href=\"https:\/\/vignettego.com\/highway-vignette-europe\/sv\/kroatien-motorvagsavgift-2026\/\">Kroatien<\/a>. F\u00e5 alla dina vinjetter samlade p\u00e5 ett st\u00e4lle p\u00e5 <a href=\"https:\/\/vignettego.com\/\" title=\"VignetteGo - Europeisk motorv&#xE4;gsvignetter\">VignetteGo<\/a>. <\/p>\n\n<p><strong>Njut av Slovenien! \ud83c\uddf8\ud83c\uddee\ud83c\udfd4\ufe0f <\/strong><\/p>\n\n<p><strong>Relaterade guider:<\/strong> <a href=\"https:\/\/vignettego.com\/highway-vignette-europe\/sv\/osterrike-motorvagsvinjett-2026\/\">Austria Digital Vignette<\/a> | <a href=\"https:\/\/vignettego.com\/highway-vignette-europe\/sv\/kroatien-motorvagsavgift-2026\/\">Kroatien Avgiftsguide<\/a> | <a href=\"https:\/\/vignettego.com\/\">Alla europeiska vinjetter<\/a><\/p>\n","protected":false},"excerpt":{"rendered":"<p>Slovenien m\u00e5 vara litet, men erbjuder en otrolig variation av landskap\u2014fr\u00e5n de fantastiska Julianska Alperna och den smaragdgr\u00f6na sj\u00f6n Bled till Medelhavskusten och de vidstr\u00e4ckta karstgrottorna. Denna alpina nation \u00e4r ett viktigt transitland f\u00f6r resen\u00e4rer som reser mellan Centraleuropa och Adriatiska havet. Denna guide t\u00e4cker allt om den slovenska E-Vinjeta (elektronisk vinjetter) f\u00f6r 2026: priser, [&hellip;]<\/p>\n","protected":false},"author":0,"featured_media":0,"parent":0,"menu_order":0,"comment_status":"closed","ping_status":"closed","template":"","meta":{"footnotes":""},"class_list":["post-1166","page","type-page","status-publish","hentry"],"_links":{"self":[{"href":"https:\/\/vignettego.com\/highway-vignette-europe\/sv\/wp-json\/wp\/v2\/pages\/1166","targetHints":{"allow":["GET"]}}],"collection":[{"href":"https:\/\/vignettego.com\/highway-vignette-europe\/sv\/wp-json\/wp\/v2\/pages"}],"about":[{"href":"https:\/\/vignettego.com\/highway-vignette-europe\/sv\/wp-json\/wp\/v2\/types\/page"}],"replies":[{"embeddable":true,"href":"https:\/\/vignettego.com\/highway-vignette-europe\/sv\/wp-json\/wp\/v2\/comments?post=1166"}],"version-history":[{"count":3,"href":"https:\/\/vignettego.com\/highway-vignette-europe\/sv\/wp-json\/wp\/v2\/pages\/1166\/revisions"}],"predecessor-version":[{"id":1503,"href":"https:\/\/vignettego.com\/highway-vignette-europe\/sv\/wp-json\/wp\/v2\/pages\/1166\/revisions\/1503"}],"wp:attachment":[{"href":"https:\/\/vignettego.com\/highway-vignette-europe\/sv\/wp-json\/wp\/v2\/media?parent=1166"}],"curies":[{"name":"wp","href":"https:\/\/api.w.org\/{rel}","templated":true}]}}