{"id":1164,"date":"2026-01-04T11:34:38","date_gmt":"2026-01-04T11:34:38","guid":{"rendered":"https:\/\/vignettego.com\/highway-vignette-europe\/osterrike-motorvagsvinjett-2026\/"},"modified":"2026-01-04T11:35:06","modified_gmt":"2026-01-04T11:35:06","slug":"osterrike-motorvagsvinjett-2026","status":"publish","type":"page","link":"https:\/\/vignettego.com\/highway-vignette-europe\/sv\/osterrike-motorvagsvinjett-2026\/","title":{"rendered":"\u00d6sterrike Motorv\u00e4gsvinjett 2026: Komplett guide Digitale Vignette"},"content":{"rendered":"\n<img decoding=\"async\" src=\"https:\/\/vignettego.com\/highway-vignette-europe\/wp-content\/uploads\/2026\/09\/Highway-Vignette-Europe.jpg\" alt=\"Europeisk motorv\u00e4gsvinjett 2026\" style=\"width:100%; height:auto; margin-bottom:20px;\">\n\n<h1 class=\"wp-block-heading\">Motorv\u00e4gsvinjett 2026: Komplett guide<\/h1>\n<p>Komplett guide om motorv\u00e4gsvinjetter. Vinjetter kr\u00e4vs f\u00f6r att k\u00f6ra p\u00e5 motorv\u00e4gar.<\/p>\n<div style=\"height:25px\" aria-hidden=\"true\" class=\"wp-block-spacer\"><\/div>\n\n<div class=\"wp-block-buttons is-content-justification-center is-layout-flex wp-container-core-buttons-is-layout-a89b3969 wp-block-buttons-is-layout-flex\"><div class=\"wp-block-button\"><a class=\"wp-block-button__link wp-element-button\" href=\"https:\/\/vignettego.com\/\" style=\"background-color:#0066cc;color:#fff;padding:15px 30px;font-size:18px;border-radius:8px;\">\ud83d\ude97 K\u00f6p din vinjett h\u00e4r<\/a><\/div><\/div>\n\n<div style=\"height:25px\" aria-hidden=\"true\" class=\"wp-block-spacer\"><\/div>\n<h2 class=\"wp-block-heading\">Vinjettpriser 2026<\/h2>\n\n<figure class=\"wp-block-table\"><table><thead><tr><th>Giltighetstid<\/th><th>Pris<\/th><\/tr><\/thead><tbody><tr><td>Vecka<\/td><td>\u20ac15-20<\/td><\/tr><tr><td>M\u00e5nad<\/td><td>\u20ac25-35<\/td><\/tr><tr><td>\u00c5r<\/td><td>\u20ac90-120<\/td><\/tr><\/tbody><\/table><\/figure>\n\n<div style=\"height:25px\" aria-hidden=\"true\" class=\"wp-block-spacer\"><\/div>\n\n<div class=\"wp-block-buttons is-content-justification-center is-layout-flex wp-container-core-buttons-is-layout-a89b3969 wp-block-buttons-is-layout-flex\"><div class=\"wp-block-button\"><a class=\"wp-block-button__link wp-element-button\" href=\"https:\/\/vignettego.com\/\" style=\"background-color:#28a745;color:#fff;padding:15px 30px;font-size:18px;border-radius:8px;\">\u2705 Vinjetter f\u00f6r 8 europeiska l\u00e4nder<\/a><\/div><\/div>\n\n<div style=\"height:25px\" aria-hidden=\"true\" class=\"wp-block-spacer\"><\/div>\n<p>F\u00f6r resor genom flera l\u00e4nder bes\u00f6k <a href=\"https:\/\/vignettego.com\/\" title=\"Europeiska vinjetter\">VignetteGo<\/a>.<\/p>","protected":false},"excerpt":{"rendered":"<p>Motorv\u00e4gsvinjett 2026: Komplett guide Komplett guide om motorv\u00e4gsvinjetter. Vinjetter kr\u00e4vs f\u00f6r att k\u00f6ra p\u00e5 motorv\u00e4gar. Vinjettpriser 2026 Giltighetstid Pris Vecka \u20ac15-20 M\u00e5nad \u20ac25-35 \u00c5r \u20ac90-120 F\u00f6r resor genom flera l\u00e4nder bes\u00f6k VignetteGo.<\/p>\n","protected":false},"author":0,"featured_media":0,"parent":0,"menu_order":0,"comment_status":"closed","ping_status":"closed","template":"","meta":{"footnotes":""},"class_list":["post-1164","page","type-page","status-publish","hentry"],"_links":{"self":[{"href":"https:\/\/vignettego.com\/highway-vignette-europe\/sv\/wp-json\/wp\/v2\/pages\/1164","targetHints":{"allow":["GET"]}}],"collection":[{"href":"https:\/\/vignettego.com\/highway-vignette-europe\/sv\/wp-json\/wp\/v2\/pages"}],"about":[{"href":"https:\/\/vignettego.com\/highway-vignette-europe\/sv\/wp-json\/wp\/v2\/types\/page"}],"replies":[{"embeddable":true,"href":"https:\/\/vignettego.com\/highway-vignette-europe\/sv\/wp-json\/wp\/v2\/comments?post=1164"}],"version-history":[{"count":1,"href":"https:\/\/vignettego.com\/highway-vignette-europe\/sv\/wp-json\/wp\/v2\/pages\/1164\/revisions"}],"predecessor-version":[{"id":1172,"href":"https:\/\/vignettego.com\/highway-vignette-europe\/sv\/wp-json\/wp\/v2\/pages\/1164\/revisions\/1172"}],"wp:attachment":[{"href":"https:\/\/vignettego.com\/highway-vignette-europe\/sv\/wp-json\/wp\/v2\/media?parent=1164"}],"curies":[{"name":"wp","href":"https:\/\/api.w.org\/{rel}","templated":true}]}}