{"id":1163,"date":"2026-01-04T01:13:10","date_gmt":"2026-01-04T01:13:10","guid":{"rendered":"https:\/\/vignettego.com\/highway-vignette-europe\/slovakien-motorvagsvinjett-2026\/"},"modified":"2026-01-04T12:49:43","modified_gmt":"2026-01-04T12:49:43","slug":"slovakien-motorvagsvinjett-2026","status":"publish","type":"page","link":"https:\/\/vignettego.com\/highway-vignette-europe\/sv\/slovakien-motorvagsvinjett-2026\/","title":{"rendered":"Slovakien motorv\u00e4gsvignett 2026: Komplett Dia\u013eni\u010dn\u00e1 Zn\u00e1mka-guide"},"content":{"rendered":"\n<script type=\"application\/ld+json\">{\n    \"@context\": \"https:\/\/schema.org\",\n    \"@graph\": [\n        {\n            \"@type\": \"Article\",\n            \"@id\": \"https:\/\/vignettego.com\/highway-vignette-europe\/slovakia-highway-vignette-guide\/#article\",\n            \"headline\": \"Slovakia Highway Vignette 2026: Complete E-Znamka Guide\",\n            \"description\": \"Everything about the Slovak E-Znamka system 2026: prices, validity, how to buy online, and essential tips for driving on Slovak motorways. Your complete guide to the electronic vignette.\",\n            \"image\": \"https:\/\/vignettego.com\/highway-vignette-europe\/wp-content\/uploads\/2026\/09\/Highway-Vignette-Europe.jpg\",\n            \"datePublished\": \"2026-01-04\",\n            \"dateModified\": \"2026-01-04\",\n            \"author\": {\"@type\": \"Organization\", \"name\": \"VignetteGo\", \"url\": \"https:\/\/vignettego.com\"},\n            \"publisher\": {\"@type\": \"Organization\", \"name\": \"VignetteGo\"},\n            \"mainEntityOfPage\": {\"@type\": \"WebPage\", \"@id\": \"https:\/\/vignettego.com\/highway-vignette-europe\/slovakia-highway-vignette-guide\/\"},\n            \"articleSection\": \"Highway Vignettes\",\n            \"keywords\": [\"Slovakia vignette\", \"E-Znamka\", \"Slovak motorway\", \"Bratislava driving\", \"High Tatras road trip\", \"Slovakia toll\"],\n            \"inLanguage\": \"en\",\n            \"speakable\": {\"@type\": \"SpeakableSpecification\", \"cssSelector\": [\".article-intro\", \"#faq-section\"]}\n        },\n        {\n            \"@type\": \"BreadcrumbList\",\n            \"itemListElement\": [\n                {\"@type\": \"ListItem\", \"position\": 1, \"name\": \"VignetteGo\", \"item\": \"https:\/\/vignettego.com\/\"},\n                {\"@type\": \"ListItem\", \"position\": 2, \"name\": \"Highway Vignette Europe\", \"item\": \"https:\/\/vignettego.com\/highway-vignette-europe\/\"},\n                {\"@type\": \"ListItem\", \"position\": 3, \"name\": \"Slovakia Guide\", \"item\": \"https:\/\/vignettego.com\/highway-vignette-europe\/slovakia-highway-vignette-guide\/\"}\n            ]\n        },\n        {\n            \"@type\": \"FAQPage\",\n            \"mainEntity\": [\n                {\"@type\": \"Question\", \"name\": \"How much does a Slovak E-Znamka cost?\", \"acceptedAnswer\": {\"@type\": \"Answer\", \"text\": \"For 2026, prices are approximately: 10-day vignette EUR 12, 30-day vignette EUR 17, and annual vignette EUR 60 for vehicles up to 3.5 tonnes. Prices may be adjusted annually.\"}},\n                {\"@type\": \"Question\", \"name\": \"Can I buy the Slovak E-Znamka online?\", \"acceptedAnswer\": {\"@type\": \"Answer\", \"text\": \"Yes, you can purchase the E-Znamka online at VignetteGo or the official Slovak eznamka.sk website. Registration is linked to your license plate, so no physical sticker is needed.\"}},\n                {\"@type\": \"Question\", \"name\": \"Do I need a vignette for all roads in Slovakia?\", \"acceptedAnswer\": {\"@type\": \"Answer\", \"text\": \"No, only motorways (dia\u013enice - D roads) and expressways (r\u00fdchlostn\u00e9 cesty - R roads) require a vignette. Regular national roads (cesty I., II., III. triedy) are free.\"}},\n                {\"@type\": \"Question\", \"name\": \"What if I drive without a vignette in Slovakia?\", \"acceptedAnswer\": {\"@type\": \"Answer\", \"text\": \"Fines for driving without a valid E-Znamka range from EUR 100 to EUR 500. Enforcement is done via cameras, so non-compliance is easily detected.\"}},\n                {\"@type\": \"Question\", \"name\": \"Is the Slovak vignette valid immediately after purchase?\", \"acceptedAnswer\": {\"@type\": \"Answer\", \"text\": \"Yes, the E-Znamka is valid immediately from the time of purchase, or you can select a future start date when buying online.\"}}\n            ]\n        }\n    ]\n}\n<\/script>\n\n<figure class=\"wp-block-image aligncenter size-large\"><img decoding=\"async\" src=\"https:\/\/vignettego.com\/highway-vignette-europe\/wp-content\/uploads\/2026\/09\/Highway-Vignette-Europe.jpg\" alt=\"Slovakien E-Znamka 2026 - Komplett guide till slovakiska motorv&#xE4;gsvignett\" style=\"width:100%; height:auto; margin-bottom:20px;\"\/><\/figure>\n\n<p class=\"article-intro\">Slovakien \u00e4r en dold p\u00e4rla i Centraleuropa och erbjuder spektakul\u00e4r bergslandskap i H\u00f6ga Tatra, charmiga medeltida st\u00e4der som Bardejov och Levo\u010da, mystiska slott och utm\u00e4rkta termalbad. Oavsett om du transiterar genom Slovakien till Polen, Ukraina eller Ungern, eller utforskar detta vackra land, beh\u00f6ver du den <strong>slovakiska E-Znamka (elektronisk vinjetter).<\/strong> Denna guide t\u00e4cker allt om det slovakiska vinjnettsystemet f\u00f6r 2026: priser, giltighet, var man kan k\u00f6pa och viktiga tips f\u00f6r k\u00f6rning p\u00e5 slovakiska motorv\u00e4gar.  <\/p>\n\n<div style=\"height:25px\" aria-hidden=\"true\" class=\"wp-block-spacer\"><\/div>\n\n<div class=\"wp-block-buttons is-content-justification-center is-layout-flex wp-container-core-buttons-is-layout-a89b3969 wp-block-buttons-is-layout-flex\">\n<div class=\"wp-block-button\"><a class=\"wp-block-button__link wp-element-button\" href=\"https:\/\/vignettego.com\/\" style=\"background-color:#0066cc;color:#ffffff;padding:15px 30px;font-size:18px;border-radius:8px;\">\ud83d\ude97 Skaffa din slovakiska E-Znamka p\u00e5 VignetteGo<\/a><\/div>\n<\/div>\n\n<div style=\"height:25px\" aria-hidden=\"true\" class=\"wp-block-spacer\"><\/div>\n\n<h2 class=\"wp-block-heading\">\ud83c\uddf8\ud83c\uddf0 Vad \u00e4r Slovakiska E-Znamka?<\/h2>\n\n<p>Slovakien bytte fr\u00e5n fysiska klisterm\u00e4rkesvinjetter till ett helt <strong>elektroniskt system (E-Znamka)<\/strong> \u00e5r 2016. Inga fler skrapande gamla klisterm\u00e4rken fr\u00e5n vindrutan! E-Znamka \u00e4r kopplad till ditt fordons registreringsnummer och registreras i en central databas. Kamerasystem l\u00e4ngs motorv\u00e4garna verifierar automatiskt din vinjetterstatus.   <\/p>\n\n<p>Systemet f\u00f6rvaltas av <strong>Nationella Motorv\u00e4gsbolaget (NDS \u2013 N\u00e1rodn\u00e1 dia\u013eni\u010dn\u00e1 spolo\u010dnos\u0165).<\/strong> E-Znamka kr\u00e4vs p\u00e5 alla motorv\u00e4gar (dia\u013enice &#8211; D-v\u00e4gar) och motorv\u00e4gar (r\u00fdchlostn\u00e9 cesty &#8211; R-v\u00e4gar), men inte p\u00e5 vanliga nationella v\u00e4gar. <\/p>\n\n<h2 class=\"wp-block-heading\">\ud83d\udcb0 E-Znamka-priser 2026<\/h2>\n\n<p>Slovakien anv\u00e4nder euron (EUR) som sin valuta, vilket g\u00f6r betalningar enkla f\u00f6r bes\u00f6kare fr\u00e5n andra eurol\u00e4nder.<\/p>\n\n<figure class=\"wp-block-table\"><table><thead><tr><th>Vignetttyp<\/th><th>Fordon upp till 3,5 ton<\/th><\/tr><\/thead><tbody><tr><td><strong>10-dagars<\/strong><\/td><td>12 EUR<\/td><\/tr><tr><td><strong>30-dagars<\/strong><\/td><td>17 EUR<\/td><\/tr><tr><td><strong>365-dagars (\u00e5rlig)<\/strong><\/td><td>EUR 60<\/td><\/tr><\/tbody><\/table><\/figure>\n\n<p><strong>Notera:<\/strong> Priserna \u00e4r f\u00f6r fordon upp till 3,5 ton. St\u00f6rre fordon omfattas av det elektroniska avgiftssystemet och betalar per kilometer. <\/p>\n\n<h2 class=\"wp-block-heading\">\ud83d\uded2 Var man kan k\u00f6pa den slovakiska E-Znamka<\/h2>\n\n<h3 class=\"wp-block-heading\">Online (Rekommenderas)<\/h3>\n\n<p>Det enklaste s\u00e4ttet att k\u00f6pa \u00e4r online innan din resa:<\/p>\n\n<ul class=\"wp-block-list\">\n<li><strong><a href=\"https:\/\/vignettego.com\/\">VignetteGo<\/a><\/strong> \u2013 Snabbk\u00f6p med omedelbar bekr\u00e4ftelse<\/li>\n<li>Officiell webbplats f\u00f6r slovakiska eznamka.sk<\/li>\n<\/ul>\n\n<p>F\u00f6rdelar med onlinek\u00f6p: ingen v\u00e4ntan vid gr\u00e4nsbensinstationer, omedelbar aktivering, digital bekr\u00e4ftelse p\u00e5 din telefon, m\u00f6jlighet att v\u00e4lja framtida startdatum.<\/p>\n\n<h3 class=\"wp-block-heading\">Fysiska k\u00f6ppo\u00e4ng<\/h3>\n\n<ul class=\"wp-block-list\">\n<li>Bensinstationer (OMV, Shell, Slovnaft) \u00f6ver hela Slovakien<\/li>\n<li>Gr\u00e4ns\u00f6verg\u00e5ngar<\/li>\n<li>Postkontor<\/li>\n<li>NDS kundtj\u00e4nstcenter<\/li>\n<\/ul>\n\n<div style=\"height:25px\" aria-hidden=\"true\" class=\"wp-block-spacer\"><\/div>\n\n<div class=\"wp-block-buttons is-content-justification-center is-layout-flex wp-container-core-buttons-is-layout-a89b3969 wp-block-buttons-is-layout-flex\">\n<div class=\"wp-block-button\"><a class=\"wp-block-button__link wp-element-button\" href=\"https:\/\/vignettego.com\/\" style=\"background-color:#28a745;color:#ffffff;padding:15px 30px;font-size:18px;border-radius:8px;\">\u2705 F\u00e5 europeiska vinjetter \u2013 8 l\u00e4nder \u2013 p\u00e5 VignetteGo<\/a><\/div>\n<\/div>\n\n<div style=\"height:25px\" aria-hidden=\"true\" class=\"wp-block-spacer\"><\/div>\n\n<h2 class=\"wp-block-heading\">\ud83d\udee3\ufe0f Slovakiska motorv\u00e4gsn\u00e4tet<\/h2>\n\n<p>Slovakiens motorv\u00e4gsn\u00e4t f\u00f6rbinder huvudstaden Bratislava med st\u00f6rre st\u00e4der och grannl\u00e4nder. N\u00e4tverket h\u00e5ller fortfarande p\u00e5 att byggas ut, s\u00e4rskilt D1 till Ko\u0161ice. <\/p>\n\n<h3 class=\"wp-block-heading\">D1 \u2013 Bratislava till Ko\u0161ice (Huvudkorridoren)<\/h3>\n\n<p>Den huvudsakliga \u00f6st-v\u00e4stliga korridoren som <strong>f\u00f6rbinder Bratislava<\/strong> med <strong>Ko\u0161ice<\/strong>, passerar genom \u017dilina och H\u00f6ga Tatras. Detta \u00e4r ryggraden i det slovakiska motorv\u00e4gsn\u00e4tet. Notera: Vissa str\u00e4ckor \u00e4r fortfarande under uppbyggnad och kr\u00e4ver omledningar via vanliga v\u00e4gar. Total l\u00e4ngd n\u00e4r den \u00e4r klar: cirka 450 km.   <\/p>\n\n<h3 class=\"wp-block-heading\">D2 \u2013 Bratislava till tjeckiska gr\u00e4nsen<\/h3>\n\n<p>F\u00f6rbinder Bratislava norrut med <strong>Tjeckien<\/strong>, forts\u00e4tter mot Brno och Prag. Viktigt f\u00f6r resen\u00e4rer som kommer fr\u00e5n eller ska till <a href=\"https:\/\/vignettego.com\/highway-vignette-europe\/sv\/tjeckiska-motorvagsvignetten-2026-den-ultimata-e-znamka-guiden\/\">Tjeckien<\/a>. Total l\u00e4ngd: cirka 60 km.  <\/p>\n\n<h3 class=\"wp-block-heading\">D3 \u2013 \u017dilina till polska gr\u00e4nsen<\/h3>\n\n<p>F\u00f6rbinder \u017dilina med <strong>den polska gr\u00e4nsen vid Skalit\u00e9<\/strong> och forts\u00e4tter till Krak\u00f3w. Popul\u00e4r rutt f\u00f6r resen\u00e4rer till s\u00f6dra Polen. Total l\u00e4ngd: cirka 60 km.  <\/p>\n\n<h3 class=\"wp-block-heading\">D4 \u2013 Bratislava ringv\u00e4g<\/h3>\n\n<p>Omfartsv\u00e4gen runt Bratislava, som f\u00f6rbinder D1, D2 och v\u00e4gar till \u00d6sterrike och Ungern. Avg\u00f6rande f\u00f6r att undvika trafik i Bratislavas centrum. <\/p>\n\n<h3 class=\"wp-block-heading\">R Expressways<\/h3>\n\n<p>Slovakien har ocks\u00e5 flera motorv\u00e4gar (R roads) som kr\u00e4ver en vinjett:<\/p>\n\n<ul class=\"wp-block-list\">\n<li><strong>R1:<\/strong> Trnava till Bansk\u00e1 Bystrica<\/li>\n<li><strong>R2:<\/strong> Ko\u0161ice-omfarten<\/li>\n<li><strong>R3:<\/strong> \u017dilina till Martin<\/li>\n<li><strong>R4:<\/strong> Ko\u0161ice till Ungerns gr\u00e4ns<\/li>\n<li><strong>R6:<\/strong> Gr\u00e4nsen mellan Belu\u0161a och Tjeckien<\/li>\n<\/ul>\n\n<h2 class=\"wp-block-heading\">\ud83d\uddfa\ufe0f Popul\u00e4ra rutter genom Slovakien<\/h2>\n\n<h3 class=\"wp-block-heading\">Wien till Bratislava<\/h3>\n\n<p><strong>Avst\u00e5nd:<\/strong> ~65 km | <strong>Varaktighet:<\/strong> 45\u201360 minuter | <strong>Vinjetter beh\u00f6vs:<\/strong> \u00d6sterrikisk + slovakisk<\/p>\n\n<p>De tv\u00e5 huvudst\u00e4derna ligger anm\u00e4rkningsv\u00e4rt n\u00e4ra varandra\u2014en av de kortaste mellanstadsavst\u00e5nden i Europa. Ringv\u00e4gen D4 erbjuder en direkt f\u00f6rbindelse. <\/p>\n\n<h3 class=\"wp-block-heading\">Bratislava till Prag (via D2 och tjeckiska motorv\u00e4gar)<\/h3>\n\n<p><strong>Avst\u00e5nd:<\/strong> ~330 km | <strong>Varaktighet:<\/strong> 3,5\u20134 timmar | <strong>Vinjetter beh\u00f6vs:<\/strong> Slovakiska + <a href=\"https:\/\/vignettego.com\/highway-vignette-europe\/sv\/tjeckiska-motorvagsvignetten-2026-den-ultimata-e-znamka-guiden\/\">tjeckiska<\/a><\/p>\n\n<p>Direkt motorv\u00e4gsf\u00f6rbindelse mellan de tv\u00e5 huvudst\u00e4derna via Brno. Utm\u00e4rkta v\u00e4gf\u00f6rh\u00e5llanden \u00f6verallt. <\/p>\n\n<h3 class=\"wp-block-heading\">Bratislava till Budapest (via Ungern)<\/h3>\n\n<p><strong>Distans:<\/strong> ~200 km | <strong>Varaktighet:<\/strong> 2\u20132,5 timmar | <strong>Vinjetter beh\u00f6vs:<\/strong> Slovakiska + <a href=\"https:\/\/vignettego.com\/highway-vignette-europe\/sv\/ungern-motorvagsvinjett-2026\/\">ungerska E-Matrica<\/a><\/p>\n\n<p>Snabb f\u00f6rbindelse mellan de tv\u00e5 huvudst\u00e4derna via D2 och ungerska M15\/M1.<\/p>\n\n<h3 class=\"wp-block-heading\">Bratislava till H\u00f6ga Tatra (via D1)<\/h3>\n\n<p><strong>Avst\u00e5nd:<\/strong> ~330 km | <strong>Varaktighet:<\/strong> 4\u20134,5 timmar<\/p>\n\n<p>Obs: D1 \u00e4r inte helt f\u00e4rdigst\u00e4lld, s\u00e5 r\u00e4kna med vissa sektioner p\u00e5 vanliga v\u00e4gar. Fantastisk bergsvy v\u00e4ntar! <\/p>\n\n<h3 class=\"wp-block-heading\">Krak\u00f3w till Bratislava (via Polen-Slovakien)<\/h3>\n\n<p><strong>Distans:<\/strong> ~300 km | <strong>Varaktighet:<\/strong> 3,5\u20134 timmar | <strong>Vinjetter beh\u00f6vs:<\/strong> Slovakisk (polska motorv\u00e4gar anv\u00e4nder avgiftsavgift per kilometer)<\/p>\n\n<p>Via D3 genom \u017dilina, eller via gr\u00e4ns\u00f6verg\u00e5ngen vid Trsten\u00e1.<\/p>\n\n<div style=\"height:25px\" aria-hidden=\"true\" class=\"wp-block-spacer\"><\/div>\n\n<div class=\"wp-block-buttons is-content-justification-center is-layout-flex wp-container-core-buttons-is-layout-a89b3969 wp-block-buttons-is-layout-flex\">\n<div class=\"wp-block-button\"><a class=\"wp-block-button__link wp-element-button\" href=\"https:\/\/vignettego.com\/\" style=\"background-color:#ff6600;color:#ffffff;padding:15px 30px;font-size:18px;border-radius:8px;\">\ud83d\uded2 Best\u00e4ll alla europeiska vinjetter p\u00e5 VignetteGo<\/a><\/div>\n<\/div>\n\n<div style=\"height:25px\" aria-hidden=\"true\" class=\"wp-block-spacer\"><\/div>\n\n<h2 class=\"wp-block-heading\">\u26a0\ufe0f Viktiga E-Znamka-regler<\/h2>\n\n<h3 class=\"wp-block-heading\">Giltighetsperiod<\/h3>\n\n<ul class=\"wp-block-list\">\n<li><strong>10-dagars:<\/strong> Giltig i 10 p\u00e5 varandra f\u00f6ljande dagar fr\u00e5n det valda startdatumet<\/li>\n<li><strong>30-dagars:<\/strong> Giltigt i 30 p\u00e5 varandra f\u00f6ljande dagar fr\u00e5n det valda startdatumet<\/li>\n<li><strong>365-dagar:<\/strong> Giltigt i ett \u00e5r fr\u00e5n det valda startdatumet<\/li>\n<\/ul>\n\n<h3 class=\"wp-block-heading\">Registreringsskylt<\/h3>\n\n<p>E-Znamka \u00e4r registrerad p\u00e5 exakt ditt <strong>registreringsnummer<\/strong> och <strong>landkod<\/strong>. Dubbelkolla efter stavfel n\u00e4r du k\u00f6per! Misstag kr\u00e4ver att man k\u00f6per en ny vinjetter.  <\/p>\n\n<h3 class=\"wp-block-heading\">B\u00f6ter f\u00f6r bristande efterlevnad<\/h3>\n\n<ul class=\"wp-block-list\">\n<li><strong>Standardb\u00f6ter:<\/strong> 100 till 500 EUR<\/li>\n<li><strong>Reducerad b\u00f6ter:<\/strong> Om det betalas inom 15 dagar<\/li>\n<li>Tillsyn via automatiska kamerasystem (ANPR)<\/li>\n<\/ul>\n\n<h2 class=\"wp-block-heading\">\ud83d\udca1 Slovakien k\u00f6rtips f\u00f6r 2026<\/h2>\n\n<h3 class=\"wp-block-heading\">Hastighetsbegr\u00e4nsningar<\/h3>\n\n<ul class=\"wp-block-list\">\n<li><strong>Motorv\u00e4gar:<\/strong> 130 km\/h<\/li>\n<li><strong>Motorv\u00e4gar:<\/strong> 130 km\/h<\/li>\n<li><strong>Huvudv\u00e4gar utanf\u00f6r bebyggda omr\u00e5den:<\/strong> 90 km\/h<\/li>\n<li><strong>Stadsomr\u00e5den:<\/strong> 50 km\/h<\/li>\n<\/ul>\n\n<h3 class=\"wp-block-heading\">N\u00f6dv\u00e4ndig utrustning<\/h3>\n\n<ul class=\"wp-block-list\">\n<li>Varningstriangel<\/li>\n<li>Reflekterande v\u00e4st<\/li>\n<li>F\u00f6rsta hj\u00e4lpen-l\u00e5da<\/li>\n<li><strong>Str\u00e5lkastare:<\/strong> M\u00e5ste vara p\u00e5 hela tiden n\u00e4r man k\u00f6r (dag och natt).<\/li>\n<li><strong>Vinterutrustning:<\/strong> 15 november &#8211; 31 mars \u2013 vinterd\u00e4ck kr\u00e4vs n\u00e4r f\u00f6rh\u00e5llandena kr\u00e4ver det<\/li>\n<\/ul>\n\n<h3 class=\"wp-block-heading\">Nolltolerans f\u00f6r alkoholpolitik<\/h3>\n\n<p>Slovakien har <strong>nolltolerans<\/strong> mot rattfylleri. Alkoholgr\u00e4nsen i blodet \u00e4r 0,0%. Straffen \u00e4r h\u00e5rda.  <\/p>\n\n<h2 class=\"wp-block-heading\" id=\"faq-section\">\u2753 Vanliga fr\u00e5gor<\/h2>\n\n<h3 class=\"wp-block-heading\">\u00c4r motorv\u00e4g D1 f\u00e4rdigst\u00e4lld?<\/h3>\n\n<p>Nej, vissa delar av D1 mellan \u017dilina och Ko\u0161ice \u00e4r fortfarande under uppbyggnad. Navigationsappar leder dig via alternativa v\u00e4gar d\u00e4r det beh\u00f6vs. <\/p>\n\n<h3 class=\"wp-block-heading\">Beh\u00f6ver jag en vinjett f\u00f6r att korsa fr\u00e5n \u00d6sterrike till Ungern via Slovakien?<\/h3>\n\n<p>Ja, om du anv\u00e4nder slovakiska motorv\u00e4gar. Str\u00e4ckan fr\u00e5n Wien till Budapest via Bratislava kr\u00e4ver en slovakisk E-Znamka f\u00f6r den slovakiska str\u00e4ckan. <\/p>\n\n<h3 class=\"wp-block-heading\">Hur \u00e4r det med Bratislavas stadsk\u00e4rna?<\/h3>\n\n<p>Ingen vinjett beh\u00f6vs f\u00f6r vanliga v\u00e4gar i Bratislava. Endast motorv\u00e4gsstr\u00e4ckorna (D1, D2, D4) kr\u00e4ver en vinjetter. <\/p>\n\n<h3 class=\"wp-block-heading\">Kan jag anv\u00e4nda vanliga v\u00e4gar f\u00f6r att undvika att k\u00f6pa en vinjnett?<\/h3>\n\n<p>Ja, men det \u00f6kar restiden avsev\u00e4rt, s\u00e4rskilt vid l\u00e4ngre resor. Till exempel tar Bratislava till \u017dilina 2 timmar p\u00e5 D1 j\u00e4mf\u00f6rt med 3,5+ timmar p\u00e5 vanliga v\u00e4gar. <\/p>\n\n<div style=\"height:25px\" aria-hidden=\"true\" class=\"wp-block-spacer\"><\/div>\n\n<div class=\"wp-block-buttons is-content-justification-center is-layout-flex wp-container-core-buttons-is-layout-a89b3969 wp-block-buttons-is-layout-flex\">\n<div class=\"wp-block-button\"><a class=\"wp-block-button__link wp-element-button\" href=\"https:\/\/vignettego.com\/\" style=\"background-color:#e91e63;color:#ffffff;padding:15px 30px;font-size:18px;border-radius:8px;\">\ud83d\ude97 F\u00e5 dina europeiska motorv\u00e4gsvignetter p\u00e5 VignetteGo \u2192<\/a><\/div>\n<\/div>\n\n<div style=\"height:25px\" aria-hidden=\"true\" class=\"wp-block-spacer\"><\/div>\n\n<h2 class=\"wp-block-heading\">\ud83c\udfd4\ufe0f Varf\u00f6r bes\u00f6ka Slovakien?<\/h2>\n\n<ul class=\"wp-block-list\">\n<li><strong>H\u00f6ga Tatrabergen:<\/strong> V\u00e4rldens minsta h\u00f6ga berg\u2014spektakul\u00e4r alpin natur<\/li>\n<li><strong>Bratislava:<\/strong> Charmig huvudstad med en livlig Gamla stan och Donaufloden<\/li>\n<li><strong>Spi\u0161 slott:<\/strong> Ett av de st\u00f6rsta slottskomplexen i Centraleuropa (UNESCO)<\/li>\n<li><strong>Tr\u00e4kyrkor:<\/strong> Unika UNESCO-listade tr\u00e4kyrkor i \u00f6stra Slovakien<\/li>\n<li><strong>Termalbad:<\/strong> Utm\u00e4rkta termalorter som Pie\u0161\u0165any, Tren\u010dianske Teplice<\/li>\n<li><strong>Slovakiska paradiset:<\/strong> Fantastisk nationalpark med raviner, vattenfall och via ferrata-leder<\/li>\n<li><strong>Vinlandet:<\/strong> Lite k\u00e4nda vinregioner, s\u00e4rskilt Tokaj i \u00f6st<\/li>\n<\/ul>\n\n<h2 class=\"wp-block-heading\">\ud83d\udccd Slutsats<\/h2>\n\n<p>Slovakien erbjuder en perfekt blandning av natursk\u00f6nhet, rik historia och centraleuropeisk charm. E-Znamka-systemet \u00e4r enkelt \u2013 k\u00f6p online innan din resa och njut av problemfri k\u00f6rning p\u00e5 slovakiska motorv\u00e4gar. <\/p>\n\n<p>F\u00f6r resor \u00f6ver flera l\u00e4nder, kombinera din slovakiska E-Znamka med vinjetter fr\u00e5n <a href=\"https:\/\/vignettego.com\/highway-vignette-europe\/sv\/tjeckiska-motorvagsvignetten-2026-den-ultimata-e-znamka-guiden\/\">Tjeckien<\/a>, <a href=\"https:\/\/vignettego.com\/highway-vignette-europe\/sv\/osterrike-motorvagsvinjett-2026\/\">\u00d6sterrike<\/a>, <a href=\"https:\/\/vignettego.com\/highway-vignette-europe\/sv\/ungern-motorvagsvinjett-2026\/\">Ungern<\/a> och <a href=\"https:\/\/vignettego.com\/highway-vignette-europe\/sv\/slovenien-motorvagsvinjett-2026\/\">Slovenien<\/a>. F\u00e5 alla dina vinjetter samlade p\u00e5 ett st\u00e4lle p\u00e5 <a href=\"https:\/\/vignettego.com\/\" title=\"VignetteGo - Europeisk motorv&#xE4;gsvignetter\">VignetteGo<\/a>. <\/p>\n\n<p><strong>Njut av Slovakien! \ud83c\uddf8\ud83c\uddf0\ud83c\udfd4\ufe0f <\/strong><\/p>\n\n<p><strong>Relaterade guider:<\/strong> <a href=\"https:\/\/vignettego.com\/highway-vignette-europe\/sv\/tjeckiska-motorvagsvignetten-2026-den-ultimata-e-znamka-guiden\/\">Tjeckiska E-Znamka<\/a> | <a href=\"https:\/\/vignettego.com\/highway-vignette-europe\/sv\/ungern-motorvagsvinjett-2026\/\">Ungern E-Matrica<\/a> | <a href=\"https:\/\/vignettego.com\/\">Alla europeiska vinjetter<\/a><\/p>\n","protected":false},"excerpt":{"rendered":"<p>Slovakien \u00e4r en dold p\u00e4rla i Centraleuropa och erbjuder spektakul\u00e4r bergslandskap i H\u00f6ga Tatra, charmiga medeltida st\u00e4der som Bardejov och Levo\u010da, mystiska slott och utm\u00e4rkta termalbad. Oavsett om du transiterar genom Slovakien till Polen, Ukraina eller Ungern, eller utforskar detta vackra land, beh\u00f6ver du den slovakiska E-Znamka (elektronisk vinjetter). Denna guide t\u00e4cker allt om det [&hellip;]<\/p>\n","protected":false},"author":0,"featured_media":0,"parent":0,"menu_order":0,"comment_status":"closed","ping_status":"closed","template":"","meta":{"footnotes":""},"class_list":["post-1163","page","type-page","status-publish","hentry"],"_links":{"self":[{"href":"https:\/\/vignettego.com\/highway-vignette-europe\/sv\/wp-json\/wp\/v2\/pages\/1163","targetHints":{"allow":["GET"]}}],"collection":[{"href":"https:\/\/vignettego.com\/highway-vignette-europe\/sv\/wp-json\/wp\/v2\/pages"}],"about":[{"href":"https:\/\/vignettego.com\/highway-vignette-europe\/sv\/wp-json\/wp\/v2\/types\/page"}],"replies":[{"embeddable":true,"href":"https:\/\/vignettego.com\/highway-vignette-europe\/sv\/wp-json\/wp\/v2\/comments?post=1163"}],"version-history":[{"count":3,"href":"https:\/\/vignettego.com\/highway-vignette-europe\/sv\/wp-json\/wp\/v2\/pages\/1163\/revisions"}],"predecessor-version":[{"id":1477,"href":"https:\/\/vignettego.com\/highway-vignette-europe\/sv\/wp-json\/wp\/v2\/pages\/1163\/revisions\/1477"}],"wp:attachment":[{"href":"https:\/\/vignettego.com\/highway-vignette-europe\/sv\/wp-json\/wp\/v2\/media?parent=1163"}],"curies":[{"name":"wp","href":"https:\/\/api.w.org\/{rel}","templated":true}]}}