{"id":1148,"date":"2026-01-04T11:33:51","date_gmt":"2026-01-04T11:33:51","guid":{"rendered":"https:\/\/vignettego.com\/highway-vignette-europe\/vinjeta-austrija-2026\/"},"modified":"2026-01-04T11:34:15","modified_gmt":"2026-01-04T11:34:15","slug":"vinjeta-austrija-2026","status":"publish","type":"page","link":"https:\/\/vignettego.com\/highway-vignette-europe\/sr\/vinjeta-austrija-2026\/","title":{"rendered":"Vinjeta Austrija 2026: Kompletan vodi\u010d Digitale Vignette"},"content":{"rendered":"\n<img decoding=\"async\" src=\"https:\/\/vignettego.com\/highway-vignette-europe\/wp-content\/uploads\/2026\/09\/Highway-Vignette-Europe.jpg\" alt=\"Evropska autoputna vinjeta 2026\" style=\"width:100%; height:auto; margin-bottom:20px;\">\n\n<h1 class=\"wp-block-heading\">Autoputna vinjeta 2026: Kompletan vodi\u010d<\/h1>\n<p>Kompletan vodi\u010d o autoputnim vinjetama. Vinjete su obavezne za vo\u017enju autoputevima.<\/p>\n<div style=\"height:25px\" aria-hidden=\"true\" class=\"wp-block-spacer\"><\/div>\n\n<div class=\"wp-block-buttons is-content-justification-center is-layout-flex wp-container-core-buttons-is-layout-a89b3969 wp-block-buttons-is-layout-flex\"><div class=\"wp-block-button\"><a class=\"wp-block-button__link wp-element-button\" href=\"https:\/\/vignettego.com\/\" style=\"background-color:#0066cc;color:#fff;padding:15px 30px;font-size:18px;border-radius:8px;\">\ud83d\ude97 Kupite vinjetu ovde<\/a><\/div><\/div>\n\n<div style=\"height:25px\" aria-hidden=\"true\" class=\"wp-block-spacer\"><\/div>\n<h2 class=\"wp-block-heading\">Cene vinjeta 2026<\/h2>\n\n<figure class=\"wp-block-table\"><table><thead><tr><th>Trajanje<\/th><th>Cena<\/th><\/tr><\/thead><tbody><tr><td>Nedelja<\/td><td>\u20ac15-20<\/td><\/tr><tr><td>Mesec<\/td><td>\u20ac25-35<\/td><\/tr><tr><td>Godina<\/td><td>\u20ac90-120<\/td><\/tr><\/tbody><\/table><\/figure>\n\n<div style=\"height:25px\" aria-hidden=\"true\" class=\"wp-block-spacer\"><\/div>\n\n<div class=\"wp-block-buttons is-content-justification-center is-layout-flex wp-container-core-buttons-is-layout-a89b3969 wp-block-buttons-is-layout-flex\"><div class=\"wp-block-button\"><a class=\"wp-block-button__link wp-element-button\" href=\"https:\/\/vignettego.com\/\" style=\"background-color:#28a745;color:#fff;padding:15px 30px;font-size:18px;border-radius:8px;\">\u2705 Vinjete za 8 evropskih zemalja<\/a><\/div><\/div>\n\n<div style=\"height:25px\" aria-hidden=\"true\" class=\"wp-block-spacer\"><\/div>\n<p>Za putovanje kroz vi\u0161e zemalja posetite <a href=\"https:\/\/vignettego.com\/\" title=\"Evropske vinjete\">VignetteGo<\/a>.<\/p>","protected":false},"excerpt":{"rendered":"<p>Autoputna vinjeta 2026: Kompletan vodi\u010d Kompletan vodi\u010d o autoputnim vinjetama. Vinjete su obavezne za vo\u017enju autoputevima. Cene vinjeta 2026 Trajanje Cena Nedelja \u20ac15-20 Mesec \u20ac25-35 Godina \u20ac90-120 Za putovanje kroz vi\u0161e zemalja posetite VignetteGo.<\/p>\n","protected":false},"author":0,"featured_media":0,"parent":0,"menu_order":0,"comment_status":"closed","ping_status":"closed","template":"","meta":{"footnotes":""},"class_list":["post-1148","page","type-page","status-publish","hentry"],"_links":{"self":[{"href":"https:\/\/vignettego.com\/highway-vignette-europe\/sr\/wp-json\/wp\/v2\/pages\/1148","targetHints":{"allow":["GET"]}}],"collection":[{"href":"https:\/\/vignettego.com\/highway-vignette-europe\/sr\/wp-json\/wp\/v2\/pages"}],"about":[{"href":"https:\/\/vignettego.com\/highway-vignette-europe\/sr\/wp-json\/wp\/v2\/types\/page"}],"replies":[{"embeddable":true,"href":"https:\/\/vignettego.com\/highway-vignette-europe\/sr\/wp-json\/wp\/v2\/comments?post=1148"}],"version-history":[{"count":1,"href":"https:\/\/vignettego.com\/highway-vignette-europe\/sr\/wp-json\/wp\/v2\/pages\/1148\/revisions"}],"predecessor-version":[{"id":1156,"href":"https:\/\/vignettego.com\/highway-vignette-europe\/sr\/wp-json\/wp\/v2\/pages\/1148\/revisions\/1156"}],"wp:attachment":[{"href":"https:\/\/vignettego.com\/highway-vignette-europe\/sr\/wp-json\/wp\/v2\/media?parent=1148"}],"curies":[{"name":"wp","href":"https:\/\/api.w.org\/{rel}","templated":true}]}}