{"id":651,"date":"2026-01-04T01:39:43","date_gmt":"2026-01-04T01:39:43","guid":{"rendered":"https:\/\/vignettego.com\/highway-vignette-europe\/vinjeta-e-autostrades-se-rumanise-2026-udhezuesi-i-plote-i-rovinieta\/"},"modified":"2026-01-04T12:40:02","modified_gmt":"2026-01-04T12:40:02","slug":"vinjeta-e-autostrades-se-rumanise-2026-udhezuesi-i-plote-i-rovinieta","status":"publish","type":"page","link":"https:\/\/vignettego.com\/highway-vignette-europe\/sq\/vinjeta-e-autostrades-se-rumanise-2026-udhezuesi-i-plote-i-rovinieta\/","title":{"rendered":"Vinjeta e autostrad\u00ebs s\u00eb Rumanis\u00eb 2026: Udh\u00ebzuesi i plot\u00eb i Rovinieta"},"content":{"rendered":"\n<script type=\"application\/ld+json\">{\n    \"@context\": \"https:\/\/schema.org\",\n    \"@graph\": [\n        {\n            \"@type\": \"Article\",\n            \"@id\": \"https:\/\/vignettego.com\/highway-vignette-europe\/romania-highway-vignette-guide\/#article\",\n            \"headline\": \"Romania Highway Vignette 2026: Complete Rovinieta Guide\",\n            \"description\": \"Everything about Romanian electronic highway vignettes (Rovinieta). Europe most affordable toll system! Learn about pricing, validity, Transylvania routes, and the famous Transf\u0103g\u0103r\u0103\u0219an road.\",\n            \"image\": \"https:\/\/vignettego.com\/highway-vignette-europe\/wp-content\/uploads\/2026\/09\/Highway-Vignette-Europe.jpg\",\n            \"datePublished\": \"2026-01-04\",\n            \"dateModified\": \"2026-01-04\",\n            \"author\": {\"@type\": \"Organization\", \"name\": \"VignetteGo\", \"url\": \"https:\/\/vignettego.com\"},\n            \"publisher\": {\"@type\": \"Organization\", \"name\": \"VignetteGo\"},\n            \"mainEntityOfPage\": {\"@type\": \"WebPage\", \"@id\": \"https:\/\/vignettego.com\/highway-vignette-europe\/romania-highway-vignette-guide\/\"},\n            \"articleSection\": \"Highway Vignettes\",\n            \"keywords\": [\"Romania vignette\", \"Rovinieta\", \"Romania highway toll\", \"Romanian motorway pass\", \"Transylvania road trip\", \"Transfagarasan\"],\n            \"inLanguage\": \"en\",\n            \"speakable\": {\"@type\": \"SpeakableSpecification\", \"cssSelector\": [\".article-intro\", \"#faq-section\"]}\n        },\n        {\n            \"@type\": \"BreadcrumbList\",\n            \"itemListElement\": [\n                {\"@type\": \"ListItem\", \"position\": 1, \"name\": \"VignetteGo\", \"item\": \"https:\/\/vignettego.com\/\"},\n                {\"@type\": \"ListItem\", \"position\": 2, \"name\": \"Highway Vignette Europe\", \"item\": \"https:\/\/vignettego.com\/highway-vignette-europe\/\"},\n                {\"@type\": \"ListItem\", \"position\": 3, \"name\": \"Romania Guide\", \"item\": \"https:\/\/vignettego.com\/highway-vignette-europe\/romania-highway-vignette-guide\/\"}\n            ]\n        },\n        {\n            \"@type\": \"FAQPage\",\n            \"mainEntity\": [\n                {\"@type\": \"Question\", \"name\": \"How much does the Romanian Rovinieta cost?\", \"acceptedAnswer\": {\"@type\": \"Answer\", \"text\": \"The Romanian Rovinieta is Europe cheapest highway vignette! A 7-day vignette costs approximately EUR 3.50, 30-day costs EUR 7, and annual costs just EUR 28.\"}},\n                {\"@type\": \"Question\", \"name\": \"Where can I buy the Romanian Rovinieta?\", \"acceptedAnswer\": {\"@type\": \"Answer\", \"text\": \"You can buy the Rovinieta online at VignetteGo or the official roviniete.ro website, or at gas stations and border crossings in Romania. Online purchase is recommended for convenience.\"}},\n                {\"@type\": \"Question\", \"name\": \"Is the Transf\u0103g\u0103r\u0103\u0219an road toll-free?\", \"acceptedAnswer\": {\"@type\": \"Answer\", \"text\": \"Yes, the Transf\u0103g\u0103r\u0103\u0219an (DN7C) is a national road, not a motorway, so no Rovinieta is needed specifically for it. However, you will likely use toll roads to reach it, so a Rovinieta is still recommended.\"}},\n                {\"@type\": \"Question\", \"name\": \"What are the fines for driving without Rovinieta?\", \"acceptedAnswer\": {\"@type\": \"Answer\", \"text\": \"Fines for driving without a valid Rovinieta range from EUR 50-200 depending on how far you traveled without one. With a 7-day vignette costing just EUR 3.50, there is no reason to risk a fine.\"}},\n                {\"@type\": \"Question\", \"name\": \"Which roads require Rovinieta in Romania?\", \"acceptedAnswer\": {\"@type\": \"Answer\", \"text\": \"The Rovinieta is required on all national roads (DN roads) and motorways (autostrada) in Romania. This includes the A1, A2, A3, A10, and all DN-numbered roads.\"}}\n            ]\n        }\n    ]\n}\n<\/script>\n\n<figure class=\"wp-block-image aligncenter size-large\"><img decoding=\"async\" src=\"https:\/\/vignettego.com\/highway-vignette-europe\/wp-content\/uploads\/2026\/09\/Highway-Vignette-Europe.jpg\" alt=\"Rumania Rovinieta 2026 - Udh&#xEB;zues i plot&#xEB; p&#xEB;r sistemin e vinjetave t&#xEB; autostrad&#xEB;s rumune\" style=\"width:100%; height:auto; margin-bottom:20px;\"\/><\/figure>\n\n<p class=\"article-intro\">Rumania ofron disa nga destinacionet m\u00eb spektakolare t\u00eb udh\u00ebtimit rrugor n\u00eb Evrop\u00eb &#8211; nga k\u00ebshtjellat legjendare t\u00eb Transilvanis\u00eb deri te plazhet mahnit\u00ebse t\u00eb Detit t\u00eb Zi, malet madh\u00ebshtore t\u00eb Karpateve deri te Delta unike e Danubit. Dhe k\u00ebtu \u00ebsht\u00eb lajmi m\u00eb i mir\u00eb: Rumania ka <strong>vinjet\u00ebn m\u00eb t\u00eb p\u00ebrballueshme t\u00eb autostrad\u00ebs n\u00eb Evrop\u00eb<\/strong>, t\u00eb quajtur <strong>Rovinieta<\/strong>. Me vet\u00ebm disa euro p\u00ebr nj\u00eb jav\u00eb, eksplorimi i Rumanis\u00eb me makin\u00eb \u00ebsht\u00eb tep\u00ebr buxhetor. Ky udh\u00ebzues gjith\u00ebp\u00ebrfshir\u00ebs mbulon gjith\u00e7ka q\u00eb duhet t\u00eb dini p\u00ebr rrug\u00ebt rumune me pages\u00eb n\u00eb vitin 2026, duke p\u00ebrfshir\u00eb Transf\u0103g\u0103r\u0103\u0219an &#8211; nj\u00eb nga rrug\u00ebt m\u00eb t\u00eb mira n\u00eb bot\u00eb.   <\/p>\n\n<div style=\"height:25px\" aria-hidden=\"true\" class=\"wp-block-spacer\"><\/div>\n\n<div class=\"wp-block-buttons is-content-justification-center is-layout-flex wp-container-core-buttons-is-layout-a89b3969 wp-block-buttons-is-layout-flex\">\n<div class=\"wp-block-button\"><a class=\"wp-block-button__link wp-element-button\" href=\"https:\/\/vignettego.com\/\" style=\"background-color:#0066cc;color:#ffffff;padding:15px 30px;font-size:18px;border-radius:8px;\">\ud83d\ude97 Merrni roviniet\u00ebn tuaj rumune n\u00eb VignetteGo<\/a><\/div>\n<\/div>\n\n<div style=\"height:25px\" aria-hidden=\"true\" class=\"wp-block-spacer\"><\/div>\n\n<h2 class=\"wp-block-heading\">\ud83c\uddf7\ud83c\uddf4 \u00c7far\u00eb \u00ebsht\u00eb rovinieta rumune?<\/h2>\n\n<p>Rumania operon nj\u00eb <strong>sistem elektronik t\u00eb tarifave t\u00eb bazuar n\u00eb koh\u00eb<\/strong> t\u00eb quajtur <strong>Rovinieta<\/strong> (nga &#8220;vinjeta rrugore&#8221; n\u00eb rumunisht). Sistemi \u00ebsht\u00eb plot\u00ebsisht dixhital &#8211; targa juaj regjistrohet n\u00eb nj\u00eb baz\u00eb t\u00eb dh\u00ebnash qendrore dhe verifikohet nga kamerat e zbatimit n\u00eb t\u00eb gjith\u00eb vendin. Nuk nevojitet ngjit\u00ebse fizike; Gjith\u00e7ka \u00ebsht\u00eb elektronike.  <\/p>\n\n<p>Rovinieta mbulon t\u00eb gjitha rrug\u00ebt komb\u00ebtare (DN &#8211; drum na\u021bional) dhe autostradat (autostrad\u0103) n\u00eb Rumani. Sistemi menaxhohet nga CNAIR (Compania Na\u021bional\u0103 de Administrare a Infrastructurii Rutiere), dhe vinjetat mund t\u00eb blihen n\u00eb internet, duke e b\u00ebr\u00eb at\u00eb jasht\u00ebzakonisht t\u00eb p\u00ebrshtatsh\u00ebm p\u00ebr vizitor\u00ebt. <\/p>\n\n<h2 class=\"wp-block-heading\">\ud83d\udccb \u00c7mimi i Rovinieta Rumanie 2026 \ud83d\udcb0 M\u00cb I LIRI N\u00cb EVROP\u00cb!<\/h2>\n\n<p>Rumania ofron <strong>\u00e7mimet m\u00eb t\u00eb p\u00ebrballueshme t\u00eb vinjetave t\u00eb autostrad\u00ebs n\u00eb t\u00eb gjith\u00eb Evrop\u00ebn<\/strong>. Ja pse Rumania duhet t\u00eb jet\u00eb n\u00eb krye t\u00eb list\u00ebs s\u00eb \u00e7do udh\u00ebtuesi buxhetor: <\/p>\n\n<figure class=\"wp-block-table\"><table><thead><tr><th>Periudha e vlefshm\u00ebris\u00eb<\/th><th>Makina (deri n\u00eb 3.5t)<\/th><th>Moto\u00e7ikleta<\/th><\/tr><\/thead><tbody><tr><td><strong>7 dit\u00eb<\/strong><\/td><td>~ 3.50 EUR<\/td><td>~ 1.80 EUR<\/td><\/tr><tr><td><strong>30 dit\u00eb<\/strong><\/td><td>~ EUR 7.00<\/td><td>~ 3.50 EUR<\/td><\/tr><tr><td><strong>90 dit\u00eb<\/strong><\/td><td>~EUR 13.00<\/td><td>~ 6.50 EUR<\/td><\/tr><tr><td><strong>Vjetore<\/strong><\/td><td>~EUR 28.00<\/td><td>~EUR 14.00<\/td><\/tr><\/tbody><\/table><\/figure>\n\n<p><strong>Po, e lexuat mir\u00eb!<\/strong>  Nj\u00eb jav\u00eb vozitje t\u00eb pakufizuar n\u00eb t\u00eb gjitha rrug\u00ebt dhe autostradat komb\u00ebtare rumune p\u00ebr vet\u00ebm 3.50 euro. Krahasojeni k\u00ebt\u00eb me Zvicr\u00ebn (40 EUR p\u00ebr vinjet\u00ebn vjetore, jo opsione m\u00eb t\u00eb shkurtra) ose Austrin\u00eb (11.50 EUR p\u00ebr 10 dit\u00eb), dhe do t\u00eb shihni pse Rumania \u00ebsht\u00eb nj\u00eb \u00ebnd\u00ebrr udh\u00ebtari. <\/p>\n\n<div style=\"height:25px\" aria-hidden=\"true\" class=\"wp-block-spacer\"><\/div>\n\n<div class=\"wp-block-buttons is-content-justification-center is-layout-flex wp-container-core-buttons-is-layout-a89b3969 wp-block-buttons-is-layout-flex\">\n<div class=\"wp-block-button\"><a class=\"wp-block-button__link wp-element-button\" href=\"https:\/\/vignettego.com\/\" style=\"background-color:#28a745;color:#ffffff;padding:15px 30px;font-size:18px;border-radius:8px;\">\u2705 Merrni vinjetat tuaja evropiane \u2013 t\u00eb gjitha vendet \u2013 n\u00eb VignetteGo<\/a><\/div>\n<\/div>\n\n<div style=\"height:25px\" aria-hidden=\"true\" class=\"wp-block-spacer\"><\/div>\n\n<h2 class=\"wp-block-heading\">\ud83d\udee3\ufe0f Rrjeti rrugor rumun<\/h2>\n\n<p>Rumania ka zgjeruar me shpejt\u00ebsi rrjetin e saj t\u00eb autostradave, megjith\u00ebse pjesa m\u00eb e madhe e vendit ende sh\u00ebrbehet nga rrug\u00ebt komb\u00ebtare (rrug\u00ebt DN). K\u00ebtu jan\u00eb rrug\u00ebt kryesore: <\/p>\n\n<h3 class=\"wp-block-heading\">A1 \u2013 Bukureshti n\u00eb Pite\u0219ti dhe m\u00eb gjer\u00eb<\/h3>\n\n<p>Autostrada m\u00eb e vjet\u00ebr rumune, q\u00eb lidh <strong>Bukureshtetin me Pite\u0219ti<\/strong> (af\u00ebrsisht 110 km). Zgjerimet drejt Sibiu jan\u00eb n\u00eb vazhdim. Kjo \u00ebsht\u00eb rruga kryesore drejt Transilvanis\u00eb nga Bukureshti, q\u00eb lidhet me DN7 dhe DN1 p\u00ebr udh\u00ebtimin e m\u00ebtejsh\u00ebm.  <\/p>\n\n<h3 class=\"wp-block-heading\">A2 \u2013 Bukuresht n\u00eb Konstanc\u00eb (Autostrada e Diellit)<\/h3>\n\n<p><strong>Autostrada Soarelui (Autostrada e<\/strong> Diellit) lidh <strong>Bukureshtetin me Konstanc\u00ebn<\/strong> dhe bregdetin e Detit t\u00eb Zi. Af\u00ebrsisht 200 km. Kjo \u00ebsht\u00eb rruga kryesore p\u00ebr pushime n\u00eb plazh n\u00eb Mamaia, Constan\u021ba, Vama Veche dhe vendpushime t\u00eb tjera bregdetare.  <\/p>\n\n<h3 class=\"wp-block-heading\">A3 \u2013 Autostrada e Transilvanis\u00eb (n\u00eb nd\u00ebrtim e sip\u00ebr)<\/h3>\n\n<p>Kur t\u00eb p\u00ebrfundoj\u00eb, do t\u00eb lidh\u00eb Bukureshtin me Bra\u0219ov, duke vazhduar p\u00ebrmes Transilvanis\u00eb deri n\u00eb kufirin hungarez. Aktualisht, disa seksione jan\u00eb t\u00eb hapura, duke p\u00ebrfshir\u00eb rreth Turda dhe Cluj-Napoca. <\/p>\n\n<h3 class=\"wp-block-heading\">A10 \u2013 Sebe\u0219 n\u00eb Turda<\/h3>\n\n<p>Pjes\u00eb e korridorit t\u00eb ardhsh\u00ebm t\u00eb Transilvanis\u00eb, q\u00eb lidh qytetet kryesore n\u00eb Rumanin\u00eb qendrore.<\/p>\n\n<h3 class=\"wp-block-heading\">DN1 \u2013 Rruga klasike e Transilvanis\u00eb<\/h3>\n\n<p><strong>DN1 legjendar (E60)<\/strong> lidh Bukureshtetin me Bra\u0219ov, duke vazhduar p\u00ebrmes zemr\u00ebs s\u00eb Transilvanis\u00eb n\u00eb Sibiu, Alba Iulia, Cluj-Napoca dhe m\u00eb tej n\u00eb Hungari. Kjo rrug\u00eb historike kalon n\u00ebp\u00ebr peizazhe mahnit\u00ebse malore dhe qytete mesjetare. <\/p>\n\n<h2 class=\"wp-block-heading\">\ud83c\udfd4\ufe0f Transf\u0103g\u0103r\u0103\u0219an \u2013 Rruga m\u00eb e mir\u00eb n\u00eb bot\u00eb<\/h2>\n\n<p><strong>Autostrada Transf\u0103g\u0103r\u0103\u0219an (DN7C)<\/strong> \u00ebsht\u00eb quajtur &#8220;rruga m\u00eb e mir\u00eb n\u00eb bot\u00eb&#8221; nga Top Gear. Kjo rrug\u00eb spektakolare malore p\u00ebrshkon malet F\u0103g\u0103ra\u0219 n\u00eb 2,042 metra lart\u00ebsi, duke shfaqur kthesa dramatike, tunele dhe pamje mahnit\u00ebse. <\/p>\n\n<p><strong>Informacioni ky\u00e7:<\/strong><\/p>\n\n<ul class=\"wp-block-list\">\n<li><strong>Gjat\u00ebsia:<\/strong> P\u00ebraf\u00ebrsisht 90 km rrug\u00eb malore<\/li>\n<li><strong>Hapur:<\/strong> Zakonisht nga fundi i qershorit deri n\u00eb fund t\u00eb tetorit (n\u00eb var\u00ebsi t\u00eb motit)<\/li>\n<li><strong>Rruga:<\/strong> Lidh Curtea de Arge\u0219 me Sibiu n\u00ebp\u00ebrmjet maleve F\u0103g\u0103ra\u0219<\/li>\n<li><strong>Pikat kryesore:<\/strong> Liqeni B\u00e2lea (liqeni akullnajor n\u00eb maj\u00eb), Uj\u00ebvara B\u00e2lea, peizazh mahnit\u00ebs alpin<\/li>\n<li><strong>Pagesa:<\/strong> Vet\u00eb Transf\u0103g\u0103r\u0103\u0219an \u00ebsht\u00eb nj\u00eb rrug\u00eb komb\u00ebtare (DN), k\u00ebshtu q\u00eb nuk ka tarif\u00eb shtes\u00eb p\u00ebrtej Rovinieta<\/li>\n<\/ul>\n\n<p><strong>K\u00ebshill\u00eb profesionale:<\/strong> Rruga \u00ebsht\u00eb jasht\u00ebzakonisht e popullarizuar n\u00eb ver\u00eb. Filloni her\u00ebt n\u00eb m\u00ebngjes p\u00ebr t\u00eb shmangur turmat dhe shijoni drit\u00ebn m\u00eb t\u00eb mir\u00eb t\u00eb fotografis\u00eb. <\/p>\n\n<div style=\"height:25px\" aria-hidden=\"true\" class=\"wp-block-spacer\"><\/div>\n\n<div class=\"wp-block-buttons is-content-justification-center is-layout-flex wp-container-core-buttons-is-layout-a89b3969 wp-block-buttons-is-layout-flex\">\n<div class=\"wp-block-button\"><a class=\"wp-block-button__link wp-element-button\" href=\"https:\/\/vignettego.com\/\" style=\"background-color:#ff6600;color:#ffffff;padding:15px 30px;font-size:18px;border-radius:8px;\">\ud83d\uded2 Blini Rovinieta rumune tani \u2013 vet\u00ebm 3.50 euro p\u00ebr 7 dit\u00eb!<\/a><\/div>\n<\/div>\n\n<div style=\"height:25px\" aria-hidden=\"true\" class=\"wp-block-spacer\"><\/div>\n\n<h2 class=\"wp-block-heading\">\ud83d\udcbb Si t\u00eb blini Rovinieta rumune<\/h2>\n\n<p>Blerja e nj\u00eb Rovinieta rumune \u00ebsht\u00eb e thjesht\u00eb:<\/p>\n\n<h3 class=\"wp-block-heading\">Opsioni 1: Online p\u00ebrmes VignetteGo (Rekomandohet)<\/h3>\n\n<ol class=\"wp-block-list\">\n<li>Vizitoni <a href=\"https:\/\/vignettego.com\/\" title=\"Blini Rovinieta rumune n&#xEB; internet\">VignetteGo.com<\/a><\/li>\n<li>Zgjidhni Rumanin\u00eb dhe periudh\u00ebn tuaj t\u00eb d\u00ebshiruar t\u00eb vlefshm\u00ebris\u00eb<\/li>\n<li>Futni t\u00eb dh\u00ebnat e regjistrimit t\u00eb automjetit (targ\u00ebs)<\/li>\n<li>Pagesa e plot\u00eb e sigurt<\/li>\n<li>Merrni konfirmim t\u00eb menj\u00ebhersh\u00ebm &#8211; i vlefsh\u00ebm menj\u00ebher\u00eb!<\/li>\n<\/ol>\n\n<h3 class=\"wp-block-heading\">Opsioni 2: Faqja zyrtare e roviniete.ro<\/h3>\n\n<p>Faqja zyrtare e autoritetit rrugor rumun ofron blerje direkte n\u00eb rumunisht dhe anglisht.<\/p>\n\n<h3 class=\"wp-block-heading\">Opsioni 3: Pikat fizike t\u00eb shitjes<\/h3>\n\n<p>Rovinieta mund t\u00eb blihet n\u00eb pikat kufitare, pikat e karburantit (Petrom, OMV, Mol, Rompetrol) dhe zyrat postare rumune.<\/p>\n\n<h2 class=\"wp-block-heading\">\u26a0\ufe0f Gjoba p\u00ebr vozitje pa Rovinieta<\/h2>\n\n<p>Pavar\u00ebsisht kostos tep\u00ebr t\u00eb ul\u00ebt, disa udh\u00ebtar\u00eb p\u00ebrpiqen t\u00eb shmangin blerjen e Rovinieta. Ky \u00ebsht\u00eb nj\u00eb gabim &#8211; gjobat zbatohen: <\/p>\n\n<ul class=\"wp-block-list\">\n<li><strong>Gjoba standarde:<\/strong> 50-200 EUR n\u00eb var\u00ebsi t\u00eb distanc\u00ebs s\u00eb p\u00ebrshkuar<\/li>\n<li><strong>Zbatimi:<\/strong> Sistemet automatike t\u00eb kamerave n\u00eb t\u00eb gjith\u00eb vendin<\/li>\n<\/ul>\n\n<p><strong>Me nj\u00eb leje javore q\u00eb kushton 3.50 euro kundrejt nj\u00eb gjobe t\u00eb mundshme prej 200 euro, zgjedhja \u00ebsht\u00eb e qart\u00eb!<\/strong><\/p>\n\n<h2 class=\"wp-block-heading\">\ud83d\uddfa\ufe0f Rrug\u00ebt e njohura t\u00eb udh\u00ebtimit rrugor rumun<\/h2>\n\n<h3 class=\"wp-block-heading\">Bukureshti n\u00eb Bra\u0219ov (porta p\u00ebr n\u00eb Transilvani)<\/h3>\n\n<p><strong>Larg\u00ebsia:<\/strong> ~170 km | <strong>Koh\u00ebzgjatja:<\/strong> 2.5-3 or\u00eb | <strong>Rruga:<\/strong> DN1 ose A3 (aty ku disponohet)<\/p>\n\n<p>Rruga klasike n\u00eb Transilvani. Bra\u0219ov \u00ebsht\u00eb nj\u00eb qytet mahnit\u00ebs mesjetar i rrethuar nga male, i p\u00ebrsosur si baz\u00eb p\u00ebr t\u00eb eksploruar k\u00ebshtjellat (Bran, Pele\u0219) dhe Karpatet. <\/p>\n\n<h3 class=\"wp-block-heading\">Bukuresht n\u00eb Konstanc\u00eb (Deti i Zi)<\/h3>\n\n<p><strong>Distanca:<\/strong> ~225 km | <strong>Koh\u00ebzgjatja:<\/strong> 2.5 or\u00eb | <strong>Rruga:<\/strong> A2 (Autostrada e Diellit)<\/p>\n\n<p>Drejtohuni n\u00eb bregdetin e Detit t\u00eb Zi n\u00eb autostrad\u00ebn m\u00eb t\u00eb re t\u00eb Rumanis\u00eb. Constan\u021ba \u00ebsht\u00eb nj\u00eb qytet port i lasht\u00eb; aty pran\u00eb Mamaia \u00ebsht\u00eb vendpushimi kryesor i plazhit n\u00eb vend. <\/p>\n\n<h3 class=\"wp-block-heading\">Qarku i Kalas\u00eb s\u00eb Transilvanis\u00eb<\/h3>\n\n<p><strong>Rruga:<\/strong> Kalaja Bra\u0219ov \u2192 Bran \u2192 R\u00e2\u0219nov \u2192 Kalaja Pele\u0219 (Sinaia) \u2192 kthimi n\u00eb Bra\u0219ov<\/p>\n\n<p>Vizitoni k\u00ebshtjell\u00ebn e famshme t\u00eb Drakul\u00ebs (Bran), k\u00ebshtjell\u00ebn mahnit\u00ebse Pele\u0219 dhe k\u00ebshtjell\u00ebn mesjetare t\u00eb R\u00e2\u0219nov &#8211; t\u00eb gjitha n\u00eb nj\u00eb udh\u00ebtim ditor nga Bra\u0219ov.<\/p>\n\n<h3 class=\"wp-block-heading\">Turneu i plot\u00eb i Transilvanis\u00eb<\/h3>\n\n<p><strong>Rruga:<\/strong> Bukuresht \u2192 Bra\u0219ov \u2192 Sighi\u0219oara \u2192 Sibiu \u2192 Transf\u0103g\u0103r\u0103\u0219an \u2192 Bukuresht<\/p>\n\n<p>Nj\u00eb qark 5-7 ditor q\u00eb mbulon m\u00eb t\u00eb mir\u00ebn e Transilvanis\u00eb: qytetet mesjetare, peizazhet malore dhe rrug\u00ebn legjendare Transf\u0103g\u0103r\u0103\u0219an.<\/p>\n\n<div style=\"height:25px\" aria-hidden=\"true\" class=\"wp-block-spacer\"><\/div>\n\n<div class=\"wp-block-buttons is-content-justification-center is-layout-flex wp-container-core-buttons-is-layout-a89b3969 wp-block-buttons-is-layout-flex\">\n<div class=\"wp-block-button\"><a class=\"wp-block-button__link wp-element-button\" href=\"https:\/\/vignettego.com\/\" style=\"background-color:#9c27b0;color:#ffffff;padding:15px 30px;font-size:18px;border-radius:8px;\">\ud83c\udf0d Planifikoni aventur\u00ebn tuaj rumune me VignetteGo<\/a><\/div>\n<\/div>\n\n<div style=\"height:25px\" aria-hidden=\"true\" class=\"wp-block-spacer\"><\/div>\n\n<h2 class=\"wp-block-heading\">\ud83d\udca1 K\u00ebshilla p\u00ebr drejtimin e Rumanis\u00eb p\u00ebr vitin 2026<\/h2>\n\n<h3 class=\"wp-block-heading\">Monedha<\/h3>\n\n<p>Rumania p\u00ebrdor <strong>Leu rumun (RON),<\/strong> por <strong>Euro pranohet gjer\u00ebsisht<\/strong> n\u00eb pikat e karburantit, hotelet dhe zonat turistike. Kartat e kreditit pranohen pothuajse kudo n\u00eb qytete. Kursi i k\u00ebmbimit: af\u00ebrsisht 1 EUR = 5 RON.  <\/p>\n\n<h3 class=\"wp-block-heading\">Kufijt\u00eb e shpejt\u00ebsis\u00eb<\/h3>\n\n<ul class=\"wp-block-list\">\n<li><strong>Autostradat:<\/strong> 130 km\/h<\/li>\n<li><strong>Rrug\u00ebt nacionale (jasht\u00eb qyteteve):<\/strong> 90-100 km\/h<\/li>\n<li><strong>Zonat urbane:<\/strong> 50 km\/h<\/li>\n<\/ul>\n\n<h3 class=\"wp-block-heading\">Kushtet e rrug\u00ebs<\/h3>\n\n<p>Autostradat jan\u00eb t\u00eb shk\u00eblqyera. Rrug\u00ebt komb\u00ebtare variojn\u00eb nga t\u00eb mira n\u00eb t\u00eb ashpra, ve\u00e7an\u00ebrisht n\u00eb zonat rurale. Rrug\u00ebt malore mund t\u00eb jen\u00eb sfiduese &#8211; vozitni me kujdes dhe respektoni kushtet e motit.  <\/p>\n\n<h3 class=\"wp-block-heading\">Karburant<\/h3>\n\n<p>Karburanti \u00ebsht\u00eb m\u00eb i lir\u00eb se Evropa Per\u00ebndimore. Zinxhir\u00ebt kryesor\u00eb p\u00ebrfshijn\u00eb Petrom, OMV, Mol, Rompetrol dhe Lukoil. <\/p>\n\n<h2 class=\"wp-block-heading\" id=\"faq-section\">\u2753 Pyetjet e b\u00ebra m\u00eb shpesh<\/h2>\n\n<h3 class=\"wp-block-heading\">A \u00ebsht\u00eb v\u00ebrtet Rovinieta rumune kaq e lir\u00eb?<\/h3>\n\n<p>Po! Me af\u00ebrsisht 3.50 euro p\u00ebr 7 dit\u00eb, Rumania ka tarifat m\u00eb t\u00eb lira t\u00eb autostrad\u00ebs n\u00eb Evrop\u00eb. Edhe vinjeta vjetore (28 euro) kushton m\u00eb pak se opsionet afatshkurtra t\u00eb shum\u00eb vendeve.  <\/p>\n\n<h3 class=\"wp-block-heading\">Kur mund t\u00eb vozis Transf\u0103g\u0103r\u0103\u0219an?<\/h3>\n\n<p>Zakonisht nga fundi i qershorit deri n\u00eb fund t\u00eb tetorit, n\u00eb var\u00ebsi t\u00eb motit. Pjesa e lart\u00eb (mbi 1,800m) \u00ebsht\u00eb e mbyllur n\u00eb dim\u00ebr p\u00ebr shkak t\u00eb bor\u00ebs. Kontrolloni statusin aktual p\u00ebrpara se t\u00eb planifikoni.  <\/p>\n\n<h3 class=\"wp-block-heading\">A mund t\u00eb p\u00ebrdor vinjet\u00ebn rumune n\u00eb Moldavi?<\/h3>\n\n<p>Jo, ju duhet nj\u00eb <a href=\"https:\/\/vignettego.com\/highway-vignette-europe\/sq\/vinjeta-e-rruges-se-moldavise-2026-udhezues-i-plote-i-vinieta\/\">vinieta e ve\u00e7ant\u00eb moldava<\/a> p\u00ebr Moldavin\u00eb. Blini t\u00eb dyja n\u00eb <a href=\"https:\/\/vignettego.com\/\" title=\"Vinjetat evropiane\">VignetteGo<\/a>. <\/p>\n\n<div style=\"height:25px\" aria-hidden=\"true\" class=\"wp-block-spacer\"><\/div>\n\n<div class=\"wp-block-buttons is-content-justification-center is-layout-flex wp-container-core-buttons-is-layout-a89b3969 wp-block-buttons-is-layout-flex\">\n<div class=\"wp-block-button\"><a class=\"wp-block-button__link wp-element-button\" href=\"https:\/\/vignettego.com\/\" style=\"background-color:#e91e63;color:#ffffff;padding:15px 30px;font-size:18px;border-radius:8px;\">\ud83d\ude97 Merrni vinjetat tuaja t\u00eb autostrad\u00ebs evropiane n\u00eb VignetteGo \u2192<\/a><\/div>\n<\/div>\n\n<div style=\"height:25px\" aria-hidden=\"true\" class=\"wp-block-spacer\"><\/div>\n\n<h2 class=\"wp-block-heading\">\ud83c\udff0 Pse t\u00eb vizitoni Rumanin\u00eb?<\/h2>\n\n<ul class=\"wp-block-list\">\n<li><strong>Transilvania:<\/strong> Qytetet mesjetare, k\u00ebshtjellat dhe peizazhet malore<\/li>\n<li><strong>Transf\u0103g\u0103r\u0103\u0219an:<\/strong> Nj\u00eb nga rrug\u00ebt m\u00eb t\u00eb mira n\u00eb bot\u00eb<\/li>\n<li><strong>Bregdeti i Detit t\u00eb Zi:<\/strong> Plazhet e bukura dhe qytetet antike<\/li>\n<li><strong>Delta e Danubit:<\/strong> Rezerva e biosfer\u00ebs s\u00eb UNESCO-s, v\u00ebzhgimi i mahnitsh\u00ebm i shpend\u00ebve<\/li>\n<li><strong>E p\u00ebrballueshme:<\/strong> Vler\u00eb e madhe p\u00ebr akomodim, ushqim dhe udh\u00ebtim<\/li>\n<li><strong>Kultur\u00eb e pasur:<\/strong> P\u00ebrzierje magjeps\u00ebse e ndikimeve latine, sllave dhe osmane<\/li>\n<\/ul>\n\n<h2 class=\"wp-block-heading\">\ud83d\udccd P\u00ebrfundim<\/h2>\n\n<p>Rumania ofron vler\u00eb t\u00eb jasht\u00ebzakonshme t\u00eb udh\u00ebtimit rrugor &#8211; nga tarifat m\u00eb t\u00eb lira t\u00eb autostrad\u00ebs n\u00eb Evrop\u00eb deri te peizazhet mahnit\u00ebse dhe kultura e pasur. Pavar\u00ebsisht n\u00ebse jeni duke ndjekur legjendat e Drakul\u00ebs n\u00eb Transilvani, duke pushtuar Transf\u0103g\u0103r\u0103\u0219an ose duke pushuar n\u00eb plazhet e Detit t\u00eb Zi, Rumania ofron p\u00ebrvoja t\u00eb paharrueshme. <\/p>\n\n<p>Merrni Roviniet\u00ebn tuaj n\u00eb <a href=\"https:\/\/vignettego.com\/\" title=\"VignetteGo - Vinjetat e autostradave evropiane\">VignetteGo<\/a> &#8211; k\u00ebrkon minuta dhe kushton m\u00eb pak se nj\u00eb kafe!<\/p>\n\n<p><strong>Shijoni Rumanin\u00eb! \ud83c\uddf7\ud83c\uddf4\ud83c\udfd4\ufe0f <\/strong><\/p>\n\n<p><strong>Udh\u00ebzues t\u00eb ngjash\u00ebm:<\/strong> <a href=\"https:\/\/vignettego.com\/highway-vignette-europe\/sq\/vinjeta-e-autostrades-se-hungarise-2026-udhezues-i-plote-e-matrica\/\">Hungari E-Matrica<\/a> | <a href=\"https:\/\/vignettego.com\/highway-vignette-europe\/sq\/vinjeta-e-autostrades-se-bullgarise-2026-udhezues-i-plote-i-e-vinjetes\/\">Bullgari E-Vinjeta<\/a> | <a href=\"https:\/\/vignettego.com\/highway-vignette-europe\/sq\/vinjeta-e-rruges-se-moldavise-2026-udhezues-i-plote-i-vinieta\/\">Moldavi Vinieta<\/a> | <a href=\"https:\/\/vignettego.com\/\">T\u00eb gjitha vinjetat evropiane<\/a><\/p>\n","protected":false},"excerpt":{"rendered":"<p>Rumania ofron disa nga destinacionet m\u00eb spektakolare t\u00eb udh\u00ebtimit rrugor n\u00eb Evrop\u00eb &#8211; nga k\u00ebshtjellat legjendare t\u00eb Transilvanis\u00eb deri te plazhet mahnit\u00ebse t\u00eb Detit t\u00eb Zi, malet madh\u00ebshtore t\u00eb Karpateve deri te Delta unike e Danubit. Dhe k\u00ebtu \u00ebsht\u00eb lajmi m\u00eb i mir\u00eb: Rumania ka vinjet\u00ebn m\u00eb t\u00eb p\u00ebrballueshme t\u00eb autostrad\u00ebs n\u00eb Evrop\u00eb, t\u00eb quajtur [&hellip;]<\/p>\n","protected":false},"author":0,"featured_media":0,"parent":0,"menu_order":0,"comment_status":"closed","ping_status":"closed","template":"","meta":{"footnotes":""},"class_list":["post-651","page","type-page","status-publish","hentry"],"_links":{"self":[{"href":"https:\/\/vignettego.com\/highway-vignette-europe\/sq\/wp-json\/wp\/v2\/pages\/651","targetHints":{"allow":["GET"]}}],"collection":[{"href":"https:\/\/vignettego.com\/highway-vignette-europe\/sq\/wp-json\/wp\/v2\/pages"}],"about":[{"href":"https:\/\/vignettego.com\/highway-vignette-europe\/sq\/wp-json\/wp\/v2\/types\/page"}],"replies":[{"embeddable":true,"href":"https:\/\/vignettego.com\/highway-vignette-europe\/sq\/wp-json\/wp\/v2\/comments?post=651"}],"version-history":[{"count":6,"href":"https:\/\/vignettego.com\/highway-vignette-europe\/sq\/wp-json\/wp\/v2\/pages\/651\/revisions"}],"predecessor-version":[{"id":1264,"href":"https:\/\/vignettego.com\/highway-vignette-europe\/sq\/wp-json\/wp\/v2\/pages\/651\/revisions\/1264"}],"wp:attachment":[{"href":"https:\/\/vignettego.com\/highway-vignette-europe\/sq\/wp-json\/wp\/v2\/media?parent=651"}],"curies":[{"name":"wp","href":"https:\/\/api.w.org\/{rel}","templated":true}]}}