{"id":400,"date":"2026-01-04T01:13:10","date_gmt":"2026-01-04T01:13:10","guid":{"rendered":"https:\/\/vignettego.com\/highway-vignette-europe\/slovaska-avtocestna-vigneta-2026-popoln-vodic-po-dialnicnih-znamka\/"},"modified":"2026-01-04T12:49:43","modified_gmt":"2026-01-04T12:49:43","slug":"slovaska-avtocestna-vigneta-2026-popoln-vodic-po-dialnicnih-znamka","status":"publish","type":"page","link":"https:\/\/vignettego.com\/highway-vignette-europe\/sl\/slovaska-avtocestna-vigneta-2026-popoln-vodic-po-dialnicnih-znamka\/","title":{"rendered":"Slova\u0161ka avtocestna vigneta 2026: Popoln vodi\u010d po dia\u013eni\u010dnih zn\u00e1mka"},"content":{"rendered":"\n<script type=\"application\/ld+json\">{\n    \"@context\": \"https:\/\/schema.org\",\n    \"@graph\": [\n        {\n            \"@type\": \"Article\",\n            \"@id\": \"https:\/\/vignettego.com\/highway-vignette-europe\/slovakia-highway-vignette-guide\/#article\",\n            \"headline\": \"Slovakia Highway Vignette 2026: Complete E-Znamka Guide\",\n            \"description\": \"Everything about the Slovak E-Znamka system 2026: prices, validity, how to buy online, and essential tips for driving on Slovak motorways. Your complete guide to the electronic vignette.\",\n            \"image\": \"https:\/\/vignettego.com\/highway-vignette-europe\/wp-content\/uploads\/2026\/09\/Highway-Vignette-Europe.jpg\",\n            \"datePublished\": \"2026-01-04\",\n            \"dateModified\": \"2026-01-04\",\n            \"author\": {\"@type\": \"Organization\", \"name\": \"VignetteGo\", \"url\": \"https:\/\/vignettego.com\"},\n            \"publisher\": {\"@type\": \"Organization\", \"name\": \"VignetteGo\"},\n            \"mainEntityOfPage\": {\"@type\": \"WebPage\", \"@id\": \"https:\/\/vignettego.com\/highway-vignette-europe\/slovakia-highway-vignette-guide\/\"},\n            \"articleSection\": \"Highway Vignettes\",\n            \"keywords\": [\"Slovakia vignette\", \"E-Znamka\", \"Slovak motorway\", \"Bratislava driving\", \"High Tatras road trip\", \"Slovakia toll\"],\n            \"inLanguage\": \"en\",\n            \"speakable\": {\"@type\": \"SpeakableSpecification\", \"cssSelector\": [\".article-intro\", \"#faq-section\"]}\n        },\n        {\n            \"@type\": \"BreadcrumbList\",\n            \"itemListElement\": [\n                {\"@type\": \"ListItem\", \"position\": 1, \"name\": \"VignetteGo\", \"item\": \"https:\/\/vignettego.com\/\"},\n                {\"@type\": \"ListItem\", \"position\": 2, \"name\": \"Highway Vignette Europe\", \"item\": \"https:\/\/vignettego.com\/highway-vignette-europe\/\"},\n                {\"@type\": \"ListItem\", \"position\": 3, \"name\": \"Slovakia Guide\", \"item\": \"https:\/\/vignettego.com\/highway-vignette-europe\/slovakia-highway-vignette-guide\/\"}\n            ]\n        },\n        {\n            \"@type\": \"FAQPage\",\n            \"mainEntity\": [\n                {\"@type\": \"Question\", \"name\": \"How much does a Slovak E-Znamka cost?\", \"acceptedAnswer\": {\"@type\": \"Answer\", \"text\": \"For 2026, prices are approximately: 10-day vignette EUR 12, 30-day vignette EUR 17, and annual vignette EUR 60 for vehicles up to 3.5 tonnes. Prices may be adjusted annually.\"}},\n                {\"@type\": \"Question\", \"name\": \"Can I buy the Slovak E-Znamka online?\", \"acceptedAnswer\": {\"@type\": \"Answer\", \"text\": \"Yes, you can purchase the E-Znamka online at VignetteGo or the official Slovak eznamka.sk website. Registration is linked to your license plate, so no physical sticker is needed.\"}},\n                {\"@type\": \"Question\", \"name\": \"Do I need a vignette for all roads in Slovakia?\", \"acceptedAnswer\": {\"@type\": \"Answer\", \"text\": \"No, only motorways (dia\u013enice - D roads) and expressways (r\u00fdchlostn\u00e9 cesty - R roads) require a vignette. Regular national roads (cesty I., II., III. triedy) are free.\"}},\n                {\"@type\": \"Question\", \"name\": \"What if I drive without a vignette in Slovakia?\", \"acceptedAnswer\": {\"@type\": \"Answer\", \"text\": \"Fines for driving without a valid E-Znamka range from EUR 100 to EUR 500. Enforcement is done via cameras, so non-compliance is easily detected.\"}},\n                {\"@type\": \"Question\", \"name\": \"Is the Slovak vignette valid immediately after purchase?\", \"acceptedAnswer\": {\"@type\": \"Answer\", \"text\": \"Yes, the E-Znamka is valid immediately from the time of purchase, or you can select a future start date when buying online.\"}}\n            ]\n        }\n    ]\n}\n<\/script>\n\n<figure class=\"wp-block-image aligncenter size-large\"><img decoding=\"async\" src=\"https:\/\/vignettego.com\/highway-vignette-europe\/wp-content\/uploads\/2026\/09\/Highway-Vignette-Europe.jpg\" alt=\"Slova&#x161;ka E-Znamka 2026 - Popoln vodi&#x10D; po slova&#x161;ki avtocestni vinjeti\" style=\"width:100%; height:auto; margin-bottom:20px;\"\/><\/figure>\n\n<p class=\"article-intro\">Slova\u0161ka je skriti dragulj Srednje Evrope, ki ponuja spektakularne gorske pokrajine v Visokih Tatrah, o\u010darljiva srednjeve\u0161ka mesta, kot sta Bardejov in Levo\u010da, skrivnostne gradove ter odli\u010dne termalne toplice. Ne glede na to, ali potujete skozi Slova\u0161ko v Poljsko, Ukrajino ali Mad\u017earsko ali raziskujete to \u010dudovito dr\u017eavo, boste potrebovali <strong>slova\u0161ko E-Znamko (elektronsko vinjeto).<\/strong> Ta vodi\u010d zajema vse o slova\u0161kem sistemu vinjet za leto 2026: cene, veljavnost, kje kupiti in bistvene nasvete za vo\u017enjo po slova\u0161kih avtocestah.  <\/p>\n\n<div style=\"height:25px\" aria-hidden=\"true\" class=\"wp-block-spacer\"><\/div>\n\n<div class=\"wp-block-buttons is-content-justification-center is-layout-flex wp-container-core-buttons-is-layout-a89b3969 wp-block-buttons-is-layout-flex\">\n<div class=\"wp-block-button\"><a class=\"wp-block-button__link wp-element-button\" href=\"https:\/\/vignettego.com\/\" style=\"background-color:#0066cc;color:#ffffff;padding:15px 30px;font-size:18px;border-radius:8px;\">\ud83d\ude97 Pridobite svojo slova\u0161ko e-znamko na VignetteGo<\/a><\/div>\n<\/div>\n\n<div style=\"height:25px\" aria-hidden=\"true\" class=\"wp-block-spacer\"><\/div>\n\n<h2 class=\"wp-block-heading\">\ud83c\uddf8\ud83c\uddf0 Kaj je slova\u0161ka E-znamka?<\/h2>\n\n<p>Slova\u0161ka je leta 2016 pre\u0161la s fizi\u010dnih vinjet na <strong>popolnoma elektronski sistem (E-Znamka).<\/strong> Ni\u010d ve\u010d strganja starih nalepk z vetrobranskega stekla! E-znamka je povezana z registrsko \u0161tevilko va\u0161ega vozila in registrirana v osrednji bazi podatkov. Kamere ob avtocestah samodejno preverjajo status va\u0161e vinjete.   <\/p>\n\n<p>Sistem upravlja <strong>Nacionalno podjetje za avtoceste (NDS \u2013 N\u00e1rodn\u00e1 dia\u013eni\u010dn\u00e1 spolo\u010dnos\u0165).<\/strong> E-Znamka je obvezna na vseh avtocestah (dia\u013enice &#8211; D ceste) in hitrih cestah (r\u00fdchlostn\u00e9 cesty &#8211; R ceste), ne pa na obi\u010dajnih dr\u017eavnih cestah. <\/p>\n\n<h2 class=\"wp-block-heading\">\ud83d\udcb0 Cene E-znamka 2026<\/h2>\n\n<p>Slova\u0161ka uporablja evro (EUR) kot svojo valuto, kar omogo\u010da enostavna pla\u010dila za obiskovalce iz drugih dr\u017eav evroobmo\u010dja.<\/p>\n\n<figure class=\"wp-block-table\"><table><thead><tr><th>Tip vinjete<\/th><th>Vozila do 3,5t<\/th><\/tr><\/thead><tbody><tr><td><strong>10-dnevni<\/strong><\/td><td>12 EUR<\/td><\/tr><tr><td><strong>30-dnevni<\/strong><\/td><td>17 EUR<\/td><\/tr><tr><td><strong>365-dnevni (letni)<\/strong><\/td><td>60 EUR<\/td><\/tr><\/tbody><\/table><\/figure>\n\n<p><strong>Opomba:<\/strong> Cene so za vozila do 3,5 tone. Ve\u010dja vozila spadajo pod elektronski cestninski sistem in pla\u010dujejo na kilometer. <\/p>\n\n<h2 class=\"wp-block-heading\">\ud83d\uded2 Kje kupiti slova\u0161ko e-znamko<\/h2>\n\n<h3 class=\"wp-block-heading\">Spletno (priporo\u010deno)<\/h3>\n\n<p>Najla\u017eji na\u010din nakupa je prek spleta pred potovanjem:<\/p>\n\n<ul class=\"wp-block-list\">\n<li><strong><a href=\"https:\/\/vignettego.com\/\">VignetteGo<\/a><\/strong> \u2013 Hiter nakup z takoj\u0161njo potrditvijo<\/li>\n<li>Uradna spletna stran slova\u0161kega eznamka.sk<\/li>\n<\/ul>\n\n<p>Prednosti spletnega nakupa: brez \u010dakanja na mejnih bencinskih \u010drpalkah, takoj\u0161nja aktivacija, digitalna potrditev na telefonu, mo\u017enost izbire prihodnjega datuma za\u010detka.<\/p>\n\n<h3 class=\"wp-block-heading\">Fizi\u010dne nakupne to\u010dke<\/h3>\n\n<ul class=\"wp-block-list\">\n<li>Bencinske \u010drpalke (OMV, Shell, Slovnaft) po vsej Slova\u0161ki<\/li>\n<li>Mejne prehode<\/li>\n<li>Po\u0161tni uradi<\/li>\n<li>Centri za podporo strankam NDS<\/li>\n<\/ul>\n\n<div style=\"height:25px\" aria-hidden=\"true\" class=\"wp-block-spacer\"><\/div>\n\n<div class=\"wp-block-buttons is-content-justification-center is-layout-flex wp-container-core-buttons-is-layout-a89b3969 wp-block-buttons-is-layout-flex\">\n<div class=\"wp-block-button\"><a class=\"wp-block-button__link wp-element-button\" href=\"https:\/\/vignettego.com\/\" style=\"background-color:#28a745;color:#ffffff;padding:15px 30px;font-size:18px;border-radius:8px;\">\u2705 Pridobite evropske vinjete \u2013 8 dr\u017eav \u2013 na VignetteGo<\/a><\/div>\n<\/div>\n\n<div style=\"height:25px\" aria-hidden=\"true\" class=\"wp-block-spacer\"><\/div>\n\n<h2 class=\"wp-block-heading\">\ud83d\udee3\ufe0f Slova\u0161ka avtocestna mre\u017ea<\/h2>\n\n<p>Slova\u0161ka avtocestna mre\u017ea povezuje glavno mesto Bratislavo z ve\u010djimi mesti in sosednjimi dr\u017eavami. Omre\u017eje se \u0161e vedno \u0161iri, zlasti od D1 do Ko\u0161ic. <\/p>\n\n<h3 class=\"wp-block-heading\">D1 \u2013 Bratislava do Ko\u0161ic (glavni koridor)<\/h3>\n\n<p>Glavni vzhodno-zahodni koridor, ki povezuje <strong>Bratislavo<\/strong> s <strong>Ko\u0161icami<\/strong>, poteka skozi \u017dilino in regijo Visokih Tater. To je hrbtenica slova\u0161kega avtocestnega omre\u017eja. Opomba: Nekateri odseki so \u0161e v gradnji, zato je treba obvoziti po obi\u010dajnih cestah. Skupna dol\u017eina ob dokon\u010danju: pribli\u017eno 450 km.   <\/p>\n\n<h3 class=\"wp-block-heading\">D2 \u2013 Bratislava do \u010de\u0161ke meje<\/h3>\n\n<p>Povezuje Bratislavo proti severu s <strong>\u010ce\u0161ko,<\/strong> nadaljuje proti Brnu in Pragi. Nujno za popotnike, ki prihajajo iz <a href=\"https:\/\/vignettego.com\/highway-vignette-europe\/sl\/ceska-avtocestna-vigneta-2026-ultimativni-vodic-po-e-znamki\/\">ali<\/a> potujejo tja. Skupna dol\u017eina: pribli\u017eno 60 km.  <\/p>\n\n<h3 class=\"wp-block-heading\">D3 \u2013 \u017dilina do poljske meje<\/h3>\n\n<p>Povezuje \u017dilino s <strong>poljsko mejo pri Skalit\u00e9<\/strong> in se nadaljuje do Krakova. Priljubljena pot za popotnike v ju\u017eno Poljsko. Skupna dol\u017eina: pribli\u017eno 60 km.  <\/p>\n\n<h3 class=\"wp-block-heading\">D4 \u2013 Bratislavska obvoznica<\/h3>\n\n<p>Obvoznica okoli Bratislave, ki povezuje D1, D2 in poti z Avstrijo in Mad\u017earsko. Klju\u010dno za izogibanje prometu v sredi\u0161\u010du Bratislave. <\/p>\n\n<h3 class=\"wp-block-heading\">R Expressways<\/h3>\n\n<p>Slova\u0161ka ima tudi ve\u010d hitrih cest (R cest), ki zahtevajo vinjeto:<\/p>\n\n<ul class=\"wp-block-list\">\n<li><strong>R1:<\/strong> Trnava do Bansk\u00e1 Bystrica<\/li>\n<li><strong>R2:<\/strong> Obvoznica Ko\u0161ic<\/li>\n<li><strong>R3:<\/strong> \u017dilina do Martina<\/li>\n<li><strong>R4:<\/strong> Ko\u0161ice do mad\u017earske meje<\/li>\n<li><strong>R6:<\/strong> Belu\u0161a do \u010de\u0161ke meje<\/li>\n<\/ul>\n\n<h2 class=\"wp-block-heading\">\ud83d\uddfa\ufe0f Priljubljene poti skozi Slova\u0161ko<\/h2>\n\n<h3 class=\"wp-block-heading\">Dunaj do Bratislave<\/h3>\n\n<p><strong>Razdalja:<\/strong> ~65 km | <strong>Trajanje:<\/strong> 45-60 minut | <strong>Potrebne so prizori:<\/strong> Avstrija + Slova\u0161ka<\/p>\n\n<p>Obe prestolnici sta izjemno blizu \u2013 ena najkraj\u0161ih razdalj med prestolnicami v Evropi. Obvoznica D4 omogo\u010da neposredno povezavo. <\/p>\n\n<h3 class=\"wp-block-heading\">Bratislava do Prage (preko D2 in \u010de\u0161kih avtocest)<\/h3>\n\n<p><strong>Razdalja:<\/strong> ~330 km | <strong>Trajanje:<\/strong> 3,5-4 ure | <strong>Potrebne so prizori:<\/strong> Slova\u0161ka + <a href=\"https:\/\/vignettego.com\/highway-vignette-europe\/sl\/ceska-avtocestna-vigneta-2026-ultimativni-vodic-po-e-znamki\/\">\u010ce\u0161\u010dina<\/a><\/p>\n\n<p>Neposredna avtocestna povezava med obema prestolnicama preko Brna. Odli\u010dne cestne razmere povsod. <\/p>\n\n<h3 class=\"wp-block-heading\">Bratislava do Budimpe\u0161te (preko Mad\u017earske)<\/h3>\n\n<p><strong>Razdalja:<\/strong> ~200 km | <strong>Trajanje:<\/strong> 2-2,5 ure | <strong>Potrebne so prizori:<\/strong> Slova\u0161ka + <a href=\"https:\/\/vignettego.com\/highway-vignette-europe\/sl\/madzarska-avtocestna-vinjeta-2026\/\">mad\u017earska E-Matrica<\/a><\/p>\n\n<p>Hitra povezava med obema prestolnicama preko D2 in mad\u017earske M15\/M1.<\/p>\n\n<h3 class=\"wp-block-heading\">Bratislava do Visokih Tater (preko D1)<\/h3>\n\n<p><strong>Razdalja:<\/strong> ~330 km | <strong>Trajanje:<\/strong> 4-4,5 ure<\/p>\n\n<p>Opomba: D1 \u0161e ni povsem dokon\u010dana, zato pri\u010dakujte nekatere odseke po obi\u010dajnih cestah. \u010caka vas osupljiva gorska pokrajina! <\/p>\n\n<h3 class=\"wp-block-heading\">Krakov do Bratislave (preko Poljske-Slova\u0161ke)<\/h3>\n\n<p><strong>Razdalja:<\/strong> ~300 km | <strong>Trajanje:<\/strong> 3,5-4 ure | <strong>Potrebne so prizori:<\/strong> Slova\u0161ka (poljske avtoceste uporabljajo cestnino na kilometer)<\/p>\n\n<p>Preko D3 skozi \u017dilino ali preko mejnega prehoda pri Trsten\u00e9.<\/p>\n\n<div style=\"height:25px\" aria-hidden=\"true\" class=\"wp-block-spacer\"><\/div>\n\n<div class=\"wp-block-buttons is-content-justification-center is-layout-flex wp-container-core-buttons-is-layout-a89b3969 wp-block-buttons-is-layout-flex\">\n<div class=\"wp-block-button\"><a class=\"wp-block-button__link wp-element-button\" href=\"https:\/\/vignettego.com\/\" style=\"background-color:#ff6600;color:#ffffff;padding:15px 30px;font-size:18px;border-radius:8px;\">\ud83d\uded2 Naro\u010dite vse evropske vinjete na VignetteGo<\/a><\/div>\n<\/div>\n\n<div style=\"height:25px\" aria-hidden=\"true\" class=\"wp-block-spacer\"><\/div>\n\n<h2 class=\"wp-block-heading\">\u26a0\ufe0f Pomembna pravila E-Znamka<\/h2>\n\n<h3 class=\"wp-block-heading\">Obdobje veljavnosti<\/h3>\n\n<ul class=\"wp-block-list\">\n<li><strong>10-dnevni:<\/strong> Velja 10 zaporednih dni od izbranega datuma za\u010detka<\/li>\n<li><strong>30-dnevno:<\/strong> Velja 30 zaporednih dni od izbranega datuma za\u010detka<\/li>\n<li><strong>365 dni:<\/strong> Velja eno leto od izbranega za\u010detnega datuma<\/li>\n<\/ul>\n\n<h3 class=\"wp-block-heading\">Registracija registrskih tablic<\/h3>\n\n<p>E-znamka je registrirana na <strong>va\u0161o natan\u010dno registrsko \u0161tevilko<\/strong> in <strong>dr\u017eavno kodo<\/strong>. Pri nakupu dvakrat preverite tipkarske napake! Napake zahtevajo nakup nove vinjete.  <\/p>\n\n<h3 class=\"wp-block-heading\">Globe za neskladnost<\/h3>\n\n<ul class=\"wp-block-list\">\n<li><strong>Standardna kazen:<\/strong> 100 do 500 EUR<\/li>\n<li><strong>Zni\u017eana kazen:<\/strong> \u010ce je pla\u010dano v 15 dneh<\/li>\n<li>Izvajanje preko avtomatskih kamer (ANPR)<\/li>\n<\/ul>\n\n<h2 class=\"wp-block-heading\">\ud83d\udca1 Nasveti za vo\u017enjo v Slova\u0161ki za leto 2026<\/h2>\n\n<h3 class=\"wp-block-heading\">Omejitve hitrosti<\/h3>\n\n<ul class=\"wp-block-list\">\n<li><strong>Avtoceste:<\/strong> 130 km\/h<\/li>\n<li><strong>Hitre ceste:<\/strong> 130 km\/h<\/li>\n<li><strong>Glavne ceste zunaj pozidanih obmo\u010dij:<\/strong> 90 km\/h<\/li>\n<li><strong>Urbana obmo\u010dja:<\/strong> 50 km\/h<\/li>\n<\/ul>\n\n<h3 class=\"wp-block-heading\">Zahtevana oprema<\/h3>\n\n<ul class=\"wp-block-list\">\n<li>Opozorilni trikotnik<\/li>\n<li>Odsevni telovnik<\/li>\n<li>Komplet prve pomo\u010di<\/li>\n<li><strong>\u017darometi:<\/strong> Mora biti vklopljen ves \u010das med vo\u017enjo (podnevi in pono\u010di)<\/li>\n<li><strong>Zimska oprema:<\/strong> 15. november &#8211; 31. marec: Zimske pnevmatike so obvezne, kadar to pogoji zahtevajo<\/li>\n<\/ul>\n\n<h3 class=\"wp-block-heading\">Politika ni\u010delne tolerance do alkohola<\/h3>\n\n<p>Slova\u0161ka ima <strong>ni\u010delno toleranco<\/strong> do vo\u017enje pod vplivom alkohola. Meja alkohola v krvi je 0,0 %. Kazni so hude.  <\/p>\n\n<h2 class=\"wp-block-heading\" id=\"faq-section\">\u2753 Pogosto zastavljena vpra\u0161anja<\/h2>\n\n<h3 class=\"wp-block-heading\">Ali je avtocesta D1 dokon\u010dana?<\/h3>\n\n<p>Ne, nekateri odseki D1 med \u017dilino in Ko\u0161icami so \u0161e vedno v gradnji. Navigacijske aplikacije vas bodo po potrebi usmerile po alternativnih cestah. <\/p>\n\n<h3 class=\"wp-block-heading\">Ali potrebujem vinjoto, da pre\u010dkam iz Avstrije v Mad\u017earsko preko Slova\u0161ke?<\/h3>\n\n<p>Da, \u010de uporabljate slova\u0161ke avtoceste. Pot iz Dunaja v Budimpe\u0161to preko Bratislave zahteva slova\u0161ko oznako E-Znamka za slova\u0161ki odsek. <\/p>\n\n<h3 class=\"wp-block-heading\">Kaj pa sredi\u0161\u010de Bratislave?<\/h3>\n\n<p>Za obi\u010dajne ceste v Bratislavi ni potrebna vinjeta. Le odseki avtoceste (D1, D2, D4) potrebujejo vinjeto. <\/p>\n\n<h3 class=\"wp-block-heading\">Ali lahko uporabim obi\u010dajne ceste, da se izognem nakupu vinjete?<\/h3>\n\n<p>Da, vendar to bistveno podalj\u0161a \u010das potovanja, \u0161e posebej pri dalj\u0161ih vo\u017enjah. Na primer, vo\u017enja od Bratislave do \u017diline traja 2 uri na D1, medtem ko na obi\u010dajnih cestah 3,5+ ure. <\/p>\n\n<div style=\"height:25px\" aria-hidden=\"true\" class=\"wp-block-spacer\"><\/div>\n\n<div class=\"wp-block-buttons is-content-justification-center is-layout-flex wp-container-core-buttons-is-layout-a89b3969 wp-block-buttons-is-layout-flex\">\n<div class=\"wp-block-button\"><a class=\"wp-block-button__link wp-element-button\" href=\"https:\/\/vignettego.com\/\" style=\"background-color:#e91e63;color:#ffffff;padding:15px 30px;font-size:18px;border-radius:8px;\">\ud83d\ude97 Pridobite svoje evropske avtocestne vinjete na VignetteGo \u2192<\/a><\/div>\n<\/div>\n\n<div style=\"height:25px\" aria-hidden=\"true\" class=\"wp-block-spacer\"><\/div>\n\n<h2 class=\"wp-block-heading\">\ud83c\udfd4\ufe0f Zakaj obiskati Slova\u0161ko?<\/h2>\n\n<ul class=\"wp-block-list\">\n<li><strong>Visoke Tatre:<\/strong> Najmanj\u0161e visoke gore na svetu\u2014spektakularna alpska pokrajina<\/li>\n<li><strong>Bratislava:<\/strong> O\u010darljiva prestolnica z \u017eivahnim starim mestom in Donavo ob reki<\/li>\n<li><strong>Grad Spi\u0161:<\/strong> Eden najve\u010djih grajskih kompleksov v Srednji Evropi (UNESCO)<\/li>\n<li><strong>Lesene cerkve:<\/strong> Edinstvene lesene cerkve, vpisane na UNESCO seznam v vzhodni Slova\u0161ki<\/li>\n<li><strong>Termalni spa:<\/strong> Odli\u010dna termalna letovi\u0161\u010da kot so Pie\u0161\u0165any, Tren\u010dianske Teplice<\/li>\n<li><strong>Slova\u0161ki raj:<\/strong> Osupljiv narodni park z soteskami, slapovi in via ferrata potmi<\/li>\n<li><strong>Vinska de\u017eela:<\/strong> Malo znane vinske regije, zlasti Tokaj na vzhodu<\/li>\n<\/ul>\n\n<h2 class=\"wp-block-heading\">\ud83d\udccd Zaklju\u010dek<\/h2>\n\n<p>Slova\u0161ka ponuja popolno me\u0161anico naravne lepote, bogate zgodovine in srednjeevropskega \u0161arma. Sistem E-Znamka je preprost \u2013 kupite prek spleta pred potovanjem in u\u017eivajte v brezskrbni vo\u017enji po slova\u0161kih avtocestah. <\/p>\n\n<p>Za ve\u010ddr\u017eavna potovanja z avtomobilom zdru\u017eite slovensko E-znamko z vinjetami za <a href=\"https:\/\/vignettego.com\/highway-vignette-europe\/sl\/ceska-avtocestna-vigneta-2026-ultimativni-vodic-po-e-znamki\/\">\u010ce\u0161ko<\/a>, <a href=\"https:\/\/vignettego.com\/highway-vignette-europe\/sl\/avstrijska-avtocestna-vinjeta-2026\/\">Avstrijo<\/a>, <a href=\"https:\/\/vignettego.com\/highway-vignette-europe\/sl\/madzarska-avtocestna-vinjeta-2026\/\">Mad\u017earsko<\/a> in <a href=\"https:\/\/vignettego.com\/highway-vignette-europe\/sl\/slovenska-avtocestna-vinjeta-2026\/\">Slovenijo<\/a>. Pridobite vse svoje vinjete na enem mestu pri <a href=\"https:\/\/vignettego.com\/\" title=\"VignetteGo - evropske cestne vinjete\">VignetteGo<\/a>. <\/p>\n\n<p><strong>U\u017eivajte v Slova\u0161ki! \ud83c\uddf8\ud83c\uddf0\ud83c\udfd4\ufe0f <\/strong><\/p>\n\n<p><strong>Sorodni vodi\u010di:<\/strong> <a href=\"https:\/\/vignettego.com\/highway-vignette-europe\/sl\/ceska-avtocestna-vigneta-2026-ultimativni-vodic-po-e-znamki\/\">\u010de\u0161ka e-znamka<\/a> | <a href=\"https:\/\/vignettego.com\/highway-vignette-europe\/sl\/madzarska-avtocestna-vinjeta-2026\/\">Mad\u017earska E-Matrica<\/a> | <a href=\"https:\/\/vignettego.com\/\">Vse evropske vinjete<\/a><\/p>\n","protected":false},"excerpt":{"rendered":"<p>Slova\u0161ka je skriti dragulj Srednje Evrope, ki ponuja spektakularne gorske pokrajine v Visokih Tatrah, o\u010darljiva srednjeve\u0161ka mesta, kot sta Bardejov in Levo\u010da, skrivnostne gradove ter odli\u010dne termalne toplice. Ne glede na to, ali potujete skozi Slova\u0161ko v Poljsko, Ukrajino ali Mad\u017earsko ali raziskujete to \u010dudovito dr\u017eavo, boste potrebovali slova\u0161ko E-Znamko (elektronsko vinjeto). Ta vodi\u010d zajema [&hellip;]<\/p>\n","protected":false},"author":0,"featured_media":0,"parent":0,"menu_order":0,"comment_status":"closed","ping_status":"closed","template":"","meta":{"footnotes":""},"class_list":["post-400","page","type-page","status-publish","hentry"],"_links":{"self":[{"href":"https:\/\/vignettego.com\/highway-vignette-europe\/sl\/wp-json\/wp\/v2\/pages\/400","targetHints":{"allow":["GET"]}}],"collection":[{"href":"https:\/\/vignettego.com\/highway-vignette-europe\/sl\/wp-json\/wp\/v2\/pages"}],"about":[{"href":"https:\/\/vignettego.com\/highway-vignette-europe\/sl\/wp-json\/wp\/v2\/types\/page"}],"replies":[{"embeddable":true,"href":"https:\/\/vignettego.com\/highway-vignette-europe\/sl\/wp-json\/wp\/v2\/comments?post=400"}],"version-history":[{"count":4,"href":"https:\/\/vignettego.com\/highway-vignette-europe\/sl\/wp-json\/wp\/v2\/pages\/400\/revisions"}],"predecessor-version":[{"id":1483,"href":"https:\/\/vignettego.com\/highway-vignette-europe\/sl\/wp-json\/wp\/v2\/pages\/400\/revisions\/1483"}],"wp:attachment":[{"href":"https:\/\/vignettego.com\/highway-vignette-europe\/sl\/wp-json\/wp\/v2\/media?parent=400"}],"curies":[{"name":"wp","href":"https:\/\/api.w.org\/{rel}","templated":true}]}}