{"id":1079,"date":"2026-01-04T01:41:02","date_gmt":"2026-01-04T01:41:02","guid":{"rendered":"https:\/\/vignettego.com\/highway-vignette-europe\/bolgarska-avtocestna-vinjeta-2026\/"},"modified":"2026-01-04T12:42:21","modified_gmt":"2026-01-04T12:42:21","slug":"bolgarska-avtocestna-vinjeta-2026","status":"publish","type":"page","link":"https:\/\/vignettego.com\/highway-vignette-europe\/sl\/bolgarska-avtocestna-vinjeta-2026\/","title":{"rendered":"Bolgarska avtocestna vigneta 2026: Popoln vodi\u010d po elektronskih vignetah"},"content":{"rendered":"\n<script type=\"application\/ld+json\">{\n    \"@context\": \"https:\/\/schema.org\",\n    \"@graph\": [\n        {\n            \"@type\": \"Article\",\n            \"@id\": \"https:\/\/vignettego.com\/highway-vignette-europe\/bulgaria-highway-vignette-guide\/#article\",\n            \"headline\": \"Bulgaria Highway Vignette 2026: Complete E-Vignette Guide\",\n            \"description\": \"Everything about Bulgarian electronic highway vignettes (E-Vignette). Learn about the unique weekend vignette option, pricing, validity periods, motorway network, and how to avoid fines in Bulgaria.\",\n            \"image\": \"https:\/\/vignettego.com\/highway-vignette-europe\/wp-content\/uploads\/2026\/09\/Highway-Vignette-Europe.jpg\",\n            \"datePublished\": \"2026-01-04\",\n            \"dateModified\": \"2026-01-04\",\n            \"author\": {\"@type\": \"Organization\", \"name\": \"VignetteGo\", \"url\": \"https:\/\/vignettego.com\"},\n            \"publisher\": {\"@type\": \"Organization\", \"name\": \"VignetteGo\"},\n            \"mainEntityOfPage\": {\"@type\": \"WebPage\", \"@id\": \"https:\/\/vignettego.com\/highway-vignette-europe\/bulgaria-highway-vignette-guide\/\"},\n            \"articleSection\": \"Highway Vignettes\",\n            \"keywords\": [\"Bulgarian vignette\", \"E-Vignette Bulgaria\", \"Bulgaria highway toll\", \"Bulgarian motorway pass\", \"Bulgaria Autobahn toll\", \"weekend vignette Bulgaria\"],\n            \"inLanguage\": \"en\",\n            \"speakable\": {\"@type\": \"SpeakableSpecification\", \"cssSelector\": [\".article-intro\", \"#faq-section\"]}\n        },\n        {\n            \"@type\": \"BreadcrumbList\",\n            \"itemListElement\": [\n                {\"@type\": \"ListItem\", \"position\": 1, \"name\": \"VignetteGo\", \"item\": \"https:\/\/vignettego.com\/\"},\n                {\"@type\": \"ListItem\", \"position\": 2, \"name\": \"Highway Vignette Europe\", \"item\": \"https:\/\/vignettego.com\/highway-vignette-europe\/\"},\n                {\"@type\": \"ListItem\", \"position\": 3, \"name\": \"Bulgaria Guide\", \"item\": \"https:\/\/vignettego.com\/highway-vignette-europe\/bulgaria-highway-vignette-guide\/\"}\n            ]\n        },\n        {\n            \"@type\": \"FAQPage\",\n            \"mainEntity\": [\n                {\"@type\": \"Question\", \"name\": \"How much does the Bulgarian highway vignette cost?\", \"acceptedAnswer\": {\"@type\": \"Answer\", \"text\": \"The Bulgarian e-vignette costs approximately BGN 15 (~EUR 7.50) for 7 days, BGN 30 (~EUR 15) for one month, and BGN 97 (~EUR 50) for one year. There is also a unique weekend vignette for BGN 10 (~EUR 5).\"}},\n                {\"@type\": \"Question\", \"name\": \"What is the Bulgarian weekend vignette?\", \"acceptedAnswer\": {\"@type\": \"Answer\", \"text\": \"Bulgaria offers a unique weekend vignette valid from Friday 12:00 to Sunday 23:59 for just BGN 10 (~EUR 5). Perfect for quick beach trips to the Black Sea coast.\"}},\n                {\"@type\": \"Question\", \"name\": \"Can I buy Bulgarian e-vignette online?\", \"acceptedAnswer\": {\"@type\": \"Answer\", \"text\": \"Yes, you can purchase the Bulgarian e-vignette online through VignetteGo or the official bgtoll.bg website. The vignette is valid immediately after purchase.\"}},\n                {\"@type\": \"Question\", \"name\": \"What are the fines for driving without a vignette in Bulgaria?\", \"acceptedAnswer\": {\"@type\": \"Answer\", \"text\": \"Driving without a valid e-vignette in Bulgaria can result in fines of BGN 300 (~EUR 150) for first offenses, and up to BGN 3,000 (~EUR 1,500) for repeat violations.\"}},\n                {\"@type\": \"Question\", \"name\": \"Which roads require a vignette in Bulgaria?\", \"acceptedAnswer\": {\"@type\": \"Answer\", \"text\": \"All Bulgarian motorways (avtomaistrali) and first-class national roads require a valid e-vignette. This includes the A1 Trakiya, A2 Hemus, and A3 Struma motorways.\"}}\n            ]\n        }\n    ]\n}\n<\/script>\n\n<figure class=\"wp-block-image aligncenter size-large\"><img decoding=\"async\" src=\"https:\/\/vignettego.com\/highway-vignette-europe\/wp-content\/uploads\/2026\/09\/Highway-Vignette-Europe.jpg\" alt=\"Bolgarska e-vigneta 2026 - Popoln vodi&#x10D; po elektronskih avtocestnih vinjetah v Bolgariji\" style=\"width:100%; height:auto; margin-bottom:20px;\"\/><\/figure>\n\n<p class=\"article-intro\">Na\u010drtujete potovanje z avtomobilom v Bolgarijo leta 2026? Ne glede na to, ali se odpravljate na son\u010dne pla\u017ee \u010crnega morja, raziskujete starodavne trakijske ru\u0161evine, odkrivate \u017eivahno sofijsko kulturo ali smu\u010date v osupljivih gorskih letovi\u0161\u010dih, je razumevanje bolgarskega cestninskega sistema bistvenega pomena. Bolgarija uporablja <strong>popolnoma elektronski sistem vinjet (e-vignette)<\/strong> z nekaj edinstvenimi mo\u017enostmi, vklju\u010dno z cenovno ugodno vikend <strong>vinjeto<\/strong> \u2013 popolno za hitre pobege. Ta celovit vodi\u010d zajema vse, kar morate vedeti o bolgarskih cestninskih cestah, cenah, mo\u017enostih nakupa in kako se izogniti dragim globam.   <\/p>\n\n<div style=\"height:25px\" aria-hidden=\"true\" class=\"wp-block-spacer\"><\/div>\n\n<div class=\"wp-block-buttons is-content-justification-center is-layout-flex wp-container-core-buttons-is-layout-a89b3969 wp-block-buttons-is-layout-flex\">\n<div class=\"wp-block-button\"><a class=\"wp-block-button__link wp-element-button\" href=\"https:\/\/vignettego.com\/\" style=\"background-color:#0066cc;color:#ffffff;padding:15px 30px;font-size:18px;border-radius:8px;\">\ud83d\ude97 Pridobite bolgarsko e-vigneto na VignetteGo<\/a><\/div>\n<\/div>\n\n<div style=\"height:25px\" aria-hidden=\"true\" class=\"wp-block-spacer\"><\/div>\n\n<h2 class=\"wp-block-heading\">\ud83c\udde7\ud83c\uddec Kaj je bolgarska e-vinjeta?<\/h2>\n\n<p>Bolgarija je leta 2019 pre\u0161la na <strong>popolnoma elektronski cestninski sistem<\/strong> za osebna vozila, s \u010dimer je odpravila potrebo po fizi\u010dnih vinjetah z nalepkami. <strong>Bolgarska e-vigneta<\/strong> (bolgarsko: \u0435\u043b\u0435\u043a\u0442\u0440\u043e\u043d\u043d\u0430 \u0432\u0438\u043d\u0435\u0442\u043a\u0430) je digitalna avtorizacija, ki va\u0161emu vozilu omogo\u010da uporabo cestninskih cest po vsej dr\u017eavi. Va\u0161a registrska \u0161tevilka je registrirana v centralni bazi podatkov in samodejno preverjena z nadzornimi kamerami, name\u0161\u010denimi ob vseh cestninskih cestah.  <\/p>\n\n<p>Sistem upravlja <strong>Agencija za cestno infrastrukturo (RIA)<\/strong> preko uradnega bgtoll.bg portala. Sistem e-vignet ponuja ve\u010d prednosti v primerjavi s starim fizi\u010dnim sistemom nalepk: ni potrebe po prikazovanju \u010desarkoli na vetrobranskem steklu, takoj\u0161nja aktivacija, enostaven spletni nakup in ni tveganja po\u0161kodbe nalepk ali kraje. <\/p>\n\n<h2 class=\"wp-block-heading\">\ud83d\udccb Bolgarske cene e-vignet 2026<\/h2>\n\n<p>Bolgarija ponuja nekatere najbolj dostopne cestnine v Evropi, z ve\u010d mo\u017enostmi veljavnosti za razli\u010dne potovalne potrebe. Tukaj je celotna cenovna struktura za leto 2026: <\/p>\n\n<figure class=\"wp-block-table\"><table><thead><tr><th>Obdobje veljavnosti<\/th><th>Kategorija 3 (Avtomobili do 3,5t)<\/th><th>Kategorija 2 (Motocikli)<\/th><th>Pribli\u017eno EUR <\/th><\/tr><\/thead><tbody><tr><td><strong>\ud83c\udf89 Vikend<\/strong><\/td><td>BGN 10<\/td><td>BGN 5<\/td><td>~5 EUR<\/td><\/tr><tr><td><strong>7 dni<\/strong><\/td><td>BGN 15<\/td><td>BGN 8<\/td><td>~7,50 EUR<\/td><\/tr><tr><td><strong>1 mesec<\/strong><\/td><td>BGN 30<\/td><td>BGN 15<\/td><td>~15 EUR<\/td><\/tr><tr><td><strong>3 mesece<\/strong><\/td><td>BGN 54<\/td><td>BGN 27<\/td><td>~27 EUR<\/td><\/tr><tr><td><strong>Letno<\/strong><\/td><td>BGN 97<\/td><td>BGN 50<\/td><td>~50 EUR<\/td><\/tr><\/tbody><\/table><\/figure>\n\n<h3 class=\"wp-block-heading\">\ud83c\udf89 Edinstvena vikend vinjeta<\/h3>\n\n<p>Bolgarija je ena redkih evropskih dr\u017eav, ki ponuja vikend <strong>vinjeto<\/strong> \u2013 odli\u010dna mo\u017enost za hitre po\u010ditnice! Ta posebna vinjeta velja od <strong>petka ob 12:00 do nedelje ob 23:59<\/strong>, popolna za vikend izlete na obalo \u010crnega morja ali gorska letovi\u0161\u010da. Za samo 10 BGN (pribli\u017eno 5 EUR) ponuja izjemno vrednost za kratke izlete.  <\/p>\n\n<div style=\"height:25px\" aria-hidden=\"true\" class=\"wp-block-spacer\"><\/div>\n\n<div class=\"wp-block-buttons is-content-justification-center is-layout-flex wp-container-core-buttons-is-layout-a89b3969 wp-block-buttons-is-layout-flex\">\n<div class=\"wp-block-button\"><a class=\"wp-block-button__link wp-element-button\" href=\"https:\/\/vignettego.com\/\" style=\"background-color:#28a745;color:#ffffff;padding:15px 30px;font-size:18px;border-radius:8px;\">\u2705 Pridobite evropske vinjete za 8 dr\u017eav na VignetteGo<\/a><\/div>\n<\/div>\n\n<div style=\"height:25px\" aria-hidden=\"true\" class=\"wp-block-spacer\"><\/div>\n\n<h2 class=\"wp-block-heading\">\ud83d\udee3\ufe0f Bolgarsko avtocestno omre\u017eje<\/h2>\n\n<p>Bolgarija je v zadnjih letih hitro \u0161irila svojo avtocestno mre\u017eo. Tukaj so glavne avtoceste, kjer boste potrebovali veljavno elektronsko vinjeto: <\/p>\n\n<h3 class=\"wp-block-heading\">A1 Trakiya avtocesta (\u0410\u0432\u0442\u043e\u043c\u0430\u0433\u0438\u0441\u0442\u0440\u0430\u043b\u0430 \u0442\u0440\u0430\u043a\u0438\u044f)<\/h3>\n\n<p>Najpomembnej\u0161a avtocesta v Bolgariji, ki povezuje <strong>Sofijo z Burgasom<\/strong> ob obali \u010crnega morja preko Plovdiva. Skupna dol\u017eina: pribli\u017eno 360 km. To je glavna pot za po\u010ditnike na pla\u017ei, ki obiskujejo priljubljena letovi\u0161\u010da, kot so Sunny Beach, Nessebar in Sozopol. Avtocesta poteka skozi \u010dudovito Trakijsko dolino in ponuja slikovite razglede na Balkan in Rodope.   <\/p>\n\n<h3 class=\"wp-block-heading\">Avtocesta A2 Hemus (\u0410\u0432\u0442\u043e\u043c\u0430\u0433\u0438\u0441\u0442\u0440\u0430\u043b\u0430 \u0425\u0435\u043c\u0443\u0441)<\/h3>\n\n<p>Povezuje <strong>Sofijo z Varno<\/strong>, drugim najve\u010djim bolgarskim mestom in glavnim \u010drnomorskim pristani\u0161\u010dem. Trenutno je v gradnji na nekaterih odsekih, a ko bo dokon\u010dana, bo dolga pribli\u017eno 430 km. Pot poteka skozi zgodovinsko mesto Veliko Tarnovo. To je priljubljena pot za popotnike, ki se odpravljajo v Golden Sands, Albeno in druga severna letovi\u0161\u010da pri \u010crnem morju.   <\/p>\n\n<h3 class=\"wp-block-heading\">Avtocesta A3 Struma (\u0410\u0432\u0442\u043e\u043c\u0430\u0433\u0438\u0441\u0442\u0440\u0430\u043b\u0430 \u0421\u0442\u0440\u0443\u043c\u0430)<\/h3>\n\n<p>Poteka od <strong>Sofije do gr\u0161ke meje<\/strong> preko Blagoevgrada, sledi dolini reke Struma. Pribli\u017eno 150 km opravljeno. Ta avtocesta je klju\u010dna za popotnike, ki se odpravljajo v Gr\u010dijo ali jugozahodne bolgarske gore, vklju\u010dno s priljubljenim smu\u010darskim sredi\u0161\u010dem Bansko.  <\/p>\n\n<h3 class=\"wp-block-heading\">Avtocesta A4 Maritsa (\u0410\u0432\u0442\u043e\u043c\u0430\u0433\u0438\u0441\u0442\u0440\u0430\u043b\u0430 \u041c\u0430\u0440\u0438\u0446\u0430)<\/h3>\n\n<p>Povezuje <strong>Plovdiv s tur\u0161ko mejo<\/strong> pri Kapitan Andreevu. Pribli\u017eno 117 km. To je glavna pot za popotnike, ki potujejo v Istanbul in Tur\u010dijo.  <\/p>\n\n<h2 class=\"wp-block-heading\">\ud83d\udcbb Kako kupiti bolgarsko e-vigneto<\/h2>\n\n<p>Nakup bolgarske e-vignete je preprost. Tukaj so va\u0161e mo\u017enosti: <\/p>\n\n<h3 class=\"wp-block-heading\">Mo\u017enost 1: Splet preko VignetteGo (priporo\u010deno)<\/h3>\n\n<ol class=\"wp-block-list\">\n<li>Obi\u0161\u010dite <a href=\"https:\/\/vignettego.com\/\" title=\"Kupite bolgarsko e-vigneto preko spleta\">VignetteGo.com<\/a><\/li>\n<li>Izberite Bolgarijo in \u017eeleno obdobje veljavnosti<\/li>\n<li>Vnesite podatke o registraciji vozila (registrske tablice)<\/li>\n<li>Popolno varno pla\u010dilo<\/li>\n<li>Prejmite takoj\u0161njo potrditev \u2013 va\u0161a vinjeta je takoj veljavna!<\/li>\n<\/ol>\n\n<p><strong>Prednosti VignetteGo:<\/strong> Ve\u010djezi\u010dna podpora, enostaven vmesnik, mo\u017enost nakupa vinjet za ve\u010d evropskih dr\u017eav v eni transakciji, 24\/7 podpora strankam in takoj\u0161nja digitalna dostava.<\/p>\n\n<h3 class=\"wp-block-heading\">Mo\u017enost 2: Uradna spletna stran bgtoll.bg<\/h3>\n\n<p>Uradni bolgarski portal cestninske ceste na bgtoll.bg ponuja neposreden nakup. Na voljo v bolgar\u0161\u010dini in angle\u0161\u010dini. <\/p>\n\n<h3 class=\"wp-block-heading\">Mo\u017enost 3: Fizi\u010dna prodajna mesta<\/h3>\n\n<p>Elektronske vinjete je mogo\u010de kupiti tudi na:<\/p>\n\n<ul class=\"wp-block-list\">\n<li>Mejne prehode<\/li>\n<li>Bencinske \u010drpalke po vsej Bolgariji<\/li>\n<li>Po\u0161tni uradi<\/li>\n<li>OMV, Shell in Lukoil postaje<\/li>\n<\/ul>\n\n<div style=\"height:25px\" aria-hidden=\"true\" class=\"wp-block-spacer\"><\/div>\n\n<div class=\"wp-block-buttons is-content-justification-center is-layout-flex wp-container-core-buttons-is-layout-a89b3969 wp-block-buttons-is-layout-flex\">\n<div class=\"wp-block-button\"><a class=\"wp-block-button__link wp-element-button\" href=\"https:\/\/vignettego.com\/\" style=\"background-color:#ff6600;color:#ffffff;padding:15px 30px;font-size:18px;border-radius:8px;\">\ud83d\uded2 Kupite bolgarsko e-vigneto zdaj \u2013 takoj\u0161nja dostava<\/a><\/div>\n<\/div>\n\n<div style=\"height:25px\" aria-hidden=\"true\" class=\"wp-block-spacer\"><\/div>\n\n<h2 class=\"wp-block-heading\">\u26a0\ufe0f Globe za vo\u017enjo brez vinjete v Bolgariji<\/h2>\n\n<p>Bolgarske oblasti jemljejo kr\u0161itve cestnine resno. \u010ce vas ujamejo pri vo\u017enji po cestninah brez veljavne e-vignete, vas \u010dakajo pomembne kazni: <\/p>\n\n<ul class=\"wp-block-list\">\n<li><strong>Prvi prekr\u0161ek:<\/strong> BGN 300 (~EUR 150)<\/li>\n<li><strong>Ponovitve kaznivih dejanj:<\/strong> Do 3.000 BGN (~1.500 EUR)<\/li>\n<li><strong>Gospodarska vozila:<\/strong> Veljajo vi\u0161je globe<\/li>\n<\/ul>\n\n<p><strong>Pomembno:<\/strong> Nadzor poteka samodejno preko kamer, ki berejo registrske tablice. Morda vas ne bodo takoj ustavili \u2013 globe se lahko izre\u010dejo dneve ali tedne po kr\u0161itvi in jih lahko po\u0161ljejo v va\u0161o mati\u010dno dr\u017eavo. Ker vikend vinjeta stane le 5 EUR, ni prav nobenega razloga, da bi tvegali kazen 150+ EUR!  <\/p>\n\n<h2 class=\"wp-block-heading\">\ud83d\uddfa\ufe0f Priljubljene bolgarske cestne poti<\/h2>\n\n<h3 class=\"wp-block-heading\">Sofija do Sunny Beach \/ Burgas (\u010crnomorska obala)<\/h3>\n\n<p><strong>Razdalja:<\/strong> ~400 km | <strong>Trajanje:<\/strong> 4-4,5 ure | <strong>Potek:<\/strong> Avtocesta A1 Trakiya<\/p>\n\n<p>Najbolj priljubljena pot za po\u010ditnice na pla\u017ei. Avtocesta A1 ponuja odli\u010dne cestne pogoje vse do obale. Na poti se ustavite v <strong>Plovdivu<\/strong> in razi\u0161\u010dite eno najstarej\u0161ih evropskih neprekinjeno naseljenih mest, s \u010dudovitim starim mestom in rimskim amfiteatrom.  <\/p>\n\n<h3 class=\"wp-block-heading\">Sofija do Varne \/ Zlati pe\u0161\u010denjaki<\/h3>\n\n<p><strong>Razdalja:<\/strong> ~450 km | <strong>Trajanje:<\/strong> 5-6 ur | <strong>Potek:<\/strong> A2 Hemus (delno) + E85<\/p>\n\n<p>Odpravite se na severno obalo \u010crnega morja v Bolgarijo in letovi\u0161\u010da okoli Varne. Razmislite o postanku v <strong>Velikem Tarnovu<\/strong>, srednjeve\u0161ki prestolnici z impresivno trdnjavo Carevec. <\/p>\n\n<h3 class=\"wp-block-heading\">Sofija do Banska (smu\u010darsko sredi\u0161\u010de)<\/h3>\n\n<p><strong>Razdalja:<\/strong> ~160 km | <strong>Trajanje:<\/strong> 2-2,5 ure | <strong>Potek:<\/strong> A3 Struma + lokalne ceste<\/p>\n\n<p>Bolgarska vrhunska smu\u010darska destinacija ponuja odli\u010dne proge in bistveno ni\u017eje cene kot zahodnoevropska smu\u010darska sredi\u0161\u010da. O\u010darljivo staro mestno jedro Bansko se pona\u0161a s tradicionalnimi gostilnami (mehanas) z \u017eivo ljudsko glasbo. <\/p>\n\n<h3 class=\"wp-block-heading\">Sofija do Plovdiva<\/h3>\n\n<p><strong>Razdalja:<\/strong> ~150 km | <strong>Trajanje:<\/strong> 1,5-2 uri | <strong>Potek:<\/strong> A1 Trakiya<\/p>\n\n<p>Hitro potovanje v drugo najve\u010dje bolgarsko mesto in evropsko prestolnico kulture 2019. Ne zamudite rimskega stadiona, starega gledali\u0161\u010da in barvitega starega mestnega jedra. <\/p>\n\n<div style=\"height:25px\" aria-hidden=\"true\" class=\"wp-block-spacer\"><\/div>\n\n<div class=\"wp-block-buttons is-content-justification-center is-layout-flex wp-container-core-buttons-is-layout-a89b3969 wp-block-buttons-is-layout-flex\">\n<div class=\"wp-block-button\"><a class=\"wp-block-button__link wp-element-button\" href=\"https:\/\/vignettego.com\/\" style=\"background-color:#9c27b0;color:#ffffff;padding:15px 30px;font-size:18px;border-radius:8px;\">\ud83c\udf0d Na\u010drtujte svoje evropsko potovanje z avtom z VignetteGo<\/a><\/div>\n<\/div>\n\n<div style=\"height:25px\" aria-hidden=\"true\" class=\"wp-block-spacer\"><\/div>\n\n<h2 class=\"wp-block-heading\">\ud83d\udca1 Nasveti za vo\u017enjo v Bolgariji za leto 2026<\/h2>\n\n<h3 class=\"wp-block-heading\">Valuta in pla\u010dila<\/h3>\n\n<p>Bolgarija uporablja <strong>bolgarski lev (BGN).<\/strong> \u010ceprav je Bolgarija \u010dlanica EU, \u0161e ni sprejela evra. Kreditne kartice so \u0161iroko sprejete na bencinskih \u010drpalkah in mestih, vendar vsebujejo nekaj gotovine za manj\u0161e obrate in cestnine na fizi\u010dnih nakupnih mestih. Menjalni te\u010daj: pribli\u017eno 1 EUR = 1,95 BGN.   <\/p>\n\n<h3 class=\"wp-block-heading\">Omejitve hitrosti<\/h3>\n\n<ul class=\"wp-block-list\">\n<li><strong>Avtoceste:<\/strong> 140 km\/h<\/li>\n<li><strong>Glavne ceste izven mest<\/strong> : 90 km\/h<\/li>\n<li><strong>Urbana obmo\u010dja:<\/strong> 50 km\/h<\/li>\n<li><strong>Stanovanjska obmo\u010dja:<\/strong> 20-30 km\/h<\/li>\n<\/ul>\n\n<p><strong>Opomba:<\/strong> Radarji za hitrost so pogosti na bolgarskih avtocestah. Globe za prehitro vo\u017enjo so lahko precej\u0161nje. <\/p>\n\n<h3 class=\"wp-block-heading\">Cene goriva<\/h3>\n\n<p>Bolgarija ima ene najni\u017ejih cen goriva v EU, zaradi \u010desar je cenovno dostopna dr\u017eava za potovanja z avtom. Glavne gorivne verige vklju\u010dujejo OMV, Shell, Lukoil in Petrol. <\/p>\n\n<h3 class=\"wp-block-heading\">Stanje cest<\/h3>\n\n<p>Avtoceste so na splo\u0161no v odli\u010dnem stanju. Sekundarne ceste se razlikujejo po kakovosti \u2013 nekatere gorske ceste so lahko zahtevne, \u0161e posebej pozimi. Zimske pnevmatike so obvezne od 15. novembra do 1. marca.  <\/p>\n\n<h2 class=\"wp-block-heading\" id=\"faq-section\">\u2753 Pogosto zastavljena vpra\u0161anja<\/h2>\n\n<h3 class=\"wp-block-heading\">Kako dolgo velja bolgarski e-vignet?<\/h3>\n\n<p>Veljavnost je odvisna od vrste nakupa: vikend (od petka opoldne do nedelje polno\u010di), 7 dni, 1 mesec, 3 mesece ali letno. Vinjeta postane veljavna takoj ob nakupu ali od dolo\u010denega za\u010detnega datuma. <\/p>\n\n<h3 class=\"wp-block-heading\">Ali lahko v drugih dr\u017eavah uporabim bolgarsko vinjeto?<\/h3>\n\n<p>Ne, bolgarska e-vigneta velja samo v Bolgariji. Za potovanje skozi ve\u010d dr\u017eav obi\u0161\u010dite <a href=\"https:\/\/vignettego.com\/\" title=\"Evropske cestne vinjete\">VignetteGo,<\/a> kjer lahko kupite vinjete za vse dr\u017eave na va\u0161i poti. <\/p>\n\n<h3 class=\"wp-block-heading\">Kaj pa, \u010de vnesem napa\u010dno registrsko \u0161tevilko?<\/h3>\n\n<p>Pred potrditvijo nakupa dvakrat preverite podatke o registraciji. \u010ce naredite napako, boste morda morali kupiti novo vinjeto \u2013 vra\u010dila za napa\u010dne podatke obi\u010dajno niso mogo\u010da. <\/p>\n\n<h3 class=\"wp-block-heading\">Ali obstajajo kak\u0161ne brezpla\u010dne alternative v Bolgariji?<\/h3>\n\n<p>Da, lahko uporabljate sekundarne ceste (razred II in III) brez vinjete, vendar so te po\u010dasnej\u0161e in pogosto v slab\u0161em stanju. Za vsako pomembno razdaljo so avtoceste z vinjeto bistveno hitrej\u0161e in varnej\u0161e. <\/p>\n\n<h3 class=\"wp-block-heading\">Ali potrebujem \u0161e kaj za vo\u017enjo v Bolgariji?<\/h3>\n\n<p>Poleg e-vignete poskrbite, da imate: veljavno vozni\u0161ko dovoljenje, registracijski dokument vozila, dokazilo o zavarovanju (zelena karta), opozorilni trikotnik, komplet prve pomo\u010di in odsevni jopi\u010d. Med vo\u017enjo morajo biti \u017earometi ves \u010das pri\u017egani. <\/p>\n\n<div style=\"height:25px\" aria-hidden=\"true\" class=\"wp-block-spacer\"><\/div>\n\n<div class=\"wp-block-buttons is-content-justification-center is-layout-flex wp-container-core-buttons-is-layout-a89b3969 wp-block-buttons-is-layout-flex\">\n<div class=\"wp-block-button\"><a class=\"wp-block-button__link wp-element-button\" href=\"https:\/\/vignettego.com\/\" style=\"background-color:#e91e63;color:#ffffff;padding:15px 30px;font-size:18px;border-radius:8px;\">\ud83d\ude97 Pridobite svoje evropske avtocestne vinjete na VignetteGo \u2192<\/a><\/div>\n<\/div>\n\n<div style=\"height:25px\" aria-hidden=\"true\" class=\"wp-block-spacer\"><\/div>\n\n<h2 class=\"wp-block-heading\">\ud83c\udfd6\ufe0f Zakaj obiskati Bolgarijo?<\/h2>\n\n<p>Bolgarija ponuja izjemno vrednost za popotnike, z osupljivo naravno lepoto, bogato zgodovino in toplo gostoljubnostjo \u2013 vse to po cenah, ki so bistveno ni\u017eje kot v Zahodni Evropi. Tukaj je, kaj naredi Bolgarijo posebno: <\/p>\n\n<ul class=\"wp-block-list\">\n<li><strong>Obala \u010crnega morja:<\/strong> \u010cudovite pla\u017ee, \u017eivahna letovi\u0161\u010da kot sta Sunny Beach in Golden Sands ter zgodovinska mesta, kot je Nessebar (UNESCO svetovna dedi\u0161\u010dina)<\/li>\n<li><strong>Gorska letovi\u0161\u010da:<\/strong> Cenovno ugodno smu\u010danje v Banskem, Borovetsu in Pamporovu<\/li>\n<li><strong>Stara zgodovina:<\/strong> Tra\u010danske grobnice, rimske ru\u0161evine, srednjeve\u0161ke utrdbe<\/li>\n<li><strong>Vinska de\u017eela:<\/strong> Bolgarija je ena najstarej\u0161ih vinskih regij na svetu<\/li>\n<li><strong>Sofia:<\/strong> Dinami\u010dna prestolnica z fascinantno me\u0161anico starodavne, osmanske, sovjetske in moderne arhitekture<\/li>\n<li><strong>Dostopne cene:<\/strong> Ena najbolj cenovno ugodnih destinacij v EU<\/li>\n<\/ul>\n\n<h2 class=\"wp-block-heading\">\ud83d\udccd Zaklju\u010dek<\/h2>\n\n<p>Sistem elektronskih vinjet v Bolgariji je preprost in cenovno dostopen. Z mo\u017enostmi, ki segajo od vikend vstopnice za 5 EUR do letne vinjete za 50 EUR, lahko raziskujete to \u010dudovito de\u017eelo, ne da bi zapravili premo\u017eenje. Edinstvena mo\u017enost vikend vinjet naredi Bolgarijo popolno za spontane pobege na obalo \u010crnega morja.  <\/p>\n\n<p>Za najbolj priro\u010dno nakupno izku\u0161njo in za pridobitev vinjet za ve\u010d evropskih dr\u017eav v eni transakciji uporabite <a href=\"https:\/\/vignettego.com\/\" title=\"VignetteGo - Va&#x161; vir za evropske avtocestne vinjete\">VignetteGo<\/a>. Nakup traja le nekaj minut, va\u0161a vinjeta pa je veljavna takoj. <\/p>\n\n<p><strong>U\u017eivajte v svojem bolgarskem potovanju! \ud83c\udde7\ud83c\uddec\ud83c\udfd6\ufe0f <\/strong><\/p>\n\n<p><strong>Sorodni vodniki:<\/strong> <a href=\"https:\/\/vignettego.com\/highway-vignette-europe\/sl\/romunska-avtocestna-vinjeta-2026\/\">Romania Rovinieta<\/a> | <a href=\"https:\/\/vignettego.com\/highway-vignette-europe\/sl\/madzarska-avtocestna-vinjeta-2026\/\">Mad\u017earska E-Matrica<\/a> | <a href=\"https:\/\/vignettego.com\/\">Vse evropske vinjete<\/a><\/p>\n","protected":false},"excerpt":{"rendered":"<p>Na\u010drtujete potovanje z avtomobilom v Bolgarijo leta 2026? Ne glede na to, ali se odpravljate na son\u010dne pla\u017ee \u010crnega morja, raziskujete starodavne trakijske ru\u0161evine, odkrivate \u017eivahno sofijsko kulturo ali smu\u010date v osupljivih gorskih letovi\u0161\u010dih, je razumevanje bolgarskega cestninskega sistema bistvenega pomena. Bolgarija uporablja popolnoma elektronski sistem vinjet (e-vignette) z nekaj edinstvenimi mo\u017enostmi, vklju\u010dno z cenovno [&hellip;]<\/p>\n","protected":false},"author":0,"featured_media":0,"parent":0,"menu_order":0,"comment_status":"closed","ping_status":"closed","template":"","meta":{"footnotes":""},"class_list":["post-1079","page","type-page","status-publish","hentry"],"_links":{"self":[{"href":"https:\/\/vignettego.com\/highway-vignette-europe\/sl\/wp-json\/wp\/v2\/pages\/1079","targetHints":{"allow":["GET"]}}],"collection":[{"href":"https:\/\/vignettego.com\/highway-vignette-europe\/sl\/wp-json\/wp\/v2\/pages"}],"about":[{"href":"https:\/\/vignettego.com\/highway-vignette-europe\/sl\/wp-json\/wp\/v2\/types\/page"}],"replies":[{"embeddable":true,"href":"https:\/\/vignettego.com\/highway-vignette-europe\/sl\/wp-json\/wp\/v2\/comments?post=1079"}],"version-history":[{"count":3,"href":"https:\/\/vignettego.com\/highway-vignette-europe\/sl\/wp-json\/wp\/v2\/pages\/1079\/revisions"}],"predecessor-version":[{"id":1363,"href":"https:\/\/vignettego.com\/highway-vignette-europe\/sl\/wp-json\/wp\/v2\/pages\/1079\/revisions\/1363"}],"wp:attachment":[{"href":"https:\/\/vignettego.com\/highway-vignette-europe\/sl\/wp-json\/wp\/v2\/media?parent=1079"}],"curies":[{"name":"wp","href":"https:\/\/api.w.org\/{rel}","templated":true}]}}