{"id":1078,"date":"2026-01-04T01:40:21","date_gmt":"2026-01-04T01:40:21","guid":{"rendered":"https:\/\/vignettego.com\/highway-vignette-europe\/moldavska-cestna-vinjeta-2026\/"},"modified":"2026-01-04T12:42:07","modified_gmt":"2026-01-04T12:42:07","slug":"moldavska-cestna-vinjeta-2026","status":"publish","type":"page","link":"https:\/\/vignettego.com\/highway-vignette-europe\/sl\/moldavska-cestna-vinjeta-2026\/","title":{"rendered":"Moldova Road Vignette 2026: Popoln vodi\u010d po Vinieti"},"content":{"rendered":"\n<script type=\"application\/ld+json\">{\n    \"@context\": \"https:\/\/schema.org\",\n    \"@graph\": [\n        {\n            \"@type\": \"Article\",\n            \"@id\": \"https:\/\/vignettego.com\/highway-vignette-europe\/moldova-highway-vignette-guide\/#article\",\n            \"headline\": \"Moldova Road Vignette 2026: Complete Vinieta Guide\",\n            \"description\": \"Everything about the Moldovan road vignette system (Vinieta). Learn about pricing, validity, where to buy, road conditions, and travel tips for driving in Moldova.\",\n            \"image\": \"https:\/\/vignettego.com\/highway-vignette-europe\/wp-content\/uploads\/2026\/09\/Highway-Vignette-Europe.jpg\",\n            \"datePublished\": \"2026-01-04\",\n            \"dateModified\": \"2026-01-04\",\n            \"author\": {\"@type\": \"Organization\", \"name\": \"VignetteGo\", \"url\": \"https:\/\/vignettego.com\"},\n            \"publisher\": {\"@type\": \"Organization\", \"name\": \"VignetteGo\"},\n            \"mainEntityOfPage\": {\"@type\": \"WebPage\", \"@id\": \"https:\/\/vignettego.com\/highway-vignette-europe\/moldova-highway-vignette-guide\/\"},\n            \"articleSection\": \"Highway Vignettes\",\n            \"keywords\": [\"Moldova vignette\", \"Vinieta Moldova\", \"Moldova road toll\", \"Moldovan road pass\", \"driving in Moldova\"],\n            \"inLanguage\": \"en\",\n            \"speakable\": {\"@type\": \"SpeakableSpecification\", \"cssSelector\": [\".article-intro\", \"#faq-section\"]}\n        },\n        {\n            \"@type\": \"BreadcrumbList\",\n            \"itemListElement\": [\n                {\"@type\": \"ListItem\", \"position\": 1, \"name\": \"VignetteGo\", \"item\": \"https:\/\/vignettego.com\/\"},\n                {\"@type\": \"ListItem\", \"position\": 2, \"name\": \"Highway Vignette Europe\", \"item\": \"https:\/\/vignettego.com\/highway-vignette-europe\/\"},\n                {\"@type\": \"ListItem\", \"position\": 3, \"name\": \"Moldova Guide\", \"item\": \"https:\/\/vignettego.com\/highway-vignette-europe\/moldova-highway-vignette-guide\/\"}\n            ]\n        },\n        {\n            \"@type\": \"FAQPage\",\n            \"mainEntity\": [\n                {\"@type\": \"Question\", \"name\": \"How much does the Moldovan road vignette cost?\", \"acceptedAnswer\": {\"@type\": \"Answer\", \"text\": \"The Moldovan vinieta costs approximately EUR 4-5 for 7 days, EUR 6-8 for 15 days, and EUR 15-20 for an annual vignette. This makes it one of Europe most affordable road toll systems.\"}},\n                {\"@type\": \"Question\", \"name\": \"Do I need a vignette to drive in Moldova?\", \"acceptedAnswer\": {\"@type\": \"Answer\", \"text\": \"Yes, all foreign-registered vehicles require a valid road vignette (vinieta rutier\u0103) to drive on Moldovan national roads. The vignette can be purchased online or at border crossings.\"}},\n                {\"@type\": \"Question\", \"name\": \"Can I buy the Moldovan vignette online?\", \"acceptedAnswer\": {\"@type\": \"Answer\", \"text\": \"Yes, you can purchase the Moldovan vinieta online through VignetteGo or official Moldovan portals. The vignette is valid immediately after purchase and is linked to your license plate.\"}},\n                {\"@type\": \"Question\", \"name\": \"What are the road conditions like in Moldova?\", \"acceptedAnswer\": {\"@type\": \"Answer\", \"text\": \"Main roads in Moldova are generally acceptable but can be rough in places. Rural roads often have potholes. Drive carefully, especially at night, and be aware of horse-drawn carts in rural areas.\"}},\n                {\"@type\": \"Question\", \"name\": \"Is Moldova safe for road trips?\", \"acceptedAnswer\": {\"@type\": \"Answer\", \"text\": \"Yes, Moldova is generally safe for tourists. The main concerns are road conditions and the unrecognized region of Transnistria. Stick to main routes and purchase comprehensive insurance.\"}}\n            ]\n        }\n    ]\n}\n<\/script>\n\n<figure class=\"wp-block-image aligncenter size-large\"><img decoding=\"async\" src=\"https:\/\/vignettego.com\/highway-vignette-europe\/wp-content\/uploads\/2026\/09\/Highway-Vignette-Europe.jpg\" alt=\"Moldova Road Vignette 2026 - Popoln vodnik po sistemu Vinieta v Moldaviji\" style=\"width:100%; height:auto; margin-bottom:20px;\"\/><\/figure>\n\n<p class=\"article-intro\">Moldavija ostaja ena izmed najmanj obiskanih evropskih dr\u017eav \u2013 a to se hitro spreminja, saj pustolovski popotniki odkrivajo njene vrhunske vinske regije, edinstveno sovjetsko dedi\u0161\u010dino, toplo gostoljubje in presenetljivo bogato kulturo. \u010ce na\u010drtujete potovanje do tega skritega dragulja, boste morali poznati <strong>moldavski sistem cestnih vinjet,<\/strong> lokalno imenovan <strong>vinieta rutier\u0103<\/strong>. Ta obse\u017een vodi\u010d zajema vse, kar morate vedeti o vo\u017enji v Moldaviji v letu 2026, od nakupa vinjete do vo\u017enje po pode\u017eelskih cestah in raziskovanja njenih skritih zakladov.  <\/p>\n\n<div style=\"height:25px\" aria-hidden=\"true\" class=\"wp-block-spacer\"><\/div>\n\n<div class=\"wp-block-buttons is-content-justification-center is-layout-flex wp-container-core-buttons-is-layout-a89b3969 wp-block-buttons-is-layout-flex\">\n<div class=\"wp-block-button\"><a class=\"wp-block-button__link wp-element-button\" href=\"https:\/\/vignettego.com\/\" style=\"background-color:#0066cc;color:#ffffff;padding:15px 30px;font-size:18px;border-radius:8px;\">\ud83d\ude97 Pridobite svojo moldavsko Vinieto na VignetteGo<\/a><\/div>\n<\/div>\n\n<div style=\"height:25px\" aria-hidden=\"true\" class=\"wp-block-spacer\"><\/div>\n\n<h2 class=\"wp-block-heading\">\ud83c\uddf2\ud83c\udde9 Kaj je moldavska vinieta?<\/h2>\n\n<p>Moldavija uporablja <strong>elektronski sistem cestnih vinjet<\/strong> (vinieta rutier\u0103) za vsa tuja vozila, ki uporabljajo moldavske dr\u017eavne ceste. Vinjeta je \u010dasovno dolo\u010dena cestnina, ki vam daje pravico do uporabe pode\u017eelskega cestnega omre\u017eja. Kot ve\u010dina sodobnih evropskih sistemov <strong>je moldavska vinieta popolnoma digitalna \u2013<\/strong> va\u0161a registrska tablica je registrirana v bazi podatkov in jo preverjajo organi pregona.  <\/p>\n\n<p>Sistem je bil v zadnjih letih posodobljen, da bi bil bolj dostopen tujim obiskovalcem. Zdaj lahko svojo vinjeto kupite prek spleta \u0161e pred prihodom v Moldavijo, s \u010dimer odpravite morebitne zamude na mejnih prehodih. Vinjeta postane veljavna takoj ob nakupu ali od dolo\u010denega datuma za\u010detka.  <\/p>\n\n<h2 class=\"wp-block-heading\">\ud83d\udccb Moldavske cene vinjet 2026<\/h2>\n\n<p>Moldavija ponuja nekatere najbolj dostopne cestnine v Evropi, zaradi \u010desar je cenovno ugodna destinacija za potovanja z avtomobilom. Tukaj so trenutne cenovne mo\u017enosti: <\/p>\n\n<figure class=\"wp-block-table\"><table><thead><tr><th>Obdobje veljavnosti<\/th><th>Avtomobili (do 3,5t)<\/th><th>Pribli\u017eno EUR <\/th><\/tr><\/thead><tbody><tr><td><strong>7 dni<\/strong><\/td><td>80-100 MDL<\/td><td>~4-5 EUR<\/td><\/tr><tr><td><strong>15 dni<\/strong><\/td><td>120-150 MDL<\/td><td>~EUR 6-8<\/td><\/tr><tr><td><strong>30 dni<\/strong><\/td><td>200-250 MDL<\/td><td>~EUR 10-13<\/td><\/tr><tr><td><strong>Letno<\/strong><\/td><td>300-400 MDL<\/td><td>~EUR 15-20<\/td><\/tr><\/tbody><\/table><\/figure>\n\n<p><strong>Opomba:<\/strong> Cene so pokazateljske in se lahko nekoliko razlikujejo. Menjalni te\u010daj moldavskega leuja (MDL) niha, vendar je 1 EUR pribli\u017eno 19-20 MDL. <\/p>\n\n<div style=\"height:25px\" aria-hidden=\"true\" class=\"wp-block-spacer\"><\/div>\n\n<div class=\"wp-block-buttons is-content-justification-center is-layout-flex wp-container-core-buttons-is-layout-a89b3969 wp-block-buttons-is-layout-flex\">\n<div class=\"wp-block-button\"><a class=\"wp-block-button__link wp-element-button\" href=\"https:\/\/vignettego.com\/\" style=\"background-color:#28a745;color:#ffffff;padding:15px 30px;font-size:18px;border-radius:8px;\">\u2705 Pridobite evropske vinjete \u2013 vklju\u010dno z Moldavijo \u2013 na VignetteGo<\/a><\/div>\n<\/div>\n\n<div style=\"height:25px\" aria-hidden=\"true\" class=\"wp-block-spacer\"><\/div>\n\n<h2 class=\"wp-block-heading\">\ud83d\udee3\ufe0f Moldavsko cestno omre\u017eje<\/h2>\n\n<p>Moldavija je majhna dr\u017eava (pribli\u017eno velikosti Belgije) z razmeroma preprosto cestno mre\u017eo. Avtocest ni v tradicionalnem pomenu \u2013 namesto tega dr\u017eava temelji na dr\u017eavnih cestah (M-cestah) in regionalnih cestah (R-ceste). Tukaj so glavne poti:  <\/p>\n\n<h3 class=\"wp-block-heading\">M1 \u2013 Glavna vzhodno-zahodna pot<\/h3>\n\n<p>Glavna mednarodna pot <strong>, ki povezuje romunsko mejo (Leu\u0219eni) s Ki\u0161injevom in naprej z ukrajinsko mejo<\/strong>. To je glavna prometnica za mednarodni promet in je na splo\u0161no v razumnem stanju. Skupna dol\u017eina skozi Moldavijo: pribli\u017eno 180 km.  <\/p>\n\n<h3 class=\"wp-block-heading\">M2 \u2013 Severna pot<\/h3>\n\n<p>Poteka od <strong>Ki\u0161injeva proti severu do B\u0103l\u021bija<\/strong> (drugo najve\u010dje mesto v Moldaviji) in se nadaljuje do ukrajinske meje. Pomembno za popotnike, ki potujejo v severno Ukrajino ali iz nje. Dol\u017eina: pribli\u017eno 140 km.  <\/p>\n\n<h3 class=\"wp-block-heading\">M3 \u2013 Ju\u017ena pot<\/h3>\n\n<p>Povezuje <strong>Ki\u0161injev z ju\u017eno avtonomno regijo Gagauz<\/strong> in romunsko mejo pri Giurgiule\u0219ti (moldavsko malo pristani\u0161\u010de na Donavi). To pot uporabljajo potniki, ki potujejo v Bukare\u0161to ali iz nje preko ju\u017ene Romunije. <\/p>\n\n<h3 class=\"wp-block-heading\">M4 \u2013 Vinska pot<\/h3>\n\n<p>Povezuje Ki\u0161injev z Orheijem (dom znamenitega jamskega samostana Orheiul Vechi) in \u0161e dlje. To je priljubljena turisti\u010dna pot za obisk vinskih regij in zgodovinskih znamenitosti. <\/p>\n\n<h2 class=\"wp-block-heading\">\ud83d\udcbb Kako kupiti moldavsko Vinieto<\/h2>\n\n<p>Nakup va\u0161e moldavske vinjete je preprost. Tukaj so va\u0161e mo\u017enosti: <\/p>\n\n<h3 class=\"wp-block-heading\">Mo\u017enost 1: Splet preko VignetteGo (priporo\u010deno)<\/h3>\n\n<ol class=\"wp-block-list\">\n<li>Obi\u0161\u010dite <a href=\"https:\/\/vignettego.com\/\" title=\"Kupite moldavsko vinjeto preko spleta\">VignetteGo.com<\/a><\/li>\n<li>Izberite Moldavijo in \u017eeleno obdobje veljavnosti<\/li>\n<li>Vnesite podatke o registraciji vozila (registrske tablice)<\/li>\n<li>Popolno varno pla\u010dilo<\/li>\n<li>Prejmite takoj\u0161njo potrditev \u2013 veljavno takoj!<\/li>\n<\/ol>\n\n<p><strong>Zakaj VignetteGo?<\/strong>  Ve\u010djezi\u010dna podpora, enostaven vmesnik, mo\u017enost nakupa vinjet za Romunijo in druge dr\u017eave v isti transakciji (kar je bistveno za ve\u010dino potovanj v Moldavijo) ter zanesljiva podpora strankam.<\/p>\n\n<h3 class=\"wp-block-heading\">Mo\u017enost 2: Na mejnih prehodih<\/h3>\n\n<p>Vinjete je mogo\u010de kupiti na mejnih prehodih v Moldaviji. Vendar pa to lahko vklju\u010duje \u010dakalne vrste in morebitne komunikacijske izzive. Nakup prek spleta vnaprej je mo\u010dno priporo\u010dljiv.  <\/p>\n\n<h3 class=\"wp-block-heading\">Mo\u017enost 3: Bencinske \u010drpalke in po\u0161te<\/h3>\n\n<p>V Moldaviji je mogo\u010de vinjete kupiti na bencinskih \u010drpalkah Petrom in Lukoil ter na po\u0161tah v ve\u010djih mestih.<\/p>\n\n<div style=\"height:25px\" aria-hidden=\"true\" class=\"wp-block-spacer\"><\/div>\n\n<div class=\"wp-block-buttons is-content-justification-center is-layout-flex wp-container-core-buttons-is-layout-a89b3969 wp-block-buttons-is-layout-flex\">\n<div class=\"wp-block-button\"><a class=\"wp-block-button__link wp-element-button\" href=\"https:\/\/vignettego.com\/\" style=\"background-color:#ff6600;color:#ffffff;padding:15px 30px;font-size:18px;border-radius:8px;\">\ud83d\uded2 Kupite svojo moldavsko Vinieto zdaj \u2013 izognite se zamudam na meji<\/a><\/div>\n<\/div>\n\n<div style=\"height:25px\" aria-hidden=\"true\" class=\"wp-block-spacer\"><\/div>\n\n<h2 class=\"wp-block-heading\">\ud83d\uddfa\ufe0f Pot do Moldavije z avtom<\/h2>\n\n<p>Ve\u010dina obiskovalcev v Moldavijo pride z avtomobilom iz Romunije ali Ukrajine. Tukaj so glavne poti in mejni prehodi: <\/p>\n\n<h3 class=\"wp-block-heading\">Iz Romunije (najpogostej\u0161a pot)<\/h3>\n\n<p><strong>Bukare\u0161ta do Ki\u0161injeva:<\/strong> ~450 km, 7-8 ur preko mejnega prehoda Albi\u021ba-Leu\u0219eni. To je najbolj priljubljena pot in prehod meje je na splo\u0161no u\u010dinkovit. <\/p>\n\n<p><strong>Alternativni prehodi:<\/strong><\/p>\n\n<ul class=\"wp-block-list\">\n<li><strong>Sculeni:<\/strong> Severni prehod, dober za prihod v B\u0103l\u021bi<\/li>\n<li><strong>Giurgiule\u0219ti:<\/strong> Ju\u017eni prehod \u010dez Donavo<\/li>\n<li><strong>Gala\u021bi-Giurgiule\u0219ti:<\/strong> Pre\u010dkanje trajekta (sezonsko)<\/li>\n<\/ul>\n\n<p><strong>Pomembno:<\/strong> Za potovanje po Romuniji boste potrebovali tako <a href=\"https:\/\/vignettego.com\/highway-vignette-europe\/sl\/romunska-avtocestna-vinjeta-2026\/\">romunsko Rovinieto<\/a> kot tudi moldavsko Vinieto. Oba kupite na <a href=\"https:\/\/vignettego.com\/\" title=\"Evropske vinjete\">VignetteGo<\/a> v eni transakciji. <\/p>\n\n<h3 class=\"wp-block-heading\">Iz Ukrajine<\/h3>\n\n<p>Med Ukrajino in Moldavijo obstaja ve\u010d mejnih prehodov, glavni v Palanci (jug) in razli\u010dni prehodi blizu Tiraspola (pozorni na Pridnestrovje \u2013 glej spodaj).<\/p>\n\n<h2 class=\"wp-block-heading\">\u26a0\ufe0f Posebna opomba: Pridnjestrovje<\/h2>\n\n<p>Ozek pas Moldavije vzhodno od reke Dnester nadzoruje nepriznana odcepljena regija <strong>Pridnjestrovje<\/strong> (uradno Pridnestrska moldavska republika). \u010ceprav so turisti\u010dni obiski mo\u017eni in na splo\u0161no varni, bodite pozorni: <\/p>\n\n<ul class=\"wp-block-list\">\n<li>Na meji se boste morali registrirati in morda boste prejeli migracijsko kartico<\/li>\n<li>Regija uporablja lastno valuto in ima svoja pravila<\/li>\n<li>Va\u0161e potovalno zavarovanje morda ne krije tega obmo\u010dja<\/li>\n<li>Nekatere dr\u017eave odsvetujejo potovanja tja<\/li>\n<\/ul>\n\n<p>\u010ce samo potujete skozi (npr. z vo\u017enjo iz Ukrajine v Ki\u0161injev po najkraj\u0161i poti), boste na kratko pre\u010dkali Pridnestrovje. To je na splo\u0161no brez zapletov, a lahko podalj\u0161a \u010das na pot. <\/p>\n\n<div style=\"height:25px\" aria-hidden=\"true\" class=\"wp-block-spacer\"><\/div>\n\n<div class=\"wp-block-buttons is-content-justification-center is-layout-flex wp-container-core-buttons-is-layout-a89b3969 wp-block-buttons-is-layout-flex\">\n<div class=\"wp-block-button\"><a class=\"wp-block-button__link wp-element-button\" href=\"https:\/\/vignettego.com\/\" style=\"background-color:#9c27b0;color:#ffffff;padding:15px 30px;font-size:18px;border-radius:8px;\">\ud83c\udf0d Na\u010drtujte svoje potovanje po vzhodni Evropi z VignetteGo<\/a><\/div>\n<\/div>\n\n<div style=\"height:25px\" aria-hidden=\"true\" class=\"wp-block-spacer\"><\/div>\n\n<h2 class=\"wp-block-heading\">\ud83d\udca1 Nasveti za vo\u017enjo v Moldaviji za leto 2026<\/h2>\n\n<h3 class=\"wp-block-heading\">Stanje cest<\/h3>\n\n<p>Bodite pripravljeni na spremenljive razmere na cesti. Glavne ceste (M-ceste) so na splo\u0161no sprejemljive, vendar pri\u010dakujte: <\/p>\n\n<ul class=\"wp-block-list\">\n<li>Luknje, tudi na glavnih cestah<\/li>\n<li>Hrapave povr\u0161ine na regionalnih cestah<\/li>\n<li>Omejena osvetlitev na pode\u017eelskih cestah pono\u010di<\/li>\n<li>Konjske vprege in kmetijska vozila na pode\u017eelju<\/li>\n<\/ul>\n\n<p><strong>Priporo\u010dilo:<\/strong> Vozite podnevi, kadar je mogo\u010de, \u0161e posebej po neznanih poteh.<\/p>\n\n<h3 class=\"wp-block-heading\">Valuta in pla\u010dila<\/h3>\n\n<p>Moldavija uporablja <strong>moldavski lev (MDL).<\/strong> \u010ceprav so kreditne kartice v Ki\u0161injevu vse bolj sprejete, vsebujejo gotovino za pode\u017eelska obmo\u010dja, manj\u0161e restavracije in nekatere bencinske \u010drpalke. Bankomati so na voljo v mestih. Menjalni te\u010daj: pribli\u017eno 1 EUR = 19-20 MDL.   <\/p>\n\n<h3 class=\"wp-block-heading\">Omejitve hitrosti<\/h3>\n\n<ul class=\"wp-block-list\">\n<li><strong>Dr\u017eavne ceste:<\/strong> 90 km\/h<\/li>\n<li><strong>Urbana obmo\u010dja:<\/strong> 50 km\/h<\/li>\n<li><strong>Stanovanjska obmo\u010dja:<\/strong> 20-30 km\/h<\/li>\n<\/ul>\n\n<h3 class=\"wp-block-heading\">Gorivo<\/h3>\n\n<p>Cene goriva v Moldaviji so zmerne. Glavne verige bencinskih \u010drpalk so Petrom, Lukoil in Bemol. Bencinske \u010drpalke v mestih so sodobne in sprejemajo kartice; pode\u017eelske postaje so lahko bolj osnovne.  <\/p>\n\n<h3 class=\"wp-block-heading\">Obvezni dokumenti<\/h3>\n\n<ul class=\"wp-block-list\">\n<li>Veljavno vozni\u0161ko dovoljenje (dovoljenje EU sprejeto; drugi lahko potrebujejo mednarodno dovoljenje)<\/li>\n<li>Registracijski dokument vozila<\/li>\n<li>Veljavno zavarovanje (priporo\u010dena zelena karta)<\/li>\n<li>Valid vinieta<\/li>\n<li>Potni list za prehode meja<\/li>\n<\/ul>\n\n<h2 class=\"wp-block-heading\" id=\"faq-section\">\u2753 Pogosto zastavljena vpra\u0161anja<\/h2>\n\n<h3 class=\"wp-block-heading\">Ali je Moldavija varna za turiste?<\/h3>\n\n<p>Da, Moldavija je na splo\u0161no varna za turiste. Manj\u0161i kriminal obstaja (kot povsod), vendar je nasilni kriminal nad turisti redek. Glavne skrbi so varnost na cestah (slabe cestne razmere, agresivni vozniki) in nere\u0161ena situacija v Pridnestrovju.  <\/p>\n\n<h3 class=\"wp-block-heading\">Ali potrebujem vizum za obisk Moldavije?<\/h3>\n\n<p>Dr\u017eavljani EU, Ameri\u010dani, Kanad\u010dani, Avstralci in mnogi drugi lahko obi\u0161\u010dejo Moldavijo brez vizuma do 90 dni. Pred potovanjem preverite trenutne zahteve glede va\u0161e dr\u017eavljannosti. <\/p>\n\n<h3 class=\"wp-block-heading\">Kaj je za videti v Moldaviji?<\/h3>\n\n<p>Glavne znamenitosti Moldavije vklju\u010dujejo:<\/p>\n\n<ul class=\"wp-block-list\">\n<li><strong>Vinske kleti:<\/strong> Mile\u0219tii Mici (najve\u010dja vinska klet na svetu), Cricova (podzemno vinsko mesto)<\/li>\n<li><strong>Orheiul Vechi:<\/strong> Osupljiv jamski samostanski kompleks<\/li>\n<li><strong>Ki\u0161injev:<\/strong> Zelena prestolnica s parki, muzeji in kavarnami<\/li>\n<li><strong>Soroca:<\/strong> Zgodovinska trdnjava in romska skupnost<\/li>\n<li><strong>Pridnestrovje:<\/strong> \u010casovna kapsula sovjetske regije (za pustolovske popotnike)<\/li>\n<\/ul>\n\n<h3 class=\"wp-block-heading\">Kdaj je najbolj\u0161i \u010das za obisk Moldavije?<\/h3>\n\n<p>Najbolj\u0161i \u010das je od <strong>maja do oktobra<\/strong>, pri \u010demer je september-oktober \u0161e posebej lep med trgatvijo grozdja in vinskimi festivali. Poletja so lahko vro\u010da; Zime so mrzle. <\/p>\n\n<div style=\"height:25px\" aria-hidden=\"true\" class=\"wp-block-spacer\"><\/div>\n\n<div class=\"wp-block-buttons is-content-justification-center is-layout-flex wp-container-core-buttons-is-layout-a89b3969 wp-block-buttons-is-layout-flex\">\n<div class=\"wp-block-button\"><a class=\"wp-block-button__link wp-element-button\" href=\"https:\/\/vignettego.com\/\" style=\"background-color:#e91e63;color:#ffffff;padding:15px 30px;font-size:18px;border-radius:8px;\">\ud83d\ude97 Pridobite svoje evropske avtocestne vinjete na VignetteGo \u2192<\/a><\/div>\n<\/div>\n\n<div style=\"height:25px\" aria-hidden=\"true\" class=\"wp-block-spacer\"><\/div>\n\n<h2 class=\"wp-block-heading\">\ud83c\udf77 Zakaj obiskati Moldavijo?<\/h2>\n\n<p>Moldavija ponuja edinstveno potovalno izku\u0161njo, kakr\u0161ne ni drugje v Evropi:<\/p>\n\n<ul class=\"wp-block-list\">\n<li><strong>Svetovno vrhunsko vino:<\/strong> Ena najstarej\u0161ih vinskih regij na svetu z neverjetnimi podzemnimi kleti<\/li>\n<li><strong>Pristna kultura:<\/strong> Tradicionalne vasi, topla gostoljubnost in pristne izku\u0161nje<\/li>\n<li><strong>Izven uhojenih poti:<\/strong> Zelo malo turistov pomeni pristne interakcije<\/li>\n<li><strong>Cenovno ugodno:<\/strong> Ena izmed najbolj dostopnih destinacij v Evropi<\/li>\n<li><strong>Edinstvena zgodovina:<\/strong> Fascinantna me\u0161anica romunskih, ruskih in sovjetskih vplivov<\/li>\n<li><strong>Prijazni ljudje:<\/strong> Moldavci so znani po svoji gostoljubnosti<\/li>\n<\/ul>\n\n<h2 class=\"wp-block-heading\">\ud83d\udccd Zaklju\u010dek<\/h2>\n\n<p>Moldavija je podcenjen dragulj, ki \u010daka na odkritje. Sistem cestnih vinjet je preprost in cenovno ugoden \u2013 le nekaj evrov za tedensko vozovnico. V kombinaciji z izjemno poceni <a href=\"https:\/\/vignettego.com\/highway-vignette-europe\/sl\/romunska-avtocestna-vinjeta-2026\/\">romunsko Rovinieto<\/a> lahko ta koti\u010dek Evrope raziskujete z minimalnim prora\u010dunom.  <\/p>\n\n<p>Za najbolj priro\u010dno izku\u0161njo kupite svojo moldavsko vinieto pri <a href=\"https:\/\/vignettego.com\/\" title=\"VignetteGo - evropske cestne vinjete\">VignetteGo<\/a> pred potovanjem. Vinjete za Moldavijo, Romunijo in katerokoli drugo dr\u017eavo na va\u0161i poti lahko dobite v eni preprosti transakciji. <\/p>\n\n<p><strong>Odkrijte Moldavijo! \ud83c\uddf2\ud83c\udde9\ud83c\udf77 <\/strong><\/p>\n\n<p><strong>Sorodni vodniki:<\/strong> <a href=\"https:\/\/vignettego.com\/highway-vignette-europe\/sl\/romunska-avtocestna-vinjeta-2026\/\">Romania Rovinieta<\/a> | <a href=\"https:\/\/vignettego.com\/highway-vignette-europe\/sl\/bolgarska-avtocestna-vinjeta-2026\/\">Bolgarija E-Vignette<\/a> | <a href=\"https:\/\/vignettego.com\/\">Vse evropske vinjete<\/a><\/p>\n","protected":false},"excerpt":{"rendered":"<p>Moldavija ostaja ena izmed najmanj obiskanih evropskih dr\u017eav \u2013 a to se hitro spreminja, saj pustolovski popotniki odkrivajo njene vrhunske vinske regije, edinstveno sovjetsko dedi\u0161\u010dino, toplo gostoljubje in presenetljivo bogato kulturo. \u010ce na\u010drtujete potovanje do tega skritega dragulja, boste morali poznati moldavski sistem cestnih vinjet, lokalno imenovan vinieta rutier\u0103. Ta obse\u017een vodi\u010d zajema vse, kar [&hellip;]<\/p>\n","protected":false},"author":0,"featured_media":0,"parent":0,"menu_order":0,"comment_status":"closed","ping_status":"closed","template":"","meta":{"footnotes":""},"class_list":["post-1078","page","type-page","status-publish","hentry"],"_links":{"self":[{"href":"https:\/\/vignettego.com\/highway-vignette-europe\/sl\/wp-json\/wp\/v2\/pages\/1078","targetHints":{"allow":["GET"]}}],"collection":[{"href":"https:\/\/vignettego.com\/highway-vignette-europe\/sl\/wp-json\/wp\/v2\/pages"}],"about":[{"href":"https:\/\/vignettego.com\/highway-vignette-europe\/sl\/wp-json\/wp\/v2\/types\/page"}],"replies":[{"embeddable":true,"href":"https:\/\/vignettego.com\/highway-vignette-europe\/sl\/wp-json\/wp\/v2\/comments?post=1078"}],"version-history":[{"count":3,"href":"https:\/\/vignettego.com\/highway-vignette-europe\/sl\/wp-json\/wp\/v2\/pages\/1078\/revisions"}],"predecessor-version":[{"id":1348,"href":"https:\/\/vignettego.com\/highway-vignette-europe\/sl\/wp-json\/wp\/v2\/pages\/1078\/revisions\/1348"}],"wp:attachment":[{"href":"https:\/\/vignettego.com\/highway-vignette-europe\/sl\/wp-json\/wp\/v2\/media?parent=1078"}],"curies":[{"name":"wp","href":"https:\/\/api.w.org\/{rel}","templated":true}]}}