{"id":1077,"date":"2026-01-04T01:39:43","date_gmt":"2026-01-04T01:39:43","guid":{"rendered":"https:\/\/vignettego.com\/highway-vignette-europe\/romunska-avtocestna-vinjeta-2026\/"},"modified":"2026-01-04T12:41:54","modified_gmt":"2026-01-04T12:41:54","slug":"romunska-avtocestna-vinjeta-2026","status":"publish","type":"page","link":"https:\/\/vignettego.com\/highway-vignette-europe\/sl\/romunska-avtocestna-vinjeta-2026\/","title":{"rendered":"Romunska avtocestna vigneta 2026: Popoln vodnik po Rovinieti"},"content":{"rendered":"\n<script type=\"application\/ld+json\">{\n    \"@context\": \"https:\/\/schema.org\",\n    \"@graph\": [\n        {\n            \"@type\": \"Article\",\n            \"@id\": \"https:\/\/vignettego.com\/highway-vignette-europe\/romania-highway-vignette-guide\/#article\",\n            \"headline\": \"Romania Highway Vignette 2026: Complete Rovinieta Guide\",\n            \"description\": \"Everything about Romanian electronic highway vignettes (Rovinieta). Europe most affordable toll system! Learn about pricing, validity, Transylvania routes, and the famous Transf\u0103g\u0103r\u0103\u0219an road.\",\n            \"image\": \"https:\/\/vignettego.com\/highway-vignette-europe\/wp-content\/uploads\/2026\/09\/Highway-Vignette-Europe.jpg\",\n            \"datePublished\": \"2026-01-04\",\n            \"dateModified\": \"2026-01-04\",\n            \"author\": {\"@type\": \"Organization\", \"name\": \"VignetteGo\", \"url\": \"https:\/\/vignettego.com\"},\n            \"publisher\": {\"@type\": \"Organization\", \"name\": \"VignetteGo\"},\n            \"mainEntityOfPage\": {\"@type\": \"WebPage\", \"@id\": \"https:\/\/vignettego.com\/highway-vignette-europe\/romania-highway-vignette-guide\/\"},\n            \"articleSection\": \"Highway Vignettes\",\n            \"keywords\": [\"Romania vignette\", \"Rovinieta\", \"Romania highway toll\", \"Romanian motorway pass\", \"Transylvania road trip\", \"Transfagarasan\"],\n            \"inLanguage\": \"en\",\n            \"speakable\": {\"@type\": \"SpeakableSpecification\", \"cssSelector\": [\".article-intro\", \"#faq-section\"]}\n        },\n        {\n            \"@type\": \"BreadcrumbList\",\n            \"itemListElement\": [\n                {\"@type\": \"ListItem\", \"position\": 1, \"name\": \"VignetteGo\", \"item\": \"https:\/\/vignettego.com\/\"},\n                {\"@type\": \"ListItem\", \"position\": 2, \"name\": \"Highway Vignette Europe\", \"item\": \"https:\/\/vignettego.com\/highway-vignette-europe\/\"},\n                {\"@type\": \"ListItem\", \"position\": 3, \"name\": \"Romania Guide\", \"item\": \"https:\/\/vignettego.com\/highway-vignette-europe\/romania-highway-vignette-guide\/\"}\n            ]\n        },\n        {\n            \"@type\": \"FAQPage\",\n            \"mainEntity\": [\n                {\"@type\": \"Question\", \"name\": \"How much does the Romanian Rovinieta cost?\", \"acceptedAnswer\": {\"@type\": \"Answer\", \"text\": \"The Romanian Rovinieta is Europe cheapest highway vignette! A 7-day vignette costs approximately EUR 3.50, 30-day costs EUR 7, and annual costs just EUR 28.\"}},\n                {\"@type\": \"Question\", \"name\": \"Where can I buy the Romanian Rovinieta?\", \"acceptedAnswer\": {\"@type\": \"Answer\", \"text\": \"You can buy the Rovinieta online at VignetteGo or the official roviniete.ro website, or at gas stations and border crossings in Romania. Online purchase is recommended for convenience.\"}},\n                {\"@type\": \"Question\", \"name\": \"Is the Transf\u0103g\u0103r\u0103\u0219an road toll-free?\", \"acceptedAnswer\": {\"@type\": \"Answer\", \"text\": \"Yes, the Transf\u0103g\u0103r\u0103\u0219an (DN7C) is a national road, not a motorway, so no Rovinieta is needed specifically for it. However, you will likely use toll roads to reach it, so a Rovinieta is still recommended.\"}},\n                {\"@type\": \"Question\", \"name\": \"What are the fines for driving without Rovinieta?\", \"acceptedAnswer\": {\"@type\": \"Answer\", \"text\": \"Fines for driving without a valid Rovinieta range from EUR 50-200 depending on how far you traveled without one. With a 7-day vignette costing just EUR 3.50, there is no reason to risk a fine.\"}},\n                {\"@type\": \"Question\", \"name\": \"Which roads require Rovinieta in Romania?\", \"acceptedAnswer\": {\"@type\": \"Answer\", \"text\": \"The Rovinieta is required on all national roads (DN roads) and motorways (autostrada) in Romania. This includes the A1, A2, A3, A10, and all DN-numbered roads.\"}}\n            ]\n        }\n    ]\n}\n<\/script>\n\n<figure class=\"wp-block-image aligncenter size-large\"><img decoding=\"async\" src=\"https:\/\/vignettego.com\/highway-vignette-europe\/wp-content\/uploads\/2026\/09\/Highway-Vignette-Europe.jpg\" alt=\"Romunija Rovinieta 2026 - Popoln vodi&#x10D; po romunskem avtocestnem sistemu vinjet\" style=\"width:100%; height:auto; margin-bottom:20px;\"\/><\/figure>\n\n<p class=\"article-intro\">Romunija ponuja nekatere najbolj spektakularne evropske destinacije za potovanja z avtomobilom \u2013 od legendarnih gradov Transilvanije do osupljivih pla\u017e \u010crnega morja, veli\u010dastnih Karpatov do edinstvene delte Donave. In tukaj je najbolj\u0161a novica: Romunija ima evropsko najbolj <strong>dostopno avtocestno vinjeto, imenovano<\/strong> <strong>Rovinieta<\/strong>. Za le nekaj evrov za teden dni je raziskovanje Romunije z avtomobilom izjemno ugodno. Ta obse\u017een vodi\u010d zajema vse, kar morate vedeti o romunskih cestninah v letu 2026, vklju\u010dno s znamenito Transf\u0103g\u0103r\u0103\u0219an \u2013 eno najbolj\u0161ih cest za vo\u017enjo na svetu.   <\/p>\n\n<div style=\"height:25px\" aria-hidden=\"true\" class=\"wp-block-spacer\"><\/div>\n\n<div class=\"wp-block-buttons is-content-justification-center is-layout-flex wp-container-core-buttons-is-layout-a89b3969 wp-block-buttons-is-layout-flex\">\n<div class=\"wp-block-button\"><a class=\"wp-block-button__link wp-element-button\" href=\"https:\/\/vignettego.com\/\" style=\"background-color:#0066cc;color:#ffffff;padding:15px 30px;font-size:18px;border-radius:8px;\">\ud83d\ude97 Pridobite svojo romunsko rovinieto na VignetteGo<\/a><\/div>\n<\/div>\n\n<div style=\"height:25px\" aria-hidden=\"true\" class=\"wp-block-spacer\"><\/div>\n\n<h2 class=\"wp-block-heading\">\ud83c\uddf7\ud83c\uddf4 Kaj je romunska rovinieta?<\/h2>\n\n<p>Romunija uporablja <strong>\u010dasovno omejen elektronski cestninski sistem<\/strong> , imenovan <strong>Rovinieta<\/strong> (iz romunskega &#8220;cestna vinjeta&#8221;). Sistem je popolnoma digitalen \u2013 va\u0161a registrska tablica je registrirana v osrednji bazi podatkov in preverjena s policijskimi kamerami po vsej dr\u017eavi. Fizi\u010dna nalepka ni potrebna; Vse je elektronsko.  <\/p>\n\n<p>Rovinieta zajema vse dr\u017eavne ceste (DN &#8211; drum na\u021bional) in avtoceste (autostrad\u0103) v Romuniji. Sistem upravlja CNAIR (Compania Na\u021bional\u0103 de Administrare a Infrastructurii Rutiere), vinjete pa je mogo\u010de kupiti prek spleta, kar obiskovalcem omogo\u010da izjemno priro\u010dnost. <\/p>\n\n<h2 class=\"wp-block-heading\">\ud83d\udccb Romunske cene Rovinieta 2026 \ud83d\udcb0 NAJCENEJ\u0160E V EVROPI!<\/h2>\n\n<p>Romunija ponuja <strong>najugodnej\u0161e cene avtocestnih vinjet v vsej Evropi<\/strong>. Tukaj je razlog, zakaj bi morala biti Romunija na vrhu vsakega cenovno ugodnega seznama cestnih izletnikov: <\/p>\n\n<figure class=\"wp-block-table\"><table><thead><tr><th>Obdobje veljavnosti<\/th><th>Avtomobili (do 3,5t)<\/th><th>Motorna kolesa<\/th><\/tr><\/thead><tbody><tr><td><strong>7 dni<\/strong><\/td><td>~3,50 EUR<\/td><td>~1,80 EUR<\/td><\/tr><tr><td><strong>30 dni<\/strong><\/td><td>~7,00 EUR<\/td><td>~3,50 EUR<\/td><\/tr><tr><td><strong>90 dni<\/strong><\/td><td>~13,00 EUR<\/td><td>~6,50 EUR<\/td><\/tr><tr><td><strong>Letno<\/strong><\/td><td>~28,00 EUR<\/td><td>~14,00 EUR<\/td><\/tr><\/tbody><\/table><\/figure>\n\n<p><strong>Da, prav ste prebrali!<\/strong>  Teden neomejene vo\u017enje po vseh romunskih dr\u017eavnih cestah in avtocestah za samo 3,50 EUR. Primerjajte to s \u0160vico (40 EUR za letno vinjeto, brez kraj\u0161ih mo\u017enosti) ali Avstrijo (11,50 EUR za 10 dni) in videli boste, zakaj je Romunija sanje za cestne popotnike. <\/p>\n\n<div style=\"height:25px\" aria-hidden=\"true\" class=\"wp-block-spacer\"><\/div>\n\n<div class=\"wp-block-buttons is-content-justification-center is-layout-flex wp-container-core-buttons-is-layout-a89b3969 wp-block-buttons-is-layout-flex\">\n<div class=\"wp-block-button\"><a class=\"wp-block-button__link wp-element-button\" href=\"https:\/\/vignettego.com\/\" style=\"background-color:#28a745;color:#ffffff;padding:15px 30px;font-size:18px;border-radius:8px;\">\u2705 Pridobite svoje evropske vinjete \u2013 vse dr\u017eave \u2013 na VignetteGo<\/a><\/div>\n<\/div>\n\n<div style=\"height:25px\" aria-hidden=\"true\" class=\"wp-block-spacer\"><\/div>\n\n<h2 class=\"wp-block-heading\">\ud83d\udee3\ufe0f Romunsko cestno omre\u017eje<\/h2>\n\n<p>Romunija hitro \u0161iri svojo avtocestno mre\u017eo, \u010deprav je velik del dr\u017eave \u0161e vedno povezan z dr\u017eavnimi cestami (DN ceste). Tukaj so glavne poti: <\/p>\n\n<h3 class=\"wp-block-heading\">A1 \u2013 Bukare\u0161ta do Pite\u0219tija in naprej<\/h3>\n\n<p>Najstarej\u0161a romunska avtocesta, ki povezuje <strong>Bukare\u0161to s Pite\u0219tijem<\/strong> (pribli\u017eno 110 km). Podalj\u0161anja proti Sibiuju \u0161e potekajo. To je glavna pot proti Transilvaniji iz Bukare\u0161te, ki se povezuje z DN7 in DN1 za nadaljnje potovanje.  <\/p>\n\n<h3 class=\"wp-block-heading\">A2 \u2013 Bukare\u0161ta do Konstance (Son\u010dna avtocesta)<\/h3>\n\n<p><strong>Avtocesta Soarelui<\/strong> (Son\u010dna avtocesta) povezuje <strong>Bukare\u0161to s Konstanco<\/strong> in \u010drnomorsko obalo. Pribli\u017eno 200 km. To je glavna pot za po\u010ditnice na pla\u017ei do Mamaie, Constan\u021be, Vama Vecheja in drugih obalnih letovi\u0161\u010d.  <\/p>\n\n<h3 class=\"wp-block-heading\">A3 \u2013 Transilvanska avtocesta (v gradnji)<\/h3>\n\n<p>Ko bo dokon\u010dana, bo povezala Bukare\u0161to z Bra\u0161ovom, nadaljevala skozi Transilvanijo do mad\u017earske meje. Trenutno je odprtih ve\u010d odsekov, med drugim okoli Turde in Cluj-Napoce. <\/p>\n\n<h3 class=\"wp-block-heading\">A10 \u2013 Sebe\u0219 do Turda<\/h3>\n\n<p>Del prihodnjega koridorja Transilvanije, ki povezuje klju\u010dna mesta v osrednji Romuniji.<\/p>\n\n<h3 class=\"wp-block-heading\">DN1 \u2013 Klasi\u010dna transilvanska pot<\/h3>\n\n<p>Legendarni <strong>DN1 (E60)<\/strong> povezuje Bukare\u0161to z Bra\u0219ovom, nadaljuje skozi srce Transilvanije do Sibiua, Alba Iulie, Cluj-Napoca in naprej do Mad\u017earske. Ta zgodovinska pot poteka skozi osupljive gorske pokrajine in srednjeve\u0161ka mesta. <\/p>\n\n<h2 class=\"wp-block-heading\">\ud83c\udfd4\ufe0f Transf\u0103g\u0103r\u0103\u0219an \u2013 Najbolj\u0161a cesta za vo\u017enjo na svetu<\/h2>\n\n<p><strong>Avtocesta Transf\u0103g\u0103r\u0103\u0219an (DN7C)<\/strong> je bila s strani Top Geara ozna\u010dena kot &#8220;najbolj\u0161a cesta na svetu&#8221;. Ta spektakularna gorska cesta pre\u010dka gorovje F\u0103g\u0103ra\u0219 na nadmorski vi\u0161ini 2.042 metrov, z dramati\u010dnimi ostrimi ovinki, tuneli in dih jemajo\u010dimi razgledi. <\/p>\n\n<p><strong>Klju\u010dne informacije:<\/strong><\/p>\n\n<ul class=\"wp-block-list\">\n<li><strong>Dol\u017eina:<\/strong> Pribli\u017eno 90 km gorske ceste<\/li>\n<li><strong>Odprto:<\/strong> Obi\u010dajno konec junija do konec oktobra (odvisno od vremena)<\/li>\n<li><strong>Potek:<\/strong> Povezuje Curtea de Arge\u0219 s Sibiujem preko gorovja F\u0103g\u0103ra\u0219<\/li>\n<li><strong>Poudarki:<\/strong> Jezero B\u00e2lea (ledeni\u0161ko jezero na vrhu), slap B\u00e2lea, osupljiva alpska pokrajina<\/li>\n<li><strong>Cestnina:<\/strong> Transf\u0103g\u0103r\u0103\u0219an je sama po sebi dr\u017eavna cesta (DN), zato ni dodatnih cestnin za Rovinieto<\/li>\n<\/ul>\n\n<p><strong>Nasvet:<\/strong> Cesta je poleti izjemno priljubljena. Za\u010dnite zgodaj zjutraj, da se izognete gne\u010di in u\u017eivate v najbolj\u0161i fotografski svetlobi. <\/p>\n\n<div style=\"height:25px\" aria-hidden=\"true\" class=\"wp-block-spacer\"><\/div>\n\n<div class=\"wp-block-buttons is-content-justification-center is-layout-flex wp-container-core-buttons-is-layout-a89b3969 wp-block-buttons-is-layout-flex\">\n<div class=\"wp-block-button\"><a class=\"wp-block-button__link wp-element-button\" href=\"https:\/\/vignettego.com\/\" style=\"background-color:#ff6600;color:#ffffff;padding:15px 30px;font-size:18px;border-radius:8px;\">\ud83d\uded2 Kupite romunsko Rovinieto zdaj \u2013 samo 3,50 EUR za 7 dni!<\/a><\/div>\n<\/div>\n\n<div style=\"height:25px\" aria-hidden=\"true\" class=\"wp-block-spacer\"><\/div>\n\n<h2 class=\"wp-block-heading\">\ud83d\udcbb Kako kupiti romunsko rovinieto<\/h2>\n\n<p>Nakup romunske Roviniete je preprost:<\/p>\n\n<h3 class=\"wp-block-heading\">Mo\u017enost 1: Splet preko VignetteGo (priporo\u010deno)<\/h3>\n\n<ol class=\"wp-block-list\">\n<li>Obi\u0161\u010dite <a href=\"https:\/\/vignettego.com\/\" title=\"Kupite romunsko Rovinieto prek spleta\">VignetteGo.com<\/a><\/li>\n<li>Izberite Romunijo in \u017eeleno obdobje veljavnosti<\/li>\n<li>Vnesite podatke o registraciji vozila (registrske tablice)<\/li>\n<li>Popolno varno pla\u010dilo<\/li>\n<li>Prejmite takoj\u0161njo potrditev \u2013 veljavno takoj!<\/li>\n<\/ol>\n\n<h3 class=\"wp-block-heading\">Mo\u017enost 2: Uradna spletna stran roviniete.ro<\/h3>\n\n<p>Uradna spletna stran romunske cestne uprave ponuja neposreden nakup v romun\u0161\u010dini in angle\u0161\u010dini.<\/p>\n\n<h3 class=\"wp-block-heading\">Mo\u017enost 3: Fizi\u010dna prodajna mesta<\/h3>\n\n<p>Rovinieto je mogo\u010de kupiti na mejnih prehodih, bencinskih \u010drpalkah (Petrom, OMV, Mol, Rompetrol) in na romunskih po\u0161tah.<\/p>\n\n<h2 class=\"wp-block-heading\">\u26a0\ufe0f Globe za vo\u017enjo brez Roviniete<\/h2>\n\n<p>Kljub izjemno nizki ceni se nekateri popotniki izogibajo nakupu Roviniete. To je napaka \u2013 globe se izvajajo: <\/p>\n\n<ul class=\"wp-block-list\">\n<li><strong>Standardna kazen:<\/strong> 50-200 EUR glede na prevo\u017eeno razdaljo<\/li>\n<li><strong>Izvr\u0161evanje:<\/strong> Samodejni kamerni sistemi po vsej dr\u017eavi<\/li>\n<\/ul>\n\n<p><strong>S tedensko vstopnico, ki stane 3,50 EUR in potencialno 200 EUR globe, je izbira o\u010ditna!<\/strong><\/p>\n\n<h2 class=\"wp-block-heading\">\ud83d\uddfa\ufe0f Priljubljene romunske cestne poti<\/h2>\n\n<h3 class=\"wp-block-heading\">Bukare\u0161ta do Bra\u0219ova (Prehod v Transilvanijo)<\/h3>\n\n<p><strong>Razdalja:<\/strong> ~170 km | <strong>Trajanje:<\/strong> 2,5-3 ure | <strong>Potek:<\/strong> DN1 ali A3 (kjer je na voljo)<\/p>\n\n<p>Klasi\u010dna pot v Transilvanijo. Bra\u0219ov je osupljivo srednjeve\u0161ko mesto, obdano z gorami, popolno kot izhodi\u0161\u010de za raziskovanje gradov (Bran, Pele\u0219) in Karpatov. <\/p>\n\n<h3 class=\"wp-block-heading\">Bukare\u0161ta do Konstance (\u010crno morje)<\/h3>\n\n<p><strong>Razdalja:<\/strong> ~225 km | <strong>Trajanje:<\/strong> 2,5 ure | <strong>Potek:<\/strong> A2 (Sun Motorway)<\/p>\n\n<p>Odpravite se proti obali \u010crnega morja po najnovej\u0161i avtocesti Romunije. Konstanca je starodavno pristani\u0161ko mesto; v bli\u017eini je Mamaia vrhunsko obmorsko letovi\u0161\u010de v dr\u017eavi. <\/p>\n\n<h3 class=\"wp-block-heading\">Krog Transilvanskega gradu<\/h3>\n\n<p><strong>Potek:<\/strong> Bra\u0219ov \u2192 grad Bran \u2192 R\u00e2\u0219nov \u2192 grad Pele\u0219 (Sinaia) \u2192 nazaj v Bra\u0219ov<\/p>\n\n<p>Obi\u0161\u010dite znameniti grad Drakule (Bran), osupljiv grad Pele\u0219 in srednjeve\u0161ko trdnjavo R\u00e2\u0219nov \u2013 vse v enem dnevu izleta iz Bra\u0219ova.<\/p>\n\n<h3 class=\"wp-block-heading\">Celotna turneja po Transilvaniji<\/h3>\n\n<p><strong>Potek:<\/strong> Bukare\u0161ta \u2192 Bra\u0219ov \u2192 Sighi\u0219oara \u2192 Sibiu \u2192 Transf\u0103g\u0103r\u0103\u0219an \u2192 Bukare\u0161ta<\/p>\n\n<p>5-7 dni dolg krog, ki zajema najbolj\u0161e iz Transilvanije: srednjeve\u0161ka mesta, gorsko pokrajino in legendarno cesto Transf\u0103g\u0103r\u0103\u0219an.<\/p>\n\n<div style=\"height:25px\" aria-hidden=\"true\" class=\"wp-block-spacer\"><\/div>\n\n<div class=\"wp-block-buttons is-content-justification-center is-layout-flex wp-container-core-buttons-is-layout-a89b3969 wp-block-buttons-is-layout-flex\">\n<div class=\"wp-block-button\"><a class=\"wp-block-button__link wp-element-button\" href=\"https:\/\/vignettego.com\/\" style=\"background-color:#9c27b0;color:#ffffff;padding:15px 30px;font-size:18px;border-radius:8px;\">\ud83c\udf0d Na\u010drtujte svojo romunsko pustolov\u0161\u010dino z VignetteGo<\/a><\/div>\n<\/div>\n\n<div style=\"height:25px\" aria-hidden=\"true\" class=\"wp-block-spacer\"><\/div>\n\n<h2 class=\"wp-block-heading\">\ud83d\udca1 Nasveti za vo\u017enjo v Romuniji za leto 2026<\/h2>\n\n<h3 class=\"wp-block-heading\">Valuta<\/h3>\n\n<p>Romunija uporablja <strong>romunski lev (RON),<\/strong> vendar <strong>je evro \u0161iroko sprejet<\/strong> na bencinskih \u010drpalkah, v hotelih in turisti\u010dnih obmo\u010djih. Kreditne kartice sprejemajo skoraj povsod v mestih. Menjalni te\u010daj: pribli\u017eno 1 EUR = 5 RON.  <\/p>\n\n<h3 class=\"wp-block-heading\">Omejitve hitrosti<\/h3>\n\n<ul class=\"wp-block-list\">\n<li><strong>Avtoceste:<\/strong> 130 km\/h<\/li>\n<li><strong>Dr\u017eavne ceste (izven mest):<\/strong> 90-100 km\/h<\/li>\n<li><strong>Urbana obmo\u010dja:<\/strong> 50 km\/h<\/li>\n<\/ul>\n\n<h3 class=\"wp-block-heading\">Stanje cest<\/h3>\n\n<p>Avtoceste so odli\u010dne. Dr\u017eavne ceste se razlikujejo od dobrih do grobih, zlasti na pode\u017eelju. Gorske ceste so lahko zahtevne \u2013 vozite previdno in spo\u0161tujte vremenske razmere.  <\/p>\n\n<h3 class=\"wp-block-heading\">Gorivo<\/h3>\n\n<p>Gorivo je cenej\u0161e kot v Zahodni Evropi. Glavne verige so Petrom, OMV, Mol, Rompetrol in Lukoil. <\/p>\n\n<h2 class=\"wp-block-heading\" id=\"faq-section\">\u2753 Pogosto zastavljena vpra\u0161anja<\/h2>\n\n<h3 class=\"wp-block-heading\">Je romunska Rovinieta res tako poceni?<\/h3>\n\n<p>Da! Romunija ima pribli\u017eno 3,50 EUR za 7 dni najcenej\u0161e cestnine v Evropi. Tudi letna vinjeta (28 EUR) stane manj kot kratkoro\u010dne opcije v mnogih dr\u017eavah.  <\/p>\n\n<h3 class=\"wp-block-heading\">Kdaj lahko vozim Transf\u0103g\u0103r\u0103\u0219an?<\/h3>\n\n<p>Obi\u010dajno od poznega junija do poznega oktobra, odvisno od vremena. Vi\u0161ji del (nad 1.800 m) je pozimi zaprt zaradi snega. Pred na\u010drtovanjem preverite trenutni status.  <\/p>\n\n<h3 class=\"wp-block-heading\">Ali lahko uporabim romunsko vinjeto v Moldaviji?<\/h3>\n\n<p>Ne, za Moldavijo potrebuje\u0161 lo\u010deno <a href=\"https:\/\/vignettego.com\/highway-vignette-europe\/sl\/moldavska-cestna-vinjeta-2026\/\">moldavsko vinieto<\/a> . Kupite oba na <a href=\"https:\/\/vignettego.com\/\" title=\"Evropske vinjete\">VignetteGo<\/a>. <\/p>\n\n<div style=\"height:25px\" aria-hidden=\"true\" class=\"wp-block-spacer\"><\/div>\n\n<div class=\"wp-block-buttons is-content-justification-center is-layout-flex wp-container-core-buttons-is-layout-a89b3969 wp-block-buttons-is-layout-flex\">\n<div class=\"wp-block-button\"><a class=\"wp-block-button__link wp-element-button\" href=\"https:\/\/vignettego.com\/\" style=\"background-color:#e91e63;color:#ffffff;padding:15px 30px;font-size:18px;border-radius:8px;\">\ud83d\ude97 Pridobite svoje evropske avtocestne vinjete na VignetteGo \u2192<\/a><\/div>\n<\/div>\n\n<div style=\"height:25px\" aria-hidden=\"true\" class=\"wp-block-spacer\"><\/div>\n\n<h2 class=\"wp-block-heading\">\ud83c\udff0 Zakaj obiskati Romunijo?<\/h2>\n\n<ul class=\"wp-block-list\">\n<li><strong>Transilvanija:<\/strong> Srednjeve\u0161ka mesta, gradovi in gorske pokrajine<\/li>\n<li><strong>Transf\u0103g\u0103r\u0103\u0219an:<\/strong> Ena najbolj\u0161ih cest za vo\u017enjo na svetu<\/li>\n<li><strong>Obala \u010crnega morja:<\/strong> \u010cudovite pla\u017ee in starodavna mesta<\/li>\n<li><strong>Delta Donave:<\/strong> UNESCO biosferni rezervat, neverjetno opazovanje ptic<\/li>\n<li><strong>Dostopno:<\/strong> Odli\u010dna vrednost za nastanitev, hrano in potovanja<\/li>\n<li><strong>Bogata kultura:<\/strong> Fascinantna me\u0161anica latinskih, slovanskih in osmanskih vplivov<\/li>\n<\/ul>\n\n<h2 class=\"wp-block-heading\">\ud83d\udccd Zaklju\u010dek<\/h2>\n\n<p>Romunija ponuja neverjetno vrednost za potovanja z avtomobilom \u2013 od najcenej\u0161ih cestnin v Evropi do osupljivih pokrajin in bogate kulture. Ne glede na to, ali lovite legende o Drakuli v Transilvaniji, osvajamo Transf\u0103g\u0103r\u0103\u0219an ali se spro\u0161\u010date na pla\u017eah \u010crnega morja, Romunija ponuja nepozabne izku\u0161nje. <\/p>\n\n<p>Kupite svojo Rovinieto pri <a href=\"https:\/\/vignettego.com\/\" title=\"VignetteGo - evropske cestne vinjete\">VignetteGo<\/a> \u2013 traja nekaj minut in stane manj kot kava!<\/p>\n\n<p><strong>U\u017eivajte v Romuniji! \ud83c\uddf7\ud83c\uddf4\ud83c\udfd4\ufe0f <\/strong><\/p>\n\n<p><strong>Sorodni vodniki:<\/strong> <a href=\"https:\/\/vignettego.com\/highway-vignette-europe\/sl\/madzarska-avtocestna-vinjeta-2026\/\">Mad\u017earska E-Matrica<\/a> | <a href=\"https:\/\/vignettego.com\/highway-vignette-europe\/sl\/bolgarska-avtocestna-vinjeta-2026\/\">Bolgarija E-Vignette<\/a> | <a href=\"https:\/\/vignettego.com\/highway-vignette-europe\/sl\/moldavska-cestna-vinjeta-2026\/\">Moldova Vinieta<\/a> | <a href=\"https:\/\/vignettego.com\/\">Vse evropske vinjete<\/a><\/p>\n","protected":false},"excerpt":{"rendered":"<p>Romunija ponuja nekatere najbolj spektakularne evropske destinacije za potovanja z avtomobilom \u2013 od legendarnih gradov Transilvanije do osupljivih pla\u017e \u010crnega morja, veli\u010dastnih Karpatov do edinstvene delte Donave. In tukaj je najbolj\u0161a novica: Romunija ima evropsko najbolj dostopno avtocestno vinjeto, imenovano Rovinieta. Za le nekaj evrov za teden dni je raziskovanje Romunije z avtomobilom izjemno ugodno. [&hellip;]<\/p>\n","protected":false},"author":0,"featured_media":0,"parent":0,"menu_order":0,"comment_status":"closed","ping_status":"closed","template":"","meta":{"footnotes":""},"class_list":["post-1077","page","type-page","status-publish","hentry"],"_links":{"self":[{"href":"https:\/\/vignettego.com\/highway-vignette-europe\/sl\/wp-json\/wp\/v2\/pages\/1077","targetHints":{"allow":["GET"]}}],"collection":[{"href":"https:\/\/vignettego.com\/highway-vignette-europe\/sl\/wp-json\/wp\/v2\/pages"}],"about":[{"href":"https:\/\/vignettego.com\/highway-vignette-europe\/sl\/wp-json\/wp\/v2\/types\/page"}],"replies":[{"embeddable":true,"href":"https:\/\/vignettego.com\/highway-vignette-europe\/sl\/wp-json\/wp\/v2\/comments?post=1077"}],"version-history":[{"count":3,"href":"https:\/\/vignettego.com\/highway-vignette-europe\/sl\/wp-json\/wp\/v2\/pages\/1077\/revisions"}],"predecessor-version":[{"id":1331,"href":"https:\/\/vignettego.com\/highway-vignette-europe\/sl\/wp-json\/wp\/v2\/pages\/1077\/revisions\/1331"}],"wp:attachment":[{"href":"https:\/\/vignettego.com\/highway-vignette-europe\/sl\/wp-json\/wp\/v2\/media?parent=1077"}],"curies":[{"name":"wp","href":"https:\/\/api.w.org\/{rel}","templated":true}]}}