{"id":1076,"date":"2026-01-04T01:38:57","date_gmt":"2026-01-04T01:38:57","guid":{"rendered":"https:\/\/vignettego.com\/highway-vignette-europe\/hrvaska-avtocestna-vinjeta-2026\/"},"modified":"2026-01-04T12:49:24","modified_gmt":"2026-01-04T12:49:24","slug":"hrvaska-avtocestna-vinjeta-2026","status":"publish","type":"page","link":"https:\/\/vignettego.com\/highway-vignette-europe\/sl\/hrvaska-avtocestna-vinjeta-2026\/","title":{"rendered":"Hrva\u0161ka avtocestna vigneta 2026: Popoln ENC in digitalni vodnik po cestninah"},"content":{"rendered":"\n<script type=\"application\/ld+json\">{\n    \"@context\": \"https:\/\/schema.org\",\n    \"@graph\": [\n        {\n            \"@type\": \"Article\",\n            \"@id\": \"https:\/\/vignettego.com\/highway-vignette-europe\/croatia-highway-vignette-guide\/#article\",\n            \"headline\": \"Croatia Highway Vignette 2026: Complete ENC & Digital Toll Guide\",\n            \"description\": \"Everything about Croatian highway tolls, ENC electronic system, and digital vignette options. Learn about toll prices, the stunning A1 coastal motorway, and how to reach Dubrovnik, Split, and other destinations.\",\n            \"image\": \"https:\/\/vignettego.com\/highway-vignette-europe\/wp-content\/uploads\/2026\/09\/Highway-Vignette-Europe.jpg\",\n            \"datePublished\": \"2026-01-04\",\n            \"dateModified\": \"2026-01-04\",\n            \"author\": {\"@type\": \"Organization\", \"name\": \"VignetteGo\", \"url\": \"https:\/\/vignettego.com\"},\n            \"publisher\": {\"@type\": \"Organization\", \"name\": \"VignetteGo\"},\n            \"mainEntityOfPage\": {\"@type\": \"WebPage\", \"@id\": \"https:\/\/vignettego.com\/highway-vignette-europe\/croatia-highway-vignette-guide\/\"},\n            \"articleSection\": \"Highway Vignettes\",\n            \"keywords\": [\"Croatia toll\", \"Croatia highway\", \"ENC Croatia\", \"Croatian motorway\", \"A1 Croatia\", \"Dubrovnik road trip\", \"Split highway\"],\n            \"inLanguage\": \"en\",\n            \"speakable\": {\"@type\": \"SpeakableSpecification\", \"cssSelector\": [\".article-intro\", \"#faq-section\"]}\n        },\n        {\n            \"@type\": \"BreadcrumbList\",\n            \"itemListElement\": [\n                {\"@type\": \"ListItem\", \"position\": 1, \"name\": \"VignetteGo\", \"item\": \"https:\/\/vignettego.com\/\"},\n                {\"@type\": \"ListItem\", \"position\": 2, \"name\": \"Highway Vignette Europe\", \"item\": \"https:\/\/vignettego.com\/highway-vignette-europe\/\"},\n                {\"@type\": \"ListItem\", \"position\": 3, \"name\": \"Croatia Guide\", \"item\": \"https:\/\/vignettego.com\/highway-vignette-europe\/croatia-highway-vignette-guide\/\"}\n            ]\n        },\n        {\n            \"@type\": \"FAQPage\",\n            \"mainEntity\": [\n                {\"@type\": \"Question\", \"name\": \"Does Croatia use vignettes or toll booths?\", \"acceptedAnswer\": {\"@type\": \"Answer\", \"text\": \"Croatia traditionally uses a distance-based toll system with toll booths, but now also offers digital vignette options (E-Vinjeta) for certain sections. Many visitors use a combination of both or the ENC electronic device.\"}},\n                {\"@type\": \"Question\", \"name\": \"How much does the Croatian motorway toll cost?\", \"acceptedAnswer\": {\"@type\": \"Answer\", \"text\": \"Croatian tolls are distance-based. Zagreb to Split costs approximately EUR 25, Zagreb to Rijeka about EUR 8, and Split to Dubrovnik around EUR 12. The A1 motorway to the coast is the main toll route.\"}},\n                {\"@type\": \"Question\", \"name\": \"What is the ENC system in Croatia?\", \"acceptedAnswer\": {\"@type\": \"Answer\", \"text\": \"ENC (Elektroni\u010dka Naplata Cestarine) is Croatia electronic toll collection device. It provides faster passage through dedicated ENC lanes and often offers discounts. Available at toll plazas and service areas.\"}},\n                {\"@type\": \"Question\", \"name\": \"Can I pay Croatian tolls with credit card?\", \"acceptedAnswer\": {\"@type\": \"Answer\", \"text\": \"Yes, credit and debit cards are accepted at Croatian toll booths. Cash payment in EUR is also widely accepted since Croatia adopted the Euro in January 2023.\"}},\n                {\"@type\": \"Question\", \"name\": \"Is there a digital vignette for Croatia?\", \"acceptedAnswer\": {\"@type\": \"Answer\", \"text\": \"Yes, Croatia now offers E-Vinjeta (electronic vignettes) for certain motorway sections, providing an alternative to traditional toll booth payment. These can be purchased online.\"}}\n            ]\n        }\n    ]\n}\n<\/script>\n\n<figure class=\"wp-block-image aligncenter size-large\"><img decoding=\"async\" src=\"https:\/\/vignettego.com\/highway-vignette-europe\/wp-content\/uploads\/2026\/09\/Highway-Vignette-Europe.jpg\" alt=\"Hrva&#x161;ka cestnina 2026 - Popoln vodi&#x10D; po hrva&#x161;kem cestninskem sistemu\" style=\"width:100%; height:auto; margin-bottom:20px;\"\/><\/figure>\n\n<p class=\"article-intro\">Hrva\u0161ka je ena izmed najbolj priljubljenih poletnih destinacij v Evropi, znana po svoji osupljivi jadranski obali, kristalno \u010distih vodah, zgodovinskih mestih, kot sta Dubrovnik in Split, ter \u010dudovitih otokih. Vo\u017enja na Hrva\u0161ko odpira neverjetne mo\u017enosti \u2013 od starodavnih dubrovnih zidov do zabavnih pla\u017e Zr\u0107e, slapov Plitvi\u010dnih jezer do o\u010darljive Istre. Ta vodi\u010d pojasnjuje vse o cestninskem sistemu na Hrva\u0161kem v letu 2026, vklju\u010dno z <strong>elektronskim sistemom ENC<\/strong>, <strong>mo\u017enostmi digitalnih vinjet<\/strong> in prakti\u010dnimi nasveti za va\u0161e hrva\u0161ko potovanje.  <\/p>\n\n<div style=\"height:25px\" aria-hidden=\"true\" class=\"wp-block-spacer\"><\/div>\n\n<div class=\"wp-block-buttons is-content-justification-center is-layout-flex wp-container-core-buttons-is-layout-a89b3969 wp-block-buttons-is-layout-flex\">\n<div class=\"wp-block-button\"><a class=\"wp-block-button__link wp-element-button\" href=\"https:\/\/vignettego.com\/\" style=\"background-color:#0066cc;color:#ffffff;padding:15px 30px;font-size:18px;border-radius:8px;\">\ud83d\ude97 Pridobite svojo hrva\u0161ko digitalno vinjeto na VignetteGo<\/a><\/div>\n<\/div>\n\n<div style=\"height:25px\" aria-hidden=\"true\" class=\"wp-block-spacer\"><\/div>\n\n<h2 class=\"wp-block-heading\">\ud83c\udded\ud83c\uddf7 Razlaga hrva\u0161kega cestninskega sistema<\/h2>\n\n<p>Za razliko od ve\u010dine srednjeevropskih dr\u017eav, ki uporabljajo \u010dasovno dolo\u010dene vinjete, je Hrva\u0161ka tradicionalno uporabljala <strong>sistem cestninske cestnine na podlagi razdalje<\/strong> s fizi\u010dnimi cestninskimi postajami. Ob vstopu na avtocesto prejmete kazen in pla\u010date glede na prevo\u017eeno razdaljo, ko izstopite. Vendar pa Hrva\u0161ka zdaj ponuja <strong>tudi digitalne mo\u017enosti vinjet (E-Vinjeta)<\/strong> za dolo\u010dene odseke avtoceste, kar potnikom omogo\u010da ve\u010djo prilagodljivost.  <\/p>\n\n<p>Hrva\u0161ko avtocestno omre\u017eje upravljata <strong>HAC (Hrvatske avtoceste)<\/strong> in <strong>AZM (Autocesta Zagreb-Macelj).<\/strong> Od januarja 2023 je Hrva\u0161ka sprejela <strong>evro (EUR)<\/strong> kot svojo valuto, kar olaj\u0161a pla\u010dila obiskovalcem EU. <\/p>\n\n<h2 class=\"wp-block-heading\">\ud83d\udccb Hrva\u0161ke mo\u017enosti pla\u010dila cestnine<\/h2>\n\n<h3 class=\"wp-block-heading\">Mo\u017enost 1: Tradicionalne cestninske postaje (najpogostej\u0161e)<\/h3>\n\n<p>Vzemi vozovnico na vhodu, pla\u010daj na izhodu. Pla\u010dilo sprejeto: <\/p>\n\n<ul class=\"wp-block-list\">\n<li><strong>Gotovina:<\/strong> EUR (hrva\u0161ka kuna ni ve\u010d potrebna)<\/li>\n<li><strong>Kreditne\/debetne kartice:<\/strong> Visa, Mastercard je \u0161iroko sprejeta<\/li>\n<li><strong>ENC naprava:<\/strong> Elektronsko pla\u010dilo (glej spodaj)<\/li>\n<\/ul>\n\n<h3 class=\"wp-block-heading\">Mo\u017enost 2: ENC elektronska naprava<\/h3>\n\n<p><strong>ENC (Elektroni\u010dka Naplata Cestarine)<\/strong> je hrva\u0161ki elektronski sistem za pobiranje cestnine. Prednosti: <\/p>\n\n<ul class=\"wp-block-list\">\n<li>Hitrej\u0161i prehod skozi namenske ENC pasove<\/li>\n<li>Mo\u017eni popusti na cestnine<\/li>\n<li>Ni potrebe, da se ustavljate na cestninskih postajah<\/li>\n<li>Na voljo za nakup na cestninskih postajah in servisnih obmo\u010djih<\/li>\n<\/ul>\n\n<p>Naprava ENC stane majhen polog in jo je mogo\u010de dopolniti s kreditom. Za pogoste obiskovalce je toplo priporo\u010dljivo. <\/p>\n\n<h3 class=\"wp-block-heading\">Mo\u017enost 3: Digitalna vinjeta (E-Vinjeta)<\/h3>\n\n<p>Hrva\u0161ka zdaj ponuja <strong>E-Vinjeta<\/strong> (elektronske vinjete) za dolo\u010dene odseke avtoceste, kar vam omogo\u010da, da povsem zaobidete cestninske postaje. Na voljo na <a href=\"https:\/\/vignettego.com\/\" title=\"Hrva&#x161;ka digitalna vinjeta\">VignetteGo<\/a>. <\/p>\n\n<div style=\"height:25px\" aria-hidden=\"true\" class=\"wp-block-spacer\"><\/div>\n\n<div class=\"wp-block-buttons is-content-justification-center is-layout-flex wp-container-core-buttons-is-layout-a89b3969 wp-block-buttons-is-layout-flex\">\n<div class=\"wp-block-button\"><a class=\"wp-block-button__link wp-element-button\" href=\"https:\/\/vignettego.com\/\" style=\"background-color:#28a745;color:#ffffff;padding:15px 30px;font-size:18px;border-radius:8px;\">\u2705 Pridobite evropske vinjete \u2013 vse dr\u017eave \u2013 na VignetteGo<\/a><\/div>\n<\/div>\n\n<div style=\"height:25px\" aria-hidden=\"true\" class=\"wp-block-spacer\"><\/div>\n\n<h2 class=\"wp-block-heading\">\ud83d\udcb0 Hrva\u0161ke cestninske cene 2026<\/h2>\n\n<p>Hrva\u0161ke cestnine temeljijo na razdalji, zato je cena odvisna od va\u0161e poti. Tukaj so pribli\u017ene cene za obi\u010dajne linije (kategorija I &#8211; redni avtomobili): <\/p>\n\n<figure class=\"wp-block-table\"><table><thead><tr><th>Trasa<\/th><th>Razdalja<\/th><th>Pribli\u017ena cestnina <\/th><\/tr><\/thead><tbody><tr><td><strong>Zagreb \u2013 Split<\/strong><\/td><td>~400 km<\/td><td>~25 EUR<\/td><\/tr><tr><td><strong>Zagreb \u2013 Reka<\/strong><\/td><td>~170 km<\/td><td>~8 EUR<\/td><\/tr><tr><td><strong>Zagreb \u2013 Zadar<\/strong><\/td><td>~280 km<\/td><td>~17 EUR<\/td><\/tr><tr><td><strong>Split \u2013 Dubrovnik<\/strong><\/td><td>~220 km<\/td><td>~12 EUR<\/td><\/tr><tr><td><strong>Zagreb \u2013 Dubrovnik<\/strong><\/td><td>~600 km<\/td><td>~35 EUR<\/td><\/tr><tr><td><strong>Ljubljana \u2013 Zagreb<\/strong><\/td><td>~140 km<\/td><td>~7 EUR<\/td><\/tr><\/tbody><\/table><\/figure>\n\n<p><strong>Opomba:<\/strong> Cene so pokazatelj. Dejanske cestnine se lahko nekoliko razlikujejo glede na posamezne vstopne\/izhodne to\u010dke in kategorijo vozila. <\/p>\n\n<h2 class=\"wp-block-heading\">\ud83d\udee3\ufe0f Hrva\u0161ko avtocestno omre\u017eje<\/h2>\n\n<p>Hrva\u0161ka ima odli\u010dno avtocestno mre\u017eo, ki povezuje ve\u010dja mesta in obalo. Tukaj so glavne poti: <\/p>\n\n<h3 class=\"wp-block-heading\">A1 \u2013 Dalmatinska avtocesta<\/h3>\n\n<p>Najpomembnej\u0161a turisti\u010dna pot, ki povezuje <strong>Zagreb s Splitom in nadaljuje proti Dubrovniku<\/strong>. Ta osupljiva avtocesta poteka vzporedno z jadransko obalo in omogo\u010da dostop do vseh ve\u010djih obalnih destinacij. Skupna dol\u017eina: pribli\u017eno 550 km. Vklju\u010duje ve\u010d impresivnih mostov in tunelov skozi Dinarske Alpe.   <\/p>\n\n<h3 class=\"wp-block-heading\">A2 \u2013 Zagreb do Macelja (meja s Slovenijo)<\/h3>\n\n<p>Povezuje Zagreb s Slovenijo, nadaljuje do Ljubljane in naprej. Glavna pot za popotnike, ki prihajajo iz Srednje Evrope. Dol\u017eina: pribli\u017eno 60 km na Hrva\u0161kem.  <\/p>\n\n<h3 class=\"wp-block-heading\">A3 \u2013 Bregana do Lipovca<\/h3>\n\n<p>Vzhodno-zahodna pot povezuje slovensko mejo (Bregana) skozi Zagreb s srbsko mejo (Lipovac). Del evropskega koridorja E70. Dol\u017eina: pribli\u017eno 300 km.  <\/p>\n\n<h3 class=\"wp-block-heading\">A4 \u2013 Zagreb do Gori\u010dan (Mad\u017earska meja)<\/h3>\n\n<p>Povezuje Zagreb z Mad\u017earsko, glavno pot za popotnike iz Budimpe\u0161te. Dol\u017eina: pribli\u017eno 97 km. <\/p>\n\n<h3 class=\"wp-block-heading\">A6 \u2013 Obvoznica reke<\/h3>\n\n<p>Povezuje avtocesto A1 pri Bosiljevu z Reko in istrskim polotokom. Nujen za prihod v Istro iz Zagreba. <\/p>\n\n<h3 class=\"wp-block-heading\">A7\/A8\/A9 \u2013 Istrski Y<\/h3>\n\n<p>Mre\u017ea avtocest, ki povezujejo istrski polotok in povezujejo Reko s Pulo in drugimi istrskimi destinacijami. Na splo\u0161no je promet manj\u0161i kot na A1. <\/p>\n\n<div style=\"height:25px\" aria-hidden=\"true\" class=\"wp-block-spacer\"><\/div>\n\n<div class=\"wp-block-buttons is-content-justification-center is-layout-flex wp-container-core-buttons-is-layout-a89b3969 wp-block-buttons-is-layout-flex\">\n<div class=\"wp-block-button\"><a class=\"wp-block-button__link wp-element-button\" href=\"https:\/\/vignettego.com\/\" style=\"background-color:#ff6600;color:#ffffff;padding:15px 30px;font-size:18px;border-radius:8px;\">\ud83d\uded2 Pridobite svoje evropske vinjete zdaj na VignetteGo<\/a><\/div>\n<\/div>\n\n<div style=\"height:25px\" aria-hidden=\"true\" class=\"wp-block-spacer\"><\/div>\n\n<h2 class=\"wp-block-heading\">\ud83d\uddfa\ufe0f Priljubljene hrva\u0161ke cestne poti<\/h2>\n\n<h3 class=\"wp-block-heading\">Od Zagreba do Splita (A1 dalmatinska avtocesta)<\/h3>\n\n<p><strong>Razdalja:<\/strong> ~400 km | <strong>Trajanje:<\/strong> 4-4,5 ure | <strong>Cestnina:<\/strong> ~EUR 25<\/p>\n\n<p>Klasi\u010dna hrva\u0161ka pot z avtom. A1 je sodobna, dobro vzdr\u017eevana avtocesta z odli\u010dnimi servisnimi obmo\u010dji. Razmislite o postanku v Narodnem parku Plitvi\u010dka jezera (izvoz Gornja Plo\u010da) \u2014 eni najlep\u0161ih naravnih znamenitosti na Hrva\u0161kem.  <\/p>\n\n<h3 class=\"wp-block-heading\">Od Zagreba do Dubrovnika<\/h3>\n\n<p><strong>Razdalja:<\/strong> ~600 km | <strong>Trajanje:<\/strong> 5,5-6 ur | <strong>Cestnina:<\/strong> ~EUR 35<\/p>\n\n<p>Ultimativno hrva\u0161ko potovanje, ki se kon\u010da v osupljivem obzidanem mestu Dubrovnik. Upo\u0161tevajte, da ta pot za kratek \u010das poteka skozi <strong>Bosno in Hercegovino<\/strong> pri koridorju Neum (ni cestnine, vendar imejte potni list). Alternativno lahko uporabite most Pelje\u0161ac, da ostanete v celoti na Hrva\u0161kem.  <\/p>\n\n<h3 class=\"wp-block-heading\">Ljubljana (Slovenija) do Zagreba<\/h3>\n\n<p><strong>Razdalja:<\/strong> ~140 km | <strong>Trajanje:<\/strong> 1,5-2 uri | <strong>Cestnina:<\/strong> ~7 EUR (Hrva\u0161ka) + slovenska vinjeta<\/p>\n\n<p>Glavna pot iz Srednje Evrope. Za slovenski del poti boste potrebovali <a href=\"https:\/\/vignettego.com\/highway-vignette-europe\/sl\/slovenska-avtocestna-vinjeta-2026\/\">slovensko E-Vinjeto<\/a> . <\/p>\n\n<h3 class=\"wp-block-heading\">Istrska obalna tura<\/h3>\n\n<p><strong>Potek:<\/strong> Rijeka \u2192 Opatija \u2192 Pula \u2192 Rovinj \u2192 Pore\u010d \u2192 nazaj v Reko<\/p>\n\n<p>Razi\u0161\u010dite \u010dudoviti istrski polotok z italijansko navdihnjeno kulinariko, vasice na hribih in o\u010darljiva obalna mesta. Manj gne\u010de kot dalmatinska obala. <\/p>\n\n<h2 class=\"wp-block-heading\">\ud83d\udca1 Nasveti za vo\u017enjo na Hrva\u0161kem za leto 2026<\/h2>\n\n<h3 class=\"wp-block-heading\">Valuta<\/h3>\n\n<p>Od januarja 2023 Hrva\u0161ka uporablja <strong>evro (EUR).<\/strong> Ni potrebe po menjavi denarja, \u010de prihajate iz druge dr\u017eave evroobmo\u010dja. Kreditne kartice so \u0161iroko sprejete.  <\/p>\n\n<h3 class=\"wp-block-heading\">Omejitve hitrosti<\/h3>\n\n<ul class=\"wp-block-list\">\n<li><strong>Avtoceste:<\/strong> 130 km\/h<\/li>\n<li><strong>Dr\u017eavne ceste:<\/strong> 90 km\/h<\/li>\n<li><strong>Urbana obmo\u010dja:<\/strong> 50 km\/h<\/li>\n<\/ul>\n\n<h3 class=\"wp-block-heading\">Poletni promet<\/h3>\n\n<p><strong>Opozorilo:<\/strong> Cesta A1 proti obali do\u017eivlja <strong>izjemno gost promet<\/strong> julija in avgusta, \u0161e posebej ob sobotah (dan menjave za tedenske najeme). Potujte zgodaj zjutraj ali pozno zve\u010der, da se izognete najhuj\u0161i gne\u010di. <\/p>\n\n<h3 class=\"wp-block-heading\">Zahtevana oprema<\/h3>\n\n<ul class=\"wp-block-list\">\n<li>Opozorilni trikotnik<\/li>\n<li>Odsevni telovnik<\/li>\n<li>Komplet prve pomo\u010di<\/li>\n<li>Med vo\u017enjo so lu\u010di ves \u010das pri\u017egane<\/li>\n<\/ul>\n\n<h2 class=\"wp-block-heading\" id=\"faq-section\">\u2753 Pogosto zastavljena vpra\u0161anja<\/h2>\n\n<h3 class=\"wp-block-heading\">Ali potrebujem vinjeto ali pla\u010dam na cestninskih postajah na Hrva\u0161kem?<\/h3>\n\n<p>Lahko uporabi\u0161 katerikoli sistem. Tradicionalne cestninske postaje delujejo na podlagi razdalje in pla\u010dila po uporabi. Alternativno so zdaj na voljo digitalne vinjete (E-Vinjeta) za dolo\u010dene dele.  <\/p>\n\n<h3 class=\"wp-block-heading\">Ali lahko peljem do Dubrovnika, ne da bi zapustil Hrva\u0161ko?<\/h3>\n\n<p>Da! Od odprtja Pelje\u0161\u010devega mostu leta 2022 lahko zdaj vozite iz Splita v Dubrovnik, ne da bi pre\u010dkali koridor Neum v Bosni in Hercegovini. <\/p>\n\n<h3 class=\"wp-block-heading\">Ali je naprava ENC vredna nakupa?<\/h3>\n\n<p>Za pogoste obiskovalce ali tiste, ki ostajajo ve\u010d tednov, da. Za eno potovanje so bolj prakti\u010dne cestninske postaje ali digitalne vinjete. <\/p>\n\n<div style=\"height:25px\" aria-hidden=\"true\" class=\"wp-block-spacer\"><\/div>\n\n<div class=\"wp-block-buttons is-content-justification-center is-layout-flex wp-container-core-buttons-is-layout-a89b3969 wp-block-buttons-is-layout-flex\">\n<div class=\"wp-block-button\"><a class=\"wp-block-button__link wp-element-button\" href=\"https:\/\/vignettego.com\/\" style=\"background-color:#e91e63;color:#ffffff;padding:15px 30px;font-size:18px;border-radius:8px;\">\ud83d\ude97 Pridobite svoje evropske avtocestne vinjete na VignetteGo \u2192<\/a><\/div>\n<\/div>\n\n<div style=\"height:25px\" aria-hidden=\"true\" class=\"wp-block-spacer\"><\/div>\n\n<h2 class=\"wp-block-heading\">\ud83c\udfd6\ufe0f Zakaj obiskati Hrva\u0161ko?<\/h2>\n\n<ul class=\"wp-block-list\">\n<li><strong>Osupljiva obala:<\/strong> Ve\u010d kot 1.000 otokov in kristalno \u010diste jadranske vode<\/li>\n<li><strong>Zgodovinska mesta:<\/strong> Dubrovnik, Split, Zadar\u2014UNESCO-ve svetovne dedi\u0161\u010dine<\/li>\n<li><strong>Lokacije Igre prestolov:<\/strong> Dubrovnik je slu\u017eil kot Kraljev pristanek<\/li>\n<li><strong>Plitvi\u010dka jezera:<\/strong> Spektakularen narodni park s slapovi, ki padajo<\/li>\n<li><strong>Istra:<\/strong> Italijansko navdihnjena kuhinja, lov na tartufe, vasice na hribih<\/li>\n<li><strong>Scena zabave:<\/strong> Pla\u017ea Zr\u0107e je &#8220;Hrva\u0161ka Ibiza&#8221;<\/li>\n<\/ul>\n\n<h2 class=\"wp-block-heading\">\ud83d\udccd Zaklju\u010dek<\/h2>\n\n<p>Hrva\u0161ka ponuja nekatere najbolj nagrajujo\u010de vo\u017enje v Evropi, od dramati\u010dne avtoceste A1 do vijugastih obalnih cest in o\u010darljivih istrskih vasi. Ne glede na to, ali imate raje tradicionalne cestninske postaje, elektronski sistem ENC ali nove mo\u017enosti digitalnih vinjet, je premikanje po Hrva\u0161ki z avtomobilom enostavno. <\/p>\n\n<p>Da bi pri\u0161li na Hrva\u0161ko iz srednje Evrope, boste verjetno \u0161li skozi <a href=\"https:\/\/vignettego.com\/highway-vignette-europe\/sl\/slovenska-avtocestna-vinjeta-2026\/\">Slovenijo<\/a> ali <a href=\"https:\/\/vignettego.com\/highway-vignette-europe\/sl\/madzarska-avtocestna-vinjeta-2026\/\">Mad\u017earsko<\/a>. Pridobite vse svoje vinjete na enem mestu pri <a href=\"https:\/\/vignettego.com\/\" title=\"VignetteGo - evropske cestne vinjete\">VignetteGo<\/a>. <\/p>\n\n<p><strong>U\u017eivajte na hrva\u0161ki obali! \ud83c\udded\ud83c\uddf7\ud83c\udfd6\ufe0f <\/strong><\/p>\n\n<p><strong>Sorodni vodniki:<\/strong> <a href=\"https:\/\/vignettego.com\/highway-vignette-europe\/sl\/slovenska-avtocestna-vinjeta-2026\/\">Slovenija E-Vinjeta<\/a> | <a href=\"https:\/\/vignettego.com\/highway-vignette-europe\/sl\/madzarska-avtocestna-vinjeta-2026\/\">Mad\u017earska E-Matrica<\/a> | <a href=\"https:\/\/vignettego.com\/\">Vse evropske vinjete<\/a><\/p>\n","protected":false},"excerpt":{"rendered":"<p>Hrva\u0161ka je ena izmed najbolj priljubljenih poletnih destinacij v Evropi, znana po svoji osupljivi jadranski obali, kristalno \u010distih vodah, zgodovinskih mestih, kot sta Dubrovnik in Split, ter \u010dudovitih otokih. Vo\u017enja na Hrva\u0161ko odpira neverjetne mo\u017enosti \u2013 od starodavnih dubrovnih zidov do zabavnih pla\u017e Zr\u0107e, slapov Plitvi\u010dnih jezer do o\u010darljive Istre. Ta vodi\u010d pojasnjuje vse o [&hellip;]<\/p>\n","protected":false},"author":0,"featured_media":0,"parent":0,"menu_order":0,"comment_status":"closed","ping_status":"closed","template":"","meta":{"footnotes":""},"class_list":["post-1076","page","type-page","status-publish","hentry"],"_links":{"self":[{"href":"https:\/\/vignettego.com\/highway-vignette-europe\/sl\/wp-json\/wp\/v2\/pages\/1076","targetHints":{"allow":["GET"]}}],"collection":[{"href":"https:\/\/vignettego.com\/highway-vignette-europe\/sl\/wp-json\/wp\/v2\/pages"}],"about":[{"href":"https:\/\/vignettego.com\/highway-vignette-europe\/sl\/wp-json\/wp\/v2\/types\/page"}],"replies":[{"embeddable":true,"href":"https:\/\/vignettego.com\/highway-vignette-europe\/sl\/wp-json\/wp\/v2\/comments?post=1076"}],"version-history":[{"count":3,"href":"https:\/\/vignettego.com\/highway-vignette-europe\/sl\/wp-json\/wp\/v2\/pages\/1076\/revisions"}],"predecessor-version":[{"id":1463,"href":"https:\/\/vignettego.com\/highway-vignette-europe\/sl\/wp-json\/wp\/v2\/pages\/1076\/revisions\/1463"}],"wp:attachment":[{"href":"https:\/\/vignettego.com\/highway-vignette-europe\/sl\/wp-json\/wp\/v2\/media?parent=1076"}],"curies":[{"name":"wp","href":"https:\/\/api.w.org\/{rel}","templated":true}]}}