{"id":1075,"date":"2026-01-04T01:38:16","date_gmt":"2026-01-04T01:38:16","guid":{"rendered":"https:\/\/vignettego.com\/highway-vignette-europe\/slovenska-avtocestna-vinjeta-2026\/"},"modified":"2026-01-04T12:50:10","modified_gmt":"2026-01-04T12:50:10","slug":"slovenska-avtocestna-vinjeta-2026","status":"publish","type":"page","link":"https:\/\/vignettego.com\/highway-vignette-europe\/sl\/slovenska-avtocestna-vinjeta-2026\/","title":{"rendered":"Slovenska avtocestna vigneta 2026: Popoln vodnik po E-Vinjeta"},"content":{"rendered":"\n<script type=\"application\/ld+json\">{\n    \"@context\": \"https:\/\/schema.org\",\n    \"@graph\": [\n        {\n            \"@type\": \"Article\",\n            \"@id\": \"https:\/\/vignettego.com\/highway-vignette-europe\/slovenia-highway-vignette-guide\/#article\",\n            \"headline\": \"Slovenia Highway Vignette 2026: Complete E-Vinjeta Guide\",\n            \"description\": \"Everything about the Slovenian E-Vinjeta 2026: prices, validity, how to buy online, and essential tips for driving on Slovenian motorways. Your complete guide to the electronic vignette system.\",\n            \"image\": \"https:\/\/vignettego.com\/highway-vignette-europe\/wp-content\/uploads\/2026\/09\/Highway-Vignette-Europe.jpg\",\n            \"datePublished\": \"2026-01-04\",\n            \"dateModified\": \"2026-01-04\",\n            \"author\": {\"@type\": \"Organization\", \"name\": \"VignetteGo\", \"url\": \"https:\/\/vignettego.com\"},\n            \"publisher\": {\"@type\": \"Organization\", \"name\": \"VignetteGo\"},\n            \"mainEntityOfPage\": {\"@type\": \"WebPage\", \"@id\": \"https:\/\/vignettego.com\/highway-vignette-europe\/slovenia-highway-vignette-guide\/\"},\n            \"articleSection\": \"Highway Vignettes\",\n            \"keywords\": [\"Slovenia vignette\", \"E-Vinjeta\", \"Slovenian motorway\", \"Ljubljana driving\", \"Bled road trip\", \"Slovenia toll\"],\n            \"inLanguage\": \"en\",\n            \"speakable\": {\"@type\": \"SpeakableSpecification\", \"cssSelector\": [\".article-intro\", \"#faq-section\"]}\n        },\n        {\n            \"@type\": \"BreadcrumbList\",\n            \"itemListElement\": [\n                {\"@type\": \"ListItem\", \"position\": 1, \"name\": \"VignetteGo\", \"item\": \"https:\/\/vignettego.com\/\"},\n                {\"@type\": \"ListItem\", \"position\": 2, \"name\": \"Highway Vignette Europe\", \"item\": \"https:\/\/vignettego.com\/highway-vignette-europe\/\"},\n                {\"@type\": \"ListItem\", \"position\": 3, \"name\": \"Slovenia Guide\", \"item\": \"https:\/\/vignettego.com\/highway-vignette-europe\/slovenia-highway-vignette-guide\/\"}\n            ]\n        },\n        {\n            \"@type\": \"FAQPage\",\n            \"mainEntity\": [\n                {\"@type\": \"Question\", \"name\": \"How much does a Slovenian E-Vinjeta cost?\", \"acceptedAnswer\": {\"@type\": \"Answer\", \"text\": \"For 2026, prices are: 7-day vignette EUR 16, 30-day vignette EUR 32, and annual vignette EUR 117 for standard vehicles (class 2A). These are approximate prices and may be adjusted.\"}},\n                {\"@type\": \"Question\", \"name\": \"Can I buy the Slovenian E-Vinjeta online?\", \"acceptedAnswer\": {\"@type\": \"Answer\", \"text\": \"Yes, you can purchase the E-Vinjeta online at VignetteGo or the official DARS website. Registration is linked to your license plate, so no physical sticker is needed.\"}},\n                {\"@type\": \"Question\", \"name\": \"Do I need a vignette for all roads in Slovenia?\", \"acceptedAnswer\": {\"@type\": \"Answer\", \"text\": \"No, only motorways (avtoceste) and expressways (hitre ceste) require a vignette. Regular national and local roads are free to use.\"}},\n                {\"@type\": \"Question\", \"name\": \"What if I drive without a vignette in Slovenia?\", \"acceptedAnswer\": {\"@type\": \"Answer\", \"text\": \"Fines for driving without a valid E-Vinjeta are significant\u2014EUR 300 to 800 for cars. Enforcement is done via cameras, so non-compliance is easily detected.\"}},\n                {\"@type\": \"Question\", \"name\": \"How long is the Slovenian vignette valid?\", \"acceptedAnswer\": {\"@type\": \"Answer\", \"text\": \"The 7-day E-Vinjeta is valid for 7 consecutive days from your chosen start date. The 30-day is valid for 30 days, and the annual runs from purchase date for one year.\"}}\n            ]\n        }\n    ]\n}\n<\/script>\n\n<figure class=\"wp-block-image aligncenter size-large\"><img decoding=\"async\" src=\"https:\/\/vignettego.com\/highway-vignette-europe\/wp-content\/uploads\/2026\/09\/Highway-Vignette-Europe.jpg\" alt=\"Slovenija E-Vinjeta 2026 - Popoln vodi&#x10D; po slovenski avtocestni vinjeti\" style=\"width:100%; height:auto; margin-bottom:20px;\"\/><\/figure>\n\n<p class=\"article-intro\">Slovenija je sicer majhna, a ponuja neverjetno raznolikost pokrajin\u2014od osupljivih Julijskih Alp in smaragdnega jezera Bled do sredozemske obale in obse\u017enih kra\u0161kih jam. Ta alpska dr\u017eava je klju\u010dna tranzitna dr\u017eava za potnike, ki vozijo med Srednjo Evropo in Jadranom. Ta vodi\u010d pokriva vse o <strong>slovenski E-Vinjeta (elektronski vigneti)<\/strong> za leto 2026: cene, veljavnost, kje kupiti in bistvene nasvete za va\u0161e slovensko potovanje.  <\/p>\n\n<div style=\"height:25px\" aria-hidden=\"true\" class=\"wp-block-spacer\"><\/div>\n\n<div class=\"wp-block-buttons is-content-justification-center is-layout-flex wp-container-core-buttons-is-layout-a89b3969 wp-block-buttons-is-layout-flex\">\n<div class=\"wp-block-button\"><a class=\"wp-block-button__link wp-element-button\" href=\"https:\/\/vignettego.com\/\" style=\"background-color:#0066cc;color:#ffffff;padding:15px 30px;font-size:18px;border-radius:8px;\">\ud83d\ude97 Kupite svojo slovensko E-Vinjeta na VignetteGo<\/a><\/div>\n<\/div>\n\n<div style=\"height:25px\" aria-hidden=\"true\" class=\"wp-block-spacer\"><\/div>\n\n<h2 class=\"wp-block-heading\">\ud83c\uddf8\ud83c\uddee Kaj je slovenska E-Vinjeta?<\/h2>\n\n<p>Slovenija je leta 2022 pre\u0161la s fizi\u010dnih vinjet z nalepkami na <strong>popolnoma elektronski sistem (E-Vinjeta).<\/strong> Ni\u010d ve\u010d strganja starih nalepk z vetrobranskega stekla! E-Vinjeta je povezana z registrsko \u0161tevilko va\u0161ega vozila in registrirana v osrednji bazi podatkov. Kamere ob avtocestah samodejno preverjajo status va\u0161e vinjete.   <\/p>\n\n<p>Sistem upravlja <strong>DARS (Dru\u017eba za avtoceste v Republiki Sloveniji),<\/strong> dr\u017eavno podjetje za avtoceste. E-Vinjeta je obvezna na vseh avtocestah (avtoceste) in hitre cestah (hitre ceste), vendar ne na obi\u010dajnih cestah. <\/p>\n\n<h2 class=\"wp-block-heading\">\ud83d\udcb0 Cene E-Vinjeta 2026<\/h2>\n\n<figure class=\"wp-block-table\"><table><thead><tr><th>Tip vinjete<\/th><th>Razred 2A (vagoni &lt;1,3 m)<\/th><th>Razred 2B (ve\u010dja vozila)<\/th><\/tr><\/thead><tbody><tr><td><strong>7-dnevni<\/strong><\/td><td>16 EUR<\/td><td>32 EUR<\/td><\/tr><tr><td><strong>30-dnevni<\/strong><\/td><td>32 EUR<\/td><td>64 EUR<\/td><\/tr><tr><td><strong>Letno<\/strong><\/td><td>117 EUR<\/td><td>234 EUR<\/td><\/tr><\/tbody><\/table><\/figure>\n\n<p><strong>Klasifikacija vozil:<\/strong><\/p>\n\n<ul class=\"wp-block-list\">\n<li><strong>Razred 2A:<\/strong> Vozila z vi\u0161ino osi do 1,30 m (ve\u010dina standardnih avtomobilov)<\/li>\n<li><strong>Razred 2B:<\/strong> Vozila z vi\u0161ino osi med 1,30 m in 1,60 m (ve\u010dji SUV-ji, manj\u0161i kombiji)<\/li>\n<\/ul>\n\n<p><strong>Nasvet:<\/strong> \u010ce niste prepri\u010dani glede razreda vozila, izmerite vi\u0161ino od tal do sredi\u0161\u010da sprednjega kolesa \u2013 to je vi\u0161ina va\u0161e osi.<\/p>\n\n<h2 class=\"wp-block-heading\">\ud83d\uded2 Kje kupiti slovensko E-Vinjeto<\/h2>\n\n<h3 class=\"wp-block-heading\">Spletno (priporo\u010deno)<\/h3>\n\n<p>Najla\u017eji na\u010din nakupa je prek spleta pred potovanjem:<\/p>\n\n<ul class=\"wp-block-list\">\n<li><strong><a href=\"https:\/\/vignettego.com\/\">VignetteGo<\/a><\/strong> \u2013 Hiter nakup z takoj\u0161njo potrditvijo<\/li>\n<li>Uradna spletna stran DARS e-vinjeta.si<\/li>\n<\/ul>\n\n<p>Prednosti spletnega nakupa: brez \u010dakanja na mejnih bencinskih \u010drpalkah, takoj\u0161nja aktivacija, digitalna potrditev na telefonu.<\/p>\n\n<h3 class=\"wp-block-heading\">Fizi\u010dne nakupne to\u010dke<\/h3>\n\n<ul class=\"wp-block-list\">\n<li>Bencinske \u010drpalke (Petrol, OMV, MOL) po vsej Sloveniji<\/li>\n<li>Mejne prehode<\/li>\n<li>Po\u0161tni uradi<\/li>\n<li>Centri za stranke DARS<\/li>\n<\/ul>\n\n<div style=\"height:25px\" aria-hidden=\"true\" class=\"wp-block-spacer\"><\/div>\n\n<div class=\"wp-block-buttons is-content-justification-center is-layout-flex wp-container-core-buttons-is-layout-a89b3969 wp-block-buttons-is-layout-flex\">\n<div class=\"wp-block-button\"><a class=\"wp-block-button__link wp-element-button\" href=\"https:\/\/vignettego.com\/\" style=\"background-color:#28a745;color:#ffffff;padding:15px 30px;font-size:18px;border-radius:8px;\">\u2705 Pridobite svoje evropske vinjete \u2013 8 dr\u017eav \u2013 na VignetteGo<\/a><\/div>\n<\/div>\n\n<div style=\"height:25px\" aria-hidden=\"true\" class=\"wp-block-spacer\"><\/div>\n\n<h2 class=\"wp-block-heading\">\ud83d\udee3\ufe0f Slovenska avtocestna mre\u017ea<\/h2>\n\n<p>Slovensko avtocestno omre\u017eje tvori zna\u010dilen kri\u017eni vzorec, z Ljubljano v sredi\u0161\u010du:<\/p>\n\n<h3 class=\"wp-block-heading\">A1 \u2013 \u0160entilj do Kopra (sever-jug)<\/h3>\n\n<p>Poteka od <strong>avstrijske meje (\u0160entilj\/Spielfeld)<\/strong> skozi Maribor in Ljubljano do <strong>jadranske obale (Koper).<\/strong> To je glavna pot od Avstrije do hrva\u0161ke obale preko Slovenije. Skupna dol\u017eina: pribli\u017eno 173 km.  <\/p>\n\n<h3 class=\"wp-block-heading\">A2 \u2013 Karavanke do Obre\u017eja (vzhod-zahod)<\/h3>\n\n<p>Povezuje <strong>predor Karavanke (avstrijska meja)<\/strong> skozi Ljubljano s <strong>hrva\u0161ko mejo (Obre\u017eje)<\/strong> proti Zagrebu. Glavni tranzitni koridor od Avstrije do Hrva\u0161ke. Skupna dol\u017eina: pribli\u017eno 173 km.  <\/p>\n\n<h3 class=\"wp-block-heading\">A3 \u2013 Ljubljanska obvoznica<\/h3>\n\n<p>Obvoznica okoli Ljubljane, ki povezuje avtocesti A1 in A2. Klju\u010dno za izogibanje prometu v sredi\u0161\u010du mesta. <\/p>\n\n<h3 class=\"wp-block-heading\">A4 \u2013 Slivnica do Gru\u0161kovje<\/h3>\n\n<p>Povezuje Maribor s hrva\u0161ko mejo pri Gru\u0161kovju, nadaljuje proti Zagrebu kot alternativa cesti A2.<\/p>\n\n<h3 class=\"wp-block-heading\">A5 \u2013 Maribor do mad\u017earske meje<\/h3>\n\n<p>Povezuje Maribor z Mad\u017earsko, uporabno za popotnike, ki prihajajo iz Budimpe\u0161te po mad\u017earski avtocesti M70.<\/p>\n\n<h2 class=\"wp-block-heading\">\ud83d\uddfa\ufe0f Priljubljene poti skozi Slovenijo<\/h2>\n\n<h3 class=\"wp-block-heading\">Od Dunaja do hrva\u0161ke obale (preko A2)<\/h3>\n\n<p><strong>Potek:<\/strong> Dunaj \u2192 Gradec \u2192 Maribor \u2192 Ljubljana \u2192 Zagreb \u2192 Split\/Rijeka<\/p>\n\n<p>Klasi\u010dna pot iz Srednje Evrope do Jadrana. Potrebovali boste: <a href=\"https:\/\/vignettego.com\/highway-vignette-europe\/sl\/avstrijska-avtocestna-vinjeta-2026\/\">avstrijsko vinjeto<\/a> + slovensko E-Vinjeta + <a href=\"https:\/\/vignettego.com\/highway-vignette-europe\/sl\/hrvaska-avtocestna-vinjeta-2026\/\">hrva\u0161ko cestnino<\/a>. <\/p>\n\n<h3 class=\"wp-block-heading\">M\u00fcnchen do hrva\u0161ke obale (preko Karavank)<\/h3>\n\n<p><strong>Potek:<\/strong> M\u00fcnchen \u2192 Salzburg \u2192 Villach \u2192 predor Karavanke \u2192 Ljubljani \u2192 Zagrebu<\/p>\n\n<p>Priljubljena pot iz Nem\u010dije. Potrebovali boste: avstrijsko vinjeto + slovensko E-Vinjeta + hrva\u0161ko cestnino. <\/p>\n\n<h3 class=\"wp-block-heading\">Budimpe\u0161ta do Ljubljane<\/h3>\n\n<p><strong>Potek:<\/strong> Budimpe\u0161ta \u2192 preko M70 \u2192 Maribora \u2192 Ljubljane<\/p>\n\n<p>Neposredna pot iz Mad\u017earske. Potrebovali boste: <a href=\"https:\/\/vignettego.com\/highway-vignette-europe\/sl\/madzarska-avtocestna-vinjeta-2026\/\">mad\u017earski E-Matrica<\/a> + slovenski E-Vinjeta. <\/p>\n\n<div style=\"height:25px\" aria-hidden=\"true\" class=\"wp-block-spacer\"><\/div>\n\n<div class=\"wp-block-buttons is-content-justification-center is-layout-flex wp-container-core-buttons-is-layout-a89b3969 wp-block-buttons-is-layout-flex\">\n<div class=\"wp-block-button\"><a class=\"wp-block-button__link wp-element-button\" href=\"https:\/\/vignettego.com\/\" style=\"background-color:#ff6600;color:#ffffff;padding:15px 30px;font-size:18px;border-radius:8px;\">\ud83d\uded2 Naro\u010dite vse evropske vinjete na VignetteGo<\/a><\/div>\n<\/div>\n\n<div style=\"height:25px\" aria-hidden=\"true\" class=\"wp-block-spacer\"><\/div>\n\n<h2 class=\"wp-block-heading\">\u26a0\ufe0f Pomembna pravila E-Vinjeta<\/h2>\n\n<h3 class=\"wp-block-heading\">Za\u010detek veljavnosti<\/h3>\n\n<p>Pri spletnem nakupu lahko izberete <strong>prihodnji datum za\u010detka<\/strong>. Vinjeta postane veljavna ob 00:00 na izbrani datum. Popolno za na\u010drtovanje vnaprej!  <\/p>\n\n<h3 class=\"wp-block-heading\">Registracija registrskih tablic<\/h3>\n\n<p>E-Vinjeta je registrirana na <strong>va\u0161o natan\u010dno registrsko \u0161tevilko<\/strong>. Pri nakupu dvakrat preverite tipkarske napake! Napak ni mogo\u010de enostavno popraviti.  <\/p>\n\n<h3 class=\"wp-block-heading\">Globe za neskladnost<\/h3>\n\n<ul class=\"wp-block-list\">\n<li><strong>Standardna kazen:<\/strong> 300-800 EUR za osebna vozila<\/li>\n<li><strong>Pla\u010dilo na kraju samem:<\/strong> Obi\u010dajno je ni\u017eja, \u010de je pla\u010dana takoj<\/li>\n<li>Izvajanje preko avtomatskih kamer (ANPR)<\/li>\n<\/ul>\n\n<h3 class=\"wp-block-heading\">Katere ceste zahtevajo vinjeto?<\/h3>\n\n<p>Le ceste, ozna\u010dene z avtocestnim znakom (zeleno z belo oznako &#8220;A&#8221;), zahtevajo vigneto. Redne ceste (rumeno ozna\u010dene dr\u017eavne ceste) so brezpla\u010dne. <\/p>\n\n<h2 class=\"wp-block-heading\">\ud83d\udca1 Nasveti za vo\u017enjo v Sloveniji za leto 2026<\/h2>\n\n<h3 class=\"wp-block-heading\">Omejitve hitrosti<\/h3>\n\n<ul class=\"wp-block-list\">\n<li><strong>Avtoceste:<\/strong> 130 km\/h<\/li>\n<li><strong>Hitre ceste:<\/strong> 110 km\/h<\/li>\n<li><strong>Dr\u017eavne ceste:<\/strong> 90 km\/h<\/li>\n<li><strong>Urbana obmo\u010dja:<\/strong> 50 km\/h<\/li>\n<\/ul>\n\n<h3 class=\"wp-block-heading\">Zahtevana oprema<\/h3>\n\n<ul class=\"wp-block-list\">\n<li>Opozorilni trikotnik<\/li>\n<li>Odsevni jopi\u010d (v vozilu, ne v prtlja\u017eniku)<\/li>\n<li>Komplet prve pomo\u010di<\/li>\n<li><strong>\u017darometi:<\/strong> Med vo\u017enjo mora biti ves \u010das vklopljen<\/li>\n<li><strong>Zimska oprema:<\/strong> 15. november &#8211; 15. marec, potrebne so zimske pnevmatike ali verige<\/li>\n<\/ul>\n\n<h3 class=\"wp-block-heading\">Namigi za predor Karavanke<\/h3>\n\n<p>Predor Karavanke, ki povezuje Avstrijo in Slovenijo, lahko poleti ob koncih tedna povzro\u010di <strong>precej\u0161nje zamude<\/strong> . Razmislite o potovanju zgodaj zjutraj ali pozno zve\u010der. Preverite prometni status na <a href=\"https:\/\/www.promet.si\/en\" target=\"_blank\" rel=\"noopener\">promet.si<\/a>.  <\/p>\n\n<h2 class=\"wp-block-heading\" id=\"faq-section\">\u2753 Pogosto zastavljena vpra\u0161anja<\/h2>\n\n<h3 class=\"wp-block-heading\">Ali lahko uporabim obi\u010dajne ceste, da se izognem nakupu vinjete?<\/h3>\n\n<p>Tehni\u010dno da, a to bistveno podalj\u0161a \u010das potovanja. Na primer, vo\u017enja od Ljubljane do Kopra traja 1 uro po avtocesti v primerjavi z 2+ urami po obi\u010dajnih cestah. <\/p>\n\n<h3 class=\"wp-block-heading\">Ali motorji potrebujejo vinjeto?<\/h3>\n\n<p>Da, motorna kolesa (razred 1) zahtevajo lo\u010deno kategorijo vinjet po zni\u017eanih cenah.<\/p>\n\n<h3 class=\"wp-block-heading\">Kaj pa, \u010de najamem avto v Sloveniji?<\/h3>\n\n<p>Ve\u010dina podjetij za najem vklju\u010duje E-Vinjeto v najem ali jo ponuja kot dodatek. Preverite, preden prevzamete vozilo. <\/p>\n\n<h3 class=\"wp-block-heading\">Ali E-Vinjeta pokriva predor Karavanke?<\/h3>\n\n<p>Da, predor Karavanke med Avstrijo in Slovenijo pokriva slovenska E-Vinjeta na slovenski strani. Za avstrijsko stran boste potrebovali tudi avstrijsko vinjeto. <\/p>\n\n<div style=\"height:25px\" aria-hidden=\"true\" class=\"wp-block-spacer\"><\/div>\n\n<div class=\"wp-block-buttons is-content-justification-center is-layout-flex wp-container-core-buttons-is-layout-a89b3969 wp-block-buttons-is-layout-flex\">\n<div class=\"wp-block-button\"><a class=\"wp-block-button__link wp-element-button\" href=\"https:\/\/vignettego.com\/\" style=\"background-color:#e91e63;color:#ffffff;padding:15px 30px;font-size:18px;border-radius:8px;\">\ud83d\ude97 Pridobite svoje evropske avtocestne vinjete na VignetteGo \u2192<\/a><\/div>\n<\/div>\n\n<div style=\"height:25px\" aria-hidden=\"true\" class=\"wp-block-spacer\"><\/div>\n\n<h2 class=\"wp-block-heading\">\ud83c\udfd4\ufe0f Zakaj obiskati Slovenijo?<\/h2>\n\n<ul class=\"wp-block-list\">\n<li><strong>Jezero Bled:<\/strong> Ikoni\u010dna oto\u0161ka cerkev v alpskem okolju<\/li>\n<li><strong>Ljubljana:<\/strong> O\u010darljiva prestolnica s starim mestom brez avtomobilov<\/li>\n<li><strong>Jama Postojna:<\/strong> Eden najve\u010djih jamskih sistemov v Evropi<\/li>\n<li><strong>Julijske Alpe:<\/strong> Spektakularna gorska pokrajina, Narodni park Triglav<\/li>\n<li><strong>Piran:<\/strong> \u010cudovito obmorsko mesto v bene\u0161kem slogu<\/li>\n<li><strong>Dolina So\u010de:<\/strong> Smaragdna reka, popolna za pustolovske \u0161porte<\/li>\n<li><strong>Vinske regije:<\/strong> Odli\u010dna lokalna vina, zlasti iz Gori\u0161ke Brde<\/li>\n<\/ul>\n\n<h2 class=\"wp-block-heading\">\ud83d\udccd Zaklju\u010dek<\/h2>\n\n<p>Kompaktna velikost Slovenije omogo\u010da enostavno raziskovanje z avtomobilom, sistem E-Vinjeta pa je enostaven za uporabo. Ne glede na to, ali potujete na poti na Hrva\u0161ko ali raziskujete osupljive pokrajine Slovenije, pravilna vinjeta zagotavlja brezskrbno potovanje. <\/p>\n\n<p>Za ve\u010ddr\u017eavna potovanja z avtomobilom zdru\u017eite slovensko E-Vinjeto z vinjetami za <a href=\"https:\/\/vignettego.com\/highway-vignette-europe\/sl\/avstrijska-avtocestna-vinjeta-2026\/\">Avstrijo<\/a>, <a href=\"https:\/\/vignettego.com\/highway-vignette-europe\/sl\/madzarska-avtocestna-vinjeta-2026\/\">Mad\u017earsko<\/a> in <a href=\"https:\/\/vignettego.com\/highway-vignette-europe\/sl\/hrvaska-avtocestna-vinjeta-2026\/\">Hrva\u0161ko<\/a>. Pridobite vse svoje vinjete na enem mestu pri <a href=\"https:\/\/vignettego.com\/\" title=\"VignetteGo - evropske cestne vinjete\">VignetteGo<\/a>. <\/p>\n\n<p><strong>U\u017eivajte v Sloveniji! \ud83c\uddf8\ud83c\uddee\ud83c\udfd4\ufe0f <\/strong><\/p>\n\n<p><strong>Sorodni vodniki:<\/strong> <a href=\"https:\/\/vignettego.com\/highway-vignette-europe\/sl\/avstrijska-avtocestna-vinjeta-2026\/\">Austria Digital Vignette<\/a> | <a href=\"https:\/\/vignettego.com\/highway-vignette-europe\/sl\/hrvaska-avtocestna-vinjeta-2026\/\">Hrva\u0161ki cestninski vodnik<\/a> | <a href=\"https:\/\/vignettego.com\/\">Vse evropske vinjete<\/a><\/p>\n","protected":false},"excerpt":{"rendered":"<p>Slovenija je sicer majhna, a ponuja neverjetno raznolikost pokrajin\u2014od osupljivih Julijskih Alp in smaragdnega jezera Bled do sredozemske obale in obse\u017enih kra\u0161kih jam. Ta alpska dr\u017eava je klju\u010dna tranzitna dr\u017eava za potnike, ki vozijo med Srednjo Evropo in Jadranom. Ta vodi\u010d pokriva vse o slovenski E-Vinjeta (elektronski vigneti) za leto 2026: cene, veljavnost, kje kupiti [&hellip;]<\/p>\n","protected":false},"author":0,"featured_media":0,"parent":0,"menu_order":0,"comment_status":"closed","ping_status":"closed","template":"","meta":{"footnotes":""},"class_list":["post-1075","page","type-page","status-publish","hentry"],"_links":{"self":[{"href":"https:\/\/vignettego.com\/highway-vignette-europe\/sl\/wp-json\/wp\/v2\/pages\/1075","targetHints":{"allow":["GET"]}}],"collection":[{"href":"https:\/\/vignettego.com\/highway-vignette-europe\/sl\/wp-json\/wp\/v2\/pages"}],"about":[{"href":"https:\/\/vignettego.com\/highway-vignette-europe\/sl\/wp-json\/wp\/v2\/types\/page"}],"replies":[{"embeddable":true,"href":"https:\/\/vignettego.com\/highway-vignette-europe\/sl\/wp-json\/wp\/v2\/comments?post=1075"}],"version-history":[{"count":3,"href":"https:\/\/vignettego.com\/highway-vignette-europe\/sl\/wp-json\/wp\/v2\/pages\/1075\/revisions"}],"predecessor-version":[{"id":1508,"href":"https:\/\/vignettego.com\/highway-vignette-europe\/sl\/wp-json\/wp\/v2\/pages\/1075\/revisions\/1508"}],"wp:attachment":[{"href":"https:\/\/vignettego.com\/highway-vignette-europe\/sl\/wp-json\/wp\/v2\/media?parent=1075"}],"curies":[{"name":"wp","href":"https:\/\/api.w.org\/{rel}","templated":true}]}}