{"id":1074,"date":"2026-01-04T01:37:39","date_gmt":"2026-01-04T01:37:39","guid":{"rendered":"https:\/\/vignettego.com\/highway-vignette-europe\/madzarska-avtocestna-vinjeta-2026\/"},"modified":"2026-01-04T12:49:58","modified_gmt":"2026-01-04T12:49:58","slug":"madzarska-avtocestna-vinjeta-2026","status":"publish","type":"page","link":"https:\/\/vignettego.com\/highway-vignette-europe\/sl\/madzarska-avtocestna-vinjeta-2026\/","title":{"rendered":"Mad\u017earska avtocestna vigneta 2026: Popoln vodi\u010d za E-Matrico"},"content":{"rendered":"\n<script type=\"application\/ld+json\">{\n    \"@context\": \"https:\/\/schema.org\",\n    \"@graph\": [\n        {\n            \"@type\": \"Article\",\n            \"@id\": \"https:\/\/vignettego.com\/highway-vignette-europe\/hungary-highway-vignette-guide\/#article\",\n            \"headline\": \"Hungary Highway Vignette 2026: Complete E-Matrica Guide\",\n            \"description\": \"Everything about the Hungarian E-Matrica system 2026: prices, validity, how to buy online, and essential tips for driving on Hungarian motorways. Your complete guide to the electronic vignette.\",\n            \"image\": \"https:\/\/vignettego.com\/highway-vignette-europe\/wp-content\/uploads\/2026\/09\/Highway-Vignette-Europe.jpg\",\n            \"datePublished\": \"2026-01-04\",\n            \"dateModified\": \"2026-01-04\",\n            \"author\": {\"@type\": \"Organization\", \"name\": \"VignetteGo\", \"url\": \"https:\/\/vignettego.com\"},\n            \"publisher\": {\"@type\": \"Organization\", \"name\": \"VignetteGo\"},\n            \"mainEntityOfPage\": {\"@type\": \"WebPage\", \"@id\": \"https:\/\/vignettego.com\/highway-vignette-europe\/hungary-highway-vignette-guide\/\"},\n            \"articleSection\": \"Highway Vignettes\",\n            \"keywords\": [\"Hungary vignette\", \"E-Matrica\", \"Hungarian motorway\", \"Budapest driving\", \"M1 motorway\", \"Hungary toll\"],\n            \"inLanguage\": \"en\",\n            \"speakable\": {\"@type\": \"SpeakableSpecification\", \"cssSelector\": [\".article-intro\", \"#faq-section\"]}\n        },\n        {\n            \"@type\": \"BreadcrumbList\",\n            \"itemListElement\": [\n                {\"@type\": \"ListItem\", \"position\": 1, \"name\": \"VignetteGo\", \"item\": \"https:\/\/vignettego.com\/\"},\n                {\"@type\": \"ListItem\", \"position\": 2, \"name\": \"Highway Vignette Europe\", \"item\": \"https:\/\/vignettego.com\/highway-vignette-europe\/\"},\n                {\"@type\": \"ListItem\", \"position\": 3, \"name\": \"Hungary Guide\", \"item\": \"https:\/\/vignettego.com\/highway-vignette-europe\/hungary-highway-vignette-guide\/\"}\n            ]\n        },\n        {\n            \"@type\": \"FAQPage\",\n            \"mainEntity\": [\n                {\"@type\": \"Question\", \"name\": \"How much does a Hungarian E-Matrica cost?\", \"acceptedAnswer\": {\"@type\": \"Answer\", \"text\": \"For 2026, the D1 category (standard cars) costs approximately: 10-day regional HUF 4,270, 10-day national HUF 5,950, monthly HUF 6,590, and annual HUF 57,420. Prices may be adjusted.\"}},\n                {\"@type\": \"Question\", \"name\": \"Can I buy the Hungarian E-Matrica online?\", \"acceptedAnswer\": {\"@type\": \"Answer\", \"text\": \"Yes, you can purchase the E-Matrica online at VignetteGo or the official Hungarian motorway website. Registration is linked to your license plate, so no physical sticker is needed.\"}},\n                {\"@type\": \"Question\", \"name\": \"What is the difference between regional and national E-Matrica?\", \"acceptedAnswer\": {\"@type\": \"Answer\", \"text\": \"Regional E-Matrica (D1 REGIONAL) covers only the main transit routes (M1, M5, M7 etc.), while National E-Matrica (D1) covers the entire motorway network including all M and R roads.\"}},\n                {\"@type\": \"Question\", \"name\": \"What if I drive without a vignette in Hungary?\", \"acceptedAnswer\": {\"@type\": \"Answer\", \"text\": \"Fines for driving without a valid E-Matrica are significant\u2014from HUF 14,875 to HUF 88,500 depending on vehicle category. Enforcement is done via cameras, so non-compliance is easily detected.\"}},\n                {\"@type\": \"Question\", \"name\": \"Do I need a vignette for all roads in Hungary?\", \"acceptedAnswer\": {\"@type\": \"Answer\", \"text\": \"No, only motorways (M roads) and expressways (R roads) require a vignette. Regular national roads and local roads are free to use.\"}}\n            ]\n        }\n    ]\n}\n<\/script>\n\n<figure class=\"wp-block-image aligncenter size-large\"><img decoding=\"async\" src=\"https:\/\/vignettego.com\/highway-vignette-europe\/wp-content\/uploads\/2026\/09\/Highway-Vignette-Europe.jpg\" alt=\"Mad&#x17E;arska E-Matrica 2026 - Popoln vodi&#x10D; po mad&#x17E;arski avtocestni vinjeti\" style=\"width:100%; height:auto; margin-bottom:20px;\"\/><\/figure>\n\n<p class=\"article-intro\">Mad\u017earska le\u017ei na kri\u017ei\u0161\u010du srednje Evrope, zaradi \u010desar je klju\u010dna tranzitna dr\u017eava za potnike, ki potujejo na Balkan, v Avstrijo, Slova\u0161ko ali Romunijo. Od veli\u010dastne parlamentarne stavbe v Budimpe\u0161ti do termalnih kopeli H\u00e9v\u00edz, vinske de\u017eele Tokaj in prostranih ravnic Puszte, Mad\u017earska ponuja bogate kulturne izku\u0161nje. Ta vodi\u010d pokriva vse o <strong>mad\u017earski E-Matrici (elektronski vinjeti)<\/strong> za leto 2026: cene, vrste veljavnosti, kje kupiti in bistvene nasvete za vo\u017enjo po mad\u017earskih avtocestah.  <\/p>\n\n<div style=\"height:25px\" aria-hidden=\"true\" class=\"wp-block-spacer\"><\/div>\n\n<div class=\"wp-block-buttons is-content-justification-center is-layout-flex wp-container-core-buttons-is-layout-a89b3969 wp-block-buttons-is-layout-flex\">\n<div class=\"wp-block-button\"><a class=\"wp-block-button__link wp-element-button\" href=\"https:\/\/vignettego.com\/\" style=\"background-color:#0066cc;color:#ffffff;padding:15px 30px;font-size:18px;border-radius:8px;\">\ud83d\ude97 Pridobite svojo mad\u017earsko e-matrico na VignetteGo<\/a><\/div>\n<\/div>\n\n<div style=\"height:25px\" aria-hidden=\"true\" class=\"wp-block-spacer\"><\/div>\n\n<h2 class=\"wp-block-heading\">\ud83c\udded\ud83c\uddfa Kaj je mad\u017earska E-Matrica?<\/h2>\n\n<p>Mad\u017earska je bila ena prvih evropskih dr\u017eav, ki je leta 2008 sprejela <strong>popolnoma elektronski sistem vinjet (E-Matrica).<\/strong> Fizi\u010dna nalepka ni potrebna\u2014registrska \u0161tevilka va\u0161ega vozila je registrirana v nacionalni bazi cestnin, kamere ob avtocestah pa samodejno preverjajo status va\u0161e vignjete. <\/p>\n\n<p>Sistem E-Matrica pokriva vse <strong>mad\u017earske avtoceste (M ceste)<\/strong> in <strong>hitre ceste (R ceste).<\/strong> Obi\u010dajne dr\u017eavne ceste (glavne ceste s \u0161tevilkami 1-9, stranske ceste 10-99 itd.) so brezpla\u010dne za uporabo brez vinjete. <\/p>\n\n<h2 class=\"wp-block-heading\">\ud83d\udcb0 Cene E-Matrica 2026<\/h2>\n\n<p>Cene so v mad\u017earskih forintih (HUF). Mad\u017earska uporablja svojo valuto in ni sprejela evra. Trenutni menjalni te\u010daj je pribli\u017eno 1 EUR = 400 HUF.  <\/p>\n\n<h3 class=\"wp-block-heading\">Kategorija D1 (Avtomobili do 3,5 tone)<\/h3>\n\n<figure class=\"wp-block-table\"><table><thead><tr><th>Tip vinjete<\/th><th>Cena (HUF)<\/th><th>Pribli\u017eno EUR <\/th><\/tr><\/thead><tbody><tr><td><strong>10-dnevno regionalno tekmovanje<\/strong><\/td><td>4.270 HUF<\/td><td>~11 EUR<\/td><\/tr><tr><td><strong>10-dnevna nacionalna tekma<\/strong><\/td><td>5.950 HUF<\/td><td>~15 EUR<\/td><\/tr><tr><td><strong>Mese\u010dna nacionalna izdaja<\/strong><\/td><td>6.590 HUF<\/td><td>~16 EUR<\/td><\/tr><tr><td><strong>Letno nacionalno prvenstvo<\/strong><\/td><td>HUF 57.420<\/td><td>~143 EUR<\/td><\/tr><\/tbody><\/table><\/figure>\n\n<h3 class=\"wp-block-heading\">Regionalna proti nacionalni E-Matrici<\/h3>\n\n<p><strong>Regionalne E-Matrica (D1 REGIONALNE):<\/strong> Pokriva le glavne prometne koridorje:<\/p>\n\n<ul class=\"wp-block-list\">\n<li>M1 (Dunaj-Budimpe\u0161ta)<\/li>\n<li>M5 (meja med Budimpe\u0161to, Segedinom in Srbijo)<\/li>\n<li>M7 (meja Budimpe\u0161ta-jezero Balaton-Hrva\u0161ka)<\/li>\n<li>M3 (meja Budimpe\u0161ta, Debrecin in Ukrajina) \u2013 izbrani odseki<\/li>\n<li>M15, M30, M31, M35 \u2013 izbrani odseki<\/li>\n<\/ul>\n\n<p><strong>Nacionalna E-Matrica (D1):<\/strong> Pokriva <strong>celotno omre\u017eje avtocest,<\/strong> vklju\u010dno z:<\/p>\n\n<ul class=\"wp-block-list\">\n<li>Vse M-ceste (M0, M1, M2, M3, M4, M5, M6, M7, M15, M30, M31, M35, M43, M44, M70, M85, M86)<\/li>\n<li>Vse R-ceste (hitre ceste)<\/li>\n<\/ul>\n\n<p><strong>Nasvet:<\/strong> \u010ce nameravate raziskovati Mad\u017earsko onkraj glavnih tranzitnih koridorjev (npr. obisk letovi\u0161\u010d ob jezeru Balaton, Pe\u010duha, regije Tokaj), izberite Nacionalno E-Matrico.<\/p>\n\n<h2 class=\"wp-block-heading\">\ud83d\uded2 Kje kupiti mad\u017earsko E-Matrico<\/h2>\n\n<h3 class=\"wp-block-heading\">Spletno (priporo\u010deno)<\/h3>\n\n<p>Najla\u017eji na\u010din nakupa je prek spleta pred potovanjem:<\/p>\n\n<ul class=\"wp-block-list\">\n<li><strong><a href=\"https:\/\/vignettego.com\/\">VignetteGo<\/a><\/strong> \u2013 Hiter nakup z takoj\u0161njo potrditvijo<\/li>\n<li>Uradna mad\u017earska spletna stran avtoceste (ematrica.nemzetiutdij.hu)<\/li>\n<\/ul>\n\n<p>Prednosti spletnega nakupa: brez \u010dakanja na mejnih bencinskih \u010drpalkah, takoj\u0161nja aktivacija, digitalna potrditev na telefonu.<\/p>\n\n<h3 class=\"wp-block-heading\">Fizi\u010dne nakupne to\u010dke<\/h3>\n\n<ul class=\"wp-block-list\">\n<li>Bencinske \u010drpalke (MOL, Shell, OMV) po vsej Mad\u017earski<\/li>\n<li>Mejne prehode<\/li>\n<li>Po\u0161tni uradi<\/li>\n<li>Centri za podporo strankam<\/li>\n<\/ul>\n\n<div style=\"height:25px\" aria-hidden=\"true\" class=\"wp-block-spacer\"><\/div>\n\n<div class=\"wp-block-buttons is-content-justification-center is-layout-flex wp-container-core-buttons-is-layout-a89b3969 wp-block-buttons-is-layout-flex\">\n<div class=\"wp-block-button\"><a class=\"wp-block-button__link wp-element-button\" href=\"https:\/\/vignettego.com\/\" style=\"background-color:#28a745;color:#ffffff;padding:15px 30px;font-size:18px;border-radius:8px;\">\u2705 Pridobite evropske vinjete \u2013 8 dr\u017eav \u2013 na VignetteGo<\/a><\/div>\n<\/div>\n\n<div style=\"height:25px\" aria-hidden=\"true\" class=\"wp-block-spacer\"><\/div>\n\n<h2 class=\"wp-block-heading\">\ud83d\udee3\ufe0f Mad\u017earsko avtocestno omre\u017eje<\/h2>\n\n<p>Mad\u017earska avtocestna mre\u017ea seva iz Budimpe\u0161te kot zvezda in povezuje prestolnico z vsemi sosednjimi dr\u017eavami.<\/p>\n\n<h3 class=\"wp-block-heading\">M0 \u2013 Budimpe\u0161tanska obvoznica<\/h3>\n\n<p>Orbitalna avtocesta okoli Budimpe\u0161te, ki povezuje vse glavne radialne avtoceste. Klju\u010dno za izogibanje prometu v sredi\u0161\u010du mesta pri prehodu na Mad\u017earsko. <\/p>\n\n<h3 class=\"wp-block-heading\">M1 \u2013 Budimpe\u0161ta do Dunaja<\/h3>\n\n<p>Glavni koridor do <strong>Avstrije<\/strong>, ki povezuje Budimpe\u0161to z Dunajem preko Gy\u0151rja. Skupna dol\u017eina: pribli\u017eno 170 km. Prehodi v Avstrijo pri Hegyeshalom\/Nickelsdorf. Za nadaljevanje boste potrebovali <a href=\"https:\/\/vignettego.com\/highway-vignette-europe\/sl\/avstrijska-avtocestna-vinjeta-2026\/\">avstrijsko vinjeto<\/a> .   <\/p>\n\n<h3 class=\"wp-block-heading\">M3 \u2013 Budimpe\u0161ta do ukrajinske meje<\/h3>\n\n<p>Severovzhodni koridor proti <strong>Ukrajini in Slova\u0161ki<\/strong>, ki poteka skozi Debrecen. Dostop do vinske regije Tokaj in narodnega parka Hortobagy. <\/p>\n\n<h3 class=\"wp-block-heading\">M5 \u2013 Budimpe\u0161ta do meje s Srbijo<\/h3>\n\n<p>Ju\u017eni koridor proti <strong>Srbiji<\/strong>, ki povezuje s Segedinom in nadaljuje do Subotice\/Beograda. Skupna dol\u017eina: pribli\u017eno 156 km. <\/p>\n\n<h3 class=\"wp-block-heading\">M6 \u2013 Budimpe\u0161ta do hrva\u0161ke meje<\/h3>\n\n<p>Jugozahodni koridor proti <strong>Hrva\u0161ki (Barcs),<\/strong> ki poteka skozi Pe\u010duh. Alternativna pot do hrva\u0161ke obale, ki se izogne Sloveniji. <\/p>\n\n<h3 class=\"wp-block-heading\">M7 \u2013 Budimpe\u0161ta do jezera Balaton\/Hrva\u0161ka<\/h3>\n\n<p>Glavna po\u010ditni\u0161ka pot je do <strong>Balatonskega jezera<\/strong> in nadaljuje do <strong>Hrva\u0161ke (Letenye).<\/strong> Zelo zasedeno med poletnimi vikendi. Skupna dol\u017eina: pribli\u017eno 232 km.  <\/p>\n\n<h3 class=\"wp-block-heading\">M15 \u2013 Rajka do Bratislave<\/h3>\n\n<p>Kratka avtocesta, ki povezuje <strong>Slova\u0161ko<\/strong> in Bratislavo, odcepi se od M1. Za nadaljevanje boste potrebovali slova\u0161ki <a href=\"https:\/\/vignettego.com\/highway-vignette-europe\/sl\/slovaska-avtocestna-vigneta-2026-popoln-vodic-po-dialnicnih-znamka\/\">prizor.<\/a> <\/p>\n\n<h3 class=\"wp-block-heading\">M70 \u2013 Letenje do slovenske meje<\/h3>\n\n<p>Kratka avtocesta, ki povezuje s <strong>Slovenijo<\/strong> in se nadaljuje kot slovenska A5. Za nadaljevanje boste potrebovali <a href=\"https:\/\/vignettego.com\/highway-vignette-europe\/sl\/slovenska-avtocestna-vinjeta-2026\/\">slovensko E-Vinjeto<\/a> . <\/p>\n\n<h2 class=\"wp-block-heading\">\ud83d\uddfa\ufe0f Priljubljene poti skozi Mad\u017earsko<\/h2>\n\n<h3 class=\"wp-block-heading\">Dunaj do Budimpe\u0161te (M1)<\/h3>\n\n<p><strong>Razdalja:<\/strong> ~250 km | <strong>Trajanje:<\/strong> 2,5-3 ure | <strong>Potrebne so prizori:<\/strong> Avstrija + Mad\u017ear\u0161\u010dina<\/p>\n\n<p>Klasi\u010dna srednjeevropska pot. Odli\u010dne razmere na avtocesti. Razmislite o postanku v Gy\u0151rju \u2013 \u010dudovitem baro\u010dnem mestu.  <\/p>\n\n<h3 class=\"wp-block-heading\">Budimpe\u0161ta do Balatonskega jezera (M7)<\/h3>\n\n<p><strong>Razdalja:<\/strong> ~100 km (do Si\u00f3foka) | <strong>Trajanje:<\/strong> 1-1,5 ure<\/p>\n\n<p>Najve\u010dje jezero v srednji Evropi in mad\u017earska najbolj\u0161a poletna destinacija. M7 je ob petkih in nedeljah poleti izjemno zasedena. <\/p>\n\n<h3 class=\"wp-block-heading\">Budimpe\u0161ta do hrva\u0161ke obale (preko M7\/M70)<\/h3>\n\n<p><strong>Potek:<\/strong> Budimpe\u0161ta \u2192 jezero Balaton \u2192 Letenye \u2192 Zagreb \u2192 Split<\/p>\n\n<p>Alternativna pot na Hrva\u0161ko preko Mad\u017earske in Slovenije. Potrebne vinjete: mad\u017earska E-Matrica + <a href=\"https:\/\/vignettego.com\/highway-vignette-europe\/sl\/slovenska-avtocestna-vinjeta-2026\/\">slovenska E-Vinjeta<\/a> + <a href=\"https:\/\/vignettego.com\/highway-vignette-europe\/sl\/hrvaska-avtocestna-vinjeta-2026\/\">hrva\u0161ke cestnine<\/a>. <\/p>\n\n<h3 class=\"wp-block-heading\">Dunaj do Romunije (preko M1, M0, M5, M43)<\/h3>\n\n<p><strong>Potek:<\/strong> Dunaj \u2192 Budimpe\u0161ta \u2192 Szeged \u2192 Arad (Romunija)<\/p>\n\n<p>Glavna pot iz Zahodne Evrope v Romunijo. Potrebne so prizori: avstrijska + mad\u017earska + <a href=\"https:\/\/vignettego.com\/highway-vignette-europe\/sl\/romunska-avtocestna-vinjeta-2026\/\">romunska rovinieta<\/a>. <\/p>\n\n<div style=\"height:25px\" aria-hidden=\"true\" class=\"wp-block-spacer\"><\/div>\n\n<div class=\"wp-block-buttons is-content-justification-center is-layout-flex wp-container-core-buttons-is-layout-a89b3969 wp-block-buttons-is-layout-flex\">\n<div class=\"wp-block-button\"><a class=\"wp-block-button__link wp-element-button\" href=\"https:\/\/vignettego.com\/\" style=\"background-color:#ff6600;color:#ffffff;padding:15px 30px;font-size:18px;border-radius:8px;\">\ud83d\uded2 Naro\u010dite vse evropske vinjete na VignetteGo<\/a><\/div>\n<\/div>\n\n<div style=\"height:25px\" aria-hidden=\"true\" class=\"wp-block-spacer\"><\/div>\n\n<h2 class=\"wp-block-heading\">\u26a0\ufe0f Pomembna pravila E-Matrica<\/h2>\n\n<h3 class=\"wp-block-heading\">Obdobje veljavnosti<\/h3>\n\n<ul class=\"wp-block-list\">\n<li><strong>10-dnevni:<\/strong> Velja 10 zaporednih dni, vklju\u010dno z dnevom nakupa<\/li>\n<li><strong>Mese\u010dno:<\/strong> Velja do istega datuma naslednji mesec<\/li>\n<li><strong>Letno:<\/strong> Velja eno koledarsko leto od 1. januarja do 31. decembra ali od datuma nakupa, \u010de je kupljen sredi leta<\/li>\n<\/ul>\n\n<h3 class=\"wp-block-heading\">Registracija registrskih tablic<\/h3>\n\n<p>E-Matrica je registrirana na <strong>va\u0161o natan\u010dno registrsko \u0161tevilko<\/strong> in <strong>dr\u017eavno kodo<\/strong>. Pri nakupu dvakrat preverite tipkarske napake! Napake zahtevajo nakup nove vinjete.  <\/p>\n\n<h3 class=\"wp-block-heading\">Globe za neskladnost<\/h3>\n\n<ul class=\"wp-block-list\">\n<li><strong>Kategorija D1 (avtomobili):<\/strong> HUF 14.875 do HUF 88.500<\/li>\n<li><strong>Pla\u010dilo na kraju samem:<\/strong> Obi\u010dajno ni\u017eja, \u010de je pla\u010dana v 60 dneh<\/li>\n<li>Izvajanje preko avtomatskih kamer (ANPR)<\/li>\n<\/ul>\n\n<h2 class=\"wp-block-heading\">\ud83d\udca1 Nasveti za vo\u017enjo na Mad\u017earskem za leto 2026<\/h2>\n\n<h3 class=\"wp-block-heading\">Valuta<\/h3>\n\n<p>Mad\u017earska uporablja <strong>mad\u017earski forint (HUF).<\/strong> Evro niso \u0161iroko sprejeti, razen na nekaterih mejnih bencinskih \u010drpalkah. Kreditne kartice sprejemajo skoraj povsod.  <\/p>\n\n<h3 class=\"wp-block-heading\">Omejitve hitrosti<\/h3>\n\n<ul class=\"wp-block-list\">\n<li><strong>Avtoceste:<\/strong> 130 km\/h<\/li>\n<li><strong>Hitre ceste:<\/strong> 110 km\/h<\/li>\n<li><strong>Glavne ceste:<\/strong> 90 km\/h<\/li>\n<li><strong>Urbana obmo\u010dja:<\/strong> 50 km\/h<\/li>\n<\/ul>\n\n<h3 class=\"wp-block-heading\">Zahtevana oprema<\/h3>\n\n<ul class=\"wp-block-list\">\n<li>Opozorilni trikotnik<\/li>\n<li>Odsevni telovnik<\/li>\n<li>Komplet prve pomo\u010di<\/li>\n<li><strong>\u017darometi:<\/strong> Vedno mora biti na zunanjih pozidanih obmo\u010djih<\/li>\n<\/ul>\n\n<h3 class=\"wp-block-heading\">Politika ni\u010delne tolerance do alkohola<\/h3>\n\n<p>Mad\u017earska ima <strong>ni\u010delno toleranco<\/strong> do vo\u017enje pod vplivom alkohola. Meja alkohola v krvi je 0,0 %. Kazni so hude.  <\/p>\n\n<h2 class=\"wp-block-heading\" id=\"faq-section\">\u2753 Pogosto zastavljena vpra\u0161anja<\/h2>\n\n<h3 class=\"wp-block-heading\">Ali potrebujem vinjeto za obvoznico M0?<\/h3>\n\n<p>Da, obvoznica M0 Budimpe\u0161ta zahteva veljavno E-Matrico.<\/p>\n\n<h3 class=\"wp-block-heading\">Ali lahko uporabim regionalno vinjeto za jezero Balaton?<\/h3>\n\n<p>Da, M7 do jezera Balaton pokriva regionalna E-Matrica. \u010ce pa nameravate raziskovati onkraj glavnega koridorja M7, si priskrbite nacionalno vinjeto. <\/p>\n\n<h3 class=\"wp-block-heading\">Kaj pa, \u010de najamem avto na Mad\u017earskem?<\/h3>\n\n<p>Preverite pri svojem podjetju za najem \u2013 nekateri vklju\u010dujejo E-Matrico, drugi pa zahtevajo nakup posebej. Preverite, preden prevzamete vozilo. <\/p>\n\n<div style=\"height:25px\" aria-hidden=\"true\" class=\"wp-block-spacer\"><\/div>\n\n<div class=\"wp-block-buttons is-content-justification-center is-layout-flex wp-container-core-buttons-is-layout-a89b3969 wp-block-buttons-is-layout-flex\">\n<div class=\"wp-block-button\"><a class=\"wp-block-button__link wp-element-button\" href=\"https:\/\/vignettego.com\/\" style=\"background-color:#e91e63;color:#ffffff;padding:15px 30px;font-size:18px;border-radius:8px;\">\ud83d\ude97 Pridobite svoje evropske avtocestne vinjete na VignetteGo \u2192<\/a><\/div>\n<\/div>\n\n<div style=\"height:25px\" aria-hidden=\"true\" class=\"wp-block-spacer\"><\/div>\n\n<h2 class=\"wp-block-heading\">\ud83c\udff0 Zakaj obiskati Mad\u017earsko?<\/h2>\n\n<ul class=\"wp-block-list\">\n<li><strong>Budimpe\u0161ta:<\/strong> &#8220;Pariz vzhoda&#8221; z osupljivo arhitekturo<\/li>\n<li><strong>Termalne kopeli:<\/strong> Mad\u017earska ima ve\u010d kot 1.000 naravnih termalnih vrelcev<\/li>\n<li><strong>Jezero Balaton:<\/strong> Najve\u010dje jezero v srednji Evropi, popolno za poletje<\/li>\n<li><strong>Vinska regija Tokaj:<\/strong> Sladka vina, ki je na seznamu svetovne dedi\u0161\u010dine UNESCO<\/li>\n<li><strong>Hortobagy:<\/strong> Prostrane mad\u017earske ravnine, tradicionalni konjeniki<\/li>\n<li><strong>Eger:<\/strong> Zgodovinsko vinsko mesto, osmanska trdnjava<\/li>\n<\/ul>\n\n<h2 class=\"wp-block-heading\">\ud83d\udccd Zaklju\u010dek<\/h2>\n\n<p>Dobro vzdr\u017eevana mre\u017ea avtocest na Mad\u017earskem omogo\u010da enostavno raziskovanje ali prevoz skozi to fascinantno dr\u017eavo. Sistem E-Matrica je preprost \u2013 kupite ga prek spleta pred potovanjem in u\u017eivajte v brezskrbni vo\u017enji. <\/p>\n\n<p>Za ve\u010ddr\u017eavna potovanja z avtomobilom zdru\u017eite mad\u017earsko E-Matrico z vinjetami za <a href=\"https:\/\/vignettego.com\/highway-vignette-europe\/sl\/avstrijska-avtocestna-vinjeta-2026\/\">Avstrijo<\/a>, <a href=\"https:\/\/vignettego.com\/highway-vignette-europe\/sl\/slovaska-avtocestna-vigneta-2026-popoln-vodic-po-dialnicnih-znamka\/\">Slova\u0161ko, Slovenijo<\/a> in <a href=\"https:\/\/vignettego.com\/highway-vignette-europe\/sl\/slovenska-avtocestna-vinjeta-2026\/\"><\/a><a href=\"https:\/\/vignettego.com\/highway-vignette-europe\/sl\/romunska-avtocestna-vinjeta-2026\/\">Romunijo<\/a>. Pridobite vse svoje vinjete na enem mestu pri <a href=\"https:\/\/vignettego.com\/\" title=\"VignetteGo - evropske cestne vinjete\">VignetteGo<\/a>. <\/p>\n\n<p><strong>U\u017eivajte na Mad\u017earskem! \ud83c\udded\ud83c\uddfa\ud83c\udff0 <\/strong><\/p>\n\n<p><strong>Sorodni vodniki:<\/strong> <a href=\"https:\/\/vignettego.com\/highway-vignette-europe\/sl\/avstrijska-avtocestna-vinjeta-2026\/\">Austria Digital Vignette<\/a> | <a href=\"https:\/\/vignettego.com\/highway-vignette-europe\/sl\/slovaska-avtocestna-vigneta-2026-popoln-vodic-po-dialnicnih-znamka\/\">Slova\u0161ka vinjeta<\/a> | <a href=\"https:\/\/vignettego.com\/\">Vse evropske vinjete<\/a><\/p>\n","protected":false},"excerpt":{"rendered":"<p>Mad\u017earska le\u017ei na kri\u017ei\u0161\u010du srednje Evrope, zaradi \u010desar je klju\u010dna tranzitna dr\u017eava za potnike, ki potujejo na Balkan, v Avstrijo, Slova\u0161ko ali Romunijo. Od veli\u010dastne parlamentarne stavbe v Budimpe\u0161ti do termalnih kopeli H\u00e9v\u00edz, vinske de\u017eele Tokaj in prostranih ravnic Puszte, Mad\u017earska ponuja bogate kulturne izku\u0161nje. Ta vodi\u010d pokriva vse o mad\u017earski E-Matrici (elektronski vinjeti) za [&hellip;]<\/p>\n","protected":false},"author":0,"featured_media":0,"parent":0,"menu_order":0,"comment_status":"closed","ping_status":"closed","template":"","meta":{"footnotes":""},"class_list":["post-1074","page","type-page","status-publish","hentry"],"_links":{"self":[{"href":"https:\/\/vignettego.com\/highway-vignette-europe\/sl\/wp-json\/wp\/v2\/pages\/1074","targetHints":{"allow":["GET"]}}],"collection":[{"href":"https:\/\/vignettego.com\/highway-vignette-europe\/sl\/wp-json\/wp\/v2\/pages"}],"about":[{"href":"https:\/\/vignettego.com\/highway-vignette-europe\/sl\/wp-json\/wp\/v2\/types\/page"}],"replies":[{"embeddable":true,"href":"https:\/\/vignettego.com\/highway-vignette-europe\/sl\/wp-json\/wp\/v2\/comments?post=1074"}],"version-history":[{"count":3,"href":"https:\/\/vignettego.com\/highway-vignette-europe\/sl\/wp-json\/wp\/v2\/pages\/1074\/revisions"}],"predecessor-version":[{"id":1496,"href":"https:\/\/vignettego.com\/highway-vignette-europe\/sl\/wp-json\/wp\/v2\/pages\/1074\/revisions\/1496"}],"wp:attachment":[{"href":"https:\/\/vignettego.com\/highway-vignette-europe\/sl\/wp-json\/wp\/v2\/media?parent=1074"}],"curies":[{"name":"wp","href":"https:\/\/api.w.org\/{rel}","templated":true}]}}