{"id":1073,"date":"2026-01-04T11:28:58","date_gmt":"2026-01-04T11:28:58","guid":{"rendered":"https:\/\/vignettego.com\/highway-vignette-europe\/avstrijska-avtocestna-vinjeta-2026\/"},"modified":"2026-01-04T11:29:26","modified_gmt":"2026-01-04T11:29:26","slug":"avstrijska-avtocestna-vinjeta-2026","status":"publish","type":"page","link":"https:\/\/vignettego.com\/highway-vignette-europe\/sl\/avstrijska-avtocestna-vinjeta-2026\/","title":{"rendered":"Avstrijska avtocestna vinjeta 2026: Popoln vodnik Digitale Vignette"},"content":{"rendered":"\n<img decoding=\"async\" src=\"https:\/\/vignettego.com\/highway-vignette-europe\/wp-content\/uploads\/2026\/09\/Highway-Vignette-Europe.jpg\" alt=\"Avstrijska vinjeta 2026\" style=\"width:100%; height:auto; margin-bottom:20px;\">\n\n\n<h1 class=\"wp-block-heading\">Avstrijska avtocestna vinjeta 2026: Popoln vodnik Digitale Vignette<\/h1>\n\n<p>Na\u010drtujete potovanje skozi Avstrijo? Razumevanje avstrijskega sistema vinjet je bistveno. Ta vodnik pokriva vse o <strong>Digitale Vignette<\/strong>, vklju\u010dno s klju\u010dnim pravilom 18 dni.<\/p>\n\n<div style=\"height:25px\" aria-hidden=\"true\" class=\"wp-block-spacer\"><\/div>\n\n\n<div class=\"wp-block-buttons is-content-justification-center is-layout-flex wp-container-core-buttons-is-layout-a89b3969 wp-block-buttons-is-layout-flex\"><div class=\"wp-block-button\"><a class=\"wp-block-button__link wp-element-button\" href=\"https:\/\/vignettego.com\/\" style=\"background-color:#0066cc;color:#fff;padding:15px 30px;font-size:18px;border-radius:8px;\">\ud83d\ude97 Kupite avstrijsko vinjeto tukaj<\/a><\/div><\/div>\n\n\n<div style=\"height:25px\" aria-hidden=\"true\" class=\"wp-block-spacer\"><\/div>\n\n<h2 class=\"wp-block-heading\">Cene avstrijske vinjete 2026<\/h2>\n\n\n<figure class=\"wp-block-table\"><table><thead><tr><th>Trajanje<\/th><th>Avto<\/th><th>Motor<\/th><\/tr><\/thead><tbody><tr><td>10 dni<\/td><td>\u20ac11,50<\/td><td>\u20ac4,60<\/td><\/tr><tr><td>2 meseca<\/td><td>\u20ac28,90<\/td><td>\u20ac11,50<\/td><\/tr><tr><td>Letna<\/td><td>\u20ac96,40<\/td><td>\u20ac38,20<\/td><\/tr><\/tbody><\/table><\/figure>\n\n\n<h2 class=\"wp-block-heading\">\u26a0\ufe0f Pravilo 18 dni<\/h2>\n\n<p>Digitale Vignette postane veljavna <strong>18 dni po nakupu<\/strong>. Na\u010drtujte vnaprej!<\/p>\n\n<div style=\"height:25px\" aria-hidden=\"true\" class=\"wp-block-spacer\"><\/div>\n\n\n<div class=\"wp-block-buttons is-content-justification-center is-layout-flex wp-container-core-buttons-is-layout-a89b3969 wp-block-buttons-is-layout-flex\"><div class=\"wp-block-button\"><a class=\"wp-block-button__link wp-element-button\" href=\"https:\/\/vignettego.com\/\" style=\"background-color:#28a745;color:#fff;padding:15px 30px;font-size:18px;border-radius:8px;\">\u2705 Vinjete za 8 evropskih dr\u017eav<\/a><\/div><\/div>\n\n\n<div style=\"height:25px\" aria-hidden=\"true\" class=\"wp-block-spacer\"><\/div>\n\n<p>Za potovanje skozi ve\u010d dr\u017eav obi\u0161\u010dite <a href=\"https:\/\/vignettego.com\/\" title=\"Evropske vinjete\">VignetteGo<\/a>.<\/p>\n\n<p><strong>Sre\u010dno pot skozi Avstrijo!<\/strong> \ud83c\udde6\ud83c\uddf9<\/p>","protected":false},"excerpt":{"rendered":"<p>Avstrijska avtocestna vinjeta 2026: Popoln vodnik Digitale Vignette Na\u010drtujete potovanje skozi Avstrijo? Razumevanje avstrijskega sistema vinjet je bistveno. Ta vodnik pokriva vse o Digitale Vignette, vklju\u010dno s klju\u010dnim pravilom 18 dni. Cene avstrijske vinjete 2026 Trajanje Avto Motor 10 dni \u20ac11,50 \u20ac4,60 2 meseca \u20ac28,90 \u20ac11,50 Letna \u20ac96,40 \u20ac38,20 \u26a0\ufe0f Pravilo 18 dni Digitale Vignette [&hellip;]<\/p>\n","protected":false},"author":0,"featured_media":0,"parent":0,"menu_order":0,"comment_status":"closed","ping_status":"closed","template":"","meta":{"footnotes":""},"class_list":["post-1073","page","type-page","status-publish","hentry"],"_links":{"self":[{"href":"https:\/\/vignettego.com\/highway-vignette-europe\/sl\/wp-json\/wp\/v2\/pages\/1073","targetHints":{"allow":["GET"]}}],"collection":[{"href":"https:\/\/vignettego.com\/highway-vignette-europe\/sl\/wp-json\/wp\/v2\/pages"}],"about":[{"href":"https:\/\/vignettego.com\/highway-vignette-europe\/sl\/wp-json\/wp\/v2\/types\/page"}],"replies":[{"embeddable":true,"href":"https:\/\/vignettego.com\/highway-vignette-europe\/sl\/wp-json\/wp\/v2\/comments?post=1073"}],"version-history":[{"count":1,"href":"https:\/\/vignettego.com\/highway-vignette-europe\/sl\/wp-json\/wp\/v2\/pages\/1073\/revisions"}],"predecessor-version":[{"id":1080,"href":"https:\/\/vignettego.com\/highway-vignette-europe\/sl\/wp-json\/wp\/v2\/pages\/1073\/revisions\/1080"}],"wp:attachment":[{"href":"https:\/\/vignettego.com\/highway-vignette-europe\/sl\/wp-json\/wp\/v2\/media?parent=1073"}],"curies":[{"name":"wp","href":"https:\/\/api.w.org\/{rel}","templated":true}]}}