{"id":32,"date":"2025-09-05T00:55:51","date_gmt":"2025-09-05T00:55:51","guid":{"rendered":"https:\/\/vignettego.com\/highway-vignette-europe\/dialnicne-e-znamky-europa-sprievodca-pre-cestovatelov-2025-jasne-ludske-bez-zbytocnosti\/"},"modified":"2026-01-05T22:13:16","modified_gmt":"2026-01-05T22:13:16","slug":"dialnicne-e-znamky-europa-sprievodca-pre-cestovatelov-2025-jasne-ludske-bez-zbytocnosti","status":"publish","type":"page","link":"https:\/\/vignettego.com\/highway-vignette-europe\/sk\/","title":{"rendered":"Dia\u013eni\u010dn\u00e9 e-zn\u00e1mky Eur\u00f3pa: sprievodca pre cestovate\u013eov 2025 (jasn\u00e9, \u013eudsk\u00e9, bez zbyto\u010dnost\u00ed)"},"content":{"rendered":"\n<p><em><a href=\"https:\/\/vignettego.com\/\">Dia\u013eni\u010dn\u00e1 zn\u00e1mka<\/a> Eur\u00f3pa: kde ju potrebujete a ako ju k\u00fapi\u0165 (sprievodca 2026)<\/em><\/p>\n\n<p>Ak pl\u00e1nujete cestu po Eur\u00f3pe, r\u00fdchlo naraz\u00edte na slovo, ktor\u00e9 znie honosne, no v skuto\u010dnosti znamen\u00e1 len \u201epredplaten\u00fd pr\u00edstup na cesty\u201c: <strong><a href=\"https:\/\/vignettego.com\/\">dia\u013eni\u010dn\u00e1 zn\u00e1mka<\/a><\/strong>.  <\/p>\n\n<p>Predstavte si ju ako digit\u00e1lny preukaz prepojen\u00fd s va\u0161ou pozn\u00e1vacou zna\u010dkou, ktor\u00fd v\u00e1m umo\u017e\u0148uje pou\u017e\u00edva\u0165 ur\u010dit\u00e9 dia\u013enice po stanoven\u00fa dobu. Jednoduch\u00e1 my\u0161lienka \u2013 v praxi komplikovan\u00e1, preto\u017ee pravidl\u00e1 sa l\u00ed\u0161ia v z\u00e1vislosti od krajiny. <\/p>\n\n<div style=\"height:30px\" aria-hidden=\"true\" class=\"wp-block-spacer\"><\/div>\n\n<div class=\"wp-block-buttons is-content-justification-center is-layout-flex wp-container-core-buttons-is-layout-a89b3969 wp-block-buttons-is-layout-flex\">\n<div class=\"wp-block-button\"><a class=\"wp-block-button__link wp-element-button\" href=\"https:\/\/vignettego.com\/\">Presk\u00famajte VignetteGo<\/a><\/div>\n<\/div>\n\n<div style=\"height:30px\" aria-hidden=\"true\" class=\"wp-block-spacer\"><\/div>\n\n<p>Ni\u017e\u0161ie n\u00e1jdete priate\u013esk\u00e9ho a priameho sprievodcu, ktor\u00fd v\u00e1m pom\u00f4\u017ee pochopi\u0165, kde sa dia\u013eni\u010dn\u00e9 zn\u00e1mky pou\u017e\u00edvaj\u00fa, ako k\u00fapi\u0165 t\u00fa spr\u00e1vnu, ako dlho platia a ako sa vyhn\u00fa\u0165 nepr\u00edjemn\u00fdm pokut\u00e1m. Poskytneme v\u00e1m aj jednoduch\u00fd kontroln\u00fd zoznam, ktor\u00fd m\u00f4\u017eete pou\u017ei\u0165 pred na\u0161tartovan\u00edm motora. <\/p>\n\n<p><\/p>\n\n<hr class=\"wp-block-separator has-alpha-channel-opacity\"\/>\n\n<h2 class=\"wp-block-heading\">TL;DR (stru\u010dn\u00e1 odpove\u010f)<\/h2>\n\n<ul class=\"wp-block-list\">\n<li><strong>Kde potrebujete <a href=\"https:\/\/vignettego.com\/\">dia\u013eni\u010dn\u00fa zn\u00e1mku<\/a> (osobn\u00e9 aut\u00e1, M1 \u2264 3,5 t) v E\u00da:<\/strong> <strong>Rak\u00fasko, \u010cesko, Ma\u010farsko, Rumunsko, Slovensko, Slovinsko, Bulharsko.<\/strong><br\/>(\u0160vaj\u010diarsko tie\u017e pou\u017e\u00edva dia\u013eni\u010dn\u00fa zn\u00e1mku, ale nie je v E\u00da.)<\/li>\n\n\n\n<li><strong>Kde sa dia\u013eni\u010dn\u00e9 zn\u00e1mky nepou\u017e\u00edvaj\u00fa:<\/strong> v\u00e4\u010d\u0161ina ostatn\u00fdch kraj\u00edn E\u00da spolieha na <strong><a href=\"https:\/\/vignettego.com\/\">m\u00fdtne<\/a> br\u00e1ny, vo\u013en\u00fd tok m\u00fdta alebo \u017eiadne poplatky<\/strong> za aut\u00e1 (napr. Franc\u00fazsko, Taliansko, \u0160panielsko, Portugalsko, Chorv\u00e1tsko, Po\u013esko, \u00edrska M50, mosty D\u00e1nsko\/\u0160v\u00e9dsko).<\/li>\n\n\n\n<li><strong>Ako dlho platia dia\u013eni\u010dn\u00e9 zn\u00e1mky:<\/strong> zvy\u010dajne <strong>kr\u00e1tkodob\u00e1<\/strong> (pribli\u017ene t\u00fd\u017ede\u0148\/10 dn\u00ed), <strong>mesa\u010dn\u00e1<\/strong> a <strong>ro\u010dn\u00e1<\/strong> mo\u017enos\u0165. Niektor\u00e9 miesta pon\u00fakaj\u00fa aj <strong>jednod\u0148ov\u00e9<\/strong> alebo <strong>v\u00edkendov\u00e9<\/strong> varianty. <\/li>\n\n\n\n<li><strong>Ako k\u00fapi\u0165:<\/strong> online za p\u00e1r min\u00fat. Vyberiete si <strong>krajinu<\/strong>, <strong>vozidlo<\/strong>, <strong>d\u00e1tum za\u010diatku platnosti<\/strong> a <strong>platnos\u0165<\/strong>. Preukaz je viazan\u00fd na va\u0161u <strong>pozn\u00e1vaciu zna\u010dku<\/strong>.  <\/li>\n\n\n\n<li><strong>Najv\u00e4\u010d\u0161ie chyby, ktor\u00fdm sa treba vyhn\u00fa\u0165:<\/strong> nespr\u00e1vny re\u0165azec pozn\u00e1vacej zna\u010dky, nespr\u00e1vny d\u00e1tum\/\u010das za\u010diatku platnosti alebo predpoklad, \u017ee jedna dia\u013eni\u010dn\u00e1 zn\u00e1mka funguje vo viacer\u00fdch krajin\u00e1ch (nefunguje).<\/li>\n<\/ul>\n\n<div style=\"height:30px\" aria-hidden=\"true\" class=\"wp-block-spacer\"><\/div>\n\n<div class=\"wp-block-buttons is-content-justification-center is-layout-flex wp-container-core-buttons-is-layout-a89b3969 wp-block-buttons-is-layout-flex\">\n<div class=\"wp-block-button\"><a class=\"wp-block-button__link wp-element-button\" href=\"https:\/\/vignettego.com\/\">Za\u010dnite teraz \u2013 VignetteGo<\/a><\/div>\n<\/div>\n\n<div style=\"height:30px\" aria-hidden=\"true\" class=\"wp-block-spacer\"><\/div>\n\n<hr class=\"wp-block-separator has-alpha-channel-opacity\"\/>\n\n<h2 class=\"wp-block-heading\">\u010co presne je dia\u013eni\u010dn\u00e1 zn\u00e1mka?<\/h2>\n\n<p><strong>Dia\u013eni\u010dn\u00e1 zn\u00e1mka<\/strong> je <strong>\u010dasovo obmedzen\u00fd<\/strong> <a href=\"https:\/\/vignettego.com\/\">dia\u013eni\u010dn\u00fd preukaz<\/a>. Na rozdiel od m\u00fdtnej br\u00e1ny, ktor\u00e1 v\u00e1m \u00fa\u010dtuje poplatok za kilometer alebo \u00fasek, dia\u013eni\u010dn\u00e1 zn\u00e1mka umo\u017e\u0148uje neobmedzen\u00e9 cestovanie po pr\u00edslu\u0161nej sieti po\u010das jej platnosti (s niektor\u00fdmi miestnymi v\u00fdnimkami). Dnes je v\u00e4\u010d\u0161inou <strong>digit\u00e1lna<\/strong>, tak\u017ee <strong>\u017eiadna n\u00e1lepka<\/strong> \u2013 kontroln\u00e9 kamery kontroluj\u00fa va\u0161u pozn\u00e1vaciu zna\u010dku.  <\/p>\n\n<p>K\u013e\u00fa\u010dov\u00e9 body:<\/p>\n\n<ul class=\"wp-block-list\">\n<li><strong>Prepojen\u00e9 s va\u0161ou pozn\u00e1vacou zna\u010dkou:<\/strong> trikr\u00e1t skontrolujte znaky a k\u00f3d krajiny.<\/li>\n\n\n\n<li><strong>\u010casovo obmedzen\u00e9:<\/strong> vy si zvol\u00edte, kedy za\u010dne platnos\u0165 (ihne\u010f alebo v bud\u00facom d\u00e1tume).<\/li>\n\n\n\n<li><strong>Trieda vozidla je d\u00f4le\u017eit\u00e1:<\/strong> v\u00e4\u010d\u0161ina ni\u017e\u0161ie uveden\u00fdch pravidiel predpoklad\u00e1 \u0161tandardn\u00e9 osobn\u00e9 vozidlo (M1 \u2264 3,5 t).<\/li>\n<\/ul>\n\n<p><\/p>\n\n<hr class=\"wp-block-separator has-alpha-channel-opacity\"\/>\n\n<h2 class=\"wp-block-heading\">Kde ju budete potrebova\u0165 (osobn\u00e9 aut\u00e1)<\/h2>\n\n<p><strong>Krajiny E\u00da pou\u017e\u00edvaj\u00face syst\u00e9m dia\u013eni\u010dn\u00fdch zn\u00e1mok pre aut\u00e1:<\/strong><\/p>\n\n<ul class=\"wp-block-list\">\n<li><strong>Rak\u00fasko (AT)<\/strong><\/li>\n\n\n\n<li><strong>\u010cesko (CZ)<\/strong><\/li>\n\n\n\n<li><strong>Ma\u010farsko (HU)<\/strong><\/li>\n\n\n\n<li><strong>Rumunsko (RO)<\/strong> (\u010dasto naz\u00fdvan\u00e1 <em><a href=\"https:\/\/vignettego.com\/\">roviniet\u0103<\/a><\/em>)<\/li>\n\n\n\n<li><strong>Slovensko (SK)<\/strong><\/li>\n\n\n\n<li><strong>Slovinsko (SI)<\/strong><\/li>\n\n\n\n<li><strong>Bulharsko (BG)<\/strong><\/li>\n<\/ul>\n\n<p><strong>Mimo E\u00da, ale be\u017ene prejazdn\u00e9:<\/strong><\/p>\n\n<ul class=\"wp-block-list\">\n<li><strong>\u0160vaj\u010diarsko (CH)<\/strong> \u2014 dia\u013eni\u010dn\u00e1 zn\u00e1mka povinn\u00e1 (k dispoz\u00edcii digit\u00e1lna mo\u017enos\u0165).<\/li>\n<\/ul>\n\n<div style=\"height:30px\" aria-hidden=\"true\" class=\"wp-block-spacer\"><\/div>\n\n<div class=\"wp-block-buttons is-content-justification-center is-layout-flex wp-container-core-buttons-is-layout-a89b3969 wp-block-buttons-is-layout-flex\">\n<div class=\"wp-block-button\"><a class=\"wp-block-button__link wp-element-button\" href=\"https:\/\/vignettego.com\/\">Vysk\u00fa\u0161ajte VignetteGo<\/a><\/div>\n<\/div>\n\n<div style=\"height:30px\" aria-hidden=\"true\" class=\"wp-block-spacer\"><\/div>\n\n<p>Pre v\u0161etk\u00fdch ostatn\u00fdch o\u010dak\u00e1vajte <strong>m\u00fdtne br\u00e1ny<\/strong> (l\u00edstok pri vstupe\/v\u00fdstupe alebo bezbari\u00e9rov\u00e9 kamerov\u00e9 m\u00fdto), <strong>poplatky za mosty<\/strong> alebo <strong>\u017eiadne poplatky<\/strong> na dia\u013eniciach pre aut\u00e1.<\/p>\n\n<blockquote class=\"wp-block-quote is-layout-flow wp-block-quote-is-layout-flow\">\n<p><strong>Pozor:<\/strong> <a href=\"https:\/\/vignettego.com\/\">E-zn\u00e1mka<\/a> zak\u00fapen\u00e1 pre jednu krajinu <strong>nepokr\u00fdva<\/strong> in\u00fa. Prech\u00e1dzate piatimi krajinami s dia\u013eni\u010dn\u00fdmi zn\u00e1mkami? Potrebujete p\u00e4\u0165 samostatn\u00fdch dia\u013eni\u010dn\u00fdch zn\u00e1mok.  <\/p>\n<\/blockquote>\n\n<hr class=\"wp-block-separator has-alpha-channel-opacity\"\/>\n\n<h2 class=\"wp-block-heading\">Typick\u00e9 mo\u017enosti platnosti a ich v\u00fdznam<\/h2>\n\n<p>Ponuky sa l\u00ed\u0161ia v z\u00e1vislosti od krajiny, ale pre aut\u00e1 be\u017ene n\u00e1jdete:<\/p>\n\n<ul class=\"wp-block-list\">\n<li><strong>Kr\u00e1tkodob\u00e1<\/strong>: pribli\u017ene <strong>7 \u2013 10 dn\u00ed<\/strong> (ide\u00e1lne na dovolenky alebo v\u00edkendov\u00e9 v\u00fdlety)<\/li>\n\n\n\n<li><strong>Mesa\u010dn\u00e1<\/strong>: ~<strong>30 dn\u00ed<\/strong> od vami zvolen\u00e9ho d\u00e1tumu za\u010diatku platnosti<\/li>\n\n\n\n<li><strong>Ro\u010dn\u00e1<\/strong>: kalend\u00e1rny rok alebo 12 mesiacov od za\u010diatku (z\u00e1vis\u00ed od krajiny)<\/li>\n\n\n\n<li><strong>Pr\u00edle\u017eitostn\u00e9 doplnky<\/strong>: <strong>jednod\u0148ov\u00e9<\/strong> alebo <strong>v\u00edkendov\u00e9<\/strong> preukazy, kde s\u00fa k dispoz\u00edcii<\/li>\n<\/ul>\n\n<p><strong>Profesion\u00e1lny tip:<\/strong> Ak va\u0161a cesta presahuje mesiace (napr. koniec j\u00fana \u2192 za\u010diatok j\u00fala), porovnajte dve kr\u00e1tkodob\u00e9 s jednou mesa\u010dnou \u2013 ceny v\u00e1s m\u00f4\u017eu prekvapi\u0165.<\/p>\n\n<div style=\"height:30px\" aria-hidden=\"true\" class=\"wp-block-spacer\"><\/div>\n\n<div class=\"wp-block-buttons is-content-justification-center is-layout-flex wp-container-core-buttons-is-layout-a89b3969 wp-block-buttons-is-layout-flex\">\n<div class=\"wp-block-button\"><a class=\"wp-block-button__link wp-element-button\" href=\"https:\/\/vignettego.com\/\">Za\u010dnite s VignetteGo<\/a><\/div>\n<\/div>\n\n<div style=\"height:30px\" aria-hidden=\"true\" class=\"wp-block-spacer\"><\/div>\n\n<hr class=\"wp-block-separator has-alpha-channel-opacity\"\/>\n\n<h2 class=\"wp-block-heading\">Ako funguje cena (jednoducho vysvetlen\u00e9)<\/h2>\n\n<ul class=\"wp-block-list\">\n<li><a href=\"https:\/\/vignettego.com\/\">Dia\u013eni\u010dn\u00e9 zn\u00e1mky<\/a> s\u00fa <strong>fixn\u00e9 poplatky<\/strong> za \u010dasov\u00e9 obdobie.<\/li>\n\n\n\n<li>Ceny sa l\u00ed\u0161ia <strong>pod\u013ea krajiny<\/strong> a niekedy aj <strong>pod\u013ea triedy vozidla<\/strong> (auto vs. dod\u00e1vka, pravidl\u00e1 pre pr\u00edvesy at\u010f.).<\/li>\n\n\n\n<li>\u010casto budete plati\u0165 v <strong>miestnej mene<\/strong>; n\u00e1kup prostredn\u00edctvom slu\u017eby pre viac kraj\u00edn m\u00f4\u017ee pre preh\u013eadnos\u0165 zobrazi\u0165 <strong>va\u0161u menu<\/strong>.<\/li>\n<\/ul>\n\n<p>Namiesto zapam\u00e4tania si presn\u00fdch \u010d\u00edsel (menia sa), najprv sa rozhodnite pre <strong>trvanie<\/strong> a k\u00fapte si zodpovedaj\u00facu mo\u017enos\u0165 pre ka\u017ed\u00fa krajinu na va\u0161ej trase.<\/p>\n\n<p><\/p>\n\n<hr class=\"wp-block-separator has-alpha-channel-opacity\"\/>\n\n<h2 class=\"wp-block-heading\">N\u00e1kup: krok za krokom, ktor\u00fd jednoducho funguje<\/h2>\n\n<ol class=\"wp-block-list\">\n<li><strong>Uve\u010fte svoje krajiny<\/strong> (len tie s dia\u013eni\u010dn\u00fdmi zn\u00e1mkami).<\/li>\n\n\n\n<li>Pre ka\u017ed\u00fa si vyberte <strong>platnos\u0165<\/strong> (kr\u00e1tkodob\u00e1\/mesa\u010dn\u00e1\/ro\u010dn\u00e1) a <strong>d\u00e1tum za\u010diatku platnosti<\/strong>.<\/li>\n\n\n\n<li>Zadajte <strong>krajinu pozn\u00e1vacej zna\u010dky<\/strong> (napr. CZ\/DE\/AT) a <strong>re\u0165azec pozn\u00e1vacej zna\u010dky<\/strong> presne tak, ako je na va\u0161ej registr\u00e1cii.<\/li>\n\n\n\n<li>Pridajte <strong>kontaktn\u00fd e-mail<\/strong> a <strong>telef\u00f3n<\/strong> (pre potvrdenia a upozornenia).<\/li>\n\n\n\n<li>Bezpe\u010dne zapla\u0165te a skontrolujte <strong>potvrdenie<\/strong> \u2014 uistite sa, \u017ee <strong>pozn\u00e1vacia zna\u010dka<\/strong> a <strong>d\u00e1tumy<\/strong> s\u00fa spr\u00e1vne.<\/li>\n\n\n\n<li><strong>Ulo\u017ete\/vytla\u010dte<\/strong> si potvrdenia (PDF\/\u00fa\u010dtenky).<\/li>\n\n\n\n<li>Ak sa pl\u00e1ny zmenia, skontrolujte, \u010di je mo\u017en\u00e9 va\u0161u dia\u013eni\u010dn\u00fa zn\u00e1mku <strong>upravi\u0165 alebo vr\u00e1ti\u0165<\/strong> (pravidl\u00e1 sa l\u00ed\u0161ia).<\/li>\n<\/ol>\n\n<div style=\"height:30px\" aria-hidden=\"true\" class=\"wp-block-spacer\"><\/div>\n\n<div class=\"wp-block-buttons is-content-justification-center is-layout-flex wp-container-core-buttons-is-layout-a89b3969 wp-block-buttons-is-layout-flex\">\n<div class=\"wp-block-button\"><a class=\"wp-block-button__link wp-element-button\" href=\"https:\/\/vignettego.com\/\">Vysk\u00fa\u0161ajte VignetteGo<\/a><\/div>\n<\/div>\n\n<div style=\"height:30px\" aria-hidden=\"true\" class=\"wp-block-spacer\"><\/div>\n\n<hr class=\"wp-block-separator has-alpha-channel-opacity\"\/>\n\n<h2 class=\"wp-block-heading\">\u010cast\u00e9 \u00faskalia (aby ste sa neu\u010dili na vlastn\u00fdch chyb\u00e1ch)<\/h2>\n\n<ul class=\"wp-block-list\">\n<li><strong>Nespr\u00e1vna pozn\u00e1vacia zna\u010dka<\/strong>: \u201eO\u201c vs \u201e0\u201c, medzera navy\u0161e, nespr\u00e1vny k\u00f3d krajiny \u2014 kamer\u00e1m nebude z\u00e1le\u017ea\u0165 na tom, \u017ee to bol preklep.<\/li>\n\n\n\n<li><strong>Nezhoda d\u00e1tumu\/\u010dasu za\u010diatku platnosti<\/strong>: <a href=\"https:\/\/vignettego.com\/\">e-zn\u00e1mka<\/a> nastaven\u00e1 na <em>zajtra<\/em> v\u00e1s <em>dnes<\/em> neochr\u00e1ni.<\/li>\n\n\n\n<li><strong>Predpoklad, \u017ee jeden preukaz funguje v\u0161ade<\/strong>: nefunguje. Kupujte pre ka\u017ed\u00fa krajinu zvl\u00e1\u0161\u0165. <\/li>\n\n\n\n<li><strong>Jazda na prenajatom vozidle<\/strong>: potvr\u010fte kone\u010dn\u00e9 \u010d\u00edslo pozn\u00e1vacej zna\u010dky (niektor\u00e9 agent\u00fary menia aut\u00e1 na posledn\u00fa chv\u00ed\u013eu).<\/li>\n\n\n\n<li><strong>Viacer\u00ed vodi\u010di<\/strong>: dia\u013eni\u010dn\u00e1 zn\u00e1mka sa vz\u0165ahuje na <strong>auto<\/strong>, nie na osobu.<\/li>\n\n\n\n<li><strong>Pr\u00edvesy\/stre\u0161n\u00e9 boxy<\/strong>: niektor\u00e9 krajiny maj\u00fa \u0161peci\u00e1lne triedy \u2013 pred n\u00e1kupom si pre\u0161tudujte pravidl\u00e1.<\/li>\n<\/ul>\n\n<div style=\"height:30px\" aria-hidden=\"true\" class=\"wp-block-spacer\"><\/div>\n\n<div class=\"wp-block-buttons is-content-justification-center is-layout-flex wp-container-core-buttons-is-layout-a89b3969 wp-block-buttons-is-layout-flex\">\n<div class=\"wp-block-button\"><a class=\"wp-block-button__link wp-element-button\" href=\"https:\/\/vignettego.com\/\">Za\u010dnite teraz \u2013 VignetteGo<\/a><\/div>\n<\/div>\n\n<div style=\"height:30px\" aria-hidden=\"true\" class=\"wp-block-spacer\"><\/div>\n\n<hr class=\"wp-block-separator has-alpha-channel-opacity\"\/>\n\n<h2 class=\"wp-block-heading\"><a href=\"https:\/\/vignettego.com\/\">Dia\u013eni\u010dn\u00e9 zn\u00e1mky<\/a> vs. spoplatnen\u00e9 cesty vs. mestsk\u00e9 poplatky<\/h2>\n\n<ul class=\"wp-block-list\">\n<li><strong>Dia\u013eni\u010dn\u00e1 zn\u00e1mka<\/strong>: \u010dasovo obmedzen\u00fd preukaz pre dia\u013eni\u010dn\u00fa sie\u0165 (eur\u00f3psky \u201epredplatn\u00fd\u201c model).<\/li>\n\n\n\n<li><strong>Spoplatnen\u00e9 cesty<\/strong>: plat\u00edte za vzdialenos\u0165\/\u00faseky (napr. Taliansko, Franc\u00fazsko, \u0160panielsko, \u010dasti Chorv\u00e1tska\/Po\u013eska).<\/li>\n\n\n\n<li><strong>M\u00fdto s vo\u013en\u00fdm tokom<\/strong>: \u017eiadne br\u00e1ny \u2013 kamery pre\u010d\u00edtaj\u00fa va\u0161u pozn\u00e1vaciu zna\u010dku, <strong>plat\u00edte online dodato\u010dne<\/strong> (napr. \u00edrska M50, vybran\u00e9 franc\u00fazske\/portugalsk\u00e9 \u00faseky).<\/li>\n\n\n\n<li><strong>Mestsk\u00e9 poplatky\/poplatky za n\u00edzkoemisn\u00e9 z\u00f3ny<\/strong>: samostatn\u00e9 mestsk\u00e9 poplatky alebo environment\u00e1lne z\u00f3ny \u2013 <strong>nie s\u00fa<\/strong> pokryt\u00e9 dia\u013eni\u010dn\u00fdmi zn\u00e1mkami.<\/li>\n<\/ul>\n\n<p>Pri pl\u00e1novan\u00ed dlhej cesty mo\u017eno budete potrebova\u0165 <strong>kombin\u00e1ciu<\/strong>: dia\u013eni\u010dn\u00fa zn\u00e1mku pre jednu krajinu, <strong>poplatok za most<\/strong> v inej a <strong>mestsk\u00fd poplatok<\/strong> po pr\u00edchode.<\/p>\n\n<p><\/p>\n\n<hr class=\"wp-block-separator has-alpha-channel-opacity\"\/>\n\n<h2 class=\"wp-block-heading\">Jednoduch\u00fd kontroln\u00fd zoznam pred cestou (skop\u00edrujte\/vlo\u017ete toto)<\/h2>\n\n<ul class=\"wp-block-list\">\n<li>Trasa zmapovan\u00e1 s <strong>zoznamom kraj\u00edn<\/strong><\/li>\n\n\n\n<li>Pre ka\u017ed\u00fa krajinu s dia\u013eni\u010dnou zn\u00e1mkou: zvolen\u00e9 <strong>trvanie<\/strong> + <strong>d\u00e1tum za\u010diatku platnosti<\/strong><\/li>\n\n\n\n<li>Potvrden\u00e1 <strong>krajina pozn\u00e1vacej zna\u010dky<\/strong> + <strong>presn\u00e1 pozn\u00e1vacia zna\u010dka<\/strong> (fotografia pom\u00f4\u017ee)<\/li>\n\n\n\n<li>Pridan\u00fd <strong>e-mail a telef\u00f3n<\/strong> pre potvrdenia a pripomienky<\/li>\n\n\n\n<li>PDF s\u00fabory ulo\u017een\u00e9 do telef\u00f3nu \/ cloudu<\/li>\n\n\n\n<li>Ak si prenaj\u00edmate: potvr\u010fte <strong>kone\u010dn\u00fa pozn\u00e1vaciu zna\u010dku<\/strong> pred prekro\u010den\u00edm hran\u00edc<\/li>\n\n\n\n<li>Majte <strong>mal\u00fa hotovostn\u00fa\/kartov\u00fa<\/strong> rezervu pre neo\u010dak\u00e1van\u00e9 m\u00fdta alebo mosty<\/li>\n<\/ul>\n\n<div style=\"height:30px\" aria-hidden=\"true\" class=\"wp-block-spacer\"><\/div>\n\n<div class=\"wp-block-buttons is-content-justification-center is-layout-flex wp-container-core-buttons-is-layout-a89b3969 wp-block-buttons-is-layout-flex\">\n<div class=\"wp-block-button\"><a class=\"wp-block-button__link wp-element-button\" href=\"https:\/\/vignettego.com\/\">Za\u010dnite s VignetteGo<\/a><\/div>\n<\/div>\n\n<div style=\"height:30px\" aria-hidden=\"true\" class=\"wp-block-spacer\"><\/div>\n\n<hr class=\"wp-block-separator has-alpha-channel-opacity\"\/>\n\n<h2 class=\"wp-block-heading\">\u010cast\u00e9 ot\u00e1zky (veci, na ktor\u00e9 sa \u013eudia v\u017edy p\u00fdtaj\u00fa)<\/h2>\n\n<p><strong>Je jedna \u201e<a href=\"https:\/\/vignettego.com\/\">EU dia\u013eni\u010dn\u00e1 zn\u00e1mka<\/a>\u201c platn\u00e1 pre cel\u00fa Eur\u00f3pu?<\/strong><br\/>Nie. Dia\u013eni\u010dn\u00e9 zn\u00e1mky s\u00fa <strong>\u0161pecifick\u00e9 pre jednotliv\u00e9 krajiny<\/strong>. <\/p>\n\n<p><strong>M\u00f4\u017eem zmeni\u0165 d\u00e1tumy alebo dosta\u0165 vr\u00e1tenie pe\u0148az\u00ed?<\/strong><br\/>Niekedy \u00e1no, ale pravidl\u00e1 sa l\u00ed\u0161ia. Niektor\u00e9 digit\u00e1lne preukazy umo\u017e\u0148uj\u00fa <strong>bud\u00face d\u00e1tumy za\u010diatku platnosti<\/strong> a obmedzen\u00e9 zmeny; in\u00e9 s\u00fa <strong>kone\u010dn\u00e9<\/strong> po aktiv\u00e1cii. V\u017edy si skontrolujte podmienky konkr\u00e9tnej krajiny.  <\/p>\n\n<p><strong>Potrebuj\u00fa motocykle dia\u013eni\u010dn\u00e9 zn\u00e1mky?<\/strong><br\/>\u010casto \u00e1no (niekedy za ni\u017e\u0161iu cenu), ale podrobnosti sa l\u00ed\u0161ia v z\u00e1vislosti od krajiny.<\/p>\n\n<p><strong>\u010co sa stane, ak jazd\u00edm bez platnej dia\u013eni\u010dnej zn\u00e1mky?<\/strong><br\/>Automatick\u00e9 vym\u00e1hanie a cestn\u00e9 kontroly m\u00f4\u017eu vies\u0165 k <strong>okam\u017eit\u00fdm poplatkom alebo pokut\u00e1m<\/strong> \u2014 zvy\u010dajne ove\u013ea vy\u0161\u0161\u00edm ako samotn\u00e1 dia\u013eni\u010dn\u00e1 zn\u00e1mka.<\/p>\n\n<p><strong>Pokr\u00fdvaj\u00fa <a href=\"https:\/\/vignettego.com\/\">dia\u013eni\u010dn\u00e9 zn\u00e1mky<\/a> mestsk\u00e9 z\u00e1pchy alebo n\u00edzkoemisn\u00e9 z\u00f3ny?<\/strong><br\/>Nie. Ide o samostatn\u00e9 miestne poplatky s vlastn\u00fdmi pravidlami. <\/p>\n\n<p><\/p>\n\n<hr class=\"wp-block-separator has-alpha-channel-opacity\"\/>\n\n<h2 class=\"wp-block-heading\">Z\u00e1vere\u010dn\u00e9 slovo<\/h2>\n\n<p>Dia\u013eni\u010dn\u00e9 zn\u00e1mky s\u00fa jednoduch\u00e9, ke\u010f pozn\u00e1te vzorec: <strong>krajina \u2192 platnos\u0165 \u2192 pozn\u00e1vacia zna\u010dka \u2192 d\u00e1tum za\u010diatku platnosti \u2192 potvrdenie<\/strong>. Urobte to pre ka\u017ed\u00fa krajinu s dia\u013eni\u010dnou zn\u00e1mkou na va\u0161ej trase a m\u00e1te vyhrat\u00e9.   <\/p>\n\n<p>Ak by ste chceli jedno miesto na vybavenie viacer\u00fdch kraj\u00edn naraz, pou\u017eite slu\u017ebu, ktor\u00e1 podporuje <strong>viacjazy\u010dnos\u0165, viac mien<\/strong>, posiela <strong>potvrdenia vo form\u00e1te PDF<\/strong> a \u2013 ide\u00e1lne \u2013 v\u00e1m pripomenie pred vypr\u0161an\u00edm platnosti v\u00e1\u0161ho preukazu.<\/p>\n\n<p>M\u00f4\u017eete vysk\u00fa\u0161a\u0165 VignetteGo.com:<\/p>\n\n<div style=\"height:30px\" aria-hidden=\"true\" class=\"wp-block-spacer\"><\/div>\n\n<div class=\"wp-block-buttons is-content-justification-center is-layout-flex wp-container-core-buttons-is-layout-a89b3969 wp-block-buttons-is-layout-flex\">\n<div class=\"wp-block-button\"><a class=\"wp-block-button__link wp-element-button\" href=\"https:\/\/vignettego.com\/\">Presk\u00famajte VignetteGo<\/a><\/div>\n<\/div>\n\n<div style=\"height:30px\" aria-hidden=\"true\" class=\"wp-block-spacer\"><\/div>\n\n<h2 class=\"wp-block-heading\">Zna\u010dky:<\/h2>\n\n<p class=\"has-medium-font-size\">dia\u013eni\u010dn\u00e1 zn\u00e1mka, m\u00fdto, <a href=\"https:\/\/vignettego.com\/\">spoplatnen\u00e1 cesta<\/a>, m\u00fdtna br\u00e1na, m\u00fdtna b\u00fadka, m\u00fdtna karta, m\u00fdtny preukaz, m\u00fdtny \u0161t\u00edtok, m\u00fdtny l\u00edstok, cestn\u00e1 da\u0148, cestn\u00fd poplatok, cestn\u00fd preukaz, n\u00e1lepka, povolenie, preukaz, e-zn\u00e1mka, e-zn\u00e1mka, <a href=\"https:\/\/vignettego.com\/\">m\u00fdtna n\u00e1lepka<\/a>, dia\u013eni\u010dn\u00fd preukaz, dia\u013eni\u010dn\u00fd preukaz, preukaz pre auto<\/p>\n\n<p><\/p>\n","protected":false},"excerpt":{"rendered":"<p>Dia\u013eni\u010dn\u00e1 zn\u00e1mka Eur\u00f3pa: kde ju potrebujete a ako ju k\u00fapi\u0165 (sprievodca 2026) Ak pl\u00e1nujete cestu po Eur\u00f3pe, r\u00fdchlo naraz\u00edte na slovo, ktor\u00e9 znie honosne, no v skuto\u010dnosti znamen\u00e1 len \u201epredplaten\u00fd pr\u00edstup na cesty\u201c: dia\u013eni\u010dn\u00e1 zn\u00e1mka. Predstavte si ju ako digit\u00e1lny preukaz prepojen\u00fd s va\u0161ou pozn\u00e1vacou zna\u010dkou, ktor\u00fd v\u00e1m umo\u017e\u0148uje pou\u017e\u00edva\u0165 ur\u010dit\u00e9 dia\u013enice po stanoven\u00fa dobu. [&hellip;]<\/p>\n","protected":false},"author":1,"featured_media":33,"parent":0,"menu_order":0,"comment_status":"open","ping_status":"closed","template":"","meta":{"footnotes":""},"class_list":["post-32","page","type-page","status-publish","has-post-thumbnail","hentry"],"_links":{"self":[{"href":"https:\/\/vignettego.com\/highway-vignette-europe\/sk\/wp-json\/wp\/v2\/pages\/32","targetHints":{"allow":["GET"]}}],"collection":[{"href":"https:\/\/vignettego.com\/highway-vignette-europe\/sk\/wp-json\/wp\/v2\/pages"}],"about":[{"href":"https:\/\/vignettego.com\/highway-vignette-europe\/sk\/wp-json\/wp\/v2\/types\/page"}],"author":[{"embeddable":true,"href":"https:\/\/vignettego.com\/highway-vignette-europe\/sk\/wp-json\/wp\/v2\/users\/1"}],"replies":[{"embeddable":true,"href":"https:\/\/vignettego.com\/highway-vignette-europe\/sk\/wp-json\/wp\/v2\/comments?post=32"}],"version-history":[{"count":1,"href":"https:\/\/vignettego.com\/highway-vignette-europe\/sk\/wp-json\/wp\/v2\/pages\/32\/revisions"}],"predecessor-version":[{"id":34,"href":"https:\/\/vignettego.com\/highway-vignette-europe\/sk\/wp-json\/wp\/v2\/pages\/32\/revisions\/34"}],"wp:featuredmedia":[{"embeddable":true,"href":"https:\/\/vignettego.com\/highway-vignette-europe\/sk\/wp-json\/wp\/v2\/media\/33"}],"wp:attachment":[{"href":"https:\/\/vignettego.com\/highway-vignette-europe\/sk\/wp-json\/wp\/v2\/media?parent=32"}],"curies":[{"name":"wp","href":"https:\/\/api.w.org\/{rel}","templated":true}]}}