{"id":1064,"date":"2026-01-04T01:40:21","date_gmt":"2026-01-04T01:40:21","guid":{"rendered":"https:\/\/vignettego.com\/highway-vignette-europe\/moldavska-dialnicna-znamka-2026-kompletny-sprievodca\/"},"modified":"2026-01-04T12:42:07","modified_gmt":"2026-01-04T12:42:07","slug":"moldavska-dialnicna-znamka-2026-kompletny-sprievodca","status":"publish","type":"page","link":"https:\/\/vignettego.com\/highway-vignette-europe\/sk\/moldavska-dialnicna-znamka-2026-kompletny-sprievodca\/","title":{"rendered":"Moldova Road Vignette 2026: Kompletn\u00fd sprievodca Vinietou"},"content":{"rendered":"\n<script type=\"application\/ld+json\">{\n    \"@context\": \"https:\/\/schema.org\",\n    \"@graph\": [\n        {\n            \"@type\": \"Article\",\n            \"@id\": \"https:\/\/vignettego.com\/highway-vignette-europe\/moldova-highway-vignette-guide\/#article\",\n            \"headline\": \"Moldova Road Vignette 2026: Complete Vinieta Guide\",\n            \"description\": \"Everything about the Moldovan road vignette system (Vinieta). Learn about pricing, validity, where to buy, road conditions, and travel tips for driving in Moldova.\",\n            \"image\": \"https:\/\/vignettego.com\/highway-vignette-europe\/wp-content\/uploads\/2026\/09\/Highway-Vignette-Europe.jpg\",\n            \"datePublished\": \"2026-01-04\",\n            \"dateModified\": \"2026-01-04\",\n            \"author\": {\"@type\": \"Organization\", \"name\": \"VignetteGo\", \"url\": \"https:\/\/vignettego.com\"},\n            \"publisher\": {\"@type\": \"Organization\", \"name\": \"VignetteGo\"},\n            \"mainEntityOfPage\": {\"@type\": \"WebPage\", \"@id\": \"https:\/\/vignettego.com\/highway-vignette-europe\/moldova-highway-vignette-guide\/\"},\n            \"articleSection\": \"Highway Vignettes\",\n            \"keywords\": [\"Moldova vignette\", \"Vinieta Moldova\", \"Moldova road toll\", \"Moldovan road pass\", \"driving in Moldova\"],\n            \"inLanguage\": \"en\",\n            \"speakable\": {\"@type\": \"SpeakableSpecification\", \"cssSelector\": [\".article-intro\", \"#faq-section\"]}\n        },\n        {\n            \"@type\": \"BreadcrumbList\",\n            \"itemListElement\": [\n                {\"@type\": \"ListItem\", \"position\": 1, \"name\": \"VignetteGo\", \"item\": \"https:\/\/vignettego.com\/\"},\n                {\"@type\": \"ListItem\", \"position\": 2, \"name\": \"Highway Vignette Europe\", \"item\": \"https:\/\/vignettego.com\/highway-vignette-europe\/\"},\n                {\"@type\": \"ListItem\", \"position\": 3, \"name\": \"Moldova Guide\", \"item\": \"https:\/\/vignettego.com\/highway-vignette-europe\/moldova-highway-vignette-guide\/\"}\n            ]\n        },\n        {\n            \"@type\": \"FAQPage\",\n            \"mainEntity\": [\n                {\"@type\": \"Question\", \"name\": \"How much does the Moldovan road vignette cost?\", \"acceptedAnswer\": {\"@type\": \"Answer\", \"text\": \"The Moldovan vinieta costs approximately EUR 4-5 for 7 days, EUR 6-8 for 15 days, and EUR 15-20 for an annual vignette. This makes it one of Europe most affordable road toll systems.\"}},\n                {\"@type\": \"Question\", \"name\": \"Do I need a vignette to drive in Moldova?\", \"acceptedAnswer\": {\"@type\": \"Answer\", \"text\": \"Yes, all foreign-registered vehicles require a valid road vignette (vinieta rutier\u0103) to drive on Moldovan national roads. The vignette can be purchased online or at border crossings.\"}},\n                {\"@type\": \"Question\", \"name\": \"Can I buy the Moldovan vignette online?\", \"acceptedAnswer\": {\"@type\": \"Answer\", \"text\": \"Yes, you can purchase the Moldovan vinieta online through VignetteGo or official Moldovan portals. The vignette is valid immediately after purchase and is linked to your license plate.\"}},\n                {\"@type\": \"Question\", \"name\": \"What are the road conditions like in Moldova?\", \"acceptedAnswer\": {\"@type\": \"Answer\", \"text\": \"Main roads in Moldova are generally acceptable but can be rough in places. Rural roads often have potholes. Drive carefully, especially at night, and be aware of horse-drawn carts in rural areas.\"}},\n                {\"@type\": \"Question\", \"name\": \"Is Moldova safe for road trips?\", \"acceptedAnswer\": {\"@type\": \"Answer\", \"text\": \"Yes, Moldova is generally safe for tourists. The main concerns are road conditions and the unrecognized region of Transnistria. Stick to main routes and purchase comprehensive insurance.\"}}\n            ]\n        }\n    ]\n}\n<\/script>\n\n<figure class=\"wp-block-image aligncenter size-large\"><img decoding=\"async\" src=\"https:\/\/vignettego.com\/highway-vignette-europe\/wp-content\/uploads\/2026\/09\/Highway-Vignette-Europe.jpg\" alt=\"Moldova Road Vignette 2026 &#x2013; Kompletn&#xFD; sprievodca syst&#xE9;mom Vinieta v Moldavsku\" style=\"width:100%; height:auto; margin-bottom:20px;\"\/><\/figure>\n\n<p class=\"article-intro\">Moldavsko zost\u00e1va jednou z najmenej nav\u0161tevovan\u00fdch eur\u00f3pskych kraj\u00edn \u2013 no to sa r\u00fdchlo men\u00ed, ke\u010f dobrodru\u017en\u00ed cestovatelia objavuj\u00fa jeho svetovej \u00farovne vin\u00e1rske regi\u00f3ny, jedine\u010dn\u00e9 sovietske dedi\u010dstvo, srde\u010dn\u00fa pohostinnos\u0165 a prekvapivo bohat\u00fa kult\u00faru. Ak pl\u00e1nujete cestu autom k tomuto skryt\u00e9mu klenotu, budete musie\u0165 pozna\u0165 <strong>moldavsk\u00fd syst\u00e9m cestn\u00fdch viniet,<\/strong> miestne naz\u00fdvan\u00fd <strong>vinieta rutier\u0103<\/strong>. Tento komplexn\u00fd sprievodca pokr\u00fdva v\u0161etko, \u010do potrebujete vedie\u0165 o \u0161of\u00e9rovan\u00ed v Moldavsku v roku 2026, od k\u00fapy viniety a\u017e po orient\u00e1ciu po vidieckych cest\u00e1ch a objavovanie jej skryt\u00fdch pokladov.  <\/p>\n\n<div style=\"height:25px\" aria-hidden=\"true\" class=\"wp-block-spacer\"><\/div>\n\n<div class=\"wp-block-buttons is-content-justification-center is-layout-flex wp-container-core-buttons-is-layout-a89b3969 wp-block-buttons-is-layout-flex\">\n<div class=\"wp-block-button\"><a class=\"wp-block-button__link wp-element-button\" href=\"https:\/\/vignettego.com\/\" style=\"background-color:#0066cc;color:#ffffff;padding:15px 30px;font-size:18px;border-radius:8px;\">\ud83d\ude97 Z\u00edskajte svoju moldavsk\u00fa Vinietu na VignetteGo<\/a><\/div>\n<\/div>\n\n<div style=\"height:25px\" aria-hidden=\"true\" class=\"wp-block-spacer\"><\/div>\n\n<h2 class=\"wp-block-heading\">\ud83c\uddf2\ud83c\udde9 \u010co je moldavsk\u00e1 Vinieta?<\/h2>\n\n<p>Moldavsko prev\u00e1dzkuje <strong>elektronick\u00fd syst\u00e9m cestn\u00fdch viniet<\/strong> (vinieta rutier\u0103) pre v\u0161etky zahrani\u010dn\u00e9 vozidl\u00e1 vyu\u017e\u00edvaj\u00face moldavsk\u00e9 \u0161t\u00e1tne cesty. Vignette je \u010dasovo viazan\u00e9 m\u00fdto, ktor\u00e9 v\u00e1m d\u00e1va pr\u00e1vo vyu\u017e\u00edva\u0165 sie\u0165 vidieckych ciest. Rovnako ako v\u00e4\u010d\u0161ina modern\u00fdch eur\u00f3pskych syst\u00e9mov, <strong>moldavsk\u00e1 vinieta je plne digit\u00e1lna<\/strong> \u2013 va\u0161a eviden\u010dn\u00e1 zna\u010dka je zaregistrovan\u00e1 v datab\u00e1ze a kontrolovan\u00e1 org\u00e1nmi presadzovania z\u00e1kona.  <\/p>\n\n<p>Syst\u00e9m bol v posledn\u00fdch rokoch modernizovan\u00fd, aby bol pr\u00edstupnej\u0161\u00ed zahrani\u010dn\u00fdm n\u00e1v\u0161tevn\u00edkom. Teraz si m\u00f4\u017eete zak\u00fapi\u0165 svoju vinietu online e\u0161te pred pr\u00edchodom do Moldavska, \u010d\u00edm eliminujete mo\u017en\u00e9 me\u0161kania na hrani\u010dn\u00fdch priechodoch. Vignette nadob\u00fada platnos\u0165 okam\u017eite po k\u00fape alebo od ur\u010den\u00e9ho d\u00e1tumu za\u010diatku.  <\/p>\n\n<h2 class=\"wp-block-heading\">\ud83d\udccb Ceny moldavsk\u00fdch viniet 2026<\/h2>\n\n<p>Moldavsko pon\u00faka jedny z najdostupnej\u0161\u00edch m\u00fdtnych ciest v Eur\u00f3pe, \u010do z neho rob\u00ed cenovo dostupn\u00fa destin\u00e1ciu na cesty autom. Tu s\u00fa aktu\u00e1lne cenov\u00e9 mo\u017enosti: <\/p>\n\n<figure class=\"wp-block-table\"><table><thead><tr><th>Obdobie platnosti<\/th><th>Aut\u00e1 (do 3,5t)<\/th><th>Pribli\u017ene EUR <\/th><\/tr><\/thead><tbody><tr><td><strong>7 dn\u00ed<\/strong><\/td><td>80-100 MDL<\/td><td>~EUR 4-5<\/td><\/tr><tr><td><strong>15 dn\u00ed<\/strong><\/td><td>120-150 MDL<\/td><td>~EUR 6-8<\/td><\/tr><tr><td><strong>30 dn\u00ed<\/strong><\/td><td>200-250 MDL<\/td><td>~EUR 10-13<\/td><\/tr><tr><td><strong>Ro\u010denka<\/strong><\/td><td>300-400 MDL<\/td><td>~EUR 15-20<\/td><\/tr><\/tbody><\/table><\/figure>\n\n<p><strong>Pozn\u00e1mka:<\/strong> Ceny s\u00fa v\u00fdsti\u017en\u00e9 a m\u00f4\u017eu sa mierne l\u00ed\u0161i\u0165. Kurz moldavsk\u00e9ho leu (MDL) kol\u00ed\u0161e, ale 1 EUR je pribli\u017ene 19-20 MDL. <\/p>\n\n<div style=\"height:25px\" aria-hidden=\"true\" class=\"wp-block-spacer\"><\/div>\n\n<div class=\"wp-block-buttons is-content-justification-center is-layout-flex wp-container-core-buttons-is-layout-a89b3969 wp-block-buttons-is-layout-flex\">\n<div class=\"wp-block-button\"><a class=\"wp-block-button__link wp-element-button\" href=\"https:\/\/vignettego.com\/\" style=\"background-color:#28a745;color:#ffffff;padding:15px 30px;font-size:18px;border-radius:8px;\">\u2705 Z\u00edskajte eur\u00f3pske viniety \u2013 vr\u00e1tane Moldavska \u2013 na VignetteGo<\/a><\/div>\n<\/div>\n\n<div style=\"height:25px\" aria-hidden=\"true\" class=\"wp-block-spacer\"><\/div>\n\n<h2 class=\"wp-block-heading\">\ud83d\udee3\ufe0f Moldavsk\u00e1 cestn\u00e1 sie\u0165<\/h2>\n\n<p>Moldavsko je mal\u00e1 krajina (pribli\u017ene ve\u013ek\u00e1 ako Belgicko) s relat\u00edvne jednoduchou cestnou sie\u0165ou. Neexistuj\u00fa dia\u013enice v tradi\u010dnom zmysle \u2013 krajina sa spolieha na n\u00e1rodn\u00e9 cesty (M-cesty) a region\u00e1lne cesty (R-cesty). Tu s\u00fa hlavn\u00e9 trasy:  <\/p>\n\n<h3 class=\"wp-block-heading\">M1 \u2013 Hlavn\u00e1 v\u00fdchodo-z\u00e1padn\u00e1 trasa<\/h3>\n\n<p>Hlavn\u00e1 medzin\u00e1rodn\u00e1 <strong>trasa sp\u00e1jaj\u00faca rumunsk\u00fa hranicu (Leu\u0219eni) s Ki\u0161i\u0148ovom a \u010falej s ukrajinskou hranicou<\/strong>. Toto je hlavn\u00e1 tepna pre medzin\u00e1rodn\u00fa dopravu a vo v\u0161eobecnosti je v primeranom stave. Celkov\u00e1 d\u013a\u017eka cez Moldavsko: pribli\u017ene 180 km.  <\/p>\n\n<h3 class=\"wp-block-heading\">M2 \u2013 Severn\u00e1 trasa<\/h3>\n\n<p>Vedie z <strong>Ki\u0161i\u0148ova na sever do B\u0103l\u021bi<\/strong> (druh\u00e9 najv\u00e4\u010d\u0161ie mesto Moldavska) a pokra\u010duje a\u017e k ukrajinskej hranici. D\u00f4le\u017eit\u00e9 pre cestovate\u013eov smeruj\u00facich do severnej Ukrajiny alebo z nej. D\u013a\u017eka: pribli\u017ene 140 km.  <\/p>\n\n<h3 class=\"wp-block-heading\">M3 \u2013 Ju\u017en\u00e1 trasa<\/h3>\n\n<p>Sp\u00e1ja <strong>Ki\u0161i\u0148ov s ju\u017enou auton\u00f3mnou oblas\u0165ou Gagauz<\/strong> a rumunskou hranicou pri Giurgiule\u0219ti (moldavsk\u00fd mal\u00fd dunajsk\u00fd pr\u00edstav). T\u00fato trasu vyu\u017e\u00edvaj\u00fa cestuj\u00faci smeruj\u00faci do\/z Bukure\u0161ti cez ju\u017en\u00e9 Rumunsko. <\/p>\n\n<h3 class=\"wp-block-heading\">M4 \u2013 V\u00ednna trasa<\/h3>\n\n<p>Sp\u00e1ja Ki\u0161i\u0148ov s Orhei (domovom sl\u00e1vneho jaskynn\u00e9ho kl\u00e1\u0161tora Orheiul Vechi) a \u010falej. Je to ob\u013e\u00faben\u00e1 turistick\u00e1 trasa na n\u00e1v\u0161tevu vin\u00e1rskych oblast\u00ed a historick\u00fdch miest. <\/p>\n\n<h2 class=\"wp-block-heading\">\ud83d\udcbb Ako k\u00fapi\u0165 moldavsk\u00fa Vinietu<\/h2>\n\n<p>K\u00fapa va\u0161ej moldavskej viniety je jednoduch\u00e1. Tu s\u00fa va\u0161e mo\u017enosti: <\/p>\n\n<h3 class=\"wp-block-heading\">Mo\u017enos\u0165 1: Online cez VignetteGo (odpor\u00fa\u010dan\u00e9)<\/h3>\n\n<ol class=\"wp-block-list\">\n<li>Nav\u0161t\u00edvte <a href=\"https:\/\/vignettego.com\/\" title=\"K&#xFA;pte si moldavsk&#xFA; vinietu online\">VignetteGo.com<\/a><\/li>\n<li>Vyberte si Moldavsko a po\u017eadovan\u00fa dobu platnosti<\/li>\n<li>Zadajte \u00fadaje o registr\u00e1cii vozidla (\u0160PZ)<\/li>\n<li>Kompletn\u00e1 bezpe\u010dn\u00e1 platba<\/li>\n<li>Z\u00edskajte okam\u017eit\u00e9 potvrdenie \u2013 platn\u00e9 okam\u017eite!<\/li>\n<\/ol>\n\n<p><strong>Pre\u010do VignetteGo?<\/strong>  Podpora pre viacer\u00fdch jazykov, jednoduch\u00e9 rozhranie, mo\u017enos\u0165 nakupova\u0165 viniety pre Rumunsko a \u010fal\u0161ie krajiny v jednej transakcii (nevyhnutn\u00e9 pre v\u00e4\u010d\u0161inu ciest do Moldavska) a spo\u013eahliv\u00e1 z\u00e1kazn\u00edcka podpora.<\/p>\n\n<h3 class=\"wp-block-heading\">Mo\u017enos\u0165 2: Na hrani\u010dn\u00fdch priechodoch<\/h3>\n\n<p>Vignety je mo\u017en\u00e9 zak\u00fapi\u0165 na hrani\u010dn\u00fdch priechodoch v Moldavsku. To v\u0161ak m\u00f4\u017ee zah\u0155\u0148a\u0165 fronty a potenci\u00e1lne komunika\u010dn\u00e9 probl\u00e9my. Odpor\u00fa\u010dame nakupova\u0165 online vopred.  <\/p>\n\n<h3 class=\"wp-block-heading\">Mo\u017enos\u0165 3: \u010cerpacie stanice a po\u0161ty<\/h3>\n\n<p>V r\u00e1mci Moldavska je mo\u017en\u00e9 zak\u00fapi\u0165 viniety na \u010derpac\u00edch staniciach Petrom a Lukoil, ako aj na po\u0161t\u00e1ch vo ve\u013ek\u00fdch mest\u00e1ch.<\/p>\n\n<div style=\"height:25px\" aria-hidden=\"true\" class=\"wp-block-spacer\"><\/div>\n\n<div class=\"wp-block-buttons is-content-justification-center is-layout-flex wp-container-core-buttons-is-layout-a89b3969 wp-block-buttons-is-layout-flex\">\n<div class=\"wp-block-button\"><a class=\"wp-block-button__link wp-element-button\" href=\"https:\/\/vignettego.com\/\" style=\"background-color:#ff6600;color:#ffffff;padding:15px 30px;font-size:18px;border-radius:8px;\">\ud83d\uded2 K\u00fapte si svoju moldavsk\u00fa Vinietu u\u017e teraz \u2013 vyhnite sa me\u0161kaniam na hraniciach<\/a><\/div>\n<\/div>\n\n<div style=\"height:25px\" aria-hidden=\"true\" class=\"wp-block-spacer\"><\/div>\n\n<h2 class=\"wp-block-heading\">\ud83d\uddfa\ufe0f Cesta autom do Moldavska<\/h2>\n\n<p>V\u00e4\u010d\u0161ina n\u00e1v\u0161tevn\u00edkov prich\u00e1dza do Moldavska autom z Rumunska alebo Ukrajiny. Tu s\u00fa hlavn\u00e9 trasy a hrani\u010dn\u00e9 prechody: <\/p>\n\n<h3 class=\"wp-block-heading\">Z Rumunska (najbe\u017enej\u0161ia trasa)<\/h3>\n\n<p><strong>Bukure\u0161\u0165 a\u017e Ki\u0161i\u0148ov:<\/strong> ~450 km, 7-8 hod\u00edn cez hrani\u010dn\u00fd priechod Albi\u021ba-Leu\u0219eni. Toto je najpopul\u00e1rnej\u0161ia trasa a prechod hranice je vo v\u0161eobecnosti efekt\u00edvny. <\/p>\n\n<p><strong>Alternat\u00edvne prechody:<\/strong><\/p>\n\n<ul class=\"wp-block-list\">\n<li><strong>Sculeni:<\/strong> Severn\u00fd prechod, vhodn\u00fd na dosiahnutie B\u0103l\u021bi<\/li>\n<li><strong>Giurgiule\u0219ti:<\/strong> Ju\u017en\u00fd prechod cez Dunaj<\/li>\n<li><strong>Gala\u021bi-Giurgiule\u0219ti:<\/strong> Trajektov\u00e9 prechody (sez\u00f3nne)<\/li>\n<\/ul>\n\n<p><strong>D\u00f4le\u017eit\u00e9:<\/strong> Na cestu po Rumunsku budete potrebova\u0165 <a href=\"https:\/\/vignettego.com\/highway-vignette-europe\/sk\/rumunska-dialnicna-znamka-2026-kompletny-sprievodca\/\">rumunsk\u00fa Rovinietu<\/a> Aj moldavsk\u00fa Vinietu. K\u00fapte si oboje na <a href=\"https:\/\/vignettego.com\/\" title=\"Eur&#xF3;pske viniety\">VignetteGo<\/a> v jednej transakcii. <\/p>\n\n<h3 class=\"wp-block-heading\">Z Ukrajiny<\/h3>\n\n<p>Medzi Ukrajinou a Moldavskom existuje nieko\u013eko hrani\u010dn\u00fdch priechodov, pri\u010dom hlavn\u00e9 s\u00fa v Palanca (juh) a r\u00f4zne priechody pri Tiraspole (pozor na Podnestersko \u2013 vi\u010f ni\u017e\u0161ie).<\/p>\n\n<h2 class=\"wp-block-heading\">\u26a0\ufe0f \u0160peci\u00e1lna pozn\u00e1mka: Podnestersko<\/h2>\n\n<p>\u00dazky p\u00e1s Moldavska v\u00fdchodne od rieky Dnester ovl\u00e1da neuznan\u00fd odtrhnut\u00fd regi\u00f3n <strong>Podnestersko<\/strong> (ofici\u00e1lne Pridnestrovsk\u00e1 moldavsk\u00e1 republika). Aj ke\u010f s\u00fa turistick\u00e9 n\u00e1v\u0161tevy mo\u017en\u00e9 a vo v\u0161eobecnosti bezpe\u010dn\u00e9, majte na pam\u00e4ti: <\/p>\n\n<ul class=\"wp-block-list\">\n<li>Budete sa musie\u0165 zaregistrova\u0165 na hranici a mo\u017eno dostanete migra\u010dn\u00fd preukaz<\/li>\n<li>Regi\u00f3n pou\u017e\u00edva vlastn\u00fa menu a m\u00e1 vlastn\u00e9 pravidl\u00e1<\/li>\n<li>Va\u0161e cestovn\u00e9 poistenie nemus\u00ed pokr\u00fdva\u0165 tento regi\u00f3n<\/li>\n<li>Niektor\u00e9 krajiny tam neodpor\u00fa\u010daj\u00fa cestova\u0165<\/li>\n<\/ul>\n\n<p>Ak pr\u00e1ve prech\u00e1dzate (napr. autom z Ukrajiny do Ki\u0161i\u0148ova najkrat\u0161ou trasou), kr\u00e1tko prejdete cez Podnestersko. Zvy\u010dajne je to bezprobl\u00e9mov\u00e9, ale m\u00f4\u017ee to pred\u013a\u017ei\u0165 va\u0161u cestu. <\/p>\n\n<div style=\"height:25px\" aria-hidden=\"true\" class=\"wp-block-spacer\"><\/div>\n\n<div class=\"wp-block-buttons is-content-justification-center is-layout-flex wp-container-core-buttons-is-layout-a89b3969 wp-block-buttons-is-layout-flex\">\n<div class=\"wp-block-button\"><a class=\"wp-block-button__link wp-element-button\" href=\"https:\/\/vignettego.com\/\" style=\"background-color:#9c27b0;color:#ffffff;padding:15px 30px;font-size:18px;border-radius:8px;\">\ud83c\udf0d Napl\u00e1nujte si svoju v\u00fdchodoeur\u00f3psku cestu autom s VignetteGo<\/a><\/div>\n<\/div>\n\n<div style=\"height:25px\" aria-hidden=\"true\" class=\"wp-block-spacer\"><\/div>\n\n<h2 class=\"wp-block-heading\">\ud83d\udca1 Tipy na jazdu v Moldavsku na rok 2026<\/h2>\n\n<h3 class=\"wp-block-heading\">Stav ciest<\/h3>\n\n<p>Bu\u010fte pripraven\u00ed na premenliv\u00e9 podmienky na cest\u00e1ch. Hlavn\u00e9 cesty (M-cesty) s\u00fa vo v\u0161eobecnosti prijate\u013en\u00e9, ale o\u010dak\u00e1vajte: <\/p>\n\n<ul class=\"wp-block-list\">\n<li>V\u00fdtlky, aj na hlavn\u00fdch cest\u00e1ch<\/li>\n<li>Drsn\u00e9 povrchy na region\u00e1lnych cest\u00e1ch<\/li>\n<li>Obmedzen\u00e9 osvetlenie na vidieckych cest\u00e1ch v noci<\/li>\n<li>Konsk\u00e9 povozy a po\u013enohospod\u00e1rske vozidl\u00e1 vo vidieckych oblastiach<\/li>\n<\/ul>\n\n<p><strong>Odpor\u00fa\u010danie:<\/strong> Jazdite po\u010das denn\u00e9ho svetla, ak je to mo\u017en\u00e9, najm\u00e4 po nezn\u00e1mych tras\u00e1ch.<\/p>\n\n<h3 class=\"wp-block-heading\">Mena a platby<\/h3>\n\n<p>Moldavsko pou\u017e\u00edva <strong>moldavsk\u00fd leu (MDL).<\/strong> Zatia\u013e \u010do kreditn\u00e9 karty s\u00fa v Ki\u0161i\u0148ove \u010doraz viac akceptovan\u00e9, obsahuj\u00fa hotovos\u0165 pre vidiecke oblasti, men\u0161ie re\u0161taur\u00e1cie a niektor\u00e9 \u010derpacie stanice. Bankomaty s\u00fa dostupn\u00e9 v mest\u00e1ch. V\u00fdmenn\u00fd kurz: pribli\u017ene 1 EUR = 19-20 MDL.   <\/p>\n\n<h3 class=\"wp-block-heading\">R\u00fdchlostn\u00e9 limity<\/h3>\n\n<ul class=\"wp-block-list\">\n<li><strong>N\u00e1rodn\u00e9 cesty:<\/strong> 90 km\/h<\/li>\n<li><strong>Mestsk\u00e9 oblasti:<\/strong> 50 km\/h<\/li>\n<li><strong>Reziden\u010dn\u00e9 z\u00f3ny:<\/strong> 20-30 km\/h<\/li>\n<\/ul>\n\n<h3 class=\"wp-block-heading\">Palivo<\/h3>\n\n<p>Ceny pal\u00edv v Moldavsku s\u00fa mierne. Medzi hlavn\u00e9 re\u0165azce \u010derpac\u00edch stan\u00edc patria Petrom, Lukoil a Bemol. \u010cerpacie stanice v mest\u00e1ch s\u00fa modern\u00e9 a prij\u00edmaj\u00fa karty; vidiecke stanice m\u00f4\u017eu by\u0165 z\u00e1kladnej\u0161ie.  <\/p>\n\n<h3 class=\"wp-block-heading\">Po\u017eadovan\u00e9 dokumenty<\/h3>\n\n<ul class=\"wp-block-list\">\n<li>Platn\u00fd vodi\u010dsk\u00fd preukaz (akceptovan\u00fd preukaz E\u00da; in\u00ed m\u00f4\u017eu potrebova\u0165 medzin\u00e1rodn\u00e9 povolenie)<\/li>\n<li>Doklad o registr\u00e1cii vozidla<\/li>\n<li>Platn\u00e9 poistenie (odpor\u00fa\u010da sa zelen\u00e1 karta)<\/li>\n<li>Valid vinieta<\/li>\n<li>Pas na hrani\u010dn\u00e9 prechody<\/li>\n<\/ul>\n\n<h2 class=\"wp-block-heading\" id=\"faq-section\">\u2753 \u010casto kladen\u00e9 ot\u00e1zky<\/h2>\n\n<h3 class=\"wp-block-heading\">Je Moldavsko bezpe\u010dn\u00e9 pre turistov?<\/h3>\n\n<p>\u00c1no, Moldavsko je vo v\u0161eobecnosti bezpe\u010dn\u00e9 pre turistov. Drobn\u00e1 kriminalita existuje (ako v\u0161ade), ale n\u00e1siln\u00e1 kriminalita vo\u010di turistom je zriedkav\u00e1. Hlavn\u00fdmi obavami s\u00fa bezpe\u010dnos\u0165 na cest\u00e1ch (zl\u00e9 podmienky ciest, agres\u00edvni vodi\u010di) a nevyrie\u0161en\u00e1 situ\u00e1cia v Podnestersku.  <\/p>\n\n<h3 class=\"wp-block-heading\">Potrebujem v\u00edzum na n\u00e1v\u0161tevu Moldavska?<\/h3>\n\n<p>Ob\u010dania E\u00da, Ameri\u010dania, Kana\u010fania, Austr\u00e1l\u010dania a mnoh\u00ed \u010fal\u0161\u00ed m\u00f4\u017eu nav\u0161t\u00edvi\u0165 Moldavsko bez v\u00edz a\u017e na 90 dn\u00ed. Pred cestou si skontrolujte aktu\u00e1lne po\u017eiadavky na va\u0161u n\u00e1rodnos\u0165. <\/p>\n\n<h3 class=\"wp-block-heading\">\u010co je v Moldavsku na vidie\u0165?<\/h3>\n\n<p>Medzi hlavn\u00e9 atrakcie Moldavska patria:<\/p>\n\n<ul class=\"wp-block-list\">\n<li><strong>Vin\u00e1rske pivnice:<\/strong> Mile\u0219tii Mici (najv\u00e4\u010d\u0161ia vin\u00e1rska pivnica na svete), Cricova (podzemn\u00e9 vin\u00e1rske mesto)<\/li>\n<li><strong>Orheiul Vechi:<\/strong> Ohromuj\u00faci komplex jaskynn\u00e9ho kl\u00e1\u0161tora<\/li>\n<li><strong>Ki\u0161i\u0148ov:<\/strong> Zelen\u00e9 hlavn\u00e9 mesto s parkmi, m\u00fazeami a kaviar\u0148ami<\/li>\n<li><strong>Soroca:<\/strong> Historick\u00e1 pevnos\u0165 a r\u00f3mska komunita<\/li>\n<li><strong>Podnestersko:<\/strong> \u010casov\u00e1 kapsula sovietskeho regi\u00f3nu (pre dobrodru\u017en\u00fdch cestovate\u013eov)<\/li>\n<\/ul>\n\n<h3 class=\"wp-block-heading\">Kedy je najlep\u0161\u00ed \u010das na n\u00e1v\u0161tevu Moldavska?<\/h3>\n\n<p>Najlep\u0161ie obdobie je <strong>od m\u00e1ja do okt\u00f3bra<\/strong>, pri\u010dom september-okt\u00f3ber s\u00fa obzvl\u00e1\u0161\u0165 kr\u00e1sne po\u010das zberu hrozna a v\u00ednnych festivalov. Let\u00e1 m\u00f4\u017eu by\u0165 hor\u00face; Zimy s\u00fa chladn\u00e9. <\/p>\n\n<div style=\"height:25px\" aria-hidden=\"true\" class=\"wp-block-spacer\"><\/div>\n\n<div class=\"wp-block-buttons is-content-justification-center is-layout-flex wp-container-core-buttons-is-layout-a89b3969 wp-block-buttons-is-layout-flex\">\n<div class=\"wp-block-button\"><a class=\"wp-block-button__link wp-element-button\" href=\"https:\/\/vignettego.com\/\" style=\"background-color:#e91e63;color:#ffffff;padding:15px 30px;font-size:18px;border-radius:8px;\">\ud83d\ude97 Z\u00edskajte svoje eur\u00f3pske dia\u013eni\u010dn\u00e9 viniety na VignetteGo \u2192<\/a><\/div>\n<\/div>\n\n<div style=\"height:25px\" aria-hidden=\"true\" class=\"wp-block-spacer\"><\/div>\n\n<h2 class=\"wp-block-heading\">\ud83c\udf77 Pre\u010do nav\u0161t\u00edvi\u0165 Moldavsko?<\/h2>\n\n<p>Moldavsko pon\u00faka jedine\u010dn\u00fd cestovate\u013esk\u00fd z\u00e1\u017eitok, ak\u00fd nem\u00e1 obdobu nikde inde v Eur\u00f3pe:<\/p>\n\n<ul class=\"wp-block-list\">\n<li><strong>V\u00edno svetovej \u00farovne:<\/strong> Jedna z najstar\u0161\u00edch vin\u00e1rskych oblast\u00ed na svete s neuverite\u013en\u00fdmi podzemn\u00fdmi pivnicami<\/li>\n<li><strong>Autentick\u00e1 kult\u00fara:<\/strong> Tradi\u010dn\u00e9 dediny, srde\u010dn\u00e1 pohostinnos\u0165 a skuto\u010dn\u00e9 z\u00e1\u017eitky<\/li>\n<li><strong>Mimo vy\u0161liapan\u00fdch ciest:<\/strong> Ve\u013emi m\u00e1lo turistov znamen\u00e1 autentick\u00e9 interakcie<\/li>\n<li><strong>Cenovo dostupn\u00e9:<\/strong> Jedna z najdostupnej\u0161\u00edch destin\u00e1ci\u00ed v Eur\u00f3pe<\/li>\n<li><strong>Jedine\u010dn\u00e1 hist\u00f3ria:<\/strong> Fascinuj\u00faca zmes rumunsk\u00fdch, rusk\u00fdch a sovietskych vplyvov<\/li>\n<li><strong>Priate\u013esk\u00ed \u013eudia:<\/strong> Moldavci s\u00fa zn\u00e1mi svojou pohostinnos\u0165ou<\/li>\n<\/ul>\n\n<h2 class=\"wp-block-heading\">\ud83d\udccd Z\u00e1ver<\/h2>\n\n<p>Moldavsko je podce\u0148ovan\u00fd klenot, ktor\u00fd \u010dak\u00e1 na objavenie. Syst\u00e9m cestn\u00fdch viniet je jednoduch\u00fd a cenovo dostupn\u00fd \u2013 len p\u00e1r eur za t\u00fd\u017edenn\u00fd l\u00edstok. V kombin\u00e1cii s neuverite\u013ene lacnou <a href=\"https:\/\/vignettego.com\/highway-vignette-europe\/sk\/rumunska-dialnicna-znamka-2026-kompletny-sprievodca\/\">rumunskou Rovinietou<\/a> m\u00f4\u017eete presk\u00fama\u0165 tento k\u00fat Eur\u00f3py s minim\u00e1lnym rozpo\u010dtom.  <\/p>\n\n<p>Pre najpohodlnej\u0161\u00ed z\u00e1\u017eitok si k\u00fapte moldavsk\u00fa vinietu vo <a href=\"https:\/\/vignettego.com\/\" title=\"VignetteGo - eur&#xF3;pske dia&#x13E;ni&#x10D;n&#xE9; sc&#xE9;ny\">VignetteGo<\/a> e\u0161te pred cestou. M\u00f4\u017eete z\u00edska\u0165 vignetty pre Moldavsko, Rumunsko a ak\u00e9ko\u013evek \u010fal\u0161ie krajiny na va\u0161ej trase v jednej jednoduchej transakcii. <\/p>\n\n<p><strong>Objavte Moldavsko! \ud83c\uddf2\ud83c\udde9\ud83c\udf77 <\/strong><\/p>\n\n<p><strong>S\u00favisiace sprievodky:<\/strong> <a href=\"https:\/\/vignettego.com\/highway-vignette-europe\/sk\/rumunska-dialnicna-znamka-2026-kompletny-sprievodca\/\">Romania Rovinieta<\/a> | Bulgaria <a href=\"https:\/\/vignettego.com\/highway-vignette-europe\/sk\/bulharska-dialnicna-znamka-2026-kompletny-sprievodca\/\">E-Vignette<\/a> | <a href=\"https:\/\/vignettego.com\/\">V\u0161etky eur\u00f3pske pr\u00edbehy<\/a><\/p>\n","protected":false},"excerpt":{"rendered":"<p>Moldavsko zost\u00e1va jednou z najmenej nav\u0161tevovan\u00fdch eur\u00f3pskych kraj\u00edn \u2013 no to sa r\u00fdchlo men\u00ed, ke\u010f dobrodru\u017en\u00ed cestovatelia objavuj\u00fa jeho svetovej \u00farovne vin\u00e1rske regi\u00f3ny, jedine\u010dn\u00e9 sovietske dedi\u010dstvo, srde\u010dn\u00fa pohostinnos\u0165 a prekvapivo bohat\u00fa kult\u00faru. Ak pl\u00e1nujete cestu autom k tomuto skryt\u00e9mu klenotu, budete musie\u0165 pozna\u0165 moldavsk\u00fd syst\u00e9m cestn\u00fdch viniet, miestne naz\u00fdvan\u00fd vinieta rutier\u0103. Tento komplexn\u00fd sprievodca pokr\u00fdva [&hellip;]<\/p>\n","protected":false},"author":0,"featured_media":0,"parent":0,"menu_order":0,"comment_status":"closed","ping_status":"closed","template":"","meta":{"footnotes":""},"class_list":["post-1064","page","type-page","status-publish","hentry"],"_links":{"self":[{"href":"https:\/\/vignettego.com\/highway-vignette-europe\/sk\/wp-json\/wp\/v2\/pages\/1064","targetHints":{"allow":["GET"]}}],"collection":[{"href":"https:\/\/vignettego.com\/highway-vignette-europe\/sk\/wp-json\/wp\/v2\/pages"}],"about":[{"href":"https:\/\/vignettego.com\/highway-vignette-europe\/sk\/wp-json\/wp\/v2\/types\/page"}],"replies":[{"embeddable":true,"href":"https:\/\/vignettego.com\/highway-vignette-europe\/sk\/wp-json\/wp\/v2\/comments?post=1064"}],"version-history":[{"count":3,"href":"https:\/\/vignettego.com\/highway-vignette-europe\/sk\/wp-json\/wp\/v2\/pages\/1064\/revisions"}],"predecessor-version":[{"id":1351,"href":"https:\/\/vignettego.com\/highway-vignette-europe\/sk\/wp-json\/wp\/v2\/pages\/1064\/revisions\/1351"}],"wp:attachment":[{"href":"https:\/\/vignettego.com\/highway-vignette-europe\/sk\/wp-json\/wp\/v2\/media?parent=1064"}],"curies":[{"name":"wp","href":"https:\/\/api.w.org\/{rel}","templated":true}]}}