{"id":1063,"date":"2026-01-04T01:39:43","date_gmt":"2026-01-04T01:39:43","guid":{"rendered":"https:\/\/vignettego.com\/highway-vignette-europe\/rumunska-dialnicna-znamka-2026-kompletny-sprievodca\/"},"modified":"2026-01-04T12:42:06","modified_gmt":"2026-01-04T12:42:06","slug":"rumunska-dialnicna-znamka-2026-kompletny-sprievodca","status":"publish","type":"page","link":"https:\/\/vignettego.com\/highway-vignette-europe\/sk\/rumunska-dialnicna-znamka-2026-kompletny-sprievodca\/","title":{"rendered":"Rumunsk\u00e1 dia\u013eni\u010dn\u00e1 vigneta 2026: Kompletn\u00fd sprievodca Rovinietou"},"content":{"rendered":"\n<script type=\"application\/ld+json\">{\n    \"@context\": \"https:\/\/schema.org\",\n    \"@graph\": [\n        {\n            \"@type\": \"Article\",\n            \"@id\": \"https:\/\/vignettego.com\/highway-vignette-europe\/romania-highway-vignette-guide\/#article\",\n            \"headline\": \"Romania Highway Vignette 2026: Complete Rovinieta Guide\",\n            \"description\": \"Everything about Romanian electronic highway vignettes (Rovinieta). Europe most affordable toll system! Learn about pricing, validity, Transylvania routes, and the famous Transf\u0103g\u0103r\u0103\u0219an road.\",\n            \"image\": \"https:\/\/vignettego.com\/highway-vignette-europe\/wp-content\/uploads\/2026\/09\/Highway-Vignette-Europe.jpg\",\n            \"datePublished\": \"2026-01-04\",\n            \"dateModified\": \"2026-01-04\",\n            \"author\": {\"@type\": \"Organization\", \"name\": \"VignetteGo\", \"url\": \"https:\/\/vignettego.com\"},\n            \"publisher\": {\"@type\": \"Organization\", \"name\": \"VignetteGo\"},\n            \"mainEntityOfPage\": {\"@type\": \"WebPage\", \"@id\": \"https:\/\/vignettego.com\/highway-vignette-europe\/romania-highway-vignette-guide\/\"},\n            \"articleSection\": \"Highway Vignettes\",\n            \"keywords\": [\"Romania vignette\", \"Rovinieta\", \"Romania highway toll\", \"Romanian motorway pass\", \"Transylvania road trip\", \"Transfagarasan\"],\n            \"inLanguage\": \"en\",\n            \"speakable\": {\"@type\": \"SpeakableSpecification\", \"cssSelector\": [\".article-intro\", \"#faq-section\"]}\n        },\n        {\n            \"@type\": \"BreadcrumbList\",\n            \"itemListElement\": [\n                {\"@type\": \"ListItem\", \"position\": 1, \"name\": \"VignetteGo\", \"item\": \"https:\/\/vignettego.com\/\"},\n                {\"@type\": \"ListItem\", \"position\": 2, \"name\": \"Highway Vignette Europe\", \"item\": \"https:\/\/vignettego.com\/highway-vignette-europe\/\"},\n                {\"@type\": \"ListItem\", \"position\": 3, \"name\": \"Romania Guide\", \"item\": \"https:\/\/vignettego.com\/highway-vignette-europe\/romania-highway-vignette-guide\/\"}\n            ]\n        },\n        {\n            \"@type\": \"FAQPage\",\n            \"mainEntity\": [\n                {\"@type\": \"Question\", \"name\": \"How much does the Romanian Rovinieta cost?\", \"acceptedAnswer\": {\"@type\": \"Answer\", \"text\": \"The Romanian Rovinieta is Europe cheapest highway vignette! A 7-day vignette costs approximately EUR 3.50, 30-day costs EUR 7, and annual costs just EUR 28.\"}},\n                {\"@type\": \"Question\", \"name\": \"Where can I buy the Romanian Rovinieta?\", \"acceptedAnswer\": {\"@type\": \"Answer\", \"text\": \"You can buy the Rovinieta online at VignetteGo or the official roviniete.ro website, or at gas stations and border crossings in Romania. Online purchase is recommended for convenience.\"}},\n                {\"@type\": \"Question\", \"name\": \"Is the Transf\u0103g\u0103r\u0103\u0219an road toll-free?\", \"acceptedAnswer\": {\"@type\": \"Answer\", \"text\": \"Yes, the Transf\u0103g\u0103r\u0103\u0219an (DN7C) is a national road, not a motorway, so no Rovinieta is needed specifically for it. However, you will likely use toll roads to reach it, so a Rovinieta is still recommended.\"}},\n                {\"@type\": \"Question\", \"name\": \"What are the fines for driving without Rovinieta?\", \"acceptedAnswer\": {\"@type\": \"Answer\", \"text\": \"Fines for driving without a valid Rovinieta range from EUR 50-200 depending on how far you traveled without one. With a 7-day vignette costing just EUR 3.50, there is no reason to risk a fine.\"}},\n                {\"@type\": \"Question\", \"name\": \"Which roads require Rovinieta in Romania?\", \"acceptedAnswer\": {\"@type\": \"Answer\", \"text\": \"The Rovinieta is required on all national roads (DN roads) and motorways (autostrada) in Romania. This includes the A1, A2, A3, A10, and all DN-numbered roads.\"}}\n            ]\n        }\n    ]\n}\n<\/script>\n\n<figure class=\"wp-block-image aligncenter size-large\"><img decoding=\"async\" src=\"https:\/\/vignettego.com\/highway-vignette-europe\/wp-content\/uploads\/2026\/09\/Highway-Vignette-Europe.jpg\" alt=\"Romania Rovinieta 2026 - Kompletn&#xFD; sprievodca rumunsk&#xFD;m dia&#x13E;ni&#x10D;n&#xFD;m syst&#xE9;mom viniet\" style=\"width:100%; height:auto; margin-bottom:20px;\"\/><\/figure>\n\n<p class=\"article-intro\">Rumunsko pon\u00faka niektor\u00e9 z najp\u00f4sobivej\u0161\u00edch eur\u00f3pskych destin\u00e1ci\u00ed na cestovanie autom \u2013 od legend\u00e1rnych hradov Transylv\u00e1nie cez \u00fachvatn\u00e9 pl\u00e1\u017ee \u010cierneho mora, majest\u00e1tne Karpaty a\u017e po jedine\u010dn\u00fa deltu Dunaja. A tu je t\u00e1 najlep\u0161ia spr\u00e1va: Rumunsko m\u00e1 <strong>najdostupnej\u0161iu dia\u013eni\u010dn\u00fa sc\u00e9nu v Eur\u00f3pe<\/strong>, naz\u00fdvan\u00fa <strong>Rovinieta<\/strong>. Za p\u00e1r eur za t\u00fd\u017ede\u0148 je objavovanie Rumunska autom neuverite\u013ene cenovo dostupn\u00e9. Tento komplexn\u00fd sprievodca pokr\u00fdva v\u0161etko, \u010do potrebujete vedie\u0165 o rumunsk\u00fdch platen\u00fdch cest\u00e1ch v roku 2026, vr\u00e1tane sl\u00e1vnej Transf\u0103g\u0103r\u0103\u0219an \u2013 jednej z najlep\u0161\u00edch ciest pre jazdu na svete.   <\/p>\n\n<div style=\"height:25px\" aria-hidden=\"true\" class=\"wp-block-spacer\"><\/div>\n\n<div class=\"wp-block-buttons is-content-justification-center is-layout-flex wp-container-core-buttons-is-layout-a89b3969 wp-block-buttons-is-layout-flex\">\n<div class=\"wp-block-button\"><a class=\"wp-block-button__link wp-element-button\" href=\"https:\/\/vignettego.com\/\" style=\"background-color:#0066cc;color:#ffffff;padding:15px 30px;font-size:18px;border-radius:8px;\">\ud83d\ude97 Z\u00edskajte svoju rumunsk\u00fa rovinietu na VignetteGo<\/a><\/div>\n<\/div>\n\n<div style=\"height:25px\" aria-hidden=\"true\" class=\"wp-block-spacer\"><\/div>\n\n<h2 class=\"wp-block-heading\">\ud83c\uddf7\ud83c\uddf4 \u010co je rumunsk\u00e1 rovinieta?<\/h2>\n\n<p>Rumunsko prev\u00e1dzkuje <strong>\u010dasovo obmedzen\u00fd elektronick\u00fd m\u00fdtny syst\u00e9m<\/strong> naz\u00fdvan\u00fd <strong>Rovinieta<\/strong> (z rumunsk\u00e9ho &#8220;cestn\u00e1 vinieta&#8221;). Syst\u00e9m je plne digit\u00e1lny \u2013 va\u0161a eviden\u010dn\u00e1 zna\u010dka je registrovan\u00e1 v centr\u00e1lnej datab\u00e1ze a overovan\u00e1 bezpe\u010dnostn\u00fdmi kamerami po celej krajine. Fyzick\u00e1 n\u00e1lepka nie je potrebn\u00e1; V\u0161etko je elektronick\u00e9.  <\/p>\n\n<p>Rovinieta pokr\u00fdva v\u0161etky n\u00e1rodn\u00e9 cesty (DN &#8211; drum na\u021bional) a dia\u013enice (autostrad\u0103) v Rumunsku. Syst\u00e9m spravuje CNAIR (Compania Na\u021bional\u0103 de Administrare a Infrastructurii Rutiere) a viniety je mo\u017en\u00e9 zak\u00fapi\u0165 online, \u010do je pre n\u00e1v\u0161tevn\u00edkov mimoriadne pohodln\u00e9. <\/p>\n\n<h2 class=\"wp-block-heading\">\ud83d\udccb Rumunsk\u00e9 ceny Rovinieta 2026 \ud83d\udcb0 NAJLACNEJ\u0160IE V EUR\u00d3PE!<\/h2>\n\n<p>Rumunsko pon\u00faka <strong>najdostupnej\u0161ie ceny dia\u013eni\u010dn\u00fdch viniet v celej Eur\u00f3pe<\/strong>. Tu je d\u00f4vod, pre\u010do by Rumunsko malo by\u0165 na vrchole ka\u017ed\u00e9ho zoznamu cestovate\u013eov s obmedzen\u00fdm rozpo\u010dtom: <\/p>\n\n<figure class=\"wp-block-table\"><table><thead><tr><th>Obdobie platnosti<\/th><th>Aut\u00e1 (do 3,5t)<\/th><th>Motocykle<\/th><\/tr><\/thead><tbody><tr><td><strong>7 dn\u00ed<\/strong><\/td><td>~EUR 3,50<\/td><td>~EUR 1,80<\/td><\/tr><tr><td><strong>30 dn\u00ed<\/strong><\/td><td>~EUR 7,00<\/td><td>~EUR 3,50<\/td><\/tr><tr><td><strong>90 dn\u00ed<\/strong><\/td><td>~EUR 13.00<\/td><td>~6,50 EUR<\/td><\/tr><tr><td><strong>Ro\u010denka<\/strong><\/td><td>~EUR 28,00<\/td><td>~EUR 14.00<\/td><\/tr><\/tbody><\/table><\/figure>\n\n<p><strong>\u00c1no, \u010d\u00edtate spr\u00e1vne!<\/strong>  T\u00fd\u017ede\u0148 neobmedzenej jazdy po v\u0161etk\u00fdch rumunsk\u00fdch n\u00e1rodn\u00fdch cest\u00e1ch a dia\u013eniciach za iba 3,50 EUR. Porovnajte to so \u0160vaj\u010diarskom (40 EUR za ro\u010dn\u00fa vignetu, \u017eiadne krat\u0161ie mo\u017enosti) alebo Rak\u00faskom (11,50 EUR za 10 dn\u00ed) a uvid\u00edte, pre\u010do je Rumunsko snom pre cestovate\u013eov na cest\u00e1ch. <\/p>\n\n<div style=\"height:25px\" aria-hidden=\"true\" class=\"wp-block-spacer\"><\/div>\n\n<div class=\"wp-block-buttons is-content-justification-center is-layout-flex wp-container-core-buttons-is-layout-a89b3969 wp-block-buttons-is-layout-flex\">\n<div class=\"wp-block-button\"><a class=\"wp-block-button__link wp-element-button\" href=\"https:\/\/vignettego.com\/\" style=\"background-color:#28a745;color:#ffffff;padding:15px 30px;font-size:18px;border-radius:8px;\">\u2705 Z\u00edskajte svoje eur\u00f3pske viniety \u2013 v\u0161etky krajiny \u2013 na VignetteGo<\/a><\/div>\n<\/div>\n\n<div style=\"height:25px\" aria-hidden=\"true\" class=\"wp-block-spacer\"><\/div>\n\n<h2 class=\"wp-block-heading\">\ud83d\udee3\ufe0f Rumunsk\u00e1 cestn\u00e1 sie\u0165<\/h2>\n\n<p>Rumunsko r\u00fdchlo roz\u0161iruje svoju dia\u013eni\u010dn\u00fa sie\u0165, hoci ve\u013ek\u00e1 \u010das\u0165 krajiny je st\u00e1le obsluhovan\u00e1 n\u00e1rodn\u00fdmi cestami (DN cestami). Tu s\u00fa hlavn\u00e9 trasy: <\/p>\n\n<h3 class=\"wp-block-heading\">A1 \u2013 Bukure\u0161\u0165 a\u017e Pite\u0219ti a \u010falej<\/h3>\n\n<p>Najstar\u0161ia rumunsk\u00e1 dia\u013enica, ktor\u00e1 sp\u00e1ja <strong>Bukure\u0161\u0165 s Pite\u0219ti<\/strong> (pribli\u017ene 110 km). Pred\u013a\u017eenia smerom k Sibiu prebiehaj\u00fa. Toto je hlavn\u00e1 trasa smerom do Transylv\u00e1nie z Bukure\u0161ti, ktor\u00e1 sa nap\u00e1ja na DN7 a DN1 pre \u010fal\u0161iu cestu.  <\/p>\n\n<h3 class=\"wp-block-heading\">A2 \u2013 Bukure\u0161\u0165 do Konstancie (Sun Dia\u013enica)<\/h3>\n\n<p><strong>Autostrada Soarelui<\/strong> (Slne\u010dn\u00e1 dia\u013enica) sp\u00e1ja <strong>Bukure\u0161\u0165 s Kostnicou<\/strong> a pobre\u017e\u00edm \u010cierneho mora. Pribli\u017ene 200 km. Toto je hlavn\u00e1 trasa pre pl\u00e1\u017eov\u00e9 dovolenky do Mamaia, Constan\u021ba, Vama Ve\u010de a \u010fal\u0161\u00edch pobre\u017en\u00fdch letovisk.  <\/p>\n\n<h3 class=\"wp-block-heading\">A3 \u2013 Transylv\u00e1nska dia\u013enica (vo v\u00fdstavbe)<\/h3>\n\n<p>Po dokon\u010den\u00ed spoj\u00ed Bukure\u0161\u0165 s Bra\u0161ovom, pokra\u010duj\u00fac cez Transylv\u00e1niu a\u017e k ma\u010farskej hranici. V s\u00fa\u010dasnosti je otvoren\u00fdch nieko\u013eko \u00fasekov, vr\u00e1tane okolia Turda a Cluj-Napoca. <\/p>\n\n<h3 class=\"wp-block-heading\">A10 \u2013 Sebe\u0219 a\u017e Turda<\/h3>\n\n<p>S\u00fa\u010das\u0165 bud\u00faceho koridoru Transylv\u00e1nia, ktor\u00fd sp\u00e1ja k\u013e\u00fa\u010dov\u00e9 mest\u00e1 v strednom Rumunsku.<\/p>\n\n<h3 class=\"wp-block-heading\">DN1 \u2013 Klasick\u00e1 transylv\u00e1nska trasa<\/h3>\n\n<p>Legend\u00e1rna <strong>DN1 (E60)<\/strong> sp\u00e1ja Bukure\u0161\u0165 s Bra\u0161ovom, pokra\u010duje srdcom Sedmohradska do Sibiu, Alba Iulia, Cluj-Napoca a \u010falej do Ma\u010farska. T\u00e1to historick\u00e1 trasa vedie cez \u00fachvatn\u00e9 horsk\u00e9 scen\u00e9rie a stredovek\u00e9 mest\u00e1. <\/p>\n\n<h2 class=\"wp-block-heading\">\ud83c\udfd4\ufe0f Transf\u0103g\u0103r\u0103\u0219an \u2013 Najlep\u0161ia cesta pre jazdu na svete<\/h2>\n\n<p><strong>Dia\u013enica Transf\u0103g\u0103r\u0103\u0219an (DN7C)<\/strong> bola Top Gear ozna\u010den\u00e1 za &#8220;najlep\u0161iu cestu na svete&#8221;. T\u00e1to \u00fachvatn\u00e1 horsk\u00e1 cesta prech\u00e1dza cez pohorie F\u0103g\u0103ra\u0219 vo v\u00fd\u0161ke 2 042 metrov, pon\u00faka dramatick\u00e9 ostr\u00e9 z\u00e1kruty, tunely a dychber\u00face v\u00fdh\u013eady. <\/p>\n\n<p><strong>K\u013e\u00fa\u010dov\u00e9 inform\u00e1cie:<\/strong><\/p>\n\n<ul class=\"wp-block-list\">\n<li><strong>D\u013a\u017eka:<\/strong> Pribli\u017ene 90 km horskej cesty<\/li>\n<li><strong>Otvoren\u00e9:<\/strong> Zvy\u010dajne od konca j\u00fana do konca okt\u00f3bra (v z\u00e1vislosti od po\u010dasia)<\/li>\n<li><strong>Trasa:<\/strong> Sp\u00e1ja Curtea de Arge\u0219 so Sibiu cez pohorie F\u0103g\u0103ra\u0219<\/li>\n<li><strong>Hlavn\u00e9 momenty:<\/strong> Jazero B\u00e2lea (\u013eadovcov\u00e9 jazero na vrchu), vodop\u00e1d B\u00e2lea, \u00fachvatn\u00e1 alpsk\u00e1 scen\u00e9ria<\/li>\n<li><strong>M\u00fdto:<\/strong> Transf\u0103g\u0103r\u0103\u0219an je s\u00e1m o sebe n\u00e1rodnou cestou (DN), tak\u017ee za Rovinietou nie je \u017eiadne \u010fal\u0161ie m\u00fdto<\/li>\n<\/ul>\n\n<p><strong>Profesion\u00e1lny tip:<\/strong> Cesta je v lete mimoriadne ob\u013e\u00faben\u00e1. Za\u010dnite skoro r\u00e1no, aby ste sa vyhli davom a u\u017eili si najlep\u0161ie fotografick\u00e9 svetlo. <\/p>\n\n<div style=\"height:25px\" aria-hidden=\"true\" class=\"wp-block-spacer\"><\/div>\n\n<div class=\"wp-block-buttons is-content-justification-center is-layout-flex wp-container-core-buttons-is-layout-a89b3969 wp-block-buttons-is-layout-flex\">\n<div class=\"wp-block-button\"><a class=\"wp-block-button__link wp-element-button\" href=\"https:\/\/vignettego.com\/\" style=\"background-color:#ff6600;color:#ffffff;padding:15px 30px;font-size:18px;border-radius:8px;\">\ud83d\uded2 K\u00fapte si rumunsk\u00fa Rovinietu teraz \u2013 len za 3,50 EUR na 7 dn\u00ed!<\/a><\/div>\n<\/div>\n\n<div style=\"height:25px\" aria-hidden=\"true\" class=\"wp-block-spacer\"><\/div>\n\n<h2 class=\"wp-block-heading\">\ud83d\udcbb Ako k\u00fapi\u0165 rumunsk\u00fa rovinietu<\/h2>\n\n<p>K\u00fapa rumunskej Roviniety je jednoduch\u00e1:<\/p>\n\n<h3 class=\"wp-block-heading\">Mo\u017enos\u0165 1: Online cez VignetteGo (odpor\u00fa\u010dan\u00e9)<\/h3>\n\n<ol class=\"wp-block-list\">\n<li>Nav\u0161t\u00edvte <a href=\"https:\/\/vignettego.com\/\" title=\"K&#xFA;pte si rumunsk&#xFA; Rovinietu online\">VignetteGo.com<\/a><\/li>\n<li>Vyberte si Rumunsko a po\u017eadovan\u00fa dobu platnosti<\/li>\n<li>Zadajte \u00fadaje o registr\u00e1cii vozidla (\u0160PZ)<\/li>\n<li>Kompletn\u00e1 bezpe\u010dn\u00e1 platba<\/li>\n<li>Z\u00edskajte okam\u017eit\u00e9 potvrdenie \u2013 platn\u00e9 okam\u017eite!<\/li>\n<\/ol>\n\n<h3 class=\"wp-block-heading\">Mo\u017enos\u0165 2: Ofici\u00e1lna roviniete.ro webov\u00e1 str\u00e1nka<\/h3>\n\n<p>Ofici\u00e1lna webov\u00e1 str\u00e1nka rumunsk\u00e9ho cestn\u00e9ho \u00faradu pon\u00faka priamy n\u00e1kup v rumun\u010dine a angli\u010dtine.<\/p>\n\n<h3 class=\"wp-block-heading\">Mo\u017enos\u0165 3: Fyzick\u00e9 predajn\u00e9 miesta<\/h3>\n\n<p>Rovinietu je mo\u017en\u00e9 zak\u00fapi\u0165 na hrani\u010dn\u00fdch priechodoch, \u010derpac\u00edch staniciach (Petrom, OMV, Mol, Rompetrol) a rumunsk\u00fdch po\u0161t\u00e1ch.<\/p>\n\n<h2 class=\"wp-block-heading\">\u26a0\ufe0f Pokuty za jazdu bez Roviniety<\/h2>\n\n<p>Napriek neuverite\u013ene n\u00edzkym n\u00e1kladom sa niektor\u00ed cestovatelia sna\u017eia vyhn\u00fa\u0165 k\u00fape Roviniety. Je to chyba \u2013 pokuty sa vym\u00e1haj\u00fa: <\/p>\n\n<ul class=\"wp-block-list\">\n<li><strong>\u0160tandardn\u00e1 pokuta:<\/strong> 50-200 EUR v z\u00e1vislosti od prejdenej vzdialenosti<\/li>\n<li><strong>Vym\u00e1hanie:<\/strong> Automatick\u00e9 kamerov\u00e9 syst\u00e9my po celej krajine<\/li>\n<\/ul>\n\n<p><strong>S t\u00fd\u017ed\u0148ov\u00fdm preukazom za 3,50 EUR oproti potenci\u00e1lnej pokute 200 EUR je vo\u013eba jasn\u00e1!<\/strong><\/p>\n\n<h2 class=\"wp-block-heading\">\ud83d\uddfa\ufe0f Popul\u00e1rne rumunsk\u00e9 trasy na cestovanie autom<\/h2>\n\n<h3 class=\"wp-block-heading\">Bukure\u0161\u0165 a\u017e Bra\u0161ov (br\u00e1na do Sedmohradska)<\/h3>\n\n<p><strong>Vzdialenos\u0165:<\/strong> ~170 km | <strong>Trvanie:<\/strong> 2,5-3 hodiny | <strong>Trasa:<\/strong> DN1 alebo A3 (kde s\u00fa dostupn\u00e9)<\/p>\n\n<p>Klasick\u00e1 trasa do Transylv\u00e1nie. Bra\u0219ov je \u00fachvatn\u00e9 stredovek\u00e9 mesto obklopen\u00e9 horami, ide\u00e1lne ako z\u00e1klad\u0148a na objavovanie hradov (Bran, Pele\u0219) a Karpat. <\/p>\n\n<h3 class=\"wp-block-heading\">Bukure\u0161\u0165 a\u017e Constan\u021ba (\u010cierne more)<\/h3>\n\n<p><strong>Vzdialenos\u0165:<\/strong> ~225 km | <strong>Trvanie:<\/strong> 2,5 hodiny | <strong>Trasa:<\/strong> A2 (Sun Dia\u013enica)<\/p>\n\n<p>Vyrazte na pobre\u017eie \u010cierneho mora najnov\u0161ou rumunskou dia\u013enicou. Constan\u021ba je starobyl\u00e9 pr\u00edstavn\u00e9 mesto; bl\u00edzko Mamaia je najvy\u0161\u0161ie pl\u00e1\u017eov\u00e9 letovisko v krajine. <\/p>\n\n<h3 class=\"wp-block-heading\">Okruh Transylvania Castle<\/h3>\n\n<p><strong>Trasa:<\/strong> Bra\u0219ov \u2192 hrad Bran \u2192 R\u00e2\u0219nov \u2192 hrad Pele\u0219 (Sinaia) \u2192 sp\u00e4\u0165 do Bra\u0219ova<\/p>\n\n<p>Nav\u0161t\u00edvte sl\u00e1vny Drakulov hrad (Bran), \u00fachvatn\u00fd hrad Pele\u0219 a stredovek\u00fa pevnos\u0165 R\u00e2\u0219nov \u2013 v\u0161etko po\u010das jedn\u00e9ho d\u0148a v\u00fdletu z Bra\u0219ova.<\/p>\n\n<h3 class=\"wp-block-heading\">Kompletn\u00e9 turn\u00e9 po Transylv\u00e1nii<\/h3>\n\n<p><strong>Trasa:<\/strong> Bukure\u0161\u0165 \u2192 Bra\u0219ov \u2192 Sighi\u0219oara \u2192 Sibiu \u2192 Transf\u0103g\u0103r\u0103\u0219an \u2192 Bukure\u0161\u0165<\/p>\n\n<p>5-7 d\u0148ov\u00fd okruh pokr\u00fdvaj\u00faci to najlep\u0161ie z Transylv\u00e1nie: stredovek\u00e9 mest\u00e1, horsk\u00e9 scen\u00e9rie a legend\u00e1rnu cestu Transf\u0103g\u0103r\u0103\u0219an.<\/p>\n\n<div style=\"height:25px\" aria-hidden=\"true\" class=\"wp-block-spacer\"><\/div>\n\n<div class=\"wp-block-buttons is-content-justification-center is-layout-flex wp-container-core-buttons-is-layout-a89b3969 wp-block-buttons-is-layout-flex\">\n<div class=\"wp-block-button\"><a class=\"wp-block-button__link wp-element-button\" href=\"https:\/\/vignettego.com\/\" style=\"background-color:#9c27b0;color:#ffffff;padding:15px 30px;font-size:18px;border-radius:8px;\">\ud83c\udf0d Napl\u00e1nujte si svoje rumunsk\u00e9 dobrodru\u017estvo s VignetteGo<\/a><\/div>\n<\/div>\n\n<div style=\"height:25px\" aria-hidden=\"true\" class=\"wp-block-spacer\"><\/div>\n\n<h2 class=\"wp-block-heading\">\ud83d\udca1 Tipy na jazdu v Rumunsku na rok 2026<\/h2>\n\n<h3 class=\"wp-block-heading\">Mena<\/h3>\n\n<p>Rumunsko pou\u017e\u00edva <strong>rumunsk\u00fa leu (RON),<\/strong> ale <strong>euro je \u0161iroko akceptovan\u00e9<\/strong> na \u010derpac\u00edch staniciach, v hoteloch a turistick\u00fdch oblastiach. Kreditn\u00e9 karty s\u00fa akceptovan\u00e9 takmer v\u0161ade v mest\u00e1ch. V\u00fdmenn\u00fd kurz: pribli\u017ene 1 EUR = 5 RON.  <\/p>\n\n<h3 class=\"wp-block-heading\">R\u00fdchlostn\u00e9 limity<\/h3>\n\n<ul class=\"wp-block-list\">\n<li><strong>Dia\u013enice:<\/strong> 130 km\/h<\/li>\n<li><strong>N\u00e1rodn\u00e9 cesty (mimo miest):<\/strong> 90-100 km\/h<\/li>\n<li><strong>Mestsk\u00e9 oblasti:<\/strong> 50 km\/h<\/li>\n<\/ul>\n\n<h3 class=\"wp-block-heading\">Stav ciest<\/h3>\n\n<p>Dia\u013enice s\u00fa vynikaj\u00face. N\u00e1rodn\u00e9 cesty sa l\u00ed\u0161ia od dobr\u00fdch po nerovn\u00e9, najm\u00e4 vo vidieckych oblastiach. Horsk\u00e9 cesty m\u00f4\u017eu by\u0165 n\u00e1ro\u010dn\u00e9 \u2013 jazdite opatrne a re\u0161pektujte poveternostn\u00e9 podmienky.  <\/p>\n\n<h3 class=\"wp-block-heading\">Palivo<\/h3>\n\n<p>Palivo je lacnej\u0161ie ako v z\u00e1padnej Eur\u00f3pe. Medzi hlavn\u00e9 re\u0165azce patria Petrom, OMV, Mol, Rompetrol a Lukoil. <\/p>\n\n<h2 class=\"wp-block-heading\" id=\"faq-section\">\u2753 \u010casto kladen\u00e9 ot\u00e1zky<\/h2>\n\n<h3 class=\"wp-block-heading\">Je rumunsk\u00e1 Rovinieta naozaj tak\u00e1 lacn\u00e1?<\/h3>\n\n<p>\u00c1no! Za pribli\u017ene 3,50 EUR za 7 dn\u00ed m\u00e1 Rumunsko najlacnej\u0161ie dia\u013eni\u010dn\u00e9 m\u00fdto v Eur\u00f3pe. Dokonca aj ro\u010dn\u00e1 vinieta (28 EUR) stoj\u00ed menej ako kr\u00e1tkodob\u00e9 opcie v mnoh\u00fdch krajin\u00e1ch.  <\/p>\n\n<h3 class=\"wp-block-heading\">Kedy m\u00f4\u017eem jazdi\u0165 Transf\u0103g\u0103r\u0103\u0219an?<\/h3>\n\n<p>Typicky od konca j\u00fana do konca okt\u00f3bra, v z\u00e1vislosti od po\u010dasia. Vy\u0161\u0161\u00ed \u00fasek (nad 1 800 m) je v zime uzavret\u00fd kv\u00f4li snehu. Pred pl\u00e1novan\u00edm si skontrolujte aktu\u00e1lny stav.  <\/p>\n\n<h3 class=\"wp-block-heading\">M\u00f4\u017eem pou\u017ei\u0165 rumunsk\u00fa vinietu v Moldavsku?<\/h3>\n\n<p>Nie, potrebujete samostatn\u00fa <a href=\"https:\/\/vignettego.com\/highway-vignette-europe\/sk\/moldavska-dialnicna-znamka-2026-kompletny-sprievodca\/\">moldavsk\u00fa vinietu<\/a> pre Moldavsko. K\u00fapte si oba na <a href=\"https:\/\/vignettego.com\/\" title=\"Eur&#xF3;pske viniety\">VignetteGo<\/a>. <\/p>\n\n<div style=\"height:25px\" aria-hidden=\"true\" class=\"wp-block-spacer\"><\/div>\n\n<div class=\"wp-block-buttons is-content-justification-center is-layout-flex wp-container-core-buttons-is-layout-a89b3969 wp-block-buttons-is-layout-flex\">\n<div class=\"wp-block-button\"><a class=\"wp-block-button__link wp-element-button\" href=\"https:\/\/vignettego.com\/\" style=\"background-color:#e91e63;color:#ffffff;padding:15px 30px;font-size:18px;border-radius:8px;\">\ud83d\ude97 Z\u00edskajte svoje eur\u00f3pske dia\u013eni\u010dn\u00e9 viniety na VignetteGo \u2192<\/a><\/div>\n<\/div>\n\n<div style=\"height:25px\" aria-hidden=\"true\" class=\"wp-block-spacer\"><\/div>\n\n<h2 class=\"wp-block-heading\">\ud83c\udff0 Pre\u010do nav\u0161t\u00edvi\u0165 Rumunsko?<\/h2>\n\n<ul class=\"wp-block-list\">\n<li><strong>Transylv\u00e1nia:<\/strong> Stredovek\u00e9 mest\u00e1, hrady a horsk\u00e9 krajiny<\/li>\n<li><strong>Transf\u0103g\u0103r\u0103\u0219an:<\/strong> Jedna z najlep\u0161\u00edch ciest na svete<\/li>\n<li><strong>Pobre\u017eie \u010cierneho mora:<\/strong> Kr\u00e1sne pl\u00e1\u017ee a starobyl\u00e9 mest\u00e1<\/li>\n<li><strong>Delta Dunaja:<\/strong> UNESCO biosf\u00e9rick\u00e1 rezerv\u00e1cia, \u00fa\u017easn\u00e9 pozorovanie vt\u00e1kov<\/li>\n<li><strong>Cenovo dostupn\u00e9:<\/strong> Skvel\u00e1 hodnota za ubytovanie, jedlo a cestovanie<\/li>\n<li><strong>Bohat\u00e1 kult\u00fara:<\/strong> Fascinuj\u00faca zmes latinsk\u00fdch, slovansk\u00fdch a osmansk\u00fdch vplyvov<\/li>\n<\/ul>\n\n<h2 class=\"wp-block-heading\">\ud83d\udccd Z\u00e1ver<\/h2>\n\n<p>Rumunsko pon\u00faka neuverite\u013en\u00fa hodnotu cestovania autom \u2013 od najlacnej\u0161\u00edch dia\u013eni\u010dn\u00fdch m\u00fdt v Eur\u00f3pe a\u017e po \u00fachvatn\u00e9 scen\u00e9rie a bohat\u00fa kult\u00faru. \u010ci u\u017e prenasledujete legendy o Drakulovi v Transylv\u00e1nii, dob\u00fdvate Transf\u0103g\u0103r\u0103\u0219an alebo relaxujete na pl\u00e1\u017each \u010cierneho mora, Rumunsko prin\u00e1\u0161a nezabudnute\u013en\u00e9 z\u00e1\u017eitky. <\/p>\n\n<p>K\u00fapte si Rovinietu vo <a href=\"https:\/\/vignettego.com\/\" title=\"VignetteGo - eur&#xF3;pske dia&#x13E;ni&#x10D;n&#xE9; sc&#xE9;ny\">VignetteGo<\/a> \u2013 trv\u00e1 to len p\u00e1r min\u00fat a stoj\u00ed menej ako k\u00e1va!<\/p>\n\n<p><strong>U\u017eite si Rumunsko! \ud83c\uddf7\ud83c\uddf4\ud83c\udfd4\ufe0f <\/strong><\/p>\n\n<p><strong>S\u00favisiace sprievodky:<\/strong> <a href=\"https:\/\/vignettego.com\/highway-vignette-europe\/sk\/madarska-dialnicna-znamka-2026-kompletny-sprievodca\/\">Ma\u010farsko E-Matrica<\/a> | Bulgaria <a href=\"https:\/\/vignettego.com\/highway-vignette-europe\/sk\/bulharska-dialnicna-znamka-2026-kompletny-sprievodca\/\">E-Vignette<\/a> | Moldova <a href=\"https:\/\/vignettego.com\/highway-vignette-europe\/sk\/moldavska-dialnicna-znamka-2026-kompletny-sprievodca\/\">Vinieta<\/a> | <a href=\"https:\/\/vignettego.com\/\">V\u0161etky eur\u00f3pske pr\u00edbehy<\/a><\/p>\n","protected":false},"excerpt":{"rendered":"<p>Rumunsko pon\u00faka niektor\u00e9 z najp\u00f4sobivej\u0161\u00edch eur\u00f3pskych destin\u00e1ci\u00ed na cestovanie autom \u2013 od legend\u00e1rnych hradov Transylv\u00e1nie cez \u00fachvatn\u00e9 pl\u00e1\u017ee \u010cierneho mora, majest\u00e1tne Karpaty a\u017e po jedine\u010dn\u00fa deltu Dunaja. A tu je t\u00e1 najlep\u0161ia spr\u00e1va: Rumunsko m\u00e1 najdostupnej\u0161iu dia\u013eni\u010dn\u00fa sc\u00e9nu v Eur\u00f3pe, naz\u00fdvan\u00fa Rovinieta. Za p\u00e1r eur za t\u00fd\u017ede\u0148 je objavovanie Rumunska autom neuverite\u013ene cenovo dostupn\u00e9. Tento [&hellip;]<\/p>\n","protected":false},"author":0,"featured_media":0,"parent":0,"menu_order":0,"comment_status":"closed","ping_status":"closed","template":"","meta":{"footnotes":""},"class_list":["post-1063","page","type-page","status-publish","hentry"],"_links":{"self":[{"href":"https:\/\/vignettego.com\/highway-vignette-europe\/sk\/wp-json\/wp\/v2\/pages\/1063","targetHints":{"allow":["GET"]}}],"collection":[{"href":"https:\/\/vignettego.com\/highway-vignette-europe\/sk\/wp-json\/wp\/v2\/pages"}],"about":[{"href":"https:\/\/vignettego.com\/highway-vignette-europe\/sk\/wp-json\/wp\/v2\/types\/page"}],"replies":[{"embeddable":true,"href":"https:\/\/vignettego.com\/highway-vignette-europe\/sk\/wp-json\/wp\/v2\/comments?post=1063"}],"version-history":[{"count":3,"href":"https:\/\/vignettego.com\/highway-vignette-europe\/sk\/wp-json\/wp\/v2\/pages\/1063\/revisions"}],"predecessor-version":[{"id":1335,"href":"https:\/\/vignettego.com\/highway-vignette-europe\/sk\/wp-json\/wp\/v2\/pages\/1063\/revisions\/1335"}],"wp:attachment":[{"href":"https:\/\/vignettego.com\/highway-vignette-europe\/sk\/wp-json\/wp\/v2\/media?parent=1063"}],"curies":[{"name":"wp","href":"https:\/\/api.w.org\/{rel}","templated":true}]}}