{"id":1062,"date":"2026-01-04T01:38:57","date_gmt":"2026-01-04T01:38:57","guid":{"rendered":"https:\/\/vignettego.com\/highway-vignette-europe\/chorvatska-dialnicna-znamka-2026-kompletny-sprievodca\/"},"modified":"2026-01-04T12:49:24","modified_gmt":"2026-01-04T12:49:24","slug":"chorvatska-dialnicna-znamka-2026-kompletny-sprievodca","status":"publish","type":"page","link":"https:\/\/vignettego.com\/highway-vignette-europe\/sk\/chorvatska-dialnicna-znamka-2026-kompletny-sprievodca\/","title":{"rendered":"Chorv\u00e1tska dia\u013eni\u010dn\u00e1 vigneta 2026: Kompletn\u00fd ENC a digit\u00e1lny m\u00fdtny sprievodca"},"content":{"rendered":"\n<script type=\"application\/ld+json\">{\n    \"@context\": \"https:\/\/schema.org\",\n    \"@graph\": [\n        {\n            \"@type\": \"Article\",\n            \"@id\": \"https:\/\/vignettego.com\/highway-vignette-europe\/croatia-highway-vignette-guide\/#article\",\n            \"headline\": \"Croatia Highway Vignette 2026: Complete ENC & Digital Toll Guide\",\n            \"description\": \"Everything about Croatian highway tolls, ENC electronic system, and digital vignette options. Learn about toll prices, the stunning A1 coastal motorway, and how to reach Dubrovnik, Split, and other destinations.\",\n            \"image\": \"https:\/\/vignettego.com\/highway-vignette-europe\/wp-content\/uploads\/2026\/09\/Highway-Vignette-Europe.jpg\",\n            \"datePublished\": \"2026-01-04\",\n            \"dateModified\": \"2026-01-04\",\n            \"author\": {\"@type\": \"Organization\", \"name\": \"VignetteGo\", \"url\": \"https:\/\/vignettego.com\"},\n            \"publisher\": {\"@type\": \"Organization\", \"name\": \"VignetteGo\"},\n            \"mainEntityOfPage\": {\"@type\": \"WebPage\", \"@id\": \"https:\/\/vignettego.com\/highway-vignette-europe\/croatia-highway-vignette-guide\/\"},\n            \"articleSection\": \"Highway Vignettes\",\n            \"keywords\": [\"Croatia toll\", \"Croatia highway\", \"ENC Croatia\", \"Croatian motorway\", \"A1 Croatia\", \"Dubrovnik road trip\", \"Split highway\"],\n            \"inLanguage\": \"en\",\n            \"speakable\": {\"@type\": \"SpeakableSpecification\", \"cssSelector\": [\".article-intro\", \"#faq-section\"]}\n        },\n        {\n            \"@type\": \"BreadcrumbList\",\n            \"itemListElement\": [\n                {\"@type\": \"ListItem\", \"position\": 1, \"name\": \"VignetteGo\", \"item\": \"https:\/\/vignettego.com\/\"},\n                {\"@type\": \"ListItem\", \"position\": 2, \"name\": \"Highway Vignette Europe\", \"item\": \"https:\/\/vignettego.com\/highway-vignette-europe\/\"},\n                {\"@type\": \"ListItem\", \"position\": 3, \"name\": \"Croatia Guide\", \"item\": \"https:\/\/vignettego.com\/highway-vignette-europe\/croatia-highway-vignette-guide\/\"}\n            ]\n        },\n        {\n            \"@type\": \"FAQPage\",\n            \"mainEntity\": [\n                {\"@type\": \"Question\", \"name\": \"Does Croatia use vignettes or toll booths?\", \"acceptedAnswer\": {\"@type\": \"Answer\", \"text\": \"Croatia traditionally uses a distance-based toll system with toll booths, but now also offers digital vignette options (E-Vinjeta) for certain sections. Many visitors use a combination of both or the ENC electronic device.\"}},\n                {\"@type\": \"Question\", \"name\": \"How much does the Croatian motorway toll cost?\", \"acceptedAnswer\": {\"@type\": \"Answer\", \"text\": \"Croatian tolls are distance-based. Zagreb to Split costs approximately EUR 25, Zagreb to Rijeka about EUR 8, and Split to Dubrovnik around EUR 12. The A1 motorway to the coast is the main toll route.\"}},\n                {\"@type\": \"Question\", \"name\": \"What is the ENC system in Croatia?\", \"acceptedAnswer\": {\"@type\": \"Answer\", \"text\": \"ENC (Elektroni\u010dka Naplata Cestarine) is Croatia electronic toll collection device. It provides faster passage through dedicated ENC lanes and often offers discounts. Available at toll plazas and service areas.\"}},\n                {\"@type\": \"Question\", \"name\": \"Can I pay Croatian tolls with credit card?\", \"acceptedAnswer\": {\"@type\": \"Answer\", \"text\": \"Yes, credit and debit cards are accepted at Croatian toll booths. Cash payment in EUR is also widely accepted since Croatia adopted the Euro in January 2023.\"}},\n                {\"@type\": \"Question\", \"name\": \"Is there a digital vignette for Croatia?\", \"acceptedAnswer\": {\"@type\": \"Answer\", \"text\": \"Yes, Croatia now offers E-Vinjeta (electronic vignettes) for certain motorway sections, providing an alternative to traditional toll booth payment. These can be purchased online.\"}}\n            ]\n        }\n    ]\n}\n<\/script>\n\n<figure class=\"wp-block-image aligncenter size-large\"><img decoding=\"async\" src=\"https:\/\/vignettego.com\/highway-vignette-europe\/wp-content\/uploads\/2026\/09\/Highway-Vignette-Europe.jpg\" alt=\"Chorv&#xE1;tske dia&#x13E;ni&#x10D;n&#xE9; m&#xFD;to 2026 &#x2013; Kompletn&#xFD; sprievodca chorv&#xE1;tskym dia&#x13E;ni&#x10D;n&#xFD;m m&#xFD;tnym syst&#xE9;mom\" style=\"width:100%; height:auto; margin-bottom:20px;\"\/><\/figure>\n\n<p class=\"article-intro\">Chorv\u00e1tsko je jednou z najob\u013e\u00fabenej\u0161\u00edch letn\u00fdch destin\u00e1ci\u00ed v Eur\u00f3pe, zn\u00e1me svoj\u00edm \u00fachvatn\u00fdm jadransk\u00fdm pobre\u017e\u00edm, kri\u0161t\u00e1\u013eovo \u010dist\u00fdmi vodami, historick\u00fdmi mestami ako Dubrovn\u00edk a Split a kr\u00e1snymi ostrovmi. Cesta autom do Chorv\u00e1tska otv\u00e1ra neuverite\u013en\u00e9 mo\u017enosti \u2013 od starobyl\u00fdch hradieb Dubrovn\u00edka cez pl\u00e1\u017ee na p\u00e1rty v Zr\u0107e, vodop\u00e1dy Plitvick\u00fdch jazier a\u017e po o\u010daruj\u00facu Istriu. Tento sprievodca vysvet\u013euje v\u0161etko o chorv\u00e1tskom dia\u013eni\u010dnom m\u00fdtnom syst\u00e9me v roku 2026, vr\u00e1tane <strong>elektronick\u00e9ho syst\u00e9mu ENC<\/strong>, <strong>mo\u017enost\u00ed digit\u00e1lnych viniet<\/strong> a praktick\u00fdch tipov na va\u0161u chorv\u00e1tsku cestu.  <\/p>\n\n<div style=\"height:25px\" aria-hidden=\"true\" class=\"wp-block-spacer\"><\/div>\n\n<div class=\"wp-block-buttons is-content-justification-center is-layout-flex wp-container-core-buttons-is-layout-a89b3969 wp-block-buttons-is-layout-flex\">\n<div class=\"wp-block-button\"><a class=\"wp-block-button__link wp-element-button\" href=\"https:\/\/vignettego.com\/\" style=\"background-color:#0066cc;color:#ffffff;padding:15px 30px;font-size:18px;border-radius:8px;\">\ud83d\ude97 Z\u00edskajte svoju chorv\u00e1tsku digit\u00e1lnu vinietu na VignetteGo<\/a><\/div>\n<\/div>\n\n<div style=\"height:25px\" aria-hidden=\"true\" class=\"wp-block-spacer\"><\/div>\n\n<h2 class=\"wp-block-heading\">\ud83c\udded\ud83c\uddf7 Vysvetlenie chorv\u00e1tskeho m\u00fdtneho syst\u00e9mu<\/h2>\n\n<p>Na rozdiel od v\u00e4\u010d\u0161iny kraj\u00edn strednej Eur\u00f3py, ktor\u00e9 pou\u017e\u00edvaj\u00fa \u010dasovo viazan\u00e9 m\u00fdtnice, Chorv\u00e1tsko tradi\u010dne prev\u00e1dzkovalo <strong>syst\u00e9m m\u00fdta zalo\u017een\u00fd na vzdialenosti<\/strong> s fyzick\u00fdmi m\u00fdtnymi br\u00e1nami. Pri vjazde na dia\u013enicu dostanete pokutu a plat\u00edte pod\u013ea prejdenej vzdialenosti pri v\u00fdjazde. Chorv\u00e1tsko v\u0161ak teraz pon\u00faka <strong>aj digit\u00e1lne mo\u017enosti viniet (E-Vinjeta)<\/strong> pre ur\u010dit\u00e9 \u00faseky dia\u013enice, \u010do cestuj\u00facim poskytuje v\u00e4\u010d\u0161iu flexibilitu.  <\/p>\n\n<p>Chorv\u00e1tsku dia\u013eni\u010dn\u00fa sie\u0165 spravuj\u00fa <strong>HAC (Hrvatske Autoceste)<\/strong> a <strong>AZM (Autocesta Zagreb-Macelj).<\/strong> Od janu\u00e1ra 2023 Chorv\u00e1tsko prijalo <strong>euro (EUR)<\/strong> ako svoju menu, \u010do u\u013eah\u010duje platby n\u00e1v\u0161tevn\u00edkom E\u00da. <\/p>\n\n<h2 class=\"wp-block-heading\">\ud83d\udccb Mo\u017enosti platby m\u00fdta za Chorv\u00e1tsko<\/h2>\n\n<h3 class=\"wp-block-heading\">Mo\u017enos\u0165 1: Tradi\u010dn\u00e9 m\u00fdtnice (najbe\u017enej\u0161ie)<\/h3>\n\n<p>Vezmi si l\u00edstok pri vchode, zapla\u0165 pri v\u00fdchode. Prijat\u00e1 platba: <\/p>\n\n<ul class=\"wp-block-list\">\n<li><strong>Hotovos\u0165:<\/strong> EUR (chorv\u00e1tska kuna u\u017e nie je potrebn\u00e1)<\/li>\n<li><strong>Kreditn\u00e9\/debetn\u00e9 karty:<\/strong> Visa, Mastercard s\u00fa \u0161iroko akceptovan\u00e9<\/li>\n<li><strong>ENC zariadenie:<\/strong> Elektronick\u00e1 platba (vi\u010f ni\u017e\u0161ie)<\/li>\n<\/ul>\n\n<h3 class=\"wp-block-heading\">Mo\u017enos\u0165 2: Elektronick\u00e9 zariadenie ENC<\/h3>\n\n<p><strong>ENC (Elektroni\u010dka Naplata Cestarine)<\/strong> je chorv\u00e1tsky elektronick\u00fd syst\u00e9m v\u00fdberu m\u00fdta. V\u00fdhody: <\/p>\n\n<ul class=\"wp-block-list\">\n<li>R\u00fdchlej\u0161\u00ed prechod cez vyhraden\u00e9 pruhy ENC<\/li>\n<li>Mo\u017en\u00e9 z\u013eavy na m\u00fdto<\/li>\n<li>Nemus\u00edte sa zastavova\u0165 pri m\u00fdtnych br\u00e1nach<\/li>\n<li>Dostupn\u00e9 na k\u00fapu na m\u00fdtnych br\u00e1nach a servisn\u00fdch miestach<\/li>\n<\/ul>\n\n<p>Zariadenie ENC stoj\u00ed mal\u00fa z\u00e1lohu a d\u00e1 sa doplni\u0165 kreditom. Pre \u010dast\u00fdch n\u00e1v\u0161tevn\u00edkov je to ve\u013emi odpor\u00fa\u010dan\u00e9. <\/p>\n\n<h3 class=\"wp-block-heading\">Mo\u017enos\u0165 3: Digit\u00e1lna vinieta (E-Vinjeta)<\/h3>\n\n<p>Chorv\u00e1tsko teraz pon\u00faka <strong>E-Vinjeta<\/strong> (elektronick\u00e9 vignetty) pre ur\u010dit\u00e9 \u00faseky dia\u013enice, \u010do v\u00e1m umo\u017en\u00ed m\u00fdtnice \u00faplne ob\u00eds\u0165. Dostupn\u00e9 na <a href=\"https:\/\/vignettego.com\/\" title=\"Chorv&#xE1;tska digit&#xE1;lna vinieta\">VignetteGo<\/a>. <\/p>\n\n<div style=\"height:25px\" aria-hidden=\"true\" class=\"wp-block-spacer\"><\/div>\n\n<div class=\"wp-block-buttons is-content-justification-center is-layout-flex wp-container-core-buttons-is-layout-a89b3969 wp-block-buttons-is-layout-flex\">\n<div class=\"wp-block-button\"><a class=\"wp-block-button__link wp-element-button\" href=\"https:\/\/vignettego.com\/\" style=\"background-color:#28a745;color:#ffffff;padding:15px 30px;font-size:18px;border-radius:8px;\">\u2705 Z\u00edskajte eur\u00f3pske vignety \u2013 v\u0161etky krajiny \u2013 na VignetteGo<\/a><\/div>\n<\/div>\n\n<div style=\"height:25px\" aria-hidden=\"true\" class=\"wp-block-spacer\"><\/div>\n\n<h2 class=\"wp-block-heading\">\ud83d\udcb0 Ceny m\u00fdta na chorv\u00e1tskych dia\u013eniciach 2026<\/h2>\n\n<p>Chorv\u00e1tske m\u00fdto je zalo\u017een\u00e9 na vzdialenosti, tak\u017ee cena z\u00e1vis\u00ed od va\u0161ej trasy. Tu s\u00fa pribli\u017en\u00e9 ceny be\u017en\u00fdch tr\u00e1s (kateg\u00f3ria I \u2013 be\u017en\u00e9 aut\u00e1): <\/p>\n\n<figure class=\"wp-block-table\"><table><thead><tr><th>Trasa<\/th><th>Vzdialenos\u0165<\/th><th>Pribli\u017en\u00e9 m\u00fdto <\/th><\/tr><\/thead><tbody><tr><td><strong>Z\u00e1hreb \u2013 Split<\/strong><\/td><td>~400 km<\/td><td>~25 EUR<\/td><\/tr><tr><td><strong>Z\u00e1hreb \u2013 Rijeka<\/strong><\/td><td>~170 km<\/td><td>~EUR 8<\/td><\/tr><tr><td><strong>Z\u00e1hreb \u2013 Zadar<\/strong><\/td><td>~280 km<\/td><td>~EUR 17<\/td><\/tr><tr><td><strong>Split \u2013 Dubrovn\u00edk<\/strong><\/td><td>~220 km<\/td><td>~EUR 12<\/td><\/tr><tr><td><strong>Z\u00e1hreb \u2013 Dubrovn\u00edk<\/strong><\/td><td>~600 km<\/td><td>~EUR 35<\/td><\/tr><tr><td><strong>\u013dub\u013eana \u2013 Z\u00e1hreb<\/strong><\/td><td>~140 km<\/td><td>~EUR 7<\/td><\/tr><\/tbody><\/table><\/figure>\n\n<p><strong>Pozn\u00e1mka:<\/strong> Ceny s\u00fa v\u00fdpovedn\u00e9. Skuto\u010dn\u00e9 m\u00fdta sa m\u00f4\u017eu mierne l\u00ed\u0161i\u0165 v z\u00e1vislosti od konkr\u00e9tnych vstupn\u00fdch\/v\u00fdstupn\u00fdch bodov a kateg\u00f3rie vozidla. <\/p>\n\n<h2 class=\"wp-block-heading\">\ud83d\udee3\ufe0f Chorv\u00e1tska dia\u013eni\u010dn\u00e1 sie\u0165<\/h2>\n\n<p>Chorv\u00e1tsko m\u00e1 vynikaj\u00facu dia\u013eni\u010dn\u00fa sie\u0165 sp\u00e1jaj\u00facu hlavn\u00e9 mest\u00e1 a pobre\u017eie. Tu s\u00fa hlavn\u00e9 trasy: <\/p>\n\n<h3 class=\"wp-block-heading\">A1 \u2013 Dalmat\u00ednska dia\u013enica<\/h3>\n\n<p>Najd\u00f4le\u017eitej\u0161ia turistick\u00e1 trasa sp\u00e1ja <strong>Z\u00e1hreb so Splitom a pokra\u010duje smerom k Dubrovn\u00edku<\/strong>. T\u00e1to \u00fachvatn\u00e1 dia\u013enica vedie paralelne s Jadransk\u00fdm pobre\u017e\u00edm a pon\u00faka pr\u00edstup ku v\u0161etk\u00fdm hlavn\u00fdm pobre\u017en\u00fdm destin\u00e1ci\u00e1m. Celkov\u00e1 d\u013a\u017eka: pribli\u017ene 550 km. Obsahuje nieko\u013eko p\u00f4sobiv\u00fdch mostov a tunelov cez Din\u00e1rske Alpy.   <\/p>\n\n<h3 class=\"wp-block-heading\">A2 \u2013 Z\u00e1hreb po Macelj (hranica so Slovinskom)<\/h3>\n\n<p>Sp\u00e1ja Z\u00e1hreb so Slovinskom, pokra\u010duje do \u013dub\u013eany a \u010falej. Hlavn\u00e1 trasa pre cestovate\u013eov prich\u00e1dzaj\u00facich zo strednej Eur\u00f3py. D\u013a\u017eka: pribli\u017ene 60 km v Chorv\u00e1tsku.  <\/p>\n\n<h3 class=\"wp-block-heading\">A3 \u2013 Bregana a\u017e Lipovac<\/h3>\n\n<p>V\u00fdchodo-z\u00e1padn\u00e1 trasa sp\u00e1jaj\u00faca slovinsk\u00fa hranicu (Bregana) cez Z\u00e1hreb so srbskou hranicou (Lipovac). S\u00fa\u010das\u0165 eur\u00f3pskeho koridoru E70. D\u013a\u017eka: pribli\u017ene 300 km.  <\/p>\n\n<h3 class=\"wp-block-heading\">A4 \u2013 Z\u00e1hreb po Gori\u010dan (hranica s Ma\u010farskom)<\/h3>\n\n<p>Sp\u00e1ja Z\u00e1hreb s Ma\u010farskom, hlavn\u00e1 trasa pre cestovate\u013eov prich\u00e1dzaj\u00facich z Budape\u0161ti. D\u013a\u017eka: pribli\u017ene 97 km. <\/p>\n\n<h3 class=\"wp-block-heading\">A6 \u2013 obchvat Rijeky<\/h3>\n\n<p>Sp\u00e1ja dia\u013enicu A1 v Bosiljeve s Rijekou a Istrijsk\u00fdm polostrovom. Nevyhnutn\u00e9 na dosiahnutie Istrie zo Z\u00e1hrebu. <\/p>\n\n<h3 class=\"wp-block-heading\">A7\/A8\/A9 \u2013 Istrijsk\u00fd Y<\/h3>\n\n<p>Sie\u0165 dia\u013enic obsluhuj\u00facich Istrijsk\u00fd polostrov, sp\u00e1jaj\u00facich Rijeku s Pulou a \u010fal\u0161\u00edmi istrijsk\u00fdmi destin\u00e1ciami. V\u0161eobecne m\u00e1 ni\u017e\u0161iu prem\u00e1vku ako na A1. <\/p>\n\n<div style=\"height:25px\" aria-hidden=\"true\" class=\"wp-block-spacer\"><\/div>\n\n<div class=\"wp-block-buttons is-content-justification-center is-layout-flex wp-container-core-buttons-is-layout-a89b3969 wp-block-buttons-is-layout-flex\">\n<div class=\"wp-block-button\"><a class=\"wp-block-button__link wp-element-button\" href=\"https:\/\/vignettego.com\/\" style=\"background-color:#ff6600;color:#ffffff;padding:15px 30px;font-size:18px;border-radius:8px;\">\ud83d\uded2 Z\u00edskajte svoje eur\u00f3pske pr\u00edbehy teraz na VignetteGo<\/a><\/div>\n<\/div>\n\n<div style=\"height:25px\" aria-hidden=\"true\" class=\"wp-block-spacer\"><\/div>\n\n<h2 class=\"wp-block-heading\">\ud83d\uddfa\ufe0f Popul\u00e1rne chorv\u00e1tske cesty na cestovanie autom<\/h2>\n\n<h3 class=\"wp-block-heading\">Z\u00e1hreb \u2013 Split (Dalmat\u00ednska dia\u013enica A1)<\/h3>\n\n<p><strong>Vzdialenos\u0165:<\/strong> ~400 km | <strong>Trvanie:<\/strong> 4-4,5 hodiny | <strong>M\u00fdto:<\/strong> ~EUR 25<\/p>\n\n<p>Klasick\u00e1 chorv\u00e1tska cesta autom. A1 je modern\u00e1, dobre udr\u017eiavan\u00e1 dia\u013enica s vynikaj\u00facimi servisn\u00fdmi oblas\u0165ami. Zv\u00e1\u017ete zast\u00e1vku v N\u00e1rodnom parku Plitvick\u00fdch jazier (v\u00fdstup z Gornja Plo\u010da) \u2013 jednej z najkraj\u0161\u00edch pr\u00edrodn\u00fdch atrakci\u00ed Chorv\u00e1tska.  <\/p>\n\n<h3 class=\"wp-block-heading\">Z\u00e1hreb a\u017e Dubrovn\u00edk<\/h3>\n\n<p><strong>Vzdialenos\u0165:<\/strong> ~600 km | <strong>D\u013a\u017eka:<\/strong> 5,5-6 hod\u00edn | <strong>M\u00fdto:<\/strong> ~EUR 35<\/p>\n\n<p>Ultim\u00e1tny chorv\u00e1tsky road trip, ktor\u00fd kon\u010d\u00ed v \u00fachvatnom opevnenom meste Dubrovn\u00edk. Upozor\u0148ujeme, \u017ee t\u00e1to trasa kr\u00e1tko prech\u00e1dza <strong>Bosnou a Hercegovinou<\/strong> na koridore Neum (bez m\u00fdta, ale je potrebn\u00e9 ma\u0165 pas). Alternat\u00edvne m\u00f4\u017eete prejs\u0165 Pelje\u0161ack\u00fdm mostom a zosta\u0165 \u00faplne v Chorv\u00e1tsku.  <\/p>\n\n<h3 class=\"wp-block-heading\">\u013dub\u013eana (Slovinsko) po Z\u00e1hreb<\/h3>\n\n<p><strong>Vzdialenos\u0165:<\/strong> ~140 km | <strong>D\u013a\u017eka:<\/strong> 1,5-2 hodiny | <strong>M\u00fdto:<\/strong> ~EUR 7 (Chorv\u00e1tsko) + slovinsk\u00e1 vinieta<\/p>\n\n<p>Hlavn\u00e1 trasa zo strednej Eur\u00f3py. Na slovinsk\u00fa \u010das\u0165 cesty budete potrebova\u0165 <a href=\"https:\/\/vignettego.com\/highway-vignette-europe\/sk\/slovinska-dialnicna-znamka-2026-kompletny-sprievodca\/\">slovinsk\u00fa E-Vinjetu<\/a> . <\/p>\n\n<h3 class=\"wp-block-heading\">Istrijsk\u00e1 pobre\u017en\u00e1 cesta<\/h3>\n\n<p><strong>Trasa:<\/strong> Rijeka \u2192 Opatija \u2192 Pula \u2192 Rovinj \u2192 Pore\u010d \u2192 sp\u00e4\u0165 do Rijeky<\/p>\n\n<p>Presk\u00famajte kr\u00e1sny Istrijsk\u00fd polostrov s taliansky ovplyvnenou kuchy\u0148ou, dedinkami na kopcoch a o\u010daruj\u00facimi pobre\u017en\u00fdmi mestami. Menej preplnen\u00e9 ako dalm\u00e1tske pobre\u017eie. <\/p>\n\n<h2 class=\"wp-block-heading\">\ud83d\udca1 Tipy na jazdu v Chorv\u00e1tsku na rok 2026<\/h2>\n\n<h3 class=\"wp-block-heading\">Mena<\/h3>\n\n<p>Od janu\u00e1ra 2023 Chorv\u00e1tsko pou\u017e\u00edva <strong>euro (EUR).<\/strong> Nie je potrebn\u00e9 vymie\u0148a\u0165 peniaze, ak prich\u00e1dzate z inej krajiny euroz\u00f3ny. Kreditn\u00e9 karty s\u00fa \u0161iroko akceptovan\u00e9.  <\/p>\n\n<h3 class=\"wp-block-heading\">R\u00fdchlostn\u00e9 limity<\/h3>\n\n<ul class=\"wp-block-list\">\n<li><strong>Dia\u013enice:<\/strong> 130 km\/h<\/li>\n<li><strong>N\u00e1rodn\u00e9 cesty:<\/strong> 90 km\/h<\/li>\n<li><strong>Mestsk\u00e9 oblasti:<\/strong> 50 km\/h<\/li>\n<\/ul>\n\n<h3 class=\"wp-block-heading\">Letn\u00e1 doprava<\/h3>\n\n<p><strong>Upozornenie:<\/strong> Cesta A1 smerom k pobre\u017eiu za\u017e\u00edva <strong>extr\u00e9mne hust\u00fa prem\u00e1vku<\/strong> po\u010das j\u00fala a augusta, najm\u00e4 v sobotu (de\u0148 v\u00fdmeny pre t\u00fd\u017edenn\u00e9 pren\u00e1jmy). Cestujte skoro r\u00e1no alebo neskoro ve\u010der, aby ste sa vyhli najhor\u0161ej z\u00e1pche. <\/p>\n\n<h3 class=\"wp-block-heading\">Po\u017eadovan\u00e9 vybavenie<\/h3>\n\n<ul class=\"wp-block-list\">\n<li>Varovn\u00fd trojuholn\u00edk<\/li>\n<li>Reflexn\u00e1 vesta<\/li>\n<li>Lek\u00e1rni\u010dka<\/li>\n<li>Svetl\u00e1 zapnut\u00e9 po\u010das jazdy<\/li>\n<\/ul>\n\n<h2 class=\"wp-block-heading\" id=\"faq-section\">\u2753 \u010casto kladen\u00e9 ot\u00e1zky<\/h2>\n\n<h3 class=\"wp-block-heading\">Potrebujem vinietu alebo plati\u0165 na m\u00fdtnych b\u00fadkach v Chorv\u00e1tsku?<\/h3>\n\n<p>M\u00f4\u017eete pou\u017ei\u0165 ktor\u00fdko\u013evek syst\u00e9m. Tradi\u010dn\u00e9 m\u00fdtne br\u00e1ny funguj\u00fa na princ\u00edpe platby pod\u013ea vzdialenosti. Alternat\u00edvne s\u00fa teraz dostupn\u00e9 digit\u00e1lne viniety (E-Vinjeta) pre ur\u010dit\u00e9 \u010dasti.  <\/p>\n\n<h3 class=\"wp-block-heading\">M\u00f4\u017eem \u00eds\u0165 autom do Dubrovn\u00edka bez toho, aby som opustil Chorv\u00e1tsko?<\/h3>\n\n<p>\u00c1no! Od otvorenia Pelje\u0161ack\u00e9ho mosta v roku 2022 m\u00f4\u017eete teraz jazdi\u0165 zo Splitu do Dubrovn\u00edka bez prechodu cez koridor Bosnia-Hercegovina Neum. <\/p>\n\n<h3 class=\"wp-block-heading\">Stoj\u00ed zariadenie ENC za to?<\/h3>\n\n<p>Pre \u010dast\u00fdch n\u00e1v\u0161tevn\u00edkov alebo t\u00fdch, ktor\u00ed zost\u00e1vaj\u00fa viac t\u00fd\u017ed\u0148ov, \u00e1no. Na jednu cestu s\u00fa praktickej\u0161ie m\u00fdtne br\u00e1ny alebo digit\u00e1lne vignety. <\/p>\n\n<div style=\"height:25px\" aria-hidden=\"true\" class=\"wp-block-spacer\"><\/div>\n\n<div class=\"wp-block-buttons is-content-justification-center is-layout-flex wp-container-core-buttons-is-layout-a89b3969 wp-block-buttons-is-layout-flex\">\n<div class=\"wp-block-button\"><a class=\"wp-block-button__link wp-element-button\" href=\"https:\/\/vignettego.com\/\" style=\"background-color:#e91e63;color:#ffffff;padding:15px 30px;font-size:18px;border-radius:8px;\">\ud83d\ude97 Z\u00edskajte svoje eur\u00f3pske dia\u013eni\u010dn\u00e9 viniety na VignetteGo \u2192<\/a><\/div>\n<\/div>\n\n<div style=\"height:25px\" aria-hidden=\"true\" class=\"wp-block-spacer\"><\/div>\n\n<h2 class=\"wp-block-heading\">\ud83c\udfd6\ufe0f Pre\u010do nav\u0161t\u00edvi\u0165 Chorv\u00e1tsko?<\/h2>\n\n<ul class=\"wp-block-list\">\n<li><strong>Ohromuj\u00face pobre\u017eie:<\/strong> Viac ako 1 000 ostrovov a kri\u0161t\u00e1\u013eovo \u010dist\u00e9 jadrack\u00e9 vody<\/li>\n<li><strong>Historick\u00e9 mest\u00e1:<\/strong> Dubrovn\u00edk, Split, Zadar \u2013 lokality svetov\u00e9ho dedi\u010dstva UNESCO<\/li>\n<li><strong>Lokality Game of Thrones:<\/strong> Dubrovn\u00edk sl\u00fa\u017eil ako Kr\u00e1\u013eov pr\u00edstav<\/li>\n<li><strong>Plitvick\u00e9 jazer\u00e1:<\/strong> \u00dachvatn\u00fd n\u00e1rodn\u00fd park s padaj\u00facimi vodop\u00e1dmi<\/li>\n<li><strong>Istria:<\/strong> Taliansky ovplyvnen\u00e1 kuchy\u0148a, h\u013eadanie h\u013euzoviek, dediny na kopcoch<\/li>\n<li><strong>P\u00e1rty sc\u00e9na:<\/strong> Pl\u00e1\u017e Zr\u0107e je &#8220;chorv\u00e1tska Ibiza&#8221;<\/li>\n<\/ul>\n\n<h2 class=\"wp-block-heading\">\ud83d\udccd Z\u00e1ver<\/h2>\n\n<p>Chorv\u00e1tsko pon\u00faka niektor\u00e9 z najodme\u0148uj\u00facej\u0161\u00edch eur\u00f3pskych v\u00fdletov autom, od dramatickej dia\u013enice A1 a\u017e po k\u013eukat\u00e9 pobre\u017en\u00e9 cesty a o\u010daruj\u00face istrijsk\u00e9 dediny. \u010ci u\u017e preferujete tradi\u010dn\u00e9 m\u00fdtne br\u00e1ny, elektronick\u00fd syst\u00e9m ENC alebo nov\u00e9 mo\u017enosti digit\u00e1lnych viniet, pohyb po Chorv\u00e1tsku autom je jednoduch\u00fd. <\/p>\n\n<p>Do Chorv\u00e1tska sa dostanete zo strednej Eur\u00f3py pravdepodobne cez <a href=\"https:\/\/vignettego.com\/highway-vignette-europe\/sk\/slovinska-dialnicna-znamka-2026-kompletny-sprievodca\/\">Slovinsko<\/a> alebo <a href=\"https:\/\/vignettego.com\/highway-vignette-europe\/sk\/madarska-dialnicna-znamka-2026-kompletny-sprievodca\/\">Ma\u010farsko<\/a>. Z\u00edskajte v\u0161etky svoje viniety na jednom mieste na <a href=\"https:\/\/vignettego.com\/\" title=\"VignetteGo - eur&#xF3;pske dia&#x13E;ni&#x10D;n&#xE9; sc&#xE9;ny\">VignetteGo<\/a>. <\/p>\n\n<p><strong>U\u017eite si chorv\u00e1tske pobre\u017eie! \ud83c\udded\ud83c\uddf7\ud83c\udfd6\ufe0f <\/strong><\/p>\n\n<p><strong>S\u00favisiace sprievodcov:<\/strong> <a href=\"https:\/\/vignettego.com\/highway-vignette-europe\/sk\/slovinska-dialnicna-znamka-2026-kompletny-sprievodca\/\">Slovinsko E-Vinjeta<\/a> | <a href=\"https:\/\/vignettego.com\/highway-vignette-europe\/sk\/madarska-dialnicna-znamka-2026-kompletny-sprievodca\/\">Ma\u010farsko E-Matrica<\/a> | <a href=\"https:\/\/vignettego.com\/\">V\u0161etky eur\u00f3pske pr\u00edbehy<\/a><\/p>\n","protected":false},"excerpt":{"rendered":"<p>Chorv\u00e1tsko je jednou z najob\u013e\u00fabenej\u0161\u00edch letn\u00fdch destin\u00e1ci\u00ed v Eur\u00f3pe, zn\u00e1me svoj\u00edm \u00fachvatn\u00fdm jadransk\u00fdm pobre\u017e\u00edm, kri\u0161t\u00e1\u013eovo \u010dist\u00fdmi vodami, historick\u00fdmi mestami ako Dubrovn\u00edk a Split a kr\u00e1snymi ostrovmi. Cesta autom do Chorv\u00e1tska otv\u00e1ra neuverite\u013en\u00e9 mo\u017enosti \u2013 od starobyl\u00fdch hradieb Dubrovn\u00edka cez pl\u00e1\u017ee na p\u00e1rty v Zr\u0107e, vodop\u00e1dy Plitvick\u00fdch jazier a\u017e po o\u010daruj\u00facu Istriu. Tento sprievodca vysvet\u013euje v\u0161etko [&hellip;]<\/p>\n","protected":false},"author":0,"featured_media":0,"parent":0,"menu_order":0,"comment_status":"closed","ping_status":"closed","template":"","meta":{"footnotes":""},"class_list":["post-1062","page","type-page","status-publish","hentry"],"_links":{"self":[{"href":"https:\/\/vignettego.com\/highway-vignette-europe\/sk\/wp-json\/wp\/v2\/pages\/1062","targetHints":{"allow":["GET"]}}],"collection":[{"href":"https:\/\/vignettego.com\/highway-vignette-europe\/sk\/wp-json\/wp\/v2\/pages"}],"about":[{"href":"https:\/\/vignettego.com\/highway-vignette-europe\/sk\/wp-json\/wp\/v2\/types\/page"}],"replies":[{"embeddable":true,"href":"https:\/\/vignettego.com\/highway-vignette-europe\/sk\/wp-json\/wp\/v2\/comments?post=1062"}],"version-history":[{"count":3,"href":"https:\/\/vignettego.com\/highway-vignette-europe\/sk\/wp-json\/wp\/v2\/pages\/1062\/revisions"}],"predecessor-version":[{"id":1465,"href":"https:\/\/vignettego.com\/highway-vignette-europe\/sk\/wp-json\/wp\/v2\/pages\/1062\/revisions\/1465"}],"wp:attachment":[{"href":"https:\/\/vignettego.com\/highway-vignette-europe\/sk\/wp-json\/wp\/v2\/media?parent=1062"}],"curies":[{"name":"wp","href":"https:\/\/api.w.org\/{rel}","templated":true}]}}