{"id":1060,"date":"2026-01-04T01:37:39","date_gmt":"2026-01-04T01:37:39","guid":{"rendered":"https:\/\/vignettego.com\/highway-vignette-europe\/madarska-dialnicna-znamka-2026-kompletny-sprievodca\/"},"modified":"2026-01-04T12:49:58","modified_gmt":"2026-01-04T12:49:58","slug":"madarska-dialnicna-znamka-2026-kompletny-sprievodca","status":"publish","type":"page","link":"https:\/\/vignettego.com\/highway-vignette-europe\/sk\/madarska-dialnicna-znamka-2026-kompletny-sprievodca\/","title":{"rendered":"Ma\u010farsk\u00e1 dia\u013eni\u010dn\u00e1 vigneta 2026: Kompletn\u00fd sprievodca E-Matrica"},"content":{"rendered":"\n<script type=\"application\/ld+json\">{\n    \"@context\": \"https:\/\/schema.org\",\n    \"@graph\": [\n        {\n            \"@type\": \"Article\",\n            \"@id\": \"https:\/\/vignettego.com\/highway-vignette-europe\/hungary-highway-vignette-guide\/#article\",\n            \"headline\": \"Hungary Highway Vignette 2026: Complete E-Matrica Guide\",\n            \"description\": \"Everything about the Hungarian E-Matrica system 2026: prices, validity, how to buy online, and essential tips for driving on Hungarian motorways. Your complete guide to the electronic vignette.\",\n            \"image\": \"https:\/\/vignettego.com\/highway-vignette-europe\/wp-content\/uploads\/2026\/09\/Highway-Vignette-Europe.jpg\",\n            \"datePublished\": \"2026-01-04\",\n            \"dateModified\": \"2026-01-04\",\n            \"author\": {\"@type\": \"Organization\", \"name\": \"VignetteGo\", \"url\": \"https:\/\/vignettego.com\"},\n            \"publisher\": {\"@type\": \"Organization\", \"name\": \"VignetteGo\"},\n            \"mainEntityOfPage\": {\"@type\": \"WebPage\", \"@id\": \"https:\/\/vignettego.com\/highway-vignette-europe\/hungary-highway-vignette-guide\/\"},\n            \"articleSection\": \"Highway Vignettes\",\n            \"keywords\": [\"Hungary vignette\", \"E-Matrica\", \"Hungarian motorway\", \"Budapest driving\", \"M1 motorway\", \"Hungary toll\"],\n            \"inLanguage\": \"en\",\n            \"speakable\": {\"@type\": \"SpeakableSpecification\", \"cssSelector\": [\".article-intro\", \"#faq-section\"]}\n        },\n        {\n            \"@type\": \"BreadcrumbList\",\n            \"itemListElement\": [\n                {\"@type\": \"ListItem\", \"position\": 1, \"name\": \"VignetteGo\", \"item\": \"https:\/\/vignettego.com\/\"},\n                {\"@type\": \"ListItem\", \"position\": 2, \"name\": \"Highway Vignette Europe\", \"item\": \"https:\/\/vignettego.com\/highway-vignette-europe\/\"},\n                {\"@type\": \"ListItem\", \"position\": 3, \"name\": \"Hungary Guide\", \"item\": \"https:\/\/vignettego.com\/highway-vignette-europe\/hungary-highway-vignette-guide\/\"}\n            ]\n        },\n        {\n            \"@type\": \"FAQPage\",\n            \"mainEntity\": [\n                {\"@type\": \"Question\", \"name\": \"How much does a Hungarian E-Matrica cost?\", \"acceptedAnswer\": {\"@type\": \"Answer\", \"text\": \"For 2026, the D1 category (standard cars) costs approximately: 10-day regional HUF 4,270, 10-day national HUF 5,950, monthly HUF 6,590, and annual HUF 57,420. Prices may be adjusted.\"}},\n                {\"@type\": \"Question\", \"name\": \"Can I buy the Hungarian E-Matrica online?\", \"acceptedAnswer\": {\"@type\": \"Answer\", \"text\": \"Yes, you can purchase the E-Matrica online at VignetteGo or the official Hungarian motorway website. Registration is linked to your license plate, so no physical sticker is needed.\"}},\n                {\"@type\": \"Question\", \"name\": \"What is the difference between regional and national E-Matrica?\", \"acceptedAnswer\": {\"@type\": \"Answer\", \"text\": \"Regional E-Matrica (D1 REGIONAL) covers only the main transit routes (M1, M5, M7 etc.), while National E-Matrica (D1) covers the entire motorway network including all M and R roads.\"}},\n                {\"@type\": \"Question\", \"name\": \"What if I drive without a vignette in Hungary?\", \"acceptedAnswer\": {\"@type\": \"Answer\", \"text\": \"Fines for driving without a valid E-Matrica are significant\u2014from HUF 14,875 to HUF 88,500 depending on vehicle category. Enforcement is done via cameras, so non-compliance is easily detected.\"}},\n                {\"@type\": \"Question\", \"name\": \"Do I need a vignette for all roads in Hungary?\", \"acceptedAnswer\": {\"@type\": \"Answer\", \"text\": \"No, only motorways (M roads) and expressways (R roads) require a vignette. Regular national roads and local roads are free to use.\"}}\n            ]\n        }\n    ]\n}\n<\/script>\n\n<figure class=\"wp-block-image aligncenter size-large\"><img decoding=\"async\" src=\"https:\/\/vignettego.com\/highway-vignette-europe\/wp-content\/uploads\/2026\/09\/Highway-Vignette-Europe.jpg\" alt=\"Ma&#x10F;arsko E-Matrica 2026 - Kompletn&#xFD; sprievodca ma&#x10F;arskou dia&#x13E;ni&#x10D;nou sc&#xE9;nou\" style=\"width:100%; height:auto; margin-bottom:20px;\"\/><\/figure>\n\n<p class=\"article-intro\">Ma\u010farsko sa nach\u00e1dza na kri\u017eovatke strednej Eur\u00f3py, \u010do z neho rob\u00ed k\u013e\u00fa\u010dov\u00fa tranzitn\u00fa krajinu pre cestovate\u013eov smeruj\u00facich na Balk\u00e1n, do Rak\u00faska, na Slovensko alebo do Rumunska. Od n\u00e1dhernej budovy parlamentu v Budape\u0161ti cez term\u00e1lne k\u00fapele H\u00e9v\u00edz, vin\u00e1rsku krajinu Tokaj a\u017e po roz\u013eahl\u00e9 roviny Puszty, Ma\u010farsko pon\u00faka bohat\u00e9 kult\u00farne z\u00e1\u017eitky. Tento sprievodca pokr\u00fdva v\u0161etko o <strong>ma\u010farskej E-Matrice (elektronickej vignette)<\/strong> pre rok 2026: ceny, typy platnosti, kde k\u00fapi\u0165 a z\u00e1kladn\u00e9 tipy na jazdu po ma\u010farsk\u00fdch dia\u013eniciach.  <\/p>\n\n<div style=\"height:25px\" aria-hidden=\"true\" class=\"wp-block-spacer\"><\/div>\n\n<div class=\"wp-block-buttons is-content-justification-center is-layout-flex wp-container-core-buttons-is-layout-a89b3969 wp-block-buttons-is-layout-flex\">\n<div class=\"wp-block-button\"><a class=\"wp-block-button__link wp-element-button\" href=\"https:\/\/vignettego.com\/\" style=\"background-color:#0066cc;color:#ffffff;padding:15px 30px;font-size:18px;border-radius:8px;\">\ud83d\ude97 Z\u00edskajte svoju ma\u010farsk\u00fa E-Matrica na VignetteGo<\/a><\/div>\n<\/div>\n\n<div style=\"height:25px\" aria-hidden=\"true\" class=\"wp-block-spacer\"><\/div>\n\n<h2 class=\"wp-block-heading\">\ud83c\udded\ud83c\uddfa \u010co je ma\u010farsk\u00e1 E-Matrica?<\/h2>\n\n<p>Ma\u010farsko bolo jednou z prv\u00fdch eur\u00f3pskych kraj\u00edn, ktor\u00e9 v roku 2008 prijali <strong>plne elektronick\u00fd syst\u00e9m viniet (E-Matrica).<\/strong> Fyzick\u00e1 n\u00e1lepka nie je potrebn\u00e1 \u2013 \u010d\u00edslo va\u0161ej eviden\u010dnej zna\u010dky je registrovan\u00e9 v n\u00e1rodnej datab\u00e1ze m\u00fdta a kamerov\u00e9 syst\u00e9my pozd\u013a\u017e dia\u013enic automaticky overuj\u00fa stav va\u0161ej vignette. <\/p>\n\n<p>Syst\u00e9m E-Matrica pokr\u00fdva v\u0161etky <strong>ma\u010farsk\u00e9 dia\u013enice (M cesty)<\/strong> a <strong>r\u00fdchlostn\u00e9 cesty (R cesty).<\/strong> Be\u017en\u00e9 n\u00e1rodn\u00e9 cesty (hlavn\u00e9 cesty \u010d\u00edslovan\u00e9 1-9, ved\u013eaj\u0161ie cesty 10-99 at\u010f.) s\u00fa vo\u013ene pou\u017eite\u013en\u00e9 bez viniety. <\/p>\n\n<h2 class=\"wp-block-heading\">\ud83d\udcb0 Ceny E-Matrica 2026<\/h2>\n\n<p>Ceny s\u00fa v ma\u010farsk\u00fdch forintoch (HUF). Ma\u010farsko pou\u017e\u00edva vlastn\u00fa menu a neprijalo euro. Aktu\u00e1lny v\u00fdmenn\u00fd kurz je pribli\u017ene 1 EUR = 400 HUF.  <\/p>\n\n<h3 class=\"wp-block-heading\">Kateg\u00f3ria D1 (Aut\u00e1 do 3,5 tony)<\/h3>\n\n<figure class=\"wp-block-table\"><table><thead><tr><th>Typ viniety<\/th><th>Cena (HUF)<\/th><th>Pribli\u017ene EUR <\/th><\/tr><\/thead><tbody><tr><td><strong>10-d\u0148ov\u00e9 region\u00e1lne preteky<\/strong><\/td><td>4 270 HUF<\/td><td>~EUR 11<\/td><\/tr><tr><td><strong>10-d\u0148ov\u00e1 n\u00e1rodn\u00e1 s\u00fa\u0165a\u017e<\/strong><\/td><td>5 950 HUF<\/td><td>~EUR 15<\/td><\/tr><tr><td><strong>Mesa\u010dn\u00fd n\u00e1rodn\u00fd \u010dasopis<\/strong><\/td><td>6 590 HUF<\/td><td>~EUR 16<\/td><\/tr><tr><td><strong>Ka\u017edoro\u010dn\u00fd n\u00e1rodn\u00fd turnaj<\/strong><\/td><td>57 420 HUF<\/td><td>~EUR 143<\/td><\/tr><\/tbody><\/table><\/figure>\n\n<h3 class=\"wp-block-heading\">Region\u00e1lna vs N\u00e1rodn\u00e1 E-Matrica<\/h3>\n\n<p><strong>Region\u00e1lna E-Matrica (D1 REGION\u00c1LNA):<\/strong> Pokr\u00fdva iba hlavn\u00e9 dopravn\u00e9 koridory:<\/p>\n\n<ul class=\"wp-block-list\">\n<li>M1 (Viede\u0148-Budape\u0161\u0165)<\/li>\n<li>M5 (hranica Budape\u0161ti, Szegedu a Srbska)<\/li>\n<li>M7 (hranica Budape\u0161ti-jazera Balaton-Chorv\u00e1tska)<\/li>\n<li>M3 (hranica Budape\u0161\u0165-Debrec\u00e9n-Ukrajina) \u2013 vybran\u00e9 \u00faseky<\/li>\n<li>M15, M30, M31, M35 \u2013 vybran\u00e9 \u00faseky<\/li>\n<\/ul>\n\n<p><strong>N\u00e1rodn\u00e1 E-Matrica (D1):<\/strong> Pokr\u00fdva <strong>cel\u00fa sie\u0165 dia\u013enic<\/strong>, vr\u00e1tane:<\/p>\n\n<ul class=\"wp-block-list\">\n<li>V\u0161etky M-cesty (M0, M1, M2, M3, M4, M5, M6, M7, M15, M30, M31, M35, M43, M44, M70, M85, M86)<\/li>\n<li>V\u0161etky R-cesty (r\u00fdchlostn\u00e9 cesty)<\/li>\n<\/ul>\n\n<p><strong>Tip:<\/strong> Ak pl\u00e1nujete presk\u00fama\u0165 Ma\u010farsko aj mimo hlavn\u00fdch dopravn\u00fdch koridorov (napr. nav\u0161t\u00edvi\u0165 rezorty pri jazere Balaton, P\u00e9cs, regi\u00f3n Tokaj), zaobstarajte si N\u00e1rodn\u00fa E-Matricu.<\/p>\n\n<h2 class=\"wp-block-heading\">\ud83d\uded2 Kde k\u00fapi\u0165 ma\u010farsk\u00fa E-Matricu<\/h2>\n\n<h3 class=\"wp-block-heading\">Online (odpor\u00fa\u010dan\u00e9)<\/h3>\n\n<p>Najjednoduch\u0161\u00ed sp\u00f4sob n\u00e1kupu je online pred cestou:<\/p>\n\n<ul class=\"wp-block-list\">\n<li><strong><a href=\"https:\/\/vignettego.com\/\">VignetteGo<\/a><\/strong> \u2013 R\u00fdchly n\u00e1kup s okam\u017eit\u00fdm potvrden\u00edm<\/li>\n<li>Ofici\u00e1lna webov\u00e1 str\u00e1nka ma\u010farskej dia\u013enice (ematrica.nemzetiutdij.hu)<\/li>\n<\/ul>\n\n<p>V\u00fdhody online n\u00e1kupu: \u017eiadne \u010dakanie na \u010derpac\u00edch staniciach pri hranici, okam\u017eit\u00e1 aktiv\u00e1cia, digit\u00e1lne potvrdenie na telef\u00f3ne.<\/p>\n\n<h3 class=\"wp-block-heading\">Fyzick\u00e9 n\u00e1kupn\u00e9 body<\/h3>\n\n<ul class=\"wp-block-list\">\n<li>\u010cerpacie stanice (MOL, Shell, OMV) po celom Ma\u010farsku<\/li>\n<li>Hrani\u010dn\u00e9 prechody<\/li>\n<li>Po\u0161tov\u00e9 \u00farady<\/li>\n<li>Centr\u00e1 z\u00e1kazn\u00edckeho servisu<\/li>\n<\/ul>\n\n<div style=\"height:25px\" aria-hidden=\"true\" class=\"wp-block-spacer\"><\/div>\n\n<div class=\"wp-block-buttons is-content-justification-center is-layout-flex wp-container-core-buttons-is-layout-a89b3969 wp-block-buttons-is-layout-flex\">\n<div class=\"wp-block-button\"><a class=\"wp-block-button__link wp-element-button\" href=\"https:\/\/vignettego.com\/\" style=\"background-color:#28a745;color:#ffffff;padding:15px 30px;font-size:18px;border-radius:8px;\">\u2705 Z\u00edskajte eur\u00f3pske vignety \u2013 8 kraj\u00edn \u2013 na VignetteGo<\/a><\/div>\n<\/div>\n\n<div style=\"height:25px\" aria-hidden=\"true\" class=\"wp-block-spacer\"><\/div>\n\n<h2 class=\"wp-block-heading\">\ud83d\udee3\ufe0f Ma\u010farsk\u00e1 dia\u013eni\u010dn\u00e1 sie\u0165<\/h2>\n\n<p>Ma\u010farsk\u00e1 dia\u013eni\u010dn\u00e1 sie\u0165 vy\u017earuje z Budape\u0161ti ako hviezda a sp\u00e1ja hlavn\u00e9 mesto so v\u0161etk\u00fdmi susedn\u00fdmi krajinami.<\/p>\n\n<h3 class=\"wp-block-heading\">M0 \u2013 Budape\u0161tianska okru\u017en\u00e1 cesta<\/h3>\n\n<p>Okru\u017en\u00e1 dia\u013enica okolo Budape\u0161ti, sp\u00e1jaj\u00faca v\u0161etky hlavn\u00e9 radi\u00e1lne dia\u013enice. Nevyhnutn\u00e9 na vyh\u00fdbanie sa prem\u00e1vke v centre mesta pri prechode cez Ma\u010farsko. <\/p>\n\n<h3 class=\"wp-block-heading\">M1 \u2013 Budape\u0161\u0165 a\u017e Viede\u0148<\/h3>\n\n<p>Hlavn\u00fd koridor do <strong>Rak\u00faska<\/strong>, sp\u00e1jaj\u00faci Budape\u0161\u0165 s Vied\u0148ou cez Gy\u0151r. Celkov\u00e1 d\u013a\u017eka: pribli\u017ene 170 km. Prechody do Rak\u00faska v Hegyeshalom\/Nickelsdorf. Na pokra\u010dovanie budete potrebova\u0165 rak\u00fasku <a href=\"https:\/\/vignettego.com\/highway-vignette-europe\/sk\/rakuska-dialnicna-znamka-2026-kompletny-sprievodca\/\">vinietu<\/a> .   <\/p>\n\n<h3 class=\"wp-block-heading\">M3 \u2013 Budape\u0161\u0165 \u2013 ukrajinsk\u00e1 hranica<\/h3>\n\n<p>Severov\u00fdchodn\u00fd koridor smerom na <strong>Ukrajinu a Slovensko<\/strong>, prech\u00e1dzaj\u00faci cez Debrec\u00edn. Pr\u00edstup do vin\u00e1rskej oblasti Tokaj a N\u00e1rodn\u00e9ho parku Hortobagy. <\/p>\n\n<h3 class=\"wp-block-heading\">M5 \u2013 Budape\u0161\u0165 \u2013 hranica so Srbskom<\/h3>\n\n<p>Ju\u017en\u00fd koridor smerom k <strong>Srbsku<\/strong>, sp\u00e1jaj\u00faci so Szegedom a pokra\u010duj\u00fac do Subotice\/Belehradu. Celkov\u00e1 d\u013a\u017eka: pribli\u017ene 156 km. <\/p>\n\n<h3 class=\"wp-block-heading\">M6 \u2013 Budape\u0161\u0165 \u2013 chorv\u00e1tska hranica<\/h3>\n\n<p>Juhoz\u00e1padn\u00fd koridor smerom na <strong>Chorv\u00e1tsko (Barcs),<\/strong> prech\u00e1dzaj\u00faci cez P\u00e9cs. Alternat\u00edvna trasa na chorv\u00e1tske pobre\u017eie bez obch\u00e1dzania Slovinska. <\/p>\n\n<h3 class=\"wp-block-heading\">M7 \u2013 Budape\u0161\u0165 po jazero Balaton\/Chorv\u00e1tsko<\/h3>\n\n<p>Hlavn\u00e1 dovolenkov\u00e1 trasa vedie k <strong>jazeru Balaton<\/strong> a pokra\u010duje do <strong>Chorv\u00e1tska (Letenye).<\/strong> Po\u010das letn\u00fdch v\u00edkendov je extr\u00e9mne ru\u0161no. Celkov\u00e1 d\u013a\u017eka: pribli\u017ene 232 km.  <\/p>\n\n<h3 class=\"wp-block-heading\">M15 \u2013 Rajka do Bratislavy<\/h3>\n\n<p>Kr\u00e1tka dia\u013enica sp\u00e1jaj\u00faca <strong>Slovensko<\/strong> a Bratislavu, odbo\u010duj\u00faca z M1. Na pokra\u010dovanie budete potrebova\u0165 <a href=\"https:\/\/vignettego.com\/highway-vignette-europe\/sk\/slovensko-dialnicna-vigneta-2026-kompletny-sprievodca-dialnicnou-znamkou\/\">slovensk\u00fa vinietu<\/a> . <\/p>\n\n<h3 class=\"wp-block-heading\">M70 \u2013 Letenye \u2013 hranica so Slovinskom<\/h3>\n\n<p>Kr\u00e1tka dia\u013enica sp\u00e1jaj\u00faca so <strong>Slovinskom<\/strong>, pokra\u010duj\u00faca ako slovinsk\u00e1 A5. Na pokra\u010dovanie budete potrebova\u0165 <a href=\"https:\/\/vignettego.com\/highway-vignette-europe\/sk\/slovinska-dialnicna-znamka-2026-kompletny-sprievodca\/\">slovinsk\u00fa E-Vinjetu<\/a> . <\/p>\n\n<h2 class=\"wp-block-heading\">\ud83d\uddfa\ufe0f Popul\u00e1rne trasy cez Ma\u010farsko<\/h2>\n\n<h3 class=\"wp-block-heading\">Viede\u0148 do Budape\u0161ti (M1)<\/h3>\n\n<p><strong>Vzdialenos\u0165:<\/strong> ~250 km | <strong>Trvanie:<\/strong> 2,5-3 hodiny | <strong>Potrebn\u00e9 viniety:<\/strong> Rak\u00faska + Ma\u010far\u010dina<\/p>\n\n<p>Klasick\u00e1 stredoeur\u00f3pska trasa. V\u00fdborn\u00e9 podmienky na dia\u013enici. Zv\u00e1\u017ete zast\u00e1vku v Gy\u0151ri \u2013 kr\u00e1snom barokovom meste.  <\/p>\n\n<h3 class=\"wp-block-heading\">Budape\u0161\u0165 po Balat\u00f3nske jazero (M7)<\/h3>\n\n<p><strong>Vzdialenos\u0165:<\/strong> ~100 km (do Si\u00f3foku) | <strong>D\u013a\u017eka:<\/strong> 1-1,5 hodiny<\/p>\n\n<p>Najv\u00e4\u010d\u0161ie jazero v strednej Eur\u00f3pe a ma\u010farsk\u00e1 najv\u00e4\u010d\u0161ia letn\u00e1 destin\u00e1cia. M7 je v letn\u00e9 piatky a nedele extr\u00e9mne preplnen\u00e1. <\/p>\n\n<h3 class=\"wp-block-heading\">Budape\u0161\u0165 po chorv\u00e1tske pobre\u017eie (cez M7\/M70)<\/h3>\n\n<p><strong>Trasa:<\/strong> Budape\u0161\u0165 \u2192 jazero Balaton \u2192 Letenye \u2192 Z\u00e1hreb \u2192 Split<\/p>\n\n<p>Alternat\u00edvna trasa do Chorv\u00e1tska cez Ma\u010farsko a Slovinsko. Potrebn\u00e9 viniety: ma\u010farsk\u00e1 E-Matrica + <a href=\"https:\/\/vignettego.com\/highway-vignette-europe\/sk\/slovinska-dialnicna-znamka-2026-kompletny-sprievodca\/\">slovinsk\u00e1 E-Vinjeta<\/a> + <a href=\"https:\/\/vignettego.com\/highway-vignette-europe\/sk\/chorvatska-dialnicna-znamka-2026-kompletny-sprievodca\/\">chorv\u00e1tske m\u00fdto<\/a>. <\/p>\n\n<h3 class=\"wp-block-heading\">Viede\u0148 do Rumunska (cez M1, M0, M5, M43)<\/h3>\n\n<p><strong>Trasa:<\/strong> Viede\u0148 \u2192 Budape\u0161\u0165 \u2192 Szeged \u2192 Arad (Rumunsko)<\/p>\n\n<p>Hlavn\u00e1 trasa zo z\u00e1padnej Eur\u00f3py do Rumunska. Potrebn\u00e9 viniety: rak\u00faska + ma\u010farsk\u00e1 + <a href=\"https:\/\/vignettego.com\/highway-vignette-europe\/sk\/rumunska-dialnicna-znamka-2026-kompletny-sprievodca\/\">rumunsk\u00e1 rovinieta<\/a>. <\/p>\n\n<div style=\"height:25px\" aria-hidden=\"true\" class=\"wp-block-spacer\"><\/div>\n\n<div class=\"wp-block-buttons is-content-justification-center is-layout-flex wp-container-core-buttons-is-layout-a89b3969 wp-block-buttons-is-layout-flex\">\n<div class=\"wp-block-button\"><a class=\"wp-block-button__link wp-element-button\" href=\"https:\/\/vignettego.com\/\" style=\"background-color:#ff6600;color:#ffffff;padding:15px 30px;font-size:18px;border-radius:8px;\">\ud83d\uded2 Objednajte si v\u0161etky eur\u00f3pske viniety na VignetteGo<\/a><\/div>\n<\/div>\n\n<div style=\"height:25px\" aria-hidden=\"true\" class=\"wp-block-spacer\"><\/div>\n\n<h2 class=\"wp-block-heading\">\u26a0\ufe0f D\u00f4le\u017eit\u00e9 pravidl\u00e1 E-Matrica<\/h2>\n\n<h3 class=\"wp-block-heading\">Obdobie platnosti<\/h3>\n\n<ul class=\"wp-block-list\">\n<li><strong>10-d\u0148ov\u00e9:<\/strong> Platn\u00e9 10 po sebe nasleduj\u00facich dn\u00ed vr\u00e1tane d\u0148a n\u00e1kupu<\/li>\n<li><strong>Mesa\u010dne:<\/strong> Plat\u00ed do rovnak\u00e9ho d\u00e1tumu bud\u00faci mesiac<\/li>\n<li><strong>Ro\u010denka:<\/strong> Platnos\u0165 na jeden kalend\u00e1rny rok od 1. janu\u00e1ra do 31. decembra, alebo od d\u00e1tumu k\u00fapy, ak je zak\u00fapen\u00e1 v polovici roka<\/li>\n<\/ul>\n\n<h3 class=\"wp-block-heading\">Registr\u00e1cia \u0160PZ<\/h3>\n\n<p>E-Matrica je registrovan\u00e1 na <strong>va\u0161e presn\u00e9 eviden\u010dn\u00e9 \u010d\u00edslo a<\/strong> <strong>predvolbu krajiny<\/strong>. Pri n\u00e1kupe si dvakr\u00e1t skontrolujte preklepy! Chyby si vy\u017eaduj\u00fa k\u00fapu novej viniety.  <\/p>\n\n<h3 class=\"wp-block-heading\">Pokuty za nedodr\u017eanie predpisov<\/h3>\n\n<ul class=\"wp-block-list\">\n<li><strong>Kateg\u00f3ria D1 (aut\u00e1):<\/strong> HUF 14 875 a\u017e HUF 88 500<\/li>\n<li><strong>Platba na mieste:<\/strong> Zvy\u010dajne ni\u017e\u0161ia, ak je zaplaten\u00e1 do 60 dn\u00ed<\/li>\n<li>Vym\u00e1hanie prostredn\u00edctvom automatick\u00fdch kamerov\u00fdch syst\u00e9mov (ANPR)<\/li>\n<\/ul>\n\n<h2 class=\"wp-block-heading\">\ud83d\udca1 Tipy na jazdu v Ma\u010farsku na rok 2026<\/h2>\n\n<h3 class=\"wp-block-heading\">Mena<\/h3>\n\n<p>Ma\u010farsko pou\u017e\u00edva ma\u010farsk\u00fd <strong>forint (HUF).<\/strong> Eur\u00e1 nie s\u00fa \u0161iroko akceptovan\u00e9, okrem niektor\u00fdch pohrani\u010dn\u00fdch \u010derpac\u00edch stan\u00edc. Kreditn\u00e9 karty s\u00fa akceptovan\u00e9 takmer v\u0161ade.  <\/p>\n\n<h3 class=\"wp-block-heading\">R\u00fdchlostn\u00e9 limity<\/h3>\n\n<ul class=\"wp-block-list\">\n<li><strong>Dia\u013enice:<\/strong> 130 km\/h<\/li>\n<li><strong>R\u00fdchlostn\u00e9 cesty:<\/strong> 110 km\/h<\/li>\n<li><strong>Hlavn\u00e9 cesty:<\/strong> 90 km\/h<\/li>\n<li><strong>Mestsk\u00e9 oblasti:<\/strong> 50 km\/h<\/li>\n<\/ul>\n\n<h3 class=\"wp-block-heading\">Po\u017eadovan\u00e9 vybavenie<\/h3>\n\n<ul class=\"wp-block-list\">\n<li>Varovn\u00fd trojuholn\u00edk<\/li>\n<li>Reflexn\u00e1 vesta<\/li>\n<li>Lek\u00e1rni\u010dka<\/li>\n<li><strong>Svetlomety:<\/strong> Mus\u00ed by\u0165 neust\u00e1le na vonkaj\u0161\u00edch zastavan\u00fdch oblastiach<\/li>\n<\/ul>\n\n<h3 class=\"wp-block-heading\">Politika nulovej tolerancie vo\u010di alkoholu<\/h3>\n\n<p>Ma\u010farsko m\u00e1 <strong>nulov\u00fa toleranciu<\/strong> vo\u010di \u0161of\u00e9rovaniu pod vplyvom alkoholu. Limit alkoholu v krvi je 0,0 %. Tresty s\u00fa pr\u00edsne.  <\/p>\n\n<h2 class=\"wp-block-heading\" id=\"faq-section\">\u2753 \u010casto kladen\u00e9 ot\u00e1zky<\/h2>\n\n<h3 class=\"wp-block-heading\">Potrebujem vinietu na okru\u017en\u00fa cestu M0?<\/h3>\n\n<p>\u00c1no, okru\u017en\u00e1 cesta M0 Budapest vy\u017eaduje platn\u00fa E-Matricu.<\/p>\n\n<h3 class=\"wp-block-heading\">M\u00f4\u017eem pou\u017ei\u0165 region\u00e1lnu vignetu pre jazero Balaton?<\/h3>\n\n<p>\u00c1no, M7 k jazeru Balaton je pokryt\u00e1 region\u00e1lnou E-Matricou. Ak v\u0161ak pl\u00e1nujete presk\u00fama\u0165 aj za hlavn\u00fd koridor M7, zaobstarajte si n\u00e1rodn\u00fa vignetu. <\/p>\n\n<h3 class=\"wp-block-heading\">\u010co ak si prenajmem auto v Ma\u010farsku?<\/h3>\n\n<p>Overte si to u svojej po\u017ei\u010dovne \u2013 niektor\u00e9 zah\u0155\u0148aj\u00fa E-Matricu, in\u00e9 vy\u017eaduj\u00fa, aby ste si ju k\u00fapili samostatne. Overte si to pred vyzdvihnut\u00edm vozidla. <\/p>\n\n<div style=\"height:25px\" aria-hidden=\"true\" class=\"wp-block-spacer\"><\/div>\n\n<div class=\"wp-block-buttons is-content-justification-center is-layout-flex wp-container-core-buttons-is-layout-a89b3969 wp-block-buttons-is-layout-flex\">\n<div class=\"wp-block-button\"><a class=\"wp-block-button__link wp-element-button\" href=\"https:\/\/vignettego.com\/\" style=\"background-color:#e91e63;color:#ffffff;padding:15px 30px;font-size:18px;border-radius:8px;\">\ud83d\ude97 Z\u00edskajte svoje eur\u00f3pske dia\u013eni\u010dn\u00e9 viniety na VignetteGo \u2192<\/a><\/div>\n<\/div>\n\n<div style=\"height:25px\" aria-hidden=\"true\" class=\"wp-block-spacer\"><\/div>\n\n<h2 class=\"wp-block-heading\">\ud83c\udff0 Pre\u010do nav\u0161t\u00edvi\u0165 Ma\u010farsko?<\/h2>\n\n<ul class=\"wp-block-list\">\n<li><strong>Budape\u0161\u0165:<\/strong> &#8220;Par\u00ed\u017e V\u00fdchodu&#8221; s ohromuj\u00facou architekt\u00farou<\/li>\n<li><strong>Term\u00e1lne k\u00fapele:<\/strong> Ma\u010farsko m\u00e1 viac ako 1 000 pr\u00edrodn\u00fdch term\u00e1lnych prame\u0148ov<\/li>\n<li><strong>Jazero Balaton:<\/strong> Najv\u00e4\u010d\u0161ie jazero v strednej Eur\u00f3pe, ide\u00e1lne na leto<\/li>\n<li><strong>Vin\u00e1rsky regi\u00f3n Tokaj:<\/strong> Sladk\u00e9 v\u00edna zap\u00edsan\u00e9 na zozname svetov\u00e9ho dedi\u010dstva UNESCO<\/li>\n<li><strong>Hortobagy:<\/strong> Roz\u013eahl\u00e9 ma\u010farsk\u00e9 n\u00ed\u017einy, tradi\u010dn\u00ed jazdci<\/li>\n<li><strong>Eger:<\/strong> Historick\u00e9 vin\u00e1rske mesto, osmansk\u00e1 pevnos\u0165<\/li>\n<\/ul>\n\n<h2 class=\"wp-block-heading\">\ud83d\udccd Z\u00e1ver<\/h2>\n\n<p>Ma\u010farsk\u00e1 dobre udr\u017eiavan\u00e1 dia\u013eni\u010dn\u00e1 sie\u0165 u\u013eah\u010duje objavovanie alebo tranzit cez t\u00fato fascinuj\u00facu krajinu. Syst\u00e9m E-Matrica je jednoduch\u00fd \u2013 k\u00fapte si online e\u0161te pred cestou a u\u017eite si bezprobl\u00e9mov\u00fa jazdu. <\/p>\n\n<p>Na cesty autom naprie\u010d viacer\u00fdmi krajinami kombinujte ma\u010farsk\u00fa E-Matricu s vinietami z <a href=\"https:\/\/vignettego.com\/highway-vignette-europe\/sk\/rakuska-dialnicna-znamka-2026-kompletny-sprievodca\/\">Rak\u00faska<\/a>, <a href=\"https:\/\/vignettego.com\/highway-vignette-europe\/sk\/slovensko-dialnicna-vigneta-2026-kompletny-sprievodca-dialnicnou-znamkou\/\">Slovenska<\/a>, <a href=\"https:\/\/vignettego.com\/highway-vignette-europe\/sk\/slovinska-dialnicna-znamka-2026-kompletny-sprievodca\/\">Slovinska<\/a> a <a href=\"https:\/\/vignettego.com\/highway-vignette-europe\/sk\/rumunska-dialnicna-znamka-2026-kompletny-sprievodca\/\">Rumunska<\/a>. Z\u00edskajte v\u0161etky svoje viniety na jednom mieste na <a href=\"https:\/\/vignettego.com\/\" title=\"VignetteGo - eur&#xF3;pske dia&#x13E;ni&#x10D;n&#xE9; sc&#xE9;ny\">VignetteGo<\/a>. <\/p>\n\n<p><strong>U\u017eite si Ma\u010farsko! \ud83c\udded\ud83c\uddfa\ud83c\udff0 <\/strong><\/p>\n\n<p><strong>S\u00favisiace n\u00e1vody:<\/strong> <a href=\"https:\/\/vignettego.com\/highway-vignette-europe\/sk\/rakuska-dialnicna-znamka-2026-kompletny-sprievodca\/\">Austria Digital Vignette<\/a> | <a href=\"https:\/\/vignettego.com\/highway-vignette-europe\/sk\/slovensko-dialnicna-vigneta-2026-kompletny-sprievodca-dialnicnou-znamkou\/\">Slovensko Vignette<\/a> | <a href=\"https:\/\/vignettego.com\/\">V\u0161etky eur\u00f3pske pr\u00edbehy<\/a><\/p>\n","protected":false},"excerpt":{"rendered":"<p>Ma\u010farsko sa nach\u00e1dza na kri\u017eovatke strednej Eur\u00f3py, \u010do z neho rob\u00ed k\u013e\u00fa\u010dov\u00fa tranzitn\u00fa krajinu pre cestovate\u013eov smeruj\u00facich na Balk\u00e1n, do Rak\u00faska, na Slovensko alebo do Rumunska. Od n\u00e1dhernej budovy parlamentu v Budape\u0161ti cez term\u00e1lne k\u00fapele H\u00e9v\u00edz, vin\u00e1rsku krajinu Tokaj a\u017e po roz\u013eahl\u00e9 roviny Puszty, Ma\u010farsko pon\u00faka bohat\u00e9 kult\u00farne z\u00e1\u017eitky. Tento sprievodca pokr\u00fdva v\u0161etko o ma\u010farskej [&hellip;]<\/p>\n","protected":false},"author":0,"featured_media":0,"parent":0,"menu_order":0,"comment_status":"closed","ping_status":"closed","template":"","meta":{"footnotes":""},"class_list":["post-1060","page","type-page","status-publish","hentry"],"_links":{"self":[{"href":"https:\/\/vignettego.com\/highway-vignette-europe\/sk\/wp-json\/wp\/v2\/pages\/1060","targetHints":{"allow":["GET"]}}],"collection":[{"href":"https:\/\/vignettego.com\/highway-vignette-europe\/sk\/wp-json\/wp\/v2\/pages"}],"about":[{"href":"https:\/\/vignettego.com\/highway-vignette-europe\/sk\/wp-json\/wp\/v2\/types\/page"}],"replies":[{"embeddable":true,"href":"https:\/\/vignettego.com\/highway-vignette-europe\/sk\/wp-json\/wp\/v2\/comments?post=1060"}],"version-history":[{"count":3,"href":"https:\/\/vignettego.com\/highway-vignette-europe\/sk\/wp-json\/wp\/v2\/pages\/1060\/revisions"}],"predecessor-version":[{"id":1499,"href":"https:\/\/vignettego.com\/highway-vignette-europe\/sk\/wp-json\/wp\/v2\/pages\/1060\/revisions\/1499"}],"wp:attachment":[{"href":"https:\/\/vignettego.com\/highway-vignette-europe\/sk\/wp-json\/wp\/v2\/media?parent=1060"}],"curies":[{"name":"wp","href":"https:\/\/api.w.org\/{rel}","templated":true}]}}