{"id":394,"date":"2026-01-04T01:13:10","date_gmt":"2026-01-04T01:13:10","guid":{"rendered":"https:\/\/vignettego.com\/highway-vignette-europe\/vigneta-autostrazii-slovaciei-2026-ghidul-complet-dialnicna-znamka\/"},"modified":"2026-01-04T12:50:20","modified_gmt":"2026-01-04T12:50:20","slug":"vigneta-autostrazii-slovaciei-2026-ghidul-complet-dialnicna-znamka","status":"publish","type":"page","link":"https:\/\/vignettego.com\/highway-vignette-europe\/ro\/vigneta-autostrazii-slovaciei-2026-ghidul-complet-dialnicna-znamka\/","title":{"rendered":"Vigneta Autostr\u0103zii Slovaciei 2026: Ghidul complet Dia\u013eni\u010dn\u00e1 Zn\u00e1mka"},"content":{"rendered":"\n<script type=\"application\/ld+json\">{\n    \"@context\": \"https:\/\/schema.org\",\n    \"@graph\": [\n        {\n            \"@type\": \"Article\",\n            \"@id\": \"https:\/\/vignettego.com\/highway-vignette-europe\/slovakia-highway-vignette-guide\/#article\",\n            \"headline\": \"Slovakia Highway Vignette 2026: Complete E-Znamka Guide\",\n            \"description\": \"Everything about the Slovak E-Znamka system 2026: prices, validity, how to buy online, and essential tips for driving on Slovak motorways. Your complete guide to the electronic vignette.\",\n            \"image\": \"https:\/\/vignettego.com\/highway-vignette-europe\/wp-content\/uploads\/2026\/09\/Highway-Vignette-Europe.jpg\",\n            \"datePublished\": \"2026-01-04\",\n            \"dateModified\": \"2026-01-04\",\n            \"author\": {\"@type\": \"Organization\", \"name\": \"VignetteGo\", \"url\": \"https:\/\/vignettego.com\"},\n            \"publisher\": {\"@type\": \"Organization\", \"name\": \"VignetteGo\"},\n            \"mainEntityOfPage\": {\"@type\": \"WebPage\", \"@id\": \"https:\/\/vignettego.com\/highway-vignette-europe\/slovakia-highway-vignette-guide\/\"},\n            \"articleSection\": \"Highway Vignettes\",\n            \"keywords\": [\"Slovakia vignette\", \"E-Znamka\", \"Slovak motorway\", \"Bratislava driving\", \"High Tatras road trip\", \"Slovakia toll\"],\n            \"inLanguage\": \"en\",\n            \"speakable\": {\"@type\": \"SpeakableSpecification\", \"cssSelector\": [\".article-intro\", \"#faq-section\"]}\n        },\n        {\n            \"@type\": \"BreadcrumbList\",\n            \"itemListElement\": [\n                {\"@type\": \"ListItem\", \"position\": 1, \"name\": \"VignetteGo\", \"item\": \"https:\/\/vignettego.com\/\"},\n                {\"@type\": \"ListItem\", \"position\": 2, \"name\": \"Highway Vignette Europe\", \"item\": \"https:\/\/vignettego.com\/highway-vignette-europe\/\"},\n                {\"@type\": \"ListItem\", \"position\": 3, \"name\": \"Slovakia Guide\", \"item\": \"https:\/\/vignettego.com\/highway-vignette-europe\/slovakia-highway-vignette-guide\/\"}\n            ]\n        },\n        {\n            \"@type\": \"FAQPage\",\n            \"mainEntity\": [\n                {\"@type\": \"Question\", \"name\": \"How much does a Slovak E-Znamka cost?\", \"acceptedAnswer\": {\"@type\": \"Answer\", \"text\": \"For 2026, prices are approximately: 10-day vignette EUR 12, 30-day vignette EUR 17, and annual vignette EUR 60 for vehicles up to 3.5 tonnes. Prices may be adjusted annually.\"}},\n                {\"@type\": \"Question\", \"name\": \"Can I buy the Slovak E-Znamka online?\", \"acceptedAnswer\": {\"@type\": \"Answer\", \"text\": \"Yes, you can purchase the E-Znamka online at VignetteGo or the official Slovak eznamka.sk website. Registration is linked to your license plate, so no physical sticker is needed.\"}},\n                {\"@type\": \"Question\", \"name\": \"Do I need a vignette for all roads in Slovakia?\", \"acceptedAnswer\": {\"@type\": \"Answer\", \"text\": \"No, only motorways (dia\u013enice - D roads) and expressways (r\u00fdchlostn\u00e9 cesty - R roads) require a vignette. Regular national roads (cesty I., II., III. triedy) are free.\"}},\n                {\"@type\": \"Question\", \"name\": \"What if I drive without a vignette in Slovakia?\", \"acceptedAnswer\": {\"@type\": \"Answer\", \"text\": \"Fines for driving without a valid E-Znamka range from EUR 100 to EUR 500. Enforcement is done via cameras, so non-compliance is easily detected.\"}},\n                {\"@type\": \"Question\", \"name\": \"Is the Slovak vignette valid immediately after purchase?\", \"acceptedAnswer\": {\"@type\": \"Answer\", \"text\": \"Yes, the E-Znamka is valid immediately from the time of purchase, or you can select a future start date when buying online.\"}}\n            ]\n        }\n    ]\n}\n<\/script>\n\n<figure class=\"wp-block-image aligncenter size-large\"><img decoding=\"async\" src=\"https:\/\/vignettego.com\/highway-vignette-europe\/wp-content\/uploads\/2026\/09\/Highway-Vignette-Europe.jpg\" alt=\"Slovacia E-Znamka 2026 - Ghid complet pentru vigneta autostr&#x103;zilor slovace\" style=\"width:100%; height:auto; margin-bottom:20px;\"\/><\/figure>\n\n<p class=\"article-intro\">Slovacia este o bijuterie ascuns\u0103 \u00een Europa Central\u0103, oferind peisaje montane spectaculoase \u00een Mun\u021bii Tatra \u00cenalte, ora\u0219e medievale fermec\u0103toare precum Bardejov \u0219i Levo\u010da, castele misterioase \u0219i sta\u021biuni termale excelente. Fie c\u0103 tranzita\u021bi prin Slovacia c\u0103tre Polonia, Ucraina sau Ungaria, fie c\u0103 explora\u021bi aceast\u0103 \u021bar\u0103 frumoas\u0103, ve\u021bi avea nevoie de <strong>E-Znamka (vigneta electronic\u0103) slovac\u0103<\/strong>. Acest ghid acoper\u0103 totul despre sistemul de vignete slovac pentru 2026: pre\u021buri, validitate, unde s\u0103 cumperi \u0219i sfaturi esen\u021biale pentru condusul pe autostr\u0103zile slovace.  <\/p>\n\n<div style=\"height:25px\" aria-hidden=\"true\" class=\"wp-block-spacer\"><\/div>\n\n<div class=\"wp-block-buttons is-content-justification-center is-layout-flex wp-container-core-buttons-is-layout-a89b3969 wp-block-buttons-is-layout-flex\">\n<div class=\"wp-block-button\"><a class=\"wp-block-button__link wp-element-button\" href=\"https:\/\/vignettego.com\/\" style=\"background-color:#0066cc;color:#ffffff;padding:15px 30px;font-size:18px;border-radius:8px;\">\ud83d\ude97 Ia-\u021bi E-Znamka Slovac de la VignetteGo<\/a><\/div>\n<\/div>\n\n<div style=\"height:25px\" aria-hidden=\"true\" class=\"wp-block-spacer\"><\/div>\n\n<h2 class=\"wp-block-heading\">\ud83c\uddf8\ud83c\uddf0 Ce este E-Znamka slovac\u0103?<\/h2>\n\n<p>Slovacia a trecut de la vignetele fizice cu autocolante la un <strong>sistem complet electronic (E-Znamka)<\/strong> \u00een 2016. Gata cu r\u0103zuiirea autocolantelor vechi de pe parbriz! E-Znamka este legat de num\u0103rul de \u00eenmatriculare al vehiculului \u0219i \u00eenregistrat \u00eentr-o baz\u0103 de date central\u0103. Sistemele de camere de-a lungul autostr\u0103zilor verific\u0103 automat starea vignetei tale.   <\/p>\n\n<p>Sistemul este administrat de <strong>Compania Na\u021bional\u0103 de Autostr\u0103zi (NDS \u2013 N\u00e1rodn\u00e1 dia\u013eni\u010dn\u00e1 spolo\u010dnos\u0165).<\/strong> E-Znamka este necesar\u0103 pe toate autostr\u0103zile (drumuri dia\u013enice &#8211; D) \u0219i pe autostr\u0103zi (drumuri r\u00fdchlostn\u00e9 cesty &#8211; R), dar nu \u0219i pe drumurile na\u021bionale obi\u0219nuite. <\/p>\n\n<h2 class=\"wp-block-heading\">\ud83d\udcb0 Pre\u021buri E-Znamka 2026<\/h2>\n\n<p>Slovacia folose\u0219te euro (EUR) ca moned\u0103, facilit\u00e2nd pl\u0103\u021bile pentru vizitatorii din alte \u021b\u0103ri din zona euro.<\/p>\n\n<figure class=\"wp-block-table\"><table><thead><tr><th>Tip de vignet\u0103<\/th><th>Vehicule p\u00e2n\u0103 la 3,5t<\/th><\/tr><\/thead><tbody><tr><td><strong>10 zile<\/strong><\/td><td>EUR 12<\/td><\/tr><tr><td><strong>30 de zile<\/strong><\/td><td>EUR 17<\/td><\/tr><tr><td><strong>365 de zile (Anual)<\/strong><\/td><td>60 EUR<\/td><\/tr><\/tbody><\/table><\/figure>\n\n<p><strong>Not\u0103:<\/strong> Pre\u021burile sunt pentru vehicule de p\u00e2n\u0103 la 3,5 tone. Vehiculele mai mari fac parte din sistemul electronic de taxare \u0219i pl\u0103tesc pe kilometru. <\/p>\n\n<h2 class=\"wp-block-heading\">\ud83d\uded2 Unde s\u0103 cumperi E-Znamka Slovac<\/h2>\n\n<h3 class=\"wp-block-heading\">Online (Recomandat)<\/h3>\n\n<p>Cea mai simpl\u0103 modalitate de a cump\u0103ra este online, \u00eenainte de c\u0103l\u0103torie:<\/p>\n\n<ul class=\"wp-block-list\">\n<li><strong><a href=\"https:\/\/vignettego.com\/\">VignetteGo<\/a><\/strong> \u2013 Achizi\u021bie rapid\u0103 cu confirmare instantanee<\/li>\n<li>Site-ul oficial eznamka.sk slovac<\/li>\n<\/ul>\n\n<p>Avantajele achizi\u021biei online: f\u0103r\u0103 a\u0219tept\u0103ri la benzin\u0103riile de frontier\u0103, activare instantanee, confirmare digital\u0103 pe telefon, posibilitatea de a selecta data viitoare de \u00eencepere.<\/p>\n\n<h3 class=\"wp-block-heading\">Puncte de achizi\u021bie fizic\u0103<\/h3>\n\n<ul class=\"wp-block-list\">\n<li>Benzin\u0103rii (OMV, Shell, Slovnaft) \u00een toat\u0103 Slovacia<\/li>\n<li>Puncte de trecere a frontierei<\/li>\n<li>Oficii po\u0219tale<\/li>\n<li>Centre de servicii pentru clien\u021bi NDS<\/li>\n<\/ul>\n\n<div style=\"height:25px\" aria-hidden=\"true\" class=\"wp-block-spacer\"><\/div>\n\n<div class=\"wp-block-buttons is-content-justification-center is-layout-flex wp-container-core-buttons-is-layout-a89b3969 wp-block-buttons-is-layout-flex\">\n<div class=\"wp-block-button\"><a class=\"wp-block-button__link wp-element-button\" href=\"https:\/\/vignettego.com\/\" style=\"background-color:#28a745;color:#ffffff;padding:15px 30px;font-size:18px;border-radius:8px;\">\u2705 Ob\u021bine vignete europene \u2013 8 \u021b\u0103ri \u2013 pe VignetteGo<\/a><\/div>\n<\/div>\n\n<div style=\"height:25px\" aria-hidden=\"true\" class=\"wp-block-spacer\"><\/div>\n\n<h2 class=\"wp-block-heading\">\ud83d\udee3\ufe0f Re\u021beaua de Autostr\u0103zi Slovace<\/h2>\n\n<p>Re\u021beaua de autostr\u0103zi din Slovacia leag\u0103 capitala Bratislava de marile ora\u0219e \u0219i \u021b\u0103rile vecine. Re\u021beaua este \u00eenc\u0103 \u00een curs de extindere, \u00een special D1 c\u0103tre Ko\u0161ice. <\/p>\n\n<h3 class=\"wp-block-heading\">D1 \u2013 Bratislava c\u0103tre Ko\u0161ice (Coridorul Principal)<\/h3>\n\n<p>Coridorul principal est-vest leag\u0103 <strong>Bratislava<\/strong> de <strong>Ko\u0161ice<\/strong>, trec\u00e2nd prin \u017dilina \u0219i regiunea Mun\u021bilor Tatra \u00cenal\u021bi. Aceasta este coloana vertebral\u0103 a re\u021belei autostr\u0103zilor slovace. Not\u0103: Unele sec\u021biuni sunt \u00eenc\u0103 \u00een construc\u021bie, necesit\u00e2nd devieri pe drumuri obi\u0219nuite. Lungimea total\u0103 la finalizare: aproximativ 450 km.   <\/p>\n\n<h3 class=\"wp-block-heading\">D2 \u2013 Bratislava c\u0103tre grani\u021ba ceh\u0103<\/h3>\n\n<p>Leag\u0103 Bratislava spre nord de <strong>Republica Ceh\u0103<\/strong>, continu\u00e2nd spre Brno \u0219i Praga. Esen\u021bial pentru c\u0103l\u0103torii care vin din sau pleac\u0103 \u00een <a href=\"https:\/\/vignettego.com\/highway-vignette-europe\/ro\/vigneta-autostrazii-republicii-cehe-2026-ghidul-suprem-e-znamka\/\">Republica Ceh\u0103<\/a>. Lungime total\u0103: aproximativ 60 km.  <\/p>\n\n<h3 class=\"wp-block-heading\">D3 \u2013 \u017dilina c\u0103tre grani\u021ba cu Polonia<\/h3>\n\n<p>Leag\u0103 \u017dilina de <strong>grani\u021ba polonez\u0103 la Skalit\u00e9<\/strong>, continu\u00e2nd spre Cracovia. Rut\u0103 popular\u0103 pentru c\u0103l\u0103torii spre sudul Poloniei. Lungime total\u0103: aproximativ 60 km.  <\/p>\n\n<h3 class=\"wp-block-heading\">D4 \u2013 Centura Bratislava<\/h3>\n\n<p>Ocolitoarea din jurul Bratislava, care leag\u0103 D1, D2 \u0219i rutele c\u0103tre Austria \u0219i Ungaria. Esen\u021bial pentru evitarea traficului din centrul ora\u0219ului Bratislava. <\/p>\n\n<h3 class=\"wp-block-heading\">Autostr\u0103zi R<\/h3>\n\n<p>Slovacia are, de asemenea, mai multe autostr\u0103zi (drumuri R) care necesit\u0103 o vignet\u0103:<\/p>\n\n<ul class=\"wp-block-list\">\n<li><strong>R1:<\/strong> Trnava c\u0103tre Bansk\u00e1 Bystrica<\/li>\n<li><strong>R2:<\/strong> Ocolitoarea Ko\u0161ice<\/li>\n<li><strong>R3:<\/strong> \u017dilina c\u0103tre Martin<\/li>\n<li><strong>R4:<\/strong> Ko\u0161ice p\u00e2n\u0103 la grani\u021ba cu Ungaria<\/li>\n<li><strong>R6:<\/strong> Belu\u0161a p\u00e2n\u0103 la grani\u021ba ceh\u0103<\/li>\n<\/ul>\n\n<h2 class=\"wp-block-heading\">\ud83d\uddfa\ufe0f Rute populare prin Slovacia<\/h2>\n\n<h3 class=\"wp-block-heading\">De la Viena la Bratislava<\/h3>\n\n<p><strong>Distan\u021b\u0103:<\/strong> ~65 km | <strong>Durat\u0103:<\/strong> 45-60 de minute | <strong>Sunt necesare vignete:<\/strong> Austriac + Slovac<\/p>\n\n<p>Cele dou\u0103 capitale sunt remarcabil de apropiate \u2014 una dintre cele mai scurte distan\u021be de la capital\u0103 la capital\u0103 din Europa. Centura D4 ofer\u0103 o leg\u0103tur\u0103 direct\u0103. <\/p>\n\n<h3 class=\"wp-block-heading\">Bratislava c\u0103tre Praga (prin D2 \u0219i autostr\u0103zile cehe)<\/h3>\n\n<p><strong>Distan\u021b\u0103:<\/strong> ~330 km | <strong>Durat\u0103:<\/strong> 3,5-4 ore | <strong>Sunt necesare vignete:<\/strong> Slovac\u0103 + <a href=\"https:\/\/vignettego.com\/highway-vignette-europe\/ro\/vigneta-autostrazii-republicii-cehe-2026-ghidul-suprem-e-znamka\/\">Ceh\u0103<\/a><\/p>\n\n<p>Conexiune direct\u0103 pe autostrad\u0103 \u00eentre cele dou\u0103 capitale prin Brno. Condi\u021bii excelente de drum peste tot. <\/p>\n\n<h3 class=\"wp-block-heading\">Bratislava c\u0103tre Budapesta (prin Ungaria)<\/h3>\n\n<p><strong>Distan\u021b\u0103:<\/strong> ~200 km | <strong>Durat\u0103:<\/strong> 2-2,5 ore | <strong>Sunt necesare vignete:<\/strong> E-Matrica slovac\u0103 + <a href=\"https:\/\/vignettego.com\/highway-vignette-europe\/ro\/vigneta-autostrada-ungaria-2026\/\">maghiar\u0103<\/a><\/p>\n\n<p>Conexiune rapid\u0103 \u00eentre cele dou\u0103 capitale prin D2 \u0219i M15\/M1 maghiar.<\/p>\n\n<h3 class=\"wp-block-heading\">Bratislava c\u0103tre Mun\u021bii Tatra \u00cenal\u021bi (prin D1)<\/h3>\n\n<p><strong>Distan\u021b\u0103:<\/strong> ~330 km | <strong>Durat\u0103:<\/strong> 4-4,5 ore<\/p>\n\n<p>Not\u0103: D1 nu este complet finalizat\u0103, a\u0219a c\u0103 a\u0219tepta\u021bi-v\u0103 la unele sec\u021biuni pe drumuri obi\u0219nuite. Peisaje montane uimitoare te a\u0219teapt\u0103! <\/p>\n\n<h3 class=\"wp-block-heading\">De la Cracovia la Bratislava (prin Polonia-Slovacia)<\/h3>\n\n<p><strong>Distan\u021b\u0103:<\/strong> ~300 km | <strong>Durat\u0103:<\/strong> 3,5-4 ore | <strong>Sunt necesare vignete:<\/strong> Slovac\u0103 (Autostr\u0103zile poloneze folosesc taxare pe km)<\/p>\n\n<p>Prin D3 prin \u017dilina sau prin punctul de trecere de frontier\u0103 de la Trsten\u00e1.<\/p>\n\n<div style=\"height:25px\" aria-hidden=\"true\" class=\"wp-block-spacer\"><\/div>\n\n<div class=\"wp-block-buttons is-content-justification-center is-layout-flex wp-container-core-buttons-is-layout-a89b3969 wp-block-buttons-is-layout-flex\">\n<div class=\"wp-block-button\"><a class=\"wp-block-button__link wp-element-button\" href=\"https:\/\/vignettego.com\/\" style=\"background-color:#ff6600;color:#ffffff;padding:15px 30px;font-size:18px;border-radius:8px;\">\ud83d\uded2 Comand\u0103 toate vinietele europene pe VignetteGo<\/a><\/div>\n<\/div>\n\n<div style=\"height:25px\" aria-hidden=\"true\" class=\"wp-block-spacer\"><\/div>\n\n<h2 class=\"wp-block-heading\">\u26a0\ufe0f Reguli importante ale E-Znamka<\/h2>\n\n<h3 class=\"wp-block-heading\">Perioada de valabilitate<\/h3>\n\n<ul class=\"wp-block-list\">\n<li><strong>10 zile:<\/strong> Valabil pentru 10 zile consecutive de la data de \u00eencepere selectat\u0103<\/li>\n<li><strong>30 de zile:<\/strong> Valabil 30 de zile consecutive de la data de \u00eencepere selectat\u0103<\/li>\n<li><strong>365 de zile:<\/strong> Valabil un an de la data de \u00eencepere selectat\u0103<\/li>\n<\/ul>\n\n<h3 class=\"wp-block-heading\">\u00cenregistrarea pl\u0103cu\u021belor de \u00eenmatriculare<\/h3>\n\n<p>E-Znamka este \u00eenregistrat exact <strong>la num\u0103rul t\u0103u de \u00eenmatriculare<\/strong> \u0219i <strong>codul t\u0103u de \u021bar\u0103<\/strong>. Verific\u0103 de dou\u0103 ori gre\u0219elile de tipar c\u00e2nd faci cump\u0103r\u0103turi! Gre\u0219elile necesit\u0103 achizi\u021bionarea unei vignete noi.  <\/p>\n\n<h3 class=\"wp-block-heading\">Amenzi pentru neconformitate<\/h3>\n\n<ul class=\"wp-block-list\">\n<li><strong>Amend\u0103 standard:<\/strong> EUR 100 p\u00e2n\u0103 la EUR 500<\/li>\n<li><strong>Amend\u0103 redus\u0103:<\/strong> Dac\u0103 este pl\u0103tit \u00een termen de 15 zile<\/li>\n<li>Aplicarea prin sisteme automate de camere (ANPR)<\/li>\n<\/ul>\n\n<h2 class=\"wp-block-heading\">\ud83d\udca1 Sfaturi pentru condus \u00een Slovacia pentru 2026<\/h2>\n\n<h3 class=\"wp-block-heading\">Limite de vitez\u0103<\/h3>\n\n<ul class=\"wp-block-list\">\n<li><strong>Autostr\u0103zi:<\/strong> 130 km\/h<\/li>\n<li><strong>Autostr\u0103zi:<\/strong> 130 km\/h<\/li>\n<li><strong>Drumuri principale \u00een afara zonelor construite:<\/strong> 90 km\/h<\/li>\n<li><strong>Zone urbane:<\/strong> 50 km\/h<\/li>\n<\/ul>\n\n<h3 class=\"wp-block-heading\">Echipament necesar<\/h3>\n\n<ul class=\"wp-block-list\">\n<li>Triunghiul de avertizare<\/li>\n<li>Vest reflectorizant\u0103<\/li>\n<li>Trusa de prim ajutor<\/li>\n<li><strong>Faruri:<\/strong> Trebuie s\u0103 fie pornit tot timpul \u00een timp ce conduci (zi \u0219i noapte)<\/li>\n<li><strong>Echipament de iarn\u0103:<\/strong> 15 noiembrie &#8211; 31 martie: sunt necesare anvelope de iarn\u0103 atunci c\u00e2nd condi\u021biile o cer<\/li>\n<\/ul>\n\n<h3 class=\"wp-block-heading\">Politica de toleran\u021b\u0103 zero pentru alcool<\/h3>\n\n<p>Slovacia are o <strong>politic\u0103 de toleran\u021b\u0103 zero<\/strong> fa\u021b\u0103 de conducerea sub influen\u021ba alcoolului. Limita de alcool din s\u00e2nge este de 0,0%. Pedepsele sunt severe.  <\/p>\n\n<h2 class=\"wp-block-heading\" id=\"faq-section\">\u2753 \u00centreb\u0103ri frecvente<\/h2>\n\n<h3 class=\"wp-block-heading\">Autostrada D1 este complet\u0103?<\/h3>\n\n<p>Nu, unele por\u021biuni ale D1 \u00eentre \u017dilina \u0219i Ko\u0161ice sunt \u00eenc\u0103 \u00een construc\u021bie. Aplica\u021biile de naviga\u021bie te vor direc\u021biona pe drumuri alternative acolo unde este necesar. <\/p>\n\n<h3 class=\"wp-block-heading\">Am nevoie de o vignet\u0103 pentru a traversa din Austria \u00een Ungaria prin Slovacia?<\/h3>\n\n<p>Da, dac\u0103 folose\u0219ti autostr\u0103zile slovace. Traseul de la Viena la Budapesta prin Bratislava necesit\u0103 un E-Znamka slovac pentru sec\u021biunea slovac\u0103. <\/p>\n\n<h3 class=\"wp-block-heading\">Dar centrul ora\u0219ului Bratislava?<\/h3>\n\n<p>Nu este nevoie de vignet\u0103 pentru drumurile obi\u0219nuite din Bratislava. Doar sec\u021biunile de autostrad\u0103 (D1, D2, D4) necesit\u0103 o vignet\u0103. <\/p>\n\n<h3 class=\"wp-block-heading\">Pot folosi drumuri obi\u0219nuite pentru a evita cump\u0103rarea unei vignete?<\/h3>\n\n<p>Da, dar cre\u0219te semnificativ timpul de c\u0103l\u0103torie, mai ales pentru c\u0103l\u0103torii mai lungi. De exemplu, Bratislava p\u00e2n\u0103 la \u017dilina dureaz\u0103 2 ore pe D1 fa\u021b\u0103 de 3,5+ ore pe drumuri obi\u0219nuite. <\/p>\n\n<div style=\"height:25px\" aria-hidden=\"true\" class=\"wp-block-spacer\"><\/div>\n\n<div class=\"wp-block-buttons is-content-justification-center is-layout-flex wp-container-core-buttons-is-layout-a89b3969 wp-block-buttons-is-layout-flex\">\n<div class=\"wp-block-button\"><a class=\"wp-block-button__link wp-element-button\" href=\"https:\/\/vignettego.com\/\" style=\"background-color:#e91e63;color:#ffffff;padding:15px 30px;font-size:18px;border-radius:8px;\">\ud83d\ude97 Achizi\u021bioneaz\u0103-\u021bi vignetele despre autostr\u0103zile europene de la VignetteGo \u2192<\/a><\/div>\n<\/div>\n\n<div style=\"height:25px\" aria-hidden=\"true\" class=\"wp-block-spacer\"><\/div>\n\n<h2 class=\"wp-block-heading\">\ud83c\udfd4\ufe0f De ce s\u0103 vizitezi Slovacia?<\/h2>\n\n<ul class=\"wp-block-list\">\n<li><strong>Tatra \u00cenalte:<\/strong> Cei mai mici mun\u021bi \u00eenal\u021bi din lume\u2014peisaje alpine spectaculoase<\/li>\n<li><strong>Bratislava:<\/strong> Capital\u0103 fermec\u0103toare cu un ora\u0219 vechi plin de via\u021b\u0103 \u0219i malul Dun\u0103rii<\/li>\n<li><strong>Castelul Spi\u0161:<\/strong> Unul dintre cele mai mari complexe de castele din Europa Central\u0103 (UNESCO)<\/li>\n<li><strong>Biserici din lemn:<\/strong> Biserici unice din lemn incluse \u00een lista UNESCO din estul Slovaciei<\/li>\n<li><strong>Spa-uri Termale:<\/strong> Sta\u021biuni termale excelente precum Pie\u0161\u0165any, Tren\u010dianske Teplice<\/li>\n<li><strong>Paradisul Slovac:<\/strong> Parc na\u021bional uimitor, cu chei, cascade \u0219i trasee via ferrata<\/li>\n<li><strong>\u021aara viticol\u0103:<\/strong> Regiuni viticole pu\u021bin cunoscute, \u00een special Tokaj \u00een est<\/li>\n<\/ul>\n\n<h2 class=\"wp-block-heading\">\ud83d\udccd Concluzie<\/h2>\n\n<p>Slovacia ofer\u0103 o combina\u021bie perfect\u0103 de frumuse\u021be natural\u0103, istorie bogat\u0103 \u0219i farmec central european. Sistemul E-Znamka este simplu \u2014 cump\u0103r\u0103 online \u00eenainte de c\u0103l\u0103torie \u0219i bucur\u0103-te de condus f\u0103r\u0103 b\u0103t\u0103i de cap pe autostr\u0103zile slovace. <\/p>\n\n<p>Pentru excursii cu ma\u0219ina prin mai multe \u021b\u0103ri, combin\u0103 E-Znamka slovac cu vignete pentru <a href=\"https:\/\/vignettego.com\/highway-vignette-europe\/ro\/vigneta-autostrazii-republicii-cehe-2026-ghidul-suprem-e-znamka\/\">Republica Ceh\u0103<\/a>, <a href=\"https:\/\/vignettego.com\/highway-vignette-europe\/ro\/vigneta-autostrada-austria-2026\/\">Austria<\/a>, <a href=\"https:\/\/vignettego.com\/highway-vignette-europe\/ro\/vigneta-autostrada-ungaria-2026\/\">Ungaria<\/a> \u0219i <a href=\"https:\/\/vignettego.com\/highway-vignette-europe\/ro\/vigneta-autostrada-slovenia-2026\/\">Slovenia<\/a>. Adun\u0103-\u021bi toate scenele \u00eentr-un singur loc la <a href=\"https:\/\/vignettego.com\/\" title=\"VignetteGo - vignete europene despre autostr&#x103;zi\">VignetteGo<\/a>. <\/p>\n\n<p><strong>Bucur\u0103-te de Slovacia! \ud83c\uddf8\ud83c\uddf0\ud83c\udfd4\ufe0f <\/strong><\/p>\n\n<p><strong>Ghiduri conexe:<\/strong> <a href=\"https:\/\/vignettego.com\/highway-vignette-europe\/ro\/vigneta-autostrazii-republicii-cehe-2026-ghidul-suprem-e-znamka\/\">Ceh\u0103 E-Znamka<\/a> | <a href=\"https:\/\/vignettego.com\/highway-vignette-europe\/ro\/vigneta-autostrada-ungaria-2026\/\">Ungaria E-Matrica<\/a> | <a href=\"https:\/\/vignettego.com\/\">Toate vinietele europene<\/a><\/p>\n","protected":false},"excerpt":{"rendered":"<p>Slovacia este o bijuterie ascuns\u0103 \u00een Europa Central\u0103, oferind peisaje montane spectaculoase \u00een Mun\u021bii Tatra \u00cenalte, ora\u0219e medievale fermec\u0103toare precum Bardejov \u0219i Levo\u010da, castele misterioase \u0219i sta\u021biuni termale excelente. Fie c\u0103 tranzita\u021bi prin Slovacia c\u0103tre Polonia, Ucraina sau Ungaria, fie c\u0103 explora\u021bi aceast\u0103 \u021bar\u0103 frumoas\u0103, ve\u021bi avea nevoie de E-Znamka (vigneta electronic\u0103) slovac\u0103. Acest ghid [&hellip;]<\/p>\n","protected":false},"author":0,"featured_media":0,"parent":0,"menu_order":0,"comment_status":"closed","ping_status":"closed","template":"","meta":{"footnotes":""},"class_list":["post-394","page","type-page","status-publish","hentry"],"_links":{"self":[{"href":"https:\/\/vignettego.com\/highway-vignette-europe\/ro\/wp-json\/wp\/v2\/pages\/394","targetHints":{"allow":["GET"]}}],"collection":[{"href":"https:\/\/vignettego.com\/highway-vignette-europe\/ro\/wp-json\/wp\/v2\/pages"}],"about":[{"href":"https:\/\/vignettego.com\/highway-vignette-europe\/ro\/wp-json\/wp\/v2\/types\/page"}],"replies":[{"embeddable":true,"href":"https:\/\/vignettego.com\/highway-vignette-europe\/ro\/wp-json\/wp\/v2\/comments?post=394"}],"version-history":[{"count":4,"href":"https:\/\/vignettego.com\/highway-vignette-europe\/ro\/wp-json\/wp\/v2\/pages\/394\/revisions"}],"predecessor-version":[{"id":1515,"href":"https:\/\/vignettego.com\/highway-vignette-europe\/ro\/wp-json\/wp\/v2\/pages\/394\/revisions\/1515"}],"wp:attachment":[{"href":"https:\/\/vignettego.com\/highway-vignette-europe\/ro\/wp-json\/wp\/v2\/media?parent=394"}],"curies":[{"name":"wp","href":"https:\/\/api.w.org\/{rel}","templated":true}]}}