{"id":24,"date":"2025-09-05T00:55:51","date_gmt":"2025-09-05T00:55:51","guid":{"rendered":"https:\/\/vignettego.com\/highway-vignette-europe\/e-vignete-de-autostrada-europa-ghidul-calatorului-pentru-2025-clar-concis-fara-detalii-inutile\/"},"modified":"2026-01-05T22:13:12","modified_gmt":"2026-01-05T22:13:12","slug":"e-vignete-de-autostrada-europa-ghidul-calatorului-pentru-2025-clar-concis-fara-detalii-inutile","status":"publish","type":"page","link":"https:\/\/vignettego.com\/highway-vignette-europe\/ro\/","title":{"rendered":"e-vignete de autostrad\u0103 Europa: ghidul c\u0103l\u0103torului pentru 2025 (clar, concis, f\u0103r\u0103 detalii inutile)"},"content":{"rendered":"\n<p><em><a href=\"https:\/\/vignettego.com\/\">Viniete de autostrad\u0103<\/a> \u00een Europa: unde ave\u021bi nevoie \u0219i cum s\u0103 cump\u0103ra\u021bi (ghid 2026)<\/em><\/p>\n\n<p>Dac\u0103 planifica\u021bi o c\u0103l\u0103torie rutier\u0103 prin Europa, ve\u021bi da repede peste un cuv\u00e2nt care sun\u0103 sofisticat, dar \u00eenseamn\u0103 de fapt \u201eacces rutier pl\u0103tit \u00een avans\u201d: <strong><a href=\"https:\/\/vignettego.com\/\">viniet\u0103<\/a><\/strong>. <\/p>\n\n<p>G\u00e2ndi\u021bi-v\u0103 la ea ca la un permis digital legat de num\u0103rul dumneavoastr\u0103 de \u00eenmatriculare, care v\u0103 permite s\u0103 utiliza\u021bi anumite autostr\u0103zi pentru o perioad\u0103 stabilit\u0103. Idee simpl\u0103 \u2013 complicat\u0103 \u00een practic\u0103, deoarece regulile difer\u0103 de la o \u021bar\u0103 la alta. <\/p>\n\n<div style=\"height:30px\" aria-hidden=\"true\" class=\"wp-block-spacer\"><\/div>\n\n<div class=\"wp-block-buttons is-content-justification-center is-layout-flex wp-container-core-buttons-is-layout-a89b3969 wp-block-buttons-is-layout-flex\">\n<div class=\"wp-block-button\"><a class=\"wp-block-button__link wp-element-button\" href=\"https:\/\/vignettego.com\/\">Explora\u021bi VignetteGo<\/a><\/div>\n<\/div>\n\n<div style=\"height:30px\" aria-hidden=\"true\" class=\"wp-block-spacer\"><\/div>\n\n<p>Mai jos este un ghid prietenos \u0219i direct, care v\u0103 ajut\u0103 s\u0103 \u00een\u021belege\u021bi unde sunt utilizate vinietele, cum s\u0103 cump\u0103ra\u021bi vinieta potrivit\u0103, c\u00e2t dureaz\u0103 \u0219i cum s\u0103 evita\u021bi amenzile ustur\u0103toare. De asemenea, v\u0103 voi oferi o list\u0103 de verificare u\u0219oar\u0103 pe care o pute\u021bi urma \u00eenainte de a porni motorul. <\/p>\n\n<p><\/p>\n\n<hr class=\"wp-block-separator has-alpha-channel-opacity\"\/>\n\n<h2 class=\"wp-block-heading\">Pe scurt (r\u0103spunsul rapid)<\/h2>\n\n<ul class=\"wp-block-list\">\n<li><strong>Unde ave\u021bi nevoie de o <a href=\"https:\/\/vignettego.com\/\">viniet\u0103 de autostrad\u0103<\/a> (autoturisme, M1 \u2264 3,5t) \u00een UE:<\/strong> <strong>Austria, Cehia, Ungaria, Rom\u00e2nia, Slovacia, Slovenia, Bulgaria.<\/strong><br\/>(Elve\u021bia folose\u0219te \u0219i ea o viniet\u0103, dar nu este \u00een UE.)<\/li>\n\n\n\n<li><strong>Unde nu folosi\u021bi viniete:<\/strong> majoritatea celorlalte \u021b\u0103ri din UE se bazeaz\u0103 pe <strong><a href=\"https:\/\/vignettego.com\/\">taxe de drum<\/a>, taxe de trecere f\u0103r\u0103 oprire sau f\u0103r\u0103 taxe<\/strong> pentru autoturisme (de exemplu, Fran\u021ba, Italia, Spania, Portugalia, Croa\u021bia, Polonia, M50 din Irlanda, podurile Danemarca\/Suedia).<\/li>\n\n\n\n<li><strong>C\u00e2t dureaz\u0103 vinietele:<\/strong> de obicei, o op\u021biune <strong>pe termen scurt<\/strong> (aproximativ o s\u0103pt\u0103m\u00e2n\u0103\/10 zile), <strong>lunar\u0103<\/strong> \u0219i <strong>anual\u0103<\/strong>. Unele locuri ofer\u0103, de asemenea, variante <strong>de 1 zi<\/strong> sau <strong>de weekend<\/strong>. <\/li>\n\n\n\n<li><strong>Cum s\u0103 cump\u0103ra\u021bi:<\/strong> online, \u00een c\u00e2teva minute. Ve\u021bi alege <strong>\u021bara<\/strong>, <strong>vehiculul<\/strong>, <strong>data de \u00eencepere<\/strong> \u0219i <strong>valabilitatea<\/strong>. Permisul este legat de <strong>num\u0103rul dumneavoastr\u0103 de \u00eenmatriculare<\/strong>.  <\/li>\n\n\n\n<li><strong>Cele mai mari gre\u0219eli de evitat:<\/strong> num\u0103r de \u00eenmatriculare gre\u0219it, dat\u0103\/or\u0103 de \u00eencepere gre\u0219it\u0103 sau presupunerea c\u0103 o viniet\u0103 func\u021bioneaz\u0103 \u00een mai multe \u021b\u0103ri (nu func\u021bioneaz\u0103).<\/li>\n<\/ul>\n\n<div style=\"height:30px\" aria-hidden=\"true\" class=\"wp-block-spacer\"><\/div>\n\n<div class=\"wp-block-buttons is-content-justification-center is-layout-flex wp-container-core-buttons-is-layout-a89b3969 wp-block-buttons-is-layout-flex\">\n<div class=\"wp-block-button\"><a class=\"wp-block-button__link wp-element-button\" href=\"https:\/\/vignettego.com\/\">\u00cencepe\u021bi acum \u2013 VignetteGo<\/a><\/div>\n<\/div>\n\n<div style=\"height:30px\" aria-hidden=\"true\" class=\"wp-block-spacer\"><\/div>\n\n<hr class=\"wp-block-separator has-alpha-channel-opacity\"\/>\n\n<h2 class=\"wp-block-heading\">Ce este exact o viniet\u0103?<\/h2>\n\n<p>O <strong>viniet\u0103<\/strong> este un <strong>permis de autostrad\u0103<\/strong> <a href=\"https:\/\/vignettego.com\/\">bazat pe timp<\/a>. Spre deosebire de o tax\u0103 de drum care v\u0103 taxeaz\u0103 pe kilometru sau sec\u021biune, o viniet\u0103 permite c\u0103l\u0103torii nelimitate pe re\u021beaua relevant\u0103 \u00een timpul valabilit\u0103\u021bii sale (cu unele excep\u021bii locale). Ast\u0103zi este mai ales <strong>digital\u0103<\/strong>, deci <strong>nu exist\u0103 autocolant<\/strong> \u2013 camerele de supraveghere v\u0103 verific\u0103 num\u0103rul de \u00eenmatriculare.  <\/p>\n\n<p>Puncte cheie:<\/p>\n\n<ul class=\"wp-block-list\">\n<li><strong>Legat\u0103 de num\u0103rul dumneavoastr\u0103 de \u00eenmatriculare:<\/strong> verifica\u021bi de trei ori caracterele \u0219i codul \u021b\u0103rii.<\/li>\n\n\n\n<li><strong>Limitat\u0103 \u00een timp:<\/strong> alege\u021bi c\u00e2nd \u00eencepe valabilitatea (imediat sau la o dat\u0103 viitoare).<\/li>\n\n\n\n<li><strong>Clasa vehiculului conteaz\u0103:<\/strong> majoritatea regulilor de mai jos presupun un autoturism standard (M1 \u2264 3,5 t).<\/li>\n<\/ul>\n\n<p><\/p>\n\n<hr class=\"wp-block-separator has-alpha-channel-opacity\"\/>\n\n<h2 class=\"wp-block-heading\">Unde ve\u021bi avea nevoie de una (autoturisme)<\/h2>\n\n<p><strong>\u021a\u0103ri UE care utilizeaz\u0103 un sistem de viniete pentru autoturisme:<\/strong><\/p>\n\n<ul class=\"wp-block-list\">\n<li><strong>Austria (AT)<\/strong><\/li>\n\n\n\n<li><strong>Cehia (CZ)<\/strong><\/li>\n\n\n\n<li><strong>Ungaria (HU)<\/strong><\/li>\n\n\n\n<li><strong>Rom\u00e2nia (RO)<\/strong> (adesea numit\u0103 <em><a href=\"https:\/\/vignettego.com\/\">roviniet\u0103<\/a><\/em>)<\/li>\n\n\n\n<li><strong>Slovacia (SK)<\/strong><\/li>\n\n\n\n<li><strong>Slovenia (SI)<\/strong><\/li>\n\n\n\n<li><strong>Bulgaria (BG)<\/strong><\/li>\n<\/ul>\n\n<p><strong>\u00cen afara UE, dar frecvent tranzitate:<\/strong><\/p>\n\n<ul class=\"wp-block-list\">\n<li><strong>Elve\u021bia (CH)<\/strong> \u2014 viniet\u0103 obligatorie (op\u021biune digital\u0103 disponibil\u0103).<\/li>\n<\/ul>\n\n<div style=\"height:30px\" aria-hidden=\"true\" class=\"wp-block-spacer\"><\/div>\n\n<div class=\"wp-block-buttons is-content-justification-center is-layout-flex wp-container-core-buttons-is-layout-a89b3969 wp-block-buttons-is-layout-flex\">\n<div class=\"wp-block-button\"><a class=\"wp-block-button__link wp-element-button\" href=\"https:\/\/vignettego.com\/\">\u00cencerca\u021bi VignetteGo<\/a><\/div>\n<\/div>\n\n<div style=\"height:30px\" aria-hidden=\"true\" class=\"wp-block-spacer\"><\/div>\n\n<p>Pentru to\u021bi ceilal\u021bi, a\u0219tepta\u021bi-v\u0103 la <strong>taxe de drum<\/strong> (bilet la intrare\/ie\u0219ire sau taxe de trecere cu camer\u0103 f\u0103r\u0103 barier\u0103), <strong>taxe de pod<\/strong> sau <strong>f\u0103r\u0103 taxe<\/strong> pe autostr\u0103zi pentru autoturisme.<\/p>\n\n<blockquote class=\"wp-block-quote is-layout-flow wp-block-quote-is-layout-flow\">\n<p><strong>Aten\u021bie:<\/strong> <a href=\"https:\/\/vignettego.com\/\">O e-viniet\u0103<\/a> cump\u0103rat\u0103 pentru o \u021bar\u0103 <strong>nu<\/strong> acoper\u0103 o alta. Trece\u021bi prin cinci \u021b\u0103ri cu viniete? Ave\u021bi nevoie de cinci viniete separate.  <\/p>\n<\/blockquote>\n\n<hr class=\"wp-block-separator has-alpha-channel-opacity\"\/>\n\n<h2 class=\"wp-block-heading\">Op\u021biuni tipice de valabilitate \u0219i ce \u00eenseamn\u0103 acestea<\/h2>\n\n<p>Ofertele variaz\u0103 \u00een func\u021bie de \u021bar\u0103, dar pentru autoturisme ve\u021bi vedea frecvent:<\/p>\n\n<ul class=\"wp-block-list\">\n<li><strong>Pe termen scurt<\/strong>: aproximativ <strong>7\u201310 zile<\/strong> (excelent pentru vacan\u021be sau excursii de weekend)<\/li>\n\n\n\n<li><strong>Lunar<\/strong>: ~<strong>30 de zile<\/strong> de la data de \u00eencepere aleas\u0103<\/li>\n\n\n\n<li><strong>Anual<\/strong>: an calendaristic sau 12 luni de la \u00eencepere (depinde de \u021bar\u0103)<\/li>\n\n\n\n<li><strong>Extra ocazionale<\/strong>: permise <strong>de 1 zi<\/strong> sau <strong>de weekend<\/strong>, acolo unde sunt disponibile<\/li>\n<\/ul>\n\n<p><strong>Sfat profesionist:<\/strong> Dac\u0103 c\u0103l\u0103toria dumneavoastr\u0103 se \u00eentinde pe mai multe luni (de exemplu, sf\u00e2r\u0219itul lunii iunie \u2192 \u00eenceputul lunii iulie), compara\u021bi dou\u0103 permise pe termen scurt cu unul lunar \u2013 pre\u021burile v\u0103 pot surprinde.<\/p>\n\n<div style=\"height:30px\" aria-hidden=\"true\" class=\"wp-block-spacer\"><\/div>\n\n<div class=\"wp-block-buttons is-content-justification-center is-layout-flex wp-container-core-buttons-is-layout-a89b3969 wp-block-buttons-is-layout-flex\">\n<div class=\"wp-block-button\"><a class=\"wp-block-button__link wp-element-button\" href=\"https:\/\/vignettego.com\/\">\u00cencepe\u021bi cu VignetteGo<\/a><\/div>\n<\/div>\n\n<div style=\"height:30px\" aria-hidden=\"true\" class=\"wp-block-spacer\"><\/div>\n\n<hr class=\"wp-block-separator has-alpha-channel-opacity\"\/>\n\n<h2 class=\"wp-block-heading\">Cum func\u021bioneaz\u0103 pre\u021burile (pe \u00een\u021belesul tuturor)<\/h2>\n\n<ul class=\"wp-block-list\">\n<li><a href=\"https:\/\/vignettego.com\/\">Vinietele<\/a> sunt <strong>tarife fixe<\/strong> pentru o anumit\u0103 perioad\u0103 de timp.<\/li>\n\n\n\n<li>Pre\u021burile difer\u0103 <strong>\u00een func\u021bie de \u021bar\u0103<\/strong> \u0219i uneori \u00een func\u021bie de <strong>clasa vehiculului<\/strong> (autoturism vs. furgonet\u0103, reguli pentru remorci etc.).<\/li>\n\n\n\n<li>Adesea ve\u021bi pl\u0103ti \u00een <strong>moneda local\u0103<\/strong>; cump\u0103rarea printr-un serviciu multi-\u021bar\u0103 poate afi\u0219a <strong>moneda dumneavoastr\u0103<\/strong> pentru claritate.<\/li>\n<\/ul>\n\n<p>\u00cen loc s\u0103 memora\u021bi numere exacte (acestea se schimb\u0103), decide\u021bi mai \u00eent\u00e2i <strong>durata<\/strong> \u0219i cump\u0103ra\u021bi op\u021biunea corespunz\u0103toare pentru fiecare \u021bar\u0103 de pe traseul dumneavoastr\u0103.<\/p>\n\n<p><\/p>\n\n<hr class=\"wp-block-separator has-alpha-channel-opacity\"\/>\n\n<h2 class=\"wp-block-heading\">Cump\u0103rarea: un proces pas cu pas care pur \u0219i simplu func\u021bioneaz\u0103<\/h2>\n\n<ol class=\"wp-block-list\">\n<li><strong>Enumera\u021bi \u021b\u0103rile<\/strong> (doar cele cu viniete).<\/li>\n\n\n\n<li>Pentru fiecare, alege\u021bi <strong>valabilitatea<\/strong> (pe termen scurt\/lunar\/anual) \u0219i <strong>data de \u00eencepere<\/strong>.<\/li>\n\n\n\n<li>Introduce\u021bi <strong>\u021bara de \u00eenmatriculare<\/strong> (de exemplu, CZ\/DE\/AT) \u0219i <strong>num\u0103rul de \u00eenmatriculare<\/strong> exact a\u0219a cum apare pe \u00eenregistrare.<\/li>\n\n\n\n<li>Ad\u0103uga\u021bi <strong>e-mailul de contact<\/strong> \u0219i <strong>telefonul<\/strong> (pentru chitan\u021be \u0219i alerte).<\/li>\n\n\n\n<li>Pl\u0103ti\u021bi \u00een siguran\u021b\u0103 \u0219i verifica\u021bi <strong>confirmarea<\/strong> \u2013 asigura\u021bi-v\u0103 c\u0103 <strong>num\u0103rul de \u00eenmatriculare<\/strong> \u0219i <strong>datele<\/strong> sunt corecte.<\/li>\n\n\n\n<li><strong>Salva\u021bi\/imprima\u021bi<\/strong> confirm\u0103rile (PDF-uri\/chitan\u021be).<\/li>\n\n\n\n<li>Dac\u0103 planurile se schimb\u0103, verifica\u021bi dac\u0103 vinieta dumneavoastr\u0103 poate fi <strong>ajustat\u0103 sau rambursat\u0103<\/strong> (regulile variaz\u0103).<\/li>\n<\/ol>\n\n<div style=\"height:30px\" aria-hidden=\"true\" class=\"wp-block-spacer\"><\/div>\n\n<div class=\"wp-block-buttons is-content-justification-center is-layout-flex wp-container-core-buttons-is-layout-a89b3969 wp-block-buttons-is-layout-flex\">\n<div class=\"wp-block-button\"><a class=\"wp-block-button__link wp-element-button\" href=\"https:\/\/vignettego.com\/\">\u00cencerca\u021bi VignetteGo<\/a><\/div>\n<\/div>\n\n<div style=\"height:30px\" aria-hidden=\"true\" class=\"wp-block-spacer\"><\/div>\n\n<hr class=\"wp-block-separator has-alpha-channel-opacity\"\/>\n\n<h2 class=\"wp-block-heading\">Capcane comune (pentru a nu \u00eenv\u0103\u021ba pe calea cea grea)<\/h2>\n\n<ul class=\"wp-block-list\">\n<li><strong>Num\u0103r de \u00eenmatriculare gre\u0219it<\/strong>: \u201eO\u201d vs \u201e0\u201d, spa\u021biu suplimentar, cod de \u021bar\u0103 gre\u0219it \u2013 camerelor nu le va p\u0103sa c\u0103 a fost o gre\u0219eal\u0103 de scriere.<\/li>\n\n\n\n<li><strong>Nepotrivire dat\u0103\/or\u0103 de \u00eencepere<\/strong>: o <a href=\"https:\/\/vignettego.com\/\">e-viniet\u0103<\/a> setat\u0103 pentru <em>m\u00e2ine<\/em> nu v\u0103 va proteja <em>ast\u0103zi<\/em>.<\/li>\n\n\n\n<li><strong>Presupunerea c\u0103 un permis func\u021bioneaz\u0103 peste tot<\/strong>: nu func\u021bioneaz\u0103. Cump\u0103ra\u021bi pentru fiecare \u021bar\u0103. <\/li>\n\n\n\n<li><strong>Conduce\u021bi o ma\u0219in\u0103 \u00eenchiriat\u0103<\/strong>: confirma\u021bi num\u0103rul de \u00eenmatriculare final (unele agen\u021bii schimb\u0103 ma\u0219inile \u00een ultimul moment).<\/li>\n\n\n\n<li><strong>Mai mul\u021bi \u0219oferi<\/strong>: vinieta urm\u0103re\u0219te <strong>ma\u0219ina<\/strong>, nu persoana.<\/li>\n\n\n\n<li><strong>Remorci\/cutii de acoperi\u0219<\/strong>: unele \u021b\u0103ri au clase speciale \u2013 scana\u021bi regulile \u00eenainte de a cump\u0103ra.<\/li>\n<\/ul>\n\n<div style=\"height:30px\" aria-hidden=\"true\" class=\"wp-block-spacer\"><\/div>\n\n<div class=\"wp-block-buttons is-content-justification-center is-layout-flex wp-container-core-buttons-is-layout-a89b3969 wp-block-buttons-is-layout-flex\">\n<div class=\"wp-block-button\"><a class=\"wp-block-button__link wp-element-button\" href=\"https:\/\/vignettego.com\/\">\u00cencepe\u021bi acum \u2013 VignetteGo<\/a><\/div>\n<\/div>\n\n<div style=\"height:30px\" aria-hidden=\"true\" class=\"wp-block-spacer\"><\/div>\n\n<hr class=\"wp-block-separator has-alpha-channel-opacity\"\/>\n\n<h2 class=\"wp-block-heading\"><a href=\"https:\/\/vignettego.com\/\">Viniete<\/a> vs. drumuri cu tax\u0103 vs. taxe de ora\u0219<\/h2>\n\n<ul class=\"wp-block-list\">\n<li><strong>Viniet\u0103<\/strong>: permis bazat pe timp pentru o re\u021bea de autostr\u0103zi (modelul de \u201eabonament\u201d al Europei).<\/li>\n\n\n\n<li><strong>Drumuri cu tax\u0103<\/strong>: pl\u0103ti\u021bi pentru distan\u021b\u0103\/sec\u021biuni (de exemplu, Italia, Fran\u021ba, Spania, p\u0103r\u021bi din Croa\u021bia\/Polonia).<\/li>\n\n\n\n<li><strong>Taxe de trecere f\u0103r\u0103 oprire<\/strong>: f\u0103r\u0103 cabine \u2013 camerele v\u0103 citesc num\u0103rul de \u00eenmatriculare, <strong>pl\u0103ti\u021bi online ulterior<\/strong> (de exemplu, M50 din Irlanda, anumite tronsoane franceze\/portugheze).<\/li>\n\n\n\n<li><strong>Taxe de ora\u0219\/LEZ<\/strong>: taxe urbane separate sau zone de mediu \u2013 <strong>nu<\/strong> sunt acoperite de viniete.<\/li>\n<\/ul>\n\n<p>C\u00e2nd planifica\u021bi o c\u0103l\u0103torie lung\u0103, este posibil s\u0103 ave\u021bi nevoie de un <strong>mix<\/strong>: o viniet\u0103 pentru o \u021bar\u0103, o <strong>tax\u0103 de pod<\/strong> \u00een alta \u0219i o <strong>tax\u0103 de ora\u0219<\/strong> la sosire.<\/p>\n\n<p><\/p>\n\n<hr class=\"wp-block-separator has-alpha-channel-opacity\"\/>\n\n<h2 class=\"wp-block-heading\">List\u0103 de verificare simpl\u0103 \u00eenainte de c\u0103l\u0103torie (copia\u021bi\/lipi\u021bi aceasta)<\/h2>\n\n<ul class=\"wp-block-list\">\n<li>Traseu cartografiat cu <strong>lista \u021b\u0103rilor<\/strong><\/li>\n\n\n\n<li>Pentru fiecare \u021bar\u0103 cu viniet\u0103: <strong>durata<\/strong> + <strong>data de \u00eencepere<\/strong> alese<\/li>\n\n\n\n<li><strong>\u021aara de \u00eenmatriculare<\/strong> + <strong>num\u0103rul de \u00eenmatriculare exact<\/strong> confirmate (o fotografie ajut\u0103)<\/li>\n\n\n\n<li><strong>E-mail \u0219i telefon<\/strong> ad\u0103ugate pentru confirm\u0103ri \u0219i mementouri<\/li>\n\n\n\n<li>PDF-uri salvate pe telefon \/ \u00een cloud<\/li>\n\n\n\n<li>Dac\u0103 \u00eenchiria\u021bi: confirma\u021bi <strong>num\u0103rul de \u00eenmatriculare final<\/strong> \u00eenainte de a trece grani\u021ba<\/li>\n\n\n\n<li>P\u0103stra\u021bi un <strong>mic tampon de numerar\/card<\/strong> pentru taxe de drum sau poduri nea\u0219teptate<\/li>\n<\/ul>\n\n<div style=\"height:30px\" aria-hidden=\"true\" class=\"wp-block-spacer\"><\/div>\n\n<div class=\"wp-block-buttons is-content-justification-center is-layout-flex wp-container-core-buttons-is-layout-a89b3969 wp-block-buttons-is-layout-flex\">\n<div class=\"wp-block-button\"><a class=\"wp-block-button__link wp-element-button\" href=\"https:\/\/vignettego.com\/\">\u00cencepe\u021bi cu VignetteGo<\/a><\/div>\n<\/div>\n\n<div style=\"height:30px\" aria-hidden=\"true\" class=\"wp-block-spacer\"><\/div>\n\n<hr class=\"wp-block-separator has-alpha-channel-opacity\"\/>\n\n<h2 class=\"wp-block-heading\">\u00centreb\u0103ri frecvente (lucrurile pe care oamenii le \u00eentreab\u0103 \u00eentotdeauna)<\/h2>\n\n<p><strong>O \u201e<a href=\"https:\/\/vignettego.com\/\">viniet\u0103 UE<\/a>\u201d este valabil\u0103 pentru toat\u0103 Europa?<\/strong><br\/>Nu. Vinietele sunt <strong>specifice fiec\u0103rei \u021b\u0103ri<\/strong>. <\/p>\n\n<p><strong>Pot schimba datele sau pot ob\u021bine o rambursare?<\/strong><br\/>Uneori, dar regulile variaz\u0103. Unele permise digitale permit <strong>date de \u00eencepere viitoare<\/strong> \u0219i modific\u0103ri limitate; altele sunt <strong>finale<\/strong> odat\u0103 activate. Verifica\u021bi \u00eentotdeauna condi\u021biile specifice ale \u021b\u0103rii.  <\/p>\n\n<p><strong>Motocicletele au nevoie de viniete?<\/strong><br\/>Adesea da (uneori la un pre\u021b mai mic), dar detaliile variaz\u0103 \u00een func\u021bie de \u021bar\u0103.<\/p>\n\n<p><strong>Ce se \u00eent\u00e2mpl\u0103 dac\u0103 conduc f\u0103r\u0103 o viniet\u0103 valabil\u0103?<\/strong><br\/>Aplicarea automat\u0103 \u0219i controalele rutiere pot duce la <strong>taxe sau amenzi pe loc<\/strong> \u2013 de obicei, mult mai mari dec\u00e2t vinieta \u00een sine.<\/p>\n\n<p><strong>Vinietele <a href=\"https:\/\/vignettego.com\/\">acoper\u0103<\/a> aglomera\u021bia urban\u0103 sau zonele cu emisii reduse?<\/strong><br\/>Nu. Acestea sunt taxe locale separate, cu propriile reguli. <\/p>\n\n<p><\/p>\n\n<hr class=\"wp-block-separator has-alpha-channel-opacity\"\/>\n\n<h2 class=\"wp-block-heading\">Cuv\u00e2nt de \u00eencheiere<\/h2>\n\n<p>Vinietele sunt u\u0219oare odat\u0103 ce cunoa\u0219te\u021bi modelul: <strong>\u021bar\u0103 \u2192 valabilitate \u2192 num\u0103r de \u00eenmatriculare \u2192 data de \u00eencepere \u2192 confirmare<\/strong>. Face\u021bi asta pentru fiecare \u021bar\u0103 cu viniet\u0103 de pe traseul dumneavoastr\u0103 \u0219i totul va fi bine.  <\/p>\n\n<p>Dac\u0103 dori\u021bi un singur loc pentru a gestiona mai multe \u021b\u0103ri dintr-o singur\u0103 mi\u0219care, utiliza\u021bi un serviciu care accept\u0103 <strong>mai multe limbi, mai multe valute<\/strong>, trimite <strong>confirm\u0103ri PDF<\/strong> \u0219i \u2013 ideal \u2013 v\u0103 reaminte\u0219te \u00eenainte de expirarea permisului.<\/p>\n\n<p>Pute\u021bi \u00eencerca VignetteGo.com:<\/p>\n\n<div style=\"height:30px\" aria-hidden=\"true\" class=\"wp-block-spacer\"><\/div>\n\n<div class=\"wp-block-buttons is-content-justification-center is-layout-flex wp-container-core-buttons-is-layout-a89b3969 wp-block-buttons-is-layout-flex\">\n<div class=\"wp-block-button\"><a class=\"wp-block-button__link wp-element-button\" href=\"https:\/\/vignettego.com\/\">Explora\u021bi VignetteGo<\/a><\/div>\n<\/div>\n\n<div style=\"height:30px\" aria-hidden=\"true\" class=\"wp-block-spacer\"><\/div>\n\n<h2 class=\"wp-block-heading\">Etichete:<\/h2>\n\n<p class=\"has-medium-font-size\">viniet\u0103, tax\u0103 de drum, <a href=\"https:\/\/vignettego.com\/\">autostrad\u0103 cu tax\u0103<\/a>, punct de taxare, cabin\u0103 de taxare, card de taxare, permis de taxare, etichet\u0103 de taxare, bilet de taxare, tax\u0103 rutier\u0103, tax\u0103 de drum, permis de drum, autocolant, permis, permis, evignette, e-viniet\u0103, <a href=\"https:\/\/vignettego.com\/\">autocolant de taxare<\/a>, permis de autostrad\u0103, permis de autostrad\u0103, permis de ma\u0219in\u0103<\/p>\n\n<p><\/p>\n","protected":false},"excerpt":{"rendered":"<p>Viniete de autostrad\u0103 \u00een Europa: unde ave\u021bi nevoie \u0219i cum s\u0103 cump\u0103ra\u021bi (ghid 2026) Dac\u0103 planifica\u021bi o c\u0103l\u0103torie rutier\u0103 prin Europa, ve\u021bi da repede peste un cuv\u00e2nt care sun\u0103 sofisticat, dar \u00eenseamn\u0103 de fapt \u201eacces rutier pl\u0103tit \u00een avans\u201d: viniet\u0103. G\u00e2ndi\u021bi-v\u0103 la ea ca la un permis digital legat de num\u0103rul dumneavoastr\u0103 de \u00eenmatriculare, care [&hellip;]<\/p>\n","protected":false},"author":1,"featured_media":25,"parent":0,"menu_order":0,"comment_status":"open","ping_status":"closed","template":"","meta":{"footnotes":""},"class_list":["post-24","page","type-page","status-publish","has-post-thumbnail","hentry"],"_links":{"self":[{"href":"https:\/\/vignettego.com\/highway-vignette-europe\/ro\/wp-json\/wp\/v2\/pages\/24","targetHints":{"allow":["GET"]}}],"collection":[{"href":"https:\/\/vignettego.com\/highway-vignette-europe\/ro\/wp-json\/wp\/v2\/pages"}],"about":[{"href":"https:\/\/vignettego.com\/highway-vignette-europe\/ro\/wp-json\/wp\/v2\/types\/page"}],"author":[{"embeddable":true,"href":"https:\/\/vignettego.com\/highway-vignette-europe\/ro\/wp-json\/wp\/v2\/users\/1"}],"replies":[{"embeddable":true,"href":"https:\/\/vignettego.com\/highway-vignette-europe\/ro\/wp-json\/wp\/v2\/comments?post=24"}],"version-history":[{"count":1,"href":"https:\/\/vignettego.com\/highway-vignette-europe\/ro\/wp-json\/wp\/v2\/pages\/24\/revisions"}],"predecessor-version":[{"id":26,"href":"https:\/\/vignettego.com\/highway-vignette-europe\/ro\/wp-json\/wp\/v2\/pages\/24\/revisions\/26"}],"wp:featuredmedia":[{"embeddable":true,"href":"https:\/\/vignettego.com\/highway-vignette-europe\/ro\/wp-json\/wp\/v2\/media\/25"}],"wp:attachment":[{"href":"https:\/\/vignettego.com\/highway-vignette-europe\/ro\/wp-json\/wp\/v2\/media?parent=24"}],"curies":[{"name":"wp","href":"https:\/\/api.w.org\/{rel}","templated":true}]}}