{"id":1104,"date":"2026-01-04T01:38:57","date_gmt":"2026-01-04T01:38:57","guid":{"rendered":"https:\/\/vignettego.com\/highway-vignette-europe\/taxa-autostrada-croatia-2026\/"},"modified":"2026-01-04T12:41:54","modified_gmt":"2026-01-04T12:41:54","slug":"taxa-autostrada-croatia-2026","status":"publish","type":"page","link":"https:\/\/vignettego.com\/highway-vignette-europe\/ro\/taxa-autostrada-croatia-2026\/","title":{"rendered":"Vigneta Autostr\u0103zii Croa\u021biei 2026: Ghid complet ENC \u0219i Ghid Digital de Taxare"},"content":{"rendered":"\n<script type=\"application\/ld+json\">{\n    \"@context\": \"https:\/\/schema.org\",\n    \"@graph\": [\n        {\n            \"@type\": \"Article\",\n            \"@id\": \"https:\/\/vignettego.com\/highway-vignette-europe\/croatia-highway-vignette-guide\/#article\",\n            \"headline\": \"Croatia Highway Vignette 2026: Complete ENC & Digital Toll Guide\",\n            \"description\": \"Everything about Croatian highway tolls, ENC electronic system, and digital vignette options. Learn about toll prices, the stunning A1 coastal motorway, and how to reach Dubrovnik, Split, and other destinations.\",\n            \"image\": \"https:\/\/vignettego.com\/highway-vignette-europe\/wp-content\/uploads\/2026\/09\/Highway-Vignette-Europe.jpg\",\n            \"datePublished\": \"2026-01-04\",\n            \"dateModified\": \"2026-01-04\",\n            \"author\": {\"@type\": \"Organization\", \"name\": \"VignetteGo\", \"url\": \"https:\/\/vignettego.com\"},\n            \"publisher\": {\"@type\": \"Organization\", \"name\": \"VignetteGo\"},\n            \"mainEntityOfPage\": {\"@type\": \"WebPage\", \"@id\": \"https:\/\/vignettego.com\/highway-vignette-europe\/croatia-highway-vignette-guide\/\"},\n            \"articleSection\": \"Highway Vignettes\",\n            \"keywords\": [\"Croatia toll\", \"Croatia highway\", \"ENC Croatia\", \"Croatian motorway\", \"A1 Croatia\", \"Dubrovnik road trip\", \"Split highway\"],\n            \"inLanguage\": \"en\",\n            \"speakable\": {\"@type\": \"SpeakableSpecification\", \"cssSelector\": [\".article-intro\", \"#faq-section\"]}\n        },\n        {\n            \"@type\": \"BreadcrumbList\",\n            \"itemListElement\": [\n                {\"@type\": \"ListItem\", \"position\": 1, \"name\": \"VignetteGo\", \"item\": \"https:\/\/vignettego.com\/\"},\n                {\"@type\": \"ListItem\", \"position\": 2, \"name\": \"Highway Vignette Europe\", \"item\": \"https:\/\/vignettego.com\/highway-vignette-europe\/\"},\n                {\"@type\": \"ListItem\", \"position\": 3, \"name\": \"Croatia Guide\", \"item\": \"https:\/\/vignettego.com\/highway-vignette-europe\/croatia-highway-vignette-guide\/\"}\n            ]\n        },\n        {\n            \"@type\": \"FAQPage\",\n            \"mainEntity\": [\n                {\"@type\": \"Question\", \"name\": \"Does Croatia use vignettes or toll booths?\", \"acceptedAnswer\": {\"@type\": \"Answer\", \"text\": \"Croatia traditionally uses a distance-based toll system with toll booths, but now also offers digital vignette options (E-Vinjeta) for certain sections. Many visitors use a combination of both or the ENC electronic device.\"}},\n                {\"@type\": \"Question\", \"name\": \"How much does the Croatian motorway toll cost?\", \"acceptedAnswer\": {\"@type\": \"Answer\", \"text\": \"Croatian tolls are distance-based. Zagreb to Split costs approximately EUR 25, Zagreb to Rijeka about EUR 8, and Split to Dubrovnik around EUR 12. The A1 motorway to the coast is the main toll route.\"}},\n                {\"@type\": \"Question\", \"name\": \"What is the ENC system in Croatia?\", \"acceptedAnswer\": {\"@type\": \"Answer\", \"text\": \"ENC (Elektroni\u010dka Naplata Cestarine) is Croatia electronic toll collection device. It provides faster passage through dedicated ENC lanes and often offers discounts. Available at toll plazas and service areas.\"}},\n                {\"@type\": \"Question\", \"name\": \"Can I pay Croatian tolls with credit card?\", \"acceptedAnswer\": {\"@type\": \"Answer\", \"text\": \"Yes, credit and debit cards are accepted at Croatian toll booths. Cash payment in EUR is also widely accepted since Croatia adopted the Euro in January 2023.\"}},\n                {\"@type\": \"Question\", \"name\": \"Is there a digital vignette for Croatia?\", \"acceptedAnswer\": {\"@type\": \"Answer\", \"text\": \"Yes, Croatia now offers E-Vinjeta (electronic vignettes) for certain motorway sections, providing an alternative to traditional toll booth payment. These can be purchased online.\"}}\n            ]\n        }\n    ]\n}\n<\/script>\n\n<figure class=\"wp-block-image aligncenter size-large\"><img decoding=\"async\" src=\"https:\/\/vignettego.com\/highway-vignette-europe\/wp-content\/uploads\/2026\/09\/Highway-Vignette-Europe.jpg\" alt=\"Tax&#x103; de taxare pe autostrada Croa&#x21B;iei 2026 - Ghid complet al sistemului de taxare autostr&#x103;zilor croate\" style=\"width:100%; height:auto; margin-bottom:20px;\"\/><\/figure>\n\n<p class=\"article-intro\">Croa\u021bia este una dintre cele mai populare destina\u021bii de var\u0103 din Europa, faimoas\u0103 pentru coasta sa uimitoare a Adriaticii, apele cristaline, ora\u0219ele istorice precum Dubrovnik \u0219i Split \u0219i insulele sale superbe. Conducerea spre Croa\u021bia deschide posibilit\u0103\u021bi incredibile \u2014 de la zidurile str\u0103vechi ale Dubrovnikului la plajele de petrecere din Zr\u0107e, cascadele lacurilor Plitvice p\u00e2n\u0103 la fermec\u0103toarea Istria. Acest ghid explic\u0103 totul despre sistemul de taxare pe autostr\u0103zile din Croa\u021bia \u00een 2026, inclusiv <strong>sistemul electronic ENC<\/strong>, <strong>op\u021biunile de vignete digitale<\/strong> \u0219i sfaturi practice pentru c\u0103l\u0103toria ta cu ma\u0219ina \u00een Croa\u021bia.  <\/p>\n\n<div style=\"height:25px\" aria-hidden=\"true\" class=\"wp-block-spacer\"><\/div>\n\n<div class=\"wp-block-buttons is-content-justification-center is-layout-flex wp-container-core-buttons-is-layout-a89b3969 wp-block-buttons-is-layout-flex\">\n<div class=\"wp-block-button\"><a class=\"wp-block-button__link wp-element-button\" href=\"https:\/\/vignettego.com\/\" style=\"background-color:#0066cc;color:#ffffff;padding:15px 30px;font-size:18px;border-radius:8px;\">\ud83d\ude97 Ia-\u021bi vigneta digital\u0103 croat\u0103 de la VignetteGo<\/a><\/div>\n<\/div>\n\n<div style=\"height:25px\" aria-hidden=\"true\" class=\"wp-block-spacer\"><\/div>\n\n<h2 class=\"wp-block-heading\">\ud83c\udded\ud83c\uddf7 Explicarea sistemului croat de taxare<\/h2>\n\n<p>Spre deosebire de majoritatea \u021b\u0103rilor din Europa Central\u0103 care folosesc vignete bazate pe timp, Croa\u021bia a operat tradi\u021bional un <strong>sistem de taxare pe distan\u021b\u0103<\/strong> , cu cabine fizice de taxare. Iei un bilet la intrarea pe autostrad\u0103 \u0219i pl\u0103te\u0219ti \u00een func\u021bie de distan\u021ba parcurs\u0103 la ie\u0219ire. Totu\u0219i, Croa\u021bia ofer\u0103 acum <strong>\u0219i op\u021biuni de vignete digitale (E-Vinjeta)<\/strong> pentru anumite sec\u021biuni de autostrad\u0103, oferind mai mult\u0103 flexibilitate c\u0103l\u0103torilor.  <\/p>\n\n<p>Re\u021beaua autostr\u0103zilor croate este gestionat\u0103 de <strong>HAC (Hrvatske Autoceste)<\/strong> \u0219i <strong>AZM (Autocesta Zagreb-Macelj).<\/strong> Din ianuarie 2023, Croa\u021bia a adoptat euro <strong>(EUR)<\/strong> ca moned\u0103, facilit\u00e2nd pl\u0103\u021bile pentru vizitatorii UE. <\/p>\n\n<h2 class=\"wp-block-heading\">\ud83d\udccb Op\u021biuni de plat\u0103 a taxei \u00een Croa\u021bia<\/h2>\n\n<h3 class=\"wp-block-heading\">Op\u021biunea 1: Cabinele tradi\u021bionale de taxare (cele mai comune)<\/h3>\n\n<p>Ia un bilet la intrare, pl\u0103te\u0219te la ie\u0219ire. Plata acceptat\u0103: <\/p>\n\n<ul class=\"wp-block-list\">\n<li><strong>Numerar:<\/strong> EUR (nu mai este nevoie de kuna croat\u0103)<\/li>\n<li><strong>Carduri de credit\/debit:<\/strong> Visa, Mastercard sunt larg acceptate<\/li>\n<li><strong>Dispozitiv ENC:<\/strong> Pl\u0103\u021bi electronice (vezi mai jos)<\/li>\n<\/ul>\n\n<h3 class=\"wp-block-heading\">Op\u021biunea 2: Dispozitiv electronic ENC<\/h3>\n\n<p><strong>ENC (Elektroni\u010dka Naplata Cestarine)<\/strong> este sistemul electronic de colectare a taxelor de trecere din Croa\u021bia. Beneficii: <\/p>\n\n<ul class=\"wp-block-list\">\n<li>Trecere mai rapid\u0103 prin benzi dedicate ENC<\/li>\n<li>Posibile reduceri la taxele de taxare<\/li>\n<li>Nu e nevoie s\u0103 te opre\u0219ti la barierele de taxare<\/li>\n<li>Disponibil pentru achizi\u021bie la punctele de taxare \u0219i \u00een zonele de servicii<\/li>\n<\/ul>\n\n<p>Dispozitivul ENC cost\u0103 un avans mic \u0219i poate fi completat cu credit. Pentru vizitatorii frecven\u021bi, este foarte recomandat. <\/p>\n\n<h3 class=\"wp-block-heading\">Op\u021biunea 3: Vigneta digital\u0103 (E-Vinjeta)<\/h3>\n\n<p>Croa\u021bia ofer\u0103 <strong>acum E-Vinjeta<\/strong> (vignete electronice) pentru anumite por\u021biuni de autostrad\u0103, permi\u021b\u00e2ndu-\u021bi s\u0103 ocole\u0219ti complet cabinele de taxare. Disponibil pe <a href=\"https:\/\/vignettego.com\/\" title=\"Vigneta digital&#x103; croat&#x103;\">VignetteGo<\/a>. <\/p>\n\n<div style=\"height:25px\" aria-hidden=\"true\" class=\"wp-block-spacer\"><\/div>\n\n<div class=\"wp-block-buttons is-content-justification-center is-layout-flex wp-container-core-buttons-is-layout-a89b3969 wp-block-buttons-is-layout-flex\">\n<div class=\"wp-block-button\"><a class=\"wp-block-button__link wp-element-button\" href=\"https:\/\/vignettego.com\/\" style=\"background-color:#28a745;color:#ffffff;padding:15px 30px;font-size:18px;border-radius:8px;\">\u2705 Ob\u021bine vignete europene \u2013 toate \u021b\u0103rile \u2013 pe VignetteGo<\/a><\/div>\n<\/div>\n\n<div style=\"height:25px\" aria-hidden=\"true\" class=\"wp-block-spacer\"><\/div>\n\n<h2 class=\"wp-block-heading\">\ud83d\udcb0 Pre\u021burile taxelor pe autostr\u0103zile croate 2026<\/h2>\n\n<p>Taxele croate se bazeaz\u0103 pe distan\u021b\u0103, deci costul depinde de traseul t\u0103u. Iat\u0103 pre\u021burile aproximative pentru rutele comune (Categoria I &#8211; vagoane obi\u0219nuite): <\/p>\n\n<figure class=\"wp-block-table\"><table><thead><tr><th>Traseu<\/th><th>Distan\u021b\u0103<\/th><th>Tax\u0103 aproximativ\u0103 <\/th><\/tr><\/thead><tbody><tr><td><strong>Zagreb \u2013 Split<\/strong><\/td><td>~400 km<\/td><td>~EUR 25<\/td><\/tr><tr><td><strong>Zagreb \u2013 Rijeka<\/strong><\/td><td>~170 km<\/td><td>~EUR 8<\/td><\/tr><tr><td><strong>Zagreb \u2013 Zadar<\/strong><\/td><td>~280 km<\/td><td>~EUR 17<\/td><\/tr><tr><td><strong>Split \u2013 Dubrovnik<\/strong><\/td><td>~220 km<\/td><td>~EUR 12<\/td><\/tr><tr><td><strong>Zagreb \u2013 Dubrovnik<\/strong><\/td><td>~600 km<\/td><td>~EUR 35<\/td><\/tr><tr><td><strong>Ljubljana \u2013 Zagreb<\/strong><\/td><td>~140 km<\/td><td>~EUR 7<\/td><\/tr><\/tbody><\/table><\/figure>\n\n<p><strong>Not\u0103:<\/strong> Pre\u021burile sunt indicative. Taxele efective pot varia u\u0219or \u00een func\u021bie de punctele specifice de intrare\/ie\u0219ire \u0219i de categoria vehiculului. <\/p>\n\n<h2 class=\"wp-block-heading\">\ud83d\udee3\ufe0f Re\u021beaua Autostr\u0103zilor Croate<\/h2>\n\n<p>Croa\u021bia are o re\u021bea excelent\u0103 de autostr\u0103zi care leag\u0103 marile ora\u0219e de coast\u0103. Iat\u0103 principalele rute: <\/p>\n\n<h3 class=\"wp-block-heading\">A1 \u2013 Autostrada Dalmantie<\/h3>\n\n<p>Cea mai important\u0103 rut\u0103 turistic\u0103, care leag\u0103 <strong>Zagreb de Split \u0219i continu\u0103 spre Dubrovnik<\/strong>. Aceast\u0103 autostrad\u0103 uimitoare merge paralel cu coasta Adriatic\u0103, oferind acces la toate destina\u021biile majore de coast\u0103. Lungime total\u0103: aproximativ 550 km. Are mai multe poduri \u0219i tuneluri impresionante prin Alpii Dinarici.   <\/p>\n\n<h3 class=\"wp-block-heading\">A2 \u2013 Zagreb c\u0103tre Macelj (grani\u021ba cu Slovenia)<\/h3>\n\n<p>Leag\u0103 Zagreb de Slovenia, continu\u00e2nd spre Ljubljana \u0219i dincolo de ea. Principala rut\u0103 pentru c\u0103l\u0103torii care vin din Europa Central\u0103. Lungime: aproximativ 60 km \u00een Croa\u021bia.  <\/p>\n\n<h3 class=\"wp-block-heading\">A3 \u2013 Bregana c\u0103tre Lipovac<\/h3>\n\n<p>Rut\u0103 est-vest care leag\u0103 grani\u021ba sloven\u0103 (Bregana) prin Zagreb de grani\u021ba cu Serbia (Lipovac). Parte a coridorului european E70. Lungime: aproximativ 300 km.  <\/p>\n\n<h3 class=\"wp-block-heading\">A4 \u2013 Zagreb c\u0103tre Gori\u010dan (grani\u021ba cu Ungaria)<\/h3>\n\n<p>Leag\u0103 Zagrebul de Ungaria, principala rut\u0103 pentru c\u0103l\u0103torii care vin din Budapesta. Lungime: aproximativ 97 km. <\/p>\n\n<h3 class=\"wp-block-heading\">A6 \u2013 Ocolitoarea Rijeka<\/h3>\n\n<p>Leag\u0103 A1 la Bosiljevo de Rijeka \u0219i peninsula Istria. Esen\u021bial pentru a ajunge \u00een Istria din Zagreb. <\/p>\n\n<h3 class=\"wp-block-heading\">A7\/A8\/A9 \u2013 Istrian Y<\/h3>\n\n<p>Re\u021beaua de autostr\u0103zi care deserve\u0219te peninsula Istrian\u0103, conect\u00e2nd Rijeka cu \u0219i alte destina\u021bii din Istria. \u00cen general, traficul este mai redus dec\u00e2t A1. <\/p>\n\n<div style=\"height:25px\" aria-hidden=\"true\" class=\"wp-block-spacer\"><\/div>\n\n<div class=\"wp-block-buttons is-content-justification-center is-layout-flex wp-container-core-buttons-is-layout-a89b3969 wp-block-buttons-is-layout-flex\">\n<div class=\"wp-block-button\"><a class=\"wp-block-button__link wp-element-button\" href=\"https:\/\/vignettego.com\/\" style=\"background-color:#ff6600;color:#ffffff;padding:15px 30px;font-size:18px;border-radius:8px;\">\ud83d\uded2 Cump\u0103ra\u021bi-v\u0103 vinietele europene acum pe VignetteGo<\/a><\/div>\n<\/div>\n\n<div style=\"height:25px\" aria-hidden=\"true\" class=\"wp-block-spacer\"><\/div>\n\n<h2 class=\"wp-block-heading\">\ud83d\uddfa\ufe0f Rute populare croate pentru excursii cu ma\u0219ina<\/h2>\n\n<h3 class=\"wp-block-heading\">Zagreb c\u0103tre Split (Autostrada A1 Dalma\u021bian\u0103)<\/h3>\n\n<p><strong>Distan\u021b\u0103:<\/strong> ~400 km | <strong>Durat\u0103:<\/strong> 4-4,5 ore | <strong>Tax\u0103:<\/strong> ~EUR 25<\/p>\n\n<p>Ruta clasic\u0103 a excursiei croate cu ma\u0219ina. A1 este o autostrad\u0103 modern\u0103, bine \u00eentre\u021binut\u0103, cu zone excelente de deservire. Ia \u00een considerare oprirea \u00een Parcul Na\u021bional Lacurilor Plitvice (ie\u0219irea din Gornja Plo\u010da) \u2014 una dintre cele mai frumoase atrac\u021bii naturale din Croa\u021bia.  <\/p>\n\n<h3 class=\"wp-block-heading\">Zagreb c\u0103tre Dubrovnik<\/h3>\n\n<p><strong>Distan\u021b\u0103:<\/strong> ~600 km | <strong>Durat\u0103:<\/strong> 5,5-6 ore | <strong>Tax\u0103:<\/strong> ~EUR 35<\/p>\n\n<p>Excursia suprem\u0103 cu ma\u0219ina croat\u0103, care se \u00eencheie \u00een uimitorul ora\u0219 fortificat Dubrovnik. Re\u021bine\u021bi c\u0103 aceast\u0103 rut\u0103 trece pentru scurt timp prin <strong>Bosnia \u0219i Her\u021begovina<\/strong> pe coridorul Neum (f\u0103r\u0103 tax\u0103, dar cu pa\u0219aport). Alternativ, po\u021bi lua Podul Pelje\u0161ac pentru a r\u0103m\u00e2ne \u00een \u00eentregime \u00een Croa\u021bia.  <\/p>\n\n<h3 class=\"wp-block-heading\">Ljubljana (Slovenia) p\u00e2n\u0103 la Zagreb<\/h3>\n\n<p><strong>Distan\u021b\u0103:<\/strong> ~140 km | <strong>Durat\u0103:<\/strong> 1,5-2 ore | <strong>Tax\u0103:<\/strong> ~EUR 7 (Croa\u021bia) + vigneta sloven\u0103<\/p>\n\n<p>Ruta principal\u0103 din Europa Central\u0103. Vei avea nevoie de un <a href=\"https:\/\/vignettego.com\/highway-vignette-europe\/ro\/vigneta-autostrada-slovenia-2026\/\">E-Vinjeta sloven<\/a> pentru partea sloven\u0103 a c\u0103l\u0103toriei. <\/p>\n\n<h3 class=\"wp-block-heading\">Turul Coastei Istriei<\/h3>\n\n<p><strong>Rut\u0103:<\/strong> Rijeka \u2192 Opatija \u2192 \u2192 Rovinj \u2192 Pore\u010d \u2192 \u00eenapoi la Rijeka<\/p>\n\n<p>Exploreaz\u0103 frumoasa peninsul\u0103 Istria, cu buc\u0103t\u0103ria sa influen\u021bat\u0103 de cultura italian\u0103, satele de pe dealuri \u0219i ora\u0219ele fermec\u0103toare de pe coast\u0103. Mai pu\u021bin aglomerat dec\u00e2t coasta dalma\u021bien\u0103. <\/p>\n\n<h2 class=\"wp-block-heading\">\ud83d\udca1 Sfaturi de condus \u00een Croa\u021bia pentru 2026<\/h2>\n\n<h3 class=\"wp-block-heading\">Moned\u0103<\/h3>\n\n<p>Din ianuarie 2023, Croa\u021bia folose\u0219te <strong>Euro (EUR).<\/strong> Nu este nevoie s\u0103 schimbi bani dac\u0103 vii dintr-o alt\u0103 \u021bar\u0103 din zona euro. Cardurile de credit sunt larg acceptate.  <\/p>\n\n<h3 class=\"wp-block-heading\">Limite de vitez\u0103<\/h3>\n\n<ul class=\"wp-block-list\">\n<li><strong>Autostr\u0103zi:<\/strong> 130 km\/h<\/li>\n<li><strong>Drumuri na\u021bionale:<\/strong> 90 km\/h<\/li>\n<li><strong>Zone urbane:<\/strong> 50 km\/h<\/li>\n<\/ul>\n\n<h3 class=\"wp-block-heading\">Traficul de var\u0103<\/h3>\n\n<p><strong>Aten\u021bie:<\/strong> Drumul A1 spre coast\u0103 se confrunt\u0103 cu <strong>un trafic extrem de intens<\/strong> \u00een iulie \u0219i august, mai ales s\u00e2mb\u0103ta (ziua schimbului pentru \u00eenchirierile s\u0103pt\u0103m\u00e2nale). C\u0103l\u0103tore\u0219te devreme diminea\u021ba sau seara t\u00e2rziu pentru a evita cele mai grave aglomera\u021bii. <\/p>\n\n<h3 class=\"wp-block-heading\">Echipament necesar<\/h3>\n\n<ul class=\"wp-block-list\">\n<li>Triunghiul de avertizare<\/li>\n<li>Vest reflectorizant\u0103<\/li>\n<li>Trusa de prim ajutor<\/li>\n<li>Farurile aprinse tot timpul \u00een timpul condusului<\/li>\n<\/ul>\n\n<h2 class=\"wp-block-heading\" id=\"faq-section\">\u2753 \u00centreb\u0103ri frecvente<\/h2>\n\n<h3 class=\"wp-block-heading\">Am nevoie de o vignet\u0103 sau pl\u0103tesc la taxele din Croa\u021bia?<\/h3>\n\n<p>Po\u021bi folosi oricare dintre sisteme. Cabinele tradi\u021bionale de taxare func\u021bioneaz\u0103 pe baz\u0103 de paga pe baz\u0103 de distan\u021b\u0103. Alternativ, vignetele digitale (E-Vinjeta) sunt acum disponibile pentru anumite sec\u021biuni.  <\/p>\n\n<h3 class=\"wp-block-heading\">Pot s\u0103 conduc p\u00e2n\u0103 la Dubrovnik f\u0103r\u0103 s\u0103 p\u0103r\u0103sesc Croa\u021bia?<\/h3>\n\n<p>Da! De la deschiderea Podului Pelje\u0161ac \u00een 2022, pute\u021bi conduce acum de la Split la Dubrovnik f\u0103r\u0103 a trece prin coridorul Bosnia-Her\u021begovina Neum. <\/p>\n\n<h3 class=\"wp-block-heading\">Merit\u0103 dispozitivul ENC?<\/h3>\n\n<p>Pentru vizitatori frecven\u021bi sau pentru cei care stau mai multe s\u0103pt\u0103m\u00e2ni, da. Pentru o singur\u0103 c\u0103l\u0103torie, cabinele de taxare sau scenele digitale sunt mai practice. <\/p>\n\n<div style=\"height:25px\" aria-hidden=\"true\" class=\"wp-block-spacer\"><\/div>\n\n<div class=\"wp-block-buttons is-content-justification-center is-layout-flex wp-container-core-buttons-is-layout-a89b3969 wp-block-buttons-is-layout-flex\">\n<div class=\"wp-block-button\"><a class=\"wp-block-button__link wp-element-button\" href=\"https:\/\/vignettego.com\/\" style=\"background-color:#e91e63;color:#ffffff;padding:15px 30px;font-size:18px;border-radius:8px;\">\ud83d\ude97 Achizi\u021bioneaz\u0103-\u021bi vignetele despre autostr\u0103zile europene de la VignetteGo \u2192<\/a><\/div>\n<\/div>\n\n<div style=\"height:25px\" aria-hidden=\"true\" class=\"wp-block-spacer\"><\/div>\n\n<h2 class=\"wp-block-heading\">\ud83c\udfd6\ufe0f De ce s\u0103 vizitezi Croa\u021bia?<\/h2>\n\n<ul class=\"wp-block-list\">\n<li><strong>Coast\u0103 uimitoare:<\/strong> Peste 1.000 de insule \u0219i ape cristaline ale Adriaticei<\/li>\n<li><strong>Ora\u0219e istorice:<\/strong> Dubrovnik, Split, Zadar\u2014situri ale Patrimoniului Mondial UNESCO<\/li>\n<li><strong>Loca\u021bii Game of Thrones:<\/strong> Dubrovnik a servit drept Debarcaderul Regelui<\/li>\n<li><strong>Lacurile Plitvice:<\/strong> Parc na\u021bional spectaculos cu cascade<\/li>\n<li><strong>Istria:<\/strong> Buc\u0103t\u0103rie cu influen\u021be italiene, v\u00e2n\u0103toare de trufe, sate pe dealuri<\/li>\n<li><strong>Scena petrecerii:<\/strong> Plaja Zr\u0107e este &#8220;Ibiza Croat\u0103&#8221;<\/li>\n<\/ul>\n\n<h2 class=\"wp-block-heading\">\ud83d\udccd Concluzie<\/h2>\n\n<p>Croa\u021bia ofer\u0103 unele dintre cele mai satisf\u0103c\u0103toare c\u0103l\u0103torii cu ma\u0219ina din Europa, de la dramatica autostrad\u0103 A1 la drumurile \u0219erpuite de coast\u0103 \u0219i satele fermec\u0103toare din Istria. Indiferent dac\u0103 preferi cabinele tradi\u021bionale de taxare, sistemul electronic ENC sau noile op\u021biuni digitale de vignete, deplasarea prin Croa\u021bia cu ma\u0219ina este simpl\u0103. <\/p>\n\n<p>Pentru a ajunge \u00een Croa\u021bia din Europa Central\u0103, probabil vei trece prin <a href=\"https:\/\/vignettego.com\/highway-vignette-europe\/ro\/vigneta-autostrada-slovenia-2026\/\">Slovenia<\/a> sau <a href=\"https:\/\/vignettego.com\/highway-vignette-europe\/ro\/vigneta-autostrada-ungaria-2026\/\">Ungaria<\/a>. Adun\u0103-\u021bi toate scenele \u00eentr-un singur loc la <a href=\"https:\/\/vignettego.com\/\" title=\"VignetteGo - vignete europene despre autostr&#x103;zi\">VignetteGo<\/a>. <\/p>\n\n<p><strong>Bucur\u0103-te de coasta croat\u0103! \ud83c\udded\ud83c\uddf7\ud83c\udfd6\ufe0f <\/strong><\/p>\n\n<p><strong>Ghiduri conexe:<\/strong> <a href=\"https:\/\/vignettego.com\/highway-vignette-europe\/ro\/vigneta-autostrada-slovenia-2026\/\">Slovenia E-Vinjeta<\/a> | <a href=\"https:\/\/vignettego.com\/highway-vignette-europe\/ro\/vigneta-autostrada-ungaria-2026\/\">Ungaria E-Matrica<\/a> | <a href=\"https:\/\/vignettego.com\/\">Toate vinietele europene<\/a><\/p>\n","protected":false},"excerpt":{"rendered":"<p>Croa\u021bia este una dintre cele mai populare destina\u021bii de var\u0103 din Europa, faimoas\u0103 pentru coasta sa uimitoare a Adriaticii, apele cristaline, ora\u0219ele istorice precum Dubrovnik \u0219i Split \u0219i insulele sale superbe. Conducerea spre Croa\u021bia deschide posibilit\u0103\u021bi incredibile \u2014 de la zidurile str\u0103vechi ale Dubrovnikului la plajele de petrecere din Zr\u0107e, cascadele lacurilor Plitvice p\u00e2n\u0103 la [&hellip;]<\/p>\n","protected":false},"author":0,"featured_media":0,"parent":0,"menu_order":0,"comment_status":"closed","ping_status":"closed","template":"","meta":{"footnotes":""},"class_list":["post-1104","page","type-page","status-publish","hentry"],"_links":{"self":[{"href":"https:\/\/vignettego.com\/highway-vignette-europe\/ro\/wp-json\/wp\/v2\/pages\/1104","targetHints":{"allow":["GET"]}}],"collection":[{"href":"https:\/\/vignettego.com\/highway-vignette-europe\/ro\/wp-json\/wp\/v2\/pages"}],"about":[{"href":"https:\/\/vignettego.com\/highway-vignette-europe\/ro\/wp-json\/wp\/v2\/types\/page"}],"replies":[{"embeddable":true,"href":"https:\/\/vignettego.com\/highway-vignette-europe\/ro\/wp-json\/wp\/v2\/comments?post=1104"}],"version-history":[{"count":3,"href":"https:\/\/vignettego.com\/highway-vignette-europe\/ro\/wp-json\/wp\/v2\/pages\/1104\/revisions"}],"predecessor-version":[{"id":1332,"href":"https:\/\/vignettego.com\/highway-vignette-europe\/ro\/wp-json\/wp\/v2\/pages\/1104\/revisions\/1332"}],"wp:attachment":[{"href":"https:\/\/vignettego.com\/highway-vignette-europe\/ro\/wp-json\/wp\/v2\/media?parent=1104"}],"curies":[{"name":"wp","href":"https:\/\/api.w.org\/{rel}","templated":true}]}}