{"id":1101,"date":"2026-01-04T11:30:55","date_gmt":"2026-01-04T11:30:55","guid":{"rendered":"https:\/\/vignettego.com\/highway-vignette-europe\/vigneta-autostrada-austria-2026\/"},"modified":"2026-01-04T11:31:19","modified_gmt":"2026-01-04T11:31:19","slug":"vigneta-autostrada-austria-2026","status":"publish","type":"page","link":"https:\/\/vignettego.com\/highway-vignette-europe\/ro\/vigneta-autostrada-austria-2026\/","title":{"rendered":"Vignet\u0103 autostrad\u0103 Austria 2026: Ghid complet Digitale Vignette"},"content":{"rendered":"\n<img decoding=\"async\" src=\"https:\/\/vignettego.com\/highway-vignette-europe\/wp-content\/uploads\/2026\/09\/Highway-Vignette-Europe.jpg\" alt=\"Vignet\u0103 autostrad\u0103 european\u0103 2026\" style=\"width:100%; height:auto; margin-bottom:20px;\">\n\n<h1 class=\"wp-block-heading\">Vignet\u0103 autostrad\u0103 2026: Ghid complet<\/h1>\n<p>Ghid complet despre vignetele de autostrad\u0103. Vignetele sunt obligatorii pentru circula\u021bia pe autostr\u0103zi.<\/p>\n<div style=\"height:25px\" aria-hidden=\"true\" class=\"wp-block-spacer\"><\/div>\n\n<div class=\"wp-block-buttons is-content-justification-center is-layout-flex wp-container-core-buttons-is-layout-a89b3969 wp-block-buttons-is-layout-flex\"><div class=\"wp-block-button\"><a class=\"wp-block-button__link wp-element-button\" href=\"https:\/\/vignettego.com\/\" style=\"background-color:#0066cc;color:#fff;padding:15px 30px;font-size:18px;border-radius:8px;\">\ud83d\ude97 Cump\u0103r\u0103 vigneta ta aici<\/a><\/div><\/div>\n\n<div style=\"height:25px\" aria-hidden=\"true\" class=\"wp-block-spacer\"><\/div>\n<h2 class=\"wp-block-heading\">Pre\u021buri vignete 2026<\/h2>\n\n<figure class=\"wp-block-table\"><table><thead><tr><th>Durat\u0103<\/th><th>Pre\u021b<\/th><\/tr><\/thead><tbody><tr><td>S\u0103pt\u0103m\u00e2n\u0103<\/td><td>\u20ac15-20<\/td><\/tr><tr><td>Lun\u0103<\/td><td>\u20ac25-35<\/td><\/tr><tr><td>An<\/td><td>\u20ac90-120<\/td><\/tr><\/tbody><\/table><\/figure>\n\n<div style=\"height:25px\" aria-hidden=\"true\" class=\"wp-block-spacer\"><\/div>\n\n<div class=\"wp-block-buttons is-content-justification-center is-layout-flex wp-container-core-buttons-is-layout-a89b3969 wp-block-buttons-is-layout-flex\"><div class=\"wp-block-button\"><a class=\"wp-block-button__link wp-element-button\" href=\"https:\/\/vignettego.com\/\" style=\"background-color:#28a745;color:#fff;padding:15px 30px;font-size:18px;border-radius:8px;\">\u2705 Vignete pentru 8 \u021b\u0103ri europene<\/a><\/div><\/div>\n\n<div style=\"height:25px\" aria-hidden=\"true\" class=\"wp-block-spacer\"><\/div>\n<p>Pentru c\u0103l\u0103torii prin mai multe \u021b\u0103ri viziteaz\u0103 <a href=\"https:\/\/vignettego.com\/\" title=\"Vignete europene\">VignetteGo<\/a>.<\/p>","protected":false},"excerpt":{"rendered":"<p>Vignet\u0103 autostrad\u0103 2026: Ghid complet Ghid complet despre vignetele de autostrad\u0103. Vignetele sunt obligatorii pentru circula\u021bia pe autostr\u0103zi. Pre\u021buri vignete 2026 Durat\u0103 Pre\u021b S\u0103pt\u0103m\u00e2n\u0103 \u20ac15-20 Lun\u0103 \u20ac25-35 An \u20ac90-120 Pentru c\u0103l\u0103torii prin mai multe \u021b\u0103ri viziteaz\u0103 VignetteGo.<\/p>\n","protected":false},"author":0,"featured_media":0,"parent":0,"menu_order":0,"comment_status":"closed","ping_status":"closed","template":"","meta":{"footnotes":""},"class_list":["post-1101","page","type-page","status-publish","hentry"],"_links":{"self":[{"href":"https:\/\/vignettego.com\/highway-vignette-europe\/ro\/wp-json\/wp\/v2\/pages\/1101","targetHints":{"allow":["GET"]}}],"collection":[{"href":"https:\/\/vignettego.com\/highway-vignette-europe\/ro\/wp-json\/wp\/v2\/pages"}],"about":[{"href":"https:\/\/vignettego.com\/highway-vignette-europe\/ro\/wp-json\/wp\/v2\/types\/page"}],"replies":[{"embeddable":true,"href":"https:\/\/vignettego.com\/highway-vignette-europe\/ro\/wp-json\/wp\/v2\/comments?post=1101"}],"version-history":[{"count":1,"href":"https:\/\/vignettego.com\/highway-vignette-europe\/ro\/wp-json\/wp\/v2\/pages\/1101\/revisions"}],"predecessor-version":[{"id":1108,"href":"https:\/\/vignettego.com\/highway-vignette-europe\/ro\/wp-json\/wp\/v2\/pages\/1101\/revisions\/1108"}],"wp:attachment":[{"href":"https:\/\/vignettego.com\/highway-vignette-europe\/ro\/wp-json\/wp\/v2\/media?parent=1101"}],"curies":[{"name":"wp","href":"https:\/\/api.w.org\/{rel}","templated":true}]}}