{"id":498,"date":"2026-01-04T01:41:02","date_gmt":"2026-01-04T01:41:02","guid":{"rendered":"https:\/\/vignettego.com\/highway-vignette-europe\/vinheta-da-autoestrada-da-bulgaria-2026-guia-completo-da-vinheta-electronica\/"},"modified":"2026-01-04T12:41:08","modified_gmt":"2026-01-04T12:41:08","slug":"vinheta-da-autoestrada-da-bulgaria-2026-guia-completo-da-vinheta-electronica","status":"publish","type":"page","link":"https:\/\/vignettego.com\/highway-vignette-europe\/pt-pt\/vinheta-da-autoestrada-da-bulgaria-2026-guia-completo-da-vinheta-electronica\/","title":{"rendered":"Vinheta da Autoestrada da Bulg\u00e1ria 2026: Guia Completo da Vinheta Electr\u00f3nica"},"content":{"rendered":"\n<script type=\"application\/ld+json\">{\n    \"@context\": \"https:\/\/schema.org\",\n    \"@graph\": [\n        {\n            \"@type\": \"Article\",\n            \"@id\": \"https:\/\/vignettego.com\/highway-vignette-europe\/bulgaria-highway-vignette-guide\/#article\",\n            \"headline\": \"Bulgaria Highway Vignette 2026: Complete E-Vignette Guide\",\n            \"description\": \"Everything about Bulgarian electronic highway vignettes (E-Vignette). Learn about the unique weekend vignette option, pricing, validity periods, motorway network, and how to avoid fines in Bulgaria.\",\n            \"image\": \"https:\/\/vignettego.com\/highway-vignette-europe\/wp-content\/uploads\/2026\/09\/Highway-Vignette-Europe.jpg\",\n            \"datePublished\": \"2026-01-04\",\n            \"dateModified\": \"2026-01-04\",\n            \"author\": {\"@type\": \"Organization\", \"name\": \"VignetteGo\", \"url\": \"https:\/\/vignettego.com\"},\n            \"publisher\": {\"@type\": \"Organization\", \"name\": \"VignetteGo\"},\n            \"mainEntityOfPage\": {\"@type\": \"WebPage\", \"@id\": \"https:\/\/vignettego.com\/highway-vignette-europe\/bulgaria-highway-vignette-guide\/\"},\n            \"articleSection\": \"Highway Vignettes\",\n            \"keywords\": [\"Bulgarian vignette\", \"E-Vignette Bulgaria\", \"Bulgaria highway toll\", \"Bulgarian motorway pass\", \"Bulgaria Autobahn toll\", \"weekend vignette Bulgaria\"],\n            \"inLanguage\": \"en\",\n            \"speakable\": {\"@type\": \"SpeakableSpecification\", \"cssSelector\": [\".article-intro\", \"#faq-section\"]}\n        },\n        {\n            \"@type\": \"BreadcrumbList\",\n            \"itemListElement\": [\n                {\"@type\": \"ListItem\", \"position\": 1, \"name\": \"VignetteGo\", \"item\": \"https:\/\/vignettego.com\/\"},\n                {\"@type\": \"ListItem\", \"position\": 2, \"name\": \"Highway Vignette Europe\", \"item\": \"https:\/\/vignettego.com\/highway-vignette-europe\/\"},\n                {\"@type\": \"ListItem\", \"position\": 3, \"name\": \"Bulgaria Guide\", \"item\": \"https:\/\/vignettego.com\/highway-vignette-europe\/bulgaria-highway-vignette-guide\/\"}\n            ]\n        },\n        {\n            \"@type\": \"FAQPage\",\n            \"mainEntity\": [\n                {\"@type\": \"Question\", \"name\": \"How much does the Bulgarian highway vignette cost?\", \"acceptedAnswer\": {\"@type\": \"Answer\", \"text\": \"The Bulgarian e-vignette costs approximately BGN 15 (~EUR 7.50) for 7 days, BGN 30 (~EUR 15) for one month, and BGN 97 (~EUR 50) for one year. There is also a unique weekend vignette for BGN 10 (~EUR 5).\"}},\n                {\"@type\": \"Question\", \"name\": \"What is the Bulgarian weekend vignette?\", \"acceptedAnswer\": {\"@type\": \"Answer\", \"text\": \"Bulgaria offers a unique weekend vignette valid from Friday 12:00 to Sunday 23:59 for just BGN 10 (~EUR 5). Perfect for quick beach trips to the Black Sea coast.\"}},\n                {\"@type\": \"Question\", \"name\": \"Can I buy Bulgarian e-vignette online?\", \"acceptedAnswer\": {\"@type\": \"Answer\", \"text\": \"Yes, you can purchase the Bulgarian e-vignette online through VignetteGo or the official bgtoll.bg website. The vignette is valid immediately after purchase.\"}},\n                {\"@type\": \"Question\", \"name\": \"What are the fines for driving without a vignette in Bulgaria?\", \"acceptedAnswer\": {\"@type\": \"Answer\", \"text\": \"Driving without a valid e-vignette in Bulgaria can result in fines of BGN 300 (~EUR 150) for first offenses, and up to BGN 3,000 (~EUR 1,500) for repeat violations.\"}},\n                {\"@type\": \"Question\", \"name\": \"Which roads require a vignette in Bulgaria?\", \"acceptedAnswer\": {\"@type\": \"Answer\", \"text\": \"All Bulgarian motorways (avtomaistrali) and first-class national roads require a valid e-vignette. This includes the A1 Trakiya, A2 Hemus, and A3 Struma motorways.\"}}\n            ]\n        }\n    ]\n}\n<\/script>\n\n<figure class=\"wp-block-image aligncenter size-large\"><img decoding=\"async\" src=\"https:\/\/vignettego.com\/highway-vignette-europe\/wp-content\/uploads\/2026\/09\/Highway-Vignette-Europe.jpg\" alt=\"E-Vignette B&#xFA;lgara 2026 - Guia completo de vinhetas eletr&#xF3;nicas de autoestradas na Bulg&#xE1;ria\" style=\"width:100%; height:auto; margin-bottom:20px;\"\/><\/figure>\n\n<p class=\"article-intro\">A planear uma viagem de carro \u00e0 Bulg\u00e1ria em 2026? Quer v\u00e1 para as praias ensolaradas do Mar Negro, explore ru\u00ednas antigas da Tr\u00e1cia, descubra a vibrante cultura de S\u00f3fia ou esquie nas deslumbrantes est\u00e2ncias de montanha, compreender o sistema de portagens das autoestradas b\u00falgaras \u00e9 essencial. A Bulg\u00e1ria opera um <strong>sistema de vinheta totalmente eletr\u00f3nica (e-vignette)<\/strong> com algumas op\u00e7\u00f5es \u00fanicas, incluindo uma <strong>vinheta de fim<\/strong> de semana econ\u00f3mica \u2014 perfeita para escapadelas r\u00e1pidas. Este guia abrangente cobre tudo o que precisa de saber sobre as autoestradas portagens b\u00falgaras, pre\u00e7os, op\u00e7\u00f5es de compra e como evitar multas elevadas.   <\/p>\n\n<div style=\"height:25px\" aria-hidden=\"true\" class=\"wp-block-spacer\"><\/div>\n\n<div class=\"wp-block-buttons is-content-justification-center is-layout-flex wp-container-core-buttons-is-layout-a89b3969 wp-block-buttons-is-layout-flex\">\n<div class=\"wp-block-button\"><a class=\"wp-block-button__link wp-element-button\" href=\"https:\/\/vignettego.com\/\" style=\"background-color:#0066cc;color:#ffffff;padding:15px 30px;font-size:18px;border-radius:8px;\">\ud83d\ude97 Obtenha a sua e-vinheta b\u00falgara no VignetteGo<\/a><\/div>\n<\/div>\n\n<div style=\"height:25px\" aria-hidden=\"true\" class=\"wp-block-spacer\"><\/div>\n\n<h2 class=\"wp-block-heading\">\ud83c\udde7\ud83c\uddec O que \u00e9 a vinheta eletr\u00f3nica b\u00falgara?<\/h2>\n\n<p>A Bulg\u00e1ria fez a transi\u00e7\u00e3o para um <strong>sistema de portagens totalmente eletr\u00f3nico<\/strong> para ve\u00edculos de passageiros em 2019, eliminando a necessidade de vinhetas f\u00edsicas com autocolantes. A <strong>e-vinheta b\u00falgara<\/strong> (b\u00falgaro: \u0435\u043b\u0435\u043a\u0442\u0440\u043e\u043d\u043d\u0430 \u0432\u0438\u043d\u0435\u0442\u043a\u0430) \u00e9 uma autoriza\u00e7\u00e3o digital que permite ao seu ve\u00edculo utilizar autoestradas com portagem em todo o pa\u00eds. O n\u00famero da sua matr\u00edcula est\u00e1 registado numa base de dados central e verificado automaticamente por c\u00e2maras de fiscaliza\u00e7\u00e3o posicionadas ao longo de todas as estradas portagens.  <\/p>\n\n<p>O sistema \u00e9 gerido pela <strong>Ag\u00eancia de Infraestruturas Rodovi\u00e1rias (RIA)<\/strong> atrav\u00e9s do portal oficial bgtoll.bg. O sistema de vinheta eletr\u00f3nica oferece v\u00e1rias vantagens em rela\u00e7\u00e3o ao antigo sistema f\u00edsico de autocolantes: n\u00e3o \u00e9 necess\u00e1rio exibir nada no para-brisas, ativa\u00e7\u00e3o instant\u00e2nea, compra online f\u00e1cil e n\u00e3o h\u00e1 risco de danos ou roubo no autocolante. <\/p>\n\n<h2 class=\"wp-block-heading\">\ud83d\udccb Pre\u00e7os da Vinheta Eletr\u00f3nica B\u00falgara 2026<\/h2>\n\n<p>A Bulg\u00e1ria oferece algumas das portagens rodovi\u00e1rias mais acess\u00edveis da Europa, com v\u00e1rias op\u00e7\u00f5es de validade para diferentes necessidades de viagem. Aqui est\u00e1 a estrutura completa de pre\u00e7os para 2026: <\/p>\n\n<figure class=\"wp-block-table\"><table><thead><tr><th>Per\u00edodo de validade<\/th><th>Categoria 3 (Carruagens at\u00e9 3,5t)<\/th><th>Categoria 2 (Motociclos)<\/th><th>Aprox. EUR <\/th><\/tr><\/thead><tbody><tr><td><strong>\ud83c\udf89 Fim de semana<\/strong><\/td><td>BGN 10<\/td><td>BGN 5<\/td><td>~EUR 5<\/td><\/tr><tr><td><strong>7 Dias<\/strong><\/td><td>BGN 15<\/td><td>BGN 8<\/td><td>~EUR 7,50<\/td><\/tr><tr><td><strong>1 m\u00eas<\/strong><\/td><td>BGN 30<\/td><td>BGN 15<\/td><td>~EUR 15<\/td><\/tr><tr><td><strong>3 meses<\/strong><\/td><td>BGN 54<\/td><td>BGN 27<\/td><td>~EUR 27<\/td><\/tr><tr><td><strong>Anual<\/strong><\/td><td>BGN 97<\/td><td>BGN 50<\/td><td>~EUR 50<\/td><\/tr><\/tbody><\/table><\/figure>\n\n<h3 class=\"wp-block-heading\">\ud83c\udf89 A Vinheta \u00danica do Fim de Semana<\/h3>\n\n<p>A Bulg\u00e1ria \u00e9 um dos poucos pa\u00edses europeus que oferece uma <strong>vinheta de fim<\/strong> de semana \u2014 uma excelente op\u00e7\u00e3o para escapadelas r\u00e1pidas! Esta vinheta especial \u00e9 v\u00e1lida de <strong>sexta-feira ao meio-dia at\u00e9 domingo \u00e0s 23:59<\/strong>, perfeita para viagens de fim de semana \u00e0 costa do Mar Negro ou resorts de montanha. Por apenas 10 BGN (aproximadamente 5 EUR), oferece um valor excecional para viagens curtas.  <\/p>\n\n<div style=\"height:25px\" aria-hidden=\"true\" class=\"wp-block-spacer\"><\/div>\n\n<div class=\"wp-block-buttons is-content-justification-center is-layout-flex wp-container-core-buttons-is-layout-a89b3969 wp-block-buttons-is-layout-flex\">\n<div class=\"wp-block-button\"><a class=\"wp-block-button__link wp-element-button\" href=\"https:\/\/vignettego.com\/\" style=\"background-color:#28a745;color:#ffffff;padding:15px 30px;font-size:18px;border-radius:8px;\">\u2705 Obtenha Vinhetas Europeias de 8 Pa\u00edses na VignetteGo<\/a><\/div>\n<\/div>\n\n<div style=\"height:25px\" aria-hidden=\"true\" class=\"wp-block-spacer\"><\/div>\n\n<h2 class=\"wp-block-heading\">\ud83d\udee3\ufe0f Rede de Autoestradas da Bulg\u00e1ria<\/h2>\n\n<p>A Bulg\u00e1ria tem vindo a expandir rapidamente a sua rede de autoestradas nos \u00faltimos anos. Aqui est\u00e3o as principais autoestradas onde vai precisar de uma vinheta eletr\u00f3nica v\u00e1lida: <\/p>\n\n<h3 class=\"wp-block-heading\">Autoestrada A1 Trakiya (\u0410\u0432\u0442\u043e\u043c\u0430\u0433\u0438\u0441\u0442\u0440\u0430\u043b\u0430 \u0422\u0440\u0430\u043a\u0438\u044f)<\/h3>\n\n<p>A autoestrada mais importante da Bulg\u00e1ria, ligando <strong>S\u00f3fia a Burgas<\/strong> , na costa do Mar Negro, via Plovdiv. Comprimento total: aproximadamente 360 km. Esta \u00e9 a principal rota para os turistas de praia que se dirigem a resorts populares como Sunny Beach, Nessebar e Sozopol. A autoestrada atravessa o belo Vale da Tr\u00e1cia, oferecendo vistas panor\u00e2micas dos Balc\u00e3s e das montanhas R\u00f3dope.   <\/p>\n\n<h3 class=\"wp-block-heading\">Autoestrada A2 Hemus (\u0410\u0432\u0442\u043e\u043c\u0430\u0433\u0438\u0441\u0442\u0440\u0430\u043b\u0430 \u0425\u0435\u043c\u0443\u0441)<\/h3>\n\n<p>Liga <strong>S\u00f3fia a Varna<\/strong>, a segunda maior cidade da Bulg\u00e1ria e um importante porto do Mar Negro. Atualmente em constru\u00e7\u00e3o em algumas sec\u00e7\u00f5es, mas quando conclu\u00eddo ter\u00e1 aproximadamente 430 km. O percurso passa pela cidade hist\u00f3rica de Veliko Tarnovo. Esta \u00e9 a rota preferida para viajantes que se dirigem a Golden Sands, Albena e outras est\u00e2ncias do norte do Mar Negro.   <\/p>\n\n<h3 class=\"wp-block-heading\">Autoestrada A3 Struma (\u0410\u0432\u0442\u043e\u043c\u0430\u0433\u0438\u0441\u0442\u0440\u0430\u043b\u0430 \u0421\u0442\u0440\u0443\u043c\u0430)<\/h3>\n\n<p>Vai de <strong>S\u00f3fia at\u00e9 \u00e0 fronteira grega<\/strong> via Blagoevgrad, seguindo o vale do rio Struma. Aproximadamente 150 km conclu\u00eddos. Esta autoestrada \u00e9 essencial para viajantes que se dirigem \u00e0 Gr\u00e9cia ou \u00e0s montanhas do sudoeste da Bulg\u00e1ria, incluindo a popular est\u00e2ncia de esqui de Bansko.  <\/p>\n\n<h3 class=\"wp-block-heading\">Autoestrada A4 Maritsa (\u0410\u0432\u0442\u043e\u043c\u0430\u0433\u0438\u0441\u0442\u0440\u0430\u043b\u0430 \u041c\u0430\u0440\u0438\u0446\u0430)<\/h3>\n\n<p>Liga <strong>Plovdiv \u00e0 fronteira turca<\/strong> em Kapitan Andreevo. Aproximadamente 117 km. Esta \u00e9 a principal rota para viajantes que se dirigem a Istambul e \u00e0 Turquia.  <\/p>\n\n<h2 class=\"wp-block-heading\">\ud83d\udcbb Como Comprar E-Vinheta B\u00falgara<\/h2>\n\n<p>Comprar uma vinheta eletr\u00f3nica b\u00falgara \u00e9 simples. Aqui est\u00e3o as suas op\u00e7\u00f5es: <\/p>\n\n<h3 class=\"wp-block-heading\">Op\u00e7\u00e3o 1: Online via VignetteGo (Recomendado)<\/h3>\n\n<ol class=\"wp-block-list\">\n<li>Visite <a href=\"https:\/\/vignettego.com\/\" title=\"Compre vinheta eletr&#xF3;nica b&#xFA;lgara online\">VignetteGo.com<\/a><\/li>\n<li>Selecione a Bulg\u00e1ria e o per\u00edodo de validade desejado<\/li>\n<li>Introduza os dados do registo do ve\u00edculo (matr\u00edcula)<\/li>\n<li>Pagamento seguro completo<\/li>\n<li>Receba confirma\u00e7\u00e3o imediata \u2014 a sua vinheta \u00e9 imediatamente v\u00e1lida!<\/li>\n<\/ol>\n\n<p><strong>Vantagens do VignetteGo:<\/strong> Suporte multil\u00edngue, interface f\u00e1cil, possibilidade de comprar vinhetas para v\u00e1rios pa\u00edses europeus numa s\u00f3 transa\u00e7\u00e3o, suporte ao cliente 24\/7 e entrega digital instant\u00e2nea.<\/p>\n\n<h3 class=\"wp-block-heading\">Op\u00e7\u00e3o 2: Site Oficial bgtoll.bg<\/h3>\n\n<p>O portal oficial b\u00falgaro de portagens em bgtoll.bg oferece compra direta. Dispon\u00edvel em b\u00falgaro e ingl\u00eas. <\/p>\n\n<h3 class=\"wp-block-heading\">Op\u00e7\u00e3o 3: Pontos de Venda F\u00edsicos<\/h3>\n\n<p>Vinhetas eletr\u00f3nicas tamb\u00e9m podem ser adquiridas em:<\/p>\n\n<ul class=\"wp-block-list\">\n<li>Pontos de passagem fronteiri\u00e7a<\/li>\n<li>Postos de combust\u00edvel por toda a Bulg\u00e1ria<\/li>\n<li>Correios<\/li>\n<li>Esta\u00e7\u00f5es OMV, Shell e Lukoil<\/li>\n<\/ul>\n\n<div style=\"height:25px\" aria-hidden=\"true\" class=\"wp-block-spacer\"><\/div>\n\n<div class=\"wp-block-buttons is-content-justification-center is-layout-flex wp-container-core-buttons-is-layout-a89b3969 wp-block-buttons-is-layout-flex\">\n<div class=\"wp-block-button\"><a class=\"wp-block-button__link wp-element-button\" href=\"https:\/\/vignettego.com\/\" style=\"background-color:#ff6600;color:#ffffff;padding:15px 30px;font-size:18px;border-radius:8px;\">\ud83d\uded2 Compre a Vinheta Eletr\u00f3nica B\u00falgara Agora \u2013 Entrega Instant\u00e2nea<\/a><\/div>\n<\/div>\n\n<div style=\"height:25px\" aria-hidden=\"true\" class=\"wp-block-spacer\"><\/div>\n\n<h2 class=\"wp-block-heading\">\u26a0\ufe0f Multas por condu\u00e7\u00e3o sem vinheta na Bulg\u00e1ria<\/h2>\n\n<p>As autoridades b\u00falgaras levam muito a s\u00e9rio as viola\u00e7\u00f5es das portagens. Se for apanhado a conduzir em autoestradas com portagem sem uma vinheta eletr\u00f3nica v\u00e1lida, enfrenta penaliza\u00e7\u00f5es significativas: <\/p>\n\n<ul class=\"wp-block-list\">\n<li><strong>Primeira infra\u00e7\u00e3o:<\/strong> BGN 300 (~EUR 150)<\/li>\n<li><strong>Reincid\u00eancia:<\/strong> At\u00e9 BGN 3.000 (~EUR 1.500)<\/li>\n<li><strong>Ve\u00edculos comerciais:<\/strong> Aplicam-se multas mais elevadas<\/li>\n<\/ul>\n\n<p><strong>Importante:<\/strong> A fiscaliza\u00e7\u00e3o \u00e9 feita automaticamente atrav\u00e9s de c\u00e2maras que leem as matr\u00edculas. N\u00e3o pode ser parado imediatamente \u2014 as multas podem ser aplicadas dias ou semanas ap\u00f3s a infra\u00e7\u00e3o e podem ser enviadas para o seu pa\u00eds de origem. Com uma vi\u00f1eta de fim de semana a custar apenas 5 EUR, n\u00e3o h\u00e1 absolutamente nenhuma raz\u00e3o para arriscar uma multa de 150+ EUR!  <\/p>\n\n<h2 class=\"wp-block-heading\">\ud83d\uddfa\ufe0f Rotas populares de viagem de carro na Bulg\u00e1ria<\/h2>\n\n<h3 class=\"wp-block-heading\">S\u00f3fia a Sunny Beach \/ Burgas (Costa do Mar Negro)<\/h3>\n\n<p><strong>Dist\u00e2ncia:<\/strong> ~400 km | <strong>Dura\u00e7\u00e3o:<\/strong> 4-4,5 horas | <strong>Percurso:<\/strong> Autoestrada A1 Trakiya<\/p>\n\n<p>A rota mais popular para f\u00e9rias na praia. A autoestrada A1 oferece excelentes condi\u00e7\u00f5es rodovi\u00e1rias at\u00e9 \u00e0 costa. Pare em <strong>Plovdiv<\/strong> pelo caminho para explorar uma das cidades habitadas continuamente mais antigas da Europa, com a sua bela Cidade Velha e anfiteatro romano.  <\/p>\n\n<h3 class=\"wp-block-heading\">De Sofia a Varna \/ Areias Douradas<\/h3>\n\n<p><strong>Dist\u00e2ncia:<\/strong> ~450 km | <strong>Dura\u00e7\u00e3o:<\/strong> 5-6 horas | <strong>Percurso:<\/strong> A2 Hemus (parcialmente) + E85<\/p>\n\n<p>Dirija-se \u00e0 Bulg\u00e1ria, \u00e0 costa norte do Mar Negro e \u00e0s zonas tur\u00edsticas em redor de Varna. Considere parar em <strong>Veliko Tarnovo<\/strong>, a capital medieval com a sua impressionante Fortaleza de Tsarevets. <\/p>\n\n<h3 class=\"wp-block-heading\">De S\u00f3fia a Bansko (est\u00e2ncia de esqui)<\/h3>\n\n<p><strong>Dist\u00e2ncia:<\/strong> ~160 km | <strong>Dura\u00e7\u00e3o:<\/strong> 2-2,5 horas | <strong>Percurso:<\/strong> A3 Struma + estradas locais<\/p>\n\n<p>O principal destino de esqui da Bulg\u00e1ria oferece excelentes pistas e pre\u00e7os significativamente mais baixos do que as est\u00e2ncias da Europa Ocidental. A encantadora cidade antiga de Bansko apresenta tabernas tradicionais (mehanas) com m\u00fasica folcl\u00f3rica ao vivo. <\/p>\n\n<h3 class=\"wp-block-heading\">S\u00f3fia para Plovdiv<\/h3>\n\n<p><strong>Dist\u00e2ncia:<\/strong> ~150 km | <strong>Dura\u00e7\u00e3o:<\/strong> 1,5-2 horas | <strong>Percurso:<\/strong> A1 Trakiya<\/p>\n\n<p>Uma r\u00e1pida viagem \u00e0 Bulg\u00e1ria, a segunda maior cidade e Capital Europeia da Cultura em 2019. N\u00e3o perca o Est\u00e1dio Romano, o Teatro Antigo e a colorida Cidade Velha. <\/p>\n\n<div style=\"height:25px\" aria-hidden=\"true\" class=\"wp-block-spacer\"><\/div>\n\n<div class=\"wp-block-buttons is-content-justification-center is-layout-flex wp-container-core-buttons-is-layout-a89b3969 wp-block-buttons-is-layout-flex\">\n<div class=\"wp-block-button\"><a class=\"wp-block-button__link wp-element-button\" href=\"https:\/\/vignettego.com\/\" style=\"background-color:#9c27b0;color:#ffffff;padding:15px 30px;font-size:18px;border-radius:8px;\">\ud83c\udf0d Planeie a Sua Viagem de Carro pela Europa com a VignetteGo<\/a><\/div>\n<\/div>\n\n<div style=\"height:25px\" aria-hidden=\"true\" class=\"wp-block-spacer\"><\/div>\n\n<h2 class=\"wp-block-heading\">\ud83d\udca1 Dicas de Condu\u00e7\u00e3o da Bulg\u00e1ria para 2026<\/h2>\n\n<h3 class=\"wp-block-heading\">Moeda e Pagamentos<\/h3>\n\n<p>A Bulg\u00e1ria utiliza o <strong>Lev b\u00falgaro (BGN).<\/strong> Embora a Bulg\u00e1ria seja membro da UE, ainda n\u00e3o adotou o Euro. Os cart\u00f5es de cr\u00e9dito s\u00e3o amplamente aceites em postos de combust\u00edvel e cidades, mas transportam algum dinheiro para estabelecimentos mais pequenos e portagens nos pontos f\u00edsicos de compra. Taxa de c\u00e2mbio: aproximadamente 1 EUR = 1,95 BGN.   <\/p>\n\n<h3 class=\"wp-block-heading\">Limites de Velocidade<\/h3>\n\n<ul class=\"wp-block-list\">\n<li><strong>Autoestradas:<\/strong> 140 km\/h<\/li>\n<li><strong>Principais estradas fora das cidades:<\/strong> 90 km\/h<\/li>\n<li><strong>\u00c1reas urbanas:<\/strong> 50 km\/h<\/li>\n<li><strong>Zonas residenciais:<\/strong> 20-30 km\/h<\/li>\n<\/ul>\n\n<p><strong>Nota:<\/strong> As c\u00e2maras de velocidade s\u00e3o comuns nas autoestradas b\u00falgaras. Multas por excesso de velocidade podem ser significativas. <\/p>\n\n<h3 class=\"wp-block-heading\">Pre\u00e7os dos Combust\u00edveis<\/h3>\n\n<p>A Bulg\u00e1ria tem alguns dos pre\u00e7os de combust\u00edvel mais baixos da UE, tornando-se um pa\u00eds acess\u00edvel para viagens de carro. As principais cadeias de combust\u00edvel incluem OMV, Shell, Lukoil e Gasolina. <\/p>\n\n<h3 class=\"wp-block-heading\">Condi\u00e7\u00f5es das estradas<\/h3>\n\n<p>As autoestradas encontram-se geralmente em excelente estado. As estradas secund\u00e1rias variam em qualidade \u2014 algumas estradas de montanha podem ser desafiantes, especialmente no inverno. Os pneus de inverno s\u00e3o obrigat\u00f3rios de 15 de novembro a 1 de mar\u00e7o.  <\/p>\n\n<h2 class=\"wp-block-heading\" id=\"faq-section\">\u2753 Perguntas Frequentes<\/h2>\n\n<h3 class=\"wp-block-heading\">Quanto tempo \u00e9 v\u00e1lida a vinheta eletr\u00f3nica b\u00falgara?<\/h3>\n\n<p>A validade depende do tipo que compra: fim de semana (sexta-feira do meio-dia a domingo \u00e0 meia-noite), 7 dias, 1 m\u00eas, 3 meses ou anual. A vinheta torna-se v\u00e1lida imediatamente ap\u00f3s a compra ou a partir de uma data de in\u00edcio especificada. <\/p>\n\n<h3 class=\"wp-block-heading\">Posso usar a vinheta b\u00falgara noutros pa\u00edses?<\/h3>\n\n<p>N\u00e3o, a vinheta eletr\u00f3nica b\u00falgara s\u00f3 \u00e9 v\u00e1lida na Bulg\u00e1ria. Para viajar por v\u00e1rios pa\u00edses, visite <a href=\"https:\/\/vignettego.com\/\" title=\"Vinhetas de estradas europeias\">o VignetteGo<\/a> para comprar vinhetas de todos os pa\u00edses do seu percurso. <\/p>\n\n<h3 class=\"wp-block-heading\">E se eu introduzir o n\u00famero errado da matr\u00edcula?<\/h3>\n\n<p>Verifique novamente os seus dados de registo antes de confirmar a compra. Se cometer um erro, pode ser necess\u00e1rio comprar uma nova vinheta \u2014 geralmente n\u00e3o s\u00e3o poss\u00edveis reembolsos por dados incorretos. <\/p>\n\n<h3 class=\"wp-block-heading\">Existem alternativas gratuitas na Bulg\u00e1ria?<\/h3>\n\n<p>Sim, pode usar estradas secund\u00e1rias (Classe II e III) sem vinheta, mas estas s\u00e3o mais lentas e muitas vezes em pior estado. Para qualquer dist\u00e2ncia significativa, as autoestradas com vinheta s\u00e3o significativamente mais r\u00e1pidas e seguras. <\/p>\n\n<h3 class=\"wp-block-heading\">Preciso de mais alguma coisa para conduzir na Bulg\u00e1ria?<\/h3>\n\n<p>Al\u00e9m da vinheta eletr\u00f3nica, certifique-se de que possui: carta de condu\u00e7\u00e3o v\u00e1lida, documento de registo do ve\u00edculo, comprovativo de seguro (Green Card), tri\u00e2ngulo de aviso, kit de primeiros socorros e colete refletor. Os far\u00f3is devem estar sempre ligados enquanto conduz. <\/p>\n\n<div style=\"height:25px\" aria-hidden=\"true\" class=\"wp-block-spacer\"><\/div>\n\n<div class=\"wp-block-buttons is-content-justification-center is-layout-flex wp-container-core-buttons-is-layout-a89b3969 wp-block-buttons-is-layout-flex\">\n<div class=\"wp-block-button\"><a class=\"wp-block-button__link wp-element-button\" href=\"https:\/\/vignettego.com\/\" style=\"background-color:#e91e63;color:#ffffff;padding:15px 30px;font-size:18px;border-radius:8px;\">\ud83d\ude97 Obtenha as suas vinhetas das autoestradas europeias no VignetteGo \u2192<\/a><\/div>\n<\/div>\n\n<div style=\"height:25px\" aria-hidden=\"true\" class=\"wp-block-spacer\"><\/div>\n\n<h2 class=\"wp-block-heading\">\ud83c\udfd6\ufe0f Porque visitar a Bulg\u00e1ria?<\/h2>\n\n<p>A Bulg\u00e1ria oferece um valor incr\u00edvel para os viajantes, com uma beleza natural deslumbrante, uma hist\u00f3ria rica e uma hospitalidade calorosa \u2014 tudo a pre\u00e7os significativamente inferiores aos da Europa Ocidental. Eis o que torna a Bulg\u00e1ria especial: <\/p>\n\n<ul class=\"wp-block-list\">\n<li><strong>Costa do Mar Negro:<\/strong> Belas praias, resorts vibrantes como Sunny Beach e Golden Sands, e cidades hist\u00f3ricas como Nessebar (Patrim\u00f3nio Mundial da UNESCO)<\/li>\n<li><strong>Est\u00e2ncias de Montanha:<\/strong> Esqui acess\u00edvel em Bansko, Borovets e Pamporovo<\/li>\n<li><strong>Hist\u00f3ria Antiga:<\/strong> T\u00famulos tr\u00e1cios, ru\u00ednas romanas, fortalezas medievais<\/li>\n<li><strong>Regi\u00e3o Vin\u00edcola:<\/strong> A Bulg\u00e1ria \u00e9 uma das regi\u00f5es produtoras de vinho mais antigas do mundo<\/li>\n<li><strong>Sofia:<\/strong> Uma capital din\u00e2mica com uma fascinante mistura de arquitetura antiga, otomana, sovi\u00e9tica e moderna<\/li>\n<li><strong>Pre\u00e7os acess\u00edveis:<\/strong> Um dos destinos mais econ\u00f3micos da UE<\/li>\n<\/ul>\n\n<h2 class=\"wp-block-heading\">\ud83d\udccd Conclus\u00e3o<\/h2>\n\n<p>O sistema de vinheta eletr\u00f3nica da Bulg\u00e1ria \u00e9 simples e acess\u00edvel. Com op\u00e7\u00f5es que v\u00e3o desde um passe de fim de semana de 5 EUR at\u00e9 uma vinheta anual de 50 EUR, pode explorar este belo pa\u00eds sem gastar muito. A op\u00e7\u00e3o \u00fanica de vinhetas de fim de semana torna a Bulg\u00e1ria perfeita para escapadelas espont\u00e2neas \u00e0 costa do Mar Negro.  <\/p>\n\n<p>Para uma experi\u00eancia de compra mais conveniente e para obter vinhetas de v\u00e1rios pa\u00edses europeus numa s\u00f3 transa\u00e7\u00e3o, utilize <a href=\"https:\/\/vignettego.com\/\" title=\"VignetteGo - A sua fonte para vinhetas de autoestradas europeias\">o VignetteGo<\/a>. A compra demora apenas alguns minutos e a sua vinheta \u00e9 v\u00e1lida imediatamente. <\/p>\n\n<p><strong>Desfrute da sua viagem de carro pela Bulg\u00e1ria! \ud83c\udde7\ud83c\uddec\ud83c\udfd6\ufe0f <\/strong><\/p>\n\n<p><strong>Guias relacionados:<\/strong> <a href=\"https:\/\/vignettego.com\/highway-vignette-europe\/pt-pt\/vinheta-da-autoestrada-da-romenia-2026-guia-completo-da-rovinieta\/\">Rom\u00e9nia Rovinieta<\/a> | <a href=\"https:\/\/vignettego.com\/highway-vignette-europe\/pt-pt\/hungary-highway-vignette-2026-complete-e-matrica-guide-pt-pt\/\">Hungria E-Matrica<\/a> | <a href=\"https:\/\/vignettego.com\/\">Todas as Vinhetas Europeias<\/a><\/p>\n","protected":false},"excerpt":{"rendered":"<p>A planear uma viagem de carro \u00e0 Bulg\u00e1ria em 2026? Quer v\u00e1 para as praias ensolaradas do Mar Negro, explore ru\u00ednas antigas da Tr\u00e1cia, descubra a vibrante cultura de S\u00f3fia ou esquie nas deslumbrantes est\u00e2ncias de montanha, compreender o sistema de portagens das autoestradas b\u00falgaras \u00e9 essencial. A Bulg\u00e1ria opera um sistema de vinheta totalmente [&hellip;]<\/p>\n","protected":false},"author":0,"featured_media":0,"parent":0,"menu_order":0,"comment_status":"closed","ping_status":"closed","template":"","meta":{"footnotes":""},"class_list":["post-498","page","type-page","status-publish","hentry"],"_links":{"self":[{"href":"https:\/\/vignettego.com\/highway-vignette-europe\/pt-pt\/wp-json\/wp\/v2\/pages\/498","targetHints":{"allow":["GET"]}}],"collection":[{"href":"https:\/\/vignettego.com\/highway-vignette-europe\/pt-pt\/wp-json\/wp\/v2\/pages"}],"about":[{"href":"https:\/\/vignettego.com\/highway-vignette-europe\/pt-pt\/wp-json\/wp\/v2\/types\/page"}],"replies":[{"embeddable":true,"href":"https:\/\/vignettego.com\/highway-vignette-europe\/pt-pt\/wp-json\/wp\/v2\/comments?post=498"}],"version-history":[{"count":4,"href":"https:\/\/vignettego.com\/highway-vignette-europe\/pt-pt\/wp-json\/wp\/v2\/pages\/498\/revisions"}],"predecessor-version":[{"id":1287,"href":"https:\/\/vignettego.com\/highway-vignette-europe\/pt-pt\/wp-json\/wp\/v2\/pages\/498\/revisions\/1287"}],"wp:attachment":[{"href":"https:\/\/vignettego.com\/highway-vignette-europe\/pt-pt\/wp-json\/wp\/v2\/media?parent=498"}],"curies":[{"name":"wp","href":"https:\/\/api.w.org\/{rel}","templated":true}]}}