{"id":468,"date":"2026-01-04T01:40:21","date_gmt":"2026-01-04T01:40:21","guid":{"rendered":"https:\/\/vignettego.com\/highway-vignette-europe\/vinheta-rodoviaria-da-moldavia-2026-guia-completo-da-vinieta\/"},"modified":"2026-01-04T12:42:50","modified_gmt":"2026-01-04T12:42:50","slug":"vinheta-rodoviaria-da-moldavia-2026-guia-completo-da-vinieta","status":"publish","type":"page","link":"https:\/\/vignettego.com\/highway-vignette-europe\/pt-pt\/vinheta-rodoviaria-da-moldavia-2026-guia-completo-da-vinieta\/","title":{"rendered":"Vinheta Rodovi\u00e1ria da Mold\u00e1via 2026: Guia Completo da Vinieta"},"content":{"rendered":"\n<script type=\"application\/ld+json\">{\n    \"@context\": \"https:\/\/schema.org\",\n    \"@graph\": [\n        {\n            \"@type\": \"Article\",\n            \"@id\": \"https:\/\/vignettego.com\/highway-vignette-europe\/moldova-highway-vignette-guide\/#article\",\n            \"headline\": \"Moldova Road Vignette 2026: Complete Vinieta Guide\",\n            \"description\": \"Everything about the Moldovan road vignette system (Vinieta). Learn about pricing, validity, where to buy, road conditions, and travel tips for driving in Moldova.\",\n            \"image\": \"https:\/\/vignettego.com\/highway-vignette-europe\/wp-content\/uploads\/2026\/09\/Highway-Vignette-Europe.jpg\",\n            \"datePublished\": \"2026-01-04\",\n            \"dateModified\": \"2026-01-04\",\n            \"author\": {\"@type\": \"Organization\", \"name\": \"VignetteGo\", \"url\": \"https:\/\/vignettego.com\"},\n            \"publisher\": {\"@type\": \"Organization\", \"name\": \"VignetteGo\"},\n            \"mainEntityOfPage\": {\"@type\": \"WebPage\", \"@id\": \"https:\/\/vignettego.com\/highway-vignette-europe\/moldova-highway-vignette-guide\/\"},\n            \"articleSection\": \"Highway Vignettes\",\n            \"keywords\": [\"Moldova vignette\", \"Vinieta Moldova\", \"Moldova road toll\", \"Moldovan road pass\", \"driving in Moldova\"],\n            \"inLanguage\": \"en\",\n            \"speakable\": {\"@type\": \"SpeakableSpecification\", \"cssSelector\": [\".article-intro\", \"#faq-section\"]}\n        },\n        {\n            \"@type\": \"BreadcrumbList\",\n            \"itemListElement\": [\n                {\"@type\": \"ListItem\", \"position\": 1, \"name\": \"VignetteGo\", \"item\": \"https:\/\/vignettego.com\/\"},\n                {\"@type\": \"ListItem\", \"position\": 2, \"name\": \"Highway Vignette Europe\", \"item\": \"https:\/\/vignettego.com\/highway-vignette-europe\/\"},\n                {\"@type\": \"ListItem\", \"position\": 3, \"name\": \"Moldova Guide\", \"item\": \"https:\/\/vignettego.com\/highway-vignette-europe\/moldova-highway-vignette-guide\/\"}\n            ]\n        },\n        {\n            \"@type\": \"FAQPage\",\n            \"mainEntity\": [\n                {\"@type\": \"Question\", \"name\": \"How much does the Moldovan road vignette cost?\", \"acceptedAnswer\": {\"@type\": \"Answer\", \"text\": \"The Moldovan vinieta costs approximately EUR 4-5 for 7 days, EUR 6-8 for 15 days, and EUR 15-20 for an annual vignette. This makes it one of Europe most affordable road toll systems.\"}},\n                {\"@type\": \"Question\", \"name\": \"Do I need a vignette to drive in Moldova?\", \"acceptedAnswer\": {\"@type\": \"Answer\", \"text\": \"Yes, all foreign-registered vehicles require a valid road vignette (vinieta rutier\u0103) to drive on Moldovan national roads. The vignette can be purchased online or at border crossings.\"}},\n                {\"@type\": \"Question\", \"name\": \"Can I buy the Moldovan vignette online?\", \"acceptedAnswer\": {\"@type\": \"Answer\", \"text\": \"Yes, you can purchase the Moldovan vinieta online through VignetteGo or official Moldovan portals. The vignette is valid immediately after purchase and is linked to your license plate.\"}},\n                {\"@type\": \"Question\", \"name\": \"What are the road conditions like in Moldova?\", \"acceptedAnswer\": {\"@type\": \"Answer\", \"text\": \"Main roads in Moldova are generally acceptable but can be rough in places. Rural roads often have potholes. Drive carefully, especially at night, and be aware of horse-drawn carts in rural areas.\"}},\n                {\"@type\": \"Question\", \"name\": \"Is Moldova safe for road trips?\", \"acceptedAnswer\": {\"@type\": \"Answer\", \"text\": \"Yes, Moldova is generally safe for tourists. The main concerns are road conditions and the unrecognized region of Transnistria. Stick to main routes and purchase comprehensive insurance.\"}}\n            ]\n        }\n    ]\n}\n<\/script>\n\n<figure class=\"wp-block-image aligncenter size-large\"><img decoding=\"async\" src=\"https:\/\/vignettego.com\/highway-vignette-europe\/wp-content\/uploads\/2026\/09\/Highway-Vignette-Europe.jpg\" alt=\"Vinheta Rodovi&#xE1;ria da Mold&#xE1;via 2026 - Guia completo do sistema Vinieta na Mold&#xE1;via\" style=\"width:100%; height:auto; margin-bottom:20px;\"\/><\/figure>\n\n<p class=\"article-intro\">A Mold\u00e1via continua a ser um dos pa\u00edses menos visitados da Europa \u2014 mas isso est\u00e1 a mudar rapidamente, \u00e0 medida que viajantes aventureiros descobrem as suas regi\u00f5es vin\u00edcolas de classe mundial, heran\u00e7a sovi\u00e9tica \u00fanica, hospitalidade calorosa e uma cultura surpreendentemente rica. Se est\u00e1 a planear uma viagem de carro at\u00e9 esta joia escondida, ter\u00e1 de compreender o <strong>sistema moldavo de vinheta rodovi\u00e1ria<\/strong>, localmente <strong>chamado vinieta rutier\u0103<\/strong>. Este guia completo cobre tudo o que precisa de saber sobre conduzir na Mold\u00e1via em 2026, desde a compra da sua vinheta at\u00e9 \u00e0 navega\u00e7\u00e3o pelas estradas rurais e \u00e0 explora\u00e7\u00e3o dos seus tesouros escondidos.  <\/p>\n\n<div style=\"height:25px\" aria-hidden=\"true\" class=\"wp-block-spacer\"><\/div>\n\n<div class=\"wp-block-buttons is-content-justification-center is-layout-flex wp-container-core-buttons-is-layout-a89b3969 wp-block-buttons-is-layout-flex\">\n<div class=\"wp-block-button\"><a class=\"wp-block-button__link wp-element-button\" href=\"https:\/\/vignettego.com\/\" style=\"background-color:#0066cc;color:#ffffff;padding:15px 30px;font-size:18px;border-radius:8px;\">\ud83d\ude97 Compre a sua Vinieta Moldava no VignetteGo<\/a><\/div>\n<\/div>\n\n<div style=\"height:25px\" aria-hidden=\"true\" class=\"wp-block-spacer\"><\/div>\n\n<h2 class=\"wp-block-heading\">\ud83c\uddf2\ud83c\udde9 O que \u00e9 a Vinieta Moldava?<\/h2>\n\n<p>A Mold\u00e1via opera um <strong>sistema eletr\u00f3nico de vinheta rodovi\u00e1ria<\/strong> (vinieta rutier\u0103) para todos os ve\u00edculos registados no estrangeiro que utilizam as estradas nacionais mold\u00e1vias. A vinheta \u00e9 uma portagem baseada no tempo que lhe concede o direito de usar a rede rodovi\u00e1ria rural. Como a maioria dos sistemas europeus modernos, a <strong>vinieta moldava \u00e9 totalmente digital<\/strong> \u2014 a sua matr\u00edcula \u00e9 registada numa base de dados e verificada pelas autoridades de fiscaliza\u00e7\u00e3o.  <\/p>\n\n<p>O sistema foi modernizado nos \u00faltimos anos para o tornar mais acess\u00edvel a visitantes estrangeiros. Agora pode comprar a sua vinheta online antes de chegar \u00e0 Mold\u00e1via, eliminando potenciais atrasos nas passagens fronteiri\u00e7as. A vinheta torna-se v\u00e1lida imediatamente ap\u00f3s a compra ou a partir da data de in\u00edcio especificada.  <\/p>\n\n<h2 class=\"wp-block-heading\">\ud83d\udccb Pre\u00e7os das Vinhetas Moldavas 2026<\/h2>\n\n<p>A Mold\u00e1via oferece algumas das portagens rodovi\u00e1rias mais acess\u00edveis da Europa, tornando-se um destino econ\u00f3mico para viagens de carro. Aqui est\u00e3o as op\u00e7\u00f5es de pre\u00e7os atuais: <\/p>\n\n<figure class=\"wp-block-table\"><table><thead><tr><th>Per\u00edodo de validade<\/th><th>Carros (at\u00e9 3,5t)<\/th><th>Aprox. EUR <\/th><\/tr><\/thead><tbody><tr><td><strong>7 Dias<\/strong><\/td><td>80-100 MDL<\/td><td>~EUR 4-5<\/td><\/tr><tr><td><strong>15 Dias<\/strong><\/td><td>120-150 MDL<\/td><td>~EUR 6-8<\/td><\/tr><tr><td><strong>30 Dias<\/strong><\/td><td>200-250 MDL<\/td><td>~EUR 10-13<\/td><\/tr><tr><td><strong>Anual<\/strong><\/td><td>300-400 MDL<\/td><td>~EUR 15-20<\/td><\/tr><\/tbody><\/table><\/figure>\n\n<p><strong>Nota:<\/strong> Os pre\u00e7os s\u00e3o indicativos e podem variar ligeiramente. A taxa de c\u00e2mbio do Leu Moldavo (MDL) oscila, mas 1 EUR corresponde aproximadamente a 19-20 MDL. <\/p>\n\n<div style=\"height:25px\" aria-hidden=\"true\" class=\"wp-block-spacer\"><\/div>\n\n<div class=\"wp-block-buttons is-content-justification-center is-layout-flex wp-container-core-buttons-is-layout-a89b3969 wp-block-buttons-is-layout-flex\">\n<div class=\"wp-block-button\"><a class=\"wp-block-button__link wp-element-button\" href=\"https:\/\/vignettego.com\/\" style=\"background-color:#28a745;color:#ffffff;padding:15px 30px;font-size:18px;border-radius:8px;\">\u2705 Obtenha Vinhetas Europeias \u2013 incluindo a Mold\u00e1via \u2013 no VignetteGo<\/a><\/div>\n<\/div>\n\n<div style=\"height:25px\" aria-hidden=\"true\" class=\"wp-block-spacer\"><\/div>\n\n<h2 class=\"wp-block-heading\">\ud83d\udee3\ufe0f Rede Rodovi\u00e1ria da Mold\u00e1via<\/h2>\n\n<p>A Mold\u00e1via \u00e9 um pa\u00eds pequeno (aproximadamente do tamanho da B\u00e9lgica) com uma rede rodovi\u00e1ria relativamente simples. N\u00e3o existem autoestradas no sentido tradicional \u2014 em vez disso, o pa\u00eds depende de estradas nacionais (estradas M) e estradas regionais (estradas R). Aqui est\u00e3o as principais rotas:  <\/p>\n\n<h3 class=\"wp-block-heading\">M1 \u2013 Rota Principal Este-Oeste<\/h3>\n\n<p>A principal rota internacional que liga a <strong>fronteira romena (Leu\u0219eni) a Chi\u0219in\u0103u e segue at\u00e9 \u00e0 fronteira ucraniana<\/strong>. Esta \u00e9 a principal via para o tr\u00e1fego internacional e encontra-se geralmente em condi\u00e7\u00f5es razo\u00e1veis. Comprimento total atrav\u00e9s da Mold\u00e1via: aproximadamente 180 km.  <\/p>\n\n<h3 class=\"wp-block-heading\">M2 \u2013 Rota Norte<\/h3>\n\n<p>Vai de <strong>Chi\u0219in\u0103u para norte at\u00e9 B\u0103l\u021bi<\/strong> (a segunda maior cidade da Mold\u00e1via) e continua at\u00e9 \u00e0 fronteira com a Ucr\u00e2nia. Importante para viajantes que se dirigem para ou vinham do norte da Ucr\u00e2nia. Comprimento: aproximadamente 140 km.  <\/p>\n\n<h3 class=\"wp-block-heading\">M3 \u2013 Rota Sul<\/h3>\n\n<p>Liga <strong>Chi\u0219in\u0103u \u00e0 Regi\u00e3o Aut\u00f3noma Gagauz do sul<\/strong> e \u00e0 fronteira romena em Giurgiule\u0219ti (pequeno porto do Dan\u00fabio da Mold\u00e1via). Esta rota \u00e9 utilizada por viajantes que seguem para\/de Bucareste via sul da Rom\u00e9nia. <\/p>\n\n<h3 class=\"wp-block-heading\">M4 \u2013 Rota do Vinho<\/h3>\n\n<p>Liga Chi\u0219in\u0103u a Orhei (lar do famoso mosteiro da gruta Orheiul Vechi) e al\u00e9m. Esta \u00e9 uma rota tur\u00edstica popular para visitar regi\u00f5es vin\u00edcolas e locais hist\u00f3ricos. <\/p>\n\n<h2 class=\"wp-block-heading\">\ud83d\udcbb Como Comprar a Vinieta Moldava<\/h2>\n\n<p>Comprar a sua vinheta moldava \u00e9 simples. Aqui est\u00e3o as suas op\u00e7\u00f5es: <\/p>\n\n<h3 class=\"wp-block-heading\">Op\u00e7\u00e3o 1: Online via VignetteGo (Recomendado)<\/h3>\n\n<ol class=\"wp-block-list\">\n<li>Visite <a href=\"https:\/\/vignettego.com\/\" title=\"Compre vinheta moldava online\">VignetteGo.com<\/a><\/li>\n<li>Selecione a Mold\u00e1via e o per\u00edodo de validade desejado<\/li>\n<li>Introduza os dados do registo do ve\u00edculo (matr\u00edcula)<\/li>\n<li>Pagamento seguro completo<\/li>\n<li>Receba confirma\u00e7\u00e3o imediata \u2014 v\u00e1lida imediatamente!<\/li>\n<\/ol>\n\n<p><strong>Porqu\u00ea o VignetteGo?<\/strong>  Suporte multil\u00edngue, interface f\u00e1cil, possibilidade de comprar vinhetas para a Rom\u00e9nia e outros pa\u00edses na mesma transa\u00e7\u00e3o (essencial para a maioria das viagens \u00e0 Mold\u00e1via) e apoio ao cliente fi\u00e1vel.<\/p>\n\n<h3 class=\"wp-block-heading\">Op\u00e7\u00e3o 2: Nas Passagens de Fronteira<\/h3>\n\n<p>Vinhetas podem ser adquiridas nos pontos de passagem fronteiri\u00e7a da Mold\u00e1via. No entanto, isto pode envolver filas e potenciais desafios de comunica\u00e7\u00e3o. \u00c9 fortemente recomendado comprar online com anteced\u00eancia.  <\/p>\n\n<h3 class=\"wp-block-heading\">Op\u00e7\u00e3o 3: Postos de Gasolina e Correios<\/h3>\n\n<p>Na Mold\u00e1via, as vinhetas podem ser adquiridas nos postos de combust\u00edvel Petrom e Lukoil, bem como nos correios das principais cidades.<\/p>\n\n<div style=\"height:25px\" aria-hidden=\"true\" class=\"wp-block-spacer\"><\/div>\n\n<div class=\"wp-block-buttons is-content-justification-center is-layout-flex wp-container-core-buttons-is-layout-a89b3969 wp-block-buttons-is-layout-flex\">\n<div class=\"wp-block-button\"><a class=\"wp-block-button__link wp-element-button\" href=\"https:\/\/vignettego.com\/\" style=\"background-color:#ff6600;color:#ffffff;padding:15px 30px;font-size:18px;border-radius:8px;\">\ud83d\uded2 Compre a sua vinha moldava agora \u2013 evite atrasos na fronteira<\/a><\/div>\n<\/div>\n\n<div style=\"height:25px\" aria-hidden=\"true\" class=\"wp-block-spacer\"><\/div>\n\n<h2 class=\"wp-block-heading\">\ud83d\uddfa\ufe0f Chegar \u00e0 Mold\u00e1via de Carro<\/h2>\n\n<p>A maioria dos visitantes chega \u00e0 Mold\u00e1via de carro a partir da Rom\u00e9nia ou da Ucr\u00e2nia. Aqui est\u00e3o as principais rotas e passagens fronteiri\u00e7as: <\/p>\n\n<h3 class=\"wp-block-heading\">Da Rom\u00e9nia (Rota Mais Comum)<\/h3>\n\n<p><strong>Bucareste a Chi\u0219in\u0103u:<\/strong> ~450 km, 7-8 horas pela passagem fronteiri\u00e7a Albi\u021ba-Leu\u0219eni. Esta \u00e9 a rota mais popular e a passagem fronteiri\u00e7a \u00e9 geralmente eficiente. <\/p>\n\n<p><strong>Passagens alternativas:<\/strong><\/p>\n\n<ul class=\"wp-block-list\">\n<li><strong>Sculeni:<\/strong> Travessia norte, boa para chegar a B\u0103l\u021bi<\/li>\n<li><strong>Giurgiule\u0219ti:<\/strong> Travessia sul no Dan\u00fabio<\/li>\n<li><strong>Gala\u021bi-Giurgiule\u0219ti:<\/strong> Travessia de ferry (sazonal)<\/li>\n<\/ul>\n\n<p><strong>Importante:<\/strong> Vai precisar tanto de uma <a href=\"https:\/\/vignettego.com\/highway-vignette-europe\/pt-pt\/vinheta-da-autoestrada-da-romenia-2026-guia-completo-da-rovinieta\/\">Rovinieta romena<\/a> para a viagem pela Rom\u00e9nia COMO de uma Vinieta moldava. Compre ambos na <a href=\"https:\/\/vignettego.com\/\" title=\"Vinhetas europeias\">VignetteGo<\/a> numa s\u00f3 transa\u00e7\u00e3o. <\/p>\n\n<h3 class=\"wp-block-heading\">Da Ucr\u00e2nia<\/h3>\n\n<p>Existem v\u00e1rias passagens fronteiri\u00e7as entre a Ucr\u00e2nia e a Mold\u00e1via, sendo as principais em Palanca (sul) e v\u00e1rias passagens perto de Tiraspol (aten\u00e7\u00e3o \u00e0 Transn\u00edstria \u2014 ver abaixo).<\/p>\n\n<h2 class=\"wp-block-heading\">\u26a0\ufe0f Nota Especial: Transn\u00edstria<\/h2>\n\n<p>Uma faixa estreita da Mold\u00e1via a leste do rio Dniester \u00e9 controlada pela regi\u00e3o separatista n\u00e3o reconhecida da <strong>Transn\u00edstria<\/strong> (oficialmente a Rep\u00fablica Moldava de Pridnestrovia). Embora as visitas tur\u00edsticas sejam poss\u00edveis e geralmente seguras, esteja ciente: <\/p>\n\n<ul class=\"wp-block-list\">\n<li>Ter\u00e1 de se registar na fronteira e poder\u00e1 receber um cart\u00e3o de migra\u00e7\u00e3o<\/li>\n<li>A regi\u00e3o usa a sua pr\u00f3pria moeda e tem as suas pr\u00f3prias regras<\/li>\n<li>O seu seguro de viagem pode n\u00e3o cobrir esta regi\u00e3o<\/li>\n<li>Alguns pa\u00edses desaconselham viajar para l\u00e1<\/li>\n<\/ul>\n\n<p>Se estiver apenas de passagem (por exemplo, conduzir da Ucr\u00e2nia para Chi\u0219in\u0103u pela rota mais curta), ir\u00e1 atravessar brevemente a Transn\u00edstria. Isto \u00e9 geralmente sem complica\u00e7\u00f5es, mas pode acrescentar tempo \u00e0 sua jornada. <\/p>\n\n<div style=\"height:25px\" aria-hidden=\"true\" class=\"wp-block-spacer\"><\/div>\n\n<div class=\"wp-block-buttons is-content-justification-center is-layout-flex wp-container-core-buttons-is-layout-a89b3969 wp-block-buttons-is-layout-flex\">\n<div class=\"wp-block-button\"><a class=\"wp-block-button__link wp-element-button\" href=\"https:\/\/vignettego.com\/\" style=\"background-color:#9c27b0;color:#ffffff;padding:15px 30px;font-size:18px;border-radius:8px;\">\ud83c\udf0d Planeie a Sua Viagem de Carro pela Europa de Leste com a VignetteGo<\/a><\/div>\n<\/div>\n\n<div style=\"height:25px\" aria-hidden=\"true\" class=\"wp-block-spacer\"><\/div>\n\n<h2 class=\"wp-block-heading\">\ud83d\udca1 Dicas de Condu\u00e7\u00e3o da Mold\u00e1via para 2026<\/h2>\n\n<h3 class=\"wp-block-heading\">Condi\u00e7\u00f5es das estradas<\/h3>\n\n<p>Esteja preparado para condi\u00e7\u00f5es vari\u00e1veis da estrada. As estradas principais (estradas M) s\u00e3o geralmente aceites, mas espera-se: <\/p>\n\n<ul class=\"wp-block-list\">\n<li>Buracos, mesmo nas estradas principais<\/li>\n<li>Superf\u00edcies irregulares em estradas regionais<\/li>\n<li>Ilumina\u00e7\u00e3o limitada nas estradas rurais durante a noite<\/li>\n<li>Carro\u00e7as puxadas por cavalos e ve\u00edculos agr\u00edcolas em zonas rurais<\/li>\n<\/ul>\n\n<p><strong>Recomenda\u00e7\u00e3o:<\/strong> Conduza durante o dia sempre que poss\u00edvel, especialmente em rotas desconhecidas.<\/p>\n\n<h3 class=\"wp-block-heading\">Moeda e Pagamentos<\/h3>\n\n<p>A Mold\u00e1via utiliza o <strong>Leu moldavo (MDL<\/strong>). Embora os cart\u00f5es de cr\u00e9dito sejam cada vez mais aceites em Chi\u0219in\u0103u, leva dinheiro em esp\u00e9cie para zonas rurais, restaurantes pequenos e alguns postos de combust\u00edvel. Os multibancos est\u00e3o dispon\u00edveis nas cidades. Taxa de c\u00e2mbio: aproximadamente 1 EUR = 19-20 MDL.   <\/p>\n\n<h3 class=\"wp-block-heading\">Limites de Velocidade<\/h3>\n\n<ul class=\"wp-block-list\">\n<li><strong>Estradas nacionais:<\/strong> 90 km\/h<\/li>\n<li><strong>\u00c1reas urbanas:<\/strong> 50 km\/h<\/li>\n<li><strong>Zonas residenciais:<\/strong> 20-30 km\/h<\/li>\n<\/ul>\n\n<h3 class=\"wp-block-heading\">Combust\u00edvel<\/h3>\n\n<p>Os pre\u00e7os dos combust\u00edveis na Mold\u00e1via s\u00e3o moderados. As principais cadeias de postos de combust\u00edvel incluem Petrom, Lukoil e Bemol. Os postos de combust\u00edvel nas cidades s\u00e3o modernos e aceitam cart\u00f5es; As esta\u00e7\u00f5es rurais podem ser mais b\u00e1sicas.  <\/p>\n\n<h3 class=\"wp-block-heading\">Documentos Obrigat\u00f3rios<\/h3>\n\n<ul class=\"wp-block-list\">\n<li>Carta de condu\u00e7\u00e3o v\u00e1lida (aceita carta da UE; outros podem necessitar de autoriza\u00e7\u00e3o internacional)<\/li>\n<li>Documento de registo do ve\u00edculo<\/li>\n<li>Seguro v\u00e1lido (Cart\u00e3o Verde recomendado)<\/li>\n<li>Valid vinieta<\/li>\n<li>Passaporte para passagens fronteiri\u00e7as<\/li>\n<\/ul>\n\n<h2 class=\"wp-block-heading\" id=\"faq-section\">\u2753 Perguntas Frequentes<\/h2>\n\n<h3 class=\"wp-block-heading\">A Mold\u00e1via \u00e9 segura para turistas?<\/h3>\n\n<p>Sim, a Mold\u00e1via \u00e9 geralmente segura para turistas. O crime menor existe (como em todo o lado), mas o crime violento contra turistas \u00e9 raro. As principais preocupa\u00e7\u00f5es s\u00e3o a seguran\u00e7a rodovi\u00e1ria (m\u00e1s condi\u00e7\u00f5es rodovi\u00e1rias, condutores agressivos) e a situa\u00e7\u00e3o n\u00e3o resolvida na Transn\u00edstria.  <\/p>\n\n<h3 class=\"wp-block-heading\">Preciso de visto para visitar a Mold\u00e1via?<\/h3>\n\n<p>Cidad\u00e3os da UE, americanos, canadianos, australianos e muitos outros podem visitar a Mold\u00e1via sem visto durante at\u00e9 90 dias. Verifique os requisitos atuais para a sua nacionalidade antes de viajar. <\/p>\n\n<h3 class=\"wp-block-heading\">O que h\u00e1 para ver na Mold\u00e1via?<\/h3>\n\n<p>As principais atra\u00e7\u00f5es da Mold\u00e1via incluem:<\/p>\n\n<ul class=\"wp-block-list\">\n<li><strong>Caves de vinhos:<\/strong> Mile\u0219tii Mici (maior adega do mundo), Cricova (cidade vin\u00edcola subterr\u00e2nea)<\/li>\n<li><strong>Orheiul Vechi:<\/strong> Impressionante complexo mon\u00e1stico de cavernas<\/li>\n<li><strong>Chi\u0219in\u0103u:<\/strong> Capital verde com parques, museus e caf\u00e9s<\/li>\n<li><strong>Soroca:<\/strong> Fortaleza hist\u00f3rica e comunidade cigana<\/li>\n<li><strong>Transn\u00edstria:<\/strong> Regi\u00e3o sovi\u00e9tica c\u00e1psula do tempo (para viajantes aventureiros)<\/li>\n<\/ul>\n\n<h3 class=\"wp-block-heading\">Qual \u00e9 a melhor altura para visitar a Mold\u00e1via?<\/h3>\n\n<p>A melhor \u00e9poca \u00e9 <strong>de maio a outubro<\/strong>, sendo setembro a outubro particularmente bonito durante a vindima e os festivais do vinho. Os ver\u00f5es podem ser quentes; Os invernos s\u00e3o frios. <\/p>\n\n<div style=\"height:25px\" aria-hidden=\"true\" class=\"wp-block-spacer\"><\/div>\n\n<div class=\"wp-block-buttons is-content-justification-center is-layout-flex wp-container-core-buttons-is-layout-a89b3969 wp-block-buttons-is-layout-flex\">\n<div class=\"wp-block-button\"><a class=\"wp-block-button__link wp-element-button\" href=\"https:\/\/vignettego.com\/\" style=\"background-color:#e91e63;color:#ffffff;padding:15px 30px;font-size:18px;border-radius:8px;\">\ud83d\ude97 Obtenha as suas vinhetas das autoestradas europeias no VignetteGo \u2192<\/a><\/div>\n<\/div>\n\n<div style=\"height:25px\" aria-hidden=\"true\" class=\"wp-block-spacer\"><\/div>\n\n<h2 class=\"wp-block-heading\">\ud83c\udf77 Porque visitar a Mold\u00e1via?<\/h2>\n\n<p>A Mold\u00e1via oferece uma experi\u00eancia de viagem \u00fanica, diferente de qualquer outro lugar na Europa:<\/p>\n\n<ul class=\"wp-block-list\">\n<li><strong>Vinho de Classe Mundial:<\/strong> Uma das regi\u00f5es vin\u00edcolas mais antigas do mundo, com incr\u00edveis adegas subterr\u00e2neas<\/li>\n<li><strong>Cultura Aut\u00eantica:<\/strong> Aldeias tradicionais, hospitalidade calorosa e experi\u00eancias genu\u00ednas<\/li>\n<li><strong>Fora dos Caminhos Habituais:<\/strong> Muito poucos turistas significam intera\u00e7\u00f5es aut\u00eanticas<\/li>\n<li><strong>Econ\u00f3mico:<\/strong> Um dos destinos mais acess\u00edveis da Europa<\/li>\n<li><strong>Hist\u00f3ria \u00danica:<\/strong> Uma mistura fascinante de influ\u00eancias romena, russa e sovi\u00e9tica<\/li>\n<li><strong>Pessoas Simp\u00e1ticas:<\/strong> Os moldavos s\u00e3o conhecidos pela sua hospitalidade<\/li>\n<\/ul>\n\n<h2 class=\"wp-block-heading\">\ud83d\udccd Conclus\u00e3o<\/h2>\n\n<p>A Mold\u00e1via \u00e9 uma joia subestimada \u00e0 espera de ser descoberta. O sistema de vinhetas rodovi\u00e1rias \u00e9 simples e acess\u00edvel \u2014 apenas alguns euros para um passe de uma semana. Combinado com a <a href=\"https:\/\/vignettego.com\/highway-vignette-europe\/pt-pt\/vinheta-da-autoestrada-da-romenia-2026-guia-completo-da-rovinieta\/\">Rovinieta romena<\/a> incrivelmente barata, pode explorar este canto da Europa com um or\u00e7amento m\u00ednimo.  <\/p>\n\n<p>Para uma experi\u00eancia mais conveniente, compre a sua vineta moldava na <a href=\"https:\/\/vignettego.com\/\" title=\"VignetteGo - Vinhetas de autoestradas europeias\">VignetteGo<\/a> antes da sua viagem. Pode obter vinhetas para a Mold\u00e1via, Rom\u00e9nia e quaisquer outros pa\u00edses na sua rota numa \u00fanica transa\u00e7\u00e3o. <\/p>\n\n<p><strong>Descubra a Mold\u00e1via! \ud83c\uddf2\ud83c\udde9\ud83c\udf77 <\/strong><\/p>\n\n<p><strong>Guias relacionados:<\/strong> <a href=\"https:\/\/vignettego.com\/highway-vignette-europe\/pt-pt\/vinheta-da-autoestrada-da-romenia-2026-guia-completo-da-rovinieta\/\">Rom\u00e9nia Rovinieta<\/a> | <a href=\"https:\/\/vignettego.com\/highway-vignette-europe\/pt-pt\/vinheta-da-autoestrada-da-bulgaria-2026-guia-completo-da-vinheta-electronica\/\">Bulg\u00e1ria E-Vinheta<\/a> | <a href=\"https:\/\/vignettego.com\/\">Todas as Vinhetas Europeias<\/a><\/p>\n","protected":false},"excerpt":{"rendered":"<p>A Mold\u00e1via continua a ser um dos pa\u00edses menos visitados da Europa \u2014 mas isso est\u00e1 a mudar rapidamente, \u00e0 medida que viajantes aventureiros descobrem as suas regi\u00f5es vin\u00edcolas de classe mundial, heran\u00e7a sovi\u00e9tica \u00fanica, hospitalidade calorosa e uma cultura surpreendentemente rica. Se est\u00e1 a planear uma viagem de carro at\u00e9 esta joia escondida, ter\u00e1 [&hellip;]<\/p>\n","protected":false},"author":0,"featured_media":0,"parent":0,"menu_order":0,"comment_status":"closed","ping_status":"closed","template":"","meta":{"footnotes":""},"class_list":["post-468","page","type-page","status-publish","hentry"],"_links":{"self":[{"href":"https:\/\/vignettego.com\/highway-vignette-europe\/pt-pt\/wp-json\/wp\/v2\/pages\/468","targetHints":{"allow":["GET"]}}],"collection":[{"href":"https:\/\/vignettego.com\/highway-vignette-europe\/pt-pt\/wp-json\/wp\/v2\/pages"}],"about":[{"href":"https:\/\/vignettego.com\/highway-vignette-europe\/pt-pt\/wp-json\/wp\/v2\/types\/page"}],"replies":[{"embeddable":true,"href":"https:\/\/vignettego.com\/highway-vignette-europe\/pt-pt\/wp-json\/wp\/v2\/comments?post=468"}],"version-history":[{"count":4,"href":"https:\/\/vignettego.com\/highway-vignette-europe\/pt-pt\/wp-json\/wp\/v2\/pages\/468\/revisions"}],"predecessor-version":[{"id":1391,"href":"https:\/\/vignettego.com\/highway-vignette-europe\/pt-pt\/wp-json\/wp\/v2\/pages\/468\/revisions\/1391"}],"wp:attachment":[{"href":"https:\/\/vignettego.com\/highway-vignette-europe\/pt-pt\/wp-json\/wp\/v2\/media?parent=468"}],"curies":[{"name":"wp","href":"https:\/\/api.w.org\/{rel}","templated":true}]}}