{"id":426,"date":"2026-01-04T01:38:57","date_gmt":"2026-01-04T01:38:57","guid":{"rendered":"https:\/\/vignettego.com\/highway-vignette-europe\/vinheta-da-autoestrada-da-croacia-2026-guia-completo-de-portagem-enc-e-digital\/"},"modified":"2026-01-04T12:44:06","modified_gmt":"2026-01-04T12:44:06","slug":"vinheta-da-autoestrada-da-croacia-2026-guia-completo-de-portagem-enc-e-digital","status":"publish","type":"page","link":"https:\/\/vignettego.com\/highway-vignette-europe\/pt-pt\/vinheta-da-autoestrada-da-croacia-2026-guia-completo-de-portagem-enc-e-digital\/","title":{"rendered":"Vinheta da Autoestrada da Cro\u00e1cia 2026: Guia Completo de Portagem ENC e Digital"},"content":{"rendered":"\n<script type=\"application\/ld+json\">{\n    \"@context\": \"https:\/\/schema.org\",\n    \"@graph\": [\n        {\n            \"@type\": \"Article\",\n            \"@id\": \"https:\/\/vignettego.com\/highway-vignette-europe\/croatia-highway-vignette-guide\/#article\",\n            \"headline\": \"Croatia Highway Vignette 2026: Complete ENC & Digital Toll Guide\",\n            \"description\": \"Everything about Croatian highway tolls, ENC electronic system, and digital vignette options. Learn about toll prices, the stunning A1 coastal motorway, and how to reach Dubrovnik, Split, and other destinations.\",\n            \"image\": \"https:\/\/vignettego.com\/highway-vignette-europe\/wp-content\/uploads\/2026\/09\/Highway-Vignette-Europe.jpg\",\n            \"datePublished\": \"2026-01-04\",\n            \"dateModified\": \"2026-01-04\",\n            \"author\": {\"@type\": \"Organization\", \"name\": \"VignetteGo\", \"url\": \"https:\/\/vignettego.com\"},\n            \"publisher\": {\"@type\": \"Organization\", \"name\": \"VignetteGo\"},\n            \"mainEntityOfPage\": {\"@type\": \"WebPage\", \"@id\": \"https:\/\/vignettego.com\/highway-vignette-europe\/croatia-highway-vignette-guide\/\"},\n            \"articleSection\": \"Highway Vignettes\",\n            \"keywords\": [\"Croatia toll\", \"Croatia highway\", \"ENC Croatia\", \"Croatian motorway\", \"A1 Croatia\", \"Dubrovnik road trip\", \"Split highway\"],\n            \"inLanguage\": \"en\",\n            \"speakable\": {\"@type\": \"SpeakableSpecification\", \"cssSelector\": [\".article-intro\", \"#faq-section\"]}\n        },\n        {\n            \"@type\": \"BreadcrumbList\",\n            \"itemListElement\": [\n                {\"@type\": \"ListItem\", \"position\": 1, \"name\": \"VignetteGo\", \"item\": \"https:\/\/vignettego.com\/\"},\n                {\"@type\": \"ListItem\", \"position\": 2, \"name\": \"Highway Vignette Europe\", \"item\": \"https:\/\/vignettego.com\/highway-vignette-europe\/\"},\n                {\"@type\": \"ListItem\", \"position\": 3, \"name\": \"Croatia Guide\", \"item\": \"https:\/\/vignettego.com\/highway-vignette-europe\/croatia-highway-vignette-guide\/\"}\n            ]\n        },\n        {\n            \"@type\": \"FAQPage\",\n            \"mainEntity\": [\n                {\"@type\": \"Question\", \"name\": \"Does Croatia use vignettes or toll booths?\", \"acceptedAnswer\": {\"@type\": \"Answer\", \"text\": \"Croatia traditionally uses a distance-based toll system with toll booths, but now also offers digital vignette options (E-Vinjeta) for certain sections. Many visitors use a combination of both or the ENC electronic device.\"}},\n                {\"@type\": \"Question\", \"name\": \"How much does the Croatian motorway toll cost?\", \"acceptedAnswer\": {\"@type\": \"Answer\", \"text\": \"Croatian tolls are distance-based. Zagreb to Split costs approximately EUR 25, Zagreb to Rijeka about EUR 8, and Split to Dubrovnik around EUR 12. The A1 motorway to the coast is the main toll route.\"}},\n                {\"@type\": \"Question\", \"name\": \"What is the ENC system in Croatia?\", \"acceptedAnswer\": {\"@type\": \"Answer\", \"text\": \"ENC (Elektroni\u010dka Naplata Cestarine) is Croatia electronic toll collection device. It provides faster passage through dedicated ENC lanes and often offers discounts. Available at toll plazas and service areas.\"}},\n                {\"@type\": \"Question\", \"name\": \"Can I pay Croatian tolls with credit card?\", \"acceptedAnswer\": {\"@type\": \"Answer\", \"text\": \"Yes, credit and debit cards are accepted at Croatian toll booths. Cash payment in EUR is also widely accepted since Croatia adopted the Euro in January 2023.\"}},\n                {\"@type\": \"Question\", \"name\": \"Is there a digital vignette for Croatia?\", \"acceptedAnswer\": {\"@type\": \"Answer\", \"text\": \"Yes, Croatia now offers E-Vinjeta (electronic vignettes) for certain motorway sections, providing an alternative to traditional toll booth payment. These can be purchased online.\"}}\n            ]\n        }\n    ]\n}\n<\/script>\n\n<figure class=\"wp-block-image aligncenter size-large\"><img decoding=\"async\" src=\"https:\/\/vignettego.com\/highway-vignette-europe\/wp-content\/uploads\/2026\/09\/Highway-Vignette-Europe.jpg\" alt=\"Portagem da Autoestrada Cro&#xE1;cia 2026 - Guia completo do sistema de portagens autoestradas croatas\" style=\"width:100%; height:auto; margin-bottom:20px;\"\/><\/figure>\n\n<p class=\"article-intro\">A Cro\u00e1cia \u00e9 um dos destinos de ver\u00e3o mais populares da Europa, famosa pela sua deslumbrante costa adri\u00e1tica, \u00e1guas cristalinas, cidades hist\u00f3ricas como Dubrovnik e Split, e belas ilhas. Conduzir at\u00e9 \u00e0 Cro\u00e1cia abre possibilidades incr\u00edveis \u2014 desde as antigas muralhas de Dubrovnik \u00e0s praias festivas de Zr\u0107e, \u00e0s cascatas dos lagos de Plitvice at\u00e9 \u00e0 encantadora \u00cdstria. Este guia explica tudo sobre o sistema de portagens rodovi\u00e1rias da Cro\u00e1cia em 2026, incluindo o <strong>sistema eletr\u00f3nico ENC<\/strong>, <strong>op\u00e7\u00f5es de vinheta digital<\/strong> e dicas pr\u00e1ticas para a sua viagem de carro pela Cro\u00e1cia.  <\/p>\n\n<div style=\"height:25px\" aria-hidden=\"true\" class=\"wp-block-spacer\"><\/div>\n\n<div class=\"wp-block-buttons is-content-justification-center is-layout-flex wp-container-core-buttons-is-layout-a89b3969 wp-block-buttons-is-layout-flex\">\n<div class=\"wp-block-button\"><a class=\"wp-block-button__link wp-element-button\" href=\"https:\/\/vignettego.com\/\" style=\"background-color:#0066cc;color:#ffffff;padding:15px 30px;font-size:18px;border-radius:8px;\">\ud83d\ude97 Obtenha a sua Vinheta Digital Croata na VignetteGo<\/a><\/div>\n<\/div>\n\n<div style=\"height:25px\" aria-hidden=\"true\" class=\"wp-block-spacer\"><\/div>\n\n<h2 class=\"wp-block-heading\">\ud83c\udded\ud83c\uddf7 Sistema de Portagem Croata Explicado<\/h2>\n\n<p>Ao contr\u00e1rio da maioria dos pa\u00edses da Europa Central que utilizam vinhetas baseadas no tempo, a Cro\u00e1cia tem tradicionalmente operado um <strong>sistema de portagens baseado na dist\u00e2ncia<\/strong> com portagens f\u00edsicas. Recebe um bilhete ao entrar na autoestrada e paga com base na dist\u00e2ncia percorrida ao sair. No entanto, a Cro\u00e1cia tamb\u00e9m oferece <strong>agora op\u00e7\u00f5es de vinhetas digitais (E-Vinjeta)<\/strong> para certos tro\u00e7os de autoestrada, proporcionando mais flexibilidade aos viajantes.  <\/p>\n\n<p>A rede de autoestradas croata \u00e9 gerida pela <strong>HAC (Hrvatske Autoceste)<\/strong> e <strong>pela AZM (Autocesta Zagreb-Macelj).<\/strong> Desde janeiro de 2023, a Cro\u00e1cia adotou o <strong>Euro (EUR)<\/strong> como sua moeda, facilitando os pagamentos para os visitantes da UE. <\/p>\n\n<h2 class=\"wp-block-heading\">\ud83d\udccb Op\u00e7\u00f5es de Pagamento de Portagem Croata<\/h2>\n\n<h3 class=\"wp-block-heading\">Op\u00e7\u00e3o 1: Portagens Tradicionais (Mais Comum)<\/h3>\n\n<p>Tira um bilhete \u00e0 entrada, paga \u00e0 sa\u00edda. Pagamento aceite: <\/p>\n\n<ul class=\"wp-block-list\">\n<li><strong>Dinheiro:<\/strong> EUR (j\u00e1 n\u00e3o \u00e9 necess\u00e1rio Kuna croata)<\/li>\n<li><strong>Cart\u00f5es de Cr\u00e9dito\/D\u00e9bito:<\/strong> Visa, Mastercard s\u00e3o amplamente aceites<\/li>\n<li><strong>Dispositivo ENC:<\/strong> Pagamento eletr\u00f3nico (ver abaixo)<\/li>\n<\/ul>\n\n<h3 class=\"wp-block-heading\">Op\u00e7\u00e3o 2: Dispositivo Eletr\u00f3nico ENC<\/h3>\n\n<p><strong>ENC (Elektroni\u010dka Naplata Cestarine)<\/strong> \u00e9 o sistema croata de cobran\u00e7a eletr\u00f3nica de portagem. Benef\u00edcios: <\/p>\n\n<ul class=\"wp-block-list\">\n<li>Passagem mais r\u00e1pida por faixas dedicadas \u00e0 ENC<\/li>\n<li>Potenciais descontos nas portagens<\/li>\n<li>N\u00e3o \u00e9 preciso parar nas portagens<\/li>\n<li>Dispon\u00edvel para compra em portagens e \u00e1reas de servi\u00e7o<\/li>\n<\/ul>\n\n<p>O dispositivo ENC custa um pequeno dep\u00f3sito e pode ser complementado com cr\u00e9dito. Para visitantes frequentes, \u00e9 altamente recomendado. <\/p>\n\n<h3 class=\"wp-block-heading\">Op\u00e7\u00e3o 3: Vinheta Digital (E-Vinjeta)<\/h3>\n\n<p>A Cro\u00e1cia oferece <strong>agora E-Vinjeta<\/strong> (vinhetas eletr\u00f3nicas) para certos tro\u00e7os de autoestrada, permitindo contornar completamente as portagens. Dispon\u00edvel no <a href=\"https:\/\/vignettego.com\/\" title=\"Vinheta digital croata\">VignetteGo<\/a>. <\/p>\n\n<div style=\"height:25px\" aria-hidden=\"true\" class=\"wp-block-spacer\"><\/div>\n\n<div class=\"wp-block-buttons is-content-justification-center is-layout-flex wp-container-core-buttons-is-layout-a89b3969 wp-block-buttons-is-layout-flex\">\n<div class=\"wp-block-button\"><a class=\"wp-block-button__link wp-element-button\" href=\"https:\/\/vignettego.com\/\" style=\"background-color:#28a745;color:#ffffff;padding:15px 30px;font-size:18px;border-radius:8px;\">\u2705 Obtenha Vinhetas Europeias \u2013 Todos os Pa\u00edses \u2013 no VignetteGo<\/a><\/div>\n<\/div>\n\n<div style=\"height:25px\" aria-hidden=\"true\" class=\"wp-block-spacer\"><\/div>\n\n<h2 class=\"wp-block-heading\">\ud83d\udcb0 Pre\u00e7os das Portagens nas Autoestradas Croatas 2026<\/h2>\n\n<p>As portagens croatas s\u00e3o baseadas na dist\u00e2ncia, por isso o custo depende da sua rota. Aqui est\u00e3o os pre\u00e7os aproximados das rotas comuns (Categoria I &#8211; carros normais): <\/p>\n\n<figure class=\"wp-block-table\"><table><thead><tr><th>Percurso<\/th><th>Dist\u00e2ncia<\/th><th>Portagem Aproximada <\/th><\/tr><\/thead><tbody><tr><td><strong>Zagreb \u2013 Divis\u00e3o<\/strong><\/td><td>~400 km<\/td><td>~EUR 25<\/td><\/tr><tr><td><strong>Zagreb \u2013 Rijeka<\/strong><\/td><td>~170 km<\/td><td>~EUR 8<\/td><\/tr><tr><td><strong>Zagreb \u2013 Zadar<\/strong><\/td><td>~280 km<\/td><td>~EUR 17<\/td><\/tr><tr><td><strong>Split \u2013 Dubrovnik<\/strong><\/td><td>~220 km<\/td><td>~EUR 12<\/td><\/tr><tr><td><strong>Zagreb \u2013 Dubrovnik<\/strong><\/td><td>~600 km<\/td><td>~EUR 35<\/td><\/tr><tr><td><strong>Liubliana \u2013 Zagreb<\/strong><\/td><td>~140 km<\/td><td>~EUR 7<\/td><\/tr><\/tbody><\/table><\/figure>\n\n<p><strong>Nota:<\/strong> Os pre\u00e7os s\u00e3o indicativos. As portagens reais podem variar ligeiramente consoante os pontos de entrada\/sa\u00edda espec\u00edficos e a categoria do ve\u00edculo. <\/p>\n\n<h2 class=\"wp-block-heading\">\ud83d\udee3\ufe0f Rede de Autoestradas Croata<\/h2>\n\n<p>A Cro\u00e1cia tem uma excelente rede de autoestradas que liga as principais cidades \u00e0 costa. Aqui est\u00e3o as principais rotas: <\/p>\n\n<h3 class=\"wp-block-heading\">A1 \u2013 A Autoestrada da Dalm\u00e1cia<\/h3>\n\n<p>A rota tur\u00edstica mais importante, liga <strong>Zagreb a Split e continua em dire\u00e7\u00e3o a Dubrovnik<\/strong>. Esta impressionante autoestrada corre paralela \u00e0 costa do Adri\u00e1tico, oferecendo acesso a todos os principais destinos costeiros. Comprimento total: aproximadamente 550 km. Apresenta v\u00e1rias pontes e t\u00faneis impressionantes atrav\u00e9s dos Alpes Din\u00e1ricos.   <\/p>\n\n<h3 class=\"wp-block-heading\">A2 \u2013 Zagreb a Macelj (fronteira com a Eslov\u00e9nia)<\/h3>\n\n<p>Liga Zagreb \u00e0 Eslov\u00e9nia, continuando at\u00e9 Liubliana e al\u00e9m. A principal rota para viajantes vindos da Europa Central. Comprimento: aproximadamente 60 km na Cro\u00e1cia.  <\/p>\n\n<h3 class=\"wp-block-heading\">A3 \u2013 Bregana para Lipovac<\/h3>\n\n<p>Rota este-oeste que liga a fronteira eslovena (Bregana) atrav\u00e9s de Zagreb \u00e0 fronteira s\u00e9rvia (Lipovac). Parte do corredor europeu E70. Comprimento: aproximadamente 300 km.  <\/p>\n\n<h3 class=\"wp-block-heading\">A4 \u2013 Zagreb a Gori\u010dan (fronteira com a Hungria)<\/h3>\n\n<p>Liga Zagreb \u00e0 Hungria, a principal rota para os viajantes vindos de Budapeste. Comprimento: aproximadamente 97 km. <\/p>\n\n<h3 class=\"wp-block-heading\">A6 \u2013 Desvio de Rijeka<\/h3>\n\n<p>Liga a A1 em Bosiljevo a Rijeka e \u00e0 pen\u00ednsula da \u00cdstria. Essencial para chegar \u00e0 \u00cdstria a partir de Zagreb. <\/p>\n\n<h3 class=\"wp-block-heading\">A7\/A8\/A9 \u2013 \u00cdstria Y<\/h3>\n\n<p>Rede de autoestradas que serve a pen\u00ednsula da \u00cdstria, ligando Rijeka a Pula e outros destinos da \u00cdstria. Geralmente tem menos tr\u00e1fego do que a A1. <\/p>\n\n<div style=\"height:25px\" aria-hidden=\"true\" class=\"wp-block-spacer\"><\/div>\n\n<div class=\"wp-block-buttons is-content-justification-center is-layout-flex wp-container-core-buttons-is-layout-a89b3969 wp-block-buttons-is-layout-flex\">\n<div class=\"wp-block-button\"><a class=\"wp-block-button__link wp-element-button\" href=\"https:\/\/vignettego.com\/\" style=\"background-color:#ff6600;color:#ffffff;padding:15px 30px;font-size:18px;border-radius:8px;\">\ud83d\uded2 Obtenha j\u00e1 as suas vinhetas europeias no VignetteGo<\/a><\/div>\n<\/div>\n\n<div style=\"height:25px\" aria-hidden=\"true\" class=\"wp-block-spacer\"><\/div>\n\n<h2 class=\"wp-block-heading\">\ud83d\uddfa\ufe0f Rotas Populares de Road Trip Croatas<\/h2>\n\n<h3 class=\"wp-block-heading\">Zagreb a Split (Autoestrada A1 da Dalm\u00e1cia)<\/h3>\n\n<p><strong>Dist\u00e2ncia:<\/strong> ~400 km | <strong>Dura\u00e7\u00e3o:<\/strong> 4-4,5 horas | <strong>Portagem:<\/strong> ~EUR 25<\/p>\n\n<p>A cl\u00e1ssica rota croata de viagem de carro. A A1 \u00e9 uma autoestrada moderna e bem conservada, com excelentes \u00e1reas de servi\u00e7o. Considere parar no Parque Nacional dos Lagos de Plitvice (sa\u00edda Gornja Plo\u010da) \u2014 uma das mais belas atra\u00e7\u00f5es naturais da Cro\u00e1cia.  <\/p>\n\n<h3 class=\"wp-block-heading\">Zagreb a Dubrovnik<\/h3>\n\n<p><strong>Dist\u00e2ncia:<\/strong> ~600 km | <strong>Dura\u00e7\u00e3o:<\/strong> 5,5-6 horas | <strong>Portagem:<\/strong> ~EUR 35<\/p>\n\n<p>A viagem de carro croata definitiva, terminando na deslumbrante cidade muralhada de Dubrovnik. Note-se que esta rota passa brevemente pela <strong>B\u00f3snia e Herzegovina<\/strong> pelo corredor de Neum (sem portagem, mas com passaporte). Alternativamente, apanhe a Ponte de Pelje\u0161ac para ficar inteiramente na Cro\u00e1cia.  <\/p>\n\n<h3 class=\"wp-block-heading\">Ljubljana (Eslov\u00e9nia) a Zagreb<\/h3>\n\n<p><strong>Dist\u00e2ncia:<\/strong> ~140 km | <strong>Dura\u00e7\u00e3o:<\/strong> 1,5-2 horas | <strong>Portagem:<\/strong> ~EUR 7 (Cro\u00e1cia) + vinheta eslovena<\/p>\n\n<p>A principal rota a partir da Europa Central. Vai precisar de uma <a href=\"https:\/\/vignettego.com\/highway-vignette-europe\/pt-pt\/vinheta-da-autoestrada-da-eslovenia-2026-guia-completo-da-e-vinjeta\/\">E-Vinjeta eslovena<\/a> para a parte eslovena da viagem. <\/p>\n\n<h3 class=\"wp-block-heading\">Passeio pela Costa da \u00cdstria<\/h3>\n\n<p><strong>Percurso:<\/strong> Rijeka \u2192 Opatija \u2192 Pula \u2192 Rovinj \u2192 Pore\u010d \u2192 de regresso a Rijeka<\/p>\n\n<p>Explore a bela pen\u00ednsula da \u00cdstria, com a sua cozinha de influ\u00eancia italiana, aldeias no topo das colinas e encantadoras cidades costeiras. Menos povoada do que a costa d\u00e1lmata. <\/p>\n\n<h2 class=\"wp-block-heading\">\ud83d\udca1 Dicas de Condu\u00e7\u00e3o da Cro\u00e1cia para 2026<\/h2>\n\n<h3 class=\"wp-block-heading\">Moeda<\/h3>\n\n<p>Desde janeiro de 2023, a Cro\u00e1cia utiliza o <strong>Euro (EUR).<\/strong> N\u00e3o \u00e9 preciso trocar dinheiro se vier de outro pa\u00eds da zona euro. Os cart\u00f5es de cr\u00e9dito s\u00e3o amplamente aceites.  <\/p>\n\n<h3 class=\"wp-block-heading\">Limites de Velocidade<\/h3>\n\n<ul class=\"wp-block-list\">\n<li><strong>Autoestradas:<\/strong> 130 km\/h<\/li>\n<li><strong>Estradas nacionais:<\/strong> 90 km\/h<\/li>\n<li><strong>\u00c1reas urbanas:<\/strong> 50 km\/h<\/li>\n<\/ul>\n\n<h3 class=\"wp-block-heading\">Tr\u00e1fego de Ver\u00e3o<\/h3>\n\n<p><strong>Aviso:<\/strong> A A1 para a costa sofre <strong>um tr\u00e2nsito extremamente intenso<\/strong> durante julho e agosto, especialmente aos s\u00e1bados (dia de troca para alugueres semanais). Viaje cedo de manh\u00e3 ou ao final da noite para evitar o pior congestionamento. <\/p>\n\n<h3 class=\"wp-block-heading\">Equipamento Necess\u00e1rio<\/h3>\n\n<ul class=\"wp-block-list\">\n<li>Tri\u00e2ngulo de aviso<\/li>\n<li>Colete refletor<\/li>\n<li>Kit de primeiros socorros<\/li>\n<li>Far\u00f3is ligados em todos os momentos enquanto conduzir<\/li>\n<\/ul>\n\n<h2 class=\"wp-block-heading\" id=\"faq-section\">\u2753 Perguntas Frequentes<\/h2>\n\n<h3 class=\"wp-block-heading\">Preciso de uma vinheta ou pago nas portagens na Cro\u00e1cia?<\/h3>\n\n<p>Podes usar qualquer um dos sistemas. As portagens tradicionais funcionam com base na dist\u00e2ncia, paga conforme o uso. Alternativamente, vinhetas digitais (E-Vinjeta) est\u00e3o agora dispon\u00edveis para certas sec\u00e7\u00f5es.  <\/p>\n\n<h3 class=\"wp-block-heading\">Posso conduzir at\u00e9 Dubrovnik sem sair da Cro\u00e1cia?<\/h3>\n\n<p>Sim! Desde a abertura da Ponte de Pelje\u0161ac em 2022, pode agora conduzir de Split a Dubrovnik sem atravessar o corredor de Neum da B\u00f3snia-Herzegovina. <\/p>\n\n<h3 class=\"wp-block-heading\">Vale a pena o dispositivo ENC?<\/h3>\n\n<p>Para visitantes frequentes ou para quem fica v\u00e1rias semanas, sim. Para uma \u00fanica viagem, as portagens ou vinhetas digitais s\u00e3o mais pr\u00e1ticas. <\/p>\n\n<div style=\"height:25px\" aria-hidden=\"true\" class=\"wp-block-spacer\"><\/div>\n\n<div class=\"wp-block-buttons is-content-justification-center is-layout-flex wp-container-core-buttons-is-layout-a89b3969 wp-block-buttons-is-layout-flex\">\n<div class=\"wp-block-button\"><a class=\"wp-block-button__link wp-element-button\" href=\"https:\/\/vignettego.com\/\" style=\"background-color:#e91e63;color:#ffffff;padding:15px 30px;font-size:18px;border-radius:8px;\">\ud83d\ude97 Obtenha as suas vinhetas das autoestradas europeias no VignetteGo \u2192<\/a><\/div>\n<\/div>\n\n<div style=\"height:25px\" aria-hidden=\"true\" class=\"wp-block-spacer\"><\/div>\n\n<h2 class=\"wp-block-heading\">\ud83c\udfd6\ufe0f Porque visitar a Cro\u00e1cia?<\/h2>\n\n<ul class=\"wp-block-list\">\n<li><strong>Costa Deslumbrante:<\/strong> Mais de 1.000 ilhas e \u00e1guas cristalinas do Adri\u00e1tico<\/li>\n<li><strong>Cidades Hist\u00f3ricas:<\/strong> Dubrovnik, Split, Zadar \u2014 Patrim\u00f3nio Mundial da UNESCO<\/li>\n<li><strong>Locais de Game of Thrones:<\/strong> Dubrovnik serviu como Porto Real<\/li>\n<li><strong>Lagos de Plitvice:<\/strong> Parque nacional espetacular com cascatas de \u00e1gua<\/li>\n<li><strong>\u00cdstria:<\/strong> Cozinha de influ\u00eancia italiana, ca\u00e7a \u00e0 trufa, aldeias no topo das colinas<\/li>\n<li><strong>Cena da Festa:<\/strong> A Praia de Zr\u0107e \u00e9 a &#8220;Ibiza Croata&#8221;<\/li>\n<\/ul>\n\n<h2 class=\"wp-block-heading\">\ud83d\udccd Conclus\u00e3o<\/h2>\n\n<p>A Cro\u00e1cia oferece algumas das viagens de carro mais gratificantes da Europa, desde a dram\u00e1tica autoestrada A1 \u00e0s sinuosas estradas costeiras e \u00e0s encantadoras aldeias da \u00cdstria. Quer prefira as portagens tradicionais, o sistema eletr\u00f3nico ENC ou as novas op\u00e7\u00f5es digitais de vinheta, deslocar-se pela Cro\u00e1cia de carro \u00e9 simples. <\/p>\n\n<p>Para chegar \u00e0 Cro\u00e1cia a partir da Europa Central, provavelmente ter\u00e1 de passar pela <a href=\"https:\/\/vignettego.com\/highway-vignette-europe\/pt-pt\/vinheta-da-autoestrada-da-eslovenia-2026-guia-completo-da-e-vinjeta\/\">Eslov\u00e9nia<\/a> ou <a href=\"https:\/\/vignettego.com\/highway-vignette-europe\/pt-pt\/hungary-highway-vignette-2026-complete-e-matrica-guide-pt-pt\/\">Hungria<\/a>. Junte todas as suas vinhetas num s\u00f3 s\u00edtio no <a href=\"https:\/\/vignettego.com\/\" title=\"VignetteGo - Vinhetas de autoestradas europeias\">VignetteGo<\/a>. <\/p>\n\n<p><strong>Desfrute da costa croata! \ud83c\udded\ud83c\uddf7\ud83c\udfd6\ufe0f <\/strong><\/p>\n\n<p><strong>Guias relacionados:<\/strong> <a href=\"https:\/\/vignettego.com\/highway-vignette-europe\/pt-pt\/vinheta-da-autoestrada-da-eslovenia-2026-guia-completo-da-e-vinjeta\/\">Eslov\u00e9nia E-Vinjeta<\/a> | <a href=\"https:\/\/vignettego.com\/highway-vignette-europe\/pt-pt\/hungary-highway-vignette-2026-complete-e-matrica-guide-pt-pt\/\">Hungria E-Matrica<\/a> | <a href=\"https:\/\/vignettego.com\/\">Todas as Vinhetas Europeias<\/a><\/p>\n","protected":false},"excerpt":{"rendered":"<p>A Cro\u00e1cia \u00e9 um dos destinos de ver\u00e3o mais populares da Europa, famosa pela sua deslumbrante costa adri\u00e1tica, \u00e1guas cristalinas, cidades hist\u00f3ricas como Dubrovnik e Split, e belas ilhas. Conduzir at\u00e9 \u00e0 Cro\u00e1cia abre possibilidades incr\u00edveis \u2014 desde as antigas muralhas de Dubrovnik \u00e0s praias festivas de Zr\u0107e, \u00e0s cascatas dos lagos de Plitvice at\u00e9 [&hellip;]<\/p>\n","protected":false},"author":0,"featured_media":0,"parent":0,"menu_order":0,"comment_status":"closed","ping_status":"closed","template":"","meta":{"footnotes":""},"class_list":["post-426","page","type-page","status-publish","hentry"],"_links":{"self":[{"href":"https:\/\/vignettego.com\/highway-vignette-europe\/pt-pt\/wp-json\/wp\/v2\/pages\/426","targetHints":{"allow":["GET"]}}],"collection":[{"href":"https:\/\/vignettego.com\/highway-vignette-europe\/pt-pt\/wp-json\/wp\/v2\/pages"}],"about":[{"href":"https:\/\/vignettego.com\/highway-vignette-europe\/pt-pt\/wp-json\/wp\/v2\/types\/page"}],"replies":[{"embeddable":true,"href":"https:\/\/vignettego.com\/highway-vignette-europe\/pt-pt\/wp-json\/wp\/v2\/comments?post=426"}],"version-history":[{"count":4,"href":"https:\/\/vignettego.com\/highway-vignette-europe\/pt-pt\/wp-json\/wp\/v2\/pages\/426\/revisions"}],"predecessor-version":[{"id":1448,"href":"https:\/\/vignettego.com\/highway-vignette-europe\/pt-pt\/wp-json\/wp\/v2\/pages\/426\/revisions\/1448"}],"wp:attachment":[{"href":"https:\/\/vignettego.com\/highway-vignette-europe\/pt-pt\/wp-json\/wp\/v2\/media?parent=426"}],"curies":[{"name":"wp","href":"https:\/\/api.w.org\/{rel}","templated":true}]}}