{"id":413,"date":"2026-01-04T01:38:16","date_gmt":"2026-01-04T01:38:16","guid":{"rendered":"https:\/\/vignettego.com\/highway-vignette-europe\/vinheta-da-autoestrada-da-eslovenia-2026-guia-completo-da-e-vinjeta\/"},"modified":"2026-01-04T12:43:53","modified_gmt":"2026-01-04T12:43:53","slug":"vinheta-da-autoestrada-da-eslovenia-2026-guia-completo-da-e-vinjeta","status":"publish","type":"page","link":"https:\/\/vignettego.com\/highway-vignette-europe\/pt-pt\/vinheta-da-autoestrada-da-eslovenia-2026-guia-completo-da-e-vinjeta\/","title":{"rendered":"Vinheta da Autoestrada da Eslov\u00e9nia 2026: Guia Completo da E-Vinjeta"},"content":{"rendered":"\n<script type=\"application\/ld+json\">{\n    \"@context\": \"https:\/\/schema.org\",\n    \"@graph\": [\n        {\n            \"@type\": \"Article\",\n            \"@id\": \"https:\/\/vignettego.com\/highway-vignette-europe\/slovenia-highway-vignette-guide\/#article\",\n            \"headline\": \"Slovenia Highway Vignette 2026: Complete E-Vinjeta Guide\",\n            \"description\": \"Everything about the Slovenian E-Vinjeta 2026: prices, validity, how to buy online, and essential tips for driving on Slovenian motorways. Your complete guide to the electronic vignette system.\",\n            \"image\": \"https:\/\/vignettego.com\/highway-vignette-europe\/wp-content\/uploads\/2026\/09\/Highway-Vignette-Europe.jpg\",\n            \"datePublished\": \"2026-01-04\",\n            \"dateModified\": \"2026-01-04\",\n            \"author\": {\"@type\": \"Organization\", \"name\": \"VignetteGo\", \"url\": \"https:\/\/vignettego.com\"},\n            \"publisher\": {\"@type\": \"Organization\", \"name\": \"VignetteGo\"},\n            \"mainEntityOfPage\": {\"@type\": \"WebPage\", \"@id\": \"https:\/\/vignettego.com\/highway-vignette-europe\/slovenia-highway-vignette-guide\/\"},\n            \"articleSection\": \"Highway Vignettes\",\n            \"keywords\": [\"Slovenia vignette\", \"E-Vinjeta\", \"Slovenian motorway\", \"Ljubljana driving\", \"Bled road trip\", \"Slovenia toll\"],\n            \"inLanguage\": \"en\",\n            \"speakable\": {\"@type\": \"SpeakableSpecification\", \"cssSelector\": [\".article-intro\", \"#faq-section\"]}\n        },\n        {\n            \"@type\": \"BreadcrumbList\",\n            \"itemListElement\": [\n                {\"@type\": \"ListItem\", \"position\": 1, \"name\": \"VignetteGo\", \"item\": \"https:\/\/vignettego.com\/\"},\n                {\"@type\": \"ListItem\", \"position\": 2, \"name\": \"Highway Vignette Europe\", \"item\": \"https:\/\/vignettego.com\/highway-vignette-europe\/\"},\n                {\"@type\": \"ListItem\", \"position\": 3, \"name\": \"Slovenia Guide\", \"item\": \"https:\/\/vignettego.com\/highway-vignette-europe\/slovenia-highway-vignette-guide\/\"}\n            ]\n        },\n        {\n            \"@type\": \"FAQPage\",\n            \"mainEntity\": [\n                {\"@type\": \"Question\", \"name\": \"How much does a Slovenian E-Vinjeta cost?\", \"acceptedAnswer\": {\"@type\": \"Answer\", \"text\": \"For 2026, prices are: 7-day vignette EUR 16, 30-day vignette EUR 32, and annual vignette EUR 117 for standard vehicles (class 2A). These are approximate prices and may be adjusted.\"}},\n                {\"@type\": \"Question\", \"name\": \"Can I buy the Slovenian E-Vinjeta online?\", \"acceptedAnswer\": {\"@type\": \"Answer\", \"text\": \"Yes, you can purchase the E-Vinjeta online at VignetteGo or the official DARS website. Registration is linked to your license plate, so no physical sticker is needed.\"}},\n                {\"@type\": \"Question\", \"name\": \"Do I need a vignette for all roads in Slovenia?\", \"acceptedAnswer\": {\"@type\": \"Answer\", \"text\": \"No, only motorways (avtoceste) and expressways (hitre ceste) require a vignette. Regular national and local roads are free to use.\"}},\n                {\"@type\": \"Question\", \"name\": \"What if I drive without a vignette in Slovenia?\", \"acceptedAnswer\": {\"@type\": \"Answer\", \"text\": \"Fines for driving without a valid E-Vinjeta are significant\u2014EUR 300 to 800 for cars. Enforcement is done via cameras, so non-compliance is easily detected.\"}},\n                {\"@type\": \"Question\", \"name\": \"How long is the Slovenian vignette valid?\", \"acceptedAnswer\": {\"@type\": \"Answer\", \"text\": \"The 7-day E-Vinjeta is valid for 7 consecutive days from your chosen start date. The 30-day is valid for 30 days, and the annual runs from purchase date for one year.\"}}\n            ]\n        }\n    ]\n}\n<\/script>\n\n<figure class=\"wp-block-image aligncenter size-large\"><img decoding=\"async\" src=\"https:\/\/vignettego.com\/highway-vignette-europe\/wp-content\/uploads\/2026\/09\/Highway-Vignette-Europe.jpg\" alt=\"Slovenia E-Vinjeta 2026 - Guia completo da vinheta da estrada eslovena\" style=\"width:100%; height:auto; margin-bottom:20px;\"\/><\/figure>\n\n<p class=\"article-intro\">A Eslov\u00e9nia pode ser pequena, mas oferece uma incr\u00edvel variedade de paisagens \u2014 desde os deslumbrantes Alpes Julianos e o Lago Esmeralda de Bled at\u00e9 \u00e0 costa mediterr\u00e2nica e \u00e0s vastas grutas c\u00e1rsicas. Esta na\u00e7\u00e3o alpina \u00e9 um pa\u00eds de tr\u00e2nsito chave para viajantes que circulam entre a Europa Central e o Adri\u00e1tico. Este guia cobre tudo sobre a <strong>E-Vinjeta eslovena (vinheta eletr\u00f3nica)<\/strong> para 2026: pre\u00e7os, validade, onde comprar e dicas essenciais para a sua viagem eslovena.  <\/p>\n\n<div style=\"height:25px\" aria-hidden=\"true\" class=\"wp-block-spacer\"><\/div>\n\n<div class=\"wp-block-buttons is-content-justification-center is-layout-flex wp-container-core-buttons-is-layout-a89b3969 wp-block-buttons-is-layout-flex\">\n<div class=\"wp-block-button\"><a class=\"wp-block-button__link wp-element-button\" href=\"https:\/\/vignettego.com\/\" style=\"background-color:#0066cc;color:#ffffff;padding:15px 30px;font-size:18px;border-radius:8px;\">\ud83d\ude97 Adquira a sua E-Vinjeta eslovena na VignetteGo<\/a><\/div>\n<\/div>\n\n<div style=\"height:25px\" aria-hidden=\"true\" class=\"wp-block-spacer\"><\/div>\n\n<h2 class=\"wp-block-heading\">\ud83c\uddf8\ud83c\uddee O que \u00e9 a E-Vinjeta eslovena?<\/h2>\n\n<p>A Eslov\u00e9nia passou de vinhetas f\u00edsicas de autocolantes para um <strong>sistema totalmente eletr\u00f3nico (E-Vinjeta)<\/strong> em 2022. Chega de raspar autocolantes velhos do para-brisas! O E-Vinjeta est\u00e1 associado ao n\u00famero da matr\u00edcula do seu ve\u00edculo e registado numa base de dados central. Os sistemas de c\u00e2maras ao longo das autoestradas verificam automaticamente o estado da sua vinheta.   <\/p>\n\n<p>O sistema \u00e9 gerido pela <strong>DARS (Dru\u017eba za avtoceste v Republiki Sloveniji),<\/strong> a empresa estatal de autoestradas. A E-Vinjeta \u00e9 obrigat\u00f3ria em todas as autoestradas (avtoceste) e autoestradas (hitre ceste), mas n\u00e3o nas estradas regulares. <\/p>\n\n<h2 class=\"wp-block-heading\">\ud83d\udcb0 Pre\u00e7os da E-Vinjeta 2026<\/h2>\n\n<figure class=\"wp-block-table\"><table><thead><tr><th>Tipo de Vinheta<\/th><th>Classe 2A (Carruagens &lt;1,3m)<\/th><th>Classe 2B (Ve\u00edculos maiores)<\/th><\/tr><\/thead><tbody><tr><td><strong>7 dias<\/strong><\/td><td>EUR 16<\/td><td>EUR 32<\/td><\/tr><tr><td><strong>30 dias<\/strong><\/td><td>EUR 32<\/td><td>EUR 64<\/td><\/tr><tr><td><strong>Anual<\/strong><\/td><td>EUR 117<\/td><td>EUR 234<\/td><\/tr><\/tbody><\/table><\/figure>\n\n<p><strong>Classifica\u00e7\u00e3o do Ve\u00edculo:<\/strong><\/p>\n\n<ul class=\"wp-block-list\">\n<li><strong>Classe 2A:<\/strong> Ve\u00edculos com altura de eixo at\u00e9 1,30 m (a maioria dos carros padr\u00e3o)<\/li>\n<li><strong>Classe 2B:<\/strong> Ve\u00edculos com altura do eixo entre 1,30 m e 1,60 m (SUVs maiores, carrinhas pequenas)<\/li>\n<\/ul>\n\n<p><strong>Dica:<\/strong> Se tiver d\u00favidas sobre a classe do seu ve\u00edculo, me\u00e7a a altura do ch\u00e3o at\u00e9 ao centro da roda dianteira \u2014 esta \u00e9 a altura do eixo.<\/p>\n\n<h2 class=\"wp-block-heading\">\ud83d\uded2 Onde Comprar o E-Vinjeta Esloveno<\/h2>\n\n<h3 class=\"wp-block-heading\">Online (Recomendado)<\/h3>\n\n<p>A forma mais f\u00e1cil de comprar \u00e9 online antes da viagem:<\/p>\n\n<ul class=\"wp-block-list\">\n<li><strong><a href=\"https:\/\/vignettego.com\/\">VignetteGo<\/a><\/strong> \u2013 Compra r\u00e1pida com confirma\u00e7\u00e3o instant\u00e2nea<\/li>\n<li>Site oficial do DARS e-vinjeta.si<\/li>\n<\/ul>\n\n<p>Vantagens da compra online: sem esperar em postos de servi\u00e7o fronteiri\u00e7os, ativa\u00e7\u00e3o instant\u00e2nea, confirma\u00e7\u00e3o digital no telem\u00f3vel.<\/p>\n\n<h3 class=\"wp-block-heading\">Pontos de Compra F\u00edsica<\/h3>\n\n<ul class=\"wp-block-list\">\n<li>Postos de combust\u00edvel (Gasolina, OMV, MOL) por toda a Eslov\u00e9nia<\/li>\n<li>Pontos de passagem fronteiri\u00e7a<\/li>\n<li>Correios<\/li>\n<li>Centros de apoio ao cliente DARS<\/li>\n<\/ul>\n\n<div style=\"height:25px\" aria-hidden=\"true\" class=\"wp-block-spacer\"><\/div>\n\n<div class=\"wp-block-buttons is-content-justification-center is-layout-flex wp-container-core-buttons-is-layout-a89b3969 wp-block-buttons-is-layout-flex\">\n<div class=\"wp-block-button\"><a class=\"wp-block-button__link wp-element-button\" href=\"https:\/\/vignettego.com\/\" style=\"background-color:#28a745;color:#ffffff;padding:15px 30px;font-size:18px;border-radius:8px;\">\u2705 Obtenha as suas Vinhetas Europeias \u2013 8 Pa\u00edses \u2013 na VignetteGo<\/a><\/div>\n<\/div>\n\n<div style=\"height:25px\" aria-hidden=\"true\" class=\"wp-block-spacer\"><\/div>\n\n<h2 class=\"wp-block-heading\">\ud83d\udee3\ufe0f Rede Rodovi\u00e1ria Eslovena<\/h2>\n\n<p>A rede de autoestradas da Eslov\u00e9nia forma um padr\u00e3o transversal caracter\u00edstico, com Liubliana no centro:<\/p>\n\n<h3 class=\"wp-block-heading\">A1 \u2013 \u0160entilj a Koper (Norte-Sul)<\/h3>\n\n<p>Estende-se desde a <strong>fronteira austr\u00edaca (\u0160entilj\/Spielfeld)<\/strong> atrav\u00e9s de Maribor e Liubliana at\u00e9 \u00e0 <strong>costa adri\u00e1tica (Koper).<\/strong> Esta \u00e9 a principal rota da \u00c1ustria para a costa da Cro\u00e1cia via Eslov\u00e9nia. Comprimento total: aproximadamente 173 km.  <\/p>\n\n<h3 class=\"wp-block-heading\">A2 \u2013 Karavanke a Obre\u017eje (Este-Oeste)<\/h3>\n\n<p>Liga o <strong>T\u00fanel Karavanke (fronteira austr\u00edaca)<\/strong> atrav\u00e9s de Liubliana \u00e0 <strong>fronteira croata (Obre\u017eje)<\/strong> em dire\u00e7\u00e3o a Zagreb. O principal corredor de tr\u00e2nsito da \u00c1ustria para a Cro\u00e1cia. Comprimento total: aproximadamente 173 km.  <\/p>\n\n<h3 class=\"wp-block-heading\">A3 \u2013 Desvio de Liubliana<\/h3>\n\n<p>A via circular em torno de Liubliana, liga as autoestradas A1 e A2. Essenciais para evitar o tr\u00e2nsito no centro da cidade. <\/p>\n\n<h3 class=\"wp-block-heading\">A4 \u2013 Slivnica a Gru\u0161kovje<\/h3>\n\n<p>Liga Maribor \u00e0 fronteira croata em Gru\u0161kovje, continuando em dire\u00e7\u00e3o a Zagreb como alternativa \u00e0 rota A2.<\/p>\n\n<h3 class=\"wp-block-heading\">A5 \u2013 Maribor \u00e0 fronteira h\u00fangara<\/h3>\n\n<p>Liga Maribor \u00e0 Hungria, \u00fatil para viajantes vindos de Budapeste atrav\u00e9s da M70 h\u00fangara.<\/p>\n\n<h2 class=\"wp-block-heading\">\ud83d\uddfa\ufe0f Rotas populares pela Eslov\u00e9nia<\/h2>\n\n<h3 class=\"wp-block-heading\">Viena at\u00e9 \u00e0 Costa Croata (via A2)<\/h3>\n\n<p><strong>Percurso:<\/strong> Viena \u2192 Graz \u2192 Maribor \u2192 Liubliana \u2192 Zagreb \u2192 Split\/Rijeka<\/p>\n\n<p>A rota cl\u00e1ssica da Europa Central para o Adri\u00e1tico. Vai precisar de: <a href=\"https:\/\/vignettego.com\/highway-vignette-europe\/pt-pt\/austria-highway-vignette-2026-complete-digitale-vignette-guide-pt-pt\/\">vinheta austr\u00edaca<\/a> + E-Vinjeta eslovena + <a href=\"https:\/\/vignettego.com\/highway-vignette-europe\/pt-pt\/vinheta-da-autoestrada-da-croacia-2026-guia-completo-de-portagem-enc-e-digital\/\">portagens croatas<\/a>. <\/p>\n\n<h3 class=\"wp-block-heading\">Munique at\u00e9 \u00e0 Costa Croata (via Karavanke)<\/h3>\n\n<p><strong>Percurso:<\/strong> Munique \u2192 Salzburgo \u2192 Villach \u2192 T\u00fanel Karavanke \u2192 Liubliana \u2192 Zagreb<\/p>\n\n<p>Rota popular a partir da Alemanha. Vai precisar de: vinheta austr\u00edaca + E-Vinjeta eslovena + portagens croatas. <\/p>\n\n<h3 class=\"wp-block-heading\">Budapeste a Liubliana<\/h3>\n\n<p><strong>Percurso:<\/strong> Budapeste \u2192 via M70 \u2192 Maribor \u2192 Liubliana<\/p>\n\n<p>Rota direta a partir da Hungria. Vai precisar de: <a href=\"https:\/\/vignettego.com\/highway-vignette-europe\/pt-pt\/hungary-highway-vignette-2026-complete-e-matrica-guide-pt-pt\/\">E-Matrica h\u00fangaro<\/a> + E-Vinjeta esloveno. <\/p>\n\n<div style=\"height:25px\" aria-hidden=\"true\" class=\"wp-block-spacer\"><\/div>\n\n<div class=\"wp-block-buttons is-content-justification-center is-layout-flex wp-container-core-buttons-is-layout-a89b3969 wp-block-buttons-is-layout-flex\">\n<div class=\"wp-block-button\"><a class=\"wp-block-button__link wp-element-button\" href=\"https:\/\/vignettego.com\/\" style=\"background-color:#ff6600;color:#ffffff;padding:15px 30px;font-size:18px;border-radius:8px;\">\ud83d\uded2 Encomende todas as vinhetas europeias no VignetteGo<\/a><\/div>\n<\/div>\n\n<div style=\"height:25px\" aria-hidden=\"true\" class=\"wp-block-spacer\"><\/div>\n\n<h2 class=\"wp-block-heading\">\u26a0\ufe0f Regras Importantes da E-Vinjeta<\/h2>\n\n<h3 class=\"wp-block-heading\">Validade Hora de In\u00edcio<\/h3>\n\n<p>Ao comprar online, pode escolher uma <strong>data de in\u00edcio futura<\/strong>. A vinheta torna-se v\u00e1lida \u00e0s 00:00 da data selecionada. Perfeito para planear com anteced\u00eancia!  <\/p>\n\n<h3 class=\"wp-block-heading\">Registo da matr\u00edcula<\/h3>\n\n<p>O E-Vinjeta est\u00e1 registado com o n\u00famero <strong>exato<\/strong> da matr\u00edcula que tens de identificar. Confirma se h\u00e1 erros de digita\u00e7\u00e3o ao comprar! Os erros n\u00e3o podem ser facilmente corrigidos.  <\/p>\n\n<h3 class=\"wp-block-heading\">Multas por Incumprimento<\/h3>\n\n<ul class=\"wp-block-list\">\n<li><strong>Multa padr\u00e3o:<\/strong> EUR 300-800 para ve\u00edculos de passageiros<\/li>\n<li><strong>Pagamento imediato:<\/strong> Normalmente \u00e9 mais baixo se for pago imediatamente<\/li>\n<li>Fiscaliza\u00e7\u00e3o atrav\u00e9s de sistemas autom\u00e1ticos de c\u00e2maras (ANPR)<\/li>\n<\/ul>\n\n<h3 class=\"wp-block-heading\">Que estradas exigem vinheta?<\/h3>\n\n<p>Apenas as estradas assinaladas com a placa da autoestrada (verde com a designa\u00e7\u00e3o branca &#8220;A&#8221;) requerem uma vinheta. As estradas normais (estradas nacionais assinaladas a amarelo) s\u00e3o gratuitas. <\/p>\n\n<h2 class=\"wp-block-heading\">\ud83d\udca1 Dicas de Condu\u00e7\u00e3o da Eslov\u00e9nia para 2026<\/h2>\n\n<h3 class=\"wp-block-heading\">Limites de Velocidade<\/h3>\n\n<ul class=\"wp-block-list\">\n<li><strong>Autoestradas:<\/strong> 130 km\/h<\/li>\n<li><strong>Autoestradas:<\/strong> 110 km\/h<\/li>\n<li><strong>Estradas nacionais:<\/strong> 90 km\/h<\/li>\n<li><strong>\u00c1reas urbanas:<\/strong> 50 km\/h<\/li>\n<\/ul>\n\n<h3 class=\"wp-block-heading\">Equipamento Necess\u00e1rio<\/h3>\n\n<ul class=\"wp-block-list\">\n<li>Tri\u00e2ngulo de aviso<\/li>\n<li>Colete refletor (no ve\u00edculo, n\u00e3o na bagageira)<\/li>\n<li>Kit de primeiros socorros<\/li>\n<li><strong>Far\u00f3is:<\/strong> Deve estar sempre ligado enquanto conduz<\/li>\n<li><strong>Equipamento de inverno:<\/strong> 15 de novembro &#8211; 15 de mar\u00e7o, s\u00e3o necess\u00e1rios pneus ou correntes de inverno<\/li>\n<\/ul>\n\n<h3 class=\"wp-block-heading\">Dicas para o T\u00fanel Karavanke<\/h3>\n\n<p>O T\u00fanel Karavanke, que liga a \u00c1ustria \u00e0 Eslov\u00e9nia, pode sofrer <strong>atrasos significativos<\/strong> durante os fins de semana de ver\u00e3o. Considere viajar de manh\u00e3 cedo ou ao final da noite. Verifique o estado do tr\u00e2nsito <a href=\"https:\/\/www.promet.si\/en\" target=\"_blank\" rel=\"noopener\">na promet.si<\/a>.  <\/p>\n\n<h2 class=\"wp-block-heading\" id=\"faq-section\">\u2753 Perguntas Frequentes<\/h2>\n\n<h3 class=\"wp-block-heading\">Posso usar estradas normais para evitar comprar uma vinheta?<\/h3>\n\n<p>Tecnicamente sim, mas aumenta significativamente o tempo de viagem. Por exemplo, de Liubliana a Koper demora 1 hora em autoestrada contra 2+ horas em estradas normais. <\/p>\n\n<h3 class=\"wp-block-heading\">As motas precisam de uma vinheta?<\/h3>\n\n<p>Sim, as motas (Classe 1) requerem uma categoria de vinheta separada a pre\u00e7os reduzidos.<\/p>\n\n<h3 class=\"wp-block-heading\">E se eu aluguer um carro na Eslov\u00e9nia?<\/h3>\n\n<p>A maioria das empresas de aluguer inclui o E-Vinjeta no aluguer ou oferece-o como complemento. Verifique antes de levantar o ve\u00edculo. <\/p>\n\n<h3 class=\"wp-block-heading\">O E-Vinjeta cobre o T\u00fanel Karavanke?<\/h3>\n\n<p>Sim, o T\u00fanel Karavanke entre a \u00c1ustria e a Eslov\u00e9nia \u00e9 coberto pelo E-Vinjeta esloveno do lado esloveno. Tamb\u00e9m vais precisar de uma vinheta austr\u00edaca para o lado austr\u00edaco. <\/p>\n\n<div style=\"height:25px\" aria-hidden=\"true\" class=\"wp-block-spacer\"><\/div>\n\n<div class=\"wp-block-buttons is-content-justification-center is-layout-flex wp-container-core-buttons-is-layout-a89b3969 wp-block-buttons-is-layout-flex\">\n<div class=\"wp-block-button\"><a class=\"wp-block-button__link wp-element-button\" href=\"https:\/\/vignettego.com\/\" style=\"background-color:#e91e63;color:#ffffff;padding:15px 30px;font-size:18px;border-radius:8px;\">\ud83d\ude97 Obtenha as suas vinhetas das autoestradas europeias no VignetteGo \u2192<\/a><\/div>\n<\/div>\n\n<div style=\"height:25px\" aria-hidden=\"true\" class=\"wp-block-spacer\"><\/div>\n\n<h2 class=\"wp-block-heading\">\ud83c\udfd4\ufe0f Porqu\u00ea visitar a Eslov\u00e9nia?<\/h2>\n\n<ul class=\"wp-block-list\">\n<li><strong>Lago Bled:<\/strong> A ic\u00f3nica igreja da ilha num cen\u00e1rio alpino<\/li>\n<li><strong>Liubliana:<\/strong> Capital encantadora com centro antigo sem carros<\/li>\n<li><strong>Gruta de Postojna:<\/strong> Um dos maiores sistemas de grutas da Europa<\/li>\n<li><strong>Alpes Julianos:<\/strong> Paisagem montanhosa espetacular, Parque Nacional de Triglav<\/li>\n<li><strong>Piran:<\/strong> Bela cidade costeira de estilo veneziano<\/li>\n<li><strong>Vale de So\u010da:<\/strong> Rio Esmeralda, perfeito para desportos de aventura<\/li>\n<li><strong>Regi\u00f5es Vin\u00edcolas:<\/strong> Excelentes vinhos locais, especialmente de Gori\u0161ka Brda<\/li>\n<\/ul>\n\n<h2 class=\"wp-block-heading\">\ud83d\udccd Conclus\u00e3o<\/h2>\n\n<p>O tamanho compacto da Eslov\u00e9nia facilita a explora\u00e7\u00e3o de carro, e o sistema E-Vinjeta \u00e9 simples de usar. Quer esteja de passagem a caminho da Cro\u00e1cia ou a explorar paisagens deslumbrantes da Eslov\u00e9nia, ter a vinheta certa garante uma viagem sem complica\u00e7\u00f5es. <\/p>\n\n<p>Para viagens de carro por v\u00e1rios pa\u00edses, combine a sua E-Vinjeta eslovena com vinhetas para <a href=\"https:\/\/vignettego.com\/highway-vignette-europe\/pt-pt\/austria-highway-vignette-2026-complete-digitale-vignette-guide-pt-pt\/\">a \u00c1ustria<\/a>, <a href=\"https:\/\/vignettego.com\/highway-vignette-europe\/pt-pt\/hungary-highway-vignette-2026-complete-e-matrica-guide-pt-pt\/\">Hungria<\/a> e <a href=\"https:\/\/vignettego.com\/highway-vignette-europe\/pt-pt\/vinheta-da-autoestrada-da-croacia-2026-guia-completo-de-portagem-enc-e-digital\/\">Cro\u00e1cia<\/a>. Junte todas as suas vinhetas num s\u00f3 s\u00edtio no <a href=\"https:\/\/vignettego.com\/\" title=\"VignetteGo - Vinhetas de autoestradas europeias\">VignetteGo<\/a>. <\/p>\n\n<p><strong>Desfrute da Eslov\u00e9nia! \ud83c\uddf8\ud83c\uddee\ud83c\udfd4\ufe0f <\/strong><\/p>\n\n<p><strong>Guias relacionados:<\/strong> <a href=\"https:\/\/vignettego.com\/highway-vignette-europe\/pt-pt\/austria-highway-vignette-2026-complete-digitale-vignette-guide-pt-pt\/\">Vinheta Digital da \u00c1ustria<\/a> | <a href=\"https:\/\/vignettego.com\/highway-vignette-europe\/pt-pt\/vinheta-da-autoestrada-da-croacia-2026-guia-completo-de-portagem-enc-e-digital\/\">Guia de Portagem da Cro\u00e1cia<\/a> | <a href=\"https:\/\/vignettego.com\/\">Todas as Vinhetas Europeias<\/a><\/p>\n","protected":false},"excerpt":{"rendered":"<p>A Eslov\u00e9nia pode ser pequena, mas oferece uma incr\u00edvel variedade de paisagens \u2014 desde os deslumbrantes Alpes Julianos e o Lago Esmeralda de Bled at\u00e9 \u00e0 costa mediterr\u00e2nica e \u00e0s vastas grutas c\u00e1rsicas. Esta na\u00e7\u00e3o alpina \u00e9 um pa\u00eds de tr\u00e2nsito chave para viajantes que circulam entre a Europa Central e o Adri\u00e1tico. Este guia [&hellip;]<\/p>\n","protected":false},"author":0,"featured_media":0,"parent":0,"menu_order":0,"comment_status":"closed","ping_status":"closed","template":"","meta":{"footnotes":""},"class_list":["post-413","page","type-page","status-publish","hentry"],"_links":{"self":[{"href":"https:\/\/vignettego.com\/highway-vignette-europe\/pt-pt\/wp-json\/wp\/v2\/pages\/413","targetHints":{"allow":["GET"]}}],"collection":[{"href":"https:\/\/vignettego.com\/highway-vignette-europe\/pt-pt\/wp-json\/wp\/v2\/pages"}],"about":[{"href":"https:\/\/vignettego.com\/highway-vignette-europe\/pt-pt\/wp-json\/wp\/v2\/types\/page"}],"replies":[{"embeddable":true,"href":"https:\/\/vignettego.com\/highway-vignette-europe\/pt-pt\/wp-json\/wp\/v2\/comments?post=413"}],"version-history":[{"count":4,"href":"https:\/\/vignettego.com\/highway-vignette-europe\/pt-pt\/wp-json\/wp\/v2\/pages\/413\/revisions"}],"predecessor-version":[{"id":1436,"href":"https:\/\/vignettego.com\/highway-vignette-europe\/pt-pt\/wp-json\/wp\/v2\/pages\/413\/revisions\/1436"}],"wp:attachment":[{"href":"https:\/\/vignettego.com\/highway-vignette-europe\/pt-pt\/wp-json\/wp\/v2\/media?parent=413"}],"curies":[{"name":"wp","href":"https:\/\/api.w.org\/{rel}","templated":true}]}}