{"id":316,"date":"2026-01-04T01:13:10","date_gmt":"2026-01-04T01:13:10","guid":{"rendered":"https:\/\/vignettego.com\/highway-vignette-europe\/vinheta-da-autoestrada-da-eslovaquia-2026-guia-completo-de-dialnicna-znamka\/"},"modified":"2026-01-04T12:43:27","modified_gmt":"2026-01-04T12:43:27","slug":"vinheta-da-autoestrada-da-eslovaquia-2026-guia-completo-de-dialnicna-znamka","status":"publish","type":"page","link":"https:\/\/vignettego.com\/highway-vignette-europe\/pt-pt\/vinheta-da-autoestrada-da-eslovaquia-2026-guia-completo-de-dialnicna-znamka\/","title":{"rendered":"Vinheta da Autoestrada da Eslov\u00e1quia 2026: Guia Completo de Dia\u013eni\u010dn\u00e1 Zn\u00e1mka"},"content":{"rendered":"\n<script type=\"application\/ld+json\">{\n    \"@context\": \"https:\/\/schema.org\",\n    \"@graph\": [\n        {\n            \"@type\": \"Article\",\n            \"@id\": \"https:\/\/vignettego.com\/highway-vignette-europe\/slovakia-highway-vignette-guide\/#article\",\n            \"headline\": \"Slovakia Highway Vignette 2026: Complete E-Znamka Guide\",\n            \"description\": \"Everything about the Slovak E-Znamka system 2026: prices, validity, how to buy online, and essential tips for driving on Slovak motorways. Your complete guide to the electronic vignette.\",\n            \"image\": \"https:\/\/vignettego.com\/highway-vignette-europe\/wp-content\/uploads\/2026\/09\/Highway-Vignette-Europe.jpg\",\n            \"datePublished\": \"2026-01-04\",\n            \"dateModified\": \"2026-01-04\",\n            \"author\": {\"@type\": \"Organization\", \"name\": \"VignetteGo\", \"url\": \"https:\/\/vignettego.com\"},\n            \"publisher\": {\"@type\": \"Organization\", \"name\": \"VignetteGo\"},\n            \"mainEntityOfPage\": {\"@type\": \"WebPage\", \"@id\": \"https:\/\/vignettego.com\/highway-vignette-europe\/slovakia-highway-vignette-guide\/\"},\n            \"articleSection\": \"Highway Vignettes\",\n            \"keywords\": [\"Slovakia vignette\", \"E-Znamka\", \"Slovak motorway\", \"Bratislava driving\", \"High Tatras road trip\", \"Slovakia toll\"],\n            \"inLanguage\": \"en\",\n            \"speakable\": {\"@type\": \"SpeakableSpecification\", \"cssSelector\": [\".article-intro\", \"#faq-section\"]}\n        },\n        {\n            \"@type\": \"BreadcrumbList\",\n            \"itemListElement\": [\n                {\"@type\": \"ListItem\", \"position\": 1, \"name\": \"VignetteGo\", \"item\": \"https:\/\/vignettego.com\/\"},\n                {\"@type\": \"ListItem\", \"position\": 2, \"name\": \"Highway Vignette Europe\", \"item\": \"https:\/\/vignettego.com\/highway-vignette-europe\/\"},\n                {\"@type\": \"ListItem\", \"position\": 3, \"name\": \"Slovakia Guide\", \"item\": \"https:\/\/vignettego.com\/highway-vignette-europe\/slovakia-highway-vignette-guide\/\"}\n            ]\n        },\n        {\n            \"@type\": \"FAQPage\",\n            \"mainEntity\": [\n                {\"@type\": \"Question\", \"name\": \"How much does a Slovak E-Znamka cost?\", \"acceptedAnswer\": {\"@type\": \"Answer\", \"text\": \"For 2026, prices are approximately: 10-day vignette EUR 12, 30-day vignette EUR 17, and annual vignette EUR 60 for vehicles up to 3.5 tonnes. Prices may be adjusted annually.\"}},\n                {\"@type\": \"Question\", \"name\": \"Can I buy the Slovak E-Znamka online?\", \"acceptedAnswer\": {\"@type\": \"Answer\", \"text\": \"Yes, you can purchase the E-Znamka online at VignetteGo or the official Slovak eznamka.sk website. Registration is linked to your license plate, so no physical sticker is needed.\"}},\n                {\"@type\": \"Question\", \"name\": \"Do I need a vignette for all roads in Slovakia?\", \"acceptedAnswer\": {\"@type\": \"Answer\", \"text\": \"No, only motorways (dia\u013enice - D roads) and expressways (r\u00fdchlostn\u00e9 cesty - R roads) require a vignette. Regular national roads (cesty I., II., III. triedy) are free.\"}},\n                {\"@type\": \"Question\", \"name\": \"What if I drive without a vignette in Slovakia?\", \"acceptedAnswer\": {\"@type\": \"Answer\", \"text\": \"Fines for driving without a valid E-Znamka range from EUR 100 to EUR 500. Enforcement is done via cameras, so non-compliance is easily detected.\"}},\n                {\"@type\": \"Question\", \"name\": \"Is the Slovak vignette valid immediately after purchase?\", \"acceptedAnswer\": {\"@type\": \"Answer\", \"text\": \"Yes, the E-Znamka is valid immediately from the time of purchase, or you can select a future start date when buying online.\"}}\n            ]\n        }\n    ]\n}\n<\/script>\n\n<figure class=\"wp-block-image aligncenter size-large\"><img decoding=\"async\" src=\"https:\/\/vignettego.com\/highway-vignette-europe\/wp-content\/uploads\/2026\/09\/Highway-Vignette-Europe.jpg\" alt=\"Eslov&#xE1;quia E-Znamka 2026 - Guia completo da vinheta da estrada eslovaca\" style=\"width:100%; height:auto; margin-bottom:20px;\"\/><\/figure>\n\n<p class=\"article-intro\">A Eslov\u00e1quia \u00e9 uma joia escondida na Europa Central, oferecendo paisagens montanhosas espetaculares nos Altos Tatras, encantadoras cidades medievais como Bardejov e Levo\u010da, castelos misteriosos e excelentes termas termais. Quer esteja a transitar pela Eslov\u00e1quia para a Pol\u00f3nia, Ucr\u00e2nia ou Hungria, ou a explorar este belo pa\u00eds, vai precisar do <strong>E-Znamka eslovaco (vinheta eletr\u00f3nica).<\/strong> Este guia cobre tudo sobre o sistema de vinheta eslovaco para 2026: pre\u00e7os, validade, onde comprar e dicas essenciais para conduzir nas autoestradas eslovacas.  <\/p>\n\n<div style=\"height:25px\" aria-hidden=\"true\" class=\"wp-block-spacer\"><\/div>\n\n<div class=\"wp-block-buttons is-content-justification-center is-layout-flex wp-container-core-buttons-is-layout-a89b3969 wp-block-buttons-is-layout-flex\">\n<div class=\"wp-block-button\"><a class=\"wp-block-button__link wp-element-button\" href=\"https:\/\/vignettego.com\/\" style=\"background-color:#0066cc;color:#ffffff;padding:15px 30px;font-size:18px;border-radius:8px;\">\ud83d\ude97 Obtenha o seu E-Znamka Eslovaco no VignetteGo<\/a><\/div>\n<\/div>\n\n<div style=\"height:25px\" aria-hidden=\"true\" class=\"wp-block-spacer\"><\/div>\n\n<h2 class=\"wp-block-heading\">\ud83c\uddf8\ud83c\uddf0 O que \u00e9 o E-Znamka eslovaco?<\/h2>\n\n<p>A Eslov\u00e1quia mudou de vinhetas autocolantes f\u00edsicas para um <strong>sistema totalmente eletr\u00f3nico (E-Znamka)<\/strong> em 2016. Chega de raspar autocolantes velhos do para-brisas! O E-Znamka est\u00e1 ligado ao n\u00famero da matr\u00edcula do seu ve\u00edculo e registado numa base de dados central. Os sistemas de c\u00e2maras ao longo das autoestradas verificam automaticamente o estado da sua vinheta.   <\/p>\n\n<p>O sistema \u00e9 gerido pela <strong>Companhia Nacional de Autoestradas (NDS \u2013 N\u00e1rodn\u00e1 dia\u013eni\u010dn\u00e1 spolo\u010dnos\u0165).<\/strong> A E-Znamka \u00e9 obrigat\u00f3ria em todas as autoestradas (estradas dia\u013enice &#8211; D) e autoestradas (estradas r\u00fdchlostn\u00e9 cesty &#8211; R), mas n\u00e3o nas estradas nacionais regulares. <\/p>\n\n<h2 class=\"wp-block-heading\">\ud83d\udcb0 Pre\u00e7os do E-Znamka 2026<\/h2>\n\n<p>A Eslov\u00e1quia utiliza o Euro (EUR) como moeda, facilitando os pagamentos para visitantes de outros pa\u00edses da Zona Euro.<\/p>\n\n<figure class=\"wp-block-table\"><table><thead><tr><th>Tipo de Vinheta<\/th><th>Ve\u00edculos at\u00e9 3,5t<\/th><\/tr><\/thead><tbody><tr><td><strong>10 dias<\/strong><\/td><td>EUR 12<\/td><\/tr><tr><td><strong>30 dias<\/strong><\/td><td>EUR 17<\/td><\/tr><tr><td><strong>365 dias (Anual)<\/strong><\/td><td>EUR 60<\/td><\/tr><\/tbody><\/table><\/figure>\n\n<p><strong>Nota:<\/strong> Os pre\u00e7os s\u00e3o para ve\u00edculos at\u00e9 3,5 toneladas. Ve\u00edculos maiores est\u00e3o sujeitos ao sistema eletr\u00f3nico de portagens e pagam por quil\u00f3metro. <\/p>\n\n<h2 class=\"wp-block-heading\">\ud83d\uded2 Onde Comprar o E-Znamka Eslovaco<\/h2>\n\n<h3 class=\"wp-block-heading\">Online (Recomendado)<\/h3>\n\n<p>A forma mais f\u00e1cil de comprar \u00e9 online antes da viagem:<\/p>\n\n<ul class=\"wp-block-list\">\n<li><strong><a href=\"https:\/\/vignettego.com\/\">VignetteGo<\/a><\/strong> \u2013 Compra r\u00e1pida com confirma\u00e7\u00e3o instant\u00e2nea<\/li>\n<li>Site oficial do eznamka.sk eslovaco<\/li>\n<\/ul>\n\n<p>Vantagens da compra online: n\u00e3o h\u00e1 espera nos postos de servi\u00e7o fronteiri\u00e7os, ativa\u00e7\u00e3o instant\u00e2nea, confirma\u00e7\u00e3o digital no telem\u00f3vel, possibilidade de selecionar a data de in\u00edcio futura.<\/p>\n\n<h3 class=\"wp-block-heading\">Pontos de Compra F\u00edsica<\/h3>\n\n<ul class=\"wp-block-list\">\n<li>Postos de combust\u00edvel (OMV, Shell, Slovnaft) por toda a Eslov\u00e1quia<\/li>\n<li>Pontos de passagem fronteiri\u00e7a<\/li>\n<li>Correios<\/li>\n<li>Centros de atendimento ao cliente NDS<\/li>\n<\/ul>\n\n<div style=\"height:25px\" aria-hidden=\"true\" class=\"wp-block-spacer\"><\/div>\n\n<div class=\"wp-block-buttons is-content-justification-center is-layout-flex wp-container-core-buttons-is-layout-a89b3969 wp-block-buttons-is-layout-flex\">\n<div class=\"wp-block-button\"><a class=\"wp-block-button__link wp-element-button\" href=\"https:\/\/vignettego.com\/\" style=\"background-color:#28a745;color:#ffffff;padding:15px 30px;font-size:18px;border-radius:8px;\">\u2705 Obtenha Vinhetas Europeias \u2013 8 Pa\u00edses \u2013 no VignetteGo<\/a><\/div>\n<\/div>\n\n<div style=\"height:25px\" aria-hidden=\"true\" class=\"wp-block-spacer\"><\/div>\n\n<h2 class=\"wp-block-heading\">\ud83d\udee3\ufe0f Rede de Autoestradas Eslovacas<\/h2>\n\n<p>A rede de autoestradas da Eslov\u00e1quia liga a capital Bratislava \u00e0s principais cidades e pa\u00edses vizinhos. A rede continua a ser expandida, especialmente a D1 at\u00e9 Ko\u0161ice. <\/p>\n\n<h3 class=\"wp-block-heading\">D1 \u2013 Bratislava a Ko\u0161ice (Corredor Principal)<\/h3>\n\n<p>O principal corredor este-oeste liga <strong>Bratislava<\/strong> a <strong>Ko\u0161ice<\/strong>, passando por \u017dilina e pela regi\u00e3o dos Altos Tatras. Esta \u00e9 a espinha dorsal da rede de autoestradas eslovaca. Nota: Algumas sec\u00e7\u00f5es ainda est\u00e3o em constru\u00e7\u00e3o, exigindo desvios por estradas regulares. Comprimento total quando conclu\u00eddo: aproximadamente 450 km.   <\/p>\n\n<h3 class=\"wp-block-heading\">D2 \u2013 Bratislava \u00e0 fronteira checa<\/h3>\n\n<p>Liga Bratislava para norte \u00e0 <strong>Rep\u00fablica Checa<\/strong>, continuando em dire\u00e7\u00e3o a Brno e Praga. Essencial para viajantes que v\u00eam ou v\u00e3o para <a href=\"https:\/\/vignettego.com\/highway-vignette-europe\/pt-pt\/vinheta-da-autoestrada-da-republica-checa-2026-o-guia-definitivo-do-e-znamka\/\">a Rep\u00fablica Checa<\/a>. Comprimento total: aproximadamente 60 km.  <\/p>\n\n<h3 class=\"wp-block-heading\">D3 \u2013 \u017dilina \u00e0 fronteira polaca<\/h3>\n\n<p>Liga \u017dilina \u00e0 <strong>fronteira polaca em Skalit\u00e9<\/strong>, continuando at\u00e9 Crac\u00f3via. Rota popular para viajantes para o sul da Pol\u00f3nia. Comprimento total: aproximadamente 60 km.  <\/p>\n\n<h3 class=\"wp-block-heading\">D4 \u2013 Anel Vi\u00e1rio de Bratislava<\/h3>\n\n<p>O desvio em torno de Bratislava, ligando a D1, D2 e rotas para a \u00c1ustria e Hungria. Essenciais para evitar o tr\u00e2nsito no centro da cidade de Bratislava. <\/p>\n\n<h3 class=\"wp-block-heading\">Autoestradas R<\/h3>\n\n<p>A Eslov\u00e1quia tamb\u00e9m tem v\u00e1rias vias r\u00e1pidas (estradas R) que exigem uma vinheta:<\/p>\n\n<ul class=\"wp-block-list\">\n<li><strong>R1:<\/strong> Trnava a Bansk\u00e1 Bystrica<\/li>\n<li><strong>R2:<\/strong> Desvio de Ko\u0161ice<\/li>\n<li><strong>R3:<\/strong> \u017dilina para Martin<\/li>\n<li><strong>R4:<\/strong> Ko\u0161ice at\u00e9 \u00e0 fronteira h\u00fangara<\/li>\n<li><strong>R6:<\/strong> Belu\u0161a \u00e0 fronteira checa<\/li>\n<\/ul>\n\n<h2 class=\"wp-block-heading\">\ud83d\uddfa\ufe0f Rotas populares pela Eslov\u00e1quia<\/h2>\n\n<h3 class=\"wp-block-heading\">Viena a Bratislava<\/h3>\n\n<p><strong>Dist\u00e2ncia:<\/strong> ~65 km | <strong>Dura\u00e7\u00e3o:<\/strong> 45-60 minutos | <strong>Vinhetas necess\u00e1rias:<\/strong> Austr\u00edaco + Eslovaco<\/p>\n\n<p>As duas capitais est\u00e3o notavelmente pr\u00f3ximas \u2014 uma das dist\u00e2ncias mais curtas entre as capitais na Europa. A estrada circular D4 oferece uma liga\u00e7\u00e3o direta. <\/p>\n\n<h3 class=\"wp-block-heading\">Bratislava a Praga (via D2 e autoestradas checas)<\/h3>\n\n<p><strong>Dist\u00e2ncia:<\/strong> ~330 km | <strong>Dura\u00e7\u00e3o:<\/strong> 3,5-4 horas | <strong>Vinhetas necess\u00e1rias:<\/strong> Eslovaco + <a href=\"https:\/\/vignettego.com\/highway-vignette-europe\/pt-pt\/vinheta-da-autoestrada-da-republica-checa-2026-o-guia-definitivo-do-e-znamka\/\">Checo<\/a><\/p>\n\n<p>Liga\u00e7\u00e3o direta por autoestrada entre as duas capitais via Brno. Excelentes condi\u00e7\u00f5es da estrada em todo o percurso. <\/p>\n\n<h3 class=\"wp-block-heading\">Bratislava a Budapeste (via Hungria)<\/h3>\n\n<p><strong>Dist\u00e2ncia:<\/strong> ~200 km | <strong>Dura\u00e7\u00e3o:<\/strong> 2-2,5 horas | <strong>Vinhetas necess\u00e1rias:<\/strong> E-Matrica Eslovaca + <a href=\"https:\/\/vignettego.com\/highway-vignette-europe\/pt-pt\/hungary-highway-vignette-2026-complete-e-matrica-guide-pt-pt\/\">H\u00fangara<\/a><\/p>\n\n<p>Liga\u00e7\u00e3o r\u00e1pida entre as duas capitais atrav\u00e9s da D2 e da M15\/M1 h\u00fangara.<\/p>\n\n<h3 class=\"wp-block-heading\">Bratislava para os Altos Tatras (via D1)<\/h3>\n\n<p><strong>Dist\u00e2ncia:<\/strong> ~330 km | <strong>Dura\u00e7\u00e3o:<\/strong> 4-4,5 horas<\/p>\n\n<p>Nota: A D1 ainda n\u00e3o est\u00e1 totalmente conclu\u00edda, por isso espere alguns tro\u00e7os em estradas normais. Paisagens montanhosas deslumbrantes esperam! <\/p>\n\n<h3 class=\"wp-block-heading\">De Crac\u00f3via a Bratislava (via Pol\u00f3nia-Eslov\u00e1quia)<\/h3>\n\n<p><strong>Dist\u00e2ncia:<\/strong> ~300 km | <strong>Dura\u00e7\u00e3o:<\/strong> 3,5-4 horas | <strong>Vinhetas necess\u00e1rias:<\/strong> Eslovaco (as autoestradas polacas utilizam portagem por km)<\/p>\n\n<p>Pela D3 atrav\u00e9s de \u017dilina, ou pela passagem fronteiri\u00e7a em Trsten\u00e1.<\/p>\n\n<div style=\"height:25px\" aria-hidden=\"true\" class=\"wp-block-spacer\"><\/div>\n\n<div class=\"wp-block-buttons is-content-justification-center is-layout-flex wp-container-core-buttons-is-layout-a89b3969 wp-block-buttons-is-layout-flex\">\n<div class=\"wp-block-button\"><a class=\"wp-block-button__link wp-element-button\" href=\"https:\/\/vignettego.com\/\" style=\"background-color:#ff6600;color:#ffffff;padding:15px 30px;font-size:18px;border-radius:8px;\">\ud83d\uded2 Encomende todas as vinhetas europeias no VignetteGo<\/a><\/div>\n<\/div>\n\n<div style=\"height:25px\" aria-hidden=\"true\" class=\"wp-block-spacer\"><\/div>\n\n<h2 class=\"wp-block-heading\">\u26a0\ufe0f Regras Importantes do E-Znamka<\/h2>\n\n<h3 class=\"wp-block-heading\">Per\u00edodo de validade<\/h3>\n\n<ul class=\"wp-block-list\">\n<li><strong>10 dias:<\/strong> V\u00e1lido por 10 dias consecutivos a partir da data de in\u00edcio selecionada<\/li>\n<li><strong>30 dias:<\/strong> V\u00e1lido por 30 dias consecutivos a partir da data de in\u00edcio selecionada<\/li>\n<li><strong>365 dias:<\/strong> V\u00e1lido por um ano a partir da data de in\u00edcio selecionada<\/li>\n<\/ul>\n\n<h3 class=\"wp-block-heading\">Registo da matr\u00edcula<\/h3>\n\n<p>O E-Znamka est\u00e1 registado com <strong>o n\u00famero exato da matr\u00edcula<\/strong> e <strong>c\u00f3digo do pa\u00eds<\/strong>. Confirma se h\u00e1 erros de digita\u00e7\u00e3o ao comprar! Os erros exigem comprar uma nova vinheta.  <\/p>\n\n<h3 class=\"wp-block-heading\">Multas por Incumprimento<\/h3>\n\n<ul class=\"wp-block-list\">\n<li><strong>Multa padr\u00e3o:<\/strong> EUR 100 a EUR 500<\/li>\n<li><strong>Multa reduzida:<\/strong> Se for pago dentro de 15 dias<\/li>\n<li>Fiscaliza\u00e7\u00e3o atrav\u00e9s de sistemas autom\u00e1ticos de c\u00e2maras (ANPR)<\/li>\n<\/ul>\n\n<h2 class=\"wp-block-heading\">\ud83d\udca1 Dicas de Condu\u00e7\u00e3o na Eslov\u00e1quia para 2026<\/h2>\n\n<h3 class=\"wp-block-heading\">Limites de Velocidade<\/h3>\n\n<ul class=\"wp-block-list\">\n<li><strong>Autoestradas:<\/strong> 130 km\/h<\/li>\n<li><strong>Autoestradas:<\/strong> 130 km\/h<\/li>\n<li><strong>Principais estradas fora das \u00e1reas urbanizadas:<\/strong> 90 km\/h<\/li>\n<li><strong>\u00c1reas urbanas:<\/strong> 50 km\/h<\/li>\n<\/ul>\n\n<h3 class=\"wp-block-heading\">Equipamento Necess\u00e1rio<\/h3>\n\n<ul class=\"wp-block-list\">\n<li>Tri\u00e2ngulo de aviso<\/li>\n<li>Colete refletor<\/li>\n<li>Kit de primeiros socorros<\/li>\n<li><strong>Far\u00f3is:<\/strong> Deve estar ligado o tempo todo enquanto conduz (de dia e de noite)<\/li>\n<li><strong>Equipamento de inverno:<\/strong> De 15 de novembro a 31 de mar\u00e7o, s\u00e3o necess\u00e1rios pneus de inverno quando as condi\u00e7\u00f5es o exigem<\/li>\n<\/ul>\n\n<h3 class=\"wp-block-heading\">Pol\u00edtica de Toler\u00e2ncia Zero para o \u00c1lcool<\/h3>\n\n<p>A Eslov\u00e1quia tem uma pol\u00edtica de <strong>toler\u00e2ncia zero<\/strong> para conduzir sob efeito de \u00e1lcool. O limite de \u00e1lcool no sangue \u00e9 0,0%. As penaliza\u00e7\u00f5es s\u00e3o severas.  <\/p>\n\n<h2 class=\"wp-block-heading\" id=\"faq-section\">\u2753 Perguntas Frequentes<\/h2>\n\n<h3 class=\"wp-block-heading\">A autoestrada D1 est\u00e1 conclu\u00edda?<\/h3>\n\n<p>N\u00e3o, alguns tro\u00e7os da D1 entre \u017dilina e Ko\u0161ice ainda est\u00e3o em constru\u00e7\u00e3o. As aplica\u00e7\u00f5es de navega\u00e7\u00e3o encaminham-no por estradas alternativas quando necess\u00e1rio. <\/p>\n\n<h3 class=\"wp-block-heading\">Preciso de uma vinheta para atravessar da \u00c1ustria para a Hungria via Eslov\u00e1quia?<\/h3>\n\n<p>Sim, se usar as autoestradas eslovacas. A rota de Viena a Budapeste via Bratislava requer um E-Znamka eslovaco para o tro\u00e7o eslovaco. <\/p>\n\n<h3 class=\"wp-block-heading\">E o centro da cidade de Bratislava?<\/h3>\n\n<p>N\u00e3o \u00e9 necess\u00e1ria vinheta para estradas regulares em Bratislava. Apenas os tro\u00e7os de autoestrada (D1, D2, D4) requerem vinheta. <\/p>\n\n<h3 class=\"wp-block-heading\">Posso usar estradas normais para evitar comprar uma vinheta?<\/h3>\n\n<p>Sim, mas aumenta significativamente o tempo de viagem, especialmente para viagens mais longas. Por exemplo, Bratislava a \u017dilina demora 2 horas na D1 contra 3,5+ horas em estradas normais. <\/p>\n\n<div style=\"height:25px\" aria-hidden=\"true\" class=\"wp-block-spacer\"><\/div>\n\n<div class=\"wp-block-buttons is-content-justification-center is-layout-flex wp-container-core-buttons-is-layout-a89b3969 wp-block-buttons-is-layout-flex\">\n<div class=\"wp-block-button\"><a class=\"wp-block-button__link wp-element-button\" href=\"https:\/\/vignettego.com\/\" style=\"background-color:#e91e63;color:#ffffff;padding:15px 30px;font-size:18px;border-radius:8px;\">\ud83d\ude97 Obtenha as suas vinhetas das autoestradas europeias no VignetteGo \u2192<\/a><\/div>\n<\/div>\n\n<div style=\"height:25px\" aria-hidden=\"true\" class=\"wp-block-spacer\"><\/div>\n\n<h2 class=\"wp-block-heading\">\ud83c\udfd4\ufe0f Por que visitar a Eslov\u00e1quia?<\/h2>\n\n<ul class=\"wp-block-list\">\n<li><strong>Tatras Altos:<\/strong> As montanhas altas mais pequenas do mundo \u2014 paisagem alpina espetacular<\/li>\n<li><strong>Bratislava:<\/strong> Capital encantadora com uma cidade antiga animada e uma margem do Dan\u00fabio<\/li>\n<li><strong>Castelo de Spi\u0161:<\/strong> Um dos maiores complexos de castelos da Europa Central (UNESCO)<\/li>\n<li><strong>Igrejas de Madeira:<\/strong> Igrejas \u00fanicas de madeira listadas pela UNESCO no leste da Eslov\u00e1quia<\/li>\n<li><strong>Spas Termais:<\/strong> Excelentes est\u00e2ncias termais como Pie\u0161\u0165any, Tren\u010dianske Teplice<\/li>\n<li><strong>Para\u00edso Eslovaco:<\/strong> Parque nacional deslumbrante com desfiladeiros, cascatas e trilhos via ferrata<\/li>\n<li><strong>Regi\u00e3o Vin\u00edcola:<\/strong> Regi\u00f5es vin\u00edcolas pouco conhecidas, especialmente Tokaj, a leste<\/li>\n<\/ul>\n\n<h2 class=\"wp-block-heading\">\ud83d\udccd Conclus\u00e3o<\/h2>\n\n<p>A Eslov\u00e1quia oferece uma combina\u00e7\u00e3o perfeita de beleza natural, rica hist\u00f3ria e charme da Europa Central. O sistema E-Znamka \u00e9 simples \u2014 compre online antes da viagem e desfrute de uma condu\u00e7\u00e3o sem complica\u00e7\u00f5es nas autoestradas eslovacas. <\/p>\n\n<p>Para viagens de carro por v\u00e1rios pa\u00edses, combine a sua E-Znamka Eslovaca com vinhetas para <a href=\"https:\/\/vignettego.com\/highway-vignette-europe\/pt-pt\/vinheta-da-autoestrada-da-republica-checa-2026-o-guia-definitivo-do-e-znamka\/\">a Rep\u00fablica Checa<\/a>, <a href=\"https:\/\/vignettego.com\/highway-vignette-europe\/pt-pt\/austria-highway-vignette-2026-complete-digitale-vignette-guide-pt-pt\/\">\u00c1ustria<\/a>, <a href=\"https:\/\/vignettego.com\/highway-vignette-europe\/pt-pt\/hungary-highway-vignette-2026-complete-e-matrica-guide-pt-pt\/\">Hungria<\/a> e <a href=\"https:\/\/vignettego.com\/highway-vignette-europe\/pt-pt\/vinheta-da-autoestrada-da-eslovenia-2026-guia-completo-da-e-vinjeta\/\">Eslov\u00e9nia<\/a>. Junte todas as suas vinhetas num s\u00f3 s\u00edtio no <a href=\"https:\/\/vignettego.com\/\" title=\"VignetteGo - Vinhetas de autoestradas europeias\">VignetteGo<\/a>. <\/p>\n\n<p><strong>Desfrute da Eslov\u00e1quia! \ud83c\uddf8\ud83c\uddf0\ud83c\udfd4\ufe0f <\/strong><\/p>\n\n<p><strong>Guias relacionados:<\/strong> <a href=\"https:\/\/vignettego.com\/highway-vignette-europe\/pt-pt\/vinheta-da-autoestrada-da-republica-checa-2026-o-guia-definitivo-do-e-znamka\/\">Checo E-Znamka<\/a> | <a href=\"https:\/\/vignettego.com\/highway-vignette-europe\/pt-pt\/hungary-highway-vignette-2026-complete-e-matrica-guide-pt-pt\/\">Hungria E-Matrica<\/a> | <a href=\"https:\/\/vignettego.com\/\">Todas as Vinhetas Europeias<\/a><\/p>\n","protected":false},"excerpt":{"rendered":"<p>A Eslov\u00e1quia \u00e9 uma joia escondida na Europa Central, oferecendo paisagens montanhosas espetaculares nos Altos Tatras, encantadoras cidades medievais como Bardejov e Levo\u010da, castelos misteriosos e excelentes termas termais. Quer esteja a transitar pela Eslov\u00e1quia para a Pol\u00f3nia, Ucr\u00e2nia ou Hungria, ou a explorar este belo pa\u00eds, vai precisar do E-Znamka eslovaco (vinheta eletr\u00f3nica). Este [&hellip;]<\/p>\n","protected":false},"author":0,"featured_media":0,"parent":0,"menu_order":0,"comment_status":"closed","ping_status":"closed","template":"","meta":{"footnotes":""},"class_list":["post-316","page","type-page","status-publish","hentry"],"_links":{"self":[{"href":"https:\/\/vignettego.com\/highway-vignette-europe\/pt-pt\/wp-json\/wp\/v2\/pages\/316","targetHints":{"allow":["GET"]}}],"collection":[{"href":"https:\/\/vignettego.com\/highway-vignette-europe\/pt-pt\/wp-json\/wp\/v2\/pages"}],"about":[{"href":"https:\/\/vignettego.com\/highway-vignette-europe\/pt-pt\/wp-json\/wp\/v2\/types\/page"}],"replies":[{"embeddable":true,"href":"https:\/\/vignettego.com\/highway-vignette-europe\/pt-pt\/wp-json\/wp\/v2\/comments?post=316"}],"version-history":[{"count":4,"href":"https:\/\/vignettego.com\/highway-vignette-europe\/pt-pt\/wp-json\/wp\/v2\/pages\/316\/revisions"}],"predecessor-version":[{"id":1404,"href":"https:\/\/vignettego.com\/highway-vignette-europe\/pt-pt\/wp-json\/wp\/v2\/pages\/316\/revisions\/1404"}],"wp:attachment":[{"href":"https:\/\/vignettego.com\/highway-vignette-europe\/pt-pt\/wp-json\/wp\/v2\/media?parent=316"}],"curies":[{"name":"wp","href":"https:\/\/api.w.org\/{rel}","templated":true}]}}