{"id":451,"date":"2026-01-04T01:39:43","date_gmt":"2026-01-04T01:39:43","guid":{"rendered":"https:\/\/vignettego.com\/highway-vignette-europe\/rumunska-autostrada-vignette-2026-kompletny-przewodnik-po-roviniecie\/"},"modified":"2026-01-04T12:42:35","modified_gmt":"2026-01-04T12:42:35","slug":"rumunska-autostrada-vignette-2026-kompletny-przewodnik-po-roviniecie","status":"publish","type":"page","link":"https:\/\/vignettego.com\/highway-vignette-europe\/pl\/rumunska-autostrada-vignette-2026-kompletny-przewodnik-po-roviniecie\/","title":{"rendered":"Rumu\u0144ska Autostrada Vignette 2026: Kompletny przewodnik po Roviniecie"},"content":{"rendered":"\n<script type=\"application\/ld+json\">{\n    \"@context\": \"https:\/\/schema.org\",\n    \"@graph\": [\n        {\n            \"@type\": \"Article\",\n            \"@id\": \"https:\/\/vignettego.com\/highway-vignette-europe\/romania-highway-vignette-guide\/#article\",\n            \"headline\": \"Romania Highway Vignette 2026: Complete Rovinieta Guide\",\n            \"description\": \"Everything about Romanian electronic highway vignettes (Rovinieta). Europe most affordable toll system! Learn about pricing, validity, Transylvania routes, and the famous Transf\u0103g\u0103r\u0103\u0219an road.\",\n            \"image\": \"https:\/\/vignettego.com\/highway-vignette-europe\/wp-content\/uploads\/2026\/09\/Highway-Vignette-Europe.jpg\",\n            \"datePublished\": \"2026-01-04\",\n            \"dateModified\": \"2026-01-04\",\n            \"author\": {\"@type\": \"Organization\", \"name\": \"VignetteGo\", \"url\": \"https:\/\/vignettego.com\"},\n            \"publisher\": {\"@type\": \"Organization\", \"name\": \"VignetteGo\"},\n            \"mainEntityOfPage\": {\"@type\": \"WebPage\", \"@id\": \"https:\/\/vignettego.com\/highway-vignette-europe\/romania-highway-vignette-guide\/\"},\n            \"articleSection\": \"Highway Vignettes\",\n            \"keywords\": [\"Romania vignette\", \"Rovinieta\", \"Romania highway toll\", \"Romanian motorway pass\", \"Transylvania road trip\", \"Transfagarasan\"],\n            \"inLanguage\": \"en\",\n            \"speakable\": {\"@type\": \"SpeakableSpecification\", \"cssSelector\": [\".article-intro\", \"#faq-section\"]}\n        },\n        {\n            \"@type\": \"BreadcrumbList\",\n            \"itemListElement\": [\n                {\"@type\": \"ListItem\", \"position\": 1, \"name\": \"VignetteGo\", \"item\": \"https:\/\/vignettego.com\/\"},\n                {\"@type\": \"ListItem\", \"position\": 2, \"name\": \"Highway Vignette Europe\", \"item\": \"https:\/\/vignettego.com\/highway-vignette-europe\/\"},\n                {\"@type\": \"ListItem\", \"position\": 3, \"name\": \"Romania Guide\", \"item\": \"https:\/\/vignettego.com\/highway-vignette-europe\/romania-highway-vignette-guide\/\"}\n            ]\n        },\n        {\n            \"@type\": \"FAQPage\",\n            \"mainEntity\": [\n                {\"@type\": \"Question\", \"name\": \"How much does the Romanian Rovinieta cost?\", \"acceptedAnswer\": {\"@type\": \"Answer\", \"text\": \"The Romanian Rovinieta is Europe cheapest highway vignette! A 7-day vignette costs approximately EUR 3.50, 30-day costs EUR 7, and annual costs just EUR 28.\"}},\n                {\"@type\": \"Question\", \"name\": \"Where can I buy the Romanian Rovinieta?\", \"acceptedAnswer\": {\"@type\": \"Answer\", \"text\": \"You can buy the Rovinieta online at VignetteGo or the official roviniete.ro website, or at gas stations and border crossings in Romania. Online purchase is recommended for convenience.\"}},\n                {\"@type\": \"Question\", \"name\": \"Is the Transf\u0103g\u0103r\u0103\u0219an road toll-free?\", \"acceptedAnswer\": {\"@type\": \"Answer\", \"text\": \"Yes, the Transf\u0103g\u0103r\u0103\u0219an (DN7C) is a national road, not a motorway, so no Rovinieta is needed specifically for it. However, you will likely use toll roads to reach it, so a Rovinieta is still recommended.\"}},\n                {\"@type\": \"Question\", \"name\": \"What are the fines for driving without Rovinieta?\", \"acceptedAnswer\": {\"@type\": \"Answer\", \"text\": \"Fines for driving without a valid Rovinieta range from EUR 50-200 depending on how far you traveled without one. With a 7-day vignette costing just EUR 3.50, there is no reason to risk a fine.\"}},\n                {\"@type\": \"Question\", \"name\": \"Which roads require Rovinieta in Romania?\", \"acceptedAnswer\": {\"@type\": \"Answer\", \"text\": \"The Rovinieta is required on all national roads (DN roads) and motorways (autostrada) in Romania. This includes the A1, A2, A3, A10, and all DN-numbered roads.\"}}\n            ]\n        }\n    ]\n}\n<\/script>\n\n<figure class=\"wp-block-image aligncenter size-large\"><img decoding=\"async\" src=\"https:\/\/vignettego.com\/highway-vignette-europe\/wp-content\/uploads\/2026\/09\/Highway-Vignette-Europe.jpg\" alt=\"Romania Rovinieta 2026 &#x2013; Pe&#x142;ny przewodnik po rumu&#x144;skim systemie winiet autostradowych\" style=\"width:100%; height:auto; margin-bottom:20px;\"\/><\/figure>\n\n<p class=\"article-intro\">Rumunia oferuje jedne z najbardziej spektakularnych europejskich miejsc na wycieczki samochodowe \u2014 od legendarnych zamk\u00f3w w Transylwanii, przez zachwycaj\u0105ce pla\u017ce Morza Czarnego, majestatyczne Karpaty, po unikaln\u0105 delt\u0119 Dunaju. A oto najlepsza wiadomo\u015b\u0107: Rumunia ma <strong>najta\u0144sz\u0105 w Europie autostradow\u0105 winiet\u0119, zwan\u0105<\/strong> <strong>Rovinieta<\/strong>. Za zaledwie kilka euro za tydzie\u0144, zwiedzanie Rumunii samochodem jest niezwykle przyst\u0119pne cenowo. Ten kompleksowy przewodnik obejmuje wszystko, co musisz wiedzie\u0107 o rumu\u0144skich drogach p\u0142atnych w 2026 roku, w tym s\u0142ynn\u0105 Transf\u0103g\u0103r\u0103\u0219an \u2014 jedn\u0105 z najlepszych dr\u00f3g dla kierowc\u00f3w na \u015bwiecie.   <\/p>\n\n<div style=\"height:25px\" aria-hidden=\"true\" class=\"wp-block-spacer\"><\/div>\n\n<div class=\"wp-block-buttons is-content-justification-center is-layout-flex wp-container-core-buttons-is-layout-a89b3969 wp-block-buttons-is-layout-flex\">\n<div class=\"wp-block-button\"><a class=\"wp-block-button__link wp-element-button\" href=\"https:\/\/vignettego.com\/\" style=\"background-color:#0066cc;color:#ffffff;padding:15px 30px;font-size:18px;border-radius:8px;\">\ud83d\ude97 Zam\u00f3w swoj\u0105 rumu\u0144sk\u0105 roviniet\u0119 na VignetteGo<\/a><\/div>\n<\/div>\n\n<div style=\"height:25px\" aria-hidden=\"true\" class=\"wp-block-spacer\"><\/div>\n\n<h2 class=\"wp-block-heading\">\ud83c\uddf7\ud83c\uddf4 Czym jest rumu\u0144ska rovinieta?<\/h2>\n\n<p>Rumunia stosuje <strong>elektroniczny system poboru op\u0142at czasowy<\/strong> zwany <strong>Rovinieta<\/strong> (od rumu\u0144skiego &#8220;road wignette&#8221;). System jest w pe\u0142ni cyfrowy \u2014 Twoja tablica rejestracyjna jest rejestrowana w centralnej bazie danych i weryfikowana przez kamery egzekwacyjne w ca\u0142ym kraju. Nie jest potrzebna fizyczna naklejka; Wszystko jest elektroniczne.  <\/p>\n\n<p>Rovinieta obejmuje wszystkie drogi krajowe (DN &#8211; drum na\u021bional) oraz autostrady (autostrad\u0103) w Rumunii. System jest zarz\u0105dzany przez CNAIR (Compania Na\u021bional\u0103 de Administrare a Infrastructurii Rutiere), a winiety mo\u017cna kupi\u0107 online, co czyni go niezwykle wygodnym dla odwiedzaj\u0105cych. <\/p>\n\n<h2 class=\"wp-block-heading\">\ud83d\udccb Rumu\u0144skie ceny Rovinieta 2026 \ud83d\udcb0 NAJTA\u0143SZE W EUROPIE!<\/h2>\n\n<p>Rumunia oferuje <strong>najta\u0144sze ceny winiet autostradowych w ca\u0142ej Europie<\/strong>. Oto dlaczego Rumunia powinna znale\u017a\u0107 si\u0119 na szczycie ka\u017cdej bud\u017cetowej listy podr\u00f3\u017cy samochodowej: <\/p>\n\n<figure class=\"wp-block-table\"><table><thead><tr><th>Okres wa\u017cno\u015bci<\/th><th>Samochody (do 3,5t)<\/th><th>Motocykle<\/th><\/tr><\/thead><tbody><tr><td><strong>7 dni<\/strong><\/td><td>~3,50 EUR<\/td><td>~1,80 EUR<\/td><\/tr><tr><td><strong>30 dni<\/strong><\/td><td>~7,00 EUR<\/td><td>~3,50 EUR<\/td><\/tr><tr><td><strong>90 dni<\/strong><\/td><td>~EUR 13.00<\/td><td>~EUR 6.50<\/td><\/tr><tr><td><strong>Rocznik<\/strong><\/td><td>~28,00 EUR<\/td><td>~EUR 14.00<\/td><\/tr><\/tbody><\/table><\/figure>\n\n<p><strong>Tak, dobrze przeczyta\u0142e\u015b!<\/strong>  Tydzie\u0144 nieograniczonej jazdy po wszystkich rumu\u0144skich drogach i autostradach za jedyne 3,50 EUR. Por\u00f3wnaj to ze Szwajcari\u0105 (40 EUR za roczn\u0105 winiet\u0119, bez kr\u00f3tszych opcji) lub Austri\u0105 (11,50 EUR za 10 dni), a zobaczysz, dlaczego Rumunia to marzenie dla podr\u00f3\u017cnik\u00f3w samochodowych. <\/p>\n\n<div style=\"height:25px\" aria-hidden=\"true\" class=\"wp-block-spacer\"><\/div>\n\n<div class=\"wp-block-buttons is-content-justification-center is-layout-flex wp-container-core-buttons-is-layout-a89b3969 wp-block-buttons-is-layout-flex\">\n<div class=\"wp-block-button\"><a class=\"wp-block-button__link wp-element-button\" href=\"https:\/\/vignettego.com\/\" style=\"background-color:#28a745;color:#ffffff;padding:15px 30px;font-size:18px;border-radius:8px;\">\u2705 Pobierz swoje europejskie scenki \u2013 wszystkie kraje \u2013 na VignetteGo<\/a><\/div>\n<\/div>\n\n<div style=\"height:25px\" aria-hidden=\"true\" class=\"wp-block-spacer\"><\/div>\n\n<h2 class=\"wp-block-heading\">\ud83d\udee3\ufe0f Rumu\u0144ska Sie\u0107 Dr\u00f3g<\/h2>\n\n<p>Rumunia szybko rozbudowuje swoj\u0105 sie\u0107 autostrad, cho\u0107 znaczna cz\u0119\u015b\u0107 kraju nadal obs\u0142ugiwana jest drogami narodowymi (DN roads). Oto g\u0142\u00f3wne trasy: <\/p>\n\n<h3 class=\"wp-block-heading\">A1 \u2013 Bukareszt do Pite\u0219ti i dalej<\/h3>\n\n<p>Najstarsza rumu\u0144ska autostrada \u0142\u0105cz\u0105ca <strong>Bukareszt z Pite\u0219ti<\/strong> (oko\u0142o 110 km). Przed\u0142u\u017cenia w kierunku Sybinu s\u0105 w toku. Jest to g\u0142\u00f3wna trasa do Transylwanii z Bukaresztu, \u0142\u0105cz\u0105ca si\u0119 z DN7 i DN1 do dalszych podr\u00f3\u017cy.  <\/p>\n\n<h3 class=\"wp-block-heading\">A2 \u2013 Bukareszt do Konstancy (autostrada S\u0142o\u0144ca)<\/h3>\n\n<p><strong>Autostrada Soarelui<\/strong> (Autostrada S\u0142o\u0144ca) \u0142\u0105czy <strong>Bukareszt z Konstancj\u0105<\/strong> i wybrze\u017cem Morza Czarnego. Oko\u0142o 200 km. Jest to g\u0142\u00f3wna trasa wyjazd\u00f3w na pla\u017cy do Mamaia, Konstancy, Vama Ve\u010de i innych nadmorskich kurort\u00f3w.  <\/p>\n\n<h3 class=\"wp-block-heading\">A3 \u2013 Autostrada Transylwania (w budowie)<\/h3>\n\n<p>Po uko\u0144czeniu po\u0142\u0105czy Bukareszt z Bra\u0219ovem, kontynuuj\u0105c przez Transylwani\u0119 a\u017c do granicy z W\u0119grami. Obecnie otwarte s\u0105 kilka odcink\u00f3w, w tym wok\u00f3\u0142 Turdy i Cluj-Napoca. <\/p>\n\n<h3 class=\"wp-block-heading\">A10 \u2013 Sebe\u0219 do Turda<\/h3>\n\n<p>Cz\u0119\u015b\u0107 przysz\u0142ego korytarza Transylwanii, \u0142\u0105cz\u0105cego kluczowe miasta centralnej Rumunii.<\/p>\n\n<h3 class=\"wp-block-heading\">DN1 \u2013 Klasyczna trasa Transylwania<\/h3>\n\n<p>Legendarna <strong>linia DN1 (E60)<\/strong> \u0142\u0105czy Bukareszt z Bra\u0219ovem, kontynuuj\u0105c przez serce Siedmiogrodu do Sybina, Alba Iulia, Klu\u017c-Napoki i dalej do W\u0119gier. Ta historyczna trasa przebiega przez zachwycaj\u0105ce g\u00f3rskie krajobrazy i \u015bredniowieczne miasta. <\/p>\n\n<h2 class=\"wp-block-heading\">\ud83c\udfd4\ufe0f Transf\u0103g\u0103r\u0103\u0219an \u2013 Najlepsza na \u015bwiecie droga do jazdy<\/h2>\n\n<p><strong>Autostrada Transf\u0103g\u0103r\u0103\u0219an (DN7C)<\/strong> zosta\u0142a nazwana przez Top Gear &#8220;najlepsz\u0105 drog\u0105 na \u015bwiecie&#8221;. Ta spektakularna droga g\u00f3rska przecina g\u00f3ry F\u0103g\u0103ra\u0219 na wysoko\u015bci 2 042 metr\u00f3w, oferuj\u0105c efektowne ostre zakr\u0119ty, tunele i zapieraj\u0105ce dech w piersiach widoki. <\/p>\n\n<p><strong>Kluczowe informacje:<\/strong><\/p>\n\n<ul class=\"wp-block-list\">\n<li><strong>D\u0142ugo\u015b\u0107:<\/strong> Oko\u0142o 90 km g\u00f3rskiej drogi<\/li>\n<li><strong>Otwarte:<\/strong> Zazwyczaj od ko\u0144ca czerwca do ko\u0144ca pa\u017adziernika (w zale\u017cno\u015bci od pogody)<\/li>\n<li><strong>Trasa:<\/strong> \u0141\u0105czy Curtea de Arge\u0219 z Sybinem przez g\u00f3ry F\u0103g\u0103ra\u0219<\/li>\n<li><strong>Najwa\u017cniejsze momenty:<\/strong> Jezioro B\u00e2lea (jezioro lodowcowe na szczycie), wodospad B\u00e2lea, osza\u0142amiaj\u0105ce alpejskie krajobrazy<\/li>\n<li><strong>Toll:<\/strong> Sama Transf\u0103g\u0103r\u0103\u0219an jest drog\u0105 krajow\u0105 (DN), wi\u0119c nie ma dodatkowych op\u0142at za Roviniet\u0105<\/li>\n<\/ul>\n\n<p><strong>Porada profesjonalna:<\/strong> Droga jest niezwykle popularna latem. Zacznij wcze\u015bnie rano, aby unikn\u0105\u0107 t\u0142um\u00f3w i cieszy\u0107 si\u0119 najlepszym \u015bwiat\u0142em fotograficznym. <\/p>\n\n<div style=\"height:25px\" aria-hidden=\"true\" class=\"wp-block-spacer\"><\/div>\n\n<div class=\"wp-block-buttons is-content-justification-center is-layout-flex wp-container-core-buttons-is-layout-a89b3969 wp-block-buttons-is-layout-flex\">\n<div class=\"wp-block-button\"><a class=\"wp-block-button__link wp-element-button\" href=\"https:\/\/vignettego.com\/\" style=\"background-color:#ff6600;color:#ffffff;padding:15px 30px;font-size:18px;border-radius:8px;\">\ud83d\uded2 Kup rumu\u0144sk\u0105 Roviniet\u0119 ju\u017c teraz \u2013 tylko 3,50 EUR za 7 dni!<\/a><\/div>\n<\/div>\n\n<div style=\"height:25px\" aria-hidden=\"true\" class=\"wp-block-spacer\"><\/div>\n\n<h2 class=\"wp-block-heading\">\ud83d\udcbb Jak kupi\u0107 rumu\u0144sk\u0105 Roviniet\u0119<\/h2>\n\n<p>Zakup rumu\u0144skiej Roviniety jest prosty:<\/p>\n\n<h3 class=\"wp-block-heading\">Opcja 1: Online przez VignetteGo (zalecane)<\/h3>\n\n<ol class=\"wp-block-list\">\n<li>Odwied\u017a <a href=\"https:\/\/vignettego.com\/\" title=\"Kup rumu&#x144;sk&#x105; Roviniet&#x119; online\">VignetteGo.com<\/a><\/li>\n<li>Wybierz Rumuni\u0119 i wybrany okres wa\u017cno\u015bci<\/li>\n<li>Wprowad\u017a dane rejestracyjne pojazdu (tablicy rejestracyjnej)<\/li>\n<li>Pe\u0142na bezpieczna p\u0142atno\u015b\u0107<\/li>\n<li>Otrzymaj natychmiastowe potwierdzenie \u2014 wa\u017cne natychmiast!<\/li>\n<\/ol>\n\n<h3 class=\"wp-block-heading\">Opcja 2: Oficjalna strona roviniete.ro<\/h3>\n\n<p>Oficjalna strona rumu\u0144skiego urz\u0119du drogowego oferuje bezpo\u015bredni zakup w j\u0119zyku rumu\u0144skim i angielskim.<\/p>\n\n<h3 class=\"wp-block-heading\">Opcja 3: Fizyczne punkty sprzeda\u017cy<\/h3>\n\n<p>Roviniet\u0119 mo\u017cna kupi\u0107 na przej\u015bciach granicznych, stacjach benzynowych (Petrom, OMV, Mol, Rompetrol) oraz na rumu\u0144skich urz\u0119dach pocztowych.<\/p>\n\n<h2 class=\"wp-block-heading\">\u26a0\ufe0f Kary za jazd\u0119 bez Roviniety<\/h2>\n\n<p>Pomimo niezwykle niskich koszt\u00f3w, niekt\u00f3rzy podr\u00f3\u017cni staraj\u0105 si\u0119 unika\u0107 kupowania Roviniety. To b\u0142\u0105d \u2014 grzywny s\u0105 egzekwowane: <\/p>\n\n<ul class=\"wp-block-list\">\n<li><strong>Standardowa kara:<\/strong> 50-200 EUR w zale\u017cno\u015bci od przebytej odleg\u0142o\u015bci<\/li>\n<li><strong>Egzekwowanie prawa:<\/strong> Automatyczne systemy kamer w ca\u0142ym kraju<\/li>\n<\/ul>\n\n<p><strong>Przy tygodniowym karze kosztuj\u0105cym 3,50 EUR w por\u00f3wnaniu do potencjalnej grzywny 200 EUR, wyb\u00f3r jest oczywisty!<\/strong><\/p>\n\n<h2 class=\"wp-block-heading\">\ud83d\uddfa\ufe0f Popularne rumu\u0144skie trasy podr\u00f3\u017cy samochodowe<\/h2>\n\n<h3 class=\"wp-block-heading\">Bukareszt do Bra\u0219ova (Brama do Transylwanii)<\/h3>\n\n<p><strong>Odleg\u0142o\u015b\u0107:<\/strong> ~170 km | <strong>Czas trwania:<\/strong> 2,5-3 godziny | <strong>Trasa:<\/strong> DN1 lub A3 (gdzie dost\u0119pne)<\/p>\n\n<p>Klasyczna trasa do Transylwanii. Bra\u0219ov to zachwycaj\u0105ce \u015bredniowieczne miasto otoczone g\u00f3rami, idealne jako baza do zwiedzania zamk\u00f3w (Bran, Pele\u0219) i Karpat. <\/p>\n\n<h3 class=\"wp-block-heading\">Bukareszt do Konstancji (Morze Czarne)<\/h3>\n\n<p><strong>Odleg\u0142o\u015b\u0107:<\/strong> ~225 km | <strong>Czas trwania:<\/strong> 2,5 godziny | <strong>Trasa:<\/strong> A2 (Sun Motorway)<\/p>\n\n<p>Jed\u017a na wybrze\u017ce Morza Czarnego najnowsz\u0105 autostrad\u0105 Rumunii. Konstanca to staro\u017cytne miasto portowe; w pobli\u017cu Mamaia znajduje si\u0119 najlepszy w kraju kurort nadmorski. <\/p>\n\n<h3 class=\"wp-block-heading\">Tor zamkowy Transylvania<\/h3>\n\n<p><strong>Trasa:<\/strong> Zamek Bra\u0219ov \u2192 Bran \u2192 R\u00e2\u0219nov \u2192 zamek Pele\u0219 (Sinaia) \u2192 powr\u00f3t do Bra\u0219ova<\/p>\n\n<p>Odwied\u017a s\u0142ynny zamek Drakuli (Bran), osza\u0142amiaj\u0105cy zamek Pele\u0219 oraz \u015bredniowieczn\u0105 twierdz\u0119 R\u00e2\u0219nov \u2014 wszystko to podczas jednodniowej wycieczki z Bra\u0219ova.<\/p>\n\n<h3 class=\"wp-block-heading\">Pe\u0142na trasa Transylvania Tour<\/h3>\n\n<p><strong>Trasa:<\/strong> Bukareszt \u2192 Bra\u0219ov \u2192 Sighi\u0219oara \u2192 Sybin \u2192 Transf\u0103g\u0103r\u0103\u0219an \u2192 Bukareszcie<\/p>\n\n<p>5-7 dni obejmuj\u0105ca najlepsze zak\u0105tki Transylwanii: \u015bredniowieczne miasta, g\u00f3rskie krajobrazy oraz legendarn\u0105 drog\u0119 Transf\u0103g\u0103r\u0103\u0219an.<\/p>\n\n<div style=\"height:25px\" aria-hidden=\"true\" class=\"wp-block-spacer\"><\/div>\n\n<div class=\"wp-block-buttons is-content-justification-center is-layout-flex wp-container-core-buttons-is-layout-a89b3969 wp-block-buttons-is-layout-flex\">\n<div class=\"wp-block-button\"><a class=\"wp-block-button__link wp-element-button\" href=\"https:\/\/vignettego.com\/\" style=\"background-color:#9c27b0;color:#ffffff;padding:15px 30px;font-size:18px;border-radius:8px;\">\ud83c\udf0d Zaplanuj swoj\u0105 rumu\u0144sk\u0105 przygod\u0119 z VignetteGo<\/a><\/div>\n<\/div>\n\n<div style=\"height:25px\" aria-hidden=\"true\" class=\"wp-block-spacer\"><\/div>\n\n<h2 class=\"wp-block-heading\">\ud83d\udca1 Porady dotycz\u0105ce jazdy w Rumunii na 2026 rok<\/h2>\n\n<h3 class=\"wp-block-heading\">Waluta<\/h3>\n\n<p>Rumunia u\u017cywa <strong>rumu\u0144skiego lewa (RON),<\/strong> ale <strong>euro jest powszechnie akceptowane<\/strong> na stacjach benzynowych, w hotelach i w rejonach turystycznych. Karty kredytowe s\u0105 akceptowane niemal wsz\u0119dzie w miastach. Kurs wymiany: oko\u0142o 1 EUR = 5 RON.  <\/p>\n\n<h3 class=\"wp-block-heading\">Ograniczenia pr\u0119dko\u015bci<\/h3>\n\n<ul class=\"wp-block-list\">\n<li><strong>Autostrady:<\/strong> 130 km\/h<\/li>\n<li><strong>Drogi krajowe (poza miastami):<\/strong> 90-100 km\/h<\/li>\n<li><strong>Obszary miejskie:<\/strong> 50 km\/h<\/li>\n<\/ul>\n\n<h3 class=\"wp-block-heading\">Stan drogi<\/h3>\n\n<p>Autostrady s\u0105 doskona\u0142e. Drogi krajowe r\u00f3\u017cni\u0105 si\u0119 od dobrych po nier\u00f3wne, zw\u0142aszcza na obszarach wiejskich. Drogi g\u00f3rskie mog\u0105 by\u0107 wymagaj\u0105ce \u2014 jed\u017a ostro\u017cnie i szanuj warunki pogodowe.  <\/p>\n\n<h3 class=\"wp-block-heading\">Paliwo<\/h3>\n\n<p>Paliwo jest ta\u0144sze ni\u017c w Europie Zachodniej. G\u0142\u00f3wne sieci to Petrom, OMV, Mol, Rompetrol i Lukoil. <\/p>\n\n<h2 class=\"wp-block-heading\" id=\"faq-section\">\u2753 Najcz\u0119\u015bciej zadawane pytania<\/h2>\n\n<h3 class=\"wp-block-heading\">Czy rumu\u0144ska Rovinieta naprawd\u0119 jest a\u017c tak tania?<\/h3>\n\n<p>Tak! Rumunia ma najta\u0144sze op\u0142aty drogowe w Europie, kosztuj\u0105c oko\u0142o 3,50 EUR za 7 dni. Nawet roczna op\u0142ata (28 EUR) kosztuje mniej ni\u017c opcje kr\u00f3tkoterminowe w wielu krajach.  <\/p>\n\n<h3 class=\"wp-block-heading\">Kiedy mog\u0119 prowadzi\u0107 Transf\u0103g\u0103r\u0103\u0219an?<\/h3>\n\n<p>Zazwyczaj od ko\u0144ca czerwca do ko\u0144ca pa\u017adziernika, w zale\u017cno\u015bci od pogody. Wysoki odcinek (powy\u017cej 1800 m) jest zim\u0105 zamkni\u0119ty z powodu \u015bniegu. Sprawd\u017a aktualny status przed planowaniem.  <\/p>\n\n<h3 class=\"wp-block-heading\">Czy mog\u0119 u\u017cy\u0107 rumu\u0144skiej winiety w Mo\u0142dawii?<\/h3>\n\n<p>Nie, potrzebujesz osobnej <a href=\"https:\/\/vignettego.com\/highway-vignette-europe\/pl\/moldova-road-vignette-2026-kompletny-przewodnik-po-viniecie\/\">mo\u0142dawskiej viniety<\/a> dla Mo\u0142dawii. Kup oba na <a href=\"https:\/\/vignettego.com\/\" title=\"Europejskie scenki\">VignetteGo<\/a>. <\/p>\n\n<div style=\"height:25px\" aria-hidden=\"true\" class=\"wp-block-spacer\"><\/div>\n\n<div class=\"wp-block-buttons is-content-justification-center is-layout-flex wp-container-core-buttons-is-layout-a89b3969 wp-block-buttons-is-layout-flex\">\n<div class=\"wp-block-button\"><a class=\"wp-block-button__link wp-element-button\" href=\"https:\/\/vignettego.com\/\" style=\"background-color:#e91e63;color:#ffffff;padding:15px 30px;font-size:18px;border-radius:8px;\">\ud83d\ude97 Zdob\u0105d\u017a swoje europejskie winiety autostradne w VignetteGo \u2192<\/a><\/div>\n<\/div>\n\n<div style=\"height:25px\" aria-hidden=\"true\" class=\"wp-block-spacer\"><\/div>\n\n<h2 class=\"wp-block-heading\">\ud83c\udff0 Dlaczego odwiedzi\u0107 Rumuni\u0119?<\/h2>\n\n<ul class=\"wp-block-list\">\n<li><strong>Transylwania:<\/strong> \u015aredniowieczne miasta, zamki i g\u00f3rskie krajobrazy<\/li>\n<li><strong>Transf\u0103g\u0103r\u0103\u0219an:<\/strong> Jedna z najlepszych dr\u00f3g na \u015bwiecie<\/li>\n<li><strong>Wybrze\u017ce Morza Czarnego:<\/strong> Pi\u0119kne pla\u017ce i staro\u017cytne miasta<\/li>\n<li><strong>Delta Dunaju:<\/strong> Rezerwat biosfery UNESCO, niesamowita obserwacja ptak\u00f3w<\/li>\n<li><strong>Przyst\u0119pne cenowo:<\/strong> \u015awietna warto\u015b\u0107 za zakwaterowanie, jedzenie i podr\u00f3\u017ce<\/li>\n<li><strong>Bogata kultura:<\/strong> Fascynuj\u0105ce po\u0142\u0105czenie wp\u0142yw\u00f3w \u0142aci\u0144skich, s\u0142owia\u0144skich i osma\u0144skich<\/li>\n<\/ul>\n\n<h2 class=\"wp-block-heading\">\ud83d\udccd Podsumowanie<\/h2>\n\n<p>Rumunia oferuje niesamowite warto\u015bci na wycieczki samochodowe \u2014 od najta\u0144szych op\u0142at drogowych w Europie po zachwycaj\u0105ce krajobrazy i bogat\u0105 kultur\u0119. Niezale\u017cnie od tego, czy \u015bcigasz legendy o Drakuli w Transylwanii, podbijasz Transf\u0103g\u0103r\u0103\u0219an, czy relaksujesz si\u0119 na pla\u017cach Morza Czarnego, Rumunia oferuje niezapomniane do\u015bwiadczenia. <\/p>\n\n<p>Odebierz swoj\u0105 Roviniet\u0119 w <a href=\"https:\/\/vignettego.com\/\" title=\"VignetteGo - europejskie winiety autostradne\">VignetteGo<\/a> \u2014 zajmuje kilka minut i kosztuje mniej ni\u017c kawa!<\/p>\n\n<p><strong>Mi\u0142ego ogl\u0105dania Rumunii! \ud83c\uddf7\ud83c\uddf4\ud83c\udfd4\ufe0f <\/strong><\/p>\n\n<p><strong>Powi\u0105zane przewodniki:<\/strong> <a href=\"https:\/\/vignettego.com\/highway-vignette-europe\/pl\/hungary-highway-vignette-2026-complete-e-matrica-guide-pl\/\">W\u0119gry E-Matrica<\/a> | <a href=\"https:\/\/vignettego.com\/highway-vignette-europe\/pl\/vignette-na-autostradzie-bulgarii-2026-kompletny-przewodnik-po-e-vignetcie\/\">Bu\u0142garska E-Vignette<\/a> | <a href=\"https:\/\/vignettego.com\/highway-vignette-europe\/pl\/moldova-road-vignette-2026-kompletny-przewodnik-po-viniecie\/\">Mo\u0142dawia Vinieta<\/a> | <a href=\"https:\/\/vignettego.com\/\">Wszystkie europejskie scenki<\/a><\/p>\n","protected":false},"excerpt":{"rendered":"<p>Rumunia oferuje jedne z najbardziej spektakularnych europejskich miejsc na wycieczki samochodowe \u2014 od legendarnych zamk\u00f3w w Transylwanii, przez zachwycaj\u0105ce pla\u017ce Morza Czarnego, majestatyczne Karpaty, po unikaln\u0105 delt\u0119 Dunaju. A oto najlepsza wiadomo\u015b\u0107: Rumunia ma najta\u0144sz\u0105 w Europie autostradow\u0105 winiet\u0119, zwan\u0105 Rovinieta. Za zaledwie kilka euro za tydzie\u0144, zwiedzanie Rumunii samochodem jest niezwykle przyst\u0119pne cenowo. Ten [&hellip;]<\/p>\n","protected":false},"author":0,"featured_media":0,"parent":0,"menu_order":0,"comment_status":"closed","ping_status":"closed","template":"","meta":{"footnotes":""},"class_list":["post-451","page","type-page","status-publish","hentry"],"_links":{"self":[{"href":"https:\/\/vignettego.com\/highway-vignette-europe\/pl\/wp-json\/wp\/v2\/pages\/451","targetHints":{"allow":["GET"]}}],"collection":[{"href":"https:\/\/vignettego.com\/highway-vignette-europe\/pl\/wp-json\/wp\/v2\/pages"}],"about":[{"href":"https:\/\/vignettego.com\/highway-vignette-europe\/pl\/wp-json\/wp\/v2\/types\/page"}],"replies":[{"embeddable":true,"href":"https:\/\/vignettego.com\/highway-vignette-europe\/pl\/wp-json\/wp\/v2\/comments?post=451"}],"version-history":[{"count":4,"href":"https:\/\/vignettego.com\/highway-vignette-europe\/pl\/wp-json\/wp\/v2\/pages\/451\/revisions"}],"predecessor-version":[{"id":1374,"href":"https:\/\/vignettego.com\/highway-vignette-europe\/pl\/wp-json\/wp\/v2\/pages\/451\/revisions\/1374"}],"wp:attachment":[{"href":"https:\/\/vignettego.com\/highway-vignette-europe\/pl\/wp-json\/wp\/v2\/media?parent=451"}],"curies":[{"name":"wp","href":"https:\/\/api.w.org\/{rel}","templated":true}]}}