{"id":430,"date":"2026-01-04T01:38:57","date_gmt":"2026-01-04T01:38:57","guid":{"rendered":"https:\/\/vignettego.com\/highway-vignette-europe\/chorwacka-sciezka-autostradowa-2026-kompletny-przewodnik-enc-i-cyfrowy-przewodnik-po-oplatach\/"},"modified":"2026-01-04T12:44:06","modified_gmt":"2026-01-04T12:44:06","slug":"chorwacka-sciezka-autostradowa-2026-kompletny-przewodnik-enc-i-cyfrowy-przewodnik-po-oplatach","status":"publish","type":"page","link":"https:\/\/vignettego.com\/highway-vignette-europe\/pl\/chorwacka-sciezka-autostradowa-2026-kompletny-przewodnik-enc-i-cyfrowy-przewodnik-po-oplatach\/","title":{"rendered":"Chorwacka \u015acie\u017cka Autostradowa 2026: Kompletny przewodnik ENC i cyfrowy przewodnik po op\u0142atach"},"content":{"rendered":"\n<script type=\"application\/ld+json\">{\n    \"@context\": \"https:\/\/schema.org\",\n    \"@graph\": [\n        {\n            \"@type\": \"Article\",\n            \"@id\": \"https:\/\/vignettego.com\/highway-vignette-europe\/croatia-highway-vignette-guide\/#article\",\n            \"headline\": \"Croatia Highway Vignette 2026: Complete ENC & Digital Toll Guide\",\n            \"description\": \"Everything about Croatian highway tolls, ENC electronic system, and digital vignette options. Learn about toll prices, the stunning A1 coastal motorway, and how to reach Dubrovnik, Split, and other destinations.\",\n            \"image\": \"https:\/\/vignettego.com\/highway-vignette-europe\/wp-content\/uploads\/2026\/09\/Highway-Vignette-Europe.jpg\",\n            \"datePublished\": \"2026-01-04\",\n            \"dateModified\": \"2026-01-04\",\n            \"author\": {\"@type\": \"Organization\", \"name\": \"VignetteGo\", \"url\": \"https:\/\/vignettego.com\"},\n            \"publisher\": {\"@type\": \"Organization\", \"name\": \"VignetteGo\"},\n            \"mainEntityOfPage\": {\"@type\": \"WebPage\", \"@id\": \"https:\/\/vignettego.com\/highway-vignette-europe\/croatia-highway-vignette-guide\/\"},\n            \"articleSection\": \"Highway Vignettes\",\n            \"keywords\": [\"Croatia toll\", \"Croatia highway\", \"ENC Croatia\", \"Croatian motorway\", \"A1 Croatia\", \"Dubrovnik road trip\", \"Split highway\"],\n            \"inLanguage\": \"en\",\n            \"speakable\": {\"@type\": \"SpeakableSpecification\", \"cssSelector\": [\".article-intro\", \"#faq-section\"]}\n        },\n        {\n            \"@type\": \"BreadcrumbList\",\n            \"itemListElement\": [\n                {\"@type\": \"ListItem\", \"position\": 1, \"name\": \"VignetteGo\", \"item\": \"https:\/\/vignettego.com\/\"},\n                {\"@type\": \"ListItem\", \"position\": 2, \"name\": \"Highway Vignette Europe\", \"item\": \"https:\/\/vignettego.com\/highway-vignette-europe\/\"},\n                {\"@type\": \"ListItem\", \"position\": 3, \"name\": \"Croatia Guide\", \"item\": \"https:\/\/vignettego.com\/highway-vignette-europe\/croatia-highway-vignette-guide\/\"}\n            ]\n        },\n        {\n            \"@type\": \"FAQPage\",\n            \"mainEntity\": [\n                {\"@type\": \"Question\", \"name\": \"Does Croatia use vignettes or toll booths?\", \"acceptedAnswer\": {\"@type\": \"Answer\", \"text\": \"Croatia traditionally uses a distance-based toll system with toll booths, but now also offers digital vignette options (E-Vinjeta) for certain sections. Many visitors use a combination of both or the ENC electronic device.\"}},\n                {\"@type\": \"Question\", \"name\": \"How much does the Croatian motorway toll cost?\", \"acceptedAnswer\": {\"@type\": \"Answer\", \"text\": \"Croatian tolls are distance-based. Zagreb to Split costs approximately EUR 25, Zagreb to Rijeka about EUR 8, and Split to Dubrovnik around EUR 12. The A1 motorway to the coast is the main toll route.\"}},\n                {\"@type\": \"Question\", \"name\": \"What is the ENC system in Croatia?\", \"acceptedAnswer\": {\"@type\": \"Answer\", \"text\": \"ENC (Elektroni\u010dka Naplata Cestarine) is Croatia electronic toll collection device. It provides faster passage through dedicated ENC lanes and often offers discounts. Available at toll plazas and service areas.\"}},\n                {\"@type\": \"Question\", \"name\": \"Can I pay Croatian tolls with credit card?\", \"acceptedAnswer\": {\"@type\": \"Answer\", \"text\": \"Yes, credit and debit cards are accepted at Croatian toll booths. Cash payment in EUR is also widely accepted since Croatia adopted the Euro in January 2023.\"}},\n                {\"@type\": \"Question\", \"name\": \"Is there a digital vignette for Croatia?\", \"acceptedAnswer\": {\"@type\": \"Answer\", \"text\": \"Yes, Croatia now offers E-Vinjeta (electronic vignettes) for certain motorway sections, providing an alternative to traditional toll booth payment. These can be purchased online.\"}}\n            ]\n        }\n    ]\n}\n<\/script>\n\n<figure class=\"wp-block-image aligncenter size-large\"><img decoding=\"async\" src=\"https:\/\/vignettego.com\/highway-vignette-europe\/wp-content\/uploads\/2026\/09\/Highway-Vignette-Europe.jpg\" alt=\"Chorwackie op&#x142;aty drogowe 2026 &#x2013; Pe&#x142;ny przewodnik po chorwackim systemie poboru op&#x142;at autostradowych\" style=\"width:100%; height:auto; margin-bottom:20px;\"\/><\/figure>\n\n<p class=\"article-intro\">Chorwacja to jedno z najpopularniejszych letnich miejsc w Europie, s\u0142yn\u0105ce z zachwycaj\u0105cego wybrze\u017ca Adriatyku, krystalicznie czystych w\u00f3d, historycznych miast takich jak Dubrownik i Split oraz pi\u0119knych wysp. Podr\u00f3\u017c do Chorwacji otwiera niesamowite mo\u017cliwo\u015bci \u2014 od staro\u017cytnych mur\u00f3w Dubrownika, przez pla\u017ce imprezowe w Zr\u0107e, wodospady jezior Plitwickich po urokliw\u0105 Istri\u0119. Ten przewodnik wyja\u015bnia wszystko o chorwackim systemie op\u0142at drogowych w 2026 roku, w tym <strong>elektroniczny system ENC<\/strong>, <strong>opcje cyfrowych winiet<\/strong> oraz praktyczne wskaz\u00f3wki na chorwack\u0105 podr\u00f3\u017c samochodow\u0105.  <\/p>\n\n<div style=\"height:25px\" aria-hidden=\"true\" class=\"wp-block-spacer\"><\/div>\n\n<div class=\"wp-block-buttons is-content-justification-center is-layout-flex wp-container-core-buttons-is-layout-a89b3969 wp-block-buttons-is-layout-flex\">\n<div class=\"wp-block-button\"><a class=\"wp-block-button__link wp-element-button\" href=\"https:\/\/vignettego.com\/\" style=\"background-color:#0066cc;color:#ffffff;padding:15px 30px;font-size:18px;border-radius:8px;\">\ud83d\ude97 Pobierz swoj\u0105 chorwack\u0105 cyfrow\u0105 winiet\u0119 na VignetteGo<\/a><\/div>\n<\/div>\n\n<div style=\"height:25px\" aria-hidden=\"true\" class=\"wp-block-spacer\"><\/div>\n\n<h2 class=\"wp-block-heading\">\ud83c\udded\ud83c\uddf7 Wyja\u015bnienie chorwackiego systemu poboru op\u0142at<\/h2>\n\n<p>W przeciwie\u0144stwie do wi\u0119kszo\u015bci kraj\u00f3w Europy \u015arodkowej, kt\u00f3re stosuj\u0105 winiety oparte na czasie, Chorwacja tradycyjnie stosuje <strong>system poboru op\u0142at na podstawie odleg\u0142o\u015bci<\/strong> z fizycznymi punktami poboru op\u0142at. Bierzesz mandat przy wje\u017adzie na autostrad\u0119 i p\u0142acisz na podstawie przebytej odleg\u0142o\u015bci na wyje\u017adzie. Jednak Chorwacja oferuje teraz <strong>tak\u017ce cyfrowe opcje winiet (E-Vinjeta)<\/strong> dla wybranych odcink\u00f3w autostrady, co daje podr\u00f3\u017cnym wi\u0119ksz\u0105 elastyczno\u015b\u0107.  <\/p>\n\n<p>Chorwack\u0105 sieci\u0105 autostrad zarz\u0105dzaj\u0105 <strong>HAC (Hrvatske Autoceste)<\/strong> oraz <strong>AZM (Autocesta Zagrzeb-Macelj).<\/strong> Od stycznia 2023 roku Chorwacja przyj\u0119\u0142a <strong>euro (EUR)<\/strong> jako swoj\u0105 walut\u0119, co u\u0142atwia p\u0142atno\u015bci odwiedzaj\u0105cym UE. <\/p>\n\n<h2 class=\"wp-block-heading\">\ud83d\udccb Opcje p\u0142atno\u015bci op\u0142at za Chorwacki<\/h2>\n\n<h3 class=\"wp-block-heading\">Opcja 1: Tradycyjne punkty poboru op\u0142at (najcz\u0119stsze)<\/h3>\n\n<p>We\u017a bilet przy wej\u015bciu, p\u0142a\u0107 przy wyj\u015bciu. Akceptacja p\u0142atno\u015bci: <\/p>\n\n<ul class=\"wp-block-list\">\n<li><strong>Got\u00f3wka:<\/strong> EUR (nie potrzeba ju\u017c chorwackich kun)<\/li>\n<li><strong>Karty kredytowe\/debetowe:<\/strong> Visa, Mastercard powszechnie akceptowane<\/li>\n<li><strong>Urz\u0105dzenie ENC:<\/strong> P\u0142atno\u015bci elektroniczne (patrz ni\u017cej)<\/li>\n<\/ul>\n\n<h3 class=\"wp-block-heading\">Opcja 2: Urz\u0105dzenie elektroniczne ENC<\/h3>\n\n<p><strong>ENC (Elektroni\u010dka Naplata Cestarine)<\/strong> to chorwacki elektroniczny system poboru op\u0142at. Korzy\u015bci: <\/p>\n\n<ul class=\"wp-block-list\">\n<li>Szybsze przej\u015bcie przez dedykowane pasy ENC<\/li>\n<li>Potencjalne zni\u017cki na op\u0142aty za przejazd<\/li>\n<li>Nie ma potrzeby zatrzymywa\u0107 si\u0119 przy punktach poboru op\u0142at<\/li>\n<li>Dost\u0119pne do zakupu na punktach poboru op\u0142at i w strefach obs\u0142ugi<\/li>\n<\/ul>\n\n<p>Urz\u0105dzenie ENC kosztuje niewielk\u0105 kaucj\u0119 i mo\u017cna je do\u0142adowa\u0107 kredytem. Dla cz\u0119stych go\u015bci jest gor\u0105co polecana. <\/p>\n\n<h3 class=\"wp-block-heading\">Opcja 3: Cyfrowa winieta (E-Vinjeta)<\/h3>\n\n<p>Chorwacja oferuje <strong>teraz E-Vinjeta<\/strong> (elektroniczne winiety) na wybranych odcinkach autostrady, pozwalaj\u0105c ca\u0142kowicie omin\u0105\u0107 punkty poboru op\u0142at. Dost\u0119pne na <a href=\"https:\/\/vignettego.com\/\" title=\"Chorwacka cyfrowa winieta\">VignetteGo<\/a>. <\/p>\n\n<div style=\"height:25px\" aria-hidden=\"true\" class=\"wp-block-spacer\"><\/div>\n\n<div class=\"wp-block-buttons is-content-justification-center is-layout-flex wp-container-core-buttons-is-layout-a89b3969 wp-block-buttons-is-layout-flex\">\n<div class=\"wp-block-button\"><a class=\"wp-block-button__link wp-element-button\" href=\"https:\/\/vignettego.com\/\" style=\"background-color:#28a745;color:#ffffff;padding:15px 30px;font-size:18px;border-radius:8px;\">\u2705 Otrzymuj europejskie scenki \u2013 wszystkie kraje \u2013 na VignetteGo<\/a><\/div>\n<\/div>\n\n<div style=\"height:25px\" aria-hidden=\"true\" class=\"wp-block-spacer\"><\/div>\n\n<h2 class=\"wp-block-heading\">\ud83d\udcb0 Ceny op\u0142at za autostrady w Chorwacji 2026<\/h2>\n\n<p>Chorwackie op\u0142aty s\u0105 oparte na odleg\u0142o\u015bci, wi\u0119c koszt zale\u017cy od trasy. Oto przybli\u017cone ceny dla tras powszechnych (Kategoria I \u2013 samochody regularne): <\/p>\n\n<figure class=\"wp-block-table\"><table><thead><tr><th>Trasa<\/th><th>Dystans<\/th><th>Oko\u0142o op\u0142aty <\/th><\/tr><\/thead><tbody><tr><td><strong>Zagrzeb \u2013 Split<\/strong><\/td><td>~400 km<\/td><td>~25 EUR<\/td><\/tr><tr><td><strong>Zagrzeb \u2013 Rijeka<\/strong><\/td><td>~170 km<\/td><td>~8 EUR<\/td><\/tr><tr><td><strong>Zagrzeb \u2013 Zadar<\/strong><\/td><td>~280 km<\/td><td>~17 EUR<\/td><\/tr><tr><td><strong>Split \u2013 Dubrownik<\/strong><\/td><td>~220 km<\/td><td>~12 EUR<\/td><\/tr><tr><td><strong>Zagrzeb \u2013 Dubrownik<\/strong><\/td><td>~600 km<\/td><td>~35 EUR<\/td><\/tr><tr><td><strong>Lublana \u2013 Zagrzeb<\/strong><\/td><td>~140 km<\/td><td>~7 EUR<\/td><\/tr><\/tbody><\/table><\/figure>\n\n<p><strong>Uwaga:<\/strong> Ceny s\u0105 wymowne. Rzeczywiste op\u0142aty mog\u0105 si\u0119 nieznacznie r\u00f3\u017cni\u0107 w zale\u017cno\u015bci od konkretnych punkt\u00f3w wej\u015bcia\/wyjazdu oraz kategorii pojazdu. <\/p>\n\n<h2 class=\"wp-block-heading\">\ud83d\udee3\ufe0f Chorwacka Sie\u0107 Autostrad<\/h2>\n\n<p>Chorwacja posiada doskona\u0142\u0105 sie\u0107 autostrad \u0142\u0105cz\u0105c\u0105 g\u0142\u00f3wne miasta i wybrze\u017ce. Oto g\u0142\u00f3wne trasy: <\/p>\n\n<h3 class=\"wp-block-heading\">A1 \u2013 Dalmaty\u0144ska Autostrada<\/h3>\n\n<p>Najwa\u017cniejsza trasa turystyczna \u0142\u0105czy <strong>Zagrzeb ze Splitem i prowadzi dalej w kierunku Dubrownika<\/strong>. Ta osza\u0142amiaj\u0105ca autostrada biegnie r\u00f3wnolegle do wybrze\u017ca Adriatyku, zapewniaj\u0105c dost\u0119p do wszystkich g\u0142\u00f3wnych przybrze\u017cnych miejsc. Ca\u0142kowita d\u0142ugo\u015b\u0107: oko\u0142o 550 km. Posiada kilka imponuj\u0105cych most\u00f3w i tuneli przez Alpy Dynarskie.   <\/p>\n\n<h3 class=\"wp-block-heading\">A2 \u2013 Zagrzeb do Macelj (granica ze S\u0142oweni\u0105)<\/h3>\n\n<p>\u0141\u0105czy Zagrzeb ze S\u0142oweni\u0105, kontynuuj\u0105c tras\u0119 do Lublany i dalej. G\u0142\u00f3wna trasa dla podr\u00f3\u017cnych przybywaj\u0105cych z Europy \u015arodkowej. D\u0142ugo\u015b\u0107: oko\u0142o 60 km w Chorwacji.  <\/p>\n\n<h3 class=\"wp-block-heading\">A3 \u2013 Bregana do Lipovac<\/h3>\n\n<p>Trasa wsch\u00f3d-zach\u00f3d \u0142\u0105cz\u0105ca granic\u0119 s\u0142owe\u0144sk\u0105 (Bregana) przez Zagrzeb z granic\u0105 serbsk\u0105 (Lipovac). Cz\u0119\u015b\u0107 europejskiego korytarza E70. D\u0142ugo\u015b\u0107: oko\u0142o 300 km.  <\/p>\n\n<h3 class=\"wp-block-heading\">A4 \u2013 Zagrzeb do Gori\u010dan (granica z W\u0119grami)<\/h3>\n\n<p>\u0141\u0105czy Zagrzeb z W\u0119grami, g\u0142\u00f3wn\u0105 tras\u0105 dla podr\u00f3\u017cnych przybywaj\u0105cych z Budapesztu. D\u0142ugo\u015b\u0107: oko\u0142o 97 km. <\/p>\n\n<h3 class=\"wp-block-heading\">A6 \u2013 Obwodnica Rijeki<\/h3>\n\n<p>\u0141\u0105czy A1 w Bosiljevo z Rijek\u0105 i p\u00f3\u0142wyspem Istrijszym. Niezb\u0119dny do dotarcia do Istrii z Zagrzebia. <\/p>\n\n<h3 class=\"wp-block-heading\">A7\/A8\/A9 \u2013 Istria\u0144skie Y<\/h3>\n\n<p>Sie\u0107 autostrad obs\u0142uguj\u0105cych p\u00f3\u0142wysep Istrijski, \u0142\u0105cz\u0105c Rijek\u0119 z Pul\u0105 i innymi miejscowo\u015bciami istryjskimi. Zazwyczaj ruch jest mniejszy ni\u017c na A1. <\/p>\n\n<div style=\"height:25px\" aria-hidden=\"true\" class=\"wp-block-spacer\"><\/div>\n\n<div class=\"wp-block-buttons is-content-justification-center is-layout-flex wp-container-core-buttons-is-layout-a89b3969 wp-block-buttons-is-layout-flex\">\n<div class=\"wp-block-button\"><a class=\"wp-block-button__link wp-element-button\" href=\"https:\/\/vignettego.com\/\" style=\"background-color:#ff6600;color:#ffffff;padding:15px 30px;font-size:18px;border-radius:8px;\">\ud83d\uded2 Pobierz swoje europejskie scenki ju\u017c teraz na VignetteGo<\/a><\/div>\n<\/div>\n\n<div style=\"height:25px\" aria-hidden=\"true\" class=\"wp-block-spacer\"><\/div>\n\n<h2 class=\"wp-block-heading\">\ud83d\uddfa\ufe0f Popularne chorwackie trasy podr\u00f3\u017cy samochodowe<\/h2>\n\n<h3 class=\"wp-block-heading\">Zagrzebij do Splitu (autostrada A1 Dalmaty\u0144skiej)<\/h3>\n\n<p><strong>Odleg\u0142o\u015b\u0107:<\/strong> ~400 km | <strong>Czas trwania:<\/strong> 4-4,5 godziny | <strong>Op\u0142ata:<\/strong> ~EUR 25<\/p>\n\n<p>Klasyczna chorwacka trasa podr\u00f3\u017cy samochodem. A1 to nowoczesna, dobrze utrzymana autostrada z doskona\u0142ymi obszarami serwisowymi. Rozwa\u017c przystanek w Parku Narodowym Jezior Plitwickich (zjazd z Gornja Plo\u010da) \u2014 jednej z najpi\u0119kniejszych atrakcji przyrodniczych Chorwacji.  <\/p>\n\n<h3 class=\"wp-block-heading\">Zagrzeb do Dubrownika<\/h3>\n\n<p><strong>Dystans:<\/strong> ~600 km | <strong>Czas trwania:<\/strong> 5,5-6 godzin | <strong>Op\u0142ata:<\/strong> ~35 EUR<\/p>\n\n<p>Ostateczna chorwacka podr\u00f3\u017c samochodem, ko\u0144cz\u0105ca si\u0119 w osza\u0142amiaj\u0105cym otoczonym murami mie\u015bcie Dubrownik. Nale\u017cy zauwa\u017cy\u0107, \u017ce trasa ta kr\u00f3tko przebiega przez <strong>Bo\u015bni\u0119 i Hercegowin\u0119<\/strong> na korytarzu Neum (bez op\u0142at, ale nale\u017cy mie\u0107 paszport). Alternatywnie, mo\u017cna przejecha\u0107 przez most Pelje\u0161ac, aby zosta\u0107 ca\u0142kowicie w Chorwacji.  <\/p>\n\n<h3 class=\"wp-block-heading\">Lublana (S\u0142owenia) do Zagrzebia<\/h3>\n\n<p><strong>Odleg\u0142o\u015b\u0107:<\/strong> ~140 km | <strong>Czas trwania:<\/strong> 1,5-2 godziny | <strong>Op\u0142ata:<\/strong> ~7 EUR (Chorwacja) + s\u0142owe\u0144ska scenka<\/p>\n\n<p>G\u0142\u00f3wna trasa z Europy \u015arodkowej. Na s\u0142owe\u0144sk\u0105 cz\u0119\u015b\u0107 podr\u00f3\u017cy b\u0119dziesz potrzebowa\u0107 <a href=\"https:\/\/vignettego.com\/highway-vignette-europe\/pl\/slowenska-autostrada-vignette-2026-kompletny-przewodnik-po-e-vinjeta\/\">s\u0142owe\u0144skiej E-Vineta<\/a> . <\/p>\n\n<h3 class=\"wp-block-heading\">Wycieczka po wybrze\u017cu Istrii<\/h3>\n\n<p><strong>Trasa:<\/strong> Rijeka \u2192 Opatija \u2192 Pula \u2192 Rovinj \u2192 Pore\u010d \u2192 powr\u00f3t do Rijeki<\/p>\n\n<p>Odkryj pi\u0119kny p\u00f3\u0142wysep Istrijski z kuchni\u0105 inspirowan\u0105 w\u0142osk\u0105, wioskami na wzg\u00f3rzach i urokliwymi nadmorskimi miasteczkami. Mniej zat\u0142oczone ni\u017c wybrze\u017ce dalmaty\u0144skie. <\/p>\n\n<h2 class=\"wp-block-heading\">\ud83d\udca1 Wskaz\u00f3wki dotycz\u0105ce jazdy w Chorwacji na 2026 rok<\/h2>\n\n<h3 class=\"wp-block-heading\">Waluta<\/h3>\n\n<p>Od stycznia 2023 roku Chorwacja u\u017cywa <strong>euro (EUR).<\/strong> Nie ma potrzeby wymiany pieni\u0119dzy, je\u015bli przyje\u017cd\u017casz z innego kraju strefy euro. Karty kredytowe s\u0105 powszechnie akceptowane.  <\/p>\n\n<h3 class=\"wp-block-heading\">Ograniczenia pr\u0119dko\u015bci<\/h3>\n\n<ul class=\"wp-block-list\">\n<li><strong>Autostrady:<\/strong> 130 km\/h<\/li>\n<li><strong>Drogi krajowe:<\/strong> 90 km\/h<\/li>\n<li><strong>Obszary miejskie:<\/strong> 50 km\/h<\/li>\n<\/ul>\n\n<h3 class=\"wp-block-heading\">Letni ruch<\/h3>\n\n<p><strong>Uwaga:<\/strong> Droga A1 do wybrze\u017ca do\u015bwiadcza <strong>bardzo du\u017cego ruchu<\/strong> w lipcu i sierpniu, zw\u0142aszcza w soboty (dzie\u0144 przesiadki dla wynajmu tygodniowego). Podr\u00f3\u017cuj wcze\u015bnie rano lub p\u00f3\u017anym wieczorem, aby unikn\u0105\u0107 najgorszego zat\u0142oczenia. <\/p>\n\n<h3 class=\"wp-block-heading\">Wymagany sprz\u0119t<\/h3>\n\n<ul class=\"wp-block-list\">\n<li>Tr\u00f3jk\u0105t ostrzegawczy<\/li>\n<li>Kamizelka odblaskowa<\/li>\n<li>Apteczka<\/li>\n<li>\u015awiat\u0142a w\u0142\u0105czone przez ca\u0142y czas podczas jazdy<\/li>\n<\/ul>\n\n<h2 class=\"wp-block-heading\" id=\"faq-section\">\u2753 Najcz\u0119\u015bciej zadawane pytania<\/h2>\n\n<h3 class=\"wp-block-heading\">Czy potrzebuj\u0119 winiety czy p\u0142ac\u0119 na punktach poboru op\u0142at w Chorwacji?<\/h3>\n\n<p>Mo\u017cesz u\u017cy\u0107 dowolnego systemu. Tradycyjne punkty poboru op\u0142at dzia\u0142aj\u0105 na zasadzie op\u0142at na podstawie odleg\u0142o\u015bci i op\u0142aty na bie\u017c\u0105co. Alternatywnie, cyfrowe winiety (E-Vinjeta) s\u0105 teraz dost\u0119pne dla wybranych sekcji.  <\/p>\n\n<h3 class=\"wp-block-heading\">Czy mog\u0119 dojecha\u0107 do Dubrownika bez opuszczania Chorwacji?<\/h3>\n\n<p>Tak! Od otwarcia mostu Pelje\u0161ac w 2022 roku mo\u017cna teraz jecha\u0107 z Splitu do Dubrownika bez przechodzenia przez korytarz Neum w Bo\u015bni i Hercegowinie. <\/p>\n\n<h3 class=\"wp-block-heading\">Czy urz\u0105dzenie ENC jest tego warte?<\/h3>\n\n<p>Dla cz\u0119stych go\u015bci lub os\u00f3b zostaj\u0105cych na d\u0142u\u017cej \u2013 tak. Na jedn\u0105 podr\u00f3\u017c praktyczniejsze s\u0105 punkty poboru op\u0142at lub cyfrowe winiety. <\/p>\n\n<div style=\"height:25px\" aria-hidden=\"true\" class=\"wp-block-spacer\"><\/div>\n\n<div class=\"wp-block-buttons is-content-justification-center is-layout-flex wp-container-core-buttons-is-layout-a89b3969 wp-block-buttons-is-layout-flex\">\n<div class=\"wp-block-button\"><a class=\"wp-block-button__link wp-element-button\" href=\"https:\/\/vignettego.com\/\" style=\"background-color:#e91e63;color:#ffffff;padding:15px 30px;font-size:18px;border-radius:8px;\">\ud83d\ude97 Zdob\u0105d\u017a swoje europejskie winiety autostradne w VignetteGo \u2192<\/a><\/div>\n<\/div>\n\n<div style=\"height:25px\" aria-hidden=\"true\" class=\"wp-block-spacer\"><\/div>\n\n<h2 class=\"wp-block-heading\">\ud83c\udfd6\ufe0f Dlaczego warto odwiedzi\u0107 Chorwacj\u0119?<\/h2>\n\n<ul class=\"wp-block-list\">\n<li><strong>Zachwycaj\u0105ce wybrze\u017ce:<\/strong> Ponad 1000 wysp i krystalicznie czyste wody Adriatyku<\/li>\n<li><strong>Historyczne miasta:<\/strong> Dubrownik, Split, Zadar \u2014 obiekty wpisane na list\u0119 \u015bwiatowego dziedzictwa UNESCO<\/li>\n<li><strong>Lokalizacje Gry o Tron:<\/strong> Dubrownik s\u0142u\u017cy\u0142 jako Kr\u00f3lewska Przysta\u0144<\/li>\n<li><strong>Jeziora Plitwickie:<\/strong> Spektakularny park narodowy z kaskadowymi wodospadami<\/li>\n<li><strong>Istria:<\/strong> Kuchnia pod wp\u0142ywem W\u0142och, polowanie na trufle, wioski na wzg\u00f3rzach<\/li>\n<li><strong>Scena imprezowa:<\/strong> Pla\u017ca Zr\u0107e to &#8220;chorwacka Ibiza&#8221;<\/li>\n<\/ul>\n\n<h2 class=\"wp-block-heading\">\ud83d\udccd Podsumowanie<\/h2>\n\n<p>Chorwacja oferuje jedne z najbardziej satysfakcjonuj\u0105cych podr\u00f3\u017cy samochodowych w Europie, od dramatycznej autostrady A1 po kr\u0119te drogi nadmorskie i urokliwe istryjskie wioski. Niezale\u017cnie od tego, czy wolisz tradycyjne punkty poboru op\u0142at, elektroniczny system ENC, czy nowe opcje cyfrowych winiet, poruszanie si\u0119 po Chorwacji samochodem jest proste. <\/p>\n\n<p>Aby dotrze\u0107 do Chorwacji z Europy \u015arodkowej, prawdopodobnie przejedziesz przez <a href=\"https:\/\/vignettego.com\/highway-vignette-europe\/pl\/slowenska-autostrada-vignette-2026-kompletny-przewodnik-po-e-vinjeta\/\">S\u0142oweni\u0119<\/a> lub <a href=\"https:\/\/vignettego.com\/highway-vignette-europe\/pl\/hungary-highway-vignette-2026-complete-e-matrica-guide-pl\/\">W\u0119gry<\/a>. Zdob\u0105d\u017a wszystkie swoje winiety w jednym miejscu na <a href=\"https:\/\/vignettego.com\/\" title=\"VignetteGo - europejskie winiety autostradne\">VignetteGo<\/a>. <\/p>\n\n<p><strong>Ciesz si\u0119 chorwackim wybrze\u017cem! \ud83c\udded\ud83c\uddf7\ud83c\udfd6\ufe0f <\/strong><\/p>\n\n<p><strong>Powi\u0105zane przewodniki:<\/strong> <a href=\"https:\/\/vignettego.com\/highway-vignette-europe\/pl\/slowenska-autostrada-vignette-2026-kompletny-przewodnik-po-e-vinjeta\/\">S\u0142owenia E-Vinjeta<\/a> | <a href=\"https:\/\/vignettego.com\/highway-vignette-europe\/pl\/hungary-highway-vignette-2026-complete-e-matrica-guide-pl\/\">W\u0119gry E-Matrica<\/a> | <a href=\"https:\/\/vignettego.com\/\">Wszystkie europejskie scenki<\/a><\/p>\n","protected":false},"excerpt":{"rendered":"<p>Chorwacja to jedno z najpopularniejszych letnich miejsc w Europie, s\u0142yn\u0105ce z zachwycaj\u0105cego wybrze\u017ca Adriatyku, krystalicznie czystych w\u00f3d, historycznych miast takich jak Dubrownik i Split oraz pi\u0119knych wysp. Podr\u00f3\u017c do Chorwacji otwiera niesamowite mo\u017cliwo\u015bci \u2014 od staro\u017cytnych mur\u00f3w Dubrownika, przez pla\u017ce imprezowe w Zr\u0107e, wodospady jezior Plitwickich po urokliw\u0105 Istri\u0119. Ten przewodnik wyja\u015bnia wszystko o chorwackim [&hellip;]<\/p>\n","protected":false},"author":0,"featured_media":0,"parent":0,"menu_order":0,"comment_status":"closed","ping_status":"closed","template":"","meta":{"footnotes":""},"class_list":["post-430","page","type-page","status-publish","hentry"],"_links":{"self":[{"href":"https:\/\/vignettego.com\/highway-vignette-europe\/pl\/wp-json\/wp\/v2\/pages\/430","targetHints":{"allow":["GET"]}}],"collection":[{"href":"https:\/\/vignettego.com\/highway-vignette-europe\/pl\/wp-json\/wp\/v2\/pages"}],"about":[{"href":"https:\/\/vignettego.com\/highway-vignette-europe\/pl\/wp-json\/wp\/v2\/types\/page"}],"replies":[{"embeddable":true,"href":"https:\/\/vignettego.com\/highway-vignette-europe\/pl\/wp-json\/wp\/v2\/comments?post=430"}],"version-history":[{"count":4,"href":"https:\/\/vignettego.com\/highway-vignette-europe\/pl\/wp-json\/wp\/v2\/pages\/430\/revisions"}],"predecessor-version":[{"id":1450,"href":"https:\/\/vignettego.com\/highway-vignette-europe\/pl\/wp-json\/wp\/v2\/pages\/430\/revisions\/1450"}],"wp:attachment":[{"href":"https:\/\/vignettego.com\/highway-vignette-europe\/pl\/wp-json\/wp\/v2\/media?parent=430"}],"curies":[{"name":"wp","href":"https:\/\/api.w.org\/{rel}","templated":true}]}}