{"id":212,"date":"2025-09-30T22:27:07","date_gmt":"2025-09-30T22:27:07","guid":{"rendered":"https:\/\/vignettego.com\/highway-vignette-europe\/swiss-highway-vignette-kompletny-przewodnik\/"},"modified":"2025-09-30T23:11:39","modified_gmt":"2025-09-30T23:11:39","slug":"swiss-highway-vignette-kompletny-przewodnik","status":"publish","type":"page","link":"https:\/\/vignettego.com\/highway-vignette-europe\/pl\/swiss-highway-vignette-kompletny-przewodnik\/","title":{"rendered":"Swiss Highway Vignette: Kompletny przewodnik"},"content":{"rendered":"\n<p><strong>Jazda przez Szwajcari\u0119 jest jednym z najbardziej zapieraj\u0105cych dech w piersiach do\u015bwiadcze\u0144 drogowych w Europie<\/strong>.  <\/p>\n\n<p>Kraj ten s\u0142ynie z nieskazitelnych dr\u00f3g, imponuj\u0105cych tuneli i malowniczych alpejskich krajobraz\u00f3w, kt\u00f3re sprawiaj\u0105, \u017ce ka\u017cda podr\u00f3\u017c jest niezapomniana.  <\/p>\n\n<p>Ale zanim wyruszysz na szwajcarsk\u0105 autostrad\u0119, musisz wiedzie\u0107 o jednym istotnym wymogu: winiecie autostradowej. <strong>\n  <a href=\"https:\/\/vignettego.com\/\" data-type=\"link\" data-id=\"https:\/\/vignettego.com\/\">szwajcarska winieta autostradowa<\/a>\n<\/strong>.<\/p>\n\n<div style=\"height:40px\" aria-hidden=\"true\" class=\"wp-block-spacer\"><\/div>\n\n<div class=\"wp-block-buttons is-content-justification-center is-layout-flex wp-container-core-buttons-is-layout-a89b3969 wp-block-buttons-is-layout-flex\">\n<div class=\"wp-block-button\"><a class=\"wp-block-button__link has-text-align-center wp-element-button\" href=\"https:\/\/vignettego.com\/\">Swiss Vignette Fast<\/a><\/div>\n<\/div>\n\n<div style=\"height:40px\" aria-hidden=\"true\" class=\"wp-block-spacer\"><\/div>\n\n<p>Ten kompleksowy przewodnik wyja\u015bnia wszystko, co musisz wiedzie\u0107 o szwajcarskim systemie op\u0142at za autostrady &#8211; w tym, jak dzia\u0142a winieta, ile kosztuje, gdzie j\u0105 kupi\u0107, jak unikn\u0105\u0107 mandat\u00f3w oraz przydatne wskaz\u00f3wki, kt\u00f3re sprawi\u0105, \u017ce podr\u00f3\u017c b\u0119dzie p\u0142ynna i bezstresowa.  <\/p>\n\n<p>Niezale\u017cnie od tego, czy planujesz podr\u00f3\u017c po Europie, czy po prostu przeje\u017cd\u017casz przez <strong>Szwajcari\u0119<\/strong> w drodze do W\u0142och lub Francji, zrozumienie systemu winiet pozwoli Ci zaoszcz\u0119dzi\u0107 czas, pieni\u0105dze i potencjalny b\u00f3l g\u0142owy.<\/p>\n\n<h2 class=\"wp-block-heading\">Czym jest winieta Swiss Highway?<\/h2>\n\n<p><strong>Szwajcarska winieta autostradowa to obowi\u0105zkowa op\u0142ata za przejazd wymagana dla wszystkich pojazd\u00f3w o masie do 3,5 tony, w tym samochod\u00f3w osobowych, dostawczych, motocykli i kamper\u00f3w, kt\u00f3re korzystaj\u0105 ze szwajcarskich autostrad<em>(Autobahnen<\/em>) i dr\u00f3g ekspresowych<em>(Autostrassen<\/em>).  <\/strong><\/p>\n\n<p>W przeciwie\u0144stwie do wielu kraj\u00f3w europejskich, kt\u00f3re pobieraj\u0105 op\u0142aty za przejazd w oparciu o przebyt\u0105 odleg\u0142o\u015b\u0107 lub konkretne odcinki dr\u00f3g, Szwajcaria stosuje prosty system winiet rocznych. <strong>\n  <em>system winiet rocznych<\/em>\n<\/strong>. Raz zakupiona winieta umo\u017cliwia nieograniczone podr\u00f3\u017cowanie po krajowej sieci autostrad przez ca\u0142y okres jej wa\u017cno\u015bci. <\/p>\n\n<p>System jest prosty: je\u015bli planujesz jecha\u0107 autostrad\u0105, nawet na kr\u00f3tkim odcinku, musisz mie\u0107 wa\u017cn\u0105 <a href=\"https:\/\/vignettego.com\/\">winiet\u0119<\/a>. Nieokazanie winiety mo\u017ce skutkowa\u0107 wysokimi mandatami. <\/p>\n\n<h3 class=\"wp-block-heading\">Kluczowe fakty w skr\u00f3cie<\/h3>\n\n<ul class=\"wp-block-list\">\n<li>Obowi\u0105zkowe dla wszystkich pojazd\u00f3w do 3,5 tony korzystaj\u0105cych z autostrad lub dr\u00f3g ekspresowych.<\/li>\n\n\n\n<li>Obowi\u0105zuje na ca\u0142ej szwajcarskiej sieci autostrad &#8211; jedna winieta obejmuje wszystkie trasy<\/li>\n\n\n\n<li>Zrycza\u0142towana op\u0142ata roczna zamiast op\u0142at za przejazd za kilometr<\/li>\n\n\n\n<li>Pojazdy o masie powy\u017cej 3,5 tony podlegaj\u0105 osobnej op\u0142acie za pojazdy ci\u0119\u017ckie (LSVA).<\/li>\n<\/ul>\n\n<h2 class=\"wp-block-heading\">Cena winiety szwajcarskiej na 2026 r.<\/h2>\n\n<p>Szwajcarski system op\u0142at drogowych jest od\u015bwie\u017caj\u0105co prosty. Dla pojazd\u00f3w prywatnych dost\u0119pny jest tylko jeden rodzaj <em>winiety<\/em>, kt\u00f3ra jest wa\u017cna przez ca\u0142y rok: <\/p>\n\n<figure class=\"wp-block-table\"><table class=\"has-fixed-layout\"><thead><tr><th>Typ pojazdu<\/th><th>Cena<\/th><th>Wa\u017cno\u015b\u0107<\/th><\/tr><\/thead><tbody><tr><td>Samochody osobowe, dostawcze, kampery (\u2264 3,5 tony)<\/td><td>40 CHF (oko\u0142o 42 EUR)<\/td><td>1 rok kalendarzowy (od 1 grudnia do 31 stycznia nast\u0119pnego roku)<\/td><\/tr><tr><td>Motocykle<\/td><td>40 CHF (oko\u0142o 42 EUR)<\/td><td>1 rok kalendarzowy (od 1 grudnia do 31 stycznia nast\u0119pnego roku)<\/td><\/tr><\/tbody><\/table><\/figure>\n\n<p>Nie ma opcji kr\u00f3tkoterminowych, takich jak przepustki 7-dniowe lub 1-miesi\u0119czne. Nawet je\u015bli wjedziesz do kraju na jeden dzie\u0144, b\u0119dziesz musia\u0142 kupi\u0107 roczn\u0105 <a href=\"https:\/\/vignettego.com\/\">winiet\u0119<\/a>.   <\/p>\n\n<p>Chocia\u017c mo\u017ce si\u0119 to wydawa\u0107 drogie w przypadku kr\u00f3tkich wizyt, staje si\u0119 to doskona\u0142\u0105 warto\u015bci\u0105, je\u015bli planujesz wiele podr\u00f3\u017cy lub d\u0142u\u017cszy pobyt.<\/p>\n\n<div style=\"height:40px\" aria-hidden=\"true\" class=\"wp-block-spacer\"><\/div>\n\n<h2 class=\"wp-block-heading\">Gdzie i jak kupi\u0107 szwajcarsk\u0105 winiet\u0119?<\/h2>\n\n<p>Mo\u017cesz kupi\u0107 swoj\u0105 <strong>\n  <em>\n    <a href=\"https:\/\/vignettego.com\/\">szwajcarsk\u0105 winiet\u0119 autostradow\u0105<\/a>\n  <\/em>\n<\/strong> na dwa g\u0142\u00f3wne sposoby: w formie tradycyjnej naklejki lub winiety cyfrowej po\u0142\u0105czonej z tablic\u0105 rejestracyjn\u0105 pojazdu. Obie opcje s\u0105 wa\u017cne i prawnie uznawane. <\/p>\n\n<h3 class=\"wp-block-heading\">1. Fizyczna winieta z naklejkami<\/h3>\n\n<p>Tradycyjna winieta to niewielka naklejka samoprzylepna, kt\u00f3r\u0105 nale\u017cy przymocowa\u0107 do przedniej szyby pojazdu. Pozostaje ona popularn\u0105 opcj\u0105 dla wielu kierowc\u00f3w i jest powszechnie dost\u0119pna w ca\u0142ej Europie. <\/p>\n\n<p><strong>Gdzie kupi\u0107 winiet\u0119 z naklejkami?<\/strong><\/p>\n\n<ul class=\"wp-block-list\">\n<li>Na szwajcarskich przej\u015bciach granicznych i w urz\u0119dach celnych<\/li>\n\n\n\n<li>Na stacjach benzynowych w pobli\u017cu granicy szwajcarskiej (w Niemczech, Austrii, W\u0142oszech, Francji)<\/li>\n\n\n\n<li>W szwajcarskich urz\u0119dach pocztowych i organizacjach motoryzacyjnych<\/li>\n\n\n\n<li>Od automobilklub\u00f3w takich jak ADAC czy \u00d6AMTC<\/li>\n<\/ul>\n\n<div style=\"height:40px\" aria-hidden=\"true\" class=\"wp-block-spacer\"><\/div>\n\n<div class=\"wp-block-buttons is-content-justification-center is-layout-flex wp-container-core-buttons-is-layout-a89b3969 wp-block-buttons-is-layout-flex\">\n<div class=\"wp-block-button\"><a class=\"wp-block-button__link wp-element-button\" href=\"https:\/\/vignettego.com\/\">VignetteGO &#8211; szybko pobierz Vignette<\/a><\/div>\n<\/div>\n\n<div style=\"height:40px\" aria-hidden=\"true\" class=\"wp-block-spacer\"><\/div>\n\n<p><strong>Jak stosowa\u0107:<\/strong> Odklej warstw\u0119 ochronn\u0105 i przyklej winiet\u0119 po wewn\u0119trznej stronie przedniej szyby, najlepiej w lewym g\u00f3rnym rogu lub za lusterkiem wstecznym. Po usuni\u0119ciu naklejki nie mo\u017cna jej ponownie u\u017cy\u0107 ani przenie\u015b\u0107 do innego pojazdu. <\/p>\n\n<h3 class=\"wp-block-heading\">2. Winieta cyfrowa (zalecane)<\/h3>\n\n<p>Od 2023 r. Szwajcaria oferuje opcj\u0119 <a href=\"https:\/\/vignettego.com\/\">winiety cyfrowej<\/a>. Ta wersja jest po\u0142\u0105czona z tablic\u0105 rejestracyjn\u0105 i eliminuje potrzeb\u0119 posiadania fizycznej naklejki. Jest to wygodne rozwi\u0105zanie, szczeg\u00f3lnie dla tych, kt\u00f3rzy cz\u0119sto zmieniaj\u0105 pojazdy lub chc\u0105 unikn\u0105\u0107 k\u0142opot\u00f3w z naklejaniem i usuwaniem naklejki.  <\/p>\n\n<p><strong>Zalety winiety cyfrowej:<\/strong><\/p>\n\n<ul class=\"wp-block-list\">\n<li>Szybki i \u0142atwy zakup online &#8211; zako\u0144cz proces w kilka minut<\/li>\n\n\n\n<li>Nie trzeba niczego mocowa\u0107 ani zdejmowa\u0107 z przedniej szyby<\/li>\n\n\n\n<li>Mo\u017cliwo\u015b\u0107 \u0142atwej aktualizacji w przypadku zmiany przedniej szyby lub tablicy rejestracyjnej<\/li>\n\n\n\n<li>Dost\u0119pne opcje automatycznego odnawiania<\/li>\n<\/ul>\n\n<p><strong>Gdzie kupi\u0107 online:<\/strong> Jednym z najprostszych sposob\u00f3w jest skorzystanie z oficjalnej szwajcarskiej platformy lub zaufanych dostawc\u00f3w online. Je\u015bli chcesz zaoszcz\u0119dzi\u0107 czas i unikn\u0105\u0107 kolejek na granicy, mo\u017cesz <a href=\"https:\/\/vignettego.com\/\" target=\"_blank\" rel=\"noreferrer noopener\">kupi\u0107 szwajcarsk\u0105 winiet\u0119 online tutaj<\/a> w zaledwie kilka minut. <\/p>\n\n<p><a href=\"https:\/\/vignettego.com\/\" target=\"_blank\" rel=\"noreferrer noopener\">Kup swoj\u0105 szwajcarsk\u0105 winiet\u0119 online ju\u017c teraz<\/a><\/p>\n\n<div style=\"height:40px\" aria-hidden=\"true\" class=\"wp-block-spacer\"><\/div>\n\n<h2 class=\"wp-block-heading\">Fizyczne kontra cyfrowe: Co wybra\u0107?<\/h2>\n\n<p><strong>Obie opcje zapewniaj\u0105 takie samo prawo do korzystania ze szwajcarskich autostrad, ale winieta elektroniczna jest coraz bardziej popularna ze wzgl\u0119du na wygod\u0119.  <\/strong><\/p>\n\n<p>Je\u015bli wynajmujesz samoch\u00f3d w Szwajcarii, prawie zawsze b\u0119dzie on zawiera\u0142 winiet\u0119. Je\u015bli jednak wynajmujesz samoch\u00f3d za granic\u0105 i planujesz wjecha\u0107 do Szwajcarii, sprawd\u017a, czy pojazd ma ju\u017c winiet\u0119 &#8211; wi\u0119kszo\u015b\u0107 z nich jej nie ma. <\/p>\n\n<p>Je\u015bli cenisz sobie elastyczno\u015b\u0107 i prostot\u0119, lepszym wyborem b\u0119dzie winieta elektroniczna. Z drugiej strony, je\u015bli wolisz kupi\u0107 j\u0105 na miejscu lub nie chcesz wprowadza\u0107 danych tablicy rejestracyjnej online, wersja fizyczna pozostaje bezpieczn\u0105 opcj\u0105. <\/p>\n\n<h2 class=\"wp-block-heading\">Okres wa\u017cno\u015bci i odnowienie<\/h2>\n\n<p>Kolejn\u0105 zalet\u0105 szwajcarskiego systemu jest jego d\u0142ugi okres wa\u017cno\u015bci. Ka\u017cda winieta jest wa\u017cna przez 14 miesi\u0119cy, a nie tylko 12. Oznacza to, \u017ce mo\u017cesz z niej korzysta\u0107 przez dwie zimy lub dwa lata, je\u015bli m\u0105drze zaplanujesz swoje podr\u00f3\u017ce.  <\/p>\n\n<ul class=\"wp-block-list\">\n<li><strong>Data rozpocz\u0119cia:<\/strong> 1 grudnia poprzedniego roku<\/li>\n\n\n\n<li><strong>Data zako\u0144czenia:<\/strong> 31 stycznia nast\u0119pnego roku<\/li>\n<\/ul>\n\n<p>Przyk\u0142adowo, winieta na 2026 rok jest wa\u017cna od 1 grudnia 2024 roku do 31 stycznia 2026 roku. Je\u015bli kupisz j\u0105 wcze\u015bniej, zyskasz dwa dodatkowe miesi\u0105ce bez dodatkowych koszt\u00f3w. <\/p>\n\n<div style=\"height:40px\" aria-hidden=\"true\" class=\"wp-block-spacer\"><\/div>\n\n<div class=\"wp-block-buttons is-content-justification-center is-layout-flex wp-container-core-buttons-is-layout-a89b3969 wp-block-buttons-is-layout-flex\">\n<div class=\"wp-block-button\"><a class=\"wp-block-button__link wp-element-button\" href=\"https:\/\/vignettego.com\/\">E-winiety autostradowe<\/a><\/div>\n<\/div>\n\n<div style=\"height:40px\" aria-hidden=\"true\" class=\"wp-block-spacer\"><\/div>\n\n<h2 class=\"wp-block-heading\">Czy zagraniczni kierowcy potrzebuj\u0105 winiety?<\/h2>\n\n<p><strong>Tak. Wym\u00f3g posiadania winiety dotyczy wszystkich pojazd\u00f3w, niezale\u017cnie od miejsca ich rejestracji.   <\/strong><\/p>\n\n<p>Je\u015bli wje\u017cd\u017casz do Szwajcarii z s\u0105siedniego kraju, musisz zakupi\u0107 winiet\u0119 przed lub natychmiast po wje\u017adzie do sieci autostrad. Policja cz\u0119sto kontroluje pojazdy w pobli\u017cu przej\u015b\u0107 granicznych, wjazd\u00f3w na autostrady i miejsc odpoczynku. <\/p>\n\n<p>Nawet je\u015bli przeje\u017cd\u017casz przez Szwajcari\u0119 tylko na godzin\u0119, nadal jej potrzebujesz. Pr\u00f3ba jazdy bez winiety nie jest warta ryzyka &#8211; grzywny s\u0105 wysokie, a egzekwowanie przepis\u00f3w surowe. <\/p>\n\n<p><a href=\"https:\/\/vignettego.com\/\" target=\"_blank\" rel=\"noreferrer noopener\">Kup szwajcarsk\u0105 winiet\u0119 w kilka minut<\/a><\/p>\n\n<div style=\"height:39px\" aria-hidden=\"true\" class=\"wp-block-spacer\"><\/div>\n\n<h2 class=\"wp-block-heading\">Grzywny i kary za jazd\u0119 bez winiety<\/h2>\n\n<p><strong>Jazda po szwajcarskich autostradach bez wa\u017cnej winiety jest uznawana za powa\u017cne wykroczenie drogowe.  <\/strong><\/p>\n\n<p>W\u0142adze \u015bci\u015ble egzekwuj\u0105 wym\u00f3g posiadania winiety, a grzywny s\u0105 wysokie, aby zniech\u0119ci\u0107 do nieprzestrzegania przepis\u00f3w. Je\u015bli zostaniesz zatrzymany przez policj\u0119 lub przy\u0142apany podczas kontroli drogowej bez winiety, zostaniesz ukarany: <\/p>\n\n<ul class=\"wp-block-list\">\n<li>Standardowa grzywna w wysoko\u015bci <strong>200 CHF<\/strong> (oko\u0142o 210 EUR)<\/li>\n\n\n\n<li>Natychmiastowe zobowi\u0105zanie do <a href=\"https:\/\/vignettego.com\/\">zakupu winiety<\/a> na miejscu<\/li>\n<\/ul>\n\n<p>Nie ma okresu karencji ani wyj\u0105tk\u00f3w. Obowi\u0105zek ten rozpoczyna si\u0119 w momencie wjazdu na autostrad\u0119 lub drog\u0119 ekspresow\u0105. Nawet je\u015bli przejedziesz tylko jeden kilometr bez winiety, nadal b\u0119dziesz podlega\u0107 pe\u0142nej karze grzywny.    <\/p>\n\n<p>Warto zauwa\u017cy\u0107, \u017ce mandaty s\u0105 wystawiane nie tylko na przej\u015bciach granicznych, ale tak\u017ce w g\u0142\u0119bi kraju, gdzie powszechne s\u0105 losowe kontrole drogowe.<\/p>\n\n<p>Poniewa\u017c koszt winiety jest tak niski w por\u00f3wnaniu z kar\u0105, zawsze rozs\u0105dniej jest kupi\u0107 j\u0105 z wyprzedzeniem. Zakup online przed podr\u00f3\u017c\u0105 to najprostszy spos\u00f3b na unikni\u0119cie niepotrzebnych problem\u00f3w. <\/p>\n\n<p><a href=\"https:\/\/vignettego.com\/\" target=\"_blank\" rel=\"noreferrer noopener\">Kup szwajcarsk\u0105 winiet\u0119 i unikaj mandat\u00f3w<\/a><\/p>\n\n<div style=\"height:40px\" aria-hidden=\"true\" class=\"wp-block-spacer\"><\/div>\n\n<h2 class=\"wp-block-heading\">Op\u0142aty specjalne i wyj\u0105tki<\/h2>\n\n<p><strong>Winieta w wysoko\u015bci 40 CHF obejmuje prawie ca\u0142\u0105 szwajcarsk\u0105 sie\u0107 autostrad, ale istnieje kilka tuneli i tras g\u00f3rskich, gdzie obowi\u0105zuj\u0105 dodatkowe op\u0142aty.  <\/strong><\/p>\n\n<p>S\u0105 to zazwyczaj d\u0142ugie, kosztowne projekty infrastrukturalne, kt\u00f3re wymagaj\u0105 osobnych op\u0142at za utrzymanie.<\/p>\n\n<figure class=\"wp-block-table\"><table class=\"has-fixed-layout\"><thead><tr><th>Trasa \/ tunel<\/th><th>Op\u0142ata dodatkowa<\/th><th>Uwagi<\/th><\/tr><\/thead><tbody><tr><td>Wielki Tunel \u015awi\u0119tego Bernarda (granica z W\u0142ochami)<\/td><td>~CHF 30<\/td><td>P\u0142atne w punkcie poboru op\u0142at lub online<\/td><\/tr><tr><td>Tunel Munt la Schera (do Livigno, W\u0142ochy)<\/td><td>~CHF 15-30<\/td><td>Droga sezonowa, op\u0142ata zale\u017cy od pory roku<\/td><\/tr><tr><td>Prze\u0142\u0119cz San Bernardino<\/td><td>W zestawie<\/td><td>Brak dodatkowych op\u0142at, ale zale\u017cne od pogody<\/td><\/tr><\/tbody><\/table><\/figure>\n\n<p>Pojazdy o masie powy\u017cej 3,5 tony, takie jak ci\u0119\u017ckie kampery, ci\u0119\u017car\u00f3wki lub autobusy, podlegaj\u0105 op\u0142acie od <strong>pojazd\u00f3w ci\u0119\u017carowych (LSVA)<\/strong>. Podatek ten jest obliczany na podstawie odleg\u0142o\u015bci, wagi i kategorii emisji i jest zwykle p\u0142acony oddzielnie przez firmy transportowe lub w urz\u0119dach celnych. <\/p>\n\n<div style=\"height:40px\" aria-hidden=\"true\" class=\"wp-block-spacer\"><\/div>\n\n<div class=\"wp-block-buttons is-content-justification-center is-layout-flex wp-container-core-buttons-is-layout-a89b3969 wp-block-buttons-is-layout-flex\">\n<div class=\"wp-block-button\"><a class=\"wp-block-button__link wp-element-button\">Najbardziej zaufana us\u0142uga e-winiet w Europie<\/a><\/div>\n<\/div>\n\n<div style=\"height:40px\" aria-hidden=\"true\" class=\"wp-block-spacer\"><\/div>\n\n<h2 class=\"wp-block-heading\">Wskaz\u00f3wki dla kierowc\u00f3w w Szwajcarii<\/h2>\n\n<p><strong>Szwajcaria znana jest z surowych przepis\u00f3w ruchu drogowego i dobrze utrzymanej infrastruktury.  <\/strong><\/p>\n\n<p>Przestrzeganie przepis\u00f3w nie tylko zapewnia bezpiecze\u0144stwo, ale tak\u017ce pomaga unikn\u0105\u0107 kosztownych mandat\u00f3w. Oto kilka przydatnych wskaz\u00f3wek przed wyruszeniem w drog\u0119: <\/p>\n\n<ul class=\"wp-block-list\">\n<li><strong>Ograniczenia pr\u0119dko\u015bci:<\/strong> 120 km\/h na autostradach, 100 km\/h na drogach dwujezdniowych, 80 km\/h na drogach wiejskich, 50 km\/h w miastach.<\/li>\n\n\n\n<li><strong>Opony zimowe:<\/strong> nie s\u0105 prawnie wymagane, ale zalecane od listopada do marca, szczeg\u00f3lnie w regionach g\u00f3rskich.<\/li>\n\n\n\n<li><strong>\u015awiat\u0142a:<\/strong> \u015awiat\u0142a mijania s\u0105 obowi\u0105zkowe w ci\u0105gu dnia.<\/li>\n\n\n\n<li><strong>Telefony kom\u00f3rkowe:<\/strong> Korzystanie z telefonu bez zestawu g\u0142o\u015bnom\u00f3wi\u0105cego jest nielegalne i surowo karane.<\/li>\n\n\n\n<li><strong>Limit alkoholu:<\/strong> 0,5\u2030 (ni\u017cszy dla nowych kierowc\u00f3w i kierowc\u00f3w zawodowych).<\/li>\n\n\n\n<li><strong>Parking:<\/strong> Przepisy dotycz\u0105ce parkowania s\u0105 \u015bci\u015ble egzekwowane. Nale\u017cy zawsze korzysta\u0107 z oznaczonych miejsc i zwraca\u0107 uwag\u0119 na ograniczenia czasowe. <\/li>\n<\/ul>\n\n<p>Szwajcaria ma r\u00f3wnie\u017c jedne z najbardziej malowniczych tras w Europie, takie jak Furka Pass, Gotthard Pass i Bernina Road.  <\/p>\n\n<p>Drogi te mog\u0105 nie wymaga\u0107 winiety, je\u015bli nie s\u0105 cz\u0119\u015bci\u0105 sieci autostrad, ale cz\u0119sto s\u0105 zamykane zim\u0105 z powodu opad\u00f3w \u015bniegu, dlatego przed podr\u00f3\u017c\u0105 zawsze nale\u017cy sprawdzi\u0107 warunki sezonowe.<\/p>\n\n<div style=\"height:40px\" aria-hidden=\"true\" class=\"wp-block-spacer\"><\/div>\n\n<h2 class=\"wp-block-heading\">Alternatywne strategie dla kr\u00f3tkich podr\u00f3\u017cy<\/h2>\n\n<p>Je\u015bli planujesz tranzyt przez Szwajcari\u0119 i uwa\u017casz, \u017ce 40 CHF to zbyt du\u017co na kr\u00f3tk\u0105 podr\u00f3\u017c, istnieje kilka alternatyw &#8211; cho\u0107 ka\u017cda z nich wi\u0105\u017ce si\u0119 z kompromisami:<\/p>\n\n<ul class=\"wp-block-list\">\n<li><strong>Korzystaj z dr\u00f3g nieb\u0119d\u0105cych autostradami:<\/strong> Drogi oznaczone niebieskimi znakami s\u0105 bezp\u0142atne, ale s\u0105 wolniejsze i cz\u0119sto przebiegaj\u0105 przez miasta i wsie.<\/li>\n\n\n\n<li><strong>Parkuj i jed\u017a:<\/strong> Zaparkuj samoch\u00f3d w pobli\u017cu granicy i podr\u00f3\u017cuj do Szwajcarii poci\u0105giem. Szwajcarska sie\u0107 kolejowa jest szybka, niezawodna i obejmuje nawet odleg\u0142e g\u00f3rskie miasteczka. <\/li>\n\n\n\n<li><strong>Niech to b\u0119dzie cz\u0119\u015b\u0107 podr\u00f3\u017cy:<\/strong> Je\u015bli i tak p\u0142acisz za winiet\u0119, zaplanuj przystanki w szwajcarskich miastach lub atrakcjach przyrodniczych, aby uzyska\u0107 wi\u0119cej korzy\u015bci z wizyty.<\/li>\n<\/ul>\n\n<p>Ostatecznie winieta w wysoko\u015bci 40 CHF to niewielka cena za nieograniczony dost\u0119p do jednej z najlepszych sieci dr\u00f3g na \u015bwiecie. Dla wi\u0119kszo\u015bci podr\u00f3\u017cnych jest to inwestycja warta zachodu. <\/p>\n\n<div style=\"height:40px\" aria-hidden=\"true\" class=\"wp-block-spacer\"><\/div>\n\n<h2 class=\"wp-block-heading\">Cz\u0119sto zadawane pytania (FAQ)<\/h2>\n\n<h3 class=\"wp-block-heading\">Czy potrzebuj\u0119 winiety, je\u015bli je\u017cd\u017c\u0119 tylko po drogach drugorz\u0119dnych?<\/h3>\n\n<p>Nie. Winieta jest wymagana tylko na autostradach i drogach ekspresowych, kt\u00f3re s\u0105 oznaczone zielonymi znakami z bia\u0142ymi numerami. Z dr\u00f3g oznaczonych niebieskimi znakami mo\u017cna korzysta\u0107 bez winiety.  <\/p>\n\n<h3 class=\"wp-block-heading\">Czy mog\u0119 przenie\u015b\u0107 winiet\u0119 na inny pojazd?<\/h3>\n\n<p>Nie. Zar\u00f3wno winiety fizyczne, jak i cyfrowe s\u0105 powi\u0105zane z konkretnym pojazdem. Winiety fizyczne s\u0105 niszczone po usuni\u0119ciu, a winiety cyfrowe s\u0105 powi\u0105zane z tablic\u0105 rejestracyjn\u0105 wprowadzon\u0105 podczas zakupu.  <\/p>\n\n<h3 class=\"wp-block-heading\">Co si\u0119 stanie, je\u015bli zmieni\u0119 tablic\u0119 rejestracyjn\u0105?<\/h3>\n\n<p>Je\u015bli posiadasz winiet\u0119 elektroniczn\u0105, zazwyczaj mo\u017cesz zaktualizowa\u0107 dane rejestracyjne online. W przypadku winiety fizycznej konieczne b\u0119dzie zakupienie nowej. <\/p>\n\n<h3 class=\"wp-block-heading\">Czy wypo\u017cyczone samochody w Szwajcarii s\u0105 ju\u017c wyposa\u017cone w winiet\u0119?<\/h3>\n\n<p>Wi\u0119kszo\u015b\u0107 samochod\u00f3w wynajmowanych w Szwajcarii obejmuje winiet\u0119 w cenie. Jednak pojazdy wynajmowane poza Szwajcari\u0105 zwykle tego nie robi\u0105. Nale\u017cy to zawsze wcze\u015bniej sprawdzi\u0107 w wypo\u017cyczalni.  <\/p>\n\n<h3 class=\"wp-block-heading\">Czy Szwajcaria oferuje kr\u00f3tkoterminowe winiety dla turyst\u00f3w?<\/h3>\n\n<p>Nie. W przeciwie\u0144stwie do Austrii czy S\u0142owenii, Szwajcaria oferuje tylko roczn\u0105 winiet\u0119. Nawet je\u015bli przyje\u017cd\u017casz na jeden dzie\u0144, musisz kupi\u0107 ca\u0142oroczn\u0105 przepustk\u0119.  <\/p>\n\n<div style=\"height:40px\" aria-hidden=\"true\" class=\"wp-block-spacer\"><\/div>\n\n<h2 class=\"wp-block-heading\">Przemy\u015blenia ko\u0144cowe: Niewielka inwestycja w najwy\u017cszej jako\u015bci wra\u017cenia z jazdy<\/h2>\n\n<p>Szwajcarska winieta autostradowa to jeden z najprostszych i najbardziej op\u0142acalnych system\u00f3w op\u0142at drogowych w Europie. Za sta\u0142\u0105 op\u0142at\u0119 w wysoko\u015bci 40 CHF rocznie zyskujesz nieograniczony dost\u0119p do sieci dr\u00f3g, kt\u00f3ra jest bezpieczna, szybka i malownicza.   <\/p>\n\n<p>Wygoda braku konieczno\u015bci zatrzymywania si\u0119 w punktach poboru op\u0142at i jako\u015b\u0107 szwajcarskiej infrastruktury sprawiaj\u0105, \u017ce jest to niezb\u0119dny element ka\u017cdej podr\u00f3\u017cy po regionie.<\/p>\n\n<p>Niezale\u017cnie od tego, czy zwiedzasz malownicze alpejskie wioski, jedziesz do \u015bwiatowej klasy o\u015brodk\u00f3w narciarskich, czy po prostu przemierzasz kraj w ramach wi\u0119kszej europejskiej podr\u00f3\u017cy, winieta zapewnia spok\u00f3j ducha i bezproblemowe wra\u017cenia.  <\/p>\n\n<p><strong>Nie ryzykuj mandat\u00f3w lub op\u00f3\u017anie\u0144 &#8211; zdob\u0105d\u017a winiet\u0119 przed podr\u00f3\u017c\u0105 i ciesz si\u0119 szwajcarskimi drogami tak, jak powinny.<\/strong><\/p>\n\n<p><a href=\"https:\/\/vignettego.com\/\" target=\"_blank\" rel=\"noreferrer noopener\">Kup swoj\u0105 szwajcarsk\u0105 winiet\u0119 online ju\u017c dzi\u015b<\/a><\/p>\n\n<p>Kup oficjaln\u0105 szwajcarsk\u0105 winiet\u0119 autostradow\u0105 online na <a href=\"https:\/\/vignettego.com\/\" target=\"_blank\" rel=\"noreferrer noopener\">VignetteGo<\/a> i b\u0105d\u017a gotowy do wyruszenia w drog\u0119 w ci\u0105gu kilku minut.<\/p>\n\n<div style=\"height:40px\" aria-hidden=\"true\" class=\"wp-block-spacer\"><\/div>\n\n<div class=\"wp-block-buttons is-content-justification-center is-layout-flex wp-container-core-buttons-is-layout-a89b3969 wp-block-buttons-is-layout-flex\">\n<div class=\"wp-block-button\"><a class=\"wp-block-button__link wp-element-button\" href=\"https:\/\/vignettego.com\/\">Wypr\u00f3buj VignetteGO.com<\/a><\/div>\n<\/div>\n\n<div style=\"height:40px\" aria-hidden=\"true\" class=\"wp-block-spacer\"><\/div>\n\n<p><strong>TAGS:<\/strong><\/p>\n\n<p class=\"has-medium-font-size\">Szwajcarska winieta autostradowa, Szwajcarska op\u0142ata za przejazd autostrad\u0105, Kup szwajcarsk\u0105 winiet\u0119 online, Szwajcarski podatek drogowy 2026, Przewodnik po Szwajcarii, Przejazd autostradowy Szwajcaria, Szwajcarska naklejka na autostrad\u0119, <a href=\"https:\/\/vignettego.com\/\">Cyfrowa winieta Szwajcaria<\/a>, Szwajcarskie p\u0142atne drogi wyja\u015bnione, Szwajcarskie wskaz\u00f3wki dotycz\u0105ce podr\u00f3\u017cy samochodem, Podr\u00f3\u017c po Szwajcarii, Zasady jazdy po Szwajcarii, Koszt winiety Szwajcaria, Gdzie kupi\u0107 szwajcarsk\u0105 winiet\u0119, Unikaj mandat\u00f3w za szwajcarsk\u0105 winiet\u0119, Szwajcarska sie\u0107 autostrad, Roczna winieta Szwajcaria, Szwajcarskie zezwolenie na przejazd autostrad\u0105, Szwajcaria podr\u00f3\u017c samochodem<\/p>\n\n<p><\/p>\n","protected":false},"excerpt":{"rendered":"<p>Jazda przez Szwajcari\u0119 jest jednym z najbardziej zapieraj\u0105cych dech w piersiach do\u015bwiadcze\u0144 drogowych w Europie. Kraj ten s\u0142ynie z nieskazitelnych dr\u00f3g, imponuj\u0105cych tuneli i malowniczych alpejskich krajobraz\u00f3w, kt\u00f3re sprawiaj\u0105, \u017ce ka\u017cda podr\u00f3\u017c jest niezapomniana. Ale zanim wyruszysz na szwajcarsk\u0105 autostrad\u0119, musisz wiedzie\u0107 o jednym istotnym wymogu: winiecie autostradowej. szwajcarska winieta autostradowa . Ten kompleksowy przewodnik [&hellip;]<\/p>\n","protected":false},"author":1,"featured_media":80,"parent":0,"menu_order":0,"comment_status":"closed","ping_status":"closed","template":"","meta":{"footnotes":""},"class_list":["post-212","page","type-page","status-publish","has-post-thumbnail","hentry"],"_links":{"self":[{"href":"https:\/\/vignettego.com\/highway-vignette-europe\/pl\/wp-json\/wp\/v2\/pages\/212","targetHints":{"allow":["GET"]}}],"collection":[{"href":"https:\/\/vignettego.com\/highway-vignette-europe\/pl\/wp-json\/wp\/v2\/pages"}],"about":[{"href":"https:\/\/vignettego.com\/highway-vignette-europe\/pl\/wp-json\/wp\/v2\/types\/page"}],"author":[{"embeddable":true,"href":"https:\/\/vignettego.com\/highway-vignette-europe\/pl\/wp-json\/wp\/v2\/users\/1"}],"replies":[{"embeddable":true,"href":"https:\/\/vignettego.com\/highway-vignette-europe\/pl\/wp-json\/wp\/v2\/comments?post=212"}],"version-history":[{"count":1,"href":"https:\/\/vignettego.com\/highway-vignette-europe\/pl\/wp-json\/wp\/v2\/pages\/212\/revisions"}],"predecessor-version":[{"id":213,"href":"https:\/\/vignettego.com\/highway-vignette-europe\/pl\/wp-json\/wp\/v2\/pages\/212\/revisions\/213"}],"wp:featuredmedia":[{"embeddable":true,"href":"https:\/\/vignettego.com\/highway-vignette-europe\/pl\/wp-json\/wp\/v2\/media\/80"}],"wp:attachment":[{"href":"https:\/\/vignettego.com\/highway-vignette-europe\/pl\/wp-json\/wp\/v2\/media?parent=212"}],"curies":[{"name":"wp","href":"https:\/\/api.w.org\/{rel}","templated":true}]}}