{"id":1033,"date":"2026-01-04T01:37:39","date_gmt":"2026-01-04T01:37:39","guid":{"rendered":"https:\/\/vignettego.com\/highway-vignette-europe\/hungary-highway-vignette-2026-complete-e-matrica-guide-pl\/"},"modified":"2026-01-04T12:43:40","modified_gmt":"2026-01-04T12:43:40","slug":"hungary-highway-vignette-2026-complete-e-matrica-guide-pl","status":"publish","type":"page","link":"https:\/\/vignettego.com\/highway-vignette-europe\/pl\/hungary-highway-vignette-2026-complete-e-matrica-guide-pl\/","title":{"rendered":"W\u0119gierska Autostrada Vignette 2026: Kompletny przewodnik E-Matrica"},"content":{"rendered":"\n<script type=\"application\/ld+json\">{\n    \"@context\": \"https:\/\/schema.org\",\n    \"@graph\": [\n        {\n            \"@type\": \"Article\",\n            \"@id\": \"https:\/\/vignettego.com\/highway-vignette-europe\/hungary-highway-vignette-guide\/#article\",\n            \"headline\": \"Hungary Highway Vignette 2026: Complete E-Matrica Guide\",\n            \"description\": \"Everything about the Hungarian E-Matrica system 2026: prices, validity, how to buy online, and essential tips for driving on Hungarian motorways. Your complete guide to the electronic vignette.\",\n            \"image\": \"https:\/\/vignettego.com\/highway-vignette-europe\/wp-content\/uploads\/2026\/09\/Highway-Vignette-Europe.jpg\",\n            \"datePublished\": \"2026-01-04\",\n            \"dateModified\": \"2026-01-04\",\n            \"author\": {\"@type\": \"Organization\", \"name\": \"VignetteGo\", \"url\": \"https:\/\/vignettego.com\"},\n            \"publisher\": {\"@type\": \"Organization\", \"name\": \"VignetteGo\"},\n            \"mainEntityOfPage\": {\"@type\": \"WebPage\", \"@id\": \"https:\/\/vignettego.com\/highway-vignette-europe\/hungary-highway-vignette-guide\/\"},\n            \"articleSection\": \"Highway Vignettes\",\n            \"keywords\": [\"Hungary vignette\", \"E-Matrica\", \"Hungarian motorway\", \"Budapest driving\", \"M1 motorway\", \"Hungary toll\"],\n            \"inLanguage\": \"en\",\n            \"speakable\": {\"@type\": \"SpeakableSpecification\", \"cssSelector\": [\".article-intro\", \"#faq-section\"]}\n        },\n        {\n            \"@type\": \"BreadcrumbList\",\n            \"itemListElement\": [\n                {\"@type\": \"ListItem\", \"position\": 1, \"name\": \"VignetteGo\", \"item\": \"https:\/\/vignettego.com\/\"},\n                {\"@type\": \"ListItem\", \"position\": 2, \"name\": \"Highway Vignette Europe\", \"item\": \"https:\/\/vignettego.com\/highway-vignette-europe\/\"},\n                {\"@type\": \"ListItem\", \"position\": 3, \"name\": \"Hungary Guide\", \"item\": \"https:\/\/vignettego.com\/highway-vignette-europe\/hungary-highway-vignette-guide\/\"}\n            ]\n        },\n        {\n            \"@type\": \"FAQPage\",\n            \"mainEntity\": [\n                {\"@type\": \"Question\", \"name\": \"How much does a Hungarian E-Matrica cost?\", \"acceptedAnswer\": {\"@type\": \"Answer\", \"text\": \"For 2026, the D1 category (standard cars) costs approximately: 10-day regional HUF 4,270, 10-day national HUF 5,950, monthly HUF 6,590, and annual HUF 57,420. Prices may be adjusted.\"}},\n                {\"@type\": \"Question\", \"name\": \"Can I buy the Hungarian E-Matrica online?\", \"acceptedAnswer\": {\"@type\": \"Answer\", \"text\": \"Yes, you can purchase the E-Matrica online at VignetteGo or the official Hungarian motorway website. Registration is linked to your license plate, so no physical sticker is needed.\"}},\n                {\"@type\": \"Question\", \"name\": \"What is the difference between regional and national E-Matrica?\", \"acceptedAnswer\": {\"@type\": \"Answer\", \"text\": \"Regional E-Matrica (D1 REGIONAL) covers only the main transit routes (M1, M5, M7 etc.), while National E-Matrica (D1) covers the entire motorway network including all M and R roads.\"}},\n                {\"@type\": \"Question\", \"name\": \"What if I drive without a vignette in Hungary?\", \"acceptedAnswer\": {\"@type\": \"Answer\", \"text\": \"Fines for driving without a valid E-Matrica are significant\u2014from HUF 14,875 to HUF 88,500 depending on vehicle category. Enforcement is done via cameras, so non-compliance is easily detected.\"}},\n                {\"@type\": \"Question\", \"name\": \"Do I need a vignette for all roads in Hungary?\", \"acceptedAnswer\": {\"@type\": \"Answer\", \"text\": \"No, only motorways (M roads) and expressways (R roads) require a vignette. Regular national roads and local roads are free to use.\"}}\n            ]\n        }\n    ]\n}\n<\/script>\n\n<figure class=\"wp-block-image aligncenter size-large\"><img decoding=\"async\" src=\"https:\/\/vignettego.com\/highway-vignette-europe\/wp-content\/uploads\/2026\/09\/Highway-Vignette-Europe.jpg\" alt=\"W&#x119;gry E-Matrica 2026 &#x2013; Pe&#x142;ny przewodnik po w&#x119;gierskiej autostradzie\" style=\"width:100%; height:auto; margin-bottom:20px;\"\/><\/figure>\n\n<p class=\"article-intro\">W\u0119gry le\u017c\u0105 na skrzy\u017cowaniu dr\u00f3g Europy \u015arodkowej, co czyni je kluczowym krajem tranzytowym dla podr\u00f3\u017cnych zmierzaj\u0105cych na Ba\u0142kany, do Austrii, S\u0142owacji lub Rumunii. Od wspania\u0142ego budynku parlamentu w Budapeszcie, przez termalne \u0142a\u017anie w H\u00e9v\u00edz, kraj winiarski Tokaj, a\u017c po rozleg\u0142e r\u00f3wniny Puszty, W\u0119gry oferuj\u0105 bogate do\u015bwiadczenia kulturalne. Ten przewodnik obejmuje wszystko na temat <strong>w\u0119gierskiej E-Matrica (elektronicznej vignetty)<\/strong> na rok 2026: ceny, rodzaje wa\u017cno\u015bci, gdzie kupi\u0107 oraz niezb\u0119dne wskaz\u00f3wki dotycz\u0105ce jazdy po w\u0119gierskich autostradach.  <\/p>\n\n<div style=\"height:25px\" aria-hidden=\"true\" class=\"wp-block-spacer\"><\/div>\n\n<div class=\"wp-block-buttons is-content-justification-center is-layout-flex wp-container-core-buttons-is-layout-a89b3969 wp-block-buttons-is-layout-flex\">\n<div class=\"wp-block-button\"><a class=\"wp-block-button__link wp-element-button\" href=\"https:\/\/vignettego.com\/\" style=\"background-color:#0066cc;color:#ffffff;padding:15px 30px;font-size:18px;border-radius:8px;\">\ud83d\ude97 Pobierz swoj\u0105 w\u0119giersk\u0105 e-matracj\u0119 na VignetteGo<\/a><\/div>\n<\/div>\n\n<div style=\"height:25px\" aria-hidden=\"true\" class=\"wp-block-spacer\"><\/div>\n\n<h2 class=\"wp-block-heading\">\ud83c\udded\ud83c\uddfa Czym jest w\u0119gierska E-Matrica?<\/h2>\n\n<p>W\u0119gry by\u0142y jednym z pierwszych kraj\u00f3w europejskich, kt\u00f3re w 2008 roku wprowadzi\u0142y <strong>w pe\u0142ni elektroniczny system winiet (E-Matrica).<\/strong> Nie jest potrzebna fizyczna naklejka \u2014 numer rejestracyjny Twojego pojazdu jest zarejestrowany w krajowej bazie danych poboru op\u0142at, a systemy kamer na autostradach automatycznie weryfikuj\u0105 status twojej winiety. <\/p>\n\n<p>System E-Matrica obejmuje wszystkie <strong>w\u0119gierskie autostrady (drogi M)<\/strong> oraz <strong>ekspresowe (drogi R).<\/strong> Zwyk\u0142e drogi krajowe (drogi g\u0142\u00f3wne numerowane 1-9, drogi drugorz\u0119dne 10-99 itd.) s\u0105 dost\u0119pne bezp\u0142atnie bez winiet. <\/p>\n\n<h2 class=\"wp-block-heading\">\ud83d\udcb0 Ceny E-Matrica 2026<\/h2>\n\n<p>Ceny s\u0105 w w\u0119gierskich forintach (HUF). W\u0119gry u\u017cywaj\u0105 w\u0142asnej waluty i nie przyj\u0119\u0142y euro. Obecny kurs wymiany wynosi oko\u0142o 1 EUR = 400 huf\u00f3w.  <\/p>\n\n<h3 class=\"wp-block-heading\">Kategoria D1 (Samochody do 3,5 tony)<\/h3>\n\n<figure class=\"wp-block-table\"><table><thead><tr><th>Typ winiety<\/th><th>Cena (HUF)<\/th><th>Oko\u0142o EUR <\/th><\/tr><\/thead><tbody><tr><td><strong>10-dniowy Regional<\/strong><\/td><td>4 270 HUF<\/td><td>~11 EUR<\/td><\/tr><tr><td><strong>10-dniowy bieg narodowy<\/strong><\/td><td>5 950 HUF<\/td><td>~15 EUR<\/td><\/tr><tr><td><strong>Miesi\u0119cznik krajowy<\/strong><\/td><td>6 590 HUF<\/td><td>~16 EUR<\/td><\/tr><tr><td><strong>Coroczny Konkurs Narodowy<\/strong><\/td><td>HUF 57 420<\/td><td>~143 EUR<\/td><\/tr><\/tbody><\/table><\/figure>\n\n<h3 class=\"wp-block-heading\">Regionalna vs krajowa E-Matrica<\/h3>\n\n<p><strong>Regionalne E-Matrica (D1 REGIONALNE):<\/strong> Obejmuje tylko g\u0142\u00f3wne korytarze komunikacyjne:<\/p>\n\n<ul class=\"wp-block-list\">\n<li>M1 (Wiede\u0144-Budapeszt)<\/li>\n<li>M5 (granica Budapeszt-Segedyn-Serbia)<\/li>\n<li>M7 (granica Budapeszt-jezioro Balaton-Chorwacja)<\/li>\n<li>M3 (granica Budapeszt-Debreczyn-Ukraina) \u2013 wybrane odcinki<\/li>\n<li>M15, M30, M31, M35 \u2013 wybrane sekcje<\/li>\n<\/ul>\n\n<p><strong>Krajowa E-Matrica (D1):<\/strong> Obejmuje <strong>ca\u0142\u0105 sie\u0107 autostrad<\/strong>, w tym:<\/p>\n\n<ul class=\"wp-block-list\">\n<li>Wszystkie drogi M (M0, M1, M2, M3, M4, M5, M6, M7, M15, M30, M31, M35, M43, M44, M70, M85, M86)<\/li>\n<li>Wszystkie drogi R (ekspres\u00f3wki)<\/li>\n<\/ul>\n\n<p><strong>Wskaz\u00f3wka:<\/strong> Je\u015bli planujesz zwiedza\u0107 W\u0119gry poza g\u0142\u00f3wnymi korytarzami transportu publicznego (np. odwiedzaj\u0105c kurorty nad jeziorem Balaton, P\u00e9cs, region Tokaj), wybierz National E-Matrica.<\/p>\n\n<h2 class=\"wp-block-heading\">\ud83d\uded2 Gdzie kupi\u0107 w\u0119giersk\u0105 E-Matric\u0119<\/h2>\n\n<h3 class=\"wp-block-heading\">Online (Zalecane)<\/h3>\n\n<p>Najprostszy spos\u00f3b na zakup to online przed podr\u00f3\u017c\u0105:<\/p>\n\n<ul class=\"wp-block-list\">\n<li><strong><a href=\"https:\/\/vignettego.com\/\">VignetteGo<\/a><\/strong> \u2013 Szybki zakup z natychmiastowym potwierdzeniem<\/li>\n<li>Oficjalna strona w\u0119gierskiej autostrady (ematrica.nemzetiutdij.hu)<\/li>\n<\/ul>\n\n<p>Zalety zakupu online: brak czekania na stacjach benzynowych przy granicy, natychmiastowa aktywacja, cyfrowe potwierdzenie na telefonie.<\/p>\n\n<h3 class=\"wp-block-heading\">Fizyczne punkty zakupowe<\/h3>\n\n<ul class=\"wp-block-list\">\n<li>Stacje benzynowe (MOL, Shell, OMV) na terenie W\u0119gier<\/li>\n<li>Punkty graniczne<\/li>\n<li>Urz\u0119dy pocztowe<\/li>\n<li>Centra obs\u0142ugi klienta<\/li>\n<\/ul>\n\n<div style=\"height:25px\" aria-hidden=\"true\" class=\"wp-block-spacer\"><\/div>\n\n<div class=\"wp-block-buttons is-content-justification-center is-layout-flex wp-container-core-buttons-is-layout-a89b3969 wp-block-buttons-is-layout-flex\">\n<div class=\"wp-block-button\"><a class=\"wp-block-button__link wp-element-button\" href=\"https:\/\/vignettego.com\/\" style=\"background-color:#28a745;color:#ffffff;padding:15px 30px;font-size:18px;border-radius:8px;\">\u2705 Pobierz europejskie winiety \u2013 8 kraj\u00f3w \u2013 na VignetteGo<\/a><\/div>\n<\/div>\n\n<div style=\"height:25px\" aria-hidden=\"true\" class=\"wp-block-spacer\"><\/div>\n\n<h2 class=\"wp-block-heading\">\ud83d\udee3\ufe0f W\u0119gierska Sie\u0107 Autostrad<\/h2>\n\n<p>W\u0119gierska sie\u0107 autostrad promieniuje z Budapesztu niczym gwiazda, \u0142\u0105cz\u0105c stolic\u0119 ze wszystkimi s\u0105siednimi krajami.<\/p>\n\n<h3 class=\"wp-block-heading\">M0 \u2013 Obwodnica Budapesztu<\/h3>\n\n<p>Obwodowa autostrada wok\u00f3\u0142 Budapesztu, \u0142\u0105cz\u0105ca wszystkie g\u0142\u00f3wne radialne autostrady. Niezb\u0119dne, aby unikn\u0105\u0107 ruchu w centrum miasta podczas przeprawy przez W\u0119gry. <\/p>\n\n<h3 class=\"wp-block-heading\">M1 \u2013 Budapeszt do Wiednia<\/h3>\n\n<p>G\u0142\u00f3wny korytarz do <strong>Austrii<\/strong>, \u0142\u0105cz\u0105cy Budapeszt z Wiedniem przez Gy\u0151r. Ca\u0142kowita d\u0142ugo\u015b\u0107: oko\u0142o 170 km. Przej\u015bcia do Austrii w Hegyeshalom\/Nickelsdorf. B\u0119dziesz potrzebowa\u0107 <a href=\"https:\/\/vignettego.com\/highway-vignette-europe\/pl\/austria-highway-vignette-2026-complete-digitale-vignette-guide-pl\/\">austriackiej scenki<\/a> , \u017ceby kontynuowa\u0107.   <\/p>\n\n<h3 class=\"wp-block-heading\">M3 \u2013 Budapeszt \u2013 granica Ukraina<\/h3>\n\n<p>Korytarz p\u00f3\u0142nocno-wschodni w kierunku <strong>Ukrainy i S\u0142owacji<\/strong>, przechodz\u0105c przez Debreczyn. Dost\u0119p do regionu winiarskiego Tokaj oraz Parku Narodowego Hortobagy. <\/p>\n\n<h3 class=\"wp-block-heading\">M5 \u2013 Budapeszt do granicy z Serbi\u0105<\/h3>\n\n<p>Korytarz po\u0142udniowy w kierunku <strong>Serbii<\/strong>, \u0142\u0105cz\u0105cy si\u0119 z Segedynem i kontynuuj\u0105c do Suboticy\/Belgradu. Ca\u0142kowita d\u0142ugo\u015b\u0107: oko\u0142o 156 km. <\/p>\n\n<h3 class=\"wp-block-heading\">M6 \u2013 Budapeszt \u2013 granica Chorwacja<\/h3>\n\n<p>Korytarz po\u0142udniowo-zachodni w kierunku <strong>Chorwacji (Barcs),<\/strong> przechodz\u0105c przez P\u00e9cs. Alternatywna trasa na chorwackie wybrze\u017ce, omijaj\u0105c S\u0142oweni\u0119. <\/p>\n\n<h3 class=\"wp-block-heading\">M7 \u2013 Budapeszt do jeziora Balaton\/Chorwacja<\/h3>\n\n<p>G\u0142\u00f3wna trasa wakacyjna prowadzi do <strong>jeziora Balaton<\/strong> , a nast\u0119pnie do <strong>Chorwacji (Letenye).<\/strong> Bardzo zat\u0142oczono podczas letnich weekend\u00f3w. Ca\u0142kowita d\u0142ugo\u015b\u0107: oko\u0142o 232 km.  <\/p>\n\n<h3 class=\"wp-block-heading\">M15 \u2013 Rajka do Bratys\u0142awy<\/h3>\n\n<p>Kr\u00f3tka autostrada \u0142\u0105cz\u0105ca <strong>S\u0142owacj\u0119<\/strong> i Bratys\u0142aw\u0119, odga\u0142\u0119ziaj\u0105ca si\u0119 od M1. B\u0119dziesz potrzebowa\u0107 <a href=\"https:\/\/vignettego.com\/highway-vignette-europe\/pl\/slowacka-dianieta-drogowa-2026-kompletny-przewodnik-po-dialnicnej-znamce\/\">s\u0142owackiego winietowania<\/a> , by kontynuowa\u0107. <\/p>\n\n<h3 class=\"wp-block-heading\">M70 \u2013 Letenye do granicy ze S\u0142oweni\u0105<\/h3>\n\n<p>Kr\u00f3tka autostrada \u0142\u0105cz\u0105ca ze <strong>S\u0142oweni\u0105<\/strong>, kontynuuj\u0105ca jako s\u0142owe\u0144ska A5. B\u0119dziesz potrzebowa\u0107 <a href=\"https:\/\/vignettego.com\/highway-vignette-europe\/pl\/slowenska-autostrada-vignette-2026-kompletny-przewodnik-po-e-vinjeta\/\">s\u0142owe\u0144skiego E-Vinjeta<\/a> , aby kontynuowa\u0107. <\/p>\n\n<h2 class=\"wp-block-heading\">\ud83d\uddfa\ufe0f Popularne trasy przez W\u0119gry<\/h2>\n\n<h3 class=\"wp-block-heading\">Wiede\u0144 do Budapesztu (M1)<\/h3>\n\n<p><strong>Odleg\u0142o\u015b\u0107:<\/strong> ~250 km | <strong>Czas trwania:<\/strong> 2,5-3 godziny | <strong>Potrzebne s\u0105 scenki:<\/strong> Austriackie + w\u0119gierskie<\/p>\n\n<p>Klasyczna trasa Europy \u015arodkowej. Doskona\u0142e warunki na autostradzie. Rozwa\u017c zatrzymanie si\u0119 w Gy\u0151r \u2014 pi\u0119knym barokowym mie\u015bcie.  <\/p>\n\n<h3 class=\"wp-block-heading\">Budapeszt do jeziora Balato\u0144skiego (M7)<\/h3>\n\n<p><strong>Odleg\u0142o\u015b\u0107:<\/strong> ~100 km (do Si\u00f3fok) | <strong>Czas trwania:<\/strong> 1-1,5 godziny<\/p>\n\n<p>Najwi\u0119ksze jezioro w Europie \u015arodkowej i najpopularniejszy letni cel na W\u0119grzech. M7 jest bardzo zat\u0142oczona w letnie pi\u0105tki i niedziele. <\/p>\n\n<h3 class=\"wp-block-heading\">Budapeszt do chorwackiego wybrze\u017ca (przez M7\/M70)<\/h3>\n\n<p><strong>Trasa:<\/strong> Budapeszt \u2192 jezioro Balaton \u2192 Letenye \u2192 Zagrzeb \u2192 Split<\/p>\n\n<p>Alternatywna trasa do Chorwacji przez W\u0119gry i S\u0142oweni\u0119. Potrzebne s\u0105 winiety: w\u0119gierska E-Matrica + <a href=\"https:\/\/vignettego.com\/highway-vignette-europe\/pl\/slowenska-autostrada-vignette-2026-kompletny-przewodnik-po-e-vinjeta\/\">s\u0142owe\u0144ska E-Vinjeta<\/a> + <a href=\"https:\/\/vignettego.com\/highway-vignette-europe\/pl\/chorwacka-sciezka-autostradowa-2026-kompletny-przewodnik-enc-i-cyfrowy-przewodnik-po-oplatach\/\">chorwackie op\u0142aty<\/a>. <\/p>\n\n<h3 class=\"wp-block-heading\">Wiede\u0144 do Rumunii (przez M1, M0, M5, M43)<\/h3>\n\n<p><strong>Trasa:<\/strong> Wiede\u0144 \u2192 Budapeszt \u2192 Segedyn \u2192 Arad (Rumunia)<\/p>\n\n<p>G\u0142\u00f3wna trasa z Europy Zachodniej do Rumunii. Potrzebne s\u0105 scenki: austriacka + w\u0119gierska + <a href=\"https:\/\/vignettego.com\/highway-vignette-europe\/pl\/rumunska-autostrada-vignette-2026-kompletny-przewodnik-po-roviniecie\/\">rumu\u0144ska rovinieta<\/a>. <\/p>\n\n<div style=\"height:25px\" aria-hidden=\"true\" class=\"wp-block-spacer\"><\/div>\n\n<div class=\"wp-block-buttons is-content-justification-center is-layout-flex wp-container-core-buttons-is-layout-a89b3969 wp-block-buttons-is-layout-flex\">\n<div class=\"wp-block-button\"><a class=\"wp-block-button__link wp-element-button\" href=\"https:\/\/vignettego.com\/\" style=\"background-color:#ff6600;color:#ffffff;padding:15px 30px;font-size:18px;border-radius:8px;\">\ud83d\uded2 Zam\u00f3w wszystkie europejskie winiety na VignetteGo<\/a><\/div>\n<\/div>\n\n<div style=\"height:25px\" aria-hidden=\"true\" class=\"wp-block-spacer\"><\/div>\n\n<h2 class=\"wp-block-heading\">\u26a0\ufe0f Wa\u017cne zasady E-Matrica<\/h2>\n\n<h3 class=\"wp-block-heading\">Okres wa\u017cno\u015bci<\/h3>\n\n<ul class=\"wp-block-list\">\n<li><strong>10-dniowe:<\/strong> Wa\u017cny przez 10 kolejnych dni, w tym dzie\u0144 zakupu<\/li>\n<li><strong>Miesi\u0119cznie:<\/strong> Wa\u017cne do tego samego terminu w przysz\u0142ym miesi\u0105cu<\/li>\n<li><strong>Rocznik:<\/strong> Wa\u017cny przez jeden rok kalendarzowy od 1 stycznia do 31 grudnia lub od daty zakupu, je\u015bli zakup jest w po\u0142owie roku<\/li>\n<\/ul>\n\n<h3 class=\"wp-block-heading\">Rejestracja tablic rejestracyjnych<\/h3>\n\n<p>E-Matrica jest zarejestrowana na <strong>Tw\u00f3j dok\u0142adny numer rejestracyjny<\/strong> i <strong>kod kraju<\/strong>. Sprawd\u017a dwa razy liter\u00f3wki przy zakupie! B\u0142\u0119dy wymagaj\u0105 zakupu nowej winiety.  <\/p>\n\n<h3 class=\"wp-block-heading\">Kary za nieprzestrzeganie przepis\u00f3w<\/h3>\n\n<ul class=\"wp-block-list\">\n<li><strong>Kategoria D1 (samochody):<\/strong> HUF 14 875 do HUF 88 500<\/li>\n<li><strong>P\u0142atno\u015b\u0107 na miejscu:<\/strong> Zazwyczaj ni\u017csza, je\u015bli wyp\u0142aca si\u0119 w ci\u0105gu 60 dni<\/li>\n<li>Egzekwowanie za pomoc\u0105 automatycznych system\u00f3w kamer (ANPR)<\/li>\n<\/ul>\n\n<h2 class=\"wp-block-heading\">\ud83d\udca1 Porady dotycz\u0105ce jazdy na W\u0119grzech na 2026 rok<\/h2>\n\n<h3 class=\"wp-block-heading\">Waluta<\/h3>\n\n<p>W\u0119gry u\u017cywaj\u0105 <strong>w\u0119gierskiego forintu (HUF).<\/strong> Eurodolary nie s\u0105 powszechnie akceptowane, poza kilkoma stacjami benzynowych na granicy. Karty kredytowe akceptowane s\u0105 niemal wsz\u0119dzie.  <\/p>\n\n<h3 class=\"wp-block-heading\">Ograniczenia pr\u0119dko\u015bci<\/h3>\n\n<ul class=\"wp-block-list\">\n<li><strong>Autostrady:<\/strong> 130 km\/h<\/li>\n<li><strong>Ekspresowe drogi:<\/strong> 110 km\/h<\/li>\n<li><strong>Drogi g\u0142\u00f3wne:<\/strong> 90 km\/h<\/li>\n<li><strong>Obszary miejskie:<\/strong> 50 km\/h<\/li>\n<\/ul>\n\n<h3 class=\"wp-block-heading\">Wymagany sprz\u0119t<\/h3>\n\n<ul class=\"wp-block-list\">\n<li>Tr\u00f3jk\u0105t ostrzegawczy<\/li>\n<li>Kamizelka odblaskowa<\/li>\n<li>Apteczka<\/li>\n<li><strong>Reflektory:<\/strong> Musi by\u0107 ca\u0142y czas na zewn\u0119trznych terenach zabudowanych<\/li>\n<\/ul>\n\n<h3 class=\"wp-block-heading\">Polityka zerowej tolerancji dla alkoholu<\/h3>\n\n<p>W\u0119gry maj\u0105 polityk\u0119 <strong>zerowej tolerancji<\/strong> dla jazdy po alkoholu. Limit alkoholu we krwi to 0,0%. Kary s\u0105 surowe.  <\/p>\n\n<h2 class=\"wp-block-heading\" id=\"faq-section\">\u2753 Najcz\u0119\u015bciej zadawane pytania<\/h2>\n\n<h3 class=\"wp-block-heading\">Czy potrzebuj\u0119 winiety do obwodnicy M0?<\/h3>\n\n<p>Tak, obwodnica M0 Budapest wymaga wa\u017cnej E-Matrycy.<\/p>\n\n<h3 class=\"wp-block-heading\">Czy mog\u0119 u\u017cy\u0107 regionalnej winiety dla jeziora Balaton?<\/h3>\n\n<p>Tak, M7 do jeziora Balaton jest obj\u0119ta regionaln\u0105 E-Matric\u0105. Je\u015bli jednak planujesz eksplorowa\u0107 poza g\u0142\u00f3wny korytarz M7, wybierz krajow\u0105 winiet\u0119. <\/p>\n\n<h3 class=\"wp-block-heading\">A co je\u015bli wynajm\u0119 samoch\u00f3d na W\u0119grzech?<\/h3>\n\n<p>Sprawd\u017a to u swojej wypo\u017cyczalni\u2014niekt\u00f3re obejmuj\u0105 E-Matracj\u0119, inne wymagaj\u0105 zakupu osobno. Sprawd\u017a przed odbiorem pojazdu. <\/p>\n\n<div style=\"height:25px\" aria-hidden=\"true\" class=\"wp-block-spacer\"><\/div>\n\n<div class=\"wp-block-buttons is-content-justification-center is-layout-flex wp-container-core-buttons-is-layout-a89b3969 wp-block-buttons-is-layout-flex\">\n<div class=\"wp-block-button\"><a class=\"wp-block-button__link wp-element-button\" href=\"https:\/\/vignettego.com\/\" style=\"background-color:#e91e63;color:#ffffff;padding:15px 30px;font-size:18px;border-radius:8px;\">\ud83d\ude97 Zdob\u0105d\u017a swoje europejskie winiety autostradne w VignetteGo \u2192<\/a><\/div>\n<\/div>\n\n<div style=\"height:25px\" aria-hidden=\"true\" class=\"wp-block-spacer\"><\/div>\n\n<h2 class=\"wp-block-heading\">\ud83c\udff0 Dlaczego odwiedzi\u0107 W\u0119gry?<\/h2>\n\n<ul class=\"wp-block-list\">\n<li><strong>Budapeszt:<\/strong> &#8220;Pary\u017c Wschodu&#8221; z osza\u0142amiaj\u0105c\u0105 architektur\u0105<\/li>\n<li><strong>\u0141a\u017anie termalne:<\/strong> W\u0119gry maj\u0105 ponad 1000 naturalnych gor\u0105cych \u017ar\u00f3de\u0142<\/li>\n<li><strong>Jezioro Balaton:<\/strong> Najwi\u0119ksze jezioro Europy \u015arodkowej, idealne na lato<\/li>\n<li><strong>Region winiarski Tokaj:<\/strong> \u015awiatowe dziedzictwo UNESCO s\u0142odkie wina<\/li>\n<li><strong>Hortobagy:<\/strong> Rozleg\u0142e w\u0119gierskie r\u00f3wniny, tradycyjni je\u017ad\u017acy<\/li>\n<li><strong>Eger:<\/strong> Historyczne miasto winiarskie, osma\u0144ska twierdza<\/li>\n<\/ul>\n\n<h2 class=\"wp-block-heading\">\ud83d\udccd Podsumowanie<\/h2>\n\n<p>Dobrze utrzymana sie\u0107 autostrad na W\u0119grzech u\u0142atwia zwiedzanie lub przejazd przez ten fascynuj\u0105cy kraj. System E-Matrica jest prosty \u2014 kup online przed podr\u00f3\u017c\u0105 i mo\u017cesz cieszy\u0107 si\u0119 bezproblemow\u0105 jazd\u0105. <\/p>\n\n<p>Na wielokrajowe wycieczki samochodowe po\u0142\u0105cz w\u0119giersk\u0105 E-Matric\u0119 z winietami z <a href=\"https:\/\/vignettego.com\/highway-vignette-europe\/pl\/austria-highway-vignette-2026-complete-digitale-vignette-guide-pl\/\">Austrii<\/a>, <a href=\"https:\/\/vignettego.com\/highway-vignette-europe\/pl\/slowacka-dianieta-drogowa-2026-kompletny-przewodnik-po-dialnicnej-znamce\/\">S\u0142owacji<\/a>, <a href=\"https:\/\/vignettego.com\/highway-vignette-europe\/pl\/slowenska-autostrada-vignette-2026-kompletny-przewodnik-po-e-vinjeta\/\">S\u0142owenii<\/a> i <a href=\"https:\/\/vignettego.com\/highway-vignette-europe\/pl\/rumunska-autostrada-vignette-2026-kompletny-przewodnik-po-roviniecie\/\">Rumunii<\/a>. Zdob\u0105d\u017a wszystkie swoje winiety w jednym miejscu na <a href=\"https:\/\/vignettego.com\/\" title=\"VignetteGo - europejskie winiety autostradne\">VignetteGo<\/a>. <\/p>\n\n<p><strong>Mi\u0142ego ogl\u0105dania na W\u0119grzech! \ud83c\udded\ud83c\uddfa\ud83c\udff0 <\/strong><\/p>\n\n<p><strong>Powi\u0105zane przewodniki:<\/strong> <a href=\"https:\/\/vignettego.com\/highway-vignette-europe\/pl\/austria-highway-vignette-2026-complete-digitale-vignette-guide-pl\/\">Austria Digital Vignette<\/a> | <a href=\"https:\/\/vignettego.com\/highway-vignette-europe\/pl\/slowacka-dianieta-drogowa-2026-kompletny-przewodnik-po-dialnicnej-znamce\/\">S\u0142owacka scena<\/a> | <a href=\"https:\/\/vignettego.com\/\">Wszystkie europejskie scenki<\/a><\/p>\n","protected":false},"excerpt":{"rendered":"<p>W\u0119gry le\u017c\u0105 na skrzy\u017cowaniu dr\u00f3g Europy \u015arodkowej, co czyni je kluczowym krajem tranzytowym dla podr\u00f3\u017cnych zmierzaj\u0105cych na Ba\u0142kany, do Austrii, S\u0142owacji lub Rumunii. Od wspania\u0142ego budynku parlamentu w Budapeszcie, przez termalne \u0142a\u017anie w H\u00e9v\u00edz, kraj winiarski Tokaj, a\u017c po rozleg\u0142e r\u00f3wniny Puszty, W\u0119gry oferuj\u0105 bogate do\u015bwiadczenia kulturalne. Ten przewodnik obejmuje wszystko na temat w\u0119gierskiej E-Matrica [&hellip;]<\/p>\n","protected":false},"author":0,"featured_media":0,"parent":0,"menu_order":0,"comment_status":"closed","ping_status":"closed","template":"","meta":{"footnotes":""},"class_list":["post-1033","page","type-page","status-publish","hentry"],"_links":{"self":[{"href":"https:\/\/vignettego.com\/highway-vignette-europe\/pl\/wp-json\/wp\/v2\/pages\/1033","targetHints":{"allow":["GET"]}}],"collection":[{"href":"https:\/\/vignettego.com\/highway-vignette-europe\/pl\/wp-json\/wp\/v2\/pages"}],"about":[{"href":"https:\/\/vignettego.com\/highway-vignette-europe\/pl\/wp-json\/wp\/v2\/types\/page"}],"replies":[{"embeddable":true,"href":"https:\/\/vignettego.com\/highway-vignette-europe\/pl\/wp-json\/wp\/v2\/comments?post=1033"}],"version-history":[{"count":3,"href":"https:\/\/vignettego.com\/highway-vignette-europe\/pl\/wp-json\/wp\/v2\/pages\/1033\/revisions"}],"predecessor-version":[{"id":1421,"href":"https:\/\/vignettego.com\/highway-vignette-europe\/pl\/wp-json\/wp\/v2\/pages\/1033\/revisions\/1421"}],"wp:attachment":[{"href":"https:\/\/vignettego.com\/highway-vignette-europe\/pl\/wp-json\/wp\/v2\/media?parent=1033"}],"curies":[{"name":"wp","href":"https:\/\/api.w.org\/{rel}","templated":true}]}}