{"id":652,"date":"2026-01-04T01:39:43","date_gmt":"2026-01-04T01:39:43","guid":{"rendered":"https:\/\/vignettego.com\/highway-vignette-europe\/roemenie-snelweg-vignette-2026-volledige-rovinieta-gids\/"},"modified":"2026-01-04T12:40:16","modified_gmt":"2026-01-04T12:40:16","slug":"roemenie-snelweg-vignette-2026-volledige-rovinieta-gids","status":"publish","type":"page","link":"https:\/\/vignettego.com\/highway-vignette-europe\/nl\/roemenie-snelweg-vignette-2026-volledige-rovinieta-gids\/","title":{"rendered":"Roemeni\u00eb Snelweg Vignette 2026: Volledige Rovinieta Gids"},"content":{"rendered":"\n<script type=\"application\/ld+json\">{\n    \"@context\": \"https:\/\/schema.org\",\n    \"@graph\": [\n        {\n            \"@type\": \"Article\",\n            \"@id\": \"https:\/\/vignettego.com\/highway-vignette-europe\/romania-highway-vignette-guide\/#article\",\n            \"headline\": \"Romania Highway Vignette 2026: Complete Rovinieta Guide\",\n            \"description\": \"Everything about Romanian electronic highway vignettes (Rovinieta). Europe most affordable toll system! Learn about pricing, validity, Transylvania routes, and the famous Transf\u0103g\u0103r\u0103\u0219an road.\",\n            \"image\": \"https:\/\/vignettego.com\/highway-vignette-europe\/wp-content\/uploads\/2026\/09\/Highway-Vignette-Europe.jpg\",\n            \"datePublished\": \"2026-01-04\",\n            \"dateModified\": \"2026-01-04\",\n            \"author\": {\"@type\": \"Organization\", \"name\": \"VignetteGo\", \"url\": \"https:\/\/vignettego.com\"},\n            \"publisher\": {\"@type\": \"Organization\", \"name\": \"VignetteGo\"},\n            \"mainEntityOfPage\": {\"@type\": \"WebPage\", \"@id\": \"https:\/\/vignettego.com\/highway-vignette-europe\/romania-highway-vignette-guide\/\"},\n            \"articleSection\": \"Highway Vignettes\",\n            \"keywords\": [\"Romania vignette\", \"Rovinieta\", \"Romania highway toll\", \"Romanian motorway pass\", \"Transylvania road trip\", \"Transfagarasan\"],\n            \"inLanguage\": \"en\",\n            \"speakable\": {\"@type\": \"SpeakableSpecification\", \"cssSelector\": [\".article-intro\", \"#faq-section\"]}\n        },\n        {\n            \"@type\": \"BreadcrumbList\",\n            \"itemListElement\": [\n                {\"@type\": \"ListItem\", \"position\": 1, \"name\": \"VignetteGo\", \"item\": \"https:\/\/vignettego.com\/\"},\n                {\"@type\": \"ListItem\", \"position\": 2, \"name\": \"Highway Vignette Europe\", \"item\": \"https:\/\/vignettego.com\/highway-vignette-europe\/\"},\n                {\"@type\": \"ListItem\", \"position\": 3, \"name\": \"Romania Guide\", \"item\": \"https:\/\/vignettego.com\/highway-vignette-europe\/romania-highway-vignette-guide\/\"}\n            ]\n        },\n        {\n            \"@type\": \"FAQPage\",\n            \"mainEntity\": [\n                {\"@type\": \"Question\", \"name\": \"How much does the Romanian Rovinieta cost?\", \"acceptedAnswer\": {\"@type\": \"Answer\", \"text\": \"The Romanian Rovinieta is Europe cheapest highway vignette! A 7-day vignette costs approximately EUR 3.50, 30-day costs EUR 7, and annual costs just EUR 28.\"}},\n                {\"@type\": \"Question\", \"name\": \"Where can I buy the Romanian Rovinieta?\", \"acceptedAnswer\": {\"@type\": \"Answer\", \"text\": \"You can buy the Rovinieta online at VignetteGo or the official roviniete.ro website, or at gas stations and border crossings in Romania. Online purchase is recommended for convenience.\"}},\n                {\"@type\": \"Question\", \"name\": \"Is the Transf\u0103g\u0103r\u0103\u0219an road toll-free?\", \"acceptedAnswer\": {\"@type\": \"Answer\", \"text\": \"Yes, the Transf\u0103g\u0103r\u0103\u0219an (DN7C) is a national road, not a motorway, so no Rovinieta is needed specifically for it. However, you will likely use toll roads to reach it, so a Rovinieta is still recommended.\"}},\n                {\"@type\": \"Question\", \"name\": \"What are the fines for driving without Rovinieta?\", \"acceptedAnswer\": {\"@type\": \"Answer\", \"text\": \"Fines for driving without a valid Rovinieta range from EUR 50-200 depending on how far you traveled without one. With a 7-day vignette costing just EUR 3.50, there is no reason to risk a fine.\"}},\n                {\"@type\": \"Question\", \"name\": \"Which roads require Rovinieta in Romania?\", \"acceptedAnswer\": {\"@type\": \"Answer\", \"text\": \"The Rovinieta is required on all national roads (DN roads) and motorways (autostrada) in Romania. This includes the A1, A2, A3, A10, and all DN-numbered roads.\"}}\n            ]\n        }\n    ]\n}\n<\/script>\n\n<figure class=\"wp-block-image aligncenter size-large\"><img decoding=\"async\" src=\"https:\/\/vignettego.com\/highway-vignette-europe\/wp-content\/uploads\/2026\/09\/Highway-Vignette-Europe.jpg\" alt=\"Romania Rovinieta 2026 - Volledige gids voor het Roemeense snelwegvignettensysteem\" style=\"width:100%; height:auto; margin-bottom:20px;\"\/><\/figure>\n\n<p class=\"article-intro\">Roemeni\u00eb biedt enkele van Europa&#8217;s meest spectaculaire roadtripbestemmingen \u2014 van de legendarische kastelen van Transsylvani\u00eb tot de prachtige stranden van de Zwarte Zee, de majestueuze Karpaten tot de unieke Donaudelta. En hier is het beste nieuws: Roemeni\u00eb heeft <strong>Europa&#8217;s meest betaalbare snelwegvignet,<\/strong> de <strong>Rovinieta<\/strong> genoemd. Voor slechts een paar euro per week is het verkennen van Roemeni\u00eb met de auto ongelooflijk budgetvriendelijk. Deze uitgebreide gids behandelt alles wat u moet weten over Roemeense tolwegen in 2026, inclusief de beroemde Transf\u0103g\u0103r\u0103\u0219an\u2014een van de beste rijwegen ter wereld.   <\/p>\n\n<div style=\"height:25px\" aria-hidden=\"true\" class=\"wp-block-spacer\"><\/div>\n\n<div class=\"wp-block-buttons is-content-justification-center is-layout-flex wp-container-core-buttons-is-layout-a89b3969 wp-block-buttons-is-layout-flex\">\n<div class=\"wp-block-button\"><a class=\"wp-block-button__link wp-element-button\" href=\"https:\/\/vignettego.com\/\" style=\"background-color:#0066cc;color:#ffffff;padding:15px 30px;font-size:18px;border-radius:8px;\">\ud83d\ude97 Haal je Roemeense Rovinieta op VignetteGo<\/a><\/div>\n<\/div>\n\n<div style=\"height:25px\" aria-hidden=\"true\" class=\"wp-block-spacer\"><\/div>\n\n<h2 class=\"wp-block-heading\">\ud83c\uddf7\ud83c\uddf4 Wat is de Roemeense rovinieta?<\/h2>\n\n<p>Roemeni\u00eb hanteert een <strong>tijdgebaseerd elektronisch tolsysteem<\/strong> genaamd de <strong>Rovinieta<\/strong> (van &#8220;road vignette&#8221; in het Roemeens). Het systeem is volledig digitaal \u2014 je kenteken staat geregistreerd in een centrale database en wordt gecontroleerd door handhavingscamera&#8217;s door het hele land. Er is geen fysieke sticker nodig; Alles is elektronisch.  <\/p>\n\n<p>De Rovinieta beslaat alle nationale wegen (DN &#8211; drum na\u021bional) en snelwegen (autostrad\u0103) in Roemeni\u00eb. Het systeem wordt beheerd door CNAIR (Compania Na\u021bional\u0103 de Administrare a Infrastructurii Rutiere), en vignetten kunnen online worden gekocht, wat het zeer handig maakt voor bezoekers. <\/p>\n\n<h2 class=\"wp-block-heading\">\ud83d\udccb Romeense Rovinieta Prijzen 2026 \ud83d\udcb0 GOEDKOOPST IN EUROPA!<\/h2>\n\n<p>Roemeni\u00eb biedt de <strong>meest betaalbare snelwegvignetten van heel Europa<\/strong>. Hier is waarom Roemeni\u00eb bovenaan elke lijst van budgetroadtrippers zou moeten staan: <\/p>\n\n<figure class=\"wp-block-table\"><table><thead><tr><th>Geldigheidsperiode<\/th><th>Auto&#8217;s (tot 3,5 ton)<\/th><th>Motorfietsen<\/th><\/tr><\/thead><tbody><tr><td><strong>7 Dagen<\/strong><\/td><td>~EUR 3,50<\/td><td>~EUR 1,80<\/td><\/tr><tr><td><strong>30 Dagen<\/strong><\/td><td>~EUR 7,00<\/td><td>~EUR 3,50<\/td><\/tr><tr><td><strong>90 Dagen<\/strong><\/td><td>~EUR 13,00<\/td><td>~EUR 6,50<\/td><\/tr><tr><td><strong>Jaarlijkse<\/strong><\/td><td>~EUR 28,00<\/td><td>~EUR 14,00<\/td><\/tr><\/tbody><\/table><\/figure>\n\n<p><strong>Ja, je leest het goed!<\/strong>  Een week onbeperkt rijden op alle Roemeense nationale wegen en snelwegen voor slechts 3,50 euro. Vergelijk dit met Zwitserland (EUR 40 voor de jaarlijkse vignette, geen kortere opties) of Oostenrijk (EUR 11,50 voor 10 dagen), en u zult zien waarom Roemeni\u00eb een droom is voor roadtrippers. <\/p>\n\n<div style=\"height:25px\" aria-hidden=\"true\" class=\"wp-block-spacer\"><\/div>\n\n<div class=\"wp-block-buttons is-content-justification-center is-layout-flex wp-container-core-buttons-is-layout-a89b3969 wp-block-buttons-is-layout-flex\">\n<div class=\"wp-block-button\"><a class=\"wp-block-button__link wp-element-button\" href=\"https:\/\/vignettego.com\/\" style=\"background-color:#28a745;color:#ffffff;padding:15px 30px;font-size:18px;border-radius:8px;\">\u2705 Ontvang je Europese vignetten \u2013 alle landen \u2013 bij VignetteGo<\/a><\/div>\n<\/div>\n\n<div style=\"height:25px\" aria-hidden=\"true\" class=\"wp-block-spacer\"><\/div>\n\n<h2 class=\"wp-block-heading\">\ud83d\udee3\ufe0f Roemeens Wegennet<\/h2>\n\n<p>Roemeni\u00eb breidt zijn snelwegennetwerk snel uit, hoewel een groot deel van het land nog steeds wordt bediend door nationale wegen (DN-wegen). Hier zijn de belangrijkste routes: <\/p>\n\n<h3 class=\"wp-block-heading\">A1 \u2013 Boekarest tot Pite\u0219ti en verder<\/h3>\n\n<p>De oudste Roemeense snelweg, die <strong>Boekarest verbindt met Pite\u0219ti<\/strong> (ongeveer 110 km). Uitbreidingen richting Sibiu zijn nog gaande. Dit is de hoofdroute richting Transsylvani\u00eb vanuit Boekarest, met aansluiting op de DN7 en DN1 voor verdere reis.  <\/p>\n\n<h3 class=\"wp-block-heading\">A2 \u2013 Boekarest tot Constan\u021ba (Sun-snelweg)<\/h3>\n\n<p>De <strong>Autostrada Soarelui<\/strong> (Zonnesnelweg) verbindt <strong>Boekarest met Constan\u021ba<\/strong> en de Zwarte Zeekust. Ongeveer 200 km. Dit is de hoofdroute voor strandvakanties naar Mamaia, Constan\u021ba, Vama Veche en andere kustresorts.  <\/p>\n\n<h3 class=\"wp-block-heading\">A3 \u2013 Transsylvani\u00eb Autosnelweg (in aanbouw)<\/h3>\n\n<p>Wanneer voltooid, zal het Boekarest verbinden met Bra\u0219ov en verder via Transsylvani\u00eb tot aan de Hongaarse grens. Momenteel zijn verschillende secties open, waaronder rond Turda en Cluj-Napoca. <\/p>\n\n<h3 class=\"wp-block-heading\">A10 \u2013 Sebe\u0219 naar Turda<\/h3>\n\n<p>Onderdeel van de toekomstige Transsylvani\u00eb-corridor, die belangrijke steden in centraal Roemeni\u00eb verbindt.<\/p>\n\n<h3 class=\"wp-block-heading\">DN1 \u2013 De Klassieke Transsylvani\u00ebroute<\/h3>\n\n<p>De legendarische <strong>DN1 (E60)<\/strong> verbindt Boekarest met Bra\u0219ov en loopt verder door het hart van Transsylvani\u00eb naar Sibiu, Alba Iulia, Cluj-Napoca en verder naar Hongarije. Deze historische route loopt door prachtig berglandschap en middeleeuwse stadjes. <\/p>\n\n<h2 class=\"wp-block-heading\">\ud83c\udfd4\ufe0f De Transf\u0103g\u0103r\u0103\u0219an \u2013 Beste Rijweg ter Wereld<\/h2>\n\n<p>De <strong>Transf\u0103g\u0103r\u0103\u0219an Highway (DN7C)<\/strong> wordt door Top Gear omschreven als &#8220;de beste weg ter wereld&#8221;. Deze spectaculaire bergweg kruist het F\u0103g\u0103ra\u0219-gebergte op 2.042 meter hoogte, met spectaculaire haarspeldbochten, tunnels en adembenemende uitzichten. <\/p>\n\n<p><strong>Belangrijke informatie:<\/strong><\/p>\n\n<ul class=\"wp-block-list\">\n<li><strong>Lengte:<\/strong> Ongeveer 90 km bergweg<\/li>\n<li><strong>Open:<\/strong> Meestal eind juni tot eind oktober (afhankelijk van het weer)<\/li>\n<li><strong>Route:<\/strong> Verbindt Curtea de Arge\u0219 met Sibiu via de F\u0103g\u0103ra\u0219-bergen<\/li>\n<li><strong>Hoogtepunten:<\/strong> B\u00e2lea-meer (gletsjermeer bovenop), B\u00e2lea-waterval, prachtig alpenlandschap<\/li>\n<li><strong>Tol:<\/strong> De Transf\u0103g\u0103r\u0103\u0219an zelf is een nationale weg (DN), dus er zijn geen extra tol voorbij de Rovinieta<\/li>\n<\/ul>\n\n<p><strong>Pro tip:<\/strong> De weg is in de zomer erg populair. Begin vroeg in de ochtend om drukte te vermijden en te genieten van het beste fotografielicht. <\/p>\n\n<div style=\"height:25px\" aria-hidden=\"true\" class=\"wp-block-spacer\"><\/div>\n\n<div class=\"wp-block-buttons is-content-justification-center is-layout-flex wp-container-core-buttons-is-layout-a89b3969 wp-block-buttons-is-layout-flex\">\n<div class=\"wp-block-button\"><a class=\"wp-block-button__link wp-element-button\" href=\"https:\/\/vignettego.com\/\" style=\"background-color:#ff6600;color:#ffffff;padding:15px 30px;font-size:18px;border-radius:8px;\">\ud83d\uded2 Koop nu de Roemeense Rovinieta \u2013 slechts EUR 3,50 voor 7 dagen!<\/a><\/div>\n<\/div>\n\n<div style=\"height:25px\" aria-hidden=\"true\" class=\"wp-block-spacer\"><\/div>\n\n<h2 class=\"wp-block-heading\">\ud83d\udcbb Hoe koop je Roemeense Rovinieta<\/h2>\n\n<p>Het kopen van een Roemeense Rovinieta is eenvoudig:<\/p>\n\n<h3 class=\"wp-block-heading\">Optie 1: Online via VignetteGo (Aanbevolen)<\/h3>\n\n<ol class=\"wp-block-list\">\n<li>Bezoek <a href=\"https:\/\/vignettego.com\/\" title=\"Koop Rovinieta Romeense online\">VignetteGo.com<\/a><\/li>\n<li>Selecteer Roemeni\u00eb en de gewenste geldigheidsduur<\/li>\n<li>Voer uw kentekengegevens in<\/li>\n<li>Volledige veilige betaling<\/li>\n<li>Ontvang directe bevestiging\u2014direct geldig!<\/li>\n<\/ol>\n\n<h3 class=\"wp-block-heading\">Optie 2: Offici\u00eble roviniete.ro Website<\/h3>\n\n<p>De offici\u00eble website van de Roemeense wegenautoriteit biedt directe aankoop aan in het Roemeens en Engels.<\/p>\n\n<h3 class=\"wp-block-heading\">Optie 3: Fysieke verkooppunten<\/h3>\n\n<p>Rovinieta is te koop bij grensovergangen, tankstations (Petrom, OMV, Mol, Rompetrol) en bij Roemeense postkantoren.<\/p>\n\n<h2 class=\"wp-block-heading\">\u26a0\ufe0f Boetes voor rijden zonder Rovinieta<\/h2>\n\n<p>Ondanks de ongelooflijk lage kosten proberen sommige reizigers de Rovinieta te vermijden. Dit is een vergissing\u2014boetes worden opgelegd: <\/p>\n\n<ul class=\"wp-block-list\">\n<li><strong>Standaard boete:<\/strong> EUR 50-200, afhankelijk van de afgelegde afstand<\/li>\n<li><strong>Handhaving:<\/strong> Automatische camerasystemen door het hele land<\/li>\n<\/ul>\n\n<p><strong>Met een weekpas van EUR 3,50 tegenover een mogelijke boete van EUR 200, is de keuze duidelijk!<\/strong><\/p>\n\n<h2 class=\"wp-block-heading\">\ud83d\uddfa\ufe0f Populaire Roemeense roadtriproutes<\/h2>\n\n<h3 class=\"wp-block-heading\">Boekarest tot Bra\u0219ov (Toegangspoort tot Transsylvani\u00eb)<\/h3>\n\n<p><strong>Afstand:<\/strong> ~170 km | <strong>Duur:<\/strong> 2,5-3 uur | <strong>Route:<\/strong> DN1 of A3 (waar beschikbaar)<\/p>\n\n<p>De klassieke route naar Transsylvani\u00eb. Bra\u0219ov is een prachtige middeleeuwse stad omringd door bergen, perfect als uitvalsbasis om kastelen (Bran, Pele\u0219) en de Karpaten te verkennen. <\/p>\n\n<h3 class=\"wp-block-heading\">Boekarest tot Constan\u021ba (Zwarte Zee)<\/h3>\n\n<p><strong>Afstand:<\/strong> ~225 km | <strong>Duur:<\/strong> 2,5 uur | <strong>Route:<\/strong> A2 (Sun Motorway)<\/p>\n\n<p>Ga naar de Zwarte Zeekust via de nieuwste snelweg in Roemeni\u00eb. Constan\u021ba is een oude havenstad; het nabijgelegen Mamaia is het beste strandresort van het land. <\/p>\n\n<h3 class=\"wp-block-heading\">Transsylvani\u00eb Kasteelcircuit<\/h3>\n\n<p><strong>Route:<\/strong> Kasteel Bra\u0219ov \u2192 Bran \u2192 R\u00e2\u0219nov \u2192 kasteel Pele\u0219 (Sinaia) \u2192 terug naar Bra\u0219ov<\/p>\n\n<p>Bezoek het beroemde kasteel van Dracula (Bran), het prachtige kasteel Pele\u0219 en het middeleeuwse fort R\u00e2\u0219nov\u2014allemaal in \u00e9\u00e9n dagtocht vanuit Bra\u0219ov.<\/p>\n\n<h3 class=\"wp-block-heading\">Volledige Transsylvani\u00eb Tour<\/h3>\n\n<p><strong>Route:<\/strong> Boekarest \u2192 Bra\u0219ov \u2192 Sighi\u0219oara \u2192 Sibiu \u2192 Transf\u0103g\u0103r\u0103\u0219an \u2192 Boekarest<\/p>\n\n<p>Een 5-7 dagen durende route die het beste van Transsylvani\u00eb beslaat: middeleeuwse steden, berglandschappen en de legendarische Transf\u0103g\u0103r\u0103\u0219an-weg.<\/p>\n\n<div style=\"height:25px\" aria-hidden=\"true\" class=\"wp-block-spacer\"><\/div>\n\n<div class=\"wp-block-buttons is-content-justification-center is-layout-flex wp-container-core-buttons-is-layout-a89b3969 wp-block-buttons-is-layout-flex\">\n<div class=\"wp-block-button\"><a class=\"wp-block-button__link wp-element-button\" href=\"https:\/\/vignettego.com\/\" style=\"background-color:#9c27b0;color:#ffffff;padding:15px 30px;font-size:18px;border-radius:8px;\">\ud83c\udf0d Plan je Roemeense avontuur met VignetteGo<\/a><\/div>\n<\/div>\n\n<div style=\"height:25px\" aria-hidden=\"true\" class=\"wp-block-spacer\"><\/div>\n\n<h2 class=\"wp-block-heading\">\ud83d\udca1 Roemeni\u00eb rijtips voor 2026<\/h2>\n\n<h3 class=\"wp-block-heading\">Munt<\/h3>\n\n<p>Roemeni\u00eb gebruikt de <strong>Roemeense Leu (RON),<\/strong> maar <strong>Euro wordt breed geaccepteerd<\/strong> bij tankstations, hotels en toeristische gebieden. Creditcards worden bijna overal in steden geaccepteerd. Wisselkoers: ongeveer 1 EUR = 5 RON.  <\/p>\n\n<h3 class=\"wp-block-heading\">Snelheidslimieten<\/h3>\n\n<ul class=\"wp-block-list\">\n<li><strong>Snelwegen:<\/strong> 130 km\/u<\/li>\n<li><strong>Nationale wegen (buiten de steden):<\/strong> 90-100 km\/u<\/li>\n<li><strong>Stedelijke gebieden:<\/strong> 50 km\/u<\/li>\n<\/ul>\n\n<h3 class=\"wp-block-heading\">Wegcondities<\/h3>\n\n<p>De snelwegen zijn uitstekend. Nationale wegen vari\u00ebren van goed tot ruw, vooral in landelijke gebieden. Bergwegen kunnen uitdagend zijn\u2014rijd voorzichtig en respecteer de weersomstandigheden.  <\/p>\n\n<h3 class=\"wp-block-heading\">Brandstof<\/h3>\n\n<p>Brandstof is goedkoper dan in West-Europa. Belangrijke ketens zijn onder andere Petrom, OMV, Mol, Rompetrol en Lukoil. <\/p>\n\n<h2 class=\"wp-block-heading\" id=\"faq-section\">\u2753 Veelgestelde vragen<\/h2>\n\n<h3 class=\"wp-block-heading\">Is de Roemeense Rovinieta echt zo goedkoop?<\/h3>\n\n<p>Ja! Met ongeveer EUR 3,50 voor 7 dagen heeft Roemeni\u00eb de goedkoopste snelwegtol van Europa. Zelfs het jaarlijkse vignet (EUR 28) kost minder dan de kortetermijnopties in veel landen.  <\/p>\n\n<h3 class=\"wp-block-heading\">Wanneer kan ik de Transf\u0103g\u0103r\u0103\u0219an besturen?<\/h3>\n\n<p>Meestal eind juni tot eind oktober, afhankelijk van het weer. Het hoge gedeelte (boven de 1.800 m) is in de winter gesloten vanwege sneeuw. Controleer de huidige status voordat je plant.  <\/p>\n\n<h3 class=\"wp-block-heading\">Kan ik het Roemeense vignet gebruiken in Moldavi\u00eb?<\/h3>\n\n<p>Nee, je hebt een <a href=\"https:\/\/vignettego.com\/highway-vignette-europe\/nl\/moldova-road-vignette-2026-complete-vinieta-guide\/\">aparte Moldavische vinieta<\/a> nodig voor Moldavi\u00eb. Koop beide bij <a href=\"https:\/\/vignettego.com\/\" title=\"Europese vignetten\">VignetteGo<\/a>. <\/p>\n\n<div style=\"height:25px\" aria-hidden=\"true\" class=\"wp-block-spacer\"><\/div>\n\n<div class=\"wp-block-buttons is-content-justification-center is-layout-flex wp-container-core-buttons-is-layout-a89b3969 wp-block-buttons-is-layout-flex\">\n<div class=\"wp-block-button\"><a class=\"wp-block-button__link wp-element-button\" href=\"https:\/\/vignettego.com\/\" style=\"background-color:#e91e63;color:#ffffff;padding:15px 30px;font-size:18px;border-radius:8px;\">\ud83d\ude97 Haal je Europese snelwegvignetten op VignetteGo \u2192<\/a><\/div>\n<\/div>\n\n<div style=\"height:25px\" aria-hidden=\"true\" class=\"wp-block-spacer\"><\/div>\n\n<h2 class=\"wp-block-heading\">\ud83c\udff0 Waarom Roemeni\u00eb bezoeken?<\/h2>\n\n<ul class=\"wp-block-list\">\n<li><strong>Transsylvani\u00eb:<\/strong> Middeleeuwse steden, kastelen en berglandschappen<\/li>\n<li><strong>De Transf\u0103g\u0103r\u0103\u0219an:<\/strong> Een van de beste rijwegen ter wereld<\/li>\n<li><strong>Zwarte Zeekust:<\/strong> Prachtige stranden en oude steden<\/li>\n<li><strong>Donaudelta:<\/strong> UNESCO biosfeerreservaat, geweldig vogelspotten<\/li>\n<li><strong>Betaalbaar:<\/strong> Uitstekende prijs-kwaliteitverhouding voor accommodatie, eten en reizen<\/li>\n<li><strong>Rijke cultuur:<\/strong> Fascinerende mix van Latijnse, Slavische en Ottomaanse invloeden<\/li>\n<\/ul>\n\n<h2 class=\"wp-block-heading\">\ud83d\udccd Conclusie<\/h2>\n\n<p>Roemeni\u00eb biedt een ongelooflijke waarde voor een roadtrip\u2014van de goedkoopste tolwegen van Europa tot adembenemende landschappen en rijke cultuur. Of je nu Dracula-legendes achterna zit in Transsylvani\u00eb, de Transf\u0103g\u0103r\u0103\u0219an verovert of ontspant op de stranden van de Zwarte Zee, Roemeni\u00eb biedt onvergetelijke ervaringen. <\/p>\n\n<p>Haal je Rovinieta bij <a href=\"https:\/\/vignettego.com\/\" title=\"VignetteGo - Europese snelwegvignetten\">VignetteGo<\/a>\u2014het kost minuten en kost minder dan een koffie!<\/p>\n\n<p><strong>Geniet van Roemeni\u00eb! \ud83c\uddf7\ud83c\uddf4\ud83c\udfd4\ufe0f <\/strong><\/p>\n\n<p><strong>Gerelateerde gidsen:<\/strong> <a href=\"https:\/\/vignettego.com\/highway-vignette-europe\/nl\/hongaarse-snelwegvignette-2026-volledige-e-matrica-gids\/\">Hongarije E-Matrica<\/a> | <a href=\"https:\/\/vignettego.com\/highway-vignette-europe\/nl\/bulgaria-highway-vignette-2026-complete-e-vignette-guide\/\">Bulgaria E-Vignette<\/a> | Moldova <a href=\"https:\/\/vignettego.com\/highway-vignette-europe\/nl\/moldova-road-vignette-2026-complete-vinieta-guide\/\">Vinieta<\/a> | <a href=\"https:\/\/vignettego.com\/\">Alle Europese vignetten<\/a><\/p>\n","protected":false},"excerpt":{"rendered":"<p>Roemeni\u00eb biedt enkele van Europa&#8217;s meest spectaculaire roadtripbestemmingen \u2014 van de legendarische kastelen van Transsylvani\u00eb tot de prachtige stranden van de Zwarte Zee, de majestueuze Karpaten tot de unieke Donaudelta. En hier is het beste nieuws: Roemeni\u00eb heeft Europa&#8217;s meest betaalbare snelwegvignet, de Rovinieta genoemd. Voor slechts een paar euro per week is het verkennen [&hellip;]<\/p>\n","protected":false},"author":0,"featured_media":0,"parent":0,"menu_order":0,"comment_status":"closed","ping_status":"closed","template":"","meta":{"footnotes":""},"class_list":["post-652","page","type-page","status-publish","hentry"],"_links":{"self":[{"href":"https:\/\/vignettego.com\/highway-vignette-europe\/nl\/wp-json\/wp\/v2\/pages\/652","targetHints":{"allow":["GET"]}}],"collection":[{"href":"https:\/\/vignettego.com\/highway-vignette-europe\/nl\/wp-json\/wp\/v2\/pages"}],"about":[{"href":"https:\/\/vignettego.com\/highway-vignette-europe\/nl\/wp-json\/wp\/v2\/types\/page"}],"replies":[{"embeddable":true,"href":"https:\/\/vignettego.com\/highway-vignette-europe\/nl\/wp-json\/wp\/v2\/comments?post=652"}],"version-history":[{"count":4,"href":"https:\/\/vignettego.com\/highway-vignette-europe\/nl\/wp-json\/wp\/v2\/pages\/652\/revisions"}],"predecessor-version":[{"id":1268,"href":"https:\/\/vignettego.com\/highway-vignette-europe\/nl\/wp-json\/wp\/v2\/pages\/652\/revisions\/1268"}],"wp:attachment":[{"href":"https:\/\/vignettego.com\/highway-vignette-europe\/nl\/wp-json\/wp\/v2\/media?parent=652"}],"curies":[{"name":"wp","href":"https:\/\/api.w.org\/{rel}","templated":true}]}}