{"id":628,"date":"2026-01-04T01:38:57","date_gmt":"2026-01-04T01:38:57","guid":{"rendered":"https:\/\/vignettego.com\/highway-vignette-europe\/croatia-highway-vignette-2026-complete-enc-digitale-tolgids\/"},"modified":"2026-01-04T12:40:47","modified_gmt":"2026-01-04T12:40:47","slug":"croatia-highway-vignette-2026-complete-enc-digitale-tolgids","status":"publish","type":"page","link":"https:\/\/vignettego.com\/highway-vignette-europe\/nl\/croatia-highway-vignette-2026-complete-enc-digitale-tolgids\/","title":{"rendered":"Croatia Highway Vignette 2026: Complete ENC &amp; Digitale tolgids"},"content":{"rendered":"\n<script type=\"application\/ld+json\">{\n    \"@context\": \"https:\/\/schema.org\",\n    \"@graph\": [\n        {\n            \"@type\": \"Article\",\n            \"@id\": \"https:\/\/vignettego.com\/highway-vignette-europe\/croatia-highway-vignette-guide\/#article\",\n            \"headline\": \"Croatia Highway Vignette 2026: Complete ENC & Digital Toll Guide\",\n            \"description\": \"Everything about Croatian highway tolls, ENC electronic system, and digital vignette options. Learn about toll prices, the stunning A1 coastal motorway, and how to reach Dubrovnik, Split, and other destinations.\",\n            \"image\": \"https:\/\/vignettego.com\/highway-vignette-europe\/wp-content\/uploads\/2026\/09\/Highway-Vignette-Europe.jpg\",\n            \"datePublished\": \"2026-01-04\",\n            \"dateModified\": \"2026-01-04\",\n            \"author\": {\"@type\": \"Organization\", \"name\": \"VignetteGo\", \"url\": \"https:\/\/vignettego.com\"},\n            \"publisher\": {\"@type\": \"Organization\", \"name\": \"VignetteGo\"},\n            \"mainEntityOfPage\": {\"@type\": \"WebPage\", \"@id\": \"https:\/\/vignettego.com\/highway-vignette-europe\/croatia-highway-vignette-guide\/\"},\n            \"articleSection\": \"Highway Vignettes\",\n            \"keywords\": [\"Croatia toll\", \"Croatia highway\", \"ENC Croatia\", \"Croatian motorway\", \"A1 Croatia\", \"Dubrovnik road trip\", \"Split highway\"],\n            \"inLanguage\": \"en\",\n            \"speakable\": {\"@type\": \"SpeakableSpecification\", \"cssSelector\": [\".article-intro\", \"#faq-section\"]}\n        },\n        {\n            \"@type\": \"BreadcrumbList\",\n            \"itemListElement\": [\n                {\"@type\": \"ListItem\", \"position\": 1, \"name\": \"VignetteGo\", \"item\": \"https:\/\/vignettego.com\/\"},\n                {\"@type\": \"ListItem\", \"position\": 2, \"name\": \"Highway Vignette Europe\", \"item\": \"https:\/\/vignettego.com\/highway-vignette-europe\/\"},\n                {\"@type\": \"ListItem\", \"position\": 3, \"name\": \"Croatia Guide\", \"item\": \"https:\/\/vignettego.com\/highway-vignette-europe\/croatia-highway-vignette-guide\/\"}\n            ]\n        },\n        {\n            \"@type\": \"FAQPage\",\n            \"mainEntity\": [\n                {\"@type\": \"Question\", \"name\": \"Does Croatia use vignettes or toll booths?\", \"acceptedAnswer\": {\"@type\": \"Answer\", \"text\": \"Croatia traditionally uses a distance-based toll system with toll booths, but now also offers digital vignette options (E-Vinjeta) for certain sections. Many visitors use a combination of both or the ENC electronic device.\"}},\n                {\"@type\": \"Question\", \"name\": \"How much does the Croatian motorway toll cost?\", \"acceptedAnswer\": {\"@type\": \"Answer\", \"text\": \"Croatian tolls are distance-based. Zagreb to Split costs approximately EUR 25, Zagreb to Rijeka about EUR 8, and Split to Dubrovnik around EUR 12. The A1 motorway to the coast is the main toll route.\"}},\n                {\"@type\": \"Question\", \"name\": \"What is the ENC system in Croatia?\", \"acceptedAnswer\": {\"@type\": \"Answer\", \"text\": \"ENC (Elektroni\u010dka Naplata Cestarine) is Croatia electronic toll collection device. It provides faster passage through dedicated ENC lanes and often offers discounts. Available at toll plazas and service areas.\"}},\n                {\"@type\": \"Question\", \"name\": \"Can I pay Croatian tolls with credit card?\", \"acceptedAnswer\": {\"@type\": \"Answer\", \"text\": \"Yes, credit and debit cards are accepted at Croatian toll booths. Cash payment in EUR is also widely accepted since Croatia adopted the Euro in January 2023.\"}},\n                {\"@type\": \"Question\", \"name\": \"Is there a digital vignette for Croatia?\", \"acceptedAnswer\": {\"@type\": \"Answer\", \"text\": \"Yes, Croatia now offers E-Vinjeta (electronic vignettes) for certain motorway sections, providing an alternative to traditional toll booth payment. These can be purchased online.\"}}\n            ]\n        }\n    ]\n}\n<\/script>\n\n<figure class=\"wp-block-image aligncenter size-large\"><img decoding=\"async\" src=\"https:\/\/vignettego.com\/highway-vignette-europe\/wp-content\/uploads\/2026\/09\/Highway-Vignette-Europe.jpg\" alt=\"Kroati&#xEB; Snelwegtol 2026 - Volledige gids voor het Kroatische snelwegtolsysteem\" style=\"width:100%; height:auto; margin-bottom:20px;\"\/><\/figure>\n\n<p class=\"article-intro\">Kroati\u00eb is een van Europa&#8217;s populairste zomerbestemmingen, beroemd om zijn prachtige Adriatische kustlijn, kristalheldere wateren, historische steden zoals Dubrovnik en Split, en prachtige eilanden. Rijden naar Kroati\u00eb opent ongelooflijke mogelijkheden\u2014van de oude muren van Dubrovnik tot de feeststranden van Zr\u0107e, de watervallen van de Plitvicemeren tot het charmante Istri\u00eb. Deze gids legt alles uit over het tolsysteem van de snelwegen in Kroati\u00eb in 2026, inclusief het <strong>elektronische ENC-systeem<\/strong>, <strong>digitale vignette-opties<\/strong> en praktische tips voor je Kroatische roadtrip.  <\/p>\n\n<div style=\"height:25px\" aria-hidden=\"true\" class=\"wp-block-spacer\"><\/div>\n\n<div class=\"wp-block-buttons is-content-justification-center is-layout-flex wp-container-core-buttons-is-layout-a89b3969 wp-block-buttons-is-layout-flex\">\n<div class=\"wp-block-button\"><a class=\"wp-block-button__link wp-element-button\" href=\"https:\/\/vignettego.com\/\" style=\"background-color:#0066cc;color:#ffffff;padding:15px 30px;font-size:18px;border-radius:8px;\">\ud83d\ude97 Haal je Kroatische digitale vignet op VignetteGo<\/a><\/div>\n<\/div>\n\n<div style=\"height:25px\" aria-hidden=\"true\" class=\"wp-block-spacer\"><\/div>\n\n<h2 class=\"wp-block-heading\">\ud83c\udded\ud83c\uddf7 Kroatisch tolsysteem uitgelegd<\/h2>\n\n<p>In tegenstelling tot de meeste Centraal-Europese landen die tijdgebaseerde vignetten gebruiken, heeft Kroati\u00eb traditioneel een <strong>afstandsgebaseerd tolsysteem<\/strong> met fysieke tolpoortjes. Je neemt een boete op bij het oprijden van de snelweg en betaalt op basis van de afgelegde afstand bij het afrijden. Kroati\u00eb biedt echter nu ook <strong>digitale vignette-opties (E-Vinjeta)<\/strong> voor bepaalde snelwegtrajecten, wat meer flexibiliteit biedt voor reizigers.  <\/p>\n\n<p>Het Kroatische snelwegennetwerk wordt beheerd door <strong>HAC (Hrvatske Autoceste)<\/strong> en <strong>AZM (Autocesta Zagreb-Macelj).<\/strong> Sinds januari 2023 heeft Kroati\u00eb de <strong>euro (EUR)<\/strong> als valuta aangenomen, waardoor betalingen voor EU-bezoekers gemakkelijker worden. <\/p>\n\n<h2 class=\"wp-block-heading\">\ud83d\udccb Kroatische tolbetalingsopties<\/h2>\n\n<h3 class=\"wp-block-heading\">Optie 1: Traditionele tolpoorten (Meest Voorkomend)<\/h3>\n\n<p>Neem een ticket bij de ingang, betaal bij de uitgang. Betaling geaccepteerd: <\/p>\n\n<ul class=\"wp-block-list\">\n<li><strong>Contant:<\/strong> EUR (geen Kroatische kuna meer nodig)<\/li>\n<li><strong>Creditcards\/debetkaarten:<\/strong> Visa en Mastercard breed geaccepteerd<\/li>\n<li><strong>ENC-apparaat:<\/strong> Elektronische betaling (zie hieronder)<\/li>\n<\/ul>\n\n<h3 class=\"wp-block-heading\">Optie 2: ENC Elektronisch Apparaat<\/h3>\n\n<p><strong>ENC (Elektroni\u010dka Naplata Cestarine)<\/strong> is een elektronisch tolheffingssysteem in Kroati\u00eb. Voordelen: <\/p>\n\n<ul class=\"wp-block-list\">\n<li>Snellere doorgang door speciale ENC-rijstroken<\/li>\n<li>Mogelijke kortingen op tolkosten<\/li>\n<li>Je hoeft niet bij tolpoortjes te stoppen<\/li>\n<li>Te koop bij tolpoorten en servicegebieden<\/li>\n<\/ul>\n\n<p>Het ENC-apparaat kost een kleine borg en kan worden aangevuld met krediet. Voor frequente bezoekers wordt het sterk aanbevolen. <\/p>\n\n<h3 class=\"wp-block-heading\">Optie 3: Digitale Vignette (E-Vinjeta)<\/h3>\n\n<p>Kroati\u00eb biedt nu <strong>E-Vinjeta<\/strong> (elektronische vignetten) aan voor bepaalde snelwegtrajecten, waardoor je tolpoortjes volledig kunt omzeilen. Verkrijgbaar bij <a href=\"https:\/\/vignettego.com\/\" title=\"Kroatische digitale vignette\">VignetteGo<\/a>. <\/p>\n\n<div style=\"height:25px\" aria-hidden=\"true\" class=\"wp-block-spacer\"><\/div>\n\n<div class=\"wp-block-buttons is-content-justification-center is-layout-flex wp-container-core-buttons-is-layout-a89b3969 wp-block-buttons-is-layout-flex\">\n<div class=\"wp-block-button\"><a class=\"wp-block-button__link wp-element-button\" href=\"https:\/\/vignettego.com\/\" style=\"background-color:#28a745;color:#ffffff;padding:15px 30px;font-size:18px;border-radius:8px;\">\u2705 Ontvang Europese vignetten \u2013 Alle landen \u2013 bij VignetteGo<\/a><\/div>\n<\/div>\n\n<div style=\"height:25px\" aria-hidden=\"true\" class=\"wp-block-spacer\"><\/div>\n\n<h2 class=\"wp-block-heading\">\ud83d\udcb0 Kroatische snelwegtolprijzen 2026<\/h2>\n\n<p>Kroatische tolgelden zijn afstandsgebonden, dus de kosten hangen af van je route. Hier zijn ongeveer de prijzen voor gangbare routes (categorie I &#8211; reguliere auto&#8217;s): <\/p>\n\n<figure class=\"wp-block-table\"><table><thead><tr><th>Route<\/th><th>Afstand<\/th><th>Ongeveer tol <\/th><\/tr><\/thead><tbody><tr><td><strong>Zagreb \u2013 Split<\/strong><\/td><td>~400 km<\/td><td>~EUR 25<\/td><\/tr><tr><td><strong>Zagreb \u2013 Rijeka<\/strong><\/td><td>~170 km<\/td><td>~EUR 8<\/td><\/tr><tr><td><strong>Zagreb \u2013 Zadar<\/strong><\/td><td>~280 km<\/td><td>~EUR 17<\/td><\/tr><tr><td><strong>Split \u2013 Dubrovnik<\/strong><\/td><td>~220 km<\/td><td>~EUR 12<\/td><\/tr><tr><td><strong>Zagreb \u2013 Dubrovnik<\/strong><\/td><td>~600 km<\/td><td>~EUR 35<\/td><\/tr><tr><td><strong>Ljubljana \u2013 Zagreb<\/strong><\/td><td>~140 km<\/td><td>~EUR 7<\/td><\/tr><\/tbody><\/table><\/figure>\n\n<p><strong>Opmerking:<\/strong> Prijzen zijn indicatief. De daadwerkelijke tol kan enigszins vari\u00ebren afhankelijk van specifieke in- en uitgangspunten en voertuigcategorie. <\/p>\n\n<h2 class=\"wp-block-heading\">\ud83d\udee3\ufe0f Kroatisch snelwegennetwerk<\/h2>\n\n<p>Kroati\u00eb heeft een uitstekend snelwegennetwerk dat grote steden en de kust verbindt. Hier zijn de belangrijkste routes: <\/p>\n\n<h3 class=\"wp-block-heading\">A1 \u2013 De Dalmatische Autosnelweg<\/h3>\n\n<p>De belangrijkste toeristische route, die <strong>Zagreb met Split verbindt en verder richting Dubrovnik<\/strong> loopt. Deze prachtige snelweg loopt parallel aan de Adriatische kust en biedt toegang tot alle belangrijke kustbestemmingen. Totale lengte: ongeveer 550 km. Beschikt over verschillende indrukwekkende bruggen en tunnels door de Dinarische Alpen.   <\/p>\n\n<h3 class=\"wp-block-heading\">A2 \u2013 Zagreb tot Macelj (Slovenische grens)<\/h3>\n\n<p>Verbindt Zagreb met Sloveni\u00eb, en loopt verder naar Ljubljana en verder. De hoofdroute voor reizigers uit Centraal-Europa. Lengte: ongeveer 60 km in Kroati\u00eb.  <\/p>\n\n<h3 class=\"wp-block-heading\">A3 \u2013 Bregana naar lipovac<\/h3>\n\n<p>Oost-westroute die de Sloveense grens (Bregana) via Zagreb verbindt met de Servische grens (Lipovac). Onderdeel van de Europese E70-corridor. Lengte: ongeveer 300 km.  <\/p>\n\n<h3 class=\"wp-block-heading\">A4 \u2013 Zagreb tot Gori\u010dan (Hongaarse grens)<\/h3>\n\n<p>Verbindt Zagreb met Hongarije, de belangrijkste route voor reizigers uit Boedapest. Lengte: ongeveer 97 km. <\/p>\n\n<h3 class=\"wp-block-heading\">A6 \u2013 Rijeka Bypass<\/h3>\n\n<p>Verbindt de A1 bij Bosiljevo met Rijeka en het schiereiland Istri\u00eb. Essentieel om Istri\u00eb vanuit Zagreb te bereiken. <\/p>\n\n<h3 class=\"wp-block-heading\">A7\/A8\/A9 \u2013 Istrische Y<\/h3>\n\n<p>Netwerk van snelwegen die het schiereiland Istri\u00eb bedienen en Rijeka verbinden met Pula en andere Istrische bestemmingen. Over het algemeen minder verkeer dan de A1. <\/p>\n\n<div style=\"height:25px\" aria-hidden=\"true\" class=\"wp-block-spacer\"><\/div>\n\n<div class=\"wp-block-buttons is-content-justification-center is-layout-flex wp-container-core-buttons-is-layout-a89b3969 wp-block-buttons-is-layout-flex\">\n<div class=\"wp-block-button\"><a class=\"wp-block-button__link wp-element-button\" href=\"https:\/\/vignettego.com\/\" style=\"background-color:#ff6600;color:#ffffff;padding:15px 30px;font-size:18px;border-radius:8px;\">\ud83d\uded2 Haal nu je Europese vignetten op VignetteGo<\/a><\/div>\n<\/div>\n\n<div style=\"height:25px\" aria-hidden=\"true\" class=\"wp-block-spacer\"><\/div>\n\n<h2 class=\"wp-block-heading\">\ud83d\uddfa\ufe0f Populaire Kroatische roadtriproutes<\/h2>\n\n<h3 class=\"wp-block-heading\">Zagreb naar Split (A1 Dalmatische Autosnelweg)<\/h3>\n\n<p><strong>Afstand:<\/strong> ~400 km | <strong>Duur:<\/strong> 4-4,5 uur | <strong>Tol:<\/strong> ~EUR 25<\/p>\n\n<p>De klassieke Kroatische roadtriproute. De A1 is een moderne, goed onderhouden snelweg met uitstekende servicegebieden. Overweeg een stop bij het Nationaal Park Plitvicemeren (afrit Gornja Plo\u010da)\u2014een van de mooiste natuurattracties van Kroati\u00eb.  <\/p>\n\n<h3 class=\"wp-block-heading\">Zagreb naar Dubrovnik<\/h3>\n\n<p><strong>Afstand:<\/strong> ~600 km | <strong>Duur:<\/strong> 5,5-6 uur | <strong>Tol:<\/strong> ~EUR 35<\/p>\n\n<p>De ultieme Kroatische roadtrip, eindigend in de prachtige ommuurde stad Dubrovnik. Let op: deze route loopt kort door <strong>Bosni\u00eb en Herzegovina<\/strong> bij de Neum-corridor (geen tol, maar met paspoort). Of neem de Pelje\u0161ac-brug om volledig in Kroati\u00eb te verblijven.  <\/p>\n\n<h3 class=\"wp-block-heading\">Ljubljana (Sloveni\u00eb) naar Zagreb<\/h3>\n\n<p><strong>Afstand:<\/strong> ~140 km | <strong>Duur:<\/strong> 1,5-2 uur | <strong>Tol:<\/strong> ~EUR 7 (Kroati\u00eb) + Sloveens vignet<\/p>\n\n<p>De hoofdroute vanuit Midden-Europa. Je hebt een <a href=\"https:\/\/vignettego.com\/highway-vignette-europe\/nl\/slovenie-snelwegvignette-2026-complete-e-vinjeta-gids\/\">Sloveense E-Vinjeta<\/a> nodig voor het Sloveense deel van de reis. <\/p>\n\n<h3 class=\"wp-block-heading\">Istriaanse kust Tour<\/h3>\n\n<p><strong>Route:<\/strong> Rijeka \u2192 Opatija \u2192 Pula \u2192 Rovinj \u2192 Pore\u010d \u2192 terug naar Rijeka<\/p>\n\n<p>Ontdek het prachtige Istrische schiereiland met zijn Italiaanse keuken, dorpen op heuveltoppen en charmante kustplaatsen. Minder druk dan de Dalmatische kust. <\/p>\n\n<h2 class=\"wp-block-heading\">\ud83d\udca1 Kroatische rijtips voor 2026<\/h2>\n\n<h3 class=\"wp-block-heading\">Munt<\/h3>\n\n<p>Sinds januari 2023 gebruikt Kroati\u00eb de <strong>euro (EUR).<\/strong> Er is geen noodzaak om geld te wisselen als je uit een ander euroland komt. Creditcards worden breed geaccepteerd.  <\/p>\n\n<h3 class=\"wp-block-heading\">Snelheidslimieten<\/h3>\n\n<ul class=\"wp-block-list\">\n<li><strong>Snelwegen:<\/strong> 130 km\/u<\/li>\n<li><strong>Nationale wegen:<\/strong> 90 km\/u<\/li>\n<li><strong>Stedelijke gebieden:<\/strong> 50 km\/u<\/li>\n<\/ul>\n\n<h3 class=\"wp-block-heading\">Zomerverkeer<\/h3>\n\n<p><strong>Waarschuwing:<\/strong> De A1 naar de kust kent <strong>extreem druk verkeer<\/strong> in juli en augustus, vooral op zaterdagen (de overgangsdag voor wekelijkse verhuur). Reis vroeg in de ochtend of laat in de avond om de ergste congestie te vermijden. <\/p>\n\n<h3 class=\"wp-block-heading\">Vereiste uitrusting<\/h3>\n\n<ul class=\"wp-block-list\">\n<li>Waarschuwingsdriehoek<\/li>\n<li>Reflecterend vest<\/li>\n<li>EHBO-doos<\/li>\n<li>Koplampen altijd aan tijdens het rijden<\/li>\n<\/ul>\n\n<h2 class=\"wp-block-heading\" id=\"faq-section\">\u2753 Veelgestelde vragen<\/h2>\n\n<h3 class=\"wp-block-heading\">Heb ik een vignet nodig of moet ik betalen bij tolpoortjes in Kroati\u00eb?<\/h3>\n\n<p>Je kunt beide systemen gebruiken. Traditionele tolpoortjes werken op basis van afstandsbetaling. Alternatief zijn digitale vignetten (E-Vinjeta) nu beschikbaar voor bepaalde secties.  <\/p>\n\n<h3 class=\"wp-block-heading\">Kan ik naar Dubrovnik rijden zonder Kroati\u00eb te verlaten?<\/h3>\n\n<p>Ja! Sinds de opening van de Pelje\u0161ac-brug in 2022 kun je nu van Split naar Dubrovnik rijden zonder de Neum-corridor Bosni\u00eb-Herzegovina te passeren. <\/p>\n\n<h3 class=\"wp-block-heading\">Is het ENC-apparaat de moeite waard?<\/h3>\n\n<p>Voor frequente bezoekers of mensen die meerdere weken blijven, ja. Voor \u00e9\u00e9n rit zijn tolpoortjes of digitale vignetten praktischer. <\/p>\n\n<div style=\"height:25px\" aria-hidden=\"true\" class=\"wp-block-spacer\"><\/div>\n\n<div class=\"wp-block-buttons is-content-justification-center is-layout-flex wp-container-core-buttons-is-layout-a89b3969 wp-block-buttons-is-layout-flex\">\n<div class=\"wp-block-button\"><a class=\"wp-block-button__link wp-element-button\" href=\"https:\/\/vignettego.com\/\" style=\"background-color:#e91e63;color:#ffffff;padding:15px 30px;font-size:18px;border-radius:8px;\">\ud83d\ude97 Haal je Europese snelwegvignetten op VignetteGo \u2192<\/a><\/div>\n<\/div>\n\n<div style=\"height:25px\" aria-hidden=\"true\" class=\"wp-block-spacer\"><\/div>\n\n<h2 class=\"wp-block-heading\">\ud83c\udfd6\ufe0f Waarom Kroati\u00eb bezoeken?<\/h2>\n\n<ul class=\"wp-block-list\">\n<li><strong>Adembenemende kustlijn:<\/strong> Meer dan 1.000 eilanden en kristalheldere Adriatische wateren<\/li>\n<li><strong>Historische steden:<\/strong> Dubrovnik, Split, Zadar\u2014UNESCO Werelderfgoedlocaties<\/li>\n<li><strong>Game of Thrones-locaties:<\/strong> Dubrovnik diende als Koningslanding<\/li>\n<li><strong>Plitvicemeren:<\/strong> Spectaculair nationaal park met watervallen die vallen naar boven stromen<\/li>\n<li><strong>Istri\u00eb:<\/strong> Italiaanse keuken, truffeljacht, dorpen op heuveltoppen<\/li>\n<li><strong>Feestsc\u00e8ne:<\/strong> Zr\u0107e Beach is het &#8220;Kroatische Ibiza&#8221;<\/li>\n<\/ul>\n\n<h2 class=\"wp-block-heading\">\ud83d\udccd Conclusie<\/h2>\n\n<p>Kroati\u00eb biedt enkele van Europa&#8217;s meest lonende roadtrips, van de dramatische A1-snelweg tot de kronkelende kustwegen en charmante Istrische dorpen. Of je nu de voorkeur geeft aan traditionele tolpoortjes, het ENC-elektronische systeem of de nieuwe digitale vignette-opties, het is eenvoudig om Kroati\u00eb te verplaatsen. <\/p>\n\n<p>Om Kroati\u00eb vanuit Centraal-Europa te bereiken, kom je waarschijnlijk via <a href=\"https:\/\/vignettego.com\/highway-vignette-europe\/nl\/slovenie-snelwegvignette-2026-complete-e-vinjeta-gids\/\">Sloveni\u00eb<\/a> of <a href=\"https:\/\/vignettego.com\/highway-vignette-europe\/nl\/hongaarse-snelwegvignette-2026-volledige-e-matrica-gids\/\">Hongarije<\/a>. Verzamel al je vignetten op \u00e9\u00e9n plek bij <a href=\"https:\/\/vignettego.com\/\" title=\"VignetteGo - Europese snelwegvignetten\">VignetteGo<\/a>. <\/p>\n\n<p><strong>Geniet van de Kroatische kust! \ud83c\udded\ud83c\uddf7\ud83c\udfd6\ufe0f <\/strong><\/p>\n\n<p><strong>Gerelateerde gidsen:<\/strong> <a href=\"https:\/\/vignettego.com\/highway-vignette-europe\/nl\/slovenie-snelwegvignette-2026-complete-e-vinjeta-gids\/\">Sloveni\u00eb E-Vinjeta<\/a> | <a href=\"https:\/\/vignettego.com\/highway-vignette-europe\/nl\/hongaarse-snelwegvignette-2026-volledige-e-matrica-gids\/\">Hongarije E-Matrica<\/a> | <a href=\"https:\/\/vignettego.com\/\">Alle Europese vignetten<\/a><\/p>\n","protected":false},"excerpt":{"rendered":"<p>Kroati\u00eb is een van Europa&#8217;s populairste zomerbestemmingen, beroemd om zijn prachtige Adriatische kustlijn, kristalheldere wateren, historische steden zoals Dubrovnik en Split, en prachtige eilanden. Rijden naar Kroati\u00eb opent ongelooflijke mogelijkheden\u2014van de oude muren van Dubrovnik tot de feeststranden van Zr\u0107e, de watervallen van de Plitvicemeren tot het charmante Istri\u00eb. Deze gids legt alles uit over [&hellip;]<\/p>\n","protected":false},"author":0,"featured_media":0,"parent":0,"menu_order":0,"comment_status":"closed","ping_status":"closed","template":"","meta":{"footnotes":""},"class_list":["post-628","page","type-page","status-publish","hentry"],"_links":{"self":[{"href":"https:\/\/vignettego.com\/highway-vignette-europe\/nl\/wp-json\/wp\/v2\/pages\/628","targetHints":{"allow":["GET"]}}],"collection":[{"href":"https:\/\/vignettego.com\/highway-vignette-europe\/nl\/wp-json\/wp\/v2\/pages"}],"about":[{"href":"https:\/\/vignettego.com\/highway-vignette-europe\/nl\/wp-json\/wp\/v2\/types\/page"}],"replies":[{"embeddable":true,"href":"https:\/\/vignettego.com\/highway-vignette-europe\/nl\/wp-json\/wp\/v2\/comments?post=628"}],"version-history":[{"count":4,"href":"https:\/\/vignettego.com\/highway-vignette-europe\/nl\/wp-json\/wp\/v2\/pages\/628\/revisions"}],"predecessor-version":[{"id":1280,"href":"https:\/\/vignettego.com\/highway-vignette-europe\/nl\/wp-json\/wp\/v2\/pages\/628\/revisions\/1280"}],"wp:attachment":[{"href":"https:\/\/vignettego.com\/highway-vignette-europe\/nl\/wp-json\/wp\/v2\/media?parent=628"}],"curies":[{"name":"wp","href":"https:\/\/api.w.org\/{rel}","templated":true}]}}