{"id":581,"date":"2026-01-04T01:37:39","date_gmt":"2026-01-04T01:37:39","guid":{"rendered":"https:\/\/vignettego.com\/highway-vignette-europe\/hongaarse-snelwegvignette-2026-volledige-e-matrica-gids\/"},"modified":"2026-01-04T12:39:58","modified_gmt":"2026-01-04T12:39:58","slug":"hongaarse-snelwegvignette-2026-volledige-e-matrica-gids","status":"publish","type":"page","link":"https:\/\/vignettego.com\/highway-vignette-europe\/nl\/hongaarse-snelwegvignette-2026-volledige-e-matrica-gids\/","title":{"rendered":"Hongaarse snelwegvignette 2026: Volledige E-Matrica Gids"},"content":{"rendered":"\n<script type=\"application\/ld+json\">{\n    \"@context\": \"https:\/\/schema.org\",\n    \"@graph\": [\n        {\n            \"@type\": \"Article\",\n            \"@id\": \"https:\/\/vignettego.com\/highway-vignette-europe\/hungary-highway-vignette-guide\/#article\",\n            \"headline\": \"Hungary Highway Vignette 2026: Complete E-Matrica Guide\",\n            \"description\": \"Everything about the Hungarian E-Matrica system 2026: prices, validity, how to buy online, and essential tips for driving on Hungarian motorways. Your complete guide to the electronic vignette.\",\n            \"image\": \"https:\/\/vignettego.com\/highway-vignette-europe\/wp-content\/uploads\/2026\/09\/Highway-Vignette-Europe.jpg\",\n            \"datePublished\": \"2026-01-04\",\n            \"dateModified\": \"2026-01-04\",\n            \"author\": {\"@type\": \"Organization\", \"name\": \"VignetteGo\", \"url\": \"https:\/\/vignettego.com\"},\n            \"publisher\": {\"@type\": \"Organization\", \"name\": \"VignetteGo\"},\n            \"mainEntityOfPage\": {\"@type\": \"WebPage\", \"@id\": \"https:\/\/vignettego.com\/highway-vignette-europe\/hungary-highway-vignette-guide\/\"},\n            \"articleSection\": \"Highway Vignettes\",\n            \"keywords\": [\"Hungary vignette\", \"E-Matrica\", \"Hungarian motorway\", \"Budapest driving\", \"M1 motorway\", \"Hungary toll\"],\n            \"inLanguage\": \"en\",\n            \"speakable\": {\"@type\": \"SpeakableSpecification\", \"cssSelector\": [\".article-intro\", \"#faq-section\"]}\n        },\n        {\n            \"@type\": \"BreadcrumbList\",\n            \"itemListElement\": [\n                {\"@type\": \"ListItem\", \"position\": 1, \"name\": \"VignetteGo\", \"item\": \"https:\/\/vignettego.com\/\"},\n                {\"@type\": \"ListItem\", \"position\": 2, \"name\": \"Highway Vignette Europe\", \"item\": \"https:\/\/vignettego.com\/highway-vignette-europe\/\"},\n                {\"@type\": \"ListItem\", \"position\": 3, \"name\": \"Hungary Guide\", \"item\": \"https:\/\/vignettego.com\/highway-vignette-europe\/hungary-highway-vignette-guide\/\"}\n            ]\n        },\n        {\n            \"@type\": \"FAQPage\",\n            \"mainEntity\": [\n                {\"@type\": \"Question\", \"name\": \"How much does a Hungarian E-Matrica cost?\", \"acceptedAnswer\": {\"@type\": \"Answer\", \"text\": \"For 2026, the D1 category (standard cars) costs approximately: 10-day regional HUF 4,270, 10-day national HUF 5,950, monthly HUF 6,590, and annual HUF 57,420. Prices may be adjusted.\"}},\n                {\"@type\": \"Question\", \"name\": \"Can I buy the Hungarian E-Matrica online?\", \"acceptedAnswer\": {\"@type\": \"Answer\", \"text\": \"Yes, you can purchase the E-Matrica online at VignetteGo or the official Hungarian motorway website. Registration is linked to your license plate, so no physical sticker is needed.\"}},\n                {\"@type\": \"Question\", \"name\": \"What is the difference between regional and national E-Matrica?\", \"acceptedAnswer\": {\"@type\": \"Answer\", \"text\": \"Regional E-Matrica (D1 REGIONAL) covers only the main transit routes (M1, M5, M7 etc.), while National E-Matrica (D1) covers the entire motorway network including all M and R roads.\"}},\n                {\"@type\": \"Question\", \"name\": \"What if I drive without a vignette in Hungary?\", \"acceptedAnswer\": {\"@type\": \"Answer\", \"text\": \"Fines for driving without a valid E-Matrica are significant\u2014from HUF 14,875 to HUF 88,500 depending on vehicle category. Enforcement is done via cameras, so non-compliance is easily detected.\"}},\n                {\"@type\": \"Question\", \"name\": \"Do I need a vignette for all roads in Hungary?\", \"acceptedAnswer\": {\"@type\": \"Answer\", \"text\": \"No, only motorways (M roads) and expressways (R roads) require a vignette. Regular national roads and local roads are free to use.\"}}\n            ]\n        }\n    ]\n}\n<\/script>\n\n<figure class=\"wp-block-image aligncenter size-large\"><img decoding=\"async\" src=\"https:\/\/vignettego.com\/highway-vignette-europe\/wp-content\/uploads\/2026\/09\/Highway-Vignette-Europe.jpg\" alt=\"Hongarije E-Matrica 2026 - Volledige gids voor het Hongaarse snelwegvignette\" style=\"width:100%; height:auto; margin-bottom:20px;\"\/><\/figure>\n\n<p class=\"article-intro\">Hongarije ligt op het kruispunt van Centraal-Europa, waardoor het een belangrijk transitland is voor reizigers die naar de Balkan, Oostenrijk, Slowakije of Roemeni\u00eb gaan. Van het prachtige parlementsgebouw in Boedapest tot de thermale baden van H\u00e9v\u00edz, het wijnland Tokaj en de uitgestrekte vlaktes van de Puszta, biedt Hongarije rijke culturele ervaringen. Deze gids behandelt alles over de <strong>Hongaarse E-Matrica (elektronische vignette)<\/strong> voor 2026: prijzen, geldigheidstypes, waar te kopen en essenti\u00eble tips voor rijden op Hongaarse snelwegen.  <\/p>\n\n<div style=\"height:25px\" aria-hidden=\"true\" class=\"wp-block-spacer\"><\/div>\n\n<div class=\"wp-block-buttons is-content-justification-center is-layout-flex wp-container-core-buttons-is-layout-a89b3969 wp-block-buttons-is-layout-flex\">\n<div class=\"wp-block-button\"><a class=\"wp-block-button__link wp-element-button\" href=\"https:\/\/vignettego.com\/\" style=\"background-color:#0066cc;color:#ffffff;padding:15px 30px;font-size:18px;border-radius:8px;\">\ud83d\ude97 Haal je Hongaarse E-Matrica op VignetteGo<\/a><\/div>\n<\/div>\n\n<div style=\"height:25px\" aria-hidden=\"true\" class=\"wp-block-spacer\"><\/div>\n\n<h2 class=\"wp-block-heading\">\ud83c\udded\ud83c\uddfa Wat is de Hongaarse E-Matrica?<\/h2>\n\n<p>Hongarije was een van de eerste Europese landen die in 2008 een volledig <strong>elektronisch vignettesysteem (E-Matrica)<\/strong> invoerde. Er is geen fysieke sticker nodig\u2014je kenteken van je voertuig staat geregistreerd in de nationale toldatabase en camerasystemen langs de snelwegen verifi\u00ebren automatisch je vignettestatus. <\/p>\n\n<p>Het E-Matrica systeem dekt alle Hongaarse <strong>snelwegen (M-wegen)<\/strong> en <strong>snelwegen (R-wegen).<\/strong> Reguliere nationale wegen (hoofdwegen genummerd 1-9, secundaire wegen 10-99, enz.) zijn gratis te gebruiken zonder vignet. <\/p>\n\n<h2 class=\"wp-block-heading\">\ud83d\udcb0 E-Matrica Prijzen 2026<\/h2>\n\n<p>De prijzen zijn in Hongaarse Forint (HUF). Hongarije gebruikt zijn eigen munt en heeft de euro niet aangenomen. De huidige wisselkoers is ongeveer EUR 1 = HUF 400.  <\/p>\n\n<h3 class=\"wp-block-heading\">Categorie D1 (Auto&#8217;s tot 3,5 ton)<\/h3>\n\n<figure class=\"wp-block-table\"><table><thead><tr><th>Vignette-type<\/th><th>Prijs (HUF)<\/th><th>Ongeveer EUR <\/th><\/tr><\/thead><tbody><tr><td><strong>10-daagse regionale wedstrijd<\/strong><\/td><td>HUF 4.270<\/td><td>~EUR 11<\/td><\/tr><tr><td><strong>10-daags nationaal<\/strong><\/td><td>HUF 5.950<\/td><td>~EUR 15<\/td><\/tr><tr><td><strong>Maandelijkse nationale<\/strong><\/td><td>HUF 6.590<\/td><td>~EUR 16<\/td><\/tr><tr><td><strong>Jaarlijkse Nationale<\/strong><\/td><td>HUF 57.420<\/td><td>~EUR 143<\/td><\/tr><\/tbody><\/table><\/figure>\n\n<h3 class=\"wp-block-heading\">Regionaal versus Nationaal E-Matrica<\/h3>\n\n<p><strong>Regionale E-Matrica (D1 REGIONAAL):<\/strong> Behandelt alleen de belangrijkste transitcorridors:<\/p>\n\n<ul class=\"wp-block-list\">\n<li>M1 (Wenen-Boedapest)<\/li>\n<li>M5 (grens tussen Boedapest, Szeged, Servi\u00eb)<\/li>\n<li>M7 (grens tussen Boedapest, het Balatonmeer en Kroati\u00eb)<\/li>\n<li>M3 (grens tussen Boedapest, Debrecen-Oekra\u00efne) \u2013 geselecteerde secties<\/li>\n<li>M15, M30, M31, M35 \u2013 geselecteerde secties<\/li>\n<\/ul>\n\n<p><strong>Nationale E-Matrica (D1):<\/strong> Beslaat het <strong>gehele snelwegennetwerk<\/strong>, waaronder:<\/p>\n\n<ul class=\"wp-block-list\">\n<li>Alle M-wegen (M0, M1, M2, M3, M4, M5, M6, M7, M15, M30, M31, M35, M43, M44, M70, M85, M86)<\/li>\n<li>Alle R-wegen (snelwegen)<\/li>\n<\/ul>\n\n<p><strong>Tip:<\/strong> Als je van plan bent Hongarije buiten de hoofdtransitroutes te verkennen (bijvoorbeeld door badplaatsen op het Balatonmeer, P\u00e9cs, de regio Tokaj te bezoeken), neem dan de National E-Matrica.<\/p>\n\n<h2 class=\"wp-block-heading\">\ud83d\uded2 Waar kun je de Hongaarse E-Matrica kopen<\/h2>\n\n<h3 class=\"wp-block-heading\">Online (Aanbevolen)<\/h3>\n\n<p>De makkelijkste manier om te kopen is online v\u00f3\u00f3r je reis:<\/p>\n\n<ul class=\"wp-block-list\">\n<li><strong><a href=\"https:\/\/vignettego.com\/\">VignetteGo<\/a><\/strong> \u2013 Snelle aankoop met directe bevestiging<\/li>\n<li>Offici\u00eble Hongaarse snelwegwebsite (ematrica.nemzetiutdij.hu)<\/li>\n<\/ul>\n\n<p>Voordelen voor online aankoop: geen wachttijd bij grenstankstations, directe activatie, digitale bevestiging op je telefoon.<\/p>\n\n<h3 class=\"wp-block-heading\">Fysieke aankooppunten<\/h3>\n\n<ul class=\"wp-block-list\">\n<li>Tankstations (MOL, Shell, OMV) door heel Hongarije<\/li>\n<li>Grensovergangen<\/li>\n<li>Postkantoren<\/li>\n<li>Klantenservicecentra<\/li>\n<\/ul>\n\n<div style=\"height:25px\" aria-hidden=\"true\" class=\"wp-block-spacer\"><\/div>\n\n<div class=\"wp-block-buttons is-content-justification-center is-layout-flex wp-container-core-buttons-is-layout-a89b3969 wp-block-buttons-is-layout-flex\">\n<div class=\"wp-block-button\"><a class=\"wp-block-button__link wp-element-button\" href=\"https:\/\/vignettego.com\/\" style=\"background-color:#28a745;color:#ffffff;padding:15px 30px;font-size:18px;border-radius:8px;\">\u2705 Ontvang Europese vignetten \u2013 8 landen \u2013 bij VignetteGo<\/a><\/div>\n<\/div>\n\n<div style=\"height:25px\" aria-hidden=\"true\" class=\"wp-block-spacer\"><\/div>\n\n<h2 class=\"wp-block-heading\">\ud83d\udee3\ufe0f Hongaars snelwegennetwerk<\/h2>\n\n<p>Het snelwegennetwerk van Hongarije straalt als een ster uit Boedapest en verbindt de hoofdstad met alle buurlanden.<\/p>\n\n<h3 class=\"wp-block-heading\">M0 \u2013 Ringweg van Boedapest<\/h3>\n\n<p>De ringbaan rond Boedapest verbindt alle belangrijke radiale snelwegen. Essentieel om het verkeer in het stadscentrum te vermijden bij het passeren van Hongarije. <\/p>\n\n<h3 class=\"wp-block-heading\">M1 \u2013 Boedapest tot Wenen<\/h3>\n\n<p>De hoofdcorridor naar <strong>Oostenrijk<\/strong>, die Boedapest met Wenen verbindt via Gy\u0151r. Totale lengte: ongeveer 170 km. Kruisen naar Oostenrijk bij Hegyeshalom\/Nickelsdorf. Je hebt een <a href=\"https:\/\/vignettego.com\/highway-vignette-europe\/nl\/oostenrijkse-snelwegvignette-2026-complete-digitale-vignette-guide\/\">Oostenrijks vignette<\/a> nodig om verder te gaan.   <\/p>\n\n<h3 class=\"wp-block-heading\">M3 \u2013 Grens tussen Boedapest en Oekra\u00efne<\/h3>\n\n<p>Noordoostelijke corridor richting <strong>Oekra\u00efne en Slowakije<\/strong>, die door Debrecen loopt. Toegang tot de wijnregio Tokaj en het Hortobagy National Park. <\/p>\n\n<h3 class=\"wp-block-heading\">M5 \u2013 Boedapest naar Servi\u00eb Grens<\/h3>\n\n<p>Zuidelijke corridor richting <strong>Servi\u00eb<\/strong>, aansluitend op Szeged en doorlopend naar Subotica\/Belgrado. Totale lengte: ongeveer 156 km. <\/p>\n\n<h3 class=\"wp-block-heading\">M6 \u2013 Boedapest naar Kroati\u00eb Grens<\/h3>\n\n<p>Zuidwestelijke corridor richting <strong>Kroati\u00eb (Barcs),<\/strong> die door P\u00e9cs loopt. Alternatieve route naar de Kroatische kust waarbij Sloveni\u00eb wordt vermeden. <\/p>\n\n<h3 class=\"wp-block-heading\">M7 \u2013 Boedapest tot het Balatonmeer\/Kroati\u00eb<\/h3>\n\n<p>De belangrijkste vakantieroute naar <strong>het Balatonmeer<\/strong> en verder naar <strong>Kroati\u00eb (Letenye).<\/strong> Extreem druk tijdens de zomerweekenden. Totale lengte: ongeveer 232 km.  <\/p>\n\n<h3 class=\"wp-block-heading\">M15 \u2013 Rajka naar Bratislava<\/h3>\n\n<p>Korte snelweg die <strong>Slowakije<\/strong> en Bratislava verbindt, aftakend van de M1. Je hebt een <a href=\"https:\/\/vignettego.com\/highway-vignette-europe\/nl\/slowaakse-snelweg-vignette-2026-volledige-dialnicna-znamka-gids\/\">Slowaaks vignet<\/a> nodig om verder te gaan. <\/p>\n\n<h3 class=\"wp-block-heading\">M70 \u2013 Grens van Letenye naar Sloveni\u00eb<\/h3>\n\n<p>Korte snelweg die <strong>Sloveni\u00eb<\/strong> verbindt, verdergaat als de Sloveense A5. Je hebt een <a href=\"https:\/\/vignettego.com\/highway-vignette-europe\/nl\/slovenie-snelwegvignette-2026-complete-e-vinjeta-gids\/\">Sloveense E-Vinjeta<\/a> nodig om verder te gaan. <\/p>\n\n<h2 class=\"wp-block-heading\">\ud83d\uddfa\ufe0f Populaire routes door Hongarije<\/h2>\n\n<h3 class=\"wp-block-heading\">Wenen naar Boedapest (M1)<\/h3>\n\n<p><strong>Afstand:<\/strong> ~250 km | <strong>Duur:<\/strong> 2,5-3 uur | <strong>Vignetten nodig:<\/strong> Oostenrijks + Hongaars<\/p>\n\n<p>De klassieke Centraal-Europese route. Uitstekende snelwegcondities. Overweeg een stop in Gy\u0151r\u2014een prachtige barokke stad.  <\/p>\n\n<h3 class=\"wp-block-heading\">Boedapest naar het Balatonmeer (M7)<\/h3>\n\n<p><strong>Afstand:<\/strong> ~100 km (naar Si\u00f3fok) | <strong>Duur:<\/strong> 1-1,5 uur<\/p>\n\n<p>Centraal-Europa is het grootste meer en Hongarije de belangrijkste zomerbestemming. De M7 is extreem druk op zomerse vrijdagen en zondagen. <\/p>\n\n<h3 class=\"wp-block-heading\">Boedapest naar Kroatische kust (via M7\/M70)<\/h3>\n\n<p><strong>Route:<\/strong> Boedapest \u2192 Balatonmeer \u2192 Letenye \u2192 Zagreb \u2192 Split<\/p>\n\n<p>Alternatieve route naar Kroati\u00eb via Hongarije en Sloveni\u00eb. Vignetten nodig: Hongaarse E-Matrica + <a href=\"https:\/\/vignettego.com\/highway-vignette-europe\/nl\/slovenie-snelwegvignette-2026-complete-e-vinjeta-gids\/\">Sloveense E-Vinjeta<\/a> + <a href=\"https:\/\/vignettego.com\/highway-vignette-europe\/nl\/croatia-highway-vignette-2026-complete-enc-digitale-tolgids\/\">Kroatische tolgeld<\/a>. <\/p>\n\n<h3 class=\"wp-block-heading\">Wenen naar Roemeni\u00eb (via M1, M0, M5, M43)<\/h3>\n\n<p><strong>Route:<\/strong> Wenen \u2192 Boedapest \u2192 Szeged \u2192 Arad (Roemeni\u00eb)<\/p>\n\n<p>De hoofdroute van West-Europa naar Roemeni\u00eb. Vignetten nodig: Oostenrijks + Hongaars + <a href=\"https:\/\/vignettego.com\/highway-vignette-europe\/nl\/roemenie-snelweg-vignette-2026-volledige-rovinieta-gids\/\">Roemeens Rovinieta<\/a>. <\/p>\n\n<div style=\"height:25px\" aria-hidden=\"true\" class=\"wp-block-spacer\"><\/div>\n\n<div class=\"wp-block-buttons is-content-justification-center is-layout-flex wp-container-core-buttons-is-layout-a89b3969 wp-block-buttons-is-layout-flex\">\n<div class=\"wp-block-button\"><a class=\"wp-block-button__link wp-element-button\" href=\"https:\/\/vignettego.com\/\" style=\"background-color:#ff6600;color:#ffffff;padding:15px 30px;font-size:18px;border-radius:8px;\">\ud83d\uded2 Bestel alle Europese vignetten bij VignetteGo<\/a><\/div>\n<\/div>\n\n<div style=\"height:25px\" aria-hidden=\"true\" class=\"wp-block-spacer\"><\/div>\n\n<h2 class=\"wp-block-heading\">\u26a0\ufe0f Belangrijke E-Matrica Regels<\/h2>\n\n<h3 class=\"wp-block-heading\">Geldigheidsperiode<\/h3>\n\n<ul class=\"wp-block-list\">\n<li><strong>10-daagse:<\/strong> Geldig gedurende 10 opeenvolgende dagen, inclusief aankoopdag<\/li>\n<li><strong>Maandelijks:<\/strong> Geldig tot dezelfde datum volgende maand<\/li>\n<li><strong>Jaarlijks:<\/strong> Geldig voor \u00e9\u00e9n kalenderjaar van 1 januari tot 31 december, of vanaf de aankoopdatum als het halverwege het jaar is gekocht<\/li>\n<\/ul>\n\n<h3 class=\"wp-block-heading\">Kentekenregistratie<\/h3>\n\n<p>De E-Matrica is geregistreerd op jouw <strong>exacte kentekenplaat<\/strong> en <strong>landcode<\/strong>. Controleer bij aankoop op typfouten! Fouten vereisen het kopen van een nieuw vignet.  <\/p>\n\n<h3 class=\"wp-block-heading\">Boetes voor niet-naleving<\/h3>\n\n<ul class=\"wp-block-list\">\n<li><strong>D1-categorie (auto&#8217;s):<\/strong> HUF 14.875 tot HUF 88.500<\/li>\n<li><strong>On-the-spot betaling:<\/strong> Meestal lager als het binnen 60 dagen wordt betaald<\/li>\n<li>Handhaving via automatische camerasystemen (ANPR)<\/li>\n<\/ul>\n\n<h2 class=\"wp-block-heading\">\ud83d\udca1 Hongarije Rijtips voor 2026<\/h2>\n\n<h3 class=\"wp-block-heading\">Munt<\/h3>\n\n<p>Hongarije gebruikt de <strong>Hongaarse Forint (HUF).<\/strong> Euro&#8217;s worden niet breed geaccepteerd, behalve bij sommige grenstankstations. Creditcards worden bijna overal geaccepteerd.  <\/p>\n\n<h3 class=\"wp-block-heading\">Snelheidslimieten<\/h3>\n\n<ul class=\"wp-block-list\">\n<li><strong>Snelwegen:<\/strong> 130 km\/u<\/li>\n<li><strong>Snelwegen:<\/strong> 110 km\/u<\/li>\n<li><strong>Hoofdwegen:<\/strong> 90 km\/u<\/li>\n<li><strong>Stedelijke gebieden:<\/strong> 50 km\/u<\/li>\n<\/ul>\n\n<h3 class=\"wp-block-heading\">Vereiste uitrusting<\/h3>\n\n<ul class=\"wp-block-list\">\n<li>Waarschuwingsdriehoek<\/li>\n<li>Reflecterend vest<\/li>\n<li>EHBO-doos<\/li>\n<li><strong>Koplampen:<\/strong> Moet altijd buiten bebouwde gebieden aanwezig zijn<\/li>\n<\/ul>\n\n<h3 class=\"wp-block-heading\">Zero Tolerance Alcoholbeleid<\/h3>\n\n<p>Hongarije hanteert een <strong>zerotolerancebeleid<\/strong> voor rijden onder invloed. De bloedalcohollimiet is 0,0%. De straffen zijn streng.  <\/p>\n\n<h2 class=\"wp-block-heading\" id=\"faq-section\">\u2753 Veelgestelde vragen<\/h2>\n\n<h3 class=\"wp-block-heading\">Heb ik een vignet nodig voor de M0-ringweg?<\/h3>\n\n<p>Ja, de M0 Boedapest ringweg vereist een geldige E-Matrica.<\/p>\n\n<h3 class=\"wp-block-heading\">Kan ik het regionale vignet voor Lake Balaton gebruiken?<\/h3>\n\n<p>Ja, de M7 naar het Balatonmeer wordt gedekt door de regionale E-Matrica. Als je echter van plan bent verder te gaan dan de hoofdcorridor van de M7, neem dan de nationale vignette. <\/p>\n\n<h3 class=\"wp-block-heading\">Wat als ik een auto huur in Hongarije?<\/h3>\n\n<p>Neem contact op met je verhuurbedrijf\u2014sommige bevatten de E-Matrica, andere vereisen dat je hem apart koopt. Controleer het voordat je het voertuig ophaalt. <\/p>\n\n<div style=\"height:25px\" aria-hidden=\"true\" class=\"wp-block-spacer\"><\/div>\n\n<div class=\"wp-block-buttons is-content-justification-center is-layout-flex wp-container-core-buttons-is-layout-a89b3969 wp-block-buttons-is-layout-flex\">\n<div class=\"wp-block-button\"><a class=\"wp-block-button__link wp-element-button\" href=\"https:\/\/vignettego.com\/\" style=\"background-color:#e91e63;color:#ffffff;padding:15px 30px;font-size:18px;border-radius:8px;\">\ud83d\ude97 Haal je Europese snelwegvignetten op VignetteGo \u2192<\/a><\/div>\n<\/div>\n\n<div style=\"height:25px\" aria-hidden=\"true\" class=\"wp-block-spacer\"><\/div>\n\n<h2 class=\"wp-block-heading\">\ud83c\udff0 Waarom Hongarije bezoeken?<\/h2>\n\n<ul class=\"wp-block-list\">\n<li><strong>Boedapest:<\/strong> Het &#8220;Parijs van het Oosten&#8221; met verbluffende architectuur<\/li>\n<li><strong>Thermale baden:<\/strong> Hongarije heeft meer dan 1.000 natuurlijke warmwaterbronnen<\/li>\n<li><strong>Balatonmeer:<\/strong> Grootste meer van Centraal-Europa, perfect voor de zomer<\/li>\n<li><strong>Tokaj Wijnregio:<\/strong> UNESCO Werelderfgoed zoete wijnen<\/li>\n<li><strong>Hortobagy:<\/strong> De uitgestrekte Hongaarse vlaktes, traditionele ruiters<\/li>\n<li><strong>Eger:<\/strong> Historisch wijnstadje, Ottomaanse vesting<\/li>\n<\/ul>\n\n<h2 class=\"wp-block-heading\">\ud83d\udccd Conclusie<\/h2>\n\n<p>Het goed onderhouden snelwegennetwerk van Hongarije maakt het gemakkelijk om dit fascinerende land te verkennen of te doorkruisen. Het E-Matica-systeem is eenvoudig\u2014koop online voor je reis en geniet van probleemloos rijden. <\/p>\n\n<p>Voor roadtrips over meerdere landen combineer je je Hongaarse E-Matrica met vignetten voor <a href=\"https:\/\/vignettego.com\/highway-vignette-europe\/nl\/oostenrijkse-snelwegvignette-2026-complete-digitale-vignette-guide\/\">Oostenrijk<\/a>, <a href=\"https:\/\/vignettego.com\/highway-vignette-europe\/nl\/slowaakse-snelweg-vignette-2026-volledige-dialnicna-znamka-gids\/\">Slowakije<\/a>, <a href=\"https:\/\/vignettego.com\/highway-vignette-europe\/nl\/slovenie-snelwegvignette-2026-complete-e-vinjeta-gids\/\">Sloveni\u00eb<\/a> en <a href=\"https:\/\/vignettego.com\/highway-vignette-europe\/nl\/roemenie-snelweg-vignette-2026-volledige-rovinieta-gids\/\">Roemeni\u00eb<\/a>. Verzamel al je vignetten op \u00e9\u00e9n plek bij <a href=\"https:\/\/vignettego.com\/\" title=\"VignetteGo - Europese snelwegvignetten\">VignetteGo<\/a>. <\/p>\n\n<p><strong>Geniet van Hongarije! \ud83c\udded\ud83c\uddfa\ud83c\udff0 <\/strong><\/p>\n\n<p><strong>Gerelateerde gidsen:<\/strong> <a href=\"https:\/\/vignettego.com\/highway-vignette-europe\/nl\/oostenrijkse-snelwegvignette-2026-complete-digitale-vignette-guide\/\">Austria Digital Vignette<\/a> | <a href=\"https:\/\/vignettego.com\/highway-vignette-europe\/nl\/slowaakse-snelweg-vignette-2026-volledige-dialnicna-znamka-gids\/\">Slowakije Vignette<\/a> | <a href=\"https:\/\/vignettego.com\/\">Alle Europese vignetten<\/a><\/p>\n","protected":false},"excerpt":{"rendered":"<p>Hongarije ligt op het kruispunt van Centraal-Europa, waardoor het een belangrijk transitland is voor reizigers die naar de Balkan, Oostenrijk, Slowakije of Roemeni\u00eb gaan. Van het prachtige parlementsgebouw in Boedapest tot de thermale baden van H\u00e9v\u00edz, het wijnland Tokaj en de uitgestrekte vlaktes van de Puszta, biedt Hongarije rijke culturele ervaringen. Deze gids behandelt alles [&hellip;]<\/p>\n","protected":false},"author":0,"featured_media":0,"parent":0,"menu_order":0,"comment_status":"closed","ping_status":"closed","template":"","meta":{"footnotes":""},"class_list":["post-581","page","type-page","status-publish","hentry"],"_links":{"self":[{"href":"https:\/\/vignettego.com\/highway-vignette-europe\/nl\/wp-json\/wp\/v2\/pages\/581","targetHints":{"allow":["GET"]}}],"collection":[{"href":"https:\/\/vignettego.com\/highway-vignette-europe\/nl\/wp-json\/wp\/v2\/pages"}],"about":[{"href":"https:\/\/vignettego.com\/highway-vignette-europe\/nl\/wp-json\/wp\/v2\/types\/page"}],"replies":[{"embeddable":true,"href":"https:\/\/vignettego.com\/highway-vignette-europe\/nl\/wp-json\/wp\/v2\/comments?post=581"}],"version-history":[{"count":4,"href":"https:\/\/vignettego.com\/highway-vignette-europe\/nl\/wp-json\/wp\/v2\/pages\/581\/revisions"}],"predecessor-version":[{"id":1261,"href":"https:\/\/vignettego.com\/highway-vignette-europe\/nl\/wp-json\/wp\/v2\/pages\/581\/revisions\/1261"}],"wp:attachment":[{"href":"https:\/\/vignettego.com\/highway-vignette-europe\/nl\/wp-json\/wp\/v2\/media?parent=581"}],"curies":[{"name":"wp","href":"https:\/\/api.w.org\/{rel}","templated":true}]}}