{"id":371,"date":"2026-01-04T01:13:10","date_gmt":"2026-01-04T01:13:10","guid":{"rendered":"https:\/\/vignettego.com\/highway-vignette-europe\/slowaakse-snelweg-vignette-2026-volledige-dialnicna-znamka-gids\/"},"modified":"2026-01-04T12:43:03","modified_gmt":"2026-01-04T12:43:03","slug":"slowaakse-snelweg-vignette-2026-volledige-dialnicna-znamka-gids","status":"publish","type":"page","link":"https:\/\/vignettego.com\/highway-vignette-europe\/nl\/slowaakse-snelweg-vignette-2026-volledige-dialnicna-znamka-gids\/","title":{"rendered":"Slowaakse snelweg Vignette 2026: Volledige Dia\u013eni\u010dn\u00e1 Zn\u00e1mka Gids"},"content":{"rendered":"\n<script type=\"application\/ld+json\">{\n    \"@context\": \"https:\/\/schema.org\",\n    \"@graph\": [\n        {\n            \"@type\": \"Article\",\n            \"@id\": \"https:\/\/vignettego.com\/highway-vignette-europe\/slovakia-highway-vignette-guide\/#article\",\n            \"headline\": \"Slovakia Highway Vignette 2026: Complete E-Znamka Guide\",\n            \"description\": \"Everything about the Slovak E-Znamka system 2026: prices, validity, how to buy online, and essential tips for driving on Slovak motorways. Your complete guide to the electronic vignette.\",\n            \"image\": \"https:\/\/vignettego.com\/highway-vignette-europe\/wp-content\/uploads\/2026\/09\/Highway-Vignette-Europe.jpg\",\n            \"datePublished\": \"2026-01-04\",\n            \"dateModified\": \"2026-01-04\",\n            \"author\": {\"@type\": \"Organization\", \"name\": \"VignetteGo\", \"url\": \"https:\/\/vignettego.com\"},\n            \"publisher\": {\"@type\": \"Organization\", \"name\": \"VignetteGo\"},\n            \"mainEntityOfPage\": {\"@type\": \"WebPage\", \"@id\": \"https:\/\/vignettego.com\/highway-vignette-europe\/slovakia-highway-vignette-guide\/\"},\n            \"articleSection\": \"Highway Vignettes\",\n            \"keywords\": [\"Slovakia vignette\", \"E-Znamka\", \"Slovak motorway\", \"Bratislava driving\", \"High Tatras road trip\", \"Slovakia toll\"],\n            \"inLanguage\": \"en\",\n            \"speakable\": {\"@type\": \"SpeakableSpecification\", \"cssSelector\": [\".article-intro\", \"#faq-section\"]}\n        },\n        {\n            \"@type\": \"BreadcrumbList\",\n            \"itemListElement\": [\n                {\"@type\": \"ListItem\", \"position\": 1, \"name\": \"VignetteGo\", \"item\": \"https:\/\/vignettego.com\/\"},\n                {\"@type\": \"ListItem\", \"position\": 2, \"name\": \"Highway Vignette Europe\", \"item\": \"https:\/\/vignettego.com\/highway-vignette-europe\/\"},\n                {\"@type\": \"ListItem\", \"position\": 3, \"name\": \"Slovakia Guide\", \"item\": \"https:\/\/vignettego.com\/highway-vignette-europe\/slovakia-highway-vignette-guide\/\"}\n            ]\n        },\n        {\n            \"@type\": \"FAQPage\",\n            \"mainEntity\": [\n                {\"@type\": \"Question\", \"name\": \"How much does a Slovak E-Znamka cost?\", \"acceptedAnswer\": {\"@type\": \"Answer\", \"text\": \"For 2026, prices are approximately: 10-day vignette EUR 12, 30-day vignette EUR 17, and annual vignette EUR 60 for vehicles up to 3.5 tonnes. Prices may be adjusted annually.\"}},\n                {\"@type\": \"Question\", \"name\": \"Can I buy the Slovak E-Znamka online?\", \"acceptedAnswer\": {\"@type\": \"Answer\", \"text\": \"Yes, you can purchase the E-Znamka online at VignetteGo or the official Slovak eznamka.sk website. Registration is linked to your license plate, so no physical sticker is needed.\"}},\n                {\"@type\": \"Question\", \"name\": \"Do I need a vignette for all roads in Slovakia?\", \"acceptedAnswer\": {\"@type\": \"Answer\", \"text\": \"No, only motorways (dia\u013enice - D roads) and expressways (r\u00fdchlostn\u00e9 cesty - R roads) require a vignette. Regular national roads (cesty I., II., III. triedy) are free.\"}},\n                {\"@type\": \"Question\", \"name\": \"What if I drive without a vignette in Slovakia?\", \"acceptedAnswer\": {\"@type\": \"Answer\", \"text\": \"Fines for driving without a valid E-Znamka range from EUR 100 to EUR 500. Enforcement is done via cameras, so non-compliance is easily detected.\"}},\n                {\"@type\": \"Question\", \"name\": \"Is the Slovak vignette valid immediately after purchase?\", \"acceptedAnswer\": {\"@type\": \"Answer\", \"text\": \"Yes, the E-Znamka is valid immediately from the time of purchase, or you can select a future start date when buying online.\"}}\n            ]\n        }\n    ]\n}\n<\/script>\n\n<figure class=\"wp-block-image aligncenter size-large\"><img decoding=\"async\" src=\"https:\/\/vignettego.com\/highway-vignette-europe\/wp-content\/uploads\/2026\/09\/Highway-Vignette-Europe.jpg\" alt=\"Slowakje E-Znamka 2026 - Volledige gids voor het Slowaakse snelwegvignette\" style=\"width:100%; height:auto; margin-bottom:20px;\"\/><\/figure>\n\n<p class=\"article-intro\">Slowakije is een verborgen parel in Centraal-Europa en biedt spectaculaire berglandschappen in de Hoge Tatra, charmante middeleeuwse stadjes zoals Bardejov en Levo\u010da, mysterieuze kastelen en uitstekende thermale kuuroorden. Of je nu via Slowakije naar Polen, Oekra\u00efne of Hongarije reist, of dit prachtige land verkent, je hebt de <strong>Slowaakse E-Znamka (elektronische vignette)<\/strong> nodig. Deze gids behandelt alles over het Slowaakse vignettensysteem voor 2026: prijzen, geldigheid, waar te kopen en essenti\u00eble tips voor rijden op Slowaakse snelwegen.  <\/p>\n\n<div style=\"height:25px\" aria-hidden=\"true\" class=\"wp-block-spacer\"><\/div>\n\n<div class=\"wp-block-buttons is-content-justification-center is-layout-flex wp-container-core-buttons-is-layout-a89b3969 wp-block-buttons-is-layout-flex\">\n<div class=\"wp-block-button\"><a class=\"wp-block-button__link wp-element-button\" href=\"https:\/\/vignettego.com\/\" style=\"background-color:#0066cc;color:#ffffff;padding:15px 30px;font-size:18px;border-radius:8px;\">\ud83d\ude97 Haal je Slowaakse E-Znamka op VignetteGo<\/a><\/div>\n<\/div>\n\n<div style=\"height:25px\" aria-hidden=\"true\" class=\"wp-block-spacer\"><\/div>\n\n<h2 class=\"wp-block-heading\">\ud83c\uddf8\ud83c\uddf0 Wat is de Slowaakse E-Znamka?<\/h2>\n\n<p>Slowakije schakelde in 2016 over van fysieke stickervignetten naar een volledig <strong>elektronisch systeem (E-Znamka).<\/strong> Geen oude stickers meer van je voorruit schrapen! De E-Znamka is gekoppeld aan het kenteken van je voertuig en geregistreerd in een centrale database. Camerasystemen langs de snelwegen verifi\u00ebren automatisch je vignettestatus.   <\/p>\n\n<p>Het systeem wordt beheerd door de <strong>Nationale Autosnelwegmaatschappij (NDS \u2013 N\u00e1rodn\u00e1 dia\u013eni\u010dn\u00e1 spolo\u010dnos\u0165).<\/strong> De E-Znamka is verplicht op alle snelwegen (dia\u013enice &#8211; D wegen) en snelwegen (r\u00fdchlostn\u00e9 cesty &#8211; R wegen), maar niet op reguliere nationale wegen. <\/p>\n\n<h2 class=\"wp-block-heading\">\ud83d\udcb0 E-Znamka Prijzen 2026<\/h2>\n\n<p>Slowakije gebruikt de euro (EUR) als valuta, waardoor betalingen eenvoudig zijn voor bezoekers uit andere eurolanden.<\/p>\n\n<figure class=\"wp-block-table\"><table><thead><tr><th>Vignette-type<\/th><th>Voertuigen tot 3,5 ton<\/th><\/tr><\/thead><tbody><tr><td><strong>10-dagen<\/strong><\/td><td>EUR 12<\/td><\/tr><tr><td><strong>30-dagen<\/strong><\/td><td>EUR 17<\/td><\/tr><tr><td><strong>365-dagen (Jaarlijks)<\/strong><\/td><td>EUR 60<\/td><\/tr><\/tbody><\/table><\/figure>\n\n<p><strong>Opmerking:<\/strong> De prijzen zijn voor voertuigen tot 3,5 ton. Grotere voertuigen vallen onder het elektronische tolsysteem en betalen per kilometer. <\/p>\n\n<h2 class=\"wp-block-heading\">\ud83d\uded2 Waar de Slowaakse E-Znamka te kopen<\/h2>\n\n<h3 class=\"wp-block-heading\">Online (Aanbevolen)<\/h3>\n\n<p>De makkelijkste manier om te kopen is online v\u00f3\u00f3r je reis:<\/p>\n\n<ul class=\"wp-block-list\">\n<li><strong><a href=\"https:\/\/vignettego.com\/\">VignetteGo<\/a><\/strong> \u2013 Snelle aankoop met directe bevestiging<\/li>\n<li>Offici\u00eble Slowaakse eznamka.sk website<\/li>\n<\/ul>\n\n<p>Voordelen voor online aankoop: geen wachten bij grenstankstations, directe activatie, digitale bevestiging op je telefoon, mogelijkheid om een toekomstige startdatum te kiezen.<\/p>\n\n<h3 class=\"wp-block-heading\">Fysieke aankooppunten<\/h3>\n\n<ul class=\"wp-block-list\">\n<li>Tankstations (OMV, Shell, Slovnaft) door heel Slowakije<\/li>\n<li>Grensovergangen<\/li>\n<li>Postkantoren<\/li>\n<li>NDS klantenservicecentra<\/li>\n<\/ul>\n\n<div style=\"height:25px\" aria-hidden=\"true\" class=\"wp-block-spacer\"><\/div>\n\n<div class=\"wp-block-buttons is-content-justification-center is-layout-flex wp-container-core-buttons-is-layout-a89b3969 wp-block-buttons-is-layout-flex\">\n<div class=\"wp-block-button\"><a class=\"wp-block-button__link wp-element-button\" href=\"https:\/\/vignettego.com\/\" style=\"background-color:#28a745;color:#ffffff;padding:15px 30px;font-size:18px;border-radius:8px;\">\u2705 Ontvang Europese vignetten \u2013 8 landen \u2013 bij VignetteGo<\/a><\/div>\n<\/div>\n\n<div style=\"height:25px\" aria-hidden=\"true\" class=\"wp-block-spacer\"><\/div>\n\n<h2 class=\"wp-block-heading\">\ud83d\udee3\ufe0f Slowaaks snelwegennetwerk<\/h2>\n\n<p>Het snelwegennetwerk van Slowakije verbindt de hoofdstad Bratislava met grote steden en buurlanden. Het netwerk wordt nog steeds uitgebreid, met name de D1 naar Ko\u0161ice. <\/p>\n\n<h3 class=\"wp-block-heading\">D1 \u2013 Bratislava naar Ko\u0161ice (Hoofdgang)<\/h3>\n\n<p>De belangrijkste oost-west corridor <strong>verbindt Bratislava<\/strong> met <strong>Ko\u0161ice<\/strong> en loopt door \u017dilina en de regio Hoge Tatra. Dit is de ruggengraat van het Slowaakse snelwegennetwerk. Opmerking: Sommige secties zijn nog in aanbouw en vereisen omleidingen via gewone wegen. Totale lengte na voltooiing: ongeveer 450 km.   <\/p>\n\n<h3 class=\"wp-block-heading\">D2 \u2013 Bratislava naar Tsjechische grens<\/h3>\n\n<p>Verbindt Bratislava noordwaarts met <strong>Tsjechi\u00eb<\/strong> en loopt verder richting Brno en Praag. Essentieel voor reizigers die uit <a href=\"https:\/\/vignettego.com\/highway-vignette-europe\/nl\/tsjechische-snelwegvignette-2026-de-ultieme-e-znamka-gids\/\">Tsjechi\u00eb komen of naar Tsjechi\u00eb<\/a> gaan. Totale lengte: ongeveer 60 km.  <\/p>\n\n<h3 class=\"wp-block-heading\">D3 \u2013 \u017dilina naar Poolse grens<\/h3>\n\n<p>Verbindt \u017dilina met de <strong>Poolse grens bij Skalit\u00e9<\/strong> en loopt verder naar Krakau. Populaire route voor reizigers naar Zuid-Polen. Totale lengte: ongeveer 60 km.  <\/p>\n\n<h3 class=\"wp-block-heading\">D4 \u2013 Bratislava Ringweg<\/h3>\n\n<p>De omleiding rond Bratislava, die de D1, D2 en routes naar Oostenrijk en Hongarije verbindt. Essentieel om het verkeer in het centrum van Bratislava te vermijden. <\/p>\n\n<h3 class=\"wp-block-heading\">R Expressways<\/h3>\n\n<p>Slowakije heeft ook verschillende snelwegen (R-wegen) die een vignet vereisen:<\/p>\n\n<ul class=\"wp-block-list\">\n<li><strong>R1:<\/strong> Trnava to Bansk\u00e1 Bystrica<\/li>\n<li><strong>R2:<\/strong> Ko\u0161ice-omleiding<\/li>\n<li><strong>R3:<\/strong> \u017dilina naar Martin<\/li>\n<li><strong>R4:<\/strong> Ko\u0161ice naar Hongaarse grens<\/li>\n<li><strong>R6:<\/strong> Grens tussen Belu\u0161a en Tsjechi\u00eb<\/li>\n<\/ul>\n\n<h2 class=\"wp-block-heading\">\ud83d\uddfa\ufe0f Populaire routes door Slowakije<\/h2>\n\n<h3 class=\"wp-block-heading\">Wenen tot Bratislava<\/h3>\n\n<p><strong>Afstand:<\/strong> ~65 km | <strong>Duur:<\/strong> 45-60 minuten | <strong>Vignetten nodig:<\/strong> Oostenrijks + Slowaaks<\/p>\n\n<p>De twee hoofdsteden liggen opmerkelijk dicht bij elkaar\u2014een van de kortste afstanden tussen hoofdstad en hoofdstad in Europa. De ringweg D4 biedt een directe verbinding. <\/p>\n\n<h3 class=\"wp-block-heading\">Bratislava naar Praag (via D2 en Tsjechische snelwegen)<\/h3>\n\n<p><strong>Afstand:<\/strong> ~330 km | <strong>Duur:<\/strong> 3,5-4 uur | <strong>Vignetten nodig:<\/strong> Slowaaks + <a href=\"https:\/\/vignettego.com\/highway-vignette-europe\/nl\/tsjechische-snelwegvignette-2026-de-ultieme-e-znamka-gids\/\">Tsjechisch<\/a><\/p>\n\n<p>Directe snelwegverbinding tussen de twee hoofdsteden via Brno. Uitstekende wegcondities door het hele traject. <\/p>\n\n<h3 class=\"wp-block-heading\">Bratislava naar Boedapest (via Hongarije)<\/h3>\n\n<p><strong>Afstand:<\/strong> ~200 km | <strong>Duur:<\/strong> 2-2,5 uur | <strong>Vignetten nodig:<\/strong> Slowaaks + <a href=\"https:\/\/vignettego.com\/highway-vignette-europe\/nl\/hongaarse-snelwegvignette-2026-volledige-e-matrica-gids\/\">Hongaars E-Matrica<\/a><\/p>\n\n<p>Snelle verbinding tussen de twee hoofdsteden via de D2 en de Hongaarse M15\/M1.<\/p>\n\n<h3 class=\"wp-block-heading\">Bratislava naar Hoge Tatra (via D1)<\/h3>\n\n<p><strong>Afstand:<\/strong> ~330 km | <strong>Duur:<\/strong> 4-4,5 uur<\/p>\n\n<p>Opmerking: De D1 is nog niet volledig voltooid, dus verwacht enkele stukken op gewone wegen. Een prachtig berglandschap wacht! <\/p>\n\n<h3 class=\"wp-block-heading\">Krakau naar Bratislava (via Polen-Slowakije)<\/h3>\n\n<p><strong>Afstand:<\/strong> ~300 km | <strong>Duur:<\/strong> 3,5-4 uur | <strong>Vignetten nodig:<\/strong> Slowaaks (Poolse snelwegen gebruiken tolheffing per kilometer)<\/p>\n\n<p>Via de D3 via \u017dilina, of via de grensovergang bij Trsten\u00e1.<\/p>\n\n<div style=\"height:25px\" aria-hidden=\"true\" class=\"wp-block-spacer\"><\/div>\n\n<div class=\"wp-block-buttons is-content-justification-center is-layout-flex wp-container-core-buttons-is-layout-a89b3969 wp-block-buttons-is-layout-flex\">\n<div class=\"wp-block-button\"><a class=\"wp-block-button__link wp-element-button\" href=\"https:\/\/vignettego.com\/\" style=\"background-color:#ff6600;color:#ffffff;padding:15px 30px;font-size:18px;border-radius:8px;\">\ud83d\uded2 Bestel alle Europese vignetten bij VignetteGo<\/a><\/div>\n<\/div>\n\n<div style=\"height:25px\" aria-hidden=\"true\" class=\"wp-block-spacer\"><\/div>\n\n<h2 class=\"wp-block-heading\">\u26a0\ufe0f Belangrijke E-Znamka-regels<\/h2>\n\n<h3 class=\"wp-block-heading\">Geldigheidsperiode<\/h3>\n\n<ul class=\"wp-block-list\">\n<li><strong>10-daagse:<\/strong> Geldig voor 10 opeenvolgende dagen vanaf de gekozen startdatum<\/li>\n<li><strong>30-dagen:<\/strong> Geldig 30 opeenvolgende dagen vanaf de gekozen startdatum<\/li>\n<li><strong>365-dagen:<\/strong> Geldig \u00e9\u00e9n jaar vanaf de gekozen startdatum<\/li>\n<\/ul>\n\n<h3 class=\"wp-block-heading\">Kentekenregistratie<\/h3>\n\n<p>De E-Znamka is geregistreerd op jouw <strong>exacte kentekenplaat<\/strong> en <strong>landcode<\/strong>. Controleer bij aankoop op typfouten! Fouten vereisen het kopen van een nieuw vignet.  <\/p>\n\n<h3 class=\"wp-block-heading\">Boetes voor niet-naleving<\/h3>\n\n<ul class=\"wp-block-list\">\n<li><strong>Standaard boete:<\/strong> EUR 100 tot EUR 500<\/li>\n<li><strong>Verminderde boete:<\/strong> Als het binnen 15 dagen wordt betaald<\/li>\n<li>Handhaving via automatische camerasystemen (ANPR)<\/li>\n<\/ul>\n\n<h2 class=\"wp-block-heading\">\ud83d\udca1 Slowakije rijtips voor 2026<\/h2>\n\n<h3 class=\"wp-block-heading\">Snelheidslimieten<\/h3>\n\n<ul class=\"wp-block-list\">\n<li><strong>Snelwegen:<\/strong> 130 km\/u<\/li>\n<li><strong>Snelwegen:<\/strong> 130 km\/u<\/li>\n<li><strong>Hoofdwegen buiten bebouwde gebieden:<\/strong> 90 km\/u<\/li>\n<li><strong>Stedelijke gebieden:<\/strong> 50 km\/u<\/li>\n<\/ul>\n\n<h3 class=\"wp-block-heading\">Vereiste uitrusting<\/h3>\n\n<ul class=\"wp-block-list\">\n<li>Waarschuwingsdriehoek<\/li>\n<li>Reflecterend vest<\/li>\n<li>EHBO-doos<\/li>\n<li><strong>Koplampen:<\/strong> Moet altijd aan staan tijdens het rijden (dag en nacht).<\/li>\n<li><strong>Winteruitrusting:<\/strong> 15 november &#8211; 31 maart winterbanden verplicht wanneer de omstandigheden dat vereisen<\/li>\n<\/ul>\n\n<h3 class=\"wp-block-heading\">Zero Tolerance Alcoholbeleid<\/h3>\n\n<p>Slowakije hanteert een <strong>zerotolerancebeleid<\/strong> voor rijden onder invloed. De bloedalcohollimiet is 0,0%. De straffen zijn streng.  <\/p>\n\n<h2 class=\"wp-block-heading\" id=\"faq-section\">\u2753 Veelgestelde vragen<\/h2>\n\n<h3 class=\"wp-block-heading\">Is de D1-snelweg voltooid?<\/h3>\n\n<p>Nee, sommige delen van de D1 tussen \u017dilina en Ko\u0161ice zijn nog in aanbouw. Navigatie-apps leiden je waar nodig via alternatieve wegen. <\/p>\n\n<h3 class=\"wp-block-heading\">Heb ik een vignet nodig om van Oostenrijk naar Hongarije over te steken via Slowakije?<\/h3>\n\n<p>Ja, als je Slowaakse snelwegen gebruikt. De route van Wenen naar Boedapest via Bratislava vereist een Slowaakse E-Znamka voor het Slowaakse traject. <\/p>\n\n<h3 class=\"wp-block-heading\">Hoe zit het met het stadscentrum van Bratislava?<\/h3>\n\n<p>Voor gewone wegen in Bratislava is geen vignette nodig. Alleen de snelweggedeelten (D1, D2, D4) vereisen een vignet. <\/p>\n\n<h3 class=\"wp-block-heading\">Kan ik gewone wegen gebruiken om te voorkomen dat ik een vignet koop?<\/h3>\n\n<p>Ja, maar het verlengt de reistijd aanzienlijk, vooral bij langere reizen. Zo duurt Bratislava naar \u017dilina 2 uur op de D1 tegenover 3,5+ uur op gewone wegen. <\/p>\n\n<div style=\"height:25px\" aria-hidden=\"true\" class=\"wp-block-spacer\"><\/div>\n\n<div class=\"wp-block-buttons is-content-justification-center is-layout-flex wp-container-core-buttons-is-layout-a89b3969 wp-block-buttons-is-layout-flex\">\n<div class=\"wp-block-button\"><a class=\"wp-block-button__link wp-element-button\" href=\"https:\/\/vignettego.com\/\" style=\"background-color:#e91e63;color:#ffffff;padding:15px 30px;font-size:18px;border-radius:8px;\">\ud83d\ude97 Haal je Europese snelwegvignetten op VignetteGo \u2192<\/a><\/div>\n<\/div>\n\n<div style=\"height:25px\" aria-hidden=\"true\" class=\"wp-block-spacer\"><\/div>\n\n<h2 class=\"wp-block-heading\">\ud83c\udfd4\ufe0f Waarom Slowakije bezoeken?<\/h2>\n\n<ul class=\"wp-block-list\">\n<li><strong>Hoge Tatra:<\/strong> De kleinste hoge bergen ter wereld\u2014spectaculair Alpenlandschap<\/li>\n<li><strong>Bratislava:<\/strong> Charmante hoofdstad met een levendige oude stad en de rivier de Donau<\/li>\n<li><strong>Kasteel Spi\u0161:<\/strong> Een van de grootste kasteelcomplexen in Centraal-Europa (UNESCO)<\/li>\n<li><strong>Houten kerken:<\/strong> Unieke door UNESCO vermelde houten kerken in Oost-Slowakije<\/li>\n<li><strong>Thermische spa&#8217;s:<\/strong> Uitstekende thermale resorts zoals Pie\u0161\u0165any, Tren\u010dianske Teplice<\/li>\n<li><strong>Slowaaks Paradijs:<\/strong> Prachtig nationaal park met kloven, watervallen en via ferrata-paden<\/li>\n<li><strong>Wijnland:<\/strong> Weinig bekende wijnregio&#8217;s, vooral Tokaj in het oosten<\/li>\n<\/ul>\n\n<h2 class=\"wp-block-heading\">\ud83d\udccd Conclusie<\/h2>\n\n<p>Slowakije biedt een perfecte mix van natuurlijke schoonheid, rijke geschiedenis en Centraal-Europese charme. Het E-Znamka-systeem is eenvoudig\u2014koop online voor je reis en geniet van probleemloos rijden op Slowaakse snelwegen. <\/p>\n\n<p>Voor meerlandenreizen combineer je je Slowaakse E-Znamka met vignetten voor <a href=\"https:\/\/vignettego.com\/highway-vignette-europe\/nl\/tsjechische-snelwegvignette-2026-de-ultieme-e-znamka-gids\/\">Tsjechi\u00eb<\/a>, <a href=\"https:\/\/vignettego.com\/highway-vignette-europe\/nl\/oostenrijkse-snelwegvignette-2026-complete-digitale-vignette-guide\/\">Oostenrijk<\/a>, <a href=\"https:\/\/vignettego.com\/highway-vignette-europe\/nl\/hongaarse-snelwegvignette-2026-volledige-e-matrica-gids\/\">Hongarije<\/a> en <a href=\"https:\/\/vignettego.com\/highway-vignette-europe\/nl\/slovenie-snelwegvignette-2026-complete-e-vinjeta-gids\/\">Sloveni\u00eb<\/a>. Verzamel al je vignetten op \u00e9\u00e9n plek bij <a href=\"https:\/\/vignettego.com\/\" title=\"VignetteGo - Europese snelwegvignetten\">VignetteGo<\/a>. <\/p>\n\n<p><strong>Geniet van Slowakije! \ud83c\uddf8\ud83c\uddf0\ud83c\udfd4\ufe0f <\/strong><\/p>\n\n<p><strong>Gerelateerde gidsen:<\/strong> <a href=\"https:\/\/vignettego.com\/highway-vignette-europe\/nl\/tsjechische-snelwegvignette-2026-de-ultieme-e-znamka-gids\/\">Tsjechisch E-Znamka<\/a> | <a href=\"https:\/\/vignettego.com\/highway-vignette-europe\/nl\/hongaarse-snelwegvignette-2026-volledige-e-matrica-gids\/\">Hongarije E-Matrica<\/a> | <a href=\"https:\/\/vignettego.com\/\">Alle Europese vignetten<\/a><\/p>\n","protected":false},"excerpt":{"rendered":"<p>Slowakije is een verborgen parel in Centraal-Europa en biedt spectaculaire berglandschappen in de Hoge Tatra, charmante middeleeuwse stadjes zoals Bardejov en Levo\u010da, mysterieuze kastelen en uitstekende thermale kuuroorden. Of je nu via Slowakije naar Polen, Oekra\u00efne of Hongarije reist, of dit prachtige land verkent, je hebt de Slowaakse E-Znamka (elektronische vignette) nodig. Deze gids behandelt [&hellip;]<\/p>\n","protected":false},"author":0,"featured_media":0,"parent":0,"menu_order":0,"comment_status":"closed","ping_status":"closed","template":"","meta":{"footnotes":""},"class_list":["post-371","page","type-page","status-publish","hentry"],"_links":{"self":[{"href":"https:\/\/vignettego.com\/highway-vignette-europe\/nl\/wp-json\/wp\/v2\/pages\/371","targetHints":{"allow":["GET"]}}],"collection":[{"href":"https:\/\/vignettego.com\/highway-vignette-europe\/nl\/wp-json\/wp\/v2\/pages"}],"about":[{"href":"https:\/\/vignettego.com\/highway-vignette-europe\/nl\/wp-json\/wp\/v2\/types\/page"}],"replies":[{"embeddable":true,"href":"https:\/\/vignettego.com\/highway-vignette-europe\/nl\/wp-json\/wp\/v2\/comments?post=371"}],"version-history":[{"count":4,"href":"https:\/\/vignettego.com\/highway-vignette-europe\/nl\/wp-json\/wp\/v2\/pages\/371\/revisions"}],"predecessor-version":[{"id":1401,"href":"https:\/\/vignettego.com\/highway-vignette-europe\/nl\/wp-json\/wp\/v2\/pages\/371\/revisions\/1401"}],"wp:attachment":[{"href":"https:\/\/vignettego.com\/highway-vignette-europe\/nl\/wp-json\/wp\/v2\/media?parent=371"}],"curies":[{"name":"wp","href":"https:\/\/api.w.org\/{rel}","templated":true}]}}