{"id":56,"date":"2025-09-05T00:55:51","date_gmt":"2025-09-05T00:55:51","guid":{"rendered":"https:\/\/vignettego.com\/highway-vignette-europe\/vignettes-elettronici-tal-awtostradi-fl-ewropa-il-gwida-tal-vjaggatur-tal-2025-cara-umana-minghajr-dettalji-zejda\/"},"modified":"2026-01-05T22:13:28","modified_gmt":"2026-01-05T22:13:28","slug":"vignettes-elettronici-tal-awtostradi-fl-ewropa-il-gwida-tal-vjaggatur-tal-2025-cara-umana-minghajr-dettalji-zejda","status":"publish","type":"page","link":"https:\/\/vignettego.com\/highway-vignette-europe\/mt\/","title":{"rendered":"Vignettes Elettroni\u010bi tal-Awtostradi fl-Ewropa: Il-Gwida tal-Vja\u0121\u0121atur tal-2025 (\u010bara, umana, ming\u0127ajr dettalji \u017cejda)"},"content":{"rendered":"\n<p><em><a href=\"https:\/\/vignettego.com\/\">Vinjetta tal-Awtostrada<\/a> fl-Ewropa: Fejn G\u0127andek B\u017conn Wa\u0127da &amp; Kif Tixtriha (Gwida tal-2026)<\/em><\/p>\n\n<p>Jekk qed tippjana vja\u0121\u0121 bit-triq madwar l-Ewropa, malajr tiltaqa&#8217; ma&#8217; kelma li tinstema&#8217; sofistikata i\u017cda fir-realt\u00e0 tfisser biss &#8220;a\u010b\u010bess g\u0127at-triq im\u0127allas minn qabel&#8221;: <strong><a href=\"https:\/\/vignettego.com\/\">vignette<\/a><\/strong> .  <\/p>\n\n<p>A\u0127seb dwarha b\u0127ala pass di\u0121itali marbut mal-pjan\u010ba tar-re\u0121istrazzjoni tieg\u0127ek li jippermettilek tu\u017ca \u010berti awtostradi g\u0127al \u017cmien stabbilit. Idea sempli\u010bi\u2014diffikulta fil-prattika, g\u0127ax ir-regoli jvarjaw skont il-pajji\u017c. <\/p>\n\n<div style=\"height:30px\" aria-hidden=\"true\" class=\"wp-block-spacer\"><\/div>\n\n<div class=\"wp-block-buttons is-content-justification-center is-layout-flex wp-container-core-buttons-is-layout-a89b3969 wp-block-buttons-is-layout-flex\">\n<div class=\"wp-block-button\"><a class=\"wp-block-button__link wp-element-button\" href=\"https:\/\/vignettego.com\/\">Esplora VignetteGo<\/a><\/div>\n<\/div>\n\n<div style=\"height:30px\" aria-hidden=\"true\" class=\"wp-block-spacer\"><\/div>\n\n<p>Hawn ta\u0127t hawn gwida fa\u010bli u ming\u0127ajr \u0127merijiet li tg\u0127inek tifhem fejn jintu\u017caw il-vinjetti, kif tixtri dik it-tajba, kemm idumu, u kif tevita multi li jikkaw\u017caw u\u0121ig\u0127. Nag\u0127tik ukoll lista ta&#8217; kontroll fa\u010bli li tista&#8217; ssegwi qabel ma tibda l-magna. <\/p>\n\n<p><\/p>\n\n<hr class=\"wp-block-separator has-alpha-channel-opacity\"\/>\n\n<h2 class=\"wp-block-heading\">TL;DR (it-twe\u0121iba fil-qosor)<\/h2>\n\n<ul class=\"wp-block-list\">\n<li><strong>Fejn te\u0127tie\u0121 <a href=\"https:\/\/vignettego.com\/\">vinjetta tal-awtostrada<\/a> (karozzi tal-passi\u0121\u0121ieri, M1 \u2264 3.5t) fl-UE:<\/strong> <strong>l-Awstrija, i\u010b-\u010aekja, l-Ungerija, ir-Rumanija, is-Slovakkja, is-Slovenja, il-Bulgarija.<\/strong><br\/> (L-I\u017cvizzera tu\u017ca vinjetta wkoll, i\u017cda mhijiex fl-UE.)<\/li>\n\n\n\n<li><strong>Fejn ma tu\u017cax vinjetti:<\/strong> il-bi\u010b\u010ba l-kbira tal-pajji\u017ci l-o\u0127ra tal-UE jiddependu fuq <strong>kabini <a href=\"https:\/\/vignettego.com\/\">tat-tariffi<\/a> , tariffi tat-triq b&#8217;xejn, jew ebda \u0127las<\/strong> g\u0127all-karozzi (e\u017c. Franza, l-Italja, Spanja, il-Portugall, il-Kroazja, il-Polonja, l-M50 tal-Irlanda, il-pontijiet tad-Danimarka\/l-I\u017cvezja).<\/li>\n\n\n\n<li><strong>Kemm idumu l-vinjetti:<\/strong> tipikament g\u0127a\u017cla g\u0127al <strong>\u017cmien qasir<\/strong> (madwar \u0121img\u0127a\/10 ijiem), <strong>kull xahar<\/strong> , u <strong>kull sena<\/strong> . Xi postijiet joffru wkoll varjanti <strong>ta&#8217; \u0121urnata<\/strong> jew <strong>tmiem il-\u0121img\u0127a<\/strong> . <\/li>\n\n\n\n<li><strong>Kif tixtri:<\/strong> online fi ftit minuti. Int tag\u0127\u017cel <strong>il-pajji\u017c<\/strong> , <strong>il-vettura<\/strong> , <strong>id-data tal-bidu<\/strong> , u <strong>l-validit\u00e0<\/strong> tieg\u0127ek. Il-pass huwa marbut mal <strong>-pjan\u010ba tar-re\u0121istrazzjoni<\/strong> tieg\u0127ek.  <\/li>\n\n\n\n<li><strong>L-akbar \u017cbalji li g\u0127andek tevita:<\/strong> serje ta&#8217; pjan\u010bi \u017cbaljata, data\/\u0127in tal-bidu \u017cbaljat, jew li tassumi li vinjetta wa\u0127da ta\u0127dem f&#8217;diversi pajji\u017ci (ma ta\u0127dimx).<\/li>\n<\/ul>\n\n<div style=\"height:30px\" aria-hidden=\"true\" class=\"wp-block-spacer\"><\/div>\n\n<div class=\"wp-block-buttons is-content-justification-center is-layout-flex wp-container-core-buttons-is-layout-a89b3969 wp-block-buttons-is-layout-flex\">\n<div class=\"wp-block-button\"><a class=\"wp-block-button__link wp-element-button\" href=\"https:\/\/vignettego.com\/\">Ibda Issa \u2013 VignetteGo<\/a><\/div>\n<\/div>\n\n<div style=\"height:30px\" aria-hidden=\"true\" class=\"wp-block-spacer\"><\/div>\n\n<hr class=\"wp-block-separator has-alpha-channel-opacity\"\/>\n\n<h2 class=\"wp-block-heading\">X&#8217;inhi e\u017cattament vinjetta?<\/h2>\n\n<p><strong>Vinjetta<\/strong> hija <a href=\"https:\/\/vignettego.com\/\">pass tal-awtostrada<\/a> <strong>bba\u017cat fuq il-\u0127in<\/strong> . G\u0127all-kuntrarju ta&#8217; bieb tat-tariffa li ji\u010b\u010bar\u0121jak g\u0127al kull kilometru jew sezzjoni, vinjetta tippermetti vja\u0121\u0121ar illimitat fuq in-netwerk rilevanti matul il-validit\u00e0 tag\u0127ha (b&#8217;xi e\u010b\u010bezzjonijiet lokali). Illum hija l-aktar <strong>di\u0121itali<\/strong> , g\u0127alhekk m&#8217;hemm <strong>l-ebda stiker<\/strong> \u2014kameras tal-infurzar ji\u010b\u010bekkjaw il-pjan\u010ba tieg\u0127ek.  <\/p>\n\n<p>Punti ewlenin:<\/p>\n\n<ul class=\"wp-block-list\">\n<li><strong>Marbut mal-pjan\u010ba tieg\u0127ek:<\/strong> i\u010b\u010bekkja tliet darbiet il-karattri u l-kodi\u010bi tal-pajji\u017c.<\/li>\n\n\n\n<li><strong>Limitata g\u0127al \u017cmien:<\/strong> inti tag\u0127\u017cel meta tibda l-validit\u00e0 (immedjatament jew f&#8217;data futura).<\/li>\n\n\n\n<li><strong>Il-klassi tal-vettura hija importanti:<\/strong> il-bi\u010b\u010ba l-kbira tar-regoli hawn ta\u0127t jassumu karozza standard tal-passi\u0121\u0121ieri (M1 \u2264 3.5 t).<\/li>\n<\/ul>\n\n<p><\/p>\n\n<hr class=\"wp-block-separator has-alpha-channel-opacity\"\/>\n\n<h2 class=\"wp-block-heading\">Fejn ikollok b\u017conn wa\u0127da (karozzi tal-passi\u0121\u0121ieri)<\/h2>\n\n<p><strong>Pajji\u017ci tal-UE li ju\u017caw sistema ta&#8217; vinjetti g\u0127all-karozzi:<\/strong><\/p>\n\n<ul class=\"wp-block-list\">\n<li><strong>l-Awstrija (AT)<\/strong><\/li>\n\n\n\n<li><strong>\u010aekja (CZ)<\/strong><\/li>\n\n\n\n<li><strong>Ungerija (HU)<\/strong><\/li>\n\n\n\n<li><strong>Ir-Rumanija (RO)<\/strong> (spiss imsej\u0127a <em><a href=\"https:\/\/vignettego.com\/\">roviniet\u0103<\/a><\/em> )<\/li>\n\n\n\n<li><strong>Slovakkja (SK)<\/strong><\/li>\n\n\n\n<li><strong>Slovenja (SI)<\/strong><\/li>\n\n\n\n<li><strong>Bulgarija (BG)<\/strong><\/li>\n<\/ul>\n\n<p><strong>Mhux tal-UE i\u017cda mmexxija b&#8217;mod komuni:<\/strong><\/p>\n\n<ul class=\"wp-block-list\">\n<li><strong>Svizzera (CH)<\/strong> \u2014 vinjetta me\u0127tie\u0121a (g\u0127a\u017cla di\u0121itali disponibbli).<\/li>\n<\/ul>\n\n<div style=\"height:30px\" aria-hidden=\"true\" class=\"wp-block-spacer\"><\/div>\n\n<div class=\"wp-block-buttons is-content-justification-center is-layout-flex wp-container-core-buttons-is-layout-a89b3969 wp-block-buttons-is-layout-flex\">\n<div class=\"wp-block-button\"><a class=\"wp-block-button__link wp-element-button\" href=\"https:\/\/vignettego.com\/\">Ipprova VignetteGo<\/a><\/div>\n<\/div>\n\n<div style=\"height:30px\" aria-hidden=\"true\" class=\"wp-block-spacer\"><\/div>\n\n<p>G\u0127al kul\u0127add ie\u0127or, stenna <strong>kabini tan-nollijiet<\/strong> (biljetti tad-d\u0127ul\/\u0127ru\u0121 jew nollijiet bil-kamera ming\u0127ajr barrieri), <strong>tariffi fuq il-pontijiet<\/strong> , jew <strong>l-ebda \u0127lasijiet<\/strong> fuq l-awtostradi g\u0127all-karozzi.<\/p>\n\n<blockquote class=\"wp-block-quote is-layout-flow wp-block-quote-is-layout-flow\">\n<p><strong>Avvi\u017ci:<\/strong> <a href=\"https:\/\/vignettego.com\/\">Il-vinjetta elettronika<\/a> mixtrija g\u0127al pajji\u017c wie\u0127ed <strong>ma<\/strong> tkoprix pajji\u017c ie\u0127or. Taqsam \u0127ames pajji\u017ci bil-vinjetta? G\u0127andek b\u017conn \u0127ames vinjetti separati.  <\/p>\n<\/blockquote>\n\n<hr class=\"wp-block-separator has-alpha-channel-opacity\"\/>\n\n<h2 class=\"wp-block-heading\">G\u0127a\u017cliet tipi\u010bi ta&#8217; validit\u00e0 u xi jfissru<\/h2>\n\n<p>L-offerti jvarjaw skont il-pajji\u017c, i\u017cda g\u0127all-karozzi \u0121eneralment tara:<\/p>\n\n<ul class=\"wp-block-list\">\n<li><strong>G\u0127al \u017cmien qasir<\/strong> : madwar <strong>7\u201310 ijiem<\/strong> (tajjeb g\u0127al vaganzi jew vja\u0121\u0121i ta&#8217; tmiem il-\u0121img\u0127a)<\/li>\n\n\n\n<li><strong>Kull xahar<\/strong> : ~ <strong>30 jum<\/strong> mid-data tal-bidu mag\u0127\u017cula tieg\u0127ek<\/li>\n\n\n\n<li><strong>Annwali<\/strong> : sena kalendarja jew 12-il xahar mill-bidu (jiddependi fuq il-pajji\u017c)<\/li>\n\n\n\n<li><strong>Extras okka\u017cjonali<\/strong> : Passes <strong>ta&#8217; \u0121urnata<\/strong> jew <strong>ta&#8217; tmiem il-\u0121img\u0127a<\/strong> fejn disponibbli<\/li>\n<\/ul>\n\n<p><strong>Parir professjonali:<\/strong> Jekk il-vja\u0121\u0121 tieg\u0127ek idum fuq diversi xhur (e\u017c., tmiem \u0120unju \u2192 bidu Lulju), qabbel \u017cew\u0121 vja\u0121\u0121i qosra ma&#8217; wie\u0127ed ta&#8217; kull xahar\u2014il-prezzijiet jistg\u0127u jissorprenduk.<\/p>\n\n<div style=\"height:30px\" aria-hidden=\"true\" class=\"wp-block-spacer\"><\/div>\n\n<div class=\"wp-block-buttons is-content-justification-center is-layout-flex wp-container-core-buttons-is-layout-a89b3969 wp-block-buttons-is-layout-flex\">\n<div class=\"wp-block-button\"><a class=\"wp-block-button__link wp-element-button\" href=\"https:\/\/vignettego.com\/\">Ibda b&#8217;VignetteGo<\/a><\/div>\n<\/div>\n\n<div style=\"height:30px\" aria-hidden=\"true\" class=\"wp-block-spacer\"><\/div>\n\n<hr class=\"wp-block-separator has-alpha-channel-opacity\"\/>\n\n<h2 class=\"wp-block-heading\">Kif ja\u0127dem l-ipprezzar (bl-Ingli\u017c sempli\u010bi)<\/h2>\n\n<ul class=\"wp-block-list\">\n<li><a href=\"https:\/\/vignettego.com\/\">Il-vinjetti<\/a> huma <strong>tariffi fissi<\/strong> g\u0127al perjodu ta&#8217; \u017cmien spe\u010bifiku.<\/li>\n\n\n\n<li>Il-prezzijiet ivarjaw <strong>skont il-pajji\u017c<\/strong> u xi kultant skont <strong>il-klassi tal-vettura<\/strong> (karozza vs. vann, regoli tat-trejler, e\u010b\u010b.).<\/li>\n\n\n\n<li>Spiss t\u0127allas fil- <strong>munita lokali<\/strong> ; ix-xiri permezz ta&#8217; servizz multi-nazzjonali jista&#8217; juri <strong>l-munita tieg\u0127ek<\/strong> g\u0127al aktar \u010barezza.<\/li>\n<\/ul>\n\n<p>Minflok ma timmemorizza numri e\u017catti (dawn jinbidlu), idde\u010biedi <strong>t-tul l-ewwel<\/strong> u ixtri l-g\u0127a\u017cla li taqbel g\u0127al kull pajji\u017c fuq ir-rotta tieg\u0127ek.<\/p>\n\n<p><\/p>\n\n<hr class=\"wp-block-separator has-alpha-channel-opacity\"\/>\n\n<h2 class=\"wp-block-heading\">Xiri: pass pass li ja\u0127dem<\/h2>\n\n<ol class=\"wp-block-list\">\n<li><strong>Elenka l-pajji\u017ci tieg\u0127ek<\/strong> (dawk biss bil-vinjetti).<\/li>\n\n\n\n<li>G\u0127al kull wie\u0127ed, ag\u0127\u017cel il- <strong>validit\u00e0<\/strong> (g\u0127al \u017cmien qasir\/kull xahar\/kull sena) u <strong>d-data tal-bidu<\/strong> .<\/li>\n\n\n\n<li>Da\u0127\u0127al <strong>il-pajji\u017c tal-pjan\u010ba<\/strong> (e\u017c., CZ\/DE\/AT) u <strong>s-sekwenza tal-pjan\u010ba<\/strong> e\u017cattament kif jidhru fuq ir-re\u0121istrazzjoni tieg\u0127ek.<\/li>\n\n\n\n<li>\u017bid l-email u <strong>t-telefon<\/strong> <strong>tal-kuntatt<\/strong> (g\u0127al ir\u010bevuti u allerti).<\/li>\n\n\n\n<li>\u0126allas b&#8217;mod sigur u \u010b\u010bekkja l- <strong>konferma<\/strong> \u2014kun \u017cgur li <strong>l-pjan\u010ba<\/strong> u <strong>d-dati<\/strong> huma korretti.<\/li>\n\n\n\n<li><strong>Issejvja\/ipprintja<\/strong> l-konfermi tieg\u0127ek (PDFs\/ir\u010bevuti).<\/li>\n\n\n\n<li>Jekk il-pjanijiet jinbidlu, i\u010b\u010bekkja jekk il-vinjetta tieg\u0127ek tistax ti\u0121i <strong>a\u0121\u0121ustata jew rimbor\u017cata<\/strong> (ir-regoli jvarjaw).<\/li>\n<\/ol>\n\n<div style=\"height:30px\" aria-hidden=\"true\" class=\"wp-block-spacer\"><\/div>\n\n<div class=\"wp-block-buttons is-content-justification-center is-layout-flex wp-container-core-buttons-is-layout-a89b3969 wp-block-buttons-is-layout-flex\">\n<div class=\"wp-block-button\"><a class=\"wp-block-button__link wp-element-button\" href=\"https:\/\/vignettego.com\/\">Ipprova VignetteGo<\/a><\/div>\n<\/div>\n\n<div style=\"height:30px\" aria-hidden=\"true\" class=\"wp-block-spacer\"><\/div>\n\n<hr class=\"wp-block-separator has-alpha-channel-opacity\"\/>\n\n<h2 class=\"wp-block-heading\">Inkwiet komuni (biex ma titg\u0127allimx bl-aktar mod diffi\u010bli)<\/h2>\n\n<ul class=\"wp-block-list\">\n<li><strong>Pjan\u010ba \u017cbaljata<\/strong> : \u201cO\u201d vs \u201c0\u201d, spazju \u017cejjed, kodi\u010bi tal-pajji\u017c \u017cbaljat\u2014il-kameras mhux se jimpurtahom jekk kienx \u017cball tipografiku.<\/li>\n\n\n\n<li><strong>Nuqqas ta&#8217; qbil bejn id-data u l-\u0127in tal-bidu<\/strong> : <a href=\"https:\/\/vignettego.com\/\">vinjetta<\/a> ssettjata g\u0127al <em>g\u0127ada<\/em> mhux se tipprote\u0121ik <em>illum<\/em> .<\/li>\n\n\n\n<li><strong>Jekk nassumu li pass wie\u0127ed ja\u0127dem kullimkien<\/strong> : ma ja\u0127dimx. Ixtri g\u0127al kull pajji\u017c. <\/li>\n\n\n\n<li><strong>Sewqan ta&#8217; karozza mikrija<\/strong> : ikkonferma n-numru tal-pjan\u010ba finali (xi a\u0121enziji jibdlu l-karozzi fl-a\u0127\u0127ar minuta).<\/li>\n\n\n\n<li><strong>Sewwieqa multipli<\/strong> : il-vinjetta ssegwi l- <strong>karozza<\/strong> , mhux il-persuna.<\/li>\n\n\n\n<li><strong>Karrijiet\/kaxxi tas-saqaf<\/strong> : xi pajji\u017ci g\u0127andhom klassijiet spe\u010bjali\u2014skennja r-regoli qabel tixtri.<\/li>\n<\/ul>\n\n<div style=\"height:30px\" aria-hidden=\"true\" class=\"wp-block-spacer\"><\/div>\n\n<div class=\"wp-block-buttons is-content-justification-center is-layout-flex wp-container-core-buttons-is-layout-a89b3969 wp-block-buttons-is-layout-flex\">\n<div class=\"wp-block-button\"><a class=\"wp-block-button__link wp-element-button\" href=\"https:\/\/vignettego.com\/\">Ibda Issa \u2013 VignetteGo<\/a><\/div>\n<\/div>\n\n<div style=\"height:30px\" aria-hidden=\"true\" class=\"wp-block-spacer\"><\/div>\n\n<hr class=\"wp-block-separator has-alpha-channel-opacity\"\/>\n\n<h2 class=\"wp-block-heading\"><a href=\"https:\/\/vignettego.com\/\">Vinjetti<\/a> vs. toroq bi \u0127las vs. tariffi tal-belt<\/h2>\n\n<ul class=\"wp-block-list\">\n<li><strong>Vinjetta<\/strong> : pass ibba\u017cat fuq il-\u0127in g\u0127al netwerk ta&#8217; awtostradi (il-mudell ta&#8217; &#8220;abbonament&#8221; tal-Ewropa).<\/li>\n\n\n\n<li><strong>Toroq bi \u0127las<\/strong> : \u0127allas g\u0127ad-distanza\/sezzjonijiet (e\u017c., l-Italja, Franza, Spanja, partijiet mill-Kroazja\/il-Polonja).<\/li>\n\n\n\n<li><strong>\u0126lasijiet g\u0127all-u\u017cu tat-triq b&#8217;xejn<\/strong> : ming\u0127ajr kabini\u2014kameras jaqraw il-pjan\u010ba tieg\u0127ek, <strong>t\u0127allas online wara<\/strong> (e\u017c., l-M50 tal-Irlanda, \u010berti toroq Fran\u010bi\u017ci\/Portugi\u017ci).<\/li>\n\n\n\n<li><strong>Tariffi tal-Belt\/LEZ<\/strong> : tariffi urbani separati jew \u017coni ambjentali\u2014 <strong>mhux<\/strong> koperti minn vinjetti.<\/li>\n<\/ul>\n\n<p>Meta tippjana vja\u0121\u0121 twil, jista&#8217; jkollok b\u017conn <strong>ta\u0127lita<\/strong> : vinjetta g\u0127al pajji\u017c wie\u0127ed, <strong>\u0127las g\u0127all-pont<\/strong> f&#8217;ie\u0127or, u <strong>\u0127las tal-belt<\/strong> mal-wasla.<\/p>\n\n<p><\/p>\n\n<hr class=\"wp-block-separator has-alpha-channel-opacity\"\/>\n\n<h2 class=\"wp-block-heading\">Lista ta&#8217; kontroll sempli\u010bi ta&#8217; qabel il-vja\u0121\u0121 (ikkopja\/pejstja din)<\/h2>\n\n<ul class=\"wp-block-list\">\n<li>Rotta mmappjata bil <strong>-lista tal-pajji\u017ci<\/strong><\/li>\n\n\n\n<li>G\u0127al kull pajji\u017c tal-vinjetta: <strong>tul<\/strong> + <strong>data tal-bidu<\/strong> mag\u0127\u017cula<\/li>\n\n\n\n<li><strong>Pajji\u017c tal-pjan\u010ba<\/strong> + <strong>pjan\u010ba e\u017catta<\/strong> kkonfermata (ritratt jg\u0127in)<\/li>\n\n\n\n<li><strong>Email u telefon<\/strong> mi\u017cjuda g\u0127al konfermi u tfakkiriet<\/li>\n\n\n\n<li>PDFs salvati fuq it-telefon \/ il-cloud<\/li>\n\n\n\n<li>Jekk tikri: ikkonferma <strong>l-pjan\u010ba finali<\/strong> qabel ma taqsam il-fruntiera<\/li>\n\n\n\n<li>\u017bomm ri\u017cerva <strong>\u017cg\u0127ira ta&#8217; flus kontanti\/karta<\/strong> g\u0127al \u0127lasijiet mhux mistennija jew pontijiet<\/li>\n<\/ul>\n\n<div style=\"height:30px\" aria-hidden=\"true\" class=\"wp-block-spacer\"><\/div>\n\n<div class=\"wp-block-buttons is-content-justification-center is-layout-flex wp-container-core-buttons-is-layout-a89b3969 wp-block-buttons-is-layout-flex\">\n<div class=\"wp-block-button\"><a class=\"wp-block-button__link wp-element-button\" href=\"https:\/\/vignettego.com\/\">Ibda b&#8217;VignetteGo<\/a><\/div>\n<\/div>\n\n<div style=\"height:30px\" aria-hidden=\"true\" class=\"wp-block-spacer\"><\/div>\n\n<hr class=\"wp-block-separator has-alpha-channel-opacity\"\/>\n\n<h2 class=\"wp-block-heading\">Mistoqsijiet Frekwenti (l-affarijiet li n-nies dejjem jistaqsu)<\/h2>\n\n<p><strong>\u201c <a href=\"https:\/\/vignettego.com\/\">Vignetta tal-UE<\/a> \u201d wa\u0127da hija valida g\u0127all-Ewropa kollha?<\/strong><br\/>Le. Il-vinjetti huma <strong>spe\u010bifi\u010bi g\u0127all-pajji\u017c<\/strong> . <\/p>\n\n<p><strong>Nista&#8217; nbiddel id-dati jew nie\u0127u rifu\u017cjoni?<\/strong><br\/>Xi kultant, i\u017cda r-regoli jvarjaw. Xi passes di\u0121itali jippermettu <strong>dati tal-bidu futuri<\/strong> u bidliet limitati; o\u0127rajn huma <strong>finali<\/strong> ladarba jkunu attivi. Dejjem i\u010b\u010bekkja l-kundizzjonijiet spe\u010bifi\u010bi tal-pajji\u017c.  <\/p>\n\n<p><strong>Il-muturi je\u0127tie\u0121u vinjetti?<\/strong><br\/>Spiss iva (xi kultant bi prezz aktar baxx), i\u017cda d-dettalji jvarjaw skont il-pajji\u017c.<\/p>\n\n<p><strong>X&#8217;ji\u0121ri jekk insuq ming\u0127ajr vinjetta valida?<\/strong><br\/> L-infurzar awtomatizzat u l-kontrolli fit-triq jistg\u0127u jirri\u017cultaw fi <strong>tariffi jew multi fuq il-post<\/strong> \u2014 tipikament \u0127afna og\u0127la mill-vinjetta nnifisha.<\/p>\n\n<p><strong><a href=\"https:\/\/vignettego.com\/\">Il-vinjetti<\/a> jkopru l-kon\u0121estjoni tal-belt jew i\u017c-\u017coni b&#8217;emissjonijiet baxxi?<\/strong><br\/> Le. Dawk huma tariffi lokali separati bir-regoli tag\u0127hom stess. <\/p>\n\n<p><\/p>\n\n<hr class=\"wp-block-separator has-alpha-channel-opacity\"\/>\n\n<h2 class=\"wp-block-heading\">Kelma finali<\/h2>\n\n<p>Il-vinjetti huma fa\u010bli ladarba tkun taf il-mudell: <strong>pajji\u017c \u2192 validit\u00e0 \u2192 pjan\u010ba \u2192 data tal-bidu \u2192 konferma<\/strong> . Ag\u0127mel dan g\u0127al kull pajji\u017c tal-vinjetta fuq ir-rotta tieg\u0127ek, u tkun lest.   <\/p>\n\n<p>Jekk tixtieq post wie\u0127ed fejn timmani\u0121\u0121ja diversi pajji\u017ci f&#8217;daqqa, u\u017ca servizz li jappo\u0121\u0121ja <strong>lingwi multipli, muniti multipli<\/strong> , jibg\u0127at <strong>konfermi f&#8217;PDF<\/strong> , u\u2014idealment\u2014ifakkrek qabel ma jiskadi l-pass tieg\u0127ek.<\/p>\n\n<p>Tista&#8217; Tipprova VignetteGo.com:<\/p>\n\n<div style=\"height:30px\" aria-hidden=\"true\" class=\"wp-block-spacer\"><\/div>\n\n<div class=\"wp-block-buttons is-content-justification-center is-layout-flex wp-container-core-buttons-is-layout-a89b3969 wp-block-buttons-is-layout-flex\">\n<div class=\"wp-block-button\"><a class=\"wp-block-button__link wp-element-button\" href=\"https:\/\/vignettego.com\/\">Esplora VignetteGo<\/a><\/div>\n<\/div>\n\n<div style=\"height:30px\" aria-hidden=\"true\" class=\"wp-block-spacer\"><\/div>\n\n<h2 class=\"wp-block-heading\">Tikketti:<\/h2>\n\n<p class=\"has-medium-font-size\">vinjetta, <a href=\"https:\/\/vignettego.com\/\">peda\u0121\u0121<\/a> , awtostrada b&#8217;peda\u0121\u0121, bieb tal-peda\u0121\u0121, kabina tal-peda\u0121\u0121, kard tal-peda\u0121\u0121, peda\u0121\u0121, tikketta tal-peda\u0121\u0121, biljett tal-peda\u0121\u0121, taxxa tat-triq, tariffa tat-triq, roadpass, stiker, permess, pass, vinjetta elettronika, vinjetta elettronika, <a href=\"https:\/\/vignettego.com\/\">stiker tal-peda\u0121\u0121<\/a> , passa\u0121\u0121 tal-awtostrada, passa\u0121\u0121 tal-karozza<\/p>\n\n<p><\/p>\n","protected":false},"excerpt":{"rendered":"<p>Vinjetta tal-Awtostrada fl-Ewropa: Fejn G\u0127andek B\u017conn Wa\u0127da &amp; Kif Tixtriha (Gwida tal-2026) Jekk qed tippjana vja\u0121\u0121 bit-triq madwar l-Ewropa, malajr tiltaqa&#8217; ma&#8217; kelma li tinstema&#8217; sofistikata i\u017cda fir-realt\u00e0 tfisser biss &#8220;a\u010b\u010bess g\u0127at-triq im\u0127allas minn qabel&#8221;: vignette . A\u0127seb dwarha b\u0127ala pass di\u0121itali marbut mal-pjan\u010ba tar-re\u0121istrazzjoni tieg\u0127ek li jippermettilek tu\u017ca \u010berti awtostradi g\u0127al \u017cmien stabbilit. Idea [&hellip;]<\/p>\n","protected":false},"author":1,"featured_media":57,"parent":0,"menu_order":0,"comment_status":"open","ping_status":"closed","template":"","meta":{"footnotes":""},"class_list":["post-56","page","type-page","status-publish","has-post-thumbnail","hentry"],"_links":{"self":[{"href":"https:\/\/vignettego.com\/highway-vignette-europe\/mt\/wp-json\/wp\/v2\/pages\/56","targetHints":{"allow":["GET"]}}],"collection":[{"href":"https:\/\/vignettego.com\/highway-vignette-europe\/mt\/wp-json\/wp\/v2\/pages"}],"about":[{"href":"https:\/\/vignettego.com\/highway-vignette-europe\/mt\/wp-json\/wp\/v2\/types\/page"}],"author":[{"embeddable":true,"href":"https:\/\/vignettego.com\/highway-vignette-europe\/mt\/wp-json\/wp\/v2\/users\/1"}],"replies":[{"embeddable":true,"href":"https:\/\/vignettego.com\/highway-vignette-europe\/mt\/wp-json\/wp\/v2\/comments?post=56"}],"version-history":[{"count":1,"href":"https:\/\/vignettego.com\/highway-vignette-europe\/mt\/wp-json\/wp\/v2\/pages\/56\/revisions"}],"predecessor-version":[{"id":58,"href":"https:\/\/vignettego.com\/highway-vignette-europe\/mt\/wp-json\/wp\/v2\/pages\/56\/revisions\/58"}],"wp:featuredmedia":[{"embeddable":true,"href":"https:\/\/vignettego.com\/highway-vignette-europe\/mt\/wp-json\/wp\/v2\/media\/57"}],"wp:attachment":[{"href":"https:\/\/vignettego.com\/highway-vignette-europe\/mt\/wp-json\/wp\/v2\/media?parent=56"}],"curies":[{"name":"wp","href":"https:\/\/api.w.org\/{rel}","templated":true}]}}