{"id":164,"date":"2025-09-30T22:27:07","date_gmt":"2025-09-30T22:27:07","guid":{"rendered":"https:\/\/vignettego.com\/highway-vignette-europe\/vignetta-tal-awtostrada-zvizzera-il-gwida-kompluta\/"},"modified":"2025-09-30T23:10:40","modified_gmt":"2025-09-30T23:10:40","slug":"vignetta-tal-awtostrada-zvizzera-il-gwida-kompluta","status":"publish","type":"page","link":"https:\/\/vignettego.com\/highway-vignette-europe\/mt\/vignetta-tal-awtostrada-zvizzera-il-gwida-kompluta\/","title":{"rendered":"Vignetta tal-Awtostrada \u017bvizzera: Il-Gwida Kompluta"},"content":{"rendered":"\n<p><strong>Is-sewqan fl-I\u017cvizzera hija wa\u0127da mill-aktar esperjenzi tat-triq tal-g\u0127a\u0121eb fl-Ewropa<\/strong> .  <\/p>\n\n<p>Il-pajji\u017c huwa famu\u017c g\u0127at-toroq impekkabbli tieg\u0127u, il-mini impressjonanti, u l-pajsa\u0121\u0121i alpini xeni\u010bi li jag\u0127mlu kull vja\u0121\u0121 indimentikabbli.  <\/p>\n\n<p>Imma qabel ma tivvja\u0121\u0121a fuq awtostrada \u017bvizzera, hemm rekwi\u017cit essenzjali wie\u0127ed li trid tkun taf dwaru: il <strong>\n  <a href=\"https:\/\/vignettego.com\/\" data-type=\"link\" data-id=\"https:\/\/vignettego.com\/\">-vinjetta tal-awtostrada \u017bvizzera<\/a>\n<\/strong> .<\/p>\n\n<div style=\"height:40px\" aria-hidden=\"true\" class=\"wp-block-spacer\"><\/div>\n\n<div class=\"wp-block-buttons is-content-justification-center is-layout-flex wp-container-core-buttons-is-layout-a89b3969 wp-block-buttons-is-layout-flex\">\n<div class=\"wp-block-button\"><a class=\"wp-block-button__link has-text-align-center wp-element-button\" href=\"https:\/\/vignettego.com\/\">Vignetta \u017bvizzera Mg\u0127a\u0121\u0121la<\/a><\/div>\n<\/div>\n\n<div style=\"height:40px\" aria-hidden=\"true\" class=\"wp-block-spacer\"><\/div>\n\n<p>Din il-gwida komprensiva tispjega dak kollu li g\u0127andek b\u017conn tkun taf dwar is-sistema ta\u2019 peda\u0121\u0121 tal-awtostradi \u017bvizzeri \u2014 inklu\u017c kif ta\u0127dem il-vinjetta, kemm tiswa, fejn tixtriha, kif tevita multi, u pariri utli biex il-vja\u0121\u0121 tieg\u0127ek ikun bla xkiel u ming\u0127ajr stress.  <\/p>\n\n<p>Kemm jekk qed tippjana vja\u0121\u0121 bit-triq madwar l-Ewropa jew sempli\u010bement tg\u0127addi mill <strong>-I\u017cvizzera<\/strong> fi triqtek lejn l-Italja jew Franza, il-fehim tas-sistema tal-vinjetta se jiffrankalek \u0127in, flus, u u\u0121ig\u0127 ta&#8217; ras potenzjali.<\/p>\n\n<h2 class=\"wp-block-heading\">X&#8217;inhi l-Vignetta tal-Awtostrada \u017bvizzera?<\/h2>\n\n<p><strong>Il-vinjetta tal-awtostrada \u017bvizzera hija pass obbligatorju g\u0127at-tariffi tal-vetturi kollha sa 3.5 tunnellati, inklu\u017ci karozzi, vannijiet, muturi, u motorhomes, li ju\u017caw l-awtostradi \u017bvizzeri ( <em>Autobahnen<\/em> ) u t-toroq espressi ( <em>Autostrassen<\/em> ).  <\/strong><\/p>\n\n<p>B&#8217;differenza minn \u0127afna pajji\u017ci Ewropej li jitolbu \u0127lasijiet g\u0127all-u\u017cu tat-triq ibba\u017cati fuq id-distanza vja\u0121\u0121ata jew sezzjonijiet spe\u010bifi\u010bi tat-toroq, l-I\u017cvizzera tu\u017ca <strong>\n  <em>sistema sempli\u010bi ta&#8217; vinjetta annwali<\/em>\n<\/strong> . Ladarba tinxtara, il-vinjetta tippermetti vja\u0121\u0121ar illimitat fuq in-netwerk tal-awtostradi tal-pajji\u017c g\u0127at-tul tal-perjodu ta&#8217; validit\u00e0 tag\u0127ha. <\/p>\n\n<p>Is-sistema hija sempli\u010bi: jekk qed tippjana li ssuq fuq kwalunkwe awtostrada, anke g\u0127al distanza qasira, irid ikollok <a href=\"https:\/\/vignettego.com\/\">vinjetta<\/a> valida. Jekk ma turihiex, tista&#8217; te\u0127el multi sinifikanti. <\/p>\n\n<h3 class=\"wp-block-heading\">Fatti Ewlenin f&#8217;daqqa t&#8217;g\u0127ajn<\/h3>\n\n<ul class=\"wp-block-list\">\n<li>Obbligatorju g\u0127all-vetturi kollha sa 3.5 tunnellati li ju\u017caw awtostradi jew toroq espressi<\/li>\n\n\n\n<li>Validu g\u0127an-netwerk kollu tal-awtostradi \u017bvizzeri \u2014 vinjetta wa\u0127da tkopri r-rotot kollha<\/li>\n\n\n\n<li>Tariffa annwali fissa minflok tariffi tat-triq g\u0127al kull kilometru<\/li>\n\n\n\n<li>Vetturi ta&#8217; aktar minn 3.5 tunnellati huma so\u0121\u0121etti g\u0127al tariffa separata g\u0127all-vetturi tqal (LSVA)<\/li>\n<\/ul>\n\n<h2 class=\"wp-block-heading\">Prezz tal-Vignetta \u017bvizzera g\u0127all-2026<\/h2>\n\n<p>Is-sistema tat-tariffi tal-I\u017cvizzera hija sempli\u010bi b&#8217;mod esa\u0121erat. Hemm tip wie\u0127ed biss ta&#8217; <em>vinjetta<\/em> disponibbli g\u0127al vetturi privati, u hija valida g\u0127al sena s\u0127i\u0127a: <\/p>\n\n<figure class=\"wp-block-table\"><table class=\"has-fixed-layout\"><thead><tr><th>Tip ta&#8217; Vettura<\/th><th>Prezz<\/th><th>Validit\u00e0<\/th><\/tr><\/thead><tbody><tr><td>Karozzi, vannijiet, motorhomes (\u2264 3.5 tunnellati)<\/td><td>CHF 40 (madwar \u20ac42)<\/td><td>Sena kalendarja wa\u0127da (mill-1 ta&#8217; Di\u010bembru sal-31 ta&#8217; Jannar tas-sena ta&#8217; wara)<\/td><\/tr><tr><td>Muturi<\/td><td>CHF 40 (madwar \u20ac42)<\/td><td>Sena kalendarja wa\u0127da (mill-1 ta&#8217; Di\u010bembru sal-31 ta&#8217; Jannar tas-sena ta&#8217; wara)<\/td><\/tr><\/tbody><\/table><\/figure>\n\n<p>M&#8217;hemm l-ebda g\u0127a\u017cliet g\u0127al \u017cmien qasir b\u0127al passes ta&#8217; 7 ijiem jew xahar. Anke jekk tid\u0127ol fil-pajji\u017c g\u0127al \u0121urnata wa\u0127da, ikollok b\u017conn tixtri l- <a href=\"https:\/\/vignettego.com\/\">vinjetta<\/a> annwali.   <\/p>\n\n<p>Filwaqt li dan jista&#8217; jidher g\u0127ali g\u0127al \u017cjarat qosra, isir valur e\u010b\u010bellenti jekk tippjana vja\u0121\u0121i multipli jew so\u0121\u0121orn esti\u017c.<\/p>\n\n<div style=\"height:40px\" aria-hidden=\"true\" class=\"wp-block-spacer\"><\/div>\n\n<h2 class=\"wp-block-heading\">Fejn u Kif Tixtri l-Vignetta \u017bvizzera<\/h2>\n\n<p>Tista&#8217; tixtri <strong>\n  <em>\n    <a href=\"https:\/\/vignettego.com\/\">l-vinjetta tal-awtostrada \u017bvizzera<\/a>\n  <\/em>\n<\/strong> tieg\u0127ek b&#8217;\u017cew\u0121 modi ewlenin: b\u0127ala stiker fi\u017ciku tradizzjonali jew b\u0127ala vinjetta di\u0121itali marbuta mal-pjan\u010ba tan-numru tal-vettura tieg\u0127ek. I\u017c-\u017cew\u0121 g\u0127a\u017cliet huma validi u rikonoxxuti legalment. <\/p>\n\n<h3 class=\"wp-block-heading\">1. Vinjetta tal-Istiker Fi\u017ciku<\/h3>\n\n<p>Il-vinjetta tradizzjonali hija stiker \u017cg\u0127ir li jwa\u0127\u0127al li jrid jitwa\u0127\u0127al mal-windskrin tal-vettura tieg\u0127ek. Tibqa&#8217; g\u0127a\u017cla popolari g\u0127al \u0127afna sewwieqa u hija disponibbli b&#8217;mod wiesa&#8217; madwar l-Ewropa. <\/p>\n\n<p><strong>Fejn Tixtri l-Vignetta tal-Istiker:<\/strong><\/p>\n\n<ul class=\"wp-block-list\">\n<li>Fil-punti ta&#8217; qsim tal-fruntiera u fl-uffi\u010b\u010bji tad-dwana \u017bvizzeri<\/li>\n\n\n\n<li>Fi stazzjonijiet tal-petrol \u0127dejn il-fruntiera \u017bvizzera (fil-\u0120ermanja, l-Awstrija, l-Italja, Franza)<\/li>\n\n\n\n<li>Fl-uffi\u010b\u010bji postali \u017bvizzeri u organizzazzjonijiet tal-muturi<\/li>\n\n\n\n<li>Minn klabbs tal-karozzi b\u0127al ADAC jew \u00d6AMTC<\/li>\n<\/ul>\n\n<div style=\"height:40px\" aria-hidden=\"true\" class=\"wp-block-spacer\"><\/div>\n\n<div class=\"wp-block-buttons is-content-justification-center is-layout-flex wp-container-core-buttons-is-layout-a89b3969 wp-block-buttons-is-layout-flex\">\n<div class=\"wp-block-button\"><a class=\"wp-block-button__link wp-element-button\" href=\"https:\/\/vignettego.com\/\">VignetteGO &#8211; ikseb Vignette malajr<\/a><\/div>\n<\/div>\n\n<div style=\"height:40px\" aria-hidden=\"true\" class=\"wp-block-spacer\"><\/div>\n\n<p><strong>Kif tapplikah:<\/strong> Qaxxar is-saff protettiv u wa\u0127\u0127al il-vinjetta fuq \u0121ewwa tal-windskrin tieg\u0127ek, preferibbilment fir-rokna ta\u2019 fuq tax-xellug jew wara l-mera ta\u2019 wara. Ladarba titne\u0127\u0127a, l-istiker ma jistax jer\u0121a\u2019 jintu\u017ca jew ji\u0121i trasferit g\u0127al vettura o\u0127ra. <\/p>\n\n<h3 class=\"wp-block-heading\">2. Vignetta Di\u0121itali (Rakkomandata)<\/h3>\n\n<p>Mill-2023, l-I\u017cvizzera offriet g\u0127a\u017cla ta <a href=\"https:\/\/vignettego.com\/\">\u2019 vinjetta di\u0121itali<\/a> . Din il-ver\u017cjoni hija marbuta mal-pjan\u010ba tal-li\u010benzja tieg\u0127ek u telimina l-\u0127tie\u0121a g\u0127al stiker fi\u017ciku. Hija soluzzjoni konvenjenti, spe\u010bjalment g\u0127al dawk li jibdlu l-vetturi ta\u2019 spiss jew iridu jevitaw l-inkonvenjent li jwa\u0127\u0127lu u jne\u0127\u0127u l-istiker.  <\/p>\n\n<p><strong>Vanta\u0121\u0121i tal-Vignetta Di\u0121itali:<\/strong><\/p>\n\n<ul class=\"wp-block-list\">\n<li>Xiri online velo\u010bi u fa\u010bli \u2014 kompli l-pro\u010bess fi ftit minuti<\/li>\n\n\n\n<li>M&#8217;hemmx b\u017conn li twa\u0127\u0127al jew tne\u0127\u0127i xi \u0127a\u0121a mill-windskrin tieg\u0127ek<\/li>\n\n\n\n<li>Jista&#8217; ji\u0121i a\u0121\u0121ornat fa\u010bilment jekk tibdel il-windscreen jew il-pjan\u010ba tan-numru tieg\u0127ek<\/li>\n\n\n\n<li>G\u0127a\u017cliet ta&#8217; ti\u0121did awtomatiku disponibbli<\/li>\n<\/ul>\n\n<p><strong>Fejn Tixtriha Online:<\/strong> Wie\u0127ed mill-aktar modi sempli\u010bi huwa permezz tal-pjattaforma uffi\u010bjali \u017bvizzera jew permezz ta\u2019 fornituri online fdati. Jekk trid tiffranka l-\u0127in u tevita l-kjuwijiet fil-fruntiera, tista\u2019 <a href=\"https:\/\/vignettego.com\/\" target=\"_blank\" rel=\"noreferrer noopener\">tixtri l-vinjetta \u017bvizzera tieg\u0127ek online hawn<\/a> fi ftit minuti biss. <\/p>\n\n<p><a href=\"https:\/\/vignettego.com\/\" target=\"_blank\" rel=\"noreferrer noopener\">Ixtri l-Vignetta \u017bvizzera Tieg\u0127ek Online Issa<\/a><\/p>\n\n<div style=\"height:40px\" aria-hidden=\"true\" class=\"wp-block-spacer\"><\/div>\n\n<h2 class=\"wp-block-heading\">Fi\u017ciku vs Di\u0121itali: Liema G\u0127andek Tag\u0127\u017cel?<\/h2>\n\n<p><strong>I\u017c-\u017cew\u0121 g\u0127a\u017cliet jipprovdu l-istess dritt legali li jintu\u017caw l-awtostradi \u017bvizzeri, i\u017cda l-vinjetta di\u0121itali qed issir dejjem aktar popolari min\u0127abba l-konvenjenza tag\u0127ha.  <\/strong><\/p>\n\n<p>Jekk tikri karozza fl-I\u017cvizzera, kwa\u017ci dejjem tinkludi vinjetta. Madankollu, jekk tikri karozza minn barra u qed tippjana li ssuq lejn l-I\u017cvizzera, i\u010b\u010bekkja jekk il-vettura di\u0121\u00e0 g\u0127andhiex wa\u0127da \u2014 il-bi\u010b\u010ba l-kbira m\u2019g\u0127andhomx. <\/p>\n\n<p>Jekk tg\u0127o\u017c\u017c il-flessibbilt\u00e0 u s-sempli\u010bit\u00e0, il-vinjetta di\u0121itali hija l-a\u0127jar g\u0127a\u017cla. Mill-banda l-o\u0127ra, jekk tippreferi tixtriha dak il-\u0127in stess jew ma tridx idda\u0127\u0127al id-dettalji tal-pjan\u010ba tan-numru tieg\u0127ek online, il-ver\u017cjoni fi\u017cika tibqa&#8217; g\u0127a\u017cla sikura. <\/p>\n\n<h2 class=\"wp-block-heading\">Perjodu ta&#8217; Validit\u00e0 u Ti\u0121did<\/h2>\n\n<p>Vanta\u0121\u0121 ie\u0127or tas-sistema \u017bvizzera huwa l-perjodu ta&#8217; validit\u00e0 \u0121eneru\u017c tag\u0127ha. Kull vinjetta hija valida g\u0127al 14-il xahar, mhux biss 12. Dan ifisser li tista&#8217; tu\u017caha g\u0127al \u017cew\u0121 xtiewi jew \u017cew\u0121 sjuf jekk tippjana l-vja\u0121\u0121i tieg\u0127ek bil-g\u0127aqal.  <\/p>\n\n<ul class=\"wp-block-list\">\n<li><strong>Data tal-bidu:<\/strong> l-1 ta&#8217; Di\u010bembru tas-sena ta&#8217; qabel<\/li>\n\n\n\n<li><strong>Data tat-tmiem:<\/strong> 31 ta&#8217; Jannar tas-sena ta&#8217; wara<\/li>\n<\/ul>\n\n<p>Pere\u017cempju, il-vinjetta tal-2026 hija valida mill-1 ta&#8217; Di\u010bembru 2024 sal-31 ta&#8217; Jannar 2026. Jekk tixtriha kmieni, effettivament ikollok xahrejn \u017cejda ming\u0127ajr ebda spi\u017ca addizzjonali. <\/p>\n\n<div style=\"height:40px\" aria-hidden=\"true\" class=\"wp-block-spacer\"><\/div>\n\n<div class=\"wp-block-buttons is-content-justification-center is-layout-flex wp-container-core-buttons-is-layout-a89b3969 wp-block-buttons-is-layout-flex\">\n<div class=\"wp-block-button\"><a class=\"wp-block-button__link wp-element-button\" href=\"https:\/\/vignettego.com\/\">Vinjetti elettroni\u010bi tal-awtostrada<\/a><\/div>\n<\/div>\n\n<div style=\"height:40px\" aria-hidden=\"true\" class=\"wp-block-spacer\"><\/div>\n\n<h2 class=\"wp-block-heading\">Is-Sewwieqa Barranin Je\u0127tie\u0121u Vinjetta?<\/h2>\n\n<p><strong>Iva. Ir-rekwi\u017cit tal-vinjetta japplika g\u0127all-vetturi kollha, irrispettivament minn fejn huma rre\u0121istrati.   <\/strong><\/p>\n\n<p>Jekk qed issuq lejn l-I\u017cvizzera minn pajji\u017c \u0121ar, trid tixtri vinjetta qabel jew immedjatament malli tid\u0127ol fin-netwerk tal-awtostradi. Il-pulizija ta\u2019 spiss ti\u010b\u010bekkja l-vetturi \u0127dejn il-qsim tal-fruntieri, id-da\u0127liet tal-awtostradi, u \u017c-\u017coni ta\u2019 mistrie\u0127. <\/p>\n\n<p>Anke jekk sempli\u010bement qed tg\u0127addi minn sieg\u0127a fl-I\u017cvizzera, xorta jkollok b\u017conn wa\u0127da. Mhux jiswa r-riskju li tipprova ssuq ming\u0127ajr vinjetta \u2014 il-multi huma g\u0127oljin u l-infurzar huwa strett. <\/p>\n\n<p><a href=\"https:\/\/vignettego.com\/\" target=\"_blank\" rel=\"noreferrer noopener\">Ixtri Vignetta \u017bvizzera fi Minuti<\/a><\/p>\n\n<div style=\"height:39px\" aria-hidden=\"true\" class=\"wp-block-spacer\"><\/div>\n\n<h2 class=\"wp-block-heading\">Multi u Penali g\u0127as-Sewqan Ming\u0127ajr Vignetta<\/h2>\n\n<p><strong>Is-sewqan fuq l-awtostradi \u017bvizzeri ming\u0127ajr vinjetta valida huwa kkunsidrat b\u0127ala reat serju tat-traffiku.  <\/strong><\/p>\n\n<p>L-awtoritajiet jinfurzaw ir-rekwi\u017cit tal-vinjetta b&#8217;mod strett, u l-multi huma g\u0127oljin biex jiskora\u0121\u0121ixxu n-nuqqas ta&#8217; konformit\u00e0. Jekk titwaqqaf mill-pulizija jew tinqabad waqt spezzjoni fit-triq ming\u0127ajr vinjetta, se tiffa\u010b\u010bja: <\/p>\n\n<ul class=\"wp-block-list\">\n<li>Multa standard ta <strong>\u2019 CHF 200<\/strong> (madwar \u20ac210)<\/li>\n\n\n\n<li>Obbligu immedjat li <a href=\"https:\/\/vignettego.com\/\">tixtri vinjetta<\/a> fuq il-post<\/li>\n<\/ul>\n\n<p>M&#8217;hemm l-ebda perjodu ta&#8217; grazzja u l-ebda e\u010b\u010bezzjoni. Ir-rekwi\u017cit jibda fil-mument li tid\u0127ol f&#8217;awtostrada jew triq mg\u0127a\u0121\u0121la. Anke jekk issuq kilometru wie\u0127ed biss ming\u0127ajr vinjetta, xorta tkun responsabbli g\u0127all-multa s\u0127i\u0127a.    <\/p>\n\n<p>Ta&#8217; min jinnota li l-multi ma jin\u0127ar\u0121ux biss fil-punti tal-qsim tal-fruntieri i\u017cda wkoll fil-fond tal-pajji\u017c, fejn il-kontrolli ka\u017cwali fit-triq huma komuni.<\/p>\n\n<p>Min\u0127abba li l-ispi\u017ca tal-vinjetta hija tant baxxa meta mqabbla mal-penali, dejjem ikun aktar g\u0127aqli li tixtri wa\u0127da minn qabel. Ix-xiri online qabel il-vja\u0121\u0121 tieg\u0127ek huwa l-aktar mod fa\u010bli biex tevita problemi bla b\u017conn. <\/p>\n\n<p><a href=\"https:\/\/vignettego.com\/\" target=\"_blank\" rel=\"noreferrer noopener\">Ixtri l-Vignetta \u017bvizzera Tieg\u0127ek u Evita l-Multi<\/a><\/p>\n\n<div style=\"height:40px\" aria-hidden=\"true\" class=\"wp-block-spacer\"><\/div>\n\n<h2 class=\"wp-block-heading\">Peda\u0121\u0121i Spe\u010bjali u E\u010b\u010bezzjonijiet<\/h2>\n\n<p><strong>Filwaqt li l-vinjetta ta&#8217; CHF 40 tkopri kwa\u017ci n-netwerk kollu tal-awtostradi \u017bvizzeri, hemm ftit mini u rotot fil-muntanji fejn japplikaw \u0127lasijiet addizzjonali.  <\/strong><\/p>\n\n<p>Dawn tipikament ikunu pro\u0121etti ta&#8217; infrastruttura twal u g\u0127aljin li je\u0127tie\u0121u tariffi ta&#8217; manutenzjoni separati.<\/p>\n\n<figure class=\"wp-block-table\"><table class=\"has-fixed-layout\"><thead><tr><th>Rotta \/ Mina<\/th><th>Peda\u0121\u0121 Addizzjonali<\/th><th>Noti<\/th><\/tr><\/thead><tbody><tr><td>Mina tal-Gran San Bernard (fruntiera mal-Italja)<\/td><td>~CHF 30<\/td><td>Pagabbli fil-kabina tat-tollijiet jew online<\/td><\/tr><tr><td>Mina ta\u2019 Munt la Schera (sa Livigno, l-Italja)<\/td><td>~CHF 15\u201330<\/td><td>Triq sta\u0121jonali, it-tariffa tvarja skont i\u017c-\u017cmien tas-sena<\/td><\/tr><tr><td>Pass ta&#8217; San Bernardino<\/td><td>Inklu\u017c<\/td><td>L-ebda \u0127las \u017cejjed, i\u017cda jiddependi mit-temp<\/td><\/tr><\/tbody><\/table><\/figure>\n\n<p>Vetturi ta\u2019 aktar minn 3.5 tunnellati, b\u0127al motorhomes tqal, trakkijiet, jew karozzi tal-linja, huma so\u0121\u0121etti g\u0127at- <strong>Tariffa tal-Vetturi Tqal (LSVA)<\/strong> . Din it-taxxa hija kkalkulata abba\u017ci tad-distanza, il-pi\u017c, u l-kategorija tal-emissjonijiet, u \u0121eneralment tit\u0127allas separatament permezz ta\u2019 kumpaniji tat-trasport jew fl-uffi\u010b\u010bji tad-dwana. <\/p>\n\n<div style=\"height:40px\" aria-hidden=\"true\" class=\"wp-block-spacer\"><\/div>\n\n<div class=\"wp-block-buttons is-content-justification-center is-layout-flex wp-container-core-buttons-is-layout-a89b3969 wp-block-buttons-is-layout-flex\">\n<div class=\"wp-block-button\"><a class=\"wp-block-button__link wp-element-button\">L-aktar servizz ta&#8217; vinjetti elettroni\u010bi fdat fl-Ewropa<\/a><\/div>\n<\/div>\n\n<div style=\"height:40px\" aria-hidden=\"true\" class=\"wp-block-spacer\"><\/div>\n\n<h2 class=\"wp-block-heading\">Pariri dwar is-Sewqan g\u0127all-I\u017cvizzera<\/h2>\n\n<p><strong>L-I\u017cvizzera hija mag\u0127rufa g\u0127al-li\u0121ijiet stretti tat-traffiku tag\u0127ha u l-infrastruttura mi\u017cmuma tajjeb.  <\/strong><\/p>\n\n<p>L-osservanza tar-regoli mhux biss i\u017c\u017commok sigur i\u017cda tg\u0127inek ukoll tevita multi g\u0127aljin. Hawn huma xi pariri utli qabel ma ssuq: <\/p>\n\n<ul class=\"wp-block-list\">\n<li><strong>Limiti tal-velo\u010bit\u00e0:<\/strong> 120 km\/sieg\u0127a fuq l-awtostradi, 100 km\/sieg\u0127a fuq karre\u0121\u0121jati doppji, 80 km\/sieg\u0127a fuq toroq rurali, 50 km\/sieg\u0127a fl-ibliet.<\/li>\n\n\n\n<li><strong>Tajers tax-xitwa:<\/strong> Mhux obbligatorji legalment i\u017cda rakkomandati \u0127afna minn Novembru sa Marzu, spe\u010bjalment f&#8217;re\u0121juni muntanju\u017ci.<\/li>\n\n\n\n<li><strong>Dwal:<\/strong> Id-dwal ta&#8217; quddiem baxxi huma obbligatorji matul il-jum.<\/li>\n\n\n\n<li><strong>Mowbajls:<\/strong> L-u\u017cu ta\u2019 telefon ming\u0127ajr sistema hands-free huwa illegali u ji\u0121i mmultat \u0127afna.<\/li>\n\n\n\n<li><strong>Limitu tal-alko\u0127ol:<\/strong> 0.5\u2030 (inqas g\u0127al sewwieqa \u0121odda u sewwieqa professjonali).<\/li>\n\n\n\n<li><strong>Parke\u0121\u0121:<\/strong> Ir-regolamenti tal-parke\u0121\u0121 huma infurzati b&#8217;mod strett. Dejjem u\u017ca l-ispazji mmarkati u oqg\u0127od attent g\u0127al-limiti ta&#8217; \u0127in. <\/li>\n<\/ul>\n\n<p>L-I\u017cvizzera g\u0127andha wkoll u\u0127ud mill-aktar rotot xeni\u010bi fl-Ewropa, b\u0127all-Furka Pass, il-Gotthard Pass, u t-Triq Bernina.  <\/p>\n\n<p>Filwaqt li dawn it-toroq jistg\u0127u ma je\u0127ti\u0121ux vinjetta jekk ma jkunux parti min-netwerk tal-awtostradi, \u0127afna drabi jing\u0127alqu fix-xitwa min\u0127abba l-borra, g\u0127alhekk dejjem i\u010b\u010bekkja l-kundizzjonijiet sta\u0121jonali qabel ma tivvja\u0121\u0121a.<\/p>\n\n<div style=\"height:40px\" aria-hidden=\"true\" class=\"wp-block-spacer\"><\/div>\n\n<h2 class=\"wp-block-heading\">Strate\u0121iji Alternattivi g\u0127al Vja\u0121\u0121i Qosra<\/h2>\n\n<p>Jekk qed tippjana li tg\u0127addi mill-I\u017cvizzera u t\u0127oss li CHF 40 huwa wisq g\u0127al vja\u0121\u0121 qasir, hemm ftit alternattivi \u2014 g\u0127alkemm kull wa\u0127da ti\u0121i b&#8217;kompromessi:<\/p>\n\n<ul class=\"wp-block-list\">\n<li><strong>U\u017ca toroq mhux awtostradi:<\/strong> It-toroq immarkati b&#8217;sinjali blu huma bla \u0127las, i\u017cda huma aktar bil-mod u spiss jg\u0127addu minn bliet u r\u0127ula.<\/li>\n\n\n\n<li><strong>Ipparkja u rkeb:<\/strong> Ipparkja l-karozza tieg\u0127ek \u0127dejn il-fruntiera u ivvja\u0121\u0121a lejn l-I\u017cvizzera bil-ferrovija. In-netwerk ferrovjarju \u017bvizzeru huwa velo\u010bi, affidabbli, u jkopri anke bliet remoti fil-muntanji. <\/li>\n\n\n\n<li><strong>Ag\u0127milha parti minn vja\u0121\u0121:<\/strong> Jekk xorta wa\u0127da qed t\u0127allas g\u0127all-vinjetta, ippjana waqfiet fi bliet \u017bvizzeri jew attrazzjonijiet naturali biex tikseb aktar valur mi\u017c-\u017cjara tieg\u0127ek.<\/li>\n<\/ul>\n\n<p>Fl-a\u0127\u0127ar mill-a\u0127\u0127ar, il-vinjetta ta&#8217; CHF 40 hija prezz \u017cg\u0127ir g\u0127al a\u010b\u010bess illimitat g\u0127al wa\u0127da mill-aqwa netwerks tat-toroq fid-dinja. G\u0127al \u0127afna vja\u0121\u0121aturi, l-investiment jiswa sew. <\/p>\n\n<div style=\"height:40px\" aria-hidden=\"true\" class=\"wp-block-spacer\"><\/div>\n\n<h2 class=\"wp-block-heading\">Mistoqsijiet Frekwenti (FAQs)<\/h2>\n\n<h3 class=\"wp-block-heading\">G\u0127andi b\u017conn vinjetta jekk qed insuq biss fuq toroq sekondarji?<\/h3>\n\n<p>Le. Il-vinjetta hija me\u0127tie\u0121a biss g\u0127all-awtostradi u t-toroq espressi, li huma indikati b&#8217;sinjali \u0127odor b&#8217;numri bojod. It-toroq immarkati b&#8217;sinjali blu huma \u0127ielsa li jintu\u017caw ming\u0127ajr vinjetta.  <\/p>\n\n<h3 class=\"wp-block-heading\">Nista&#8217; nittrasferixxi l-vinjetta tieg\u0127i g\u0127al vettura o\u0127ra?<\/h3>\n\n<p>Le. Kemm il-vinjetti fi\u017ci\u010bi kif ukoll dawk di\u0121itali huma marbuta ma&#8217; vettura spe\u010bifika. Il-vinjetti fi\u017ci\u010bi jinqerdu meta jitne\u0127\u0127ew, u l-vinjetti di\u0121itali huma marbuta mal-pjan\u010ba tal-li\u010benzja li tkun tidda\u0127\u0127al waqt ix-xiri.  <\/p>\n\n<h3 class=\"wp-block-heading\">X&#8217;ji\u0121ri jekk nibdel il-pjan\u010ba tal-li\u010benzja tieg\u0127i?<\/h3>\n\n<p>Jekk g\u0127andek vinjetta di\u0121itali, \u0121eneralment tista&#8217; ta\u0121\u0121orna d-dettalji tar-re\u0121istrazzjoni online. G\u0127al vinjetta fi\u017cika, ikollok b\u017conn tixtri wa\u0127da \u0121dida. <\/p>\n\n<h3 class=\"wp-block-heading\">Il-karozzi tal-kiri fl-I\u017cvizzera di\u0121\u00e0 huma mg\u0127ammra b&#8217;vinjetta?<\/h3>\n\n<p>Il-bi\u010b\u010ba l-kbira tal-karozzi tal-kiri mi\u0121bura fl-I\u017cvizzera jinkludu vinjetta fil-prezz. Madankollu, vetturi mikrija barra l-I\u017cvizzera \u0121eneralment ma jinkluduhiex. Dejjem i\u010b\u010bekkja mal-kumpanija tal-kiri minn qabel.  <\/p>\n\n<h3 class=\"wp-block-heading\">L-I\u017cvizzera toffri vinjetti g\u0127al \u017cmien qasir g\u0127at-turisti?<\/h3>\n\n<p>Le. G\u0127all-kuntrarju tal-Awstrija jew is-Slovenja, l-I\u017cvizzera toffri vinjetta annwali biss. Anke jekk qed i\u017c\u017cur g\u0127al \u0121urnata wa\u0127da, trid tixtri l-pass tas-sena s\u0127i\u0127a.  <\/p>\n\n<div style=\"height:40px\" aria-hidden=\"true\" class=\"wp-block-spacer\"><\/div>\n\n<h2 class=\"wp-block-heading\">\u0126sibijiet Finali: Investiment \u017bg\u0127ir g\u0127al Esperjenza ta&#8217; Sewqan Premium<\/h2>\n\n<p>Il-vinjetta tal-awtostrada \u017bvizzera hija wa\u0127da mis-sistemi ta&#8217; peda\u0121\u0121 l-aktar sempli\u010bi u kosteffettivi fl-Ewropa. G\u0127al tariffa fissa ta&#8217; CHF 40 fis-sena, tikseb a\u010b\u010bess illimitat g\u0127al netwerk tat-toroq li huwa sikur, velo\u010bi u xeniku.   <\/p>\n\n<p>Il-konvenjenza li ma jkollokx g\u0127alfejn tieqaf fil-kabini tal-\u0127las u l-kwalit\u00e0 tal-infrastruttura \u017bvizzera jag\u0127mluha parti essenzjali minn kwalunkwe vja\u0121\u0121 bit-triq fir-re\u0121jun.<\/p>\n\n<p>Kemm jekk qed tesplora r\u0127ula alpini pittoreski, issuq lejn resorts tal-iskijjar ta\u2019 klassi dinjija, jew sempli\u010bement taqsam il-pajji\u017c b\u0127ala parti minn vja\u0121\u0121 Ewropew akbar, il-vinjetta toffri ser\u0127an tal-mo\u0127\u0127 u esperjenza ming\u0127ajr battikata.  <\/p>\n\n<p><strong>Tirriskjax multi jew dewmien \u2014 ikseb il-vinjetta tieg\u0127ek qabel ma tivvja\u0121\u0121a u gawdi t-toroq tal-I\u017cvizzera bil-mod kif suppost ji\u0121u esperjenzati.<\/strong><\/p>\n\n<p><a href=\"https:\/\/vignettego.com\/\" target=\"_blank\" rel=\"noreferrer noopener\">Ixtri l-Vignetta \u017bvizzera Tieg\u0127ek Online Illum<\/a><\/p>\n\n<p>Ixtri l-vinjetta uffi\u010bjali tieg\u0127ek tal-awtostrada \u017bvizzera online minn <a href=\"https:\/\/vignettego.com\/\" target=\"_blank\" rel=\"noreferrer noopener\">VignetteGo<\/a> u kun lest biex tivvja\u0121\u0121a fi ftit minuti.<\/p>\n\n<div style=\"height:40px\" aria-hidden=\"true\" class=\"wp-block-spacer\"><\/div>\n\n<div class=\"wp-block-buttons is-content-justification-center is-layout-flex wp-container-core-buttons-is-layout-a89b3969 wp-block-buttons-is-layout-flex\">\n<div class=\"wp-block-button\"><a class=\"wp-block-button__link wp-element-button\" href=\"https:\/\/vignettego.com\/\">Ipprova VignetteGO.com<\/a><\/div>\n<\/div>\n\n<div style=\"height:40px\" aria-hidden=\"true\" class=\"wp-block-spacer\"><\/div>\n\n<p><strong>TIKKETTI:<\/strong><\/p>\n\n<p class=\"has-medium-font-size\">Vinjetta tal-awtostrada Svizzera, Peda\u0121\u0121 tal-awtostrada Svizzera, Ixtri vinjetta Svizzera online, Taxxa tat-triq Svizzera 2026, Gwida tas-sewqan fl-I\u017cvizzera, Pass tal-awtostrada Svizzera, Stiker tal-awtostrada <a href=\"https:\/\/vignettego.com\/\">Svizzera, Vinjetta di\u0121itali<\/a> Svizzera, Spjegazzjoni tat-toroq \u017bvizzeri bi \u0127las, Pariri dwar l-ivvja\u0121\u0121ar bil-karozza fl-I\u017cvizzera, Vja\u0121\u0121 bit-triq fl-I\u017cvizzera, Regoli tas-sewqan fl-I\u017cvizzera, Spi\u017ca tal-vinjetta Svizzera, Fejn tixtri vinjetta Svizzera, Evita multi tal-vinjetta Svizzera, Netwerk tal-awtostradi Svizzera, Vinjetta annwali Svizzera, Permess tal-awtostrada Svizzera, Ivvja\u0121\u0121ar bil-karozza fl-I\u017cvizzera<\/p>\n\n<p><\/p>\n","protected":false},"excerpt":{"rendered":"<p>Is-sewqan fl-I\u017cvizzera hija wa\u0127da mill-aktar esperjenzi tat-triq tal-g\u0127a\u0121eb fl-Ewropa . Il-pajji\u017c huwa famu\u017c g\u0127at-toroq impekkabbli tieg\u0127u, il-mini impressjonanti, u l-pajsa\u0121\u0121i alpini xeni\u010bi li jag\u0127mlu kull vja\u0121\u0121 indimentikabbli. Imma qabel ma tivvja\u0121\u0121a fuq awtostrada \u017bvizzera, hemm rekwi\u017cit essenzjali wie\u0127ed li trid tkun taf dwaru: il -vinjetta tal-awtostrada \u017bvizzera . Din il-gwida komprensiva tispjega dak kollu li [&hellip;]<\/p>\n","protected":false},"author":1,"featured_media":57,"parent":0,"menu_order":0,"comment_status":"closed","ping_status":"closed","template":"","meta":{"footnotes":""},"class_list":["post-164","page","type-page","status-publish","has-post-thumbnail","hentry"],"_links":{"self":[{"href":"https:\/\/vignettego.com\/highway-vignette-europe\/mt\/wp-json\/wp\/v2\/pages\/164","targetHints":{"allow":["GET"]}}],"collection":[{"href":"https:\/\/vignettego.com\/highway-vignette-europe\/mt\/wp-json\/wp\/v2\/pages"}],"about":[{"href":"https:\/\/vignettego.com\/highway-vignette-europe\/mt\/wp-json\/wp\/v2\/types\/page"}],"author":[{"embeddable":true,"href":"https:\/\/vignettego.com\/highway-vignette-europe\/mt\/wp-json\/wp\/v2\/users\/1"}],"replies":[{"embeddable":true,"href":"https:\/\/vignettego.com\/highway-vignette-europe\/mt\/wp-json\/wp\/v2\/comments?post=164"}],"version-history":[{"count":1,"href":"https:\/\/vignettego.com\/highway-vignette-europe\/mt\/wp-json\/wp\/v2\/pages\/164\/revisions"}],"predecessor-version":[{"id":166,"href":"https:\/\/vignettego.com\/highway-vignette-europe\/mt\/wp-json\/wp\/v2\/pages\/164\/revisions\/166"}],"wp:featuredmedia":[{"embeddable":true,"href":"https:\/\/vignettego.com\/highway-vignette-europe\/mt\/wp-json\/wp\/v2\/media\/57"}],"wp:attachment":[{"href":"https:\/\/vignettego.com\/highway-vignette-europe\/mt\/wp-json\/wp\/v2\/media?parent=164"}],"curies":[{"name":"wp","href":"https:\/\/api.w.org\/{rel}","templated":true}]}}