{"id":1121,"date":"2026-01-04T01:40:21","date_gmt":"2026-01-04T01:40:21","guid":{"rendered":"https:\/\/vignettego.com\/highway-vignette-europe\/vinjetta-triq-moldova-2026\/"},"modified":"2026-01-04T12:42:50","modified_gmt":"2026-01-04T12:42:50","slug":"vinjetta-triq-moldova-2026","status":"publish","type":"page","link":"https:\/\/vignettego.com\/highway-vignette-europe\/mt\/vinjetta-triq-moldova-2026\/","title":{"rendered":"Vignetta tat-Toroq ta&#8217; Moldova 2026: Gwida Kompluta ta&#8217; Vinieta"},"content":{"rendered":"\n<script type=\"application\/ld+json\">{\n    \"@context\": \"https:\/\/schema.org\",\n    \"@graph\": [\n        {\n            \"@type\": \"Article\",\n            \"@id\": \"https:\/\/vignettego.com\/highway-vignette-europe\/moldova-highway-vignette-guide\/#article\",\n            \"headline\": \"Moldova Road Vignette 2026: Complete Vinieta Guide\",\n            \"description\": \"Everything about the Moldovan road vignette system (Vinieta). Learn about pricing, validity, where to buy, road conditions, and travel tips for driving in Moldova.\",\n            \"image\": \"https:\/\/vignettego.com\/highway-vignette-europe\/wp-content\/uploads\/2026\/09\/Highway-Vignette-Europe.jpg\",\n            \"datePublished\": \"2026-01-04\",\n            \"dateModified\": \"2026-01-04\",\n            \"author\": {\"@type\": \"Organization\", \"name\": \"VignetteGo\", \"url\": \"https:\/\/vignettego.com\"},\n            \"publisher\": {\"@type\": \"Organization\", \"name\": \"VignetteGo\"},\n            \"mainEntityOfPage\": {\"@type\": \"WebPage\", \"@id\": \"https:\/\/vignettego.com\/highway-vignette-europe\/moldova-highway-vignette-guide\/\"},\n            \"articleSection\": \"Highway Vignettes\",\n            \"keywords\": [\"Moldova vignette\", \"Vinieta Moldova\", \"Moldova road toll\", \"Moldovan road pass\", \"driving in Moldova\"],\n            \"inLanguage\": \"en\",\n            \"speakable\": {\"@type\": \"SpeakableSpecification\", \"cssSelector\": [\".article-intro\", \"#faq-section\"]}\n        },\n        {\n            \"@type\": \"BreadcrumbList\",\n            \"itemListElement\": [\n                {\"@type\": \"ListItem\", \"position\": 1, \"name\": \"VignetteGo\", \"item\": \"https:\/\/vignettego.com\/\"},\n                {\"@type\": \"ListItem\", \"position\": 2, \"name\": \"Highway Vignette Europe\", \"item\": \"https:\/\/vignettego.com\/highway-vignette-europe\/\"},\n                {\"@type\": \"ListItem\", \"position\": 3, \"name\": \"Moldova Guide\", \"item\": \"https:\/\/vignettego.com\/highway-vignette-europe\/moldova-highway-vignette-guide\/\"}\n            ]\n        },\n        {\n            \"@type\": \"FAQPage\",\n            \"mainEntity\": [\n                {\"@type\": \"Question\", \"name\": \"How much does the Moldovan road vignette cost?\", \"acceptedAnswer\": {\"@type\": \"Answer\", \"text\": \"The Moldovan vinieta costs approximately EUR 4-5 for 7 days, EUR 6-8 for 15 days, and EUR 15-20 for an annual vignette. This makes it one of Europe most affordable road toll systems.\"}},\n                {\"@type\": \"Question\", \"name\": \"Do I need a vignette to drive in Moldova?\", \"acceptedAnswer\": {\"@type\": \"Answer\", \"text\": \"Yes, all foreign-registered vehicles require a valid road vignette (vinieta rutier\u0103) to drive on Moldovan national roads. The vignette can be purchased online or at border crossings.\"}},\n                {\"@type\": \"Question\", \"name\": \"Can I buy the Moldovan vignette online?\", \"acceptedAnswer\": {\"@type\": \"Answer\", \"text\": \"Yes, you can purchase the Moldovan vinieta online through VignetteGo or official Moldovan portals. The vignette is valid immediately after purchase and is linked to your license plate.\"}},\n                {\"@type\": \"Question\", \"name\": \"What are the road conditions like in Moldova?\", \"acceptedAnswer\": {\"@type\": \"Answer\", \"text\": \"Main roads in Moldova are generally acceptable but can be rough in places. Rural roads often have potholes. Drive carefully, especially at night, and be aware of horse-drawn carts in rural areas.\"}},\n                {\"@type\": \"Question\", \"name\": \"Is Moldova safe for road trips?\", \"acceptedAnswer\": {\"@type\": \"Answer\", \"text\": \"Yes, Moldova is generally safe for tourists. The main concerns are road conditions and the unrecognized region of Transnistria. Stick to main routes and purchase comprehensive insurance.\"}}\n            ]\n        }\n    ]\n}\n<\/script>\n\n<figure class=\"wp-block-image aligncenter size-large\"><img decoding=\"async\" src=\"https:\/\/vignettego.com\/highway-vignette-europe\/wp-content\/uploads\/2026\/09\/Highway-Vignette-Europe.jpg\" alt=\"Vignetta tat-Toroq ta' Moldova 2026 - Gwida kompluta tas-sistema Vinieta f'Moldova\" style=\"width:100%; height:auto; margin-bottom:20px;\"\/><\/figure>\n\n<p class=\"article-intro\">Il-Moldova tibqa&#8217; wa\u0127da mill-pajji\u017ci l-inqas vi\u017citati fl-Ewropa\u2014imma dan qed jinbidel b&#8217;mod rapidu hekk kif il-vja\u0121\u0121aturi avventuru\u017ci jiskopru r-re\u0121juni tal-inbid ta&#8217; klassi dinjija tag\u0127ha, il-wirt uniku Sovjetiku, l-ospitalit\u00e0 s\u0127una, u l-kultura sorpri\u017cament rikka tag\u0127ha. Jekk qed tippjana vja\u0121\u0121 bil-karozza lejn din il-\u0121awhra mo\u0127bija, trid tifhem <strong>is-sistema tal-vignettes tat-triq Moldavjana<\/strong>, mag\u0127rufa lokalment <strong>b\u0127ala vinieta rutier\u0103<\/strong>. Din il-gwida komprensiva tkopri kollox li g\u0127andek b\u017conn tkun taf dwar is-sewqan fil-Moldova fl-2026, mill-akkwist tal-vignetta tieg\u0127ek sal-navigazzjoni fit-toroq rurali u l-esplorazzjoni tat-te\u017cori mo\u0127bija tag\u0127ha.  <\/p>\n\n<div style=\"height:25px\" aria-hidden=\"true\" class=\"wp-block-spacer\"><\/div>\n\n<div class=\"wp-block-buttons is-content-justification-center is-layout-flex wp-container-core-buttons-is-layout-a89b3969 wp-block-buttons-is-layout-flex\">\n<div class=\"wp-block-button\"><a class=\"wp-block-button__link wp-element-button\" href=\"https:\/\/vignettego.com\/\" style=\"background-color:#0066cc;color:#ffffff;padding:15px 30px;font-size:18px;border-radius:8px;\">\ud83d\ude97 \u0126u l-Vinieta Moldava tieg\u0127ek fuq VignetteGo<\/a><\/div>\n<\/div>\n\n<div style=\"height:25px\" aria-hidden=\"true\" class=\"wp-block-spacer\"><\/div>\n\n<h2 class=\"wp-block-heading\">\ud83c\uddf2\ud83c\udde9 X&#8217;inhi l-vineta Moldavja?<\/h2>\n\n<p>Il-Moldova topera <strong>sistema elettronika ta&#8217; vignett tat-toroq<\/strong> (vinieta rutier\u0103) g\u0127al kull vettura barranija li tu\u017ca t-toroq nazzjonali tal-Moldova. Il-vignette hija toll ibba\u017cat fuq i\u017c-\u017cmien li jag\u0127tik id-dritt li tu\u017ca n-netwerk tat-toroq rurali. B\u0127al \u0127afna sistemi Ewropej moderni, <strong>il-vinieta Moldava hija kompletament di\u0121itali<\/strong>\u2014il-plate tal-li\u010benzja tieg\u0127ek hija rre\u0121istrata f&#8217;database u ti\u0121i \u010b\u010bekkjata mill-awtoritajiet tal-implimentazzjoni.  <\/p>\n\n<p>Is-sistema \u0121iet modernizzata fl-a\u0127\u0127ar snin biex tkun aktar a\u010b\u010bessibbli g\u0127all-vi\u017citaturi barranin. Issa tista&#8217; tixtri l-vignetta tieg\u0127ek online qabel ma tasal f&#8217;Moldova, u b&#8217;hekk tne\u0127\u0127i dewmien potenzjali fil-qsim tal-fruntiera. Il-vignetta ssir valida immedjatament wara x-xiri jew mid-data ta&#8217; bidu spe\u010bifikata tieg\u0127ek.  <\/p>\n\n<h2 class=\"wp-block-heading\">\ud83d\udccb Prezzijiet tal-Vinjetti Moldavi 2026<\/h2>\n\n<p>Il-Moldova toffri w\u0127ud mill-aktar tolls tat-triq affordabbli fl-Ewropa, u jag\u0127mluha destinazzjoni ekonomika g\u0127al vja\u0121\u0121i bil-karozza. Hawn huma l-g\u0127a\u017cliet attwali tal-prezzar: <\/p>\n\n<figure class=\"wp-block-table\"><table><thead><tr><th>Perjodu ta&#8217; Validit\u00e0<\/th><th>Karozzi (sa 3.5t)<\/th><th>Madwar EUR <\/th><\/tr><\/thead><tbody><tr><td><strong>7 Ijiem<\/strong><\/td><td>80-100 MDL<\/td><td>~EUR 4-5<\/td><\/tr><tr><td><strong>15-il Jum<\/strong><\/td><td>120-150 MDL<\/td><td>~EUR 6-8<\/td><\/tr><tr><td><strong>30 Jum<\/strong><\/td><td>200-250 MDL<\/td><td>~EUR 10-13<\/td><\/tr><tr><td><strong>Annwali<\/strong><\/td><td>300-400 MDL<\/td><td>~EUR 15-20<\/td><\/tr><\/tbody><\/table><\/figure>\n\n<p><strong>Nota:<\/strong> Il-prezzijiet huma indikattivi u jistg\u0127u jvarjaw ftit. Ir-rata tal-kambju tal-Leu Moldav (MDL) tvarja, i\u017cda 1 EUR huwa madwar 19-20 MDL. <\/p>\n\n<div style=\"height:25px\" aria-hidden=\"true\" class=\"wp-block-spacer\"><\/div>\n\n<div class=\"wp-block-buttons is-content-justification-center is-layout-flex wp-container-core-buttons-is-layout-a89b3969 wp-block-buttons-is-layout-flex\">\n<div class=\"wp-block-button\"><a class=\"wp-block-button__link wp-element-button\" href=\"https:\/\/vignettego.com\/\" style=\"background-color:#28a745;color:#ffffff;padding:15px 30px;font-size:18px;border-radius:8px;\">\u2705 Ikseb Vignetti Ewropej \u2013 inklu\u017c Moldova \u2013 fuq VignetteGo<\/a><\/div>\n<\/div>\n\n<div style=\"height:25px\" aria-hidden=\"true\" class=\"wp-block-spacer\"><\/div>\n\n<h2 class=\"wp-block-heading\">\ud83d\udee3\ufe0f Netwerk tat-Toroq tal-Moldova<\/h2>\n\n<p>Il-Moldova hija pajji\u017c \u017cg\u0127ir (madwar id-daqs tal-Bel\u0121ju) b&#8217;netwerk tat-toroq relattivament sempli\u010bi. M&#8217;hemmx awtostradi fil-kun\u010bett tradizzjonali\u2014minflok, il-pajji\u017c jiddependi fuq toroq nazzjonali (M-roads) u toroq re\u0121jonali (R-roads). Hawn huma r-rotot prin\u010bipali:  <\/p>\n\n<h3 class=\"wp-block-heading\">M1 \u2013 Rotta Prin\u010bipali Lvant-Punent<\/h3>\n\n<p>Ir-rotta internazzjonali prin\u010bipali <strong>li tg\u0127aqqad il-fruntiera Rumena (Leu\u0219eni) ma&#8217; Chi\u0219in\u0103u u &#8216;l quddiem sal-fruntiera Ukrajna<\/strong>. Din hija l-arterja prin\u010bipali g\u0127at-traffiku internazzjonali u \u0121eneralment tinsab f&#8217;kundizzjoni ra\u0121onevoli. Tul totali permezz ta&#8217; Moldova: madwar 180 km.  <\/p>\n\n<h3 class=\"wp-block-heading\">M2 \u2013 Rotta tat-Tramuntana<\/h3>\n\n<p>Tg\u0127addi minn <strong>Chi\u0219in\u0103u lejn it-tramuntana sa B\u0103l\u021bi<\/strong> (it-tieni l-akbar belt ta&#8217; Moldova) u tkompli sal-fruntiera Ukraina. Importanti g\u0127al vja\u0121\u0121aturi li jmorru lejn jew minn l-Ukrajna tat-Tramuntana. Tul: madwar 140 km.  <\/p>\n\n<h3 class=\"wp-block-heading\">M3 \u2013 Rotta tan-Nofsinhar<\/h3>\n\n<p>Jg\u0127aqqad <strong>lil Chi\u0219in\u0103u mar-Re\u0121jun Awtonomu ta&#8217; Gagauz tan-nofsinhar<\/strong> u mal-fruntiera Rumena f&#8217;Giurgiule\u0219ti (port \u017cg\u0127ir tad-Danubju tal-Moldova). Din ir-rotta tintu\u017ca minn vja\u0121\u0121aturi li jmorru lejn\/minn Bukarest permezz tan-Nofsinhar tar-Rumanija. <\/p>\n\n<h3 class=\"wp-block-heading\">M4 \u2013 Rotta tal-Inbid<\/h3>\n\n<p>Jg\u0127aqqad lil Chi\u0219in\u0103u ma&#8217; Orhei (dar il-monasteru famu\u017c tal-g\u0127ar ta&#8217; Orheiul Vechi) u lil hinn minnha. Din hija rotta turisti\u010bi popolari g\u0127al \u017cjara f&#8217;re\u0121juni tal-inbid u siti stori\u010bi. <\/p>\n\n<h2 class=\"wp-block-heading\">\ud83d\udcbb Kif Tixtri l-Vinieta Moldava<\/h2>\n\n<p>Ix-xiri tal-vignetta Moldava tieg\u0127ek huwa fa\u010bli. Hawnhekk huma l-g\u0127a\u017cliet tieg\u0127ek: <\/p>\n\n<h3 class=\"wp-block-heading\">G\u0127a\u017cla 1: Online permezz ta&#8217; VignetteGo (rakkomandat)<\/h3>\n\n<ol class=\"wp-block-list\">\n<li>\u017bur <a href=\"https:\/\/vignettego.com\/\" title=\"Ixtri vignetta Moldava online\">VignetteGo.com<\/a><\/li>\n<li>Ag\u0127\u017cel il-Moldova u l-perjodu ta&#8217; validit\u00e0 mixtieq<\/li>\n<li>Idda\u0127\u0127al id-dettalji tar-re\u0121istrazzjoni tal-vettura tieg\u0127ek (plakka tal-li\u010benzja)<\/li>\n<li>\u0126las sigur komplut<\/li>\n<li>Ir\u010bievi konferma immedjata\u2014valida immedjatament!<\/li>\n<\/ol>\n\n<p><strong>G\u0127aliex VignetteGo?<\/strong>  Appo\u0121\u0121 multi-lingwa, interface fa\u010bli, abbilt\u00e0 li jixtru vignetti g\u0127ar-Rumanija u pajji\u017ci o\u0127ra fl-istess transazzjoni (essenzjali g\u0127al \u0127afna vja\u0121\u0121i lejn il-Moldova), u appo\u0121\u0121 affidabbli g\u0127all-klijenti.<\/p>\n\n<h3 class=\"wp-block-heading\">G\u0127a\u017cla 2: Fil-Qsim tal-Fruntiera<\/h3>\n\n<p>Vignetti jistg\u0127u jinxtraw fil-punti tal-qsim tal-fruntiera tal-Moldova. Madankollu, dan jista&#8217; jinvolvi kju u sfidi potenzjali g\u0127all-komunikazzjoni. Ix-xiri online minn qabel huwa rakkomandat b&#8217;mod qawwi.  <\/p>\n\n<h3 class=\"wp-block-heading\">G\u0127a\u017cla 3: Stazzjonijiet tal-Petrol u Uffi\u010b\u010bji tal-Posta<\/h3>\n\n<p>Fil-Moldova, il-vinjetti jistg\u0127u jinxtraw f&#8217;stazzjonijiet tal-petrol Petrom u Lukoil, kif ukoll f&#8217;uffi\u010b\u010bji postali f&#8217;bliet kbar.<\/p>\n\n<div style=\"height:25px\" aria-hidden=\"true\" class=\"wp-block-spacer\"><\/div>\n\n<div class=\"wp-block-buttons is-content-justification-center is-layout-flex wp-container-core-buttons-is-layout-a89b3969 wp-block-buttons-is-layout-flex\">\n<div class=\"wp-block-button\"><a class=\"wp-block-button__link wp-element-button\" href=\"https:\/\/vignettego.com\/\" style=\"background-color:#ff6600;color:#ffffff;padding:15px 30px;font-size:18px;border-radius:8px;\">\ud83d\uded2 Ixtri l-Vinieta Moldav tieg\u0127ek Issa \u2013 Evita Dewmien fil-Fruntiera<\/a><\/div>\n<\/div>\n\n<div style=\"height:25px\" aria-hidden=\"true\" class=\"wp-block-spacer\"><\/div>\n\n<h2 class=\"wp-block-heading\">\ud83d\uddfa\ufe0f Kif Tasal fil-Moldova bil-Karozza<\/h2>\n\n<p>Il-ma\u0121\u0121oranza tal-vi\u017citaturi jaslu fil-Moldova bil-karozza mir-Rumanija jew l-Ukrajna. Hawn huma r-rotot prin\u010bipali u l-qsim tal-fruntiera: <\/p>\n\n<h3 class=\"wp-block-heading\">Minn Rumanija (l-iktar rotta komuni)<\/h3>\n\n<p><strong>Bucarest sa Chi\u0219in\u0103u:<\/strong> ~450 km, 7-8 sig\u0127at permezz tal-punt tal-fruntiera Albi\u021ba-Leu\u0219eni. Din hija r-rotta l-iktar popolari u l-qsim tal-fruntiera \u0121eneralment effi\u010bjenti. <\/p>\n\n<p><strong>Attraversamenti alternattivi:<\/strong><\/p>\n\n<ul class=\"wp-block-list\">\n<li><strong>Sculeni:<\/strong> Qsim tat-Tramuntana, tajjeb biex tasal g\u0127al B\u0103l\u021bi<\/li>\n<li><strong>Giurgiule\u0219ti:<\/strong> Qsim tan-Nofsinhar fid-Danubju<\/li>\n<li><strong>Gala\u021bi-Giurgiule\u0219ti:<\/strong> Attraversament tal-ferry (sta\u0121jonali)<\/li>\n<\/ul>\n\n<p><strong>Importanti:<\/strong> Se jkollok b\u017conn kemm <a href=\"https:\/\/vignettego.com\/highway-vignette-europe\/mt\/vinjetta-awtostradi-rumanija-2026\/\">Rovinieta Rumena<\/a> g\u0127all-vja\u0121\u0121 permezz tar-Rumanija Kif ukoll Vinieta Moldava. Ixtri t-tnejn <a href=\"https:\/\/vignettego.com\/\" title=\"Vinjetti Ewropej\">f&#8217;VignetteGo<\/a> f&#8217;transazzjoni wa\u0127da. <\/p>\n\n<h3 class=\"wp-block-heading\">Mill-Ukrajna<\/h3>\n\n<p>Hemm diversi punti ta&#8217; qsim tal-fruntiera bejn l-Ukrajna u l-Moldova, bil-prin\u010bipali f&#8217;Palanca (fin-nofsinhar) u diversi punti ta&#8217; qsim vi\u010bin Tiraspol (oqg\u0127od attent dwar Transnistria\u2014ara hawn ta\u0127t).<\/p>\n\n<h2 class=\"wp-block-heading\">\u26a0\ufe0f Nota Spe\u010bjali: Transnistria<\/h2>\n\n<p>Strixxa rqiqa ta&#8217; Moldova fil-lvant tax-Xmara Dniester hija kkontrollata mir-re\u0121jun separat mhux rikonoxxut ta <strong>&#8216; Transnistria<\/strong> (uffi\u010bjalment ir-Repubblika Moldavjana Pridnestrovia). Filwaqt li \u017cjarat turisti\u010bi huma possibbli u \u0121eneralment siguri, oqg\u0127od attent: <\/p>\n\n<ul class=\"wp-block-list\">\n<li>Se jkollok b\u017conn tirre\u0121istra fil-fruntiera u tista&#8217; tir\u010bievi karta ta&#8217; migrazzjoni<\/li>\n<li>Ir-re\u0121jun ju\u017ca l-munita tieg\u0127u stess u g\u0127andu r-regoli tieg\u0127u stess<\/li>\n<li>L-assigurazzjoni tal-ivvja\u0121\u0121ar tieg\u0127ek tista&#8217; ma tkopri xejn din ir-re\u0121jun<\/li>\n<li>Xi pajji\u017ci jirrakkomandaw li ma jivvja\u0121\u0121awx hemmhekk<\/li>\n<\/ul>\n\n<p>Jekk qed tg\u0127addi biss (e\u017c., ssuq mill-Ukrajna g\u0127al Chi\u0219in\u0103u bl-iqsar rota), se taqbe\u017c g\u0127al ftit Transnistria. Dan \u0121eneralment huwa ming\u0127ajr problemi i\u017cda jista&#8217; j\u017cid \u0127in mal-vja\u0121\u0121 tieg\u0127ek. <\/p>\n\n<div style=\"height:25px\" aria-hidden=\"true\" class=\"wp-block-spacer\"><\/div>\n\n<div class=\"wp-block-buttons is-content-justification-center is-layout-flex wp-container-core-buttons-is-layout-a89b3969 wp-block-buttons-is-layout-flex\">\n<div class=\"wp-block-button\"><a class=\"wp-block-button__link wp-element-button\" href=\"https:\/\/vignettego.com\/\" style=\"background-color:#9c27b0;color:#ffffff;padding:15px 30px;font-size:18px;border-radius:8px;\">\ud83c\udf0d Ippjana l-Vja\u0121\u0121 bil-Karriera tieg\u0127ek fl-Ewropa tal-Lvant ma&#8217; VignetteGo<\/a><\/div>\n<\/div>\n\n<div style=\"height:25px\" aria-hidden=\"true\" class=\"wp-block-spacer\"><\/div>\n\n<h2 class=\"wp-block-heading\">\ud83d\udca1 Pariri dwar is-Sewqan tal-Moldova g\u0127all-2026<\/h2>\n\n<h3 class=\"wp-block-heading\">Kundizzjonijiet tat-Triq<\/h3>\n\n<p>Kun ippreparat g\u0127al kundizzjonijiet varjabbli tat-triq. It-toroq prin\u010bipali (M-roads) huma \u0121eneralment a\u010b\u010bettabbli, i\u017cda jistennew: <\/p>\n\n<ul class=\"wp-block-list\">\n<li>Toqob tal-\u0127oqq, anke fit-toroq prin\u010bipali<\/li>\n<li>Wi\u010b\u010b imqatta&#8217; fuq toroq re\u0121jonali<\/li>\n<li>Dawl limitat fuq toroq rurali bil-lejl<\/li>\n<li>Karozzi mi\u0121buda b&#8217;\u017cwiemel u vetturi agrikoli f&#8217;\u017coni rurali<\/li>\n<\/ul>\n\n<p><strong>Rakkomandazzjoni:<\/strong> Issuq matul il-\u0127inijiet tad-dawl meta jkun possibbli, spe\u010bjalment fuq rotot mhux familjari.<\/p>\n\n<h3 class=\"wp-block-heading\">Munita u \u0126lasijiet<\/h3>\n\n<p>Il-Moldova tu\u017ca <strong>l-Leu Moldav (MDL).<\/strong> Filwaqt li l-karti ta&#8217; kreditu qed ji\u0121u a\u010b\u010bettati dejjem aktar f&#8217;Chi\u0219in\u0103u, hemm flus kontanti g\u0127al \u017coni rurali, ristoranti i\u017cg\u0127ar, u xi stazzjonijiet tal-petrol. ATMs huma disponibbli fil-bliet. Rata tal-kambju: madwar 1 EUR = 19-20 MDL.   <\/p>\n\n<h3 class=\"wp-block-heading\">Limiti ta&#8217; Velo\u010bit\u00e0<\/h3>\n\n<ul class=\"wp-block-list\">\n<li><strong>Toroq nazzjonali:<\/strong> 90 km\/h<\/li>\n<li><strong>\u017boni urbani:<\/strong> 50 km\/h<\/li>\n<li><strong>\u017boni residenzjali:<\/strong> 20-30 km\/h<\/li>\n<\/ul>\n\n<h3 class=\"wp-block-heading\">Fjuwil<\/h3>\n\n<p>Il-prezzijiet tal-fjuwil f&#8217;Moldova huma moderati. Il-katini ewlenin ta&#8217; stazzjonijiet tal-petrol jinkludu Petrom, Lukoil, u Bemol. L-istazzjonijiet tal-petrol fil-bliet huma moderni u ja\u010b\u010bettaw karti; l-istazzjonijiet rurali jistg\u0127u jkunu aktar ba\u017ci\u010bi.  <\/p>\n\n<h3 class=\"wp-block-heading\">Dokumenti Me\u0127tie\u0121a<\/h3>\n\n<ul class=\"wp-block-list\">\n<li>Li\u010benzja tas-sewqan valida (li\u010benzja tal-UE a\u010b\u010bettata; o\u0127rajn jistg\u0127u je\u0127tie\u0121u permess internazzjonali)<\/li>\n<li>Dokument tar-re\u0121istrazzjoni tal-vettura<\/li>\n<li>Assigurazzjoni valida (Green Card rakkomandata)<\/li>\n<li>Valid vinieta<\/li>\n<li>Passaport g\u0127all-qsim tal-fruntiera<\/li>\n<\/ul>\n\n<h2 class=\"wp-block-heading\" id=\"faq-section\">\u2753 Mistoqsijiet Frekwenti<\/h2>\n\n<h3 class=\"wp-block-heading\">Il-Moldova hija sigura g\u0127at-turisti?<\/h3>\n\n<p>Iva, Moldova \u0121eneralment hija sigura g\u0127at-turisti. Il-kriminalit\u00e0 \u017cg\u0127ira te\u017cisti (b\u0127al kullimkien), i\u017cda l-kriminalit\u00e0 vjolenti kontra t-turisti hija rari. It-t\u0127assib prin\u010bipali huma s-sigurt\u00e0 fit-toroq (kundizzjonijiet \u0127\u017ciena tat-triq, sewwieqa aggressivi) u s-sitwazzjoni mhux solvuta f&#8217;Transnistria.  <\/p>\n\n<h3 class=\"wp-block-heading\">G\u0127andi b\u017conn vi\u017ca biex in\u017cur il-Moldova?<\/h3>\n\n<p>\u010aittadini tal-UE, Amerikani, Kanadi\u017ci, Awstraljani u \u0127afna o\u0127rajn jistg\u0127u j\u017curu l-Moldova ming\u0127ajr vi\u017ca g\u0127al sa 90 jum. I\u010b\u010bekkja r-rekwi\u017citi attwali g\u0127an-nazzjonalit\u00e0 tieg\u0127ek qabel ma tivvja\u0121\u0121a. <\/p>\n\n<h3 class=\"wp-block-heading\">X&#8217;hemm x&#8217;tara f&#8217;Moldova?<\/h3>\n\n<p>L-attrazzjonijiet ewlenin ta&#8217; Moldova jinkludu:<\/p>\n\n<ul class=\"wp-block-list\">\n<li><strong>\u010aantini tal-inbid:<\/strong> Mile\u0219tii Mici (l-akbar kantina tal-inbid fid-dinja), Cricova (belt ta\u0127t l-art tal-inbid)<\/li>\n<li><strong>Orheiul Vechi:<\/strong> Kumpless tal-monasteru tal-g\u0127erien mill-isba\u0127<\/li>\n<li><strong>Chi\u0219in\u0103u:<\/strong> Kapitali \u0127adra b&#8217;parke\u0121\u0121i, mu\u017cewijiet, u kafetteriji<\/li>\n<li><strong>Soroca:<\/strong> Fortizza storika u komunit\u00e0 Roma<\/li>\n<li><strong>Transnistria:<\/strong> Re\u0121jun Sovjetiku tal-kapsula ta\u017c-\u017cmien (g\u0127al vja\u0121\u0121aturi avventuru\u017ci)<\/li>\n<\/ul>\n\n<h3 class=\"wp-block-heading\">X&#8217;inhu l-a\u0127jar \u017cmien biex i\u017c\u017cur il-Moldova?<\/h3>\n\n<p>L-a\u0127jar \u017cmien huwa <strong>minn Mejju sa Ottubru<\/strong>, b&#8217;Settembru sa Ottubru li jkun partikolarment sabi\u0127 matul il-festi tal-\u0127sad tal-g\u0127eneb u tal-inbid. Is-sajf jista&#8217; jkun s\u0127un; ix-xitwa hija kes\u0127a. <\/p>\n\n<div style=\"height:25px\" aria-hidden=\"true\" class=\"wp-block-spacer\"><\/div>\n\n<div class=\"wp-block-buttons is-content-justification-center is-layout-flex wp-container-core-buttons-is-layout-a89b3969 wp-block-buttons-is-layout-flex\">\n<div class=\"wp-block-button\"><a class=\"wp-block-button__link wp-element-button\" href=\"https:\/\/vignettego.com\/\" style=\"background-color:#e91e63;color:#ffffff;padding:15px 30px;font-size:18px;border-radius:8px;\">\ud83d\ude97 Ikseb il-Vignettes tat-Toroq Ewropej tieg\u0127ek fuq VignetteGo \u2192<\/a><\/div>\n<\/div>\n\n<div style=\"height:25px\" aria-hidden=\"true\" class=\"wp-block-spacer\"><\/div>\n\n<h2 class=\"wp-block-heading\">\ud83c\udf77 G\u0127aliex i\u017c\u017cur il-Moldova?<\/h2>\n\n<p>Il-Moldova toffri esperjenza ta&#8217; vja\u0121\u0121ar unika li hija differenti minn kullimkien ie\u0127or fl-Ewropa:<\/p>\n\n<ul class=\"wp-block-list\">\n<li><strong>Inbid ta&#8217; Klassi Dinjija:<\/strong> Wie\u0127ed mill-aktar re\u0121juni tal-inbid antiki fid-dinja b&#8217;kantina ta\u0127t l-art inkredibbli<\/li>\n<li><strong>Kultura Awtentika:<\/strong> Ir\u0127ula tradizzjonali, ospitalit\u00e0 s\u0127una, u esperjenzi \u0121enwini<\/li>\n<li><strong>Off the Beated Paths:<\/strong> Ftit turisti jfisser interazzjonijiet awtenti\u010bi<\/li>\n<li><strong>Ba\u0121it Sostenibbli:<\/strong> Wie\u0127ed mill-aktar destinazzjonijiet affordabbli fl-Ewropa<\/li>\n<li><strong>Storja Unika:<\/strong> Ta\u0127lita affaxxinanti ta&#8217; influwenzi Rumeni, Russi u Sovjeti\u010bi<\/li>\n<li><strong>Nies \u0126biberija:<\/strong> Il-Moldavi huma mag\u0127rufa g\u0127all-ospitalit\u00e0 tag\u0127hom<\/li>\n<\/ul>\n\n<h2 class=\"wp-block-heading\">\ud83d\udccd Konklu\u017cjoni<\/h2>\n\n<p>Il-Moldova hija \u0121awhra sottovalutata li tistenna ti\u0121i skoperta. Is-sistema tal-vignettes tat-triq hija sempli\u010bi u affordabbli\u2014ftit ewro biss g\u0127al pass ta&#8217; \u0121img\u0127a. Im\u0127allta <a href=\"https:\/\/vignettego.com\/highway-vignette-europe\/mt\/vinjetta-awtostradi-rumanija-2026\/\">mal-Rovinieta Rumena<\/a> ir\u0127isa \u0127afna, tista&#8217; tesplora dan il-kantunier tal-Ewropa b&#8217;ba\u0121it minimu.  <\/p>\n\n<p>G\u0127al esperjenza l-iktar konvenjenti, ixtri l-vinieta Moldava tieg\u0127ek <a href=\"https:\/\/vignettego.com\/\" title=\"VignetteGo - Vignetti tat-toroq Ewropej\">f&#8217;VignetteGo<\/a> qabel il-vja\u0121\u0121 tieg\u0127ek. Tista&#8217; tikseb vignetti g\u0127al Moldova, Rumanja, u kwalunkwe pajji\u017c ie\u0127or fuq ir-rotta tieg\u0127ek f&#8217;transazzjoni wa\u0127da sempli\u010bi. <\/p>\n\n<p><strong>Skopri l-Moldova! \ud83c\uddf2\ud83c\udde9\ud83c\udf77 <\/strong><\/p>\n\n<p><strong>Gwidi Relatati:<\/strong> <a href=\"https:\/\/vignettego.com\/highway-vignette-europe\/mt\/vinjetta-awtostradi-rumanija-2026\/\">Romania Rovinieta<\/a> | <a href=\"https:\/\/vignettego.com\/highway-vignette-europe\/mt\/vinjetta-awtostradi-bulgarija-2026\/\">Bulgaria E-Vignette<\/a> | <a href=\"https:\/\/vignettego.com\/\">Il-Vignetti kollha Ewropej<\/a><\/p>\n","protected":false},"excerpt":{"rendered":"<p>Il-Moldova tibqa&#8217; wa\u0127da mill-pajji\u017ci l-inqas vi\u017citati fl-Ewropa\u2014imma dan qed jinbidel b&#8217;mod rapidu hekk kif il-vja\u0121\u0121aturi avventuru\u017ci jiskopru r-re\u0121juni tal-inbid ta&#8217; klassi dinjija tag\u0127ha, il-wirt uniku Sovjetiku, l-ospitalit\u00e0 s\u0127una, u l-kultura sorpri\u017cament rikka tag\u0127ha. Jekk qed tippjana vja\u0121\u0121 bil-karozza lejn din il-\u0121awhra mo\u0127bija, trid tifhem is-sistema tal-vignettes tat-triq Moldavjana, mag\u0127rufa lokalment b\u0127ala vinieta rutier\u0103. Din il-gwida [&hellip;]<\/p>\n","protected":false},"author":0,"featured_media":0,"parent":0,"menu_order":0,"comment_status":"closed","ping_status":"closed","template":"","meta":{"footnotes":""},"class_list":["post-1121","page","type-page","status-publish","hentry"],"_links":{"self":[{"href":"https:\/\/vignettego.com\/highway-vignette-europe\/mt\/wp-json\/wp\/v2\/pages\/1121","targetHints":{"allow":["GET"]}}],"collection":[{"href":"https:\/\/vignettego.com\/highway-vignette-europe\/mt\/wp-json\/wp\/v2\/pages"}],"about":[{"href":"https:\/\/vignettego.com\/highway-vignette-europe\/mt\/wp-json\/wp\/v2\/types\/page"}],"replies":[{"embeddable":true,"href":"https:\/\/vignettego.com\/highway-vignette-europe\/mt\/wp-json\/wp\/v2\/comments?post=1121"}],"version-history":[{"count":3,"href":"https:\/\/vignettego.com\/highway-vignette-europe\/mt\/wp-json\/wp\/v2\/pages\/1121\/revisions"}],"predecessor-version":[{"id":1394,"href":"https:\/\/vignettego.com\/highway-vignette-europe\/mt\/wp-json\/wp\/v2\/pages\/1121\/revisions\/1394"}],"wp:attachment":[{"href":"https:\/\/vignettego.com\/highway-vignette-europe\/mt\/wp-json\/wp\/v2\/media?parent=1121"}],"curies":[{"name":"wp","href":"https:\/\/api.w.org\/{rel}","templated":true}]}}