{"id":1119,"date":"2026-01-04T01:38:57","date_gmt":"2026-01-04T01:38:57","guid":{"rendered":"https:\/\/vignettego.com\/highway-vignette-europe\/vinjetta-awtostradi-kroazja-2026\/"},"modified":"2026-01-04T12:44:06","modified_gmt":"2026-01-04T12:44:06","slug":"vinjetta-awtostradi-kroazja-2026","status":"publish","type":"page","link":"https:\/\/vignettego.com\/highway-vignette-europe\/mt\/vinjetta-awtostradi-kroazja-2026\/","title":{"rendered":"Vignette tat-Toroq Kroazja 2026: Gwida Kompluta tal-ENC u tat-Toll Di\u0121itali"},"content":{"rendered":"\n<script type=\"application\/ld+json\">{\n    \"@context\": \"https:\/\/schema.org\",\n    \"@graph\": [\n        {\n            \"@type\": \"Article\",\n            \"@id\": \"https:\/\/vignettego.com\/highway-vignette-europe\/croatia-highway-vignette-guide\/#article\",\n            \"headline\": \"Croatia Highway Vignette 2026: Complete ENC & Digital Toll Guide\",\n            \"description\": \"Everything about Croatian highway tolls, ENC electronic system, and digital vignette options. Learn about toll prices, the stunning A1 coastal motorway, and how to reach Dubrovnik, Split, and other destinations.\",\n            \"image\": \"https:\/\/vignettego.com\/highway-vignette-europe\/wp-content\/uploads\/2026\/09\/Highway-Vignette-Europe.jpg\",\n            \"datePublished\": \"2026-01-04\",\n            \"dateModified\": \"2026-01-04\",\n            \"author\": {\"@type\": \"Organization\", \"name\": \"VignetteGo\", \"url\": \"https:\/\/vignettego.com\"},\n            \"publisher\": {\"@type\": \"Organization\", \"name\": \"VignetteGo\"},\n            \"mainEntityOfPage\": {\"@type\": \"WebPage\", \"@id\": \"https:\/\/vignettego.com\/highway-vignette-europe\/croatia-highway-vignette-guide\/\"},\n            \"articleSection\": \"Highway Vignettes\",\n            \"keywords\": [\"Croatia toll\", \"Croatia highway\", \"ENC Croatia\", \"Croatian motorway\", \"A1 Croatia\", \"Dubrovnik road trip\", \"Split highway\"],\n            \"inLanguage\": \"en\",\n            \"speakable\": {\"@type\": \"SpeakableSpecification\", \"cssSelector\": [\".article-intro\", \"#faq-section\"]}\n        },\n        {\n            \"@type\": \"BreadcrumbList\",\n            \"itemListElement\": [\n                {\"@type\": \"ListItem\", \"position\": 1, \"name\": \"VignetteGo\", \"item\": \"https:\/\/vignettego.com\/\"},\n                {\"@type\": \"ListItem\", \"position\": 2, \"name\": \"Highway Vignette Europe\", \"item\": \"https:\/\/vignettego.com\/highway-vignette-europe\/\"},\n                {\"@type\": \"ListItem\", \"position\": 3, \"name\": \"Croatia Guide\", \"item\": \"https:\/\/vignettego.com\/highway-vignette-europe\/croatia-highway-vignette-guide\/\"}\n            ]\n        },\n        {\n            \"@type\": \"FAQPage\",\n            \"mainEntity\": [\n                {\"@type\": \"Question\", \"name\": \"Does Croatia use vignettes or toll booths?\", \"acceptedAnswer\": {\"@type\": \"Answer\", \"text\": \"Croatia traditionally uses a distance-based toll system with toll booths, but now also offers digital vignette options (E-Vinjeta) for certain sections. Many visitors use a combination of both or the ENC electronic device.\"}},\n                {\"@type\": \"Question\", \"name\": \"How much does the Croatian motorway toll cost?\", \"acceptedAnswer\": {\"@type\": \"Answer\", \"text\": \"Croatian tolls are distance-based. Zagreb to Split costs approximately EUR 25, Zagreb to Rijeka about EUR 8, and Split to Dubrovnik around EUR 12. The A1 motorway to the coast is the main toll route.\"}},\n                {\"@type\": \"Question\", \"name\": \"What is the ENC system in Croatia?\", \"acceptedAnswer\": {\"@type\": \"Answer\", \"text\": \"ENC (Elektroni\u010dka Naplata Cestarine) is Croatia electronic toll collection device. It provides faster passage through dedicated ENC lanes and often offers discounts. Available at toll plazas and service areas.\"}},\n                {\"@type\": \"Question\", \"name\": \"Can I pay Croatian tolls with credit card?\", \"acceptedAnswer\": {\"@type\": \"Answer\", \"text\": \"Yes, credit and debit cards are accepted at Croatian toll booths. Cash payment in EUR is also widely accepted since Croatia adopted the Euro in January 2023.\"}},\n                {\"@type\": \"Question\", \"name\": \"Is there a digital vignette for Croatia?\", \"acceptedAnswer\": {\"@type\": \"Answer\", \"text\": \"Yes, Croatia now offers E-Vinjeta (electronic vignettes) for certain motorway sections, providing an alternative to traditional toll booth payment. These can be purchased online.\"}}\n            ]\n        }\n    ]\n}\n<\/script>\n\n<figure class=\"wp-block-image aligncenter size-large\"><img decoding=\"async\" src=\"https:\/\/vignettego.com\/highway-vignette-europe\/wp-content\/uploads\/2026\/09\/Highway-Vignette-Europe.jpg\" alt=\"Toll tat-Toroq Kroati 2026 - Gwida kompluta g&#x127;as-sistema tat-toll tal-awtostradi Kroata\" style=\"width:100%; height:auto; margin-bottom:20px;\"\/><\/figure>\n\n<p class=\"article-intro\">Il-Kroazja hija wa\u0127da mill-aktar destinazzjonijiet popolari tas-sajf fl-Ewropa, mag\u0127rufa g\u0127all-kosta tag\u0127ha mill-isba\u0127 tal-Adrijatiku, il-ba\u0127ar \u010bar \u0127afna, bliet stori\u010bi b\u0127al Dubrovnik u Split, u g\u017cejjer sbie\u0127. Is-sewqan lejn il-Kroazja jifta\u0127 possibbiltajiet inkredibbli\u2014mill-\u0127itan antiki ta&#8217; Dubrovnik sal-bajjiet tal-festa ta&#8217; Zr\u0107e, il-kaskati tal-Laghi ta&#8217; Plitvice sa l-Istria affaxxinanti. Din il-gwida tispjega kollox dwar is-sistema tat-toll tat-toroq tal-Kroazja fl-2026, inklu\u017c <strong>is-sistema elettronika ENC<\/strong>, <strong>g\u0127a\u017cliet ta&#8217; vignette di\u0121itali<\/strong>, u pariri pratti\u010bi g\u0127all-vja\u0121\u0121 bil-karozza tieg\u0127ek fil-Kroata.  <\/p>\n\n<div style=\"height:25px\" aria-hidden=\"true\" class=\"wp-block-spacer\"><\/div>\n\n<div class=\"wp-block-buttons is-content-justification-center is-layout-flex wp-container-core-buttons-is-layout-a89b3969 wp-block-buttons-is-layout-flex\">\n<div class=\"wp-block-button\"><a class=\"wp-block-button__link wp-element-button\" href=\"https:\/\/vignettego.com\/\" style=\"background-color:#0066cc;color:#ffffff;padding:15px 30px;font-size:18px;border-radius:8px;\">\ud83d\ude97 Ikseb il-Vignette Di\u0121itali Kroata tieg\u0127ek fuq VignetteGo<\/a><\/div>\n<\/div>\n\n<div style=\"height:25px\" aria-hidden=\"true\" class=\"wp-block-spacer\"><\/div>\n\n<h2 class=\"wp-block-heading\">\ud83c\udded\ud83c\uddf7 Is-Sistema tat-Toll Kroata Spjegata<\/h2>\n\n<p>B&#8217;differenza mill-bi\u010b\u010ba l-kbira tal-pajji\u017ci tal-Ewropa \u010aentrali li ju\u017caw vignetti bba\u017cati fuq i\u017c-\u017cmien, il-Kroazja tradizzjonalment kienet topera <strong>sistema ta&#8217; toll ibba\u017cata fuq id-distanza<\/strong> b&#8217;kabini fi\u017ci\u010bi tat-toll. Tie\u0127u biljett meta tid\u0127ol fil-motorway u t\u0127allas skont id-distanza mg\u0127ammra meta to\u0127ro\u0121. Madankollu, il-Kroazja issa toffri <strong>wkoll g\u0127a\u017cliet ta&#8217; vignette di\u0121itali (E-Vinjeta)<\/strong> g\u0127al \u010berti sezzjonijiet tal-awtostrada, li jipprovdu aktar flessibilit\u00e0 g\u0127all-vja\u0121\u0121aturi.  <\/p>\n\n<p>In-netwerk tal-awtostradi Kroati huwa mmexxi minn <strong>HAC (Hrvatske Autoceste)<\/strong> u <strong>AZM (Autocesta Zagreb-Macelj).<\/strong> Minn Jannar 2023, il-Kroazja adottat <strong>l-Ewro (EUR)<\/strong> b\u0127ala l-munita tag\u0127ha, u b&#8217;hekk il-\u0127lasijiet huma aktar fa\u010bli g\u0127all-vi\u017citaturi tal-UE. <\/p>\n\n<h2 class=\"wp-block-heading\">\ud83d\udccb G\u0127a\u017cliet ta&#8217; \u0126las tat-Toll Kroati<\/h2>\n\n<h3 class=\"wp-block-heading\">G\u0127a\u017cla 1: Booths Tradizzjonali tat-Toll (L-Aktar Komuni)<\/h3>\n\n<p>\u0126u biljett fid-da\u0127la, \u0127allas fil-\u0127ru\u0121 tal-\u0127ru\u0121. \u0126las a\u010b\u010bettat: <\/p>\n\n<ul class=\"wp-block-list\">\n<li><strong>Flus:<\/strong> EUR (m&#8217;hemmx b\u017conn aktar il-Kuna Kroata)<\/li>\n<li><strong>Karti ta&#8217; Kreditu\/Debitu:<\/strong> Visa, Mastercard a\u010b\u010bettati b&#8217;mod wiesa&#8217;<\/li>\n<li><strong>Apparat ENC:<\/strong> \u0126las elettroniku (ara hawn ta\u0127t)<\/li>\n<\/ul>\n\n<h3 class=\"wp-block-heading\">G\u0127a\u017cla 2: Apparat Elettroniku ENC<\/h3>\n\n<p><strong>ENC (Elektroni\u010dka Naplata Cestarine)<\/strong> hija s-sistema elettronika ta&#8217; \u0121bir tat-toll fil-Kroazja. Benefi\u010b\u010bji: <\/p>\n\n<ul class=\"wp-block-list\">\n<li>Passa\u0121\u0121 aktar mg\u0127a\u0121\u0121el permezz ta&#8217; toroq dedikati g\u0127all-ENC<\/li>\n<li>Skontijiet potenzjali fuq il-\u0127lasijiet tat-toll<\/li>\n<li>M&#8217;hemmx b\u017conn tieqaf fil-kabini tat-toll<\/li>\n<li>Disponibbli g\u0127all-bejg\u0127 f&#8217;postijiet tat-toll u \u017coni ta&#8217; servizz<\/li>\n<\/ul>\n\n<p>L-apparat ENC jiswa depo\u017citu \u017cg\u0127ir u jista&#8217; ji\u0121i mg\u0127olli b&#8217;kreditu. G\u0127al vi\u017citaturi frekwenti, huwa rakkomandat \u0127afna. <\/p>\n\n<h3 class=\"wp-block-heading\">G\u0127a\u017cla 3: Vinjetta Di\u0121itali (E-Vinjeta)<\/h3>\n\n<p>Il-Kroazja issa toffri <strong>E-Vinjeta<\/strong> (vignetti elettroni\u010bi) g\u0127al \u010berti sezzjonijiet tal-awtostrada, li jippermettulek tevita kompletament il-booths tat-toll. Disponibbli fuq <a href=\"https:\/\/vignettego.com\/\" title=\"Vinjetta di&#x121;itali Kroata\">VignetteGo<\/a>. <\/p>\n\n<div style=\"height:25px\" aria-hidden=\"true\" class=\"wp-block-spacer\"><\/div>\n\n<div class=\"wp-block-buttons is-content-justification-center is-layout-flex wp-container-core-buttons-is-layout-a89b3969 wp-block-buttons-is-layout-flex\">\n<div class=\"wp-block-button\"><a class=\"wp-block-button__link wp-element-button\" href=\"https:\/\/vignettego.com\/\" style=\"background-color:#28a745;color:#ffffff;padding:15px 30px;font-size:18px;border-radius:8px;\">\u2705 Ikseb Vignettes Ewropej \u2013 Kull Pajji\u017c \u2013 fuq VignetteGo<\/a><\/div>\n<\/div>\n\n<div style=\"height:25px\" aria-hidden=\"true\" class=\"wp-block-spacer\"><\/div>\n\n<h2 class=\"wp-block-heading\">\ud83d\udcb0 Prezzijiet tat-Toll tal-Awtostrada Kroata 2026<\/h2>\n\n<p>It-tolls Kroati huma bba\u017cati fuq id-distanza, g\u0127alhekk l-ispi\u017ca tiddependi mir-rotta tieg\u0127ek. Hawn huma prezzijiet approssimattivi g\u0127al rotot komuni (Kategorija I &#8211; karozzi regolari): <\/p>\n\n<figure class=\"wp-block-table\"><table><thead><tr><th>Rotta<\/th><th>Distanza<\/th><th>Tariffa approssimattiva <\/th><\/tr><\/thead><tbody><tr><td><strong>Zagreb \u2013 Split<\/strong><\/td><td>~400 km<\/td><td>~EUR 25<\/td><\/tr><tr><td><strong>Zagreb \u2013 Rijeka<\/strong><\/td><td>~170 km<\/td><td>~EUR 8<\/td><\/tr><tr><td><strong>Zagreb \u2013 Zadar<\/strong><\/td><td>~280 km<\/td><td>~EUR 17<\/td><\/tr><tr><td><strong>Split \u2013 Dubrovnik<\/strong><\/td><td>~220 km<\/td><td>~EUR 12<\/td><\/tr><tr><td><strong>Zagreb \u2013 Dubrovnik<\/strong><\/td><td>~600 km<\/td><td>~EUR 35<\/td><\/tr><tr><td><strong>Ljubljana \u2013 Zagreb<\/strong><\/td><td>~140 km<\/td><td>~EUR 7<\/td><\/tr><\/tbody><\/table><\/figure>\n\n<p><strong>Nota:<\/strong> Il-prezzijiet huma indikattivi. It-tolls reali jistg\u0127u jvarjaw ftit skont il-punti spe\u010bifi\u010bi ta&#8217; da\u0127la\/\u0127ru\u0121 u l-kategorija tal-vettura. <\/p>\n\n<h2 class=\"wp-block-heading\">\ud83d\udee3\ufe0f Netwerk tal-Awtostradi Kroati<\/h2>\n\n<p>Il-Kroazja g\u0127andha netwerk e\u010b\u010bellenti ta&#8217; awtostradi li jg\u0127aqqad il-bliet ewlenin mal-kosta. Hawn huma r-rotot prin\u010bipali: <\/p>\n\n<h3 class=\"wp-block-heading\">A1 \u2013 Il-Motorway Dalmatjan<\/h3>\n\n<p>L-iktar rota turistika importanti, li tg\u0127aqqad <strong>Zagreb ma&#8217; Split u tkompli lejn Dubrovnik<\/strong>. Din l-awtostrada sabi\u0127a tg\u0127addi parallel mal-kosta Adriatika, toffri a\u010b\u010bess g\u0127al destinazzjonijiet kostali ewlenin kollha. Tul totali: madwar 550 km. Jinkludi diversi pontijiet u tunnellati impressjonanti permezz tal-Alpi Dinari\u010bi.   <\/p>\n\n<h3 class=\"wp-block-heading\">A2 \u2013 Zagreb sa Macelj (Fruntiera mas-Slovenja)<\/h3>\n\n<p>Tg\u0127aqqad Zagreb mas-Slovenja, tkompli lejn Ljubljana u lil hinn. Ir-rotta prin\u010bipali g\u0127all-vja\u0121\u0121aturi li ji\u0121u mill-Ewropa \u010aentrali. Tul: madwar 60 km fil-Kroazja.  <\/p>\n\n<h3 class=\"wp-block-heading\">A3 \u2013 Bregana g\u0127al Lipovac<\/h3>\n\n<p>Rotta minn lvant g\u0127al punent tg\u0127aqqad il-fruntiera Slovena (Bregana) permezz ta&#8217; Zagreb mal-fruntiera Serba (Lipovac). Parti mill-korridor Ewropew E70. Tul: madwar 300 km.  <\/p>\n\n<h3 class=\"wp-block-heading\">A4 \u2013 Zagreb sa Gori\u010dan (Fruntiera mal-Ungerija)<\/h3>\n\n<p>Jg\u0127aqqad Zagreb ma&#8217; Ungerija, ir-rotta prin\u010bipali g\u0127all-vja\u0121\u0121aturi li ji\u0121u minn Budapest. Tul: madwar 97 km. <\/p>\n\n<h3 class=\"wp-block-heading\">A6 \u2013 Rijeka Bypass<\/h3>\n\n<p>Jg\u0127aqqad l-A1 f&#8217;Bosiljevo ma&#8217; Rijeka u l-peni\u017cola ta&#8217; Istria. Essenzjali biex tasal fl-Istria minn Zagreb. <\/p>\n\n<h3 class=\"wp-block-heading\">A7\/A8\/A9 \u2013 Istrian Y<\/h3>\n\n<p>Netwerk ta&#8217; awtostradi li jservu l-peni\u017cola ta&#8217; Istria, li jg\u0127aqqdu lil Rijeka ma&#8217; Pula u destinazzjonijiet o\u0127ra ta&#8217; Istria. \u0120eneralment it-traffiku huwa aktar baxx mill-A1. <\/p>\n\n<div style=\"height:25px\" aria-hidden=\"true\" class=\"wp-block-spacer\"><\/div>\n\n<div class=\"wp-block-buttons is-content-justification-center is-layout-flex wp-container-core-buttons-is-layout-a89b3969 wp-block-buttons-is-layout-flex\">\n<div class=\"wp-block-button\"><a class=\"wp-block-button__link wp-element-button\" href=\"https:\/\/vignettego.com\/\" style=\"background-color:#ff6600;color:#ffffff;padding:15px 30px;font-size:18px;border-radius:8px;\">\ud83d\uded2 Ikseb il-Vignettes Ewropej tieg\u0127ek issa fuq VignetteGo<\/a><\/div>\n<\/div>\n\n<div style=\"height:25px\" aria-hidden=\"true\" class=\"wp-block-spacer\"><\/div>\n\n<h2 class=\"wp-block-heading\">\ud83d\uddfa\ufe0f Rotot Popolari ta&#8217; Road Trip Kroati<\/h2>\n\n<h3 class=\"wp-block-heading\">Zagreb sa Split (Awtostrada A1 Dalmatjana)<\/h3>\n\n<p><strong>Distanzi:<\/strong> ~400 km | <strong>Tul:<\/strong> 4-4.5 sig\u0127at | <strong>Toll:<\/strong> ~EUR 25<\/p>\n\n<p>Ir-rotta klassika tal-vja\u0121\u0121 bil-karozza Kroata. L-A1 hija awtostrada moderna u m\u0127arsa tajjeb b&#8217;\u017coni ta&#8217; servizz e\u010b\u010bellenti. Ikkunsidra li tieqaf fil-Park Nazzjonali tal-Laghi ta&#8217; Plitvice (\u0127ru\u0121 ta&#8217; Gornja Plo\u010da)\u2014wa\u0127da mill-attrazzjonijiet naturali l-aktar sbie\u0127 fil-Kroazja.  <\/p>\n\n<h3 class=\"wp-block-heading\">Minn Zagreb sa Dubrovnik<\/h3>\n\n<p><strong>Distanza:<\/strong> ~600 km | <strong>Tul:<\/strong> 5.5-6 sig\u0127at | <strong>Toll:<\/strong> ~EUR 35<\/p>\n\n<p>Il-vja\u0121\u0121 finali bil-karozza Kroat, li jispi\u010b\u010ba fil-belt imdawra mill-isba\u0127 ta&#8217; Dubrovnik. Innota li din ir-rotta tg\u0127addi g\u0127al ftit minn <strong>Bosnia u Erzegovina<\/strong> fil-korridor Neum (ming\u0127ajr toll, imma b&#8217;passaport). Alternattivament, \u0127u l-Pont ta&#8217; Pelje\u0161ac biex tibqa&#8217; kompletament fil-Kroazja.  <\/p>\n\n<h3 class=\"wp-block-heading\">Ljubljana (Slovenia) sa Zagreb<\/h3>\n\n<p><strong>Distanzi:<\/strong> ~140 km | <strong>Tul:<\/strong> 1.5-2 sig\u0127at | <strong>Toll:<\/strong> ~EUR 7 (Kroazja) + vignetta Slovena<\/p>\n\n<p>Ir-rotta prin\u010bipali mill-Ewropa \u010aentrali. Se jkollok b\u017conn <a href=\"https:\/\/vignettego.com\/highway-vignette-europe\/mt\/vinjetta-awtostradi-slovenja-2026\/\">E-Vinjeta Slovena<\/a> g\u0127all-parti Slovena tal-vja\u0121\u0121. <\/p>\n\n<h3 class=\"wp-block-heading\">Tour tal-Kosta ta&#8217; Istrja<\/h3>\n\n<p><strong>Rotta:<\/strong> Rijeka \u2192 Opatija \u2192 Pula \u2192 Rovinj \u2192 Pore\u010d \u2192 lura lejn Rijeka<\/p>\n\n<p>Esplora l-peni\u017cola sabi\u0127a ta&#8217; Istrja bil-k\u010bina tag\u0127ha b&#8217;influwenza Taljana, ir\u0127ula fuq g\u0127oljiet, u bliet \u0127elwin tal-kosta affaxxinanti. Inqas mimlija mill-kosta tad-Dalmatja. <\/p>\n\n<h2 class=\"wp-block-heading\">\ud83d\udca1 Pariri dwar is-Sewqan tal-Kroazja g\u0127all-2026<\/h2>\n\n<h3 class=\"wp-block-heading\">Munita<\/h3>\n\n<p>Minn Jannar 2023, il-Kroazja tu\u017ca <strong>l-Euro (EUR).<\/strong> M&#8217;hemmx b\u017conn tibdel flus jekk \u0121ej minn pajji\u017c ie\u0127or tal-Eurozone. Il-karti ta&#8217; kreditu huma a\u010b\u010bettati b&#8217;mod wiesa&#8217;.  <\/p>\n\n<h3 class=\"wp-block-heading\">Limiti ta&#8217; Velo\u010bit\u00e0<\/h3>\n\n<ul class=\"wp-block-list\">\n<li><strong>Motorways:<\/strong> 130 km\/h<\/li>\n<li><strong>Toroq nazzjonali:<\/strong> 90 km\/h<\/li>\n<li><strong>\u017boni urbani:<\/strong> 50 km\/h<\/li>\n<\/ul>\n\n<h3 class=\"wp-block-heading\">Traffiku tas-Sajf<\/h3>\n\n<p><strong>Twissija:<\/strong> L-A1 lejn il-kosta tesperjenza <strong>traffiku estremament qawwi<\/strong> matul Lulju u Awwissu, spe\u010bjalment nhar is-Sibt (jum ta&#8217; bidla g\u0127all-kiri ta&#8217; kull \u0121img\u0127a). Ivvja\u0121\u0121a kmieni filg\u0127odu jew tard filg\u0127axija biex tevita l-ag\u0127ar kon\u0121estjoni. <\/p>\n\n<h3 class=\"wp-block-heading\">Tag\u0127mir Me\u0127tie\u0121<\/h3>\n\n<ul class=\"wp-block-list\">\n<li>Trijanglu ta&#8217; twissija<\/li>\n<li>Vest riflettenti<\/li>\n<li>Kit tal-Ewwel G\u0127ajnuna<\/li>\n<li>Id-dwal ta&#8217; quddiem mixg\u0127ula f&#8217;kull \u0127in waqt is-sewqan<\/li>\n<\/ul>\n\n<h2 class=\"wp-block-heading\" id=\"faq-section\">\u2753 Mistoqsijiet Frekwenti<\/h2>\n\n<h3 class=\"wp-block-heading\">G\u0127andi b\u017conn vignette jew in\u0127allas fil-booths tat-toll fil-Kroazja?<\/h3>\n\n<p>Tista&#8217; tu\u017ca kwalunkwe sistema. Il-booths tradizzjonali tat-toll ja\u0127dmu fuq ba\u017ci ta&#8217; \u0127las skont id-distanza skont id-distanza. Alternattivament, vignettes di\u0121itali (E-Vinjeta) issa huma disponibbli g\u0127al \u010berti sezzjonijiet.  <\/p>\n\n<h3 class=\"wp-block-heading\">Nista&#8217; nsuq lejn Dubrovnik ming\u0127ajr ma nitlaq minn Kroazja?<\/h3>\n\n<p>Iva! Mill-ftu\u0127 tal-Pont Pelje\u0161ac fl-2022, issa tista&#8217; ssuq minn Split g\u0127al Dubrovnik ming\u0127ajr ma taqbe\u017c mill-korridor ta&#8217; Bosnia-Herzegovina Neum. <\/p>\n\n<h3 class=\"wp-block-heading\">L-apparat ENC huwa ta&#8217; valur?<\/h3>\n\n<p>G\u0127al vi\u017citaturi frekwenti jew dawk li joqog\u0127du diversi \u0121img\u0127at, iva. G\u0127al vja\u0121\u0121 wie\u0127ed, il-booths tat-toll jew vignetti di\u0121itali huma aktar pratti\u010bi. <\/p>\n\n<div style=\"height:25px\" aria-hidden=\"true\" class=\"wp-block-spacer\"><\/div>\n\n<div class=\"wp-block-buttons is-content-justification-center is-layout-flex wp-container-core-buttons-is-layout-a89b3969 wp-block-buttons-is-layout-flex\">\n<div class=\"wp-block-button\"><a class=\"wp-block-button__link wp-element-button\" href=\"https:\/\/vignettego.com\/\" style=\"background-color:#e91e63;color:#ffffff;padding:15px 30px;font-size:18px;border-radius:8px;\">\ud83d\ude97 Ikseb il-Vignettes tat-Toroq Ewropej tieg\u0127ek fuq VignetteGo \u2192<\/a><\/div>\n<\/div>\n\n<div style=\"height:25px\" aria-hidden=\"true\" class=\"wp-block-spacer\"><\/div>\n\n<h2 class=\"wp-block-heading\">\ud83c\udfd6\ufe0f G\u0127aliex i\u017c\u017cur il-Kroazja?<\/h2>\n\n<ul class=\"wp-block-list\">\n<li><strong>Kosta Spettakolari:<\/strong> Aktar minn 1,000 g\u017cira u ilmijiet \u010bari tal-Adrijatiku<\/li>\n<li><strong>Bliet Storici:<\/strong> Dubrovnik, Split, Zadar\u2014siti tal-Wirt Dinji tal-UNESCO<\/li>\n<li><strong>Postijiet ta&#8217; Game of Thrones:<\/strong> Dubrovnik serviet b\u0127ala Kings Landing<\/li>\n<li><strong>Laghi ta&#8217; Plitvice:<\/strong> Park nazzjonali spettakolari b&#8217;kaskati li jaqg\u0127u<\/li>\n<li><strong>Istria:<\/strong> K\u010bina influwenzata mill-Italja, tfittxija tat-truffle, ir\u0127ula fuq il-muntanji<\/li>\n<li><strong>Xena tal-Festa:<\/strong> Il-Bajja ta&#8217; Zr\u0107e hija l-&#8220;Ibiza Kroata&#8221;<\/li>\n<\/ul>\n\n<h2 class=\"wp-block-heading\">\ud83d\udccd Konklu\u017cjoni<\/h2>\n\n<p>Il-Kroazja toffri w\u0127ud mill-aktar vja\u0121\u0121i bil-karozza sodisfa\u010benti fl-Ewropa, mill-awtostrada drammatika A1 sa toroq kostali mg\u0127aw\u0121a u r\u0127ula affaxxinanti fl-Istria. Kemm jekk tippreferi l-booths tradizzjonali tat-toll, is-sistema elettronika ENC, jew l-g\u0127a\u017cliet \u0121odda ta&#8217; vignette di\u0121itali, il-vja\u0121\u0121 madwar il-Kroazja bil-karozza huwa fa\u010bli. <\/p>\n\n<p>Biex tasal fil-Kroazja mill-Ewropa \u010aentrali, probabbilment tg\u0127addi minn <a href=\"https:\/\/vignettego.com\/highway-vignette-europe\/mt\/vinjetta-awtostradi-slovenja-2026\/\">Slovenja<\/a> jew <a href=\"https:\/\/vignettego.com\/highway-vignette-europe\/mt\/vinjetta-awtostradi-ungerija-2026\/\">Ungerija<\/a>. \u0126u l-vinjetti kollha tieg\u0127ek f&#8217;post wie\u0127ed fuq <a href=\"https:\/\/vignettego.com\/\" title=\"VignetteGo - Vignetti tat-toroq Ewropej\">VignetteGo<\/a>. <\/p>\n\n<p><strong>Igawdu l-kosta Kroata! \ud83c\udded\ud83c\uddf7\ud83c\udfd6\ufe0f <\/strong><\/p>\n\n<p><strong>Gwidi Relatati:<\/strong> <a href=\"https:\/\/vignettego.com\/highway-vignette-europe\/mt\/vinjetta-awtostradi-slovenja-2026\/\">Slovenia E-Vinjeta<\/a> | <a href=\"https:\/\/vignettego.com\/highway-vignette-europe\/mt\/vinjetta-awtostradi-ungerija-2026\/\">Ungerija E-Matrica<\/a> | <a href=\"https:\/\/vignettego.com\/\">Il-Vignetti kollha Ewropej<\/a><\/p>\n","protected":false},"excerpt":{"rendered":"<p>Il-Kroazja hija wa\u0127da mill-aktar destinazzjonijiet popolari tas-sajf fl-Ewropa, mag\u0127rufa g\u0127all-kosta tag\u0127ha mill-isba\u0127 tal-Adrijatiku, il-ba\u0127ar \u010bar \u0127afna, bliet stori\u010bi b\u0127al Dubrovnik u Split, u g\u017cejjer sbie\u0127. Is-sewqan lejn il-Kroazja jifta\u0127 possibbiltajiet inkredibbli\u2014mill-\u0127itan antiki ta&#8217; Dubrovnik sal-bajjiet tal-festa ta&#8217; Zr\u0107e, il-kaskati tal-Laghi ta&#8217; Plitvice sa l-Istria affaxxinanti. Din il-gwida tispjega kollox dwar is-sistema tat-toll tat-toroq tal-Kroazja fl-2026, [&hellip;]<\/p>\n","protected":false},"author":0,"featured_media":0,"parent":0,"menu_order":0,"comment_status":"closed","ping_status":"closed","template":"","meta":{"footnotes":""},"class_list":["post-1119","page","type-page","status-publish","hentry"],"_links":{"self":[{"href":"https:\/\/vignettego.com\/highway-vignette-europe\/mt\/wp-json\/wp\/v2\/pages\/1119","targetHints":{"allow":["GET"]}}],"collection":[{"href":"https:\/\/vignettego.com\/highway-vignette-europe\/mt\/wp-json\/wp\/v2\/pages"}],"about":[{"href":"https:\/\/vignettego.com\/highway-vignette-europe\/mt\/wp-json\/wp\/v2\/types\/page"}],"replies":[{"embeddable":true,"href":"https:\/\/vignettego.com\/highway-vignette-europe\/mt\/wp-json\/wp\/v2\/comments?post=1119"}],"version-history":[{"count":3,"href":"https:\/\/vignettego.com\/highway-vignette-europe\/mt\/wp-json\/wp\/v2\/pages\/1119\/revisions"}],"predecessor-version":[{"id":1452,"href":"https:\/\/vignettego.com\/highway-vignette-europe\/mt\/wp-json\/wp\/v2\/pages\/1119\/revisions\/1452"}],"wp:attachment":[{"href":"https:\/\/vignettego.com\/highway-vignette-europe\/mt\/wp-json\/wp\/v2\/media?parent=1119"}],"curies":[{"name":"wp","href":"https:\/\/api.w.org\/{rel}","templated":true}]}}