{"id":1118,"date":"2026-01-04T01:38:16","date_gmt":"2026-01-04T01:38:16","guid":{"rendered":"https:\/\/vignettego.com\/highway-vignette-europe\/vinjetta-awtostradi-slovenja-2026\/"},"modified":"2026-01-04T12:43:53","modified_gmt":"2026-01-04T12:43:53","slug":"vinjetta-awtostradi-slovenja-2026","status":"publish","type":"page","link":"https:\/\/vignettego.com\/highway-vignette-europe\/mt\/vinjetta-awtostradi-slovenja-2026\/","title":{"rendered":"Vignetta tat-Toroq tas-Slovenja 2026: Gwida Kompluta ta&#8217; E-Vinjeta"},"content":{"rendered":"\n<script type=\"application\/ld+json\">{\n    \"@context\": \"https:\/\/schema.org\",\n    \"@graph\": [\n        {\n            \"@type\": \"Article\",\n            \"@id\": \"https:\/\/vignettego.com\/highway-vignette-europe\/slovenia-highway-vignette-guide\/#article\",\n            \"headline\": \"Slovenia Highway Vignette 2026: Complete E-Vinjeta Guide\",\n            \"description\": \"Everything about the Slovenian E-Vinjeta 2026: prices, validity, how to buy online, and essential tips for driving on Slovenian motorways. Your complete guide to the electronic vignette system.\",\n            \"image\": \"https:\/\/vignettego.com\/highway-vignette-europe\/wp-content\/uploads\/2026\/09\/Highway-Vignette-Europe.jpg\",\n            \"datePublished\": \"2026-01-04\",\n            \"dateModified\": \"2026-01-04\",\n            \"author\": {\"@type\": \"Organization\", \"name\": \"VignetteGo\", \"url\": \"https:\/\/vignettego.com\"},\n            \"publisher\": {\"@type\": \"Organization\", \"name\": \"VignetteGo\"},\n            \"mainEntityOfPage\": {\"@type\": \"WebPage\", \"@id\": \"https:\/\/vignettego.com\/highway-vignette-europe\/slovenia-highway-vignette-guide\/\"},\n            \"articleSection\": \"Highway Vignettes\",\n            \"keywords\": [\"Slovenia vignette\", \"E-Vinjeta\", \"Slovenian motorway\", \"Ljubljana driving\", \"Bled road trip\", \"Slovenia toll\"],\n            \"inLanguage\": \"en\",\n            \"speakable\": {\"@type\": \"SpeakableSpecification\", \"cssSelector\": [\".article-intro\", \"#faq-section\"]}\n        },\n        {\n            \"@type\": \"BreadcrumbList\",\n            \"itemListElement\": [\n                {\"@type\": \"ListItem\", \"position\": 1, \"name\": \"VignetteGo\", \"item\": \"https:\/\/vignettego.com\/\"},\n                {\"@type\": \"ListItem\", \"position\": 2, \"name\": \"Highway Vignette Europe\", \"item\": \"https:\/\/vignettego.com\/highway-vignette-europe\/\"},\n                {\"@type\": \"ListItem\", \"position\": 3, \"name\": \"Slovenia Guide\", \"item\": \"https:\/\/vignettego.com\/highway-vignette-europe\/slovenia-highway-vignette-guide\/\"}\n            ]\n        },\n        {\n            \"@type\": \"FAQPage\",\n            \"mainEntity\": [\n                {\"@type\": \"Question\", \"name\": \"How much does a Slovenian E-Vinjeta cost?\", \"acceptedAnswer\": {\"@type\": \"Answer\", \"text\": \"For 2026, prices are: 7-day vignette EUR 16, 30-day vignette EUR 32, and annual vignette EUR 117 for standard vehicles (class 2A). These are approximate prices and may be adjusted.\"}},\n                {\"@type\": \"Question\", \"name\": \"Can I buy the Slovenian E-Vinjeta online?\", \"acceptedAnswer\": {\"@type\": \"Answer\", \"text\": \"Yes, you can purchase the E-Vinjeta online at VignetteGo or the official DARS website. Registration is linked to your license plate, so no physical sticker is needed.\"}},\n                {\"@type\": \"Question\", \"name\": \"Do I need a vignette for all roads in Slovenia?\", \"acceptedAnswer\": {\"@type\": \"Answer\", \"text\": \"No, only motorways (avtoceste) and expressways (hitre ceste) require a vignette. Regular national and local roads are free to use.\"}},\n                {\"@type\": \"Question\", \"name\": \"What if I drive without a vignette in Slovenia?\", \"acceptedAnswer\": {\"@type\": \"Answer\", \"text\": \"Fines for driving without a valid E-Vinjeta are significant\u2014EUR 300 to 800 for cars. Enforcement is done via cameras, so non-compliance is easily detected.\"}},\n                {\"@type\": \"Question\", \"name\": \"How long is the Slovenian vignette valid?\", \"acceptedAnswer\": {\"@type\": \"Answer\", \"text\": \"The 7-day E-Vinjeta is valid for 7 consecutive days from your chosen start date. The 30-day is valid for 30 days, and the annual runs from purchase date for one year.\"}}\n            ]\n        }\n    ]\n}\n<\/script>\n\n<figure class=\"wp-block-image aligncenter size-large\"><img decoding=\"async\" src=\"https:\/\/vignettego.com\/highway-vignette-europe\/wp-content\/uploads\/2026\/09\/Highway-Vignette-Europe.jpg\" alt=\"Slovenia E-Vinjeta 2026 - Gwida kompluta g&#x127;all-vignetta tat-toroq Sloveni\" style=\"width:100%; height:auto; margin-bottom:20px;\"\/><\/figure>\n\n<p class=\"article-intro\">Is-Slovenja tista&#8217; tkun \u017cg\u0127ira, imma toffri varjet\u00e0 inkredibbli ta&#8217; pajsa\u0121\u0121i\u2014mill-Alpi \u0120uljani sbie\u0127 u l-Lag Smerald Bled sal-kosta Mediterranja u l-g\u0127erien Karst kbar. Dan in-nazzjon Alpin huwa pajji\u017c ewlieni ta&#8217; tran\u017citu g\u0127al vja\u0121\u0121aturi li jsuqu bejn l-Ewropa \u010aentrali u l-Adriatiku. Din il-gwida tkopri kollox dwar <strong>l-E-Vinjeta Slovena (vignetta elettronika)<\/strong> g\u0127all-2026: prezzijiet, validit\u00e0, fejn tixtri, u pariri essenzjali g\u0127all-vja\u0121\u0121 bil-karozza tieg\u0127ek fis-Slovenja.  <\/p>\n\n<div style=\"height:25px\" aria-hidden=\"true\" class=\"wp-block-spacer\"><\/div>\n\n<div class=\"wp-block-buttons is-content-justification-center is-layout-flex wp-container-core-buttons-is-layout-a89b3969 wp-block-buttons-is-layout-flex\">\n<div class=\"wp-block-button\"><a class=\"wp-block-button__link wp-element-button\" href=\"https:\/\/vignettego.com\/\" style=\"background-color:#0066cc;color:#ffffff;padding:15px 30px;font-size:18px;border-radius:8px;\">\ud83d\ude97 Ikseb l-E-Vinjeta Slovena tieg\u0127ek fuq VignetteGo<\/a><\/div>\n<\/div>\n\n<div style=\"height:25px\" aria-hidden=\"true\" class=\"wp-block-spacer\"><\/div>\n\n<h2 class=\"wp-block-heading\">\ud83c\uddf8\ud83c\uddee X&#8217;inhi l-E-Vinjeta Slovena?<\/h2>\n\n<p>Is-Slovenja g\u0127addiet minn vignetti fi\u017ci\u010bi ta&#8217; stickers g\u0127al <strong>sistema kompletament elettronika (E-Vinjeta) fl-2022<\/strong> . M&#8217;g\u0127adux tne\u0127\u0127i stikers antiki mill-\u0127\u0121ie\u0121 tieg\u0127ek! L-E-Vinjeta hija marbuta man-numru tal-plate tal-vettura tieg\u0127ek u rre\u0121istrata f&#8217;database \u010bentrali. Sistemi ta&#8217; kameras tul il-motorways awtomatikament jivverifikaw l-istatus tal-vignetta tieg\u0127ek.   <\/p>\n\n<p>Is-sistema hija mmexxija minn <strong>DARS (Dru\u017eba za avtoceste v Republiki Sloveniji),<\/strong> il-kumpanija statali tal-awtostrada. L-E-Vinjeta hija me\u0127tie\u0121a fuq il-motorways kollha (avtoceste) u expressways (hitre ceste), i\u017cda mhux fuq it-toroq regolari. <\/p>\n\n<h2 class=\"wp-block-heading\">\ud83d\udcb0 Prezzijiet ta&#8217; E-Vinjeta 2026<\/h2>\n\n<figure class=\"wp-block-table\"><table><thead><tr><th>Tip ta&#8217; Vignetta<\/th><th>Klassi 2A (Karozzi &lt;1.3m)<\/th><th>Klassi 2B (Vetturi akbar)<\/th><\/tr><\/thead><tbody><tr><td><strong>7-Day<\/strong><\/td><td>EUR 16<\/td><td>EUR 32<\/td><\/tr><tr><td><strong>30-Jum<\/strong><\/td><td>EUR 32<\/td><td>EUR 64<\/td><\/tr><tr><td><strong>Annwali<\/strong><\/td><td>EUR 117<\/td><td>EUR 234<\/td><\/tr><\/tbody><\/table><\/figure>\n\n<p><strong>Klassifikazzjoni tal-Vetturi:<\/strong><\/p>\n\n<ul class=\"wp-block-list\">\n<li><strong>Klassi 2A:<\/strong> Vetturi b&#8217;g\u0127oli tal-assi sa 1.30 m (l-aktar karozzi standard)<\/li>\n<li><strong>Klassi 2B:<\/strong> Vetturi b&#8217;g\u0127oli tal-assi bejn 1.30 m u 1.60 m (SUVs akbar, vans \u017cg\u0127ar)<\/li>\n<\/ul>\n\n<p><strong>Tip:<\/strong> Jekk in\u010bert dwar il-klassi tal-vettura tieg\u0127ek, kejjel l-g\u0127oli mill-art sal-qalba tar-rota ta&#8217; quddiem tieg\u0127ek\u2014dan huwa l-g\u0127oli tal-assi tieg\u0127ek.<\/p>\n\n<h2 class=\"wp-block-heading\">\ud83d\uded2 Fejn Tixtri l-E-Vinjeta Slovena<\/h2>\n\n<h3 class=\"wp-block-heading\">Online (Rakkomandat)<\/h3>\n\n<p>L-iktar mod fa\u010bli biex tixtri huwa online qabel il-vja\u0121\u0121 tieg\u0127ek:<\/p>\n\n<ul class=\"wp-block-list\">\n<li><strong><a href=\"https:\/\/vignettego.com\/\">VignetteGo<\/a><\/strong> \u2013 Xiri rapidu b&#8217;konferma immedjata<\/li>\n<li>Sit uffi\u010bjali ta&#8217; DARS e-vinjeta.si<\/li>\n<\/ul>\n\n<p>Vanta\u0121\u0121i tax-xiri online: l-ebda stennija f&#8217;stazzjonijiet tal-fjuwil tal-fruntiera, attivazzjoni immedjata, konferma di\u0121itali fuq it-telefon tieg\u0127ek.<\/p>\n\n<h3 class=\"wp-block-heading\">Punti ta&#8217; Xiri Fi\u017ciku<\/h3>\n\n<ul class=\"wp-block-list\">\n<li>Stazzjonijiet tal-petrol (Petrol, OMV, MOL) madwar is-Slovenja<\/li>\n<li>Punti ta&#8217; qsim tal-fruntiera<\/li>\n<li>Uffi\u010b\u010bji postali<\/li>\n<li>\u010aentri tal-klijenti DARS<\/li>\n<\/ul>\n\n<div style=\"height:25px\" aria-hidden=\"true\" class=\"wp-block-spacer\"><\/div>\n\n<div class=\"wp-block-buttons is-content-justification-center is-layout-flex wp-container-core-buttons-is-layout-a89b3969 wp-block-buttons-is-layout-flex\">\n<div class=\"wp-block-button\"><a class=\"wp-block-button__link wp-element-button\" href=\"https:\/\/vignettego.com\/\" style=\"background-color:#28a745;color:#ffffff;padding:15px 30px;font-size:18px;border-radius:8px;\">\u2705 Ikseb il-Vinjetti Ewropej tieg\u0127ek \u2013 8 Pajji\u017ci \u2013 fuq VignetteGo<\/a><\/div>\n<\/div>\n\n<div style=\"height:25px\" aria-hidden=\"true\" class=\"wp-block-spacer\"><\/div>\n\n<h2 class=\"wp-block-heading\">\ud83d\udee3\ufe0f Netwerk tal-Awtostradi Sloveni<\/h2>\n\n<p>In-netwerk tal-awtostrada Slovenja jiffurma mudell ta&#8217; salib karatteristiku, b&#8217;Ljubljana fi\u010b-\u010bentru:<\/p>\n\n<h3 class=\"wp-block-heading\">A1 \u2013 \u0160entilj g\u0127al Koper (Fuq g\u0127al Nofsinhar)<\/h3>\n\n<p>Tg\u0127addi <strong>mill-fruntiera Awstrijaka (\u0160entilj\/Spielfeld)<\/strong> permezz ta&#8217; Maribor u Ljubljana <strong>sal-kosta tal-Adrijatiku (Koper<\/strong>). Din hija r-rotta prin\u010bipali mill-Awstrija g\u0127all-kosta tal-Kroazja permezz tas-Slovenja. Tul totali: madwar 173 km.  <\/p>\n\n<h3 class=\"wp-block-heading\">A2 \u2013 Karavanke sa Obre\u017eje (Lvant-Punent)<\/h3>\n\n<p>Jg\u0127aqqad <strong>it-Tunnel Karavanke (il-fruntiera Awstrijaka)<\/strong> permezz ta&#8217; Ljubljana <strong>mal-fruntiera Kroata (Obre\u017eje)<\/strong> lejn Zagreb. Il-koridor prin\u010bipali tat-tran\u017citu mill-Awstrija g\u0127all-Kroazja. Tul totali: madwar 173 km.  <\/p>\n\n<h3 class=\"wp-block-heading\">A3 \u2013 Ljubljana Bypass<\/h3>\n\n<p>It-triq \u010birkolari madwar Ljubljana, li tg\u0127aqqad il-motorways A1 u A2. Essenzjali biex tevita t-traffiku fi\u010b-\u010bentru tal-belt. <\/p>\n\n<h3 class=\"wp-block-heading\">A4 \u2013 Slivnica sa Gru\u0161kovje<\/h3>\n\n<p>Tg\u0127aqqad lil Maribor mal-fruntiera Kroata f&#8217;Gru\u0161kovje, tkompli lejn Zagreb b\u0127ala alternattiva g\u0127ar-rotta A2.<\/p>\n\n<h3 class=\"wp-block-heading\">A5 \u2013 Maribor sa Fruntiera Ungeri\u017ca<\/h3>\n\n<p>Jg\u0127aqqad lil Maribor ma&#8217; Ungerija, utli g\u0127al vja\u0121\u0121aturi li ji\u0121u minn Budapest permezz tal-M70 Ungeri\u017c.<\/p>\n\n<h2 class=\"wp-block-heading\">\ud83d\uddfa\ufe0f Rotot Popolari Permezz tas-Slovenja<\/h2>\n\n<h3 class=\"wp-block-heading\">Vjenna sal-Kosta Kroata (permezz ta&#8217; A2)<\/h3>\n\n<p><strong>Rotta:<\/strong> Vienna \u2192 Graz \u2192 Maribor \u2192 Ljubljana \u2192 Zagreb \u2192 Split\/Rijeka<\/p>\n\n<p>Ir-rotta klassika mill-Ewropa \u010aentrali g\u0127all-Adriatiku. Se jkollok b\u017conn: <a href=\"https:\/\/vignettego.com\/highway-vignette-europe\/mt\/vinjetta-awtostradi-awstrija-2026\/\">vignetta Awstrijaka<\/a> + E-Vinjeta Slovena + <a href=\"https:\/\/vignettego.com\/highway-vignette-europe\/mt\/vinjetta-awtostradi-kroazja-2026\/\">tolls Kroati<\/a>. <\/p>\n\n<h3 class=\"wp-block-heading\">Munich sal-Kosta Kroata (permezz ta&#8217; Karavanke)<\/h3>\n\n<p><strong>Rotta:<\/strong> Munich \u2192 Salzburg \u2192 Villach \u2192 Karavanke Tunnel \u2192 Ljubljana \u2192 Zagreb<\/p>\n\n<p>Rotta popolari mill-\u0120ermanja. Se jkollok b\u017conn: vignetta Awstrijaka + E-Vinjeta Slovena + tolls Kroati. <\/p>\n\n<h3 class=\"wp-block-heading\">Budapest g\u0127al Ljubljana<\/h3>\n\n<p><strong>Rotta:<\/strong> Budapest \u2192 permezz tal-M70 \u2192 Maribor \u2192 Ljubljana<\/p>\n\n<p>Rotta diretta mill-Ungerija. Se jkollok b\u017conn: <a href=\"https:\/\/vignettego.com\/highway-vignette-europe\/mt\/vinjetta-awtostradi-ungerija-2026\/\">E-Matrica Ungeri\u017ca<\/a> + E-Vinjeta Slovena. <\/p>\n\n<div style=\"height:25px\" aria-hidden=\"true\" class=\"wp-block-spacer\"><\/div>\n\n<div class=\"wp-block-buttons is-content-justification-center is-layout-flex wp-container-core-buttons-is-layout-a89b3969 wp-block-buttons-is-layout-flex\">\n<div class=\"wp-block-button\"><a class=\"wp-block-button__link wp-element-button\" href=\"https:\/\/vignettego.com\/\" style=\"background-color:#ff6600;color:#ffffff;padding:15px 30px;font-size:18px;border-radius:8px;\">\ud83d\uded2 Ordna l-Vignetti Ewropej kollha fuq VignetteGo<\/a><\/div>\n<\/div>\n\n<div style=\"height:25px\" aria-hidden=\"true\" class=\"wp-block-spacer\"><\/div>\n\n<h2 class=\"wp-block-heading\">\u26a0\ufe0f Regoli Importanti ta&#8217; E-Vinjeta<\/h2>\n\n<h3 class=\"wp-block-heading\">Validit\u00e0 \u0126in tal-Bidu<\/h3>\n\n<p>Meta tixtri online, tista&#8217; tag\u0127\u017cel <strong>data ta&#8217; bidu futura<\/strong>. Il-vignetta ssir valida fil-00:00 fid-data mag\u0127\u017cula. Perfett biex tippjana minn qabel!  <\/p>\n\n<h3 class=\"wp-block-heading\">Re\u0121istrazzjoni tal-Pjan\u010bi tal-Li\u010benzja<\/h3>\n\n<p>L-E-Vinjeta hija rre\u0121istrata e\u017catt <strong>g\u0127an-numru tal-plakka tal-li\u010benzja<\/strong> tieg\u0127ek. I\u010b\u010bekkja darbtejn g\u0127al \u017cbalji tipografi\u010bi meta tixtri! L-i\u017cbalji ma jistg\u0127ux ji\u0121u kore\u0121uti fa\u010bilment.  <\/p>\n\n<h3 class=\"wp-block-heading\">Multi g\u0127al Nuqqas ta&#8217; Konformit\u00e0<\/h3>\n\n<ul class=\"wp-block-list\">\n<li><strong>Multa standard:<\/strong> EUR 300-800 g\u0127al vetturi tal-passi\u0121\u0121ieri<\/li>\n<li><strong>\u0126las fuq il-post:<\/strong> Normalment inqas jekk jit\u0127allas immedjatament<\/li>\n<li>Infurzar permezz ta&#8217; sistemi awtomati\u010bi ta&#8217; kamera (ANPR)<\/li>\n<\/ul>\n\n<h3 class=\"wp-block-heading\">Liema toroq je\u0127tie\u0121u vignette?<\/h3>\n\n<p>Biss it-toroq immarkati bis-sinjali tal-motorway (a\u0127dar b&#8217;denominazzjoni bajda &#8220;A&#8221;) je\u0127tie\u0121u vignette. It-toroq regolari (toroq nazzjonali b&#8217;marka safra) huma b&#8217;xejn. <\/p>\n\n<h2 class=\"wp-block-heading\">\ud83d\udca1 Pariri dwar is-Sewqan tas-Slovenja g\u0127all-2026<\/h2>\n\n<h3 class=\"wp-block-heading\">Limiti ta&#8217; Velo\u010bit\u00e0<\/h3>\n\n<ul class=\"wp-block-list\">\n<li><strong>Motorways:<\/strong> 130 km\/h<\/li>\n<li><strong>Expressways:<\/strong> 110 km\/h<\/li>\n<li><strong>Toroq nazzjonali:<\/strong> 90 km\/h<\/li>\n<li><strong>\u017boni urbani:<\/strong> 50 km\/h<\/li>\n<\/ul>\n\n<h3 class=\"wp-block-heading\">Tag\u0127mir Me\u0127tie\u0121<\/h3>\n\n<ul class=\"wp-block-list\">\n<li>Trijanglu ta&#8217; twissija<\/li>\n<li>Vest riflettiv (fil-vettura, mhux fil-bagalja)<\/li>\n<li>Kit tal-Ewwel G\u0127ajnuna<\/li>\n<li><strong>Dwal ta&#8217; Fuq:<\/strong> G\u0127andu jkun mixg\u0127ul f&#8217;kull \u0127in waqt is-sewqan<\/li>\n<li><strong>Tag\u0127mir tax-xitwa:<\/strong> 15 ta&#8217; Novembru &#8211; 15 ta&#8217; Marzu, hemm b\u017conn ta&#8217; tajers jew katini tax-xitwa<\/li>\n<\/ul>\n\n<h3 class=\"wp-block-heading\">Pariri tat-Tunnel Karavanke<\/h3>\n\n<p>It-Tunnel Karavanke li jg\u0127aqqad l-Awstrija u s-Slovenja jista&#8217; jkollu <strong>dewmien sinifikanti<\/strong> matul il-weekends tas-sajf. Ikkunsidra li tivvja\u0121\u0121a kmieni filg\u0127odu jew tard filg\u0127axija. I\u010b\u010bekkja l-istatus tat-traffiku <a href=\"https:\/\/www.promet.si\/en\" target=\"_blank\" rel=\"noopener\">f&#8217;promet.si<\/a>.  <\/p>\n\n<h2 class=\"wp-block-heading\" id=\"faq-section\">\u2753 Mistoqsijiet Frekwenti<\/h2>\n\n<h3 class=\"wp-block-heading\">Nista&#8217; nu\u017ca t-toroq regolari biex nevita nixtri vignette?<\/h3>\n\n<p>Teknikament iva, imma j\u017cid b&#8217;mod sinifikanti l-\u0127in tal-vja\u0121\u0121. Per e\u017cempju, Ljubljana sa Koper jie\u0127u 1 sieg\u0127a fuq il-motorway kontra 2+ sieg\u0127a fit-toroq regolari. <\/p>\n\n<h3 class=\"wp-block-heading\">Il-muturi je\u0127tie\u0121u vignette?<\/h3>\n\n<p>Iva, il-muturi (Klassi 1) je\u0127tie\u0121u kategorija separata ta&#8217; vignette bi prezzijiet imnaqqsa.<\/p>\n\n<h3 class=\"wp-block-heading\">X&#8217;ji\u0121ri jekk nikri karozza fis-Slovenja?<\/h3>\n\n<p>Il-ma\u0121\u0121oranza tal-kumpaniji tal-kiri jinkludu l-E-Vinjeta fil-kiri jew joffruha b\u0127ala add-on. Ivverifika qabel tie\u0127u l-vettura. <\/p>\n\n<h3 class=\"wp-block-heading\">L-E-Vinjeta tkopri t-Tunnell Karavanke?<\/h3>\n\n<p>Iva, it-Tunnel Karavanke bejn l-Awstrija u s-Slovenja huwa kopert mill-E-Vinjeta Slovena fuq in-na\u0127a Slovena. Se jkollok b\u017conn ukoll vignetta Awstrijaka g\u0127all-parti Awstrijaka. <\/p>\n\n<div style=\"height:25px\" aria-hidden=\"true\" class=\"wp-block-spacer\"><\/div>\n\n<div class=\"wp-block-buttons is-content-justification-center is-layout-flex wp-container-core-buttons-is-layout-a89b3969 wp-block-buttons-is-layout-flex\">\n<div class=\"wp-block-button\"><a class=\"wp-block-button__link wp-element-button\" href=\"https:\/\/vignettego.com\/\" style=\"background-color:#e91e63;color:#ffffff;padding:15px 30px;font-size:18px;border-radius:8px;\">\ud83d\ude97 Ikseb il-Vignettes tat-Toroq Ewropej tieg\u0127ek fuq VignetteGo \u2192<\/a><\/div>\n<\/div>\n\n<div style=\"height:25px\" aria-hidden=\"true\" class=\"wp-block-spacer\"><\/div>\n\n<h2 class=\"wp-block-heading\">\ud83c\udfd4\ufe0f G\u0127aliex i\u017c\u017cur is-Slovenja?<\/h2>\n\n<ul class=\"wp-block-list\">\n<li><strong>Lag Bled:<\/strong> Il-knisja ikonika tal-g\u017cira f&#8217;ambjent Alpinu<\/li>\n<li><strong>Ljubljana:<\/strong> Kapitali affaxxinanti b&#8217;belt antika ming\u0127ajr karozzi<\/li>\n<li><strong>G\u0127ar ta&#8217; Postojna:<\/strong> Wie\u0127ed mill-akbar sistemi ta&#8217; g\u0127erien fl-Ewropa<\/li>\n<li><strong>Julian Alps:<\/strong> Xenarju muntanju\u017c spettakolari, Park Nazzjonali Triglav<\/li>\n<li><strong>Piran:<\/strong> Belt kostali sabi\u0127a b&#8217;stil Venezjan<\/li>\n<li><strong>Wied ta&#8217; So\u010da:<\/strong> Xmara Emerald, perfetta g\u0127al sports ta&#8217; avventura<\/li>\n<li><strong>Re\u0121juni tal-Inbid:<\/strong> Inbid lokali e\u010b\u010bellenti, spe\u010bjalment minn Gori\u0161ka Brda<\/li>\n<\/ul>\n\n<h2 class=\"wp-block-heading\">\ud83d\udccd Konklu\u017cjoni<\/h2>\n\n<p>Id-daqs kompatt tas-Slovenja jag\u0127milha fa\u010bli biex tesplora bil-karozza, u s-sistema E-Vinjeta hija fa\u010bli biex tu\u017ca. Kemm jekk qed tg\u0127addi lejn il-Kroazja, jew tesplora l-pajsa\u0121\u0121i sbie\u0127 tas-Slovenja, li jkollok il-vignetta t-tajba ti\u017cgura vja\u0121\u0121 ming\u0127ajr tfixkil. <\/p>\n\n<p>G\u0127al vja\u0121\u0121i bil-karozza f&#8217;diversi pajji\u017ci, g\u0127aqqad l-E-Vinjeta Slovena tieg\u0127ek ma&#8217; vignetti <a href=\"https:\/\/vignettego.com\/highway-vignette-europe\/mt\/vinjetta-awtostradi-awstrija-2026\/\">g\u0127all-Awstrija<\/a>, <a href=\"https:\/\/vignettego.com\/highway-vignette-europe\/mt\/vinjetta-awtostradi-ungerija-2026\/\">l-Ungerija<\/a>, u <a href=\"https:\/\/vignettego.com\/highway-vignette-europe\/mt\/vinjetta-awtostradi-kroazja-2026\/\">l-Kroazja<\/a>. \u0126u l-vinjetti kollha tieg\u0127ek f&#8217;post wie\u0127ed fuq <a href=\"https:\/\/vignettego.com\/\" title=\"VignetteGo - Vignetti tat-toroq Ewropej\">VignetteGo<\/a>. <\/p>\n\n<p><strong>Igawdi s-Slovenja! \ud83c\uddf8\ud83c\uddee\ud83c\udfd4\ufe0f <\/strong><\/p>\n\n<p><strong>Gwidi Relatati:<\/strong> <a href=\"https:\/\/vignettego.com\/highway-vignette-europe\/mt\/vinjetta-awtostradi-awstrija-2026\/\">Austria Digital Vignette<\/a> | <a href=\"https:\/\/vignettego.com\/highway-vignette-europe\/mt\/vinjetta-awtostradi-kroazja-2026\/\">Gwida tat-Toll f&#8217;Kroazja<\/a> | <a href=\"https:\/\/vignettego.com\/\">Il-Vignetti kollha Ewropej<\/a><\/p>\n","protected":false},"excerpt":{"rendered":"<p>Is-Slovenja tista&#8217; tkun \u017cg\u0127ira, imma toffri varjet\u00e0 inkredibbli ta&#8217; pajsa\u0121\u0121i\u2014mill-Alpi \u0120uljani sbie\u0127 u l-Lag Smerald Bled sal-kosta Mediterranja u l-g\u0127erien Karst kbar. Dan in-nazzjon Alpin huwa pajji\u017c ewlieni ta&#8217; tran\u017citu g\u0127al vja\u0121\u0121aturi li jsuqu bejn l-Ewropa \u010aentrali u l-Adriatiku. Din il-gwida tkopri kollox dwar l-E-Vinjeta Slovena (vignetta elettronika) g\u0127all-2026: prezzijiet, validit\u00e0, fejn tixtri, u pariri [&hellip;]<\/p>\n","protected":false},"author":0,"featured_media":0,"parent":0,"menu_order":0,"comment_status":"closed","ping_status":"closed","template":"","meta":{"footnotes":""},"class_list":["post-1118","page","type-page","status-publish","hentry"],"_links":{"self":[{"href":"https:\/\/vignettego.com\/highway-vignette-europe\/mt\/wp-json\/wp\/v2\/pages\/1118","targetHints":{"allow":["GET"]}}],"collection":[{"href":"https:\/\/vignettego.com\/highway-vignette-europe\/mt\/wp-json\/wp\/v2\/pages"}],"about":[{"href":"https:\/\/vignettego.com\/highway-vignette-europe\/mt\/wp-json\/wp\/v2\/types\/page"}],"replies":[{"embeddable":true,"href":"https:\/\/vignettego.com\/highway-vignette-europe\/mt\/wp-json\/wp\/v2\/comments?post=1118"}],"version-history":[{"count":3,"href":"https:\/\/vignettego.com\/highway-vignette-europe\/mt\/wp-json\/wp\/v2\/pages\/1118\/revisions"}],"predecessor-version":[{"id":1442,"href":"https:\/\/vignettego.com\/highway-vignette-europe\/mt\/wp-json\/wp\/v2\/pages\/1118\/revisions\/1442"}],"wp:attachment":[{"href":"https:\/\/vignettego.com\/highway-vignette-europe\/mt\/wp-json\/wp\/v2\/media?parent=1118"}],"curies":[{"name":"wp","href":"https:\/\/api.w.org\/{rel}","templated":true}]}}