{"id":1117,"date":"2026-01-04T01:37:39","date_gmt":"2026-01-04T01:37:39","guid":{"rendered":"https:\/\/vignettego.com\/highway-vignette-europe\/vinjetta-awtostradi-ungerija-2026\/"},"modified":"2026-01-04T12:43:40","modified_gmt":"2026-01-04T12:43:40","slug":"vinjetta-awtostradi-ungerija-2026","status":"publish","type":"page","link":"https:\/\/vignettego.com\/highway-vignette-europe\/mt\/vinjetta-awtostradi-ungerija-2026\/","title":{"rendered":"Vignette tat-Triq tal-Ungerija 2026: Gwida Kompluta tal-E-Matrica"},"content":{"rendered":"\n<script type=\"application\/ld+json\">{\n    \"@context\": \"https:\/\/schema.org\",\n    \"@graph\": [\n        {\n            \"@type\": \"Article\",\n            \"@id\": \"https:\/\/vignettego.com\/highway-vignette-europe\/hungary-highway-vignette-guide\/#article\",\n            \"headline\": \"Hungary Highway Vignette 2026: Complete E-Matrica Guide\",\n            \"description\": \"Everything about the Hungarian E-Matrica system 2026: prices, validity, how to buy online, and essential tips for driving on Hungarian motorways. Your complete guide to the electronic vignette.\",\n            \"image\": \"https:\/\/vignettego.com\/highway-vignette-europe\/wp-content\/uploads\/2026\/09\/Highway-Vignette-Europe.jpg\",\n            \"datePublished\": \"2026-01-04\",\n            \"dateModified\": \"2026-01-04\",\n            \"author\": {\"@type\": \"Organization\", \"name\": \"VignetteGo\", \"url\": \"https:\/\/vignettego.com\"},\n            \"publisher\": {\"@type\": \"Organization\", \"name\": \"VignetteGo\"},\n            \"mainEntityOfPage\": {\"@type\": \"WebPage\", \"@id\": \"https:\/\/vignettego.com\/highway-vignette-europe\/hungary-highway-vignette-guide\/\"},\n            \"articleSection\": \"Highway Vignettes\",\n            \"keywords\": [\"Hungary vignette\", \"E-Matrica\", \"Hungarian motorway\", \"Budapest driving\", \"M1 motorway\", \"Hungary toll\"],\n            \"inLanguage\": \"en\",\n            \"speakable\": {\"@type\": \"SpeakableSpecification\", \"cssSelector\": [\".article-intro\", \"#faq-section\"]}\n        },\n        {\n            \"@type\": \"BreadcrumbList\",\n            \"itemListElement\": [\n                {\"@type\": \"ListItem\", \"position\": 1, \"name\": \"VignetteGo\", \"item\": \"https:\/\/vignettego.com\/\"},\n                {\"@type\": \"ListItem\", \"position\": 2, \"name\": \"Highway Vignette Europe\", \"item\": \"https:\/\/vignettego.com\/highway-vignette-europe\/\"},\n                {\"@type\": \"ListItem\", \"position\": 3, \"name\": \"Hungary Guide\", \"item\": \"https:\/\/vignettego.com\/highway-vignette-europe\/hungary-highway-vignette-guide\/\"}\n            ]\n        },\n        {\n            \"@type\": \"FAQPage\",\n            \"mainEntity\": [\n                {\"@type\": \"Question\", \"name\": \"How much does a Hungarian E-Matrica cost?\", \"acceptedAnswer\": {\"@type\": \"Answer\", \"text\": \"For 2026, the D1 category (standard cars) costs approximately: 10-day regional HUF 4,270, 10-day national HUF 5,950, monthly HUF 6,590, and annual HUF 57,420. Prices may be adjusted.\"}},\n                {\"@type\": \"Question\", \"name\": \"Can I buy the Hungarian E-Matrica online?\", \"acceptedAnswer\": {\"@type\": \"Answer\", \"text\": \"Yes, you can purchase the E-Matrica online at VignetteGo or the official Hungarian motorway website. Registration is linked to your license plate, so no physical sticker is needed.\"}},\n                {\"@type\": \"Question\", \"name\": \"What is the difference between regional and national E-Matrica?\", \"acceptedAnswer\": {\"@type\": \"Answer\", \"text\": \"Regional E-Matrica (D1 REGIONAL) covers only the main transit routes (M1, M5, M7 etc.), while National E-Matrica (D1) covers the entire motorway network including all M and R roads.\"}},\n                {\"@type\": \"Question\", \"name\": \"What if I drive without a vignette in Hungary?\", \"acceptedAnswer\": {\"@type\": \"Answer\", \"text\": \"Fines for driving without a valid E-Matrica are significant\u2014from HUF 14,875 to HUF 88,500 depending on vehicle category. Enforcement is done via cameras, so non-compliance is easily detected.\"}},\n                {\"@type\": \"Question\", \"name\": \"Do I need a vignette for all roads in Hungary?\", \"acceptedAnswer\": {\"@type\": \"Answer\", \"text\": \"No, only motorways (M roads) and expressways (R roads) require a vignette. Regular national roads and local roads are free to use.\"}}\n            ]\n        }\n    ]\n}\n<\/script>\n\n<figure class=\"wp-block-image aligncenter size-large\"><img decoding=\"async\" src=\"https:\/\/vignettego.com\/highway-vignette-europe\/wp-content\/uploads\/2026\/09\/Highway-Vignette-Europe.jpg\" alt=\"Ungerija E-Matrica 2026 - Gwida kompluta g&#x127;all-vignetta tat-toroq Ungeri&#x17C;i\" style=\"width:100%; height:auto; margin-bottom:20px;\"\/><\/figure>\n\n<p class=\"article-intro\">L-Ungerija tinsab fil-qasam tal-Ewropa \u010aentrali, u g\u0127alhekk hija pajji\u017c ewlieni ta&#8217; tran\u017citu g\u0127al vja\u0121\u0121aturi li jmorru lejn il-Balkani, l-Awstrija, is-Slovakkja jew ir-Rumanija. Mill-binja kbira tal-Parlament f&#8217;Budapest sal-banjijiet termali ta&#8217; H\u00e9v\u00edz, il-pajji\u017c tal-inbid ta&#8217; Tokaj, u l-pjanuri vasti tal-Puszta, l-Ungerija toffri esperjenzi kulturali rikki. Din il-gwida tkopri kollox dwar <strong>l-E-Matrica Ungeri\u017ca (vignetta elettronika)<\/strong> g\u0127all-2026: prezzijiet, tipi ta&#8217; validit\u00e0, fejn tixtri, u pariri essenzjali g\u0127as-sewqan fuq il-motorways Ungeri\u017ci.  <\/p>\n\n<div style=\"height:25px\" aria-hidden=\"true\" class=\"wp-block-spacer\"><\/div>\n\n<div class=\"wp-block-buttons is-content-justification-center is-layout-flex wp-container-core-buttons-is-layout-a89b3969 wp-block-buttons-is-layout-flex\">\n<div class=\"wp-block-button\"><a class=\"wp-block-button__link wp-element-button\" href=\"https:\/\/vignettego.com\/\" style=\"background-color:#0066cc;color:#ffffff;padding:15px 30px;font-size:18px;border-radius:8px;\">\ud83d\ude97 Ikseb l-E-Matrica Ungeri\u017ca tieg\u0127ek fuq VignetteGo<\/a><\/div>\n<\/div>\n\n<div style=\"height:25px\" aria-hidden=\"true\" class=\"wp-block-spacer\"><\/div>\n\n<h2 class=\"wp-block-heading\">\ud83c\udded\ud83c\uddfa X&#8217;inhi l-E-Matrica Ungeri\u017ca?<\/h2>\n\n<p>L-Ungerija kienet wa\u0127da mill-ewwel pajji\u017ci Ewropej li adottat <strong>sistema ta&#8217; vignette kompletament elettronika (E-Matrica) fl-2008<\/strong> . M&#8217;hemmx b\u017conn ta&#8217; stiker fi\u017ciku\u2014in-numru tal-plate tal-vettura tieg\u0127ek huwa rre\u0121istrat fid-database nazzjonali tat-toll, u s-sistemi tal-kameras tul il-motorways awtomatikament jivverifikaw l-istatus tal-vignetta tieg\u0127ek. <\/p>\n\n<p>Is-sistema E-Matrica tkopri l-awtostradi kollha Ungeri\u017ci <strong>(toroq M)<\/strong> u <strong>l-awtostradi (toroq R).<\/strong> It-toroq nazzjonali regolari (toroq primarji numerati 1-9, toroq sekondarji 10-99, e\u010b\u010b.) huma \u0127ielsa biex jintu\u017caw ming\u0127ajr vignette. <\/p>\n\n<h2 class=\"wp-block-heading\">\ud83d\udcb0 Prezzijiet ta&#8217; E-Matrica 2026<\/h2>\n\n<p>Il-prezzijiet huma bil-Forint Ungeri\u017c (HUF). L-Ungerija tu\u017ca l-munita tag\u0127ha stess u ma adottatx l-Euro. Ir-rata attwali tal-kambju hija madwar EUR 1 = HUF 400.  <\/p>\n\n<h3 class=\"wp-block-heading\">Kategorija D1 (Karozzi sa 3.5 tunnellati)<\/h3>\n\n<figure class=\"wp-block-table\"><table><thead><tr><th>Tip ta&#8217; Vignetta<\/th><th>Price (HUF)<\/th><th>Madwar EUR <\/th><\/tr><\/thead><tbody><tr><td><strong>Re\u0121jonali ta&#8217; 10 Ijiem<\/strong><\/td><td>HUF 4,270<\/td><td>~EUR 11<\/td><\/tr><tr><td><strong>Nazzjonali ta&#8217; 10 Ijiem<\/strong><\/td><td>HUF 5,950<\/td><td>~EUR 15<\/td><\/tr><tr><td><strong>Nazzjonali ta&#8217; kull xahar<\/strong><\/td><td>HUF 6,590<\/td><td>~EUR 16<\/td><\/tr><tr><td><strong>Nazzjonali Annwali<\/strong><\/td><td>HUF 57,420<\/td><td>~EUR 143<\/td><\/tr><\/tbody><\/table><\/figure>\n\n<h3 class=\"wp-block-heading\">E-Matrica Re\u0121jonali vs Nazzjonali<\/h3>\n\n<p><strong>E-Matrica Re\u0121jonali (D1 REGIONAL):<\/strong> Jkopri biss il-korriduri prin\u010bipali tat-trasport:<\/p>\n\n<ul class=\"wp-block-list\">\n<li>M1 (Vjenna-Budapest)<\/li>\n<li>M5 (il-fruntiera Budapest-Szeged-Serbja)<\/li>\n<li>M7 (il-fruntiera Budapest-Lake Balaton-Kroazja)<\/li>\n<li>M3 (fruntiera Budapest-Debrecen-Ukrajna) \u2013 sezzjonijiet mag\u0127\u017cula<\/li>\n<li>M15, M30, M31, M35 \u2013 sezzjonijiet mag\u0127\u017cula<\/li>\n<\/ul>\n\n<p><strong>E-Matrica Nazzjonali (D1):<\/strong> Jkopri <strong>n-netwerk kollu tal-awtostrada<\/strong>, inklu\u017c:<\/p>\n\n<ul class=\"wp-block-list\">\n<li>It-toroq kollha M-(M0, M1, M2, M3, M4, M5, M6, M7, M15, M30, M31, M35, M43, M44, M70, M85, M86)<\/li>\n<li>It-toroq kollha R-road (toroq espressi)<\/li>\n<\/ul>\n\n<p><strong>Tip:<\/strong> Jekk tippjana li tesplora l-Ungerija lil hinn mill-korriduri prin\u010bipali tat-trasport (e\u017c., \u017cjara r-resorts tal-Lag Balaton, P\u00e9cs, ir-re\u0121jun ta&#8217; Tokaj), \u0127u l-National E-Matrica.<\/p>\n\n<h2 class=\"wp-block-heading\">\ud83d\uded2 Fejn tixtri l-E-Matrica Ungeri\u017ca<\/h2>\n\n<h3 class=\"wp-block-heading\">Online (Rakkomandat)<\/h3>\n\n<p>L-iktar mod fa\u010bli biex tixtri huwa online qabel il-vja\u0121\u0121 tieg\u0127ek:<\/p>\n\n<ul class=\"wp-block-list\">\n<li><strong><a href=\"https:\/\/vignettego.com\/\">VignetteGo<\/a><\/strong> \u2013 Xiri rapidu b&#8217;konferma immedjata<\/li>\n<li>Sit uffi\u010bjali tal-awtostrada Ungeri\u017ca (ematrica.nemzetiutdij.hu)<\/li>\n<\/ul>\n\n<p>Vanta\u0121\u0121i tax-xiri online: l-ebda stennija f&#8217;stazzjonijiet tal-fjuwil tal-fruntiera, attivazzjoni immedjata, konferma di\u0121itali fuq it-telefon tieg\u0127ek.<\/p>\n\n<h3 class=\"wp-block-heading\">Punti ta&#8217; Xiri Fi\u017ciku<\/h3>\n\n<ul class=\"wp-block-list\">\n<li>Stazzjonijiet tal-petrol (MOL, Shell, OMV) madwar l-Ungerija<\/li>\n<li>Punti ta&#8217; qsim tal-fruntiera<\/li>\n<li>Uffi\u010b\u010bji postali<\/li>\n<li>\u010aentri tas-servizz tal-konsumatur<\/li>\n<\/ul>\n\n<div style=\"height:25px\" aria-hidden=\"true\" class=\"wp-block-spacer\"><\/div>\n\n<div class=\"wp-block-buttons is-content-justification-center is-layout-flex wp-container-core-buttons-is-layout-a89b3969 wp-block-buttons-is-layout-flex\">\n<div class=\"wp-block-button\"><a class=\"wp-block-button__link wp-element-button\" href=\"https:\/\/vignettego.com\/\" style=\"background-color:#28a745;color:#ffffff;padding:15px 30px;font-size:18px;border-radius:8px;\">\u2705 Ikseb Vignetti Ewropej \u2013 8 Pajji\u017ci \u2013 fuq VignetteGo<\/a><\/div>\n<\/div>\n\n<div style=\"height:25px\" aria-hidden=\"true\" class=\"wp-block-spacer\"><\/div>\n\n<h2 class=\"wp-block-heading\">\ud83d\udee3\ufe0f Netwerk tal-Awtostradi Ungeri\u017ci<\/h2>\n\n<p>In-netwerk tal-awtostradi Ungerija jirradja minn Budapest b\u0127al stilla, u jg\u0127aqqad il-kapitali ma&#8217; pajji\u017ci \u0121irien kollha.<\/p>\n\n<h3 class=\"wp-block-heading\">M0 \u2013 \u010airku ta&#8217; Budapest<\/h3>\n\n<p>Il-motorway orbitali madwar Budapest, li jg\u0127aqqad il-motorways radjali ewlenin kollha. Essenzjali biex tevita t-traffiku ta\u010b-\u010bentru tal-belt meta tg\u0127addi mill-Ungerija. <\/p>\n\n<h3 class=\"wp-block-heading\">M1 \u2013 Budapest g\u0127al Vienna<\/h3>\n\n<p>Il-korridor prin\u010bipali lejn <strong>l-Awstrija<\/strong>, li jg\u0127aqqad Budapest ma&#8217; Vienna permezz ta&#8217; Gy\u0151r. Tul totali: madwar 170 km. Jg\u0127addi lejn l-Awstrija f&#8217;Hegyeshalom\/Nickelsdorf. Se jkollok <a href=\"https:\/\/vignettego.com\/highway-vignette-europe\/mt\/vinjetta-awtostradi-awstrija-2026\/\">b\u017conn vignetta Awstrijaka<\/a> biex tkompli.   <\/p>\n\n<h3 class=\"wp-block-heading\">M3 \u2013 Fruntiera bejn Budapest u l-Ukrajna<\/h3>\n\n<p>Koridor tat-Tramuntana-Lvant lejn <strong>l-Ukrajna u s-Slovakkja<\/strong>, jg\u0127addi minn Debrecen. A\u010b\u010bess g\u0127ar-re\u0121jun tal-inbid ta&#8217; Tokaj u g\u0127all-Park Nazzjonali ta&#8217; Hortobagy. <\/p>\n\n<h3 class=\"wp-block-heading\">M5 \u2013 Fruntiera bejn Budapest u s-Serbja<\/h3>\n\n<p>Koridor tan-Nofsinhar lejn <strong>is-Serbja<\/strong>, li jg\u0127aqqad ma&#8217; Szeged u jkompli lejn Subotica\/Belgrad. Tul totali: madwar 156 km. <\/p>\n\n<h3 class=\"wp-block-heading\">M6 \u2013 Budapest sa Fruntiera Kroazja<\/h3>\n\n<p>Koridor tan-nofsinhar tal-punent lejn <strong>il-Kroazja (Barcs),<\/strong> jg\u0127addi minn P\u00e9cs. Rotta alternattiva lejn il-kosta Kroata tevita s-Slovenja. <\/p>\n\n<h3 class=\"wp-block-heading\">M7 \u2013 Budapest g\u0127al Lake Balaton\/Kroazja<\/h3>\n\n<p>Ir-rotta prin\u010bipali tal-vaganzi lejn <strong>il-Lag Balaton<\/strong> u tkompli lejn <strong>il-Kroazja (Letenye).<\/strong> Impenjat \u0127afna matul il-weekends tas-sajf. Tul totali: madwar 232 km.  <\/p>\n\n<h3 class=\"wp-block-heading\">M15 \u2013 Rajka g\u0127al Bratislava<\/h3>\n\n<p>Awtostrada qasira li tg\u0127aqqad <strong>mas-Slovakkja<\/strong> u Bratislava, li tinqasam mill-M1. Se jkollok b\u017conn <a href=\"https:\/\/vignettego.com\/highway-vignette-europe\/mt\/vinjetta-awtostradi-slovakkja-2026\/\">vignette Slovakka<\/a> biex tkompli. <\/p>\n\n<h3 class=\"wp-block-heading\">M70 \u2013 Letenye lejn il-fruntiera tas-Slovenja<\/h3>\n\n<p>Awtostrada qasira li tg\u0127aqqad <strong>mas-Slovenja<\/strong>, tkompli b\u0127ala l-A5 Slovena. Se jkollok b\u017conn <a href=\"https:\/\/vignettego.com\/highway-vignette-europe\/mt\/vinjetta-awtostradi-slovenja-2026\/\">E-Vinjeta Slovena<\/a> biex tkompli. <\/p>\n\n<h2 class=\"wp-block-heading\">\ud83d\uddfa\ufe0f Rotot popolari permezz ta&#8217; Ungerija<\/h2>\n\n<h3 class=\"wp-block-heading\">Vienna g\u0127al Budapest (M1)<\/h3>\n\n<p><strong>Distanza:<\/strong> ~250 km | <strong>Tul:<\/strong> 2.5-3 sig\u0127at | <strong>Vignetti me\u0127tie\u0121a:<\/strong> Awstrijak + Ungeri\u017c<\/p>\n\n<p>Ir-rotta klassika tal-Ewropa \u010aentrali. Kundizzjonijiet e\u010b\u010bellenti tal-awtostrada. Ikkunsidra li tieqaf f&#8217;Gy\u0151r\u2014belt barokka sabi\u0127a.  <\/p>\n\n<h3 class=\"wp-block-heading\">Budapest sa Lake Balaton (M7)<\/h3>\n\n<p><strong>Distanza:<\/strong> ~100 km (sa Si\u00f3fok) | <strong>Tul:<\/strong> 1-1.5 sig\u0127at<\/p>\n\n<p>L-akbar lag fl-Ewropa \u010aentrali u l-aqwa destinazzjoni tas-sajf fl-Ungerija. Il-M7 isir estremament impenjat nhar il-\u0120img\u0127a u l-\u0126add tas-sajf. <\/p>\n\n<h3 class=\"wp-block-heading\">Budapest sal-Kosta Kroata (permezz ta&#8217; M7\/M70)<\/h3>\n\n<p><strong>Rotta:<\/strong> Budapest \u2192 Lag Balaton \u2192 Letenye \u2192 Zagreb \u2192 Split<\/p>\n\n<p>Rotta alternattiva lejn il-Kroazja permezz ta&#8217; Ungerija u Slovenia. Vinjetti me\u0127tie\u0121a: E-Matrica Ungeri\u017ca + <a href=\"https:\/\/vignettego.com\/highway-vignette-europe\/mt\/vinjetta-awtostradi-slovenja-2026\/\">E-Vinjeta Slovena<\/a> + <a href=\"https:\/\/vignettego.com\/highway-vignette-europe\/mt\/vinjetta-awtostradi-kroazja-2026\/\">Tolls Kroati<\/a>. <\/p>\n\n<h3 class=\"wp-block-heading\">Vienna g\u0127ar-Rumanija (permezz ta&#8217; M1, M0, M5, M43)<\/h3>\n\n<p><strong>Rotta:<\/strong> Vienna \u2192 Budapest \u2192 Szeged \u2192 Arad (Rumanija)<\/p>\n\n<p>Ir-rotta prin\u010bipali mill-Ewropa tal-Punent g\u0127ar-Rumanija. Vinjetti me\u0127tie\u0121a: Awstrijak + Ungeri\u017c <a href=\"https:\/\/vignettego.com\/highway-vignette-europe\/mt\/vinjetta-awtostradi-rumanija-2026\/\">+ Rumena Rovinieta<\/a>. <\/p>\n\n<div style=\"height:25px\" aria-hidden=\"true\" class=\"wp-block-spacer\"><\/div>\n\n<div class=\"wp-block-buttons is-content-justification-center is-layout-flex wp-container-core-buttons-is-layout-a89b3969 wp-block-buttons-is-layout-flex\">\n<div class=\"wp-block-button\"><a class=\"wp-block-button__link wp-element-button\" href=\"https:\/\/vignettego.com\/\" style=\"background-color:#ff6600;color:#ffffff;padding:15px 30px;font-size:18px;border-radius:8px;\">\ud83d\uded2 Ordna l-Vignetti Ewropej kollha fuq VignetteGo<\/a><\/div>\n<\/div>\n\n<div style=\"height:25px\" aria-hidden=\"true\" class=\"wp-block-spacer\"><\/div>\n\n<h2 class=\"wp-block-heading\">\u26a0\ufe0f Regoli Importanti tal-E-Matrica<\/h2>\n\n<h3 class=\"wp-block-heading\">Perjodu ta&#8217; Validit\u00e0<\/h3>\n\n<ul class=\"wp-block-list\">\n<li><strong>10 Ijiem:<\/strong> Validu g\u0127al 10 ijiem konsekuttivi inklu\u017c il-jum tax-xiri<\/li>\n<li><strong>Kull xahar:<\/strong> Validu sa l-istess data x-xahar id-die\u0127el<\/li>\n<li><strong>Annwali:<\/strong> Valida g\u0127al sena kalendarja wa\u0127da mill-1 ta&#8217; Jannar sal-31 ta&#8217; Di\u010bembru, jew mid-data tax-xiri jekk mixtrija nofs is-sena<\/li>\n<\/ul>\n\n<h3 class=\"wp-block-heading\">Re\u0121istrazzjoni tal-Pjan\u010bi tal-Li\u010benzja<\/h3>\n\n<p>L-E-Matrica hija rre\u0121istrata e\u017catt <strong>g\u0127an-numru tal-plakka tal-li\u010benzja<\/strong> u <strong>l-kodi\u010bi tal-pajji\u017c<\/strong> tieg\u0127ek. I\u010b\u010bekkja darbtejn g\u0127al \u017cbalji tipografi\u010bi meta tixtri! L-i\u017cbalji je\u0127tie\u0121u li tixtri vignetta \u0121dida.  <\/p>\n\n<h3 class=\"wp-block-heading\">Multi g\u0127al Nuqqas ta&#8217; Konformit\u00e0<\/h3>\n\n<ul class=\"wp-block-list\">\n<li><strong>Kategorija D1 (karozzi):<\/strong> HUF 14,875 g\u0127al HUF 88,500<\/li>\n<li><strong>\u0126las fuq il-post:<\/strong> Normalment inqas jekk jit\u0127allas fi \u017cmien 60 jum<\/li>\n<li>Infurzar permezz ta&#8217; sistemi awtomati\u010bi ta&#8217; kamera (ANPR)<\/li>\n<\/ul>\n\n<h2 class=\"wp-block-heading\">\ud83d\udca1 Pariri dwar is-Sewqan fl-Ungerija g\u0127all-2026<\/h2>\n\n<h3 class=\"wp-block-heading\">Munita<\/h3>\n\n<p>L-Ungerija tu\u017ca <strong>l-Forint Ungeri\u017c (HUF).<\/strong> L-Ewro mhumiex a\u010b\u010bettati b&#8217;mod wiesa&#8217; \u0127lief f&#8217;xi stazzjonijiet tal-petrol tal-fruntiera. Il-karti ta&#8217; kreditu huma a\u010b\u010bettati kwa\u017ci kullimkien.  <\/p>\n\n<h3 class=\"wp-block-heading\">Limiti ta&#8217; Velo\u010bit\u00e0<\/h3>\n\n<ul class=\"wp-block-list\">\n<li><strong>Motorways:<\/strong> 130 km\/h<\/li>\n<li><strong>Expressways:<\/strong> 110 km\/h<\/li>\n<li><strong>Toroq prin\u010bipali:<\/strong> 90 km\/h<\/li>\n<li><strong>\u017boni urbani:<\/strong> 50 km\/h<\/li>\n<\/ul>\n\n<h3 class=\"wp-block-heading\">Tag\u0127mir Me\u0127tie\u0121<\/h3>\n\n<ul class=\"wp-block-list\">\n<li>Trijanglu ta&#8217; twissija<\/li>\n<li>Vest riflettenti<\/li>\n<li>Kit tal-Ewwel G\u0127ajnuna<\/li>\n<li><strong>Dwal ta&#8217; Fuq:<\/strong> G\u0127andu jkun fuq \u017coni mibnija barra f&#8217;kull \u0127in<\/li>\n<\/ul>\n\n<h3 class=\"wp-block-heading\">Politika ta&#8217; Tolleranza \u017bero g\u0127all-Alko\u0127ol<\/h3>\n\n<p>L-Ungerija g\u0127andha politika ta&#8217; <strong>tolleranza \u017cero<\/strong> g\u0127as-sewqan ta\u0127t l-influwenza tax-xorb. Il-limitu tal-alko\u0127ol fid-demm huwa 0.0%. Il-penali huma severi.  <\/p>\n\n<h2 class=\"wp-block-heading\" id=\"faq-section\">\u2753 Mistoqsijiet Frekwenti<\/h2>\n\n<h3 class=\"wp-block-heading\">G\u0127andi b\u017conn vignette g\u0127all-M0 ring road?<\/h3>\n\n<p>Iva, it-triq \u010birkolari M0 ta&#8217; Budapest te\u0127tie\u0121 E-Matrica valida.<\/p>\n\n<h3 class=\"wp-block-heading\">Nista&#8217; nu\u017ca l-vignetta re\u0121jonali g\u0127al Lake Balaton?<\/h3>\n\n<p>Iva, il-M7 lejn Lake Balaton hija koperta mill-E-Matrica re\u0121jonali. Madankollu, jekk tippjana li tesplora lil hinn mill-korridor prin\u010bipali tal-M7, \u0127u l-vignetta nazzjonali. <\/p>\n\n<h3 class=\"wp-block-heading\">X&#8217;ji\u0121ri jekk nikri karozza fl-Ungerija?<\/h3>\n\n<p>I\u010b\u010bekkja mal-kumpanija tal-kiri tieg\u0127ek\u2014xi w\u0127ud jinkludu l-E-Matrica, o\u0127rajn je\u0127tie\u0121uk tixtriha separatament. Ivverifika qabel tie\u0127u l-vettura. <\/p>\n\n<div style=\"height:25px\" aria-hidden=\"true\" class=\"wp-block-spacer\"><\/div>\n\n<div class=\"wp-block-buttons is-content-justification-center is-layout-flex wp-container-core-buttons-is-layout-a89b3969 wp-block-buttons-is-layout-flex\">\n<div class=\"wp-block-button\"><a class=\"wp-block-button__link wp-element-button\" href=\"https:\/\/vignettego.com\/\" style=\"background-color:#e91e63;color:#ffffff;padding:15px 30px;font-size:18px;border-radius:8px;\">\ud83d\ude97 Ikseb il-Vignettes tat-Toroq Ewropej tieg\u0127ek fuq VignetteGo \u2192<\/a><\/div>\n<\/div>\n\n<div style=\"height:25px\" aria-hidden=\"true\" class=\"wp-block-spacer\"><\/div>\n\n<h2 class=\"wp-block-heading\">\ud83c\udff0 G\u0127aliex i\u017c\u017cur l-Ungerija?<\/h2>\n\n<ul class=\"wp-block-list\">\n<li><strong>Budapest:<\/strong> Il-&#8220;Pari\u0121i tal-Lvant&#8221; b&#8217;arkitettura mill-isba\u0127<\/li>\n<li><strong>Banju Termali:<\/strong> L-Ungerija g\u0127andha aktar minn 1,000 sors s\u0127un naturali<\/li>\n<li><strong>Lag Balaton:<\/strong> L-akbar lag tal-Ewropa \u010aentrali, perfett g\u0127as-sajf<\/li>\n<li><strong>Re\u0121jun tal-Inbid ta&#8217; Tokaj:<\/strong> Inbid \u0127elu ta&#8217; Wirt Dinji tal-UNESCO<\/li>\n<li><strong>Hortobagy:<\/strong> Il-pjanuri vasti Ungeri\u017ci, ir\u0121iel tradizzjonali tal-\u0127rieqi<\/li>\n<li><strong>Eger:<\/strong> Belt storika tal-inbid, fortizza Ottomana<\/li>\n<\/ul>\n\n<h2 class=\"wp-block-heading\">\ud83d\udccd Konklu\u017cjoni<\/h2>\n\n<p>In-netwerk tal-awtostradi tal-Ungerija huwa m\u0127ares tajjeb jag\u0127milha fa\u010bli biex tesplora jew tg\u0127addi minn dan il-pajji\u017c affaxxinanti. Is-sistema E-Matrica hija sempli\u010bi\u2014ixtri online qabel il-vja\u0121\u0121 tieg\u0127ek, u gawdi sewqan ming\u0127ajr tfixkil. <\/p>\n\n<p>G\u0127al vja\u0121\u0121i bil-karozza f&#8217;diversi pajji\u017ci, g\u0127aqqad l-E-Matrica Ungeri\u017ca tieg\u0127ek ma&#8217; vignetti <a href=\"https:\/\/vignettego.com\/highway-vignette-europe\/mt\/vinjetta-awtostradi-awstrija-2026\/\">g\u0127all-Awstrija<\/a>, <a href=\"https:\/\/vignettego.com\/highway-vignette-europe\/mt\/vinjetta-awtostradi-slovakkja-2026\/\">Slovakkja<\/a>, <a href=\"https:\/\/vignettego.com\/highway-vignette-europe\/mt\/vinjetta-awtostradi-slovenja-2026\/\">Slovenja<\/a> u <a href=\"https:\/\/vignettego.com\/highway-vignette-europe\/mt\/vinjetta-awtostradi-rumanija-2026\/\">Rumanija<\/a>. \u0126u l-vinjetti kollha tieg\u0127ek f&#8217;post wie\u0127ed fuq <a href=\"https:\/\/vignettego.com\/\" title=\"VignetteGo - Vignetti tat-toroq Ewropej\">VignetteGo<\/a>. <\/p>\n\n<p><strong>Igawdi l-Ungerija! \ud83c\udded\ud83c\uddfa\ud83c\udff0 <\/strong><\/p>\n\n<p><strong>Gwidi Relatati:<\/strong> <a href=\"https:\/\/vignettego.com\/highway-vignette-europe\/mt\/vinjetta-awtostradi-awstrija-2026\/\">Austria Digital Vignette<\/a> | <a href=\"https:\/\/vignettego.com\/highway-vignette-europe\/mt\/vinjetta-awtostradi-slovakkja-2026\/\">Vinettetta tas-Slovakkja<\/a> | <a href=\"https:\/\/vignettego.com\/\">Il-Vignetti kollha Ewropej<\/a><\/p>\n","protected":false},"excerpt":{"rendered":"<p>L-Ungerija tinsab fil-qasam tal-Ewropa \u010aentrali, u g\u0127alhekk hija pajji\u017c ewlieni ta&#8217; tran\u017citu g\u0127al vja\u0121\u0121aturi li jmorru lejn il-Balkani, l-Awstrija, is-Slovakkja jew ir-Rumanija. Mill-binja kbira tal-Parlament f&#8217;Budapest sal-banjijiet termali ta&#8217; H\u00e9v\u00edz, il-pajji\u017c tal-inbid ta&#8217; Tokaj, u l-pjanuri vasti tal-Puszta, l-Ungerija toffri esperjenzi kulturali rikki. Din il-gwida tkopri kollox dwar l-E-Matrica Ungeri\u017ca (vignetta elettronika) g\u0127all-2026: prezzijiet, tipi [&hellip;]<\/p>\n","protected":false},"author":0,"featured_media":0,"parent":0,"menu_order":0,"comment_status":"closed","ping_status":"closed","template":"","meta":{"footnotes":""},"class_list":["post-1117","page","type-page","status-publish","hentry"],"_links":{"self":[{"href":"https:\/\/vignettego.com\/highway-vignette-europe\/mt\/wp-json\/wp\/v2\/pages\/1117","targetHints":{"allow":["GET"]}}],"collection":[{"href":"https:\/\/vignettego.com\/highway-vignette-europe\/mt\/wp-json\/wp\/v2\/pages"}],"about":[{"href":"https:\/\/vignettego.com\/highway-vignette-europe\/mt\/wp-json\/wp\/v2\/types\/page"}],"replies":[{"embeddable":true,"href":"https:\/\/vignettego.com\/highway-vignette-europe\/mt\/wp-json\/wp\/v2\/comments?post=1117"}],"version-history":[{"count":3,"href":"https:\/\/vignettego.com\/highway-vignette-europe\/mt\/wp-json\/wp\/v2\/pages\/1117\/revisions"}],"predecessor-version":[{"id":1425,"href":"https:\/\/vignettego.com\/highway-vignette-europe\/mt\/wp-json\/wp\/v2\/pages\/1117\/revisions\/1425"}],"wp:attachment":[{"href":"https:\/\/vignettego.com\/highway-vignette-europe\/mt\/wp-json\/wp\/v2\/media?parent=1117"}],"curies":[{"name":"wp","href":"https:\/\/api.w.org\/{rel}","templated":true}]}}